{"id":16966,"date":"2023-12-08T02:02:41","date_gmt":"2023-12-08T02:02:41","guid":{"rendered":"https:\/\/global-hookah.com\/?post_type=product&#038;p=16966"},"modified":"2024-01-12T03:51:29","modified_gmt":"2024-01-12T03:51:29","slug":"glass-blue-hookah-wholesale","status":"publish","type":"product","link":"https:\/\/global-hookah.com\/es\/producto\/glass-blue-hookah-wholesale\/","title":{"rendered":"Hookah de cristal azul al por mayor"},"content":{"rendered":"<p>Estos<strong> narguiles azul cielo<\/strong> son el pin\u00e1culo del dise\u00f1o hookah en nuestro sitio, y como uno de nuestros mayores<a href=\"https:\/\/global-hookah.com\/product-category\/wholesale-hookah\/\"> narguiles al por mayor<\/a>estos narguiles combinan una est\u00e9tica moderna con un dise\u00f1o de vanguardia<\/p>\n<p>Elaborado con vidrio de alta calidad en llamativos tonos azul oc\u00e9ano, el Ocean <strong>Hookah azul<\/strong> destaca por su aspecto \u00fanico y sus ingeniosas comodidades. Al mismo tiempo, este <strong>juego de narguile azul<\/strong> es muy f\u00e1cil de instalar, integrando perfectamente la calidad de Hookahs R Us en modernas formas de cristal. La base del narguile, el florero, el tallo descendente y la manguera est\u00e1n fabricados en vidrio de borosilicato soplado a mano para una durabilidad y resistencia al calor \u00f3ptimas.<\/p>\n<p>Con su punto m\u00e1s ancho midiendo 10 pulgadas de circunferencia, el jarr\u00f3n en forma de pera tiene una altura de unas 18 pulgadas. El volumen es lo suficientemente grande como para que el humo se acumule y enfr\u00ede antes de ser inhalado. La estrecha abertura de la parte superior del jarr\u00f3n permite que la corriente descendente se conecte de forma segura.<\/p>\n<p>El tallo descendente azul cobalto a juego tiene una forma art\u00edstica angular con una protuberancia que atrapa el hielo y un difusor de ducha en la parte inferior. Esto crea un flujo de aire suave y percolaci\u00f3n para el humo.<\/p>\n<p>Adem\u00e1s, el interior <strong>Hookah azul para principiantes<\/strong> La refrigeraci\u00f3n se controla suavemente mediante nuevos insertos de flujo de aire fr\u00edo. La purga convencional de rodamientos de bolas se sustituye por \u00e9stos, que proporcionan <a href=\"https:\/\/global-hookah.com\/how-to-make-hookah-smoke-thicker-help-you-improve-your-hookah-experience\/\">humo mejorado<\/a> y flujo de aire calibrado. Los clientes pueden adaptar la refrigeraci\u00f3n y el flujo a sus preferencias y estilo de envase seleccionando entre una variedad de insertos.<\/p>\n<p>Por \u00faltimo, el <strong>juego de narguile azul<\/strong> utiliza un soporte magn\u00e9tico para el atizador y una multiherramienta, la primera pipa de agua que cuenta con estas comodidades integradas en la base y la varilla. Este soporte magn\u00e9tico proporciona un f\u00e1cil acceso manos libres a su atizador mientras fuma y lo mantiene convenientemente a mano. La herramienta integrada permite ajustar la cazoleta y apisonar la cajetilla sobre la marcha a trav\u00e9s del puerto del fumador. Esta innovadora combinaci\u00f3n la convirti\u00f3 en su d\u00eda en una herramienta imprescindible para los entusiastas del fumado<\/p>","protected":false},"excerpt":{"rendered":"<p>Estos hookahs azul cielo son el pin\u00e1culo del dise\u00f1o hookah en nuestro sitio, y como uno de nuestros mayores mayoristas<\/p>","protected":false},"featured_media":16969,"comment_status":"open","ping_status":"closed","template":"","meta":{"iawp_total_views":4,"_joinchat":[]},"product_brand":[],"product_cat":[560,119],"product_tag":[],"class_list":{"0":"post-16966","1":"product","2":"type-product","3":"status-publish","4":"has-post-thumbnail","6":"product_cat-glass-hookah-wholesale","7":"product_cat-wholesale-hookah","9":"first","10":"instock","11":"shipping-taxable","12":"product-type-external"},"yoast_head":"<!-- This site is optimized with the Yoast SEO Premium plugin v24.7 (Yoast SEO v26.8) - https:\/\/yoast.com\/product\/yoast-seo-premium-wordpress\/ -->\n<title>Glass Blue Hookah Wholesale - Global Hookah<\/title>\n<meta name=\"robots\" content=\"index, follow, max-snippet:-1, max-image-preview:large, max-video-preview:-1\" \/>\n<link rel=\"canonical\" href=\"https:\/\/global-hookah.com\/es\/producto\/glass-blue-hookah-wholesale\/\" \/>\n<meta property=\"og:locale\" content=\"es_ES\" \/>\n<meta property=\"og:type\" content=\"article\" \/>\n<meta property=\"og:title\" content=\"Glass Blue Hookah Wholesale\" \/>\n<meta property=\"og:description\" content=\"These sky blue hookahs are the pinnacle of hookah design on our site, and as one of our largest wholesale\" \/>\n<meta property=\"og:url\" content=\"https:\/\/global-hookah.com\/es\/producto\/glass-blue-hookah-wholesale\/\" \/>\n<meta property=\"og:site_name\" content=\"Global Hookah\" \/>\n<meta property=\"article:modified_time\" content=\"2024-01-12T03:51:29+00:00\" \/>\n<meta property=\"og:image\" content=\"https:\/\/global-hookah.com\/wp-content\/uploads\/2023\/12\/O1CN01idALJr23khkDIDdug_2201231717294-0-cib.jpg\" \/>\n\t<meta property=\"og:image:width\" content=\"1920\" \/>\n\t<meta property=\"og:image:height\" content=\"1920\" \/>\n\t<meta property=\"og:image:type\" content=\"image\/jpeg\" \/>\n<meta name=\"twitter:card\" content=\"summary_large_image\" \/>\n<meta name=\"twitter:label1\" content=\"Tiempo de lectura\" \/>\n\t<meta name=\"twitter:data1\" content=\"2 minutos\" \/>\n<script type=\"application\/ld+json\" class=\"yoast-schema-graph\">{\"@context\":\"https:\/\/schema.org\",\"@graph\":[{\"@type\":\"WebPage\",\"@id\":\"https:\/\/global-hookah.com\/product\/glass-blue-hookah-wholesale\/\",\"url\":\"https:\/\/global-hookah.com\/product\/glass-blue-hookah-wholesale\/\",\"name\":\"Glass Blue Hookah Wholesale - Global Hookah\",\"isPartOf\":{\"@id\":\"https:\/\/global-hookah.com\/#website\"},\"primaryImageOfPage\":{\"@id\":\"https:\/\/global-hookah.com\/product\/glass-blue-hookah-wholesale\/#primaryimage\"},\"image\":{\"@id\":\"https:\/\/global-hookah.com\/product\/glass-blue-hookah-wholesale\/#primaryimage\"},\"thumbnailUrl\":\"https:\/\/global-hookah.com\/wp-content\/uploads\/2023\/12\/O1CN01idALJr23khkDIDdug_2201231717294-0-cib.jpg\",\"datePublished\":\"2023-12-08T02:02:41+00:00\",\"dateModified\":\"2024-01-12T03:51:29+00:00\",\"breadcrumb\":{\"@id\":\"https:\/\/global-hookah.com\/product\/glass-blue-hookah-wholesale\/#breadcrumb\"},\"inLanguage\":\"es\",\"potentialAction\":[{\"@type\":\"ReadAction\",\"target\":[\"https:\/\/global-hookah.com\/product\/glass-blue-hookah-wholesale\/\"]}]},{\"@type\":\"ImageObject\",\"inLanguage\":\"es\",\"@id\":\"https:\/\/global-hookah.com\/product\/glass-blue-hookah-wholesale\/#primaryimage\",\"url\":\"https:\/\/global-hookah.com\/wp-content\/uploads\/2023\/12\/O1CN01idALJr23khkDIDdug_2201231717294-0-cib.jpg\",\"contentUrl\":\"https:\/\/global-hookah.com\/wp-content\/uploads\/2023\/12\/O1CN01idALJr23khkDIDdug_2201231717294-0-cib.jpg\",\"width\":1920,\"height\":1920,\"caption\":\"Glass Blue Hookah Wholesale\"},{\"@type\":\"BreadcrumbList\",\"@id\":\"https:\/\/global-hookah.com\/product\/glass-blue-hookah-wholesale\/#breadcrumb\",\"itemListElement\":[{\"@type\":\"ListItem\",\"position\":1,\"name\":\"Home\",\"item\":\"https:\/\/global-hookah.com\/\"},{\"@type\":\"ListItem\",\"position\":2,\"name\":\"Shop\",\"item\":\"https:\/\/global-hookah.com\/shop\/\"},{\"@type\":\"ListItem\",\"position\":3,\"name\":\"Glass Blue Hookah Wholesale\"}]},{\"@type\":\"WebSite\",\"@id\":\"https:\/\/global-hookah.com\/#website\",\"url\":\"https:\/\/global-hookah.com\/\",\"name\":\"Global Hookah\",\"description\":\"Global Hookah\",\"publisher\":{\"@id\":\"https:\/\/global-hookah.com\/#organization\"},\"potentialAction\":[{\"@type\":\"SearchAction\",\"target\":{\"@type\":\"EntryPoint\",\"urlTemplate\":\"https:\/\/global-hookah.com\/?s={search_term_string}\"},\"query-input\":{\"@type\":\"PropertyValueSpecification\",\"valueRequired\":true,\"valueName\":\"search_term_string\"}}],\"inLanguage\":\"es\"},{\"@type\":\"Organization\",\"@id\":\"https:\/\/global-hookah.com\/#organization\",\"name\":\"Global Hookah\",\"url\":\"https:\/\/global-hookah.com\/\",\"logo\":{\"@type\":\"ImageObject\",\"inLanguage\":\"es\",\"@id\":\"https:\/\/global-hookah.com\/#\/schema\/logo\/image\/\",\"url\":\"https:\/\/global-hookah.com\/wp-content\/uploads\/2021\/10\/cropped-fgg.png\",\"contentUrl\":\"https:\/\/global-hookah.com\/wp-content\/uploads\/2021\/10\/cropped-fgg.png\",\"width\":512,\"height\":512,\"caption\":\"Global Hookah\"},\"image\":{\"@id\":\"https:\/\/global-hookah.com\/#\/schema\/logo\/image\/\"}}]}<\/script>\n<!-- \/ Yoast SEO Premium plugin. -->","yoast_head_json":{"title":"Hookah de cristal azul al por mayor - Global Hookah","robots":{"index":"index","follow":"follow","max-snippet":"max-snippet:-1","max-image-preview":"max-image-preview:large","max-video-preview":"max-video-preview:-1"},"canonical":"https:\/\/global-hookah.com\/es\/producto\/glass-blue-hookah-wholesale\/","og_locale":"es_ES","og_type":"article","og_title":"Glass Blue Hookah Wholesale","og_description":"These sky blue hookahs are the pinnacle of hookah design on our site, and as one of our largest wholesale","og_url":"https:\/\/global-hookah.com\/es\/producto\/glass-blue-hookah-wholesale\/","og_site_name":"Global Hookah","article_modified_time":"2024-01-12T03:51:29+00:00","og_image":[{"width":1920,"height":1920,"url":"https:\/\/global-hookah.com\/wp-content\/uploads\/2023\/12\/O1CN01idALJr23khkDIDdug_2201231717294-0-cib.jpg","type":"image\/jpeg"}],"twitter_card":"summary_large_image","twitter_misc":{"Tiempo de lectura":"2 minutos"},"schema":{"@context":"https:\/\/schema.org","@graph":[{"@type":"WebPage","@id":"https:\/\/global-hookah.com\/product\/glass-blue-hookah-wholesale\/","url":"https:\/\/global-hookah.com\/product\/glass-blue-hookah-wholesale\/","name":"Hookah de cristal azul al por mayor - Global Hookah","isPartOf":{"@id":"https:\/\/global-hookah.com\/#website"},"primaryImageOfPage":{"@id":"https:\/\/global-hookah.com\/product\/glass-blue-hookah-wholesale\/#primaryimage"},"image":{"@id":"https:\/\/global-hookah.com\/product\/glass-blue-hookah-wholesale\/#primaryimage"},"thumbnailUrl":"https:\/\/global-hookah.com\/wp-content\/uploads\/2023\/12\/O1CN01idALJr23khkDIDdug_2201231717294-0-cib.jpg","datePublished":"2023-12-08T02:02:41+00:00","dateModified":"2024-01-12T03:51:29+00:00","breadcrumb":{"@id":"https:\/\/global-hookah.com\/product\/glass-blue-hookah-wholesale\/#breadcrumb"},"inLanguage":"es","potentialAction":[{"@type":"ReadAction","target":["https:\/\/global-hookah.com\/product\/glass-blue-hookah-wholesale\/"]}]},{"@type":"ImageObject","inLanguage":"es","@id":"https:\/\/global-hookah.com\/product\/glass-blue-hookah-wholesale\/#primaryimage","url":"https:\/\/global-hookah.com\/wp-content\/uploads\/2023\/12\/O1CN01idALJr23khkDIDdug_2201231717294-0-cib.jpg","contentUrl":"https:\/\/global-hookah.com\/wp-content\/uploads\/2023\/12\/O1CN01idALJr23khkDIDdug_2201231717294-0-cib.jpg","width":1920,"height":1920,"caption":"Glass Blue Hookah Wholesale"},{"@type":"BreadcrumbList","@id":"https:\/\/global-hookah.com\/product\/glass-blue-hookah-wholesale\/#breadcrumb","itemListElement":[{"@type":"ListItem","position":1,"name":"Home","item":"https:\/\/global-hookah.com\/"},{"@type":"ListItem","position":2,"name":"Shop","item":"https:\/\/global-hookah.com\/shop\/"},{"@type":"ListItem","position":3,"name":"Glass Blue Hookah Wholesale"}]},{"@type":"WebSite","@id":"https:\/\/global-hookah.com\/#website","url":"https:\/\/global-hookah.com\/","name":"Global Hookah","description":"Global Hookah","publisher":{"@id":"https:\/\/global-hookah.com\/#organization"},"potentialAction":[{"@type":"SearchAction","target":{"@type":"EntryPoint","urlTemplate":"https:\/\/global-hookah.com\/?s={search_term_string}"},"query-input":{"@type":"PropertyValueSpecification","valueRequired":true,"valueName":"search_term_string"}}],"inLanguage":"es"},{"@type":"Organization","@id":"https:\/\/global-hookah.com\/#organization","name":"Global Hookah","url":"https:\/\/global-hookah.com\/","logo":{"@type":"ImageObject","inLanguage":"es","@id":"https:\/\/global-hookah.com\/#\/schema\/logo\/image\/","url":"https:\/\/global-hookah.com\/wp-content\/uploads\/2021\/10\/cropped-fgg.png","contentUrl":"https:\/\/global-hookah.com\/wp-content\/uploads\/2021\/10\/cropped-fgg.png","width":512,"height":512,"caption":"Global Hookah"},"image":{"@id":"https:\/\/global-hookah.com\/#\/schema\/logo\/image\/"}}]}},"_links":{"self":[{"href":"https:\/\/global-hookah.com\/es\/wp-json\/wp\/v2\/product\/16966","targetHints":{"allow":["GET"]}}],"collection":[{"href":"https:\/\/global-hookah.com\/es\/wp-json\/wp\/v2\/product"}],"about":[{"href":"https:\/\/global-hookah.com\/es\/wp-json\/wp\/v2\/types\/product"}],"replies":[{"embeddable":true,"href":"https:\/\/global-hookah.com\/es\/wp-json\/wp\/v2\/comments?post=16966"}],"version-history":[{"count":0,"href":"https:\/\/global-hookah.com\/es\/wp-json\/wp\/v2\/product\/16966\/revisions"}],"wp:featuredmedia":[{"embeddable":true,"href":"https:\/\/global-hookah.com\/es\/wp-json\/wp\/v2\/media\/16969"}],"wp:attachment":[{"href":"https:\/\/global-hookah.com\/es\/wp-json\/wp\/v2\/media?parent=16966"}],"wp:term":[{"taxonomy":"product_brand","embeddable":true,"href":"https:\/\/global-hookah.com\/es\/wp-json\/wp\/v2\/product_brand?post=16966"},{"taxonomy":"product_cat","embeddable":true,"href":"https:\/\/global-hookah.com\/es\/wp-json\/wp\/v2\/product_cat?post=16966"},{"taxonomy":"product_tag","embeddable":true,"href":"https:\/\/global-hookah.com\/es\/wp-json\/wp\/v2\/product_tag?post=16966"}],"curies":[{"name":"wp","href":"https:\/\/api.w.org\/{rel}","templated":true}]}}