{"id":16976,"date":"2023-12-08T02:13:48","date_gmt":"2023-12-08T02:13:48","guid":{"rendered":"https:\/\/global-hookah.com\/?post_type=product&#038;p=16976"},"modified":"2024-01-12T07:48:34","modified_gmt":"2024-01-12T07:48:34","slug":"portable-car-hookah-wholesale","status":"publish","type":"product","link":"https:\/\/global-hookah.com\/es\/producto\/portable-car-hookah-wholesale\/","title":{"rendered":"Hookah port\u00e1til para coche al por mayor"},"content":{"rendered":"<p>El compa\u00f1ero perfecto para viajes tranquilos, un<strong> narguile port\u00e1til para coche<\/strong> le permite disfrutar de sus sabores preferidos de narguile mientras viaja. Dise\u00f1ado desde cero para facilitar su uso en el coche, estas pipas de narguile para el coche puede ayudarle a fumar sobre la marcha. narguile sin causar ning\u00fan problema.<\/p>\n<p>En el n\u00facleo del <strong>narguile port\u00e1til para coche<\/strong> es un compacto, <strong>pipa hookah de viaje<\/strong> y base que ocupa un espacio m\u00ednimo. Basta con a\u00f1adir agua a la base y conectarla a la pipa. Con una forma \u00fanica que encaja perfectamente en el portavasos de su coche, la base estable le permite fumar mientras conduce de forma segura. La pipa hookah se conecta a tubos que van a boquillas desechables, lo que facilita al conductor y a los pasajeros extraer el sabroso humo de la hookah.<\/p>\n<p>Cuando quiera fumar en su coche, el <strong>Mini narguile port\u00e1til para coche<\/strong> es r\u00e1pido y f\u00e1cil de montar. Todas las piezas se encajan de forma segura con un simple giro. No se necesitan herramientas ni montajes complicados. Simplemente conecte el jarr\u00f3n, a\u00f1ada agua, conecte la manguera y la bandeja de carb\u00f3n, y estar\u00e1 disfrutando de un narguile suave en cuesti\u00f3n de minutos.<\/p>\n<p>Para mayor comodidad, nuestro <strong>narguile port\u00e1til para coche<\/strong> viene con todos los accesorios esenciales que necesita para empezar nada m\u00e1s sacarlo de la caja. Esto incluye una manguera, boquilla, quemador de bobina, Quer\u00edamos proporcionar todo lo necesario para que los principiantes hookah pueden utilizar f\u00e1cilmente y disfrutar del producto.<\/p>\n<p>Dise\u00f1o y especificaciones<\/p>\n<p>Nuestra <strong>Hookah para coche<\/strong> est\u00e1 fabricada con materiales de alta calidad para ofrecer la m\u00e1xima durabilidad en cualquier lugar. La parte principal <strong>Narguile en el coche<\/strong> El cuerpo est\u00e1 fabricado en acero inoxidable 304 con un elegante acabado de metal cepillado hecho para durar.<\/p>\n<p>Como distribuidores mayoristas directos de <a href=\"https:\/\/global-hookah.com\/product-category\/wholesale-hookah\/\">fabricantes de narguile<\/a>podemos ofrecer los precios al por mayor m\u00e1s competitivos del mercado. Cuanto mayor sea el pedido, mejor descuento podremos ofrecerle. Tanto si compra para reventa como para uso personal, puede obtener <strong>narguiles portatiles para coche de alta calidad al por mayor<\/strong> precios.<\/p>\n<p>Caracter\u00edsticas:<br \/>\nMaterial: Acero inoxidable<br \/>\n- Dimensiones - 28 cm\" de alto x 6,8 cm\" de di\u00e1metro<br \/>\n- Peso - 3 lbs<br \/>\n- Manguera: tubo de pl\u00e1stico reforzado de 1,5 m<br \/>\n- Base - Amplia base de acero lastrada para mayor estabilidad<br \/>\n- Boquillas - 2 puntas de pl\u00e1stico desechables incluidas<\/p>","protected":false},"excerpt":{"rendered":"<p>El compa\u00f1ero perfecto para los viajes de ocio, un narguile de coche port\u00e1til le permite disfrutar de sus sabores preferidos de narguile, mientras que en<\/p>","protected":false},"featured_media":16978,"comment_status":"open","ping_status":"closed","template":"","meta":{"iawp_total_views":20,"_joinchat":[]},"product_brand":[],"product_cat":[559,119],"product_tag":[],"class_list":{"0":"post-16976","1":"product","2":"type-product","3":"status-publish","4":"has-post-thumbnail","6":"product_cat-portable-hookah-wholesale","7":"product_cat-wholesale-hookah","9":"first","10":"instock","11":"shipping-taxable","12":"product-type-external"},"yoast_head":"<!-- This site is optimized with the Yoast SEO Premium plugin v24.7 (Yoast SEO v26.8) - https:\/\/yoast.com\/product\/yoast-seo-premium-wordpress\/ -->\n<title>Portable Car Hookah Wholesale - Global Hookah<\/title>\n<meta name=\"robots\" content=\"index, follow, max-snippet:-1, max-image-preview:large, max-video-preview:-1\" \/>\n<link rel=\"canonical\" href=\"https:\/\/global-hookah.com\/es\/ru\/\u043f\u0440\u043e\u0434\u0443\u043a\u0442\/\u043f\u043e\u0440\u0442\u0430\u0442\u0438\u0432\u043d\u044b\u0439-\u0430\u0432\u0442\u043e\u043c\u043e\u0431\u0438\u043b\u044c\u043d\u044b\u0439-\u043a\u0430\u043b\u044c\u044f\u043d-\u043e\u043f\/\" \/>\n<meta property=\"og:locale\" content=\"es_ES\" \/>\n<meta property=\"og:type\" content=\"article\" \/>\n<meta property=\"og:title\" content=\"Portable Car Hookah Wholesale\" \/>\n<meta property=\"og:description\" content=\"The perfect companion for leisurely drives, a portable car hookah allows you to enjoy your preferred hookah flavors while on\" \/>\n<meta property=\"og:url\" content=\"https:\/\/global-hookah.com\/es\/ru\/\u043f\u0440\u043e\u0434\u0443\u043a\u0442\/\u043f\u043e\u0440\u0442\u0430\u0442\u0438\u0432\u043d\u044b\u0439-\u0430\u0432\u0442\u043e\u043c\u043e\u0431\u0438\u043b\u044c\u043d\u044b\u0439-\u043a\u0430\u043b\u044c\u044f\u043d-\u043e\u043f\/\" \/>\n<meta property=\"og:site_name\" content=\"Global Hookah\" \/>\n<meta property=\"article:modified_time\" content=\"2024-01-12T07:48:34+00:00\" \/>\n<meta property=\"og:image\" content=\"https:\/\/global-hookah.com\/wp-content\/uploads\/2023\/12\/O1CN01BUvF8H24LLS0WhRsP_2216207697374-0-cib.jpg\" \/>\n\t<meta property=\"og:image:width\" content=\"800\" \/>\n\t<meta property=\"og:image:height\" content=\"800\" \/>\n\t<meta property=\"og:image:type\" content=\"image\/jpeg\" \/>\n<meta name=\"twitter:card\" content=\"summary_large_image\" \/>\n<meta name=\"twitter:label1\" content=\"Tiempo de lectura\" \/>\n\t<meta name=\"twitter:data1\" content=\"2 minutos\" \/>\n<script type=\"application\/ld+json\" class=\"yoast-schema-graph\">{\"@context\":\"https:\/\/schema.org\",\"@graph\":[{\"@type\":\"WebPage\",\"@id\":\"https:\/\/global-hookah.com\/ru\/\u043f\u0440\u043e\u0434\u0443\u043a\u0442\/%d0%bf%d0%be%d1%80%d1%82%d0%b0%d1%82%d0%b8%d0%b2%d0%bd%d1%8b%d0%b9-%d0%b0%d0%b2%d1%82%d0%be%d0%bc%d0%be%d0%b1%d0%b8%d0%bb%d1%8c%d0%bd%d1%8b%d0%b9-%d0%ba%d0%b0%d0%bb%d1%8c%d1%8f%d0%bd-%d0%be%d0%bf\/\",\"url\":\"https:\/\/global-hookah.com\/ru\/\u043f\u0440\u043e\u0434\u0443\u043a\u0442\/%d0%bf%d0%be%d1%80%d1%82%d0%b0%d1%82%d0%b8%d0%b2%d0%bd%d1%8b%d0%b9-%d0%b0%d0%b2%d1%82%d0%be%d0%bc%d0%be%d0%b1%d0%b8%d0%bb%d1%8c%d0%bd%d1%8b%d0%b9-%d0%ba%d0%b0%d0%bb%d1%8c%d1%8f%d0%bd-%d0%be%d0%bf\/\",\"name\":\"Portable Car Hookah Wholesale - Global Hookah\",\"isPartOf\":{\"@id\":\"https:\/\/global-hookah.com\/#website\"},\"primaryImageOfPage\":{\"@id\":\"https:\/\/global-hookah.com\/ru\/\u043f\u0440\u043e\u0434\u0443\u043a\u0442\/%d0%bf%d0%be%d1%80%d1%82%d0%b0%d1%82%d0%b8%d0%b2%d0%bd%d1%8b%d0%b9-%d0%b0%d0%b2%d1%82%d0%be%d0%bc%d0%be%d0%b1%d0%b8%d0%bb%d1%8c%d0%bd%d1%8b%d0%b9-%d0%ba%d0%b0%d0%bb%d1%8c%d1%8f%d0%bd-%d0%be%d0%bf\/#primaryimage\"},\"image\":{\"@id\":\"https:\/\/global-hookah.com\/ru\/\u043f\u0440\u043e\u0434\u0443\u043a\u0442\/%d0%bf%d0%be%d1%80%d1%82%d0%b0%d1%82%d0%b8%d0%b2%d0%bd%d1%8b%d0%b9-%d0%b0%d0%b2%d1%82%d0%be%d0%bc%d0%be%d0%b1%d0%b8%d0%bb%d1%8c%d0%bd%d1%8b%d0%b9-%d0%ba%d0%b0%d0%bb%d1%8c%d1%8f%d0%bd-%d0%be%d0%bf\/#primaryimage\"},\"thumbnailUrl\":\"https:\/\/global-hookah.com\/wp-content\/uploads\/2023\/12\/O1CN01BUvF8H24LLS0WhRsP_2216207697374-0-cib.jpg\",\"datePublished\":\"2023-12-08T02:13:48+00:00\",\"dateModified\":\"2024-01-12T07:48:34+00:00\",\"breadcrumb\":{\"@id\":\"https:\/\/global-hookah.com\/ru\/\u043f\u0440\u043e\u0434\u0443\u043a\u0442\/%d0%bf%d0%be%d1%80%d1%82%d0%b0%d1%82%d0%b8%d0%b2%d0%bd%d1%8b%d0%b9-%d0%b0%d0%b2%d1%82%d0%be%d0%bc%d0%be%d0%b1%d0%b8%d0%bb%d1%8c%d0%bd%d1%8b%d0%b9-%d0%ba%d0%b0%d0%bb%d1%8c%d1%8f%d0%bd-%d0%be%d0%bf\/#breadcrumb\"},\"inLanguage\":\"es\",\"potentialAction\":[{\"@type\":\"ReadAction\",\"target\":[\"https:\/\/global-hookah.com\/ru\/\u043f\u0440\u043e\u0434\u0443\u043a\u0442\/%d0%bf%d0%be%d1%80%d1%82%d0%b0%d1%82%d0%b8%d0%b2%d0%bd%d1%8b%d0%b9-%d0%b0%d0%b2%d1%82%d0%be%d0%bc%d0%be%d0%b1%d0%b8%d0%bb%d1%8c%d0%bd%d1%8b%d0%b9-%d0%ba%d0%b0%d0%bb%d1%8c%d1%8f%d0%bd-%d0%be%d0%bf\/\"]}]},{\"@type\":\"ImageObject\",\"inLanguage\":\"es\",\"@id\":\"https:\/\/global-hookah.com\/ru\/\u043f\u0440\u043e\u0434\u0443\u043a\u0442\/%d0%bf%d0%be%d1%80%d1%82%d0%b0%d1%82%d0%b8%d0%b2%d0%bd%d1%8b%d0%b9-%d0%b0%d0%b2%d1%82%d0%be%d0%bc%d0%be%d0%b1%d0%b8%d0%bb%d1%8c%d0%bd%d1%8b%d0%b9-%d0%ba%d0%b0%d0%bb%d1%8c%d1%8f%d0%bd-%d0%be%d0%bf\/#primaryimage\",\"url\":\"https:\/\/global-hookah.com\/wp-content\/uploads\/2023\/12\/O1CN01BUvF8H24LLS0WhRsP_2216207697374-0-cib.jpg\",\"contentUrl\":\"https:\/\/global-hookah.com\/wp-content\/uploads\/2023\/12\/O1CN01BUvF8H24LLS0WhRsP_2216207697374-0-cib.jpg\",\"width\":800,\"height\":800,\"caption\":\"Portable Car Hookah Wholesale\"},{\"@type\":\"BreadcrumbList\",\"@id\":\"https:\/\/global-hookah.com\/ru\/\u043f\u0440\u043e\u0434\u0443\u043a\u0442\/%d0%bf%d0%be%d1%80%d1%82%d0%b0%d1%82%d0%b8%d0%b2%d0%bd%d1%8b%d0%b9-%d0%b0%d0%b2%d1%82%d0%be%d0%bc%d0%be%d0%b1%d0%b8%d0%bb%d1%8c%d0%bd%d1%8b%d0%b9-%d0%ba%d0%b0%d0%bb%d1%8c%d1%8f%d0%bd-%d0%be%d0%bf\/#breadcrumb\",\"itemListElement\":[{\"@type\":\"ListItem\",\"position\":1,\"name\":\"Home\",\"item\":\"https:\/\/global-hookah.com\/\"},{\"@type\":\"ListItem\",\"position\":2,\"name\":\"Shop\",\"item\":\"https:\/\/global-hookah.com\/shop\/\"},{\"@type\":\"ListItem\",\"position\":3,\"name\":\"Portable Car Hookah Wholesale\"}]},{\"@type\":\"WebSite\",\"@id\":\"https:\/\/global-hookah.com\/#website\",\"url\":\"https:\/\/global-hookah.com\/\",\"name\":\"Global Hookah\",\"description\":\"Global Hookah\",\"publisher\":{\"@id\":\"https:\/\/global-hookah.com\/#organization\"},\"potentialAction\":[{\"@type\":\"SearchAction\",\"target\":{\"@type\":\"EntryPoint\",\"urlTemplate\":\"https:\/\/global-hookah.com\/?s={search_term_string}\"},\"query-input\":{\"@type\":\"PropertyValueSpecification\",\"valueRequired\":true,\"valueName\":\"search_term_string\"}}],\"inLanguage\":\"es\"},{\"@type\":\"Organization\",\"@id\":\"https:\/\/global-hookah.com\/#organization\",\"name\":\"Global Hookah\",\"url\":\"https:\/\/global-hookah.com\/\",\"logo\":{\"@type\":\"ImageObject\",\"inLanguage\":\"es\",\"@id\":\"https:\/\/global-hookah.com\/#\/schema\/logo\/image\/\",\"url\":\"https:\/\/global-hookah.com\/wp-content\/uploads\/2021\/10\/cropped-fgg.png\",\"contentUrl\":\"https:\/\/global-hookah.com\/wp-content\/uploads\/2021\/10\/cropped-fgg.png\",\"width\":512,\"height\":512,\"caption\":\"Global Hookah\"},\"image\":{\"@id\":\"https:\/\/global-hookah.com\/#\/schema\/logo\/image\/\"}}]}<\/script>\n<!-- \/ Yoast SEO Premium plugin. -->","yoast_head_json":{"title":"Hookah port\u00e1til para coche al por mayor - Global Hookah","robots":{"index":"index","follow":"follow","max-snippet":"max-snippet:-1","max-image-preview":"max-image-preview:large","max-video-preview":"max-video-preview:-1"},"canonical":"https:\/\/global-hookah.com\/es\/ru\/\u043f\u0440\u043e\u0434\u0443\u043a\u0442\/\u043f\u043e\u0440\u0442\u0430\u0442\u0438\u0432\u043d\u044b\u0439-\u0430\u0432\u0442\u043e\u043c\u043e\u0431\u0438\u043b\u044c\u043d\u044b\u0439-\u043a\u0430\u043b\u044c\u044f\u043d-\u043e\u043f\/","og_locale":"es_ES","og_type":"article","og_title":"Portable Car Hookah Wholesale","og_description":"The perfect companion for leisurely drives, a portable car hookah allows you to enjoy your preferred hookah flavors while on","og_url":"https:\/\/global-hookah.com\/es\/ru\/\u043f\u0440\u043e\u0434\u0443\u043a\u0442\/\u043f\u043e\u0440\u0442\u0430\u0442\u0438\u0432\u043d\u044b\u0439-\u0430\u0432\u0442\u043e\u043c\u043e\u0431\u0438\u043b\u044c\u043d\u044b\u0439-\u043a\u0430\u043b\u044c\u044f\u043d-\u043e\u043f\/","og_site_name":"Global Hookah","article_modified_time":"2024-01-12T07:48:34+00:00","og_image":[{"width":800,"height":800,"url":"https:\/\/global-hookah.com\/wp-content\/uploads\/2023\/12\/O1CN01BUvF8H24LLS0WhRsP_2216207697374-0-cib.jpg","type":"image\/jpeg"}],"twitter_card":"summary_large_image","twitter_misc":{"Tiempo de lectura":"2 minutos"},"schema":{"@context":"https:\/\/schema.org","@graph":[{"@type":"WebPage","@id":"https:\/\/global-hookah.com\/ru\/\u043f\u0440\u043e\u0434\u0443\u043a\u0442\/%d0%bf%d0%be%d1%80%d1%82%d0%b0%d1%82%d0%b8%d0%b2%d0%bd%d1%8b%d0%b9-%d0%b0%d0%b2%d1%82%d0%be%d0%bc%d0%be%d0%b1%d0%b8%d0%bb%d1%8c%d0%bd%d1%8b%d0%b9-%d0%ba%d0%b0%d0%bb%d1%8c%d1%8f%d0%bd-%d0%be%d0%bf\/","url":"https:\/\/global-hookah.com\/ru\/\u043f\u0440\u043e\u0434\u0443\u043a\u0442\/%d0%bf%d0%be%d1%80%d1%82%d0%b0%d1%82%d0%b8%d0%b2%d0%bd%d1%8b%d0%b9-%d0%b0%d0%b2%d1%82%d0%be%d0%bc%d0%be%d0%b1%d0%b8%d0%bb%d1%8c%d0%bd%d1%8b%d0%b9-%d0%ba%d0%b0%d0%bb%d1%8c%d1%8f%d0%bd-%d0%be%d0%bf\/","name":"Hookah port\u00e1til para coche al por mayor - Global Hookah","isPartOf":{"@id":"https:\/\/global-hookah.com\/#website"},"primaryImageOfPage":{"@id":"https:\/\/global-hookah.com\/ru\/\u043f\u0440\u043e\u0434\u0443\u043a\u0442\/%d0%bf%d0%be%d1%80%d1%82%d0%b0%d1%82%d0%b8%d0%b2%d0%bd%d1%8b%d0%b9-%d0%b0%d0%b2%d1%82%d0%be%d0%bc%d0%be%d0%b1%d0%b8%d0%bb%d1%8c%d0%bd%d1%8b%d0%b9-%d0%ba%d0%b0%d0%bb%d1%8c%d1%8f%d0%bd-%d0%be%d0%bf\/#primaryimage"},"image":{"@id":"https:\/\/global-hookah.com\/ru\/\u043f\u0440\u043e\u0434\u0443\u043a\u0442\/%d0%bf%d0%be%d1%80%d1%82%d0%b0%d1%82%d0%b8%d0%b2%d0%bd%d1%8b%d0%b9-%d0%b0%d0%b2%d1%82%d0%be%d0%bc%d0%be%d0%b1%d0%b8%d0%bb%d1%8c%d0%bd%d1%8b%d0%b9-%d0%ba%d0%b0%d0%bb%d1%8c%d1%8f%d0%bd-%d0%be%d0%bf\/#primaryimage"},"thumbnailUrl":"https:\/\/global-hookah.com\/wp-content\/uploads\/2023\/12\/O1CN01BUvF8H24LLS0WhRsP_2216207697374-0-cib.jpg","datePublished":"2023-12-08T02:13:48+00:00","dateModified":"2024-01-12T07:48:34+00:00","breadcrumb":{"@id":"https:\/\/global-hookah.com\/ru\/\u043f\u0440\u043e\u0434\u0443\u043a\u0442\/%d0%bf%d0%be%d1%80%d1%82%d0%b0%d1%82%d0%b8%d0%b2%d0%bd%d1%8b%d0%b9-%d0%b0%d0%b2%d1%82%d0%be%d0%bc%d0%be%d0%b1%d0%b8%d0%bb%d1%8c%d0%bd%d1%8b%d0%b9-%d0%ba%d0%b0%d0%bb%d1%8c%d1%8f%d0%bd-%d0%be%d0%bf\/#breadcrumb"},"inLanguage":"es","potentialAction":[{"@type":"ReadAction","target":["https:\/\/global-hookah.com\/ru\/\u043f\u0440\u043e\u0434\u0443\u043a\u0442\/%d0%bf%d0%be%d1%80%d1%82%d0%b0%d1%82%d0%b8%d0%b2%d0%bd%d1%8b%d0%b9-%d0%b0%d0%b2%d1%82%d0%be%d0%bc%d0%be%d0%b1%d0%b8%d0%bb%d1%8c%d0%bd%d1%8b%d0%b9-%d0%ba%d0%b0%d0%bb%d1%8c%d1%8f%d0%bd-%d0%be%d0%bf\/"]}]},{"@type":"ImageObject","inLanguage":"es","@id":"https:\/\/global-hookah.com\/ru\/\u043f\u0440\u043e\u0434\u0443\u043a\u0442\/%d0%bf%d0%be%d1%80%d1%82%d0%b0%d1%82%d0%b8%d0%b2%d0%bd%d1%8b%d0%b9-%d0%b0%d0%b2%d1%82%d0%be%d0%bc%d0%be%d0%b1%d0%b8%d0%bb%d1%8c%d0%bd%d1%8b%d0%b9-%d0%ba%d0%b0%d0%bb%d1%8c%d1%8f%d0%bd-%d0%be%d0%bf\/#primaryimage","url":"https:\/\/global-hookah.com\/wp-content\/uploads\/2023\/12\/O1CN01BUvF8H24LLS0WhRsP_2216207697374-0-cib.jpg","contentUrl":"https:\/\/global-hookah.com\/wp-content\/uploads\/2023\/12\/O1CN01BUvF8H24LLS0WhRsP_2216207697374-0-cib.jpg","width":800,"height":800,"caption":"Portable Car Hookah Wholesale"},{"@type":"BreadcrumbList","@id":"https:\/\/global-hookah.com\/ru\/\u043f\u0440\u043e\u0434\u0443\u043a\u0442\/%d0%bf%d0%be%d1%80%d1%82%d0%b0%d1%82%d0%b8%d0%b2%d0%bd%d1%8b%d0%b9-%d0%b0%d0%b2%d1%82%d0%be%d0%bc%d0%be%d0%b1%d0%b8%d0%bb%d1%8c%d0%bd%d1%8b%d0%b9-%d0%ba%d0%b0%d0%bb%d1%8c%d1%8f%d0%bd-%d0%be%d0%bf\/#breadcrumb","itemListElement":[{"@type":"ListItem","position":1,"name":"Home","item":"https:\/\/global-hookah.com\/"},{"@type":"ListItem","position":2,"name":"Shop","item":"https:\/\/global-hookah.com\/shop\/"},{"@type":"ListItem","position":3,"name":"Portable Car Hookah Wholesale"}]},{"@type":"WebSite","@id":"https:\/\/global-hookah.com\/#website","url":"https:\/\/global-hookah.com\/","name":"Global Hookah","description":"Global Hookah","publisher":{"@id":"https:\/\/global-hookah.com\/#organization"},"potentialAction":[{"@type":"SearchAction","target":{"@type":"EntryPoint","urlTemplate":"https:\/\/global-hookah.com\/?s={search_term_string}"},"query-input":{"@type":"PropertyValueSpecification","valueRequired":true,"valueName":"search_term_string"}}],"inLanguage":"es"},{"@type":"Organization","@id":"https:\/\/global-hookah.com\/#organization","name":"Global Hookah","url":"https:\/\/global-hookah.com\/","logo":{"@type":"ImageObject","inLanguage":"es","@id":"https:\/\/global-hookah.com\/#\/schema\/logo\/image\/","url":"https:\/\/global-hookah.com\/wp-content\/uploads\/2021\/10\/cropped-fgg.png","contentUrl":"https:\/\/global-hookah.com\/wp-content\/uploads\/2021\/10\/cropped-fgg.png","width":512,"height":512,"caption":"Global Hookah"},"image":{"@id":"https:\/\/global-hookah.com\/#\/schema\/logo\/image\/"}}]}},"_links":{"self":[{"href":"https:\/\/global-hookah.com\/es\/wp-json\/wp\/v2\/product\/16976","targetHints":{"allow":["GET"]}}],"collection":[{"href":"https:\/\/global-hookah.com\/es\/wp-json\/wp\/v2\/product"}],"about":[{"href":"https:\/\/global-hookah.com\/es\/wp-json\/wp\/v2\/types\/product"}],"replies":[{"embeddable":true,"href":"https:\/\/global-hookah.com\/es\/wp-json\/wp\/v2\/comments?post=16976"}],"version-history":[{"count":0,"href":"https:\/\/global-hookah.com\/es\/wp-json\/wp\/v2\/product\/16976\/revisions"}],"wp:featuredmedia":[{"embeddable":true,"href":"https:\/\/global-hookah.com\/es\/wp-json\/wp\/v2\/media\/16978"}],"wp:attachment":[{"href":"https:\/\/global-hookah.com\/es\/wp-json\/wp\/v2\/media?parent=16976"}],"wp:term":[{"taxonomy":"product_brand","embeddable":true,"href":"https:\/\/global-hookah.com\/es\/wp-json\/wp\/v2\/product_brand?post=16976"},{"taxonomy":"product_cat","embeddable":true,"href":"https:\/\/global-hookah.com\/es\/wp-json\/wp\/v2\/product_cat?post=16976"},{"taxonomy":"product_tag","embeddable":true,"href":"https:\/\/global-hookah.com\/es\/wp-json\/wp\/v2\/product_tag?post=16976"}],"curies":[{"name":"wp","href":"https:\/\/api.w.org\/{rel}","templated":true}]}}