{"id":17278,"date":"2023-12-16T06:13:13","date_gmt":"2023-12-16T06:13:13","guid":{"rendered":"https:\/\/global-hookah.com\/?post_type=product&#038;p=17278"},"modified":"2023-12-27T08:53:02","modified_gmt":"2023-12-27T08:53:02","slug":"middle-eastern-style-four-pipe-aluminum-alloy-hookah-wholesale","status":"publish","type":"product","link":"https:\/\/global-hookah.com\/es\/producto\/middle-eastern-style-four-pipe-aluminum-alloy-hookah-wholesale\/","title":{"rendered":"Hookah de aleaci\u00f3n de aluminio de cuatro tubos estilo Oriente Medio al por mayor"},"content":{"rendered":"<p>Este <strong>Hookah de aleaci\u00f3n de aluminio de cuatro mangueras<\/strong> pueden utilizarse simult\u00e1neamente. Cada v\u00e1lvula lleva incorporado un tap\u00f3n respiradero con rodamiento de bolas. La v\u00e1lvula de la manguera se cerrar\u00e1 autom\u00e1ticamente cuando no est\u00e9 en uso. Este dise\u00f1o le permite utilizar su narguile de forma m\u00e1s personalizada sin ninguna molestia. no requiere ning\u00fan adaptador<\/p>\n<p>Al mismo tiempo, <strong>narguile con varias mangueras<\/strong> tiene un dise\u00f1o moderno y sencillo de estilo de Oriente Medio, y el cuerpo principal es de aleaci\u00f3n de aluminio macizo para garantizar que no se deforme tras un uso prolongado.<\/p>\n<p>Y esto<strong> Hookah de aleaci\u00f3n de aluminio de cuatro mangueras<\/strong> es muy f\u00e1cil de limpiar. Cuando se limpia despu\u00e9s de cada uso, puede ayudarle a cambiar a diferentes sabores hookah.<\/p>\n<p>Tanto si se utiliza en casa como de viaje, este <strong>4 mangueras hooka<\/strong>h se puede transportar perfectamente. S\u00f3lo tienes que meterla en la bolsa protectora y podr\u00e1s salir a fumar f\u00e1cilmente con tus amigos. Si el humo es demasiado escaso, puedes a\u00f1adir m\u00e1s carb\u00f3n o colocar una tapa en la rejilla para el carb\u00f3n, lo que resulta perfecto para disfrutar de una experiencia de shisha perfecta con los amigos.<\/p>\n<p>Este producto contiene:<br \/>\n1 cazoleta de silicona, 1 adaptador para colillas, 1 bandeja redonda de acero inoxidable, 1 eje superior, 2 conectores, 1 eje inferior, 1 silenciador, 2 mangueras de cuero, 2 arandelas de silicona, 1 pipa de agua, 1 par de pinzas para carb\u00f3n, 1 bolsa de viaje .<\/p>\n<p>Si no encuentra el <a href=\"https:\/\/global-hookah.com\/product-category\/wholesale-hookah\/\">pipa hookah que necesitas vender al por mayor<\/a>Tambi\u00e9n puede marcar nuestro sitio web y mirar hacia adelante a m\u00e1s estilos de pipa de agua de nosotros.<\/p>","protected":false},"excerpt":{"rendered":"<p>Este Hookah de aleaci\u00f3n de aluminio de cuatro mangueras se puede utilizar simult\u00e1neamente. Cada v\u00e1lvula tiene incorporado un tap\u00f3n respiradero con rodamiento de bolas. La v\u00e1lvula de la manguera<\/p>","protected":false},"featured_media":17280,"comment_status":"open","ping_status":"closed","template":"","meta":{"iawp_total_views":0,"_joinchat":[]},"product_brand":[],"product_cat":[119],"product_tag":[],"class_list":{"0":"post-17278","1":"product","2":"type-product","3":"status-publish","4":"has-post-thumbnail","6":"product_cat-wholesale-hookah","8":"first","9":"instock","10":"shipping-taxable","11":"product-type-external"},"yoast_head":"<!-- This site is optimized with the Yoast SEO Premium plugin v24.7 (Yoast SEO v26.8) - https:\/\/yoast.com\/product\/yoast-seo-premium-wordpress\/ -->\n<title>Middle Eastern Style Four-Pipe Aluminum Alloy Hookah Wholesale - Global Hookah<\/title>\n<meta name=\"robots\" content=\"index, follow, max-snippet:-1, max-image-preview:large, max-video-preview:-1\" \/>\n<link rel=\"canonical\" href=\"https:\/\/global-hookah.com\/es\/producto\/middle-eastern-style-four-pipe-aluminum-alloy-hookah-wholesale\/\" \/>\n<meta property=\"og:locale\" content=\"es_ES\" \/>\n<meta property=\"og:type\" content=\"article\" \/>\n<meta property=\"og:title\" content=\"Middle Eastern Style Four-Pipe Aluminum Alloy Hookah Wholesale\" \/>\n<meta property=\"og:description\" content=\"This Four-hose Aluminum Alloy Hookah can be used simultaneously. Each valve has a built-in ball-bearing breather plug. The hose valve\" \/>\n<meta property=\"og:url\" content=\"https:\/\/global-hookah.com\/es\/producto\/middle-eastern-style-four-pipe-aluminum-alloy-hookah-wholesale\/\" \/>\n<meta property=\"og:site_name\" content=\"Global Hookah\" \/>\n<meta property=\"article:modified_time\" content=\"2023-12-27T08:53:02+00:00\" \/>\n<meta property=\"og:image\" content=\"https:\/\/global-hookah.com\/wp-content\/uploads\/2023\/12\/\u4e3b\u56fe-05-3.jpg\" \/>\n\t<meta property=\"og:image:width\" content=\"1000\" \/>\n\t<meta property=\"og:image:height\" content=\"1000\" \/>\n\t<meta property=\"og:image:type\" content=\"image\/jpeg\" \/>\n<meta name=\"twitter:card\" content=\"summary_large_image\" \/>\n<meta name=\"twitter:label1\" content=\"Tiempo de lectura\" \/>\n\t<meta name=\"twitter:data1\" content=\"2 minutos\" \/>\n<script type=\"application\/ld+json\" class=\"yoast-schema-graph\">{\"@context\":\"https:\/\/schema.org\",\"@graph\":[{\"@type\":\"WebPage\",\"@id\":\"https:\/\/global-hookah.com\/es\/producto\/middle-eastern-style-four-pipe-aluminum-alloy-hookah-wholesale\/\",\"url\":\"https:\/\/global-hookah.com\/es\/producto\/middle-eastern-style-four-pipe-aluminum-alloy-hookah-wholesale\/\",\"name\":\"Middle Eastern Style Four-Pipe Aluminum Alloy Hookah Wholesale - Global Hookah\",\"isPartOf\":{\"@id\":\"https:\/\/global-hookah.com\/#website\"},\"primaryImageOfPage\":{\"@id\":\"https:\/\/global-hookah.com\/es\/producto\/middle-eastern-style-four-pipe-aluminum-alloy-hookah-wholesale\/#primaryimage\"},\"image\":{\"@id\":\"https:\/\/global-hookah.com\/es\/producto\/middle-eastern-style-four-pipe-aluminum-alloy-hookah-wholesale\/#primaryimage\"},\"thumbnailUrl\":\"https:\/\/global-hookah.com\/wp-content\/uploads\/2023\/12\/\u4e3b\u56fe-05-3.jpg\",\"datePublished\":\"2023-12-16T06:13:13+00:00\",\"dateModified\":\"2023-12-27T08:53:02+00:00\",\"breadcrumb\":{\"@id\":\"https:\/\/global-hookah.com\/es\/producto\/middle-eastern-style-four-pipe-aluminum-alloy-hookah-wholesale\/#breadcrumb\"},\"inLanguage\":\"es\",\"potentialAction\":[{\"@type\":\"ReadAction\",\"target\":[\"https:\/\/global-hookah.com\/es\/producto\/middle-eastern-style-four-pipe-aluminum-alloy-hookah-wholesale\/\"]}]},{\"@type\":\"ImageObject\",\"inLanguage\":\"es\",\"@id\":\"https:\/\/global-hookah.com\/es\/producto\/middle-eastern-style-four-pipe-aluminum-alloy-hookah-wholesale\/#primaryimage\",\"url\":\"https:\/\/global-hookah.com\/wp-content\/uploads\/2023\/12\/\u4e3b\u56fe-05-3.jpg\",\"contentUrl\":\"https:\/\/global-hookah.com\/wp-content\/uploads\/2023\/12\/\u4e3b\u56fe-05-3.jpg\",\"width\":1000,\"height\":1000,\"caption\":\"Four-Pipe Aluminum Alloy Hookah Wholesale\"},{\"@type\":\"BreadcrumbList\",\"@id\":\"https:\/\/global-hookah.com\/es\/producto\/middle-eastern-style-four-pipe-aluminum-alloy-hookah-wholesale\/#breadcrumb\",\"itemListElement\":[{\"@type\":\"ListItem\",\"position\":1,\"name\":\"Home\",\"item\":\"https:\/\/global-hookah.com\/\"},{\"@type\":\"ListItem\",\"position\":2,\"name\":\"Shop\",\"item\":\"https:\/\/global-hookah.com\/shop\/\"},{\"@type\":\"ListItem\",\"position\":3,\"name\":\"Middle Eastern Style Four-Pipe Aluminum Alloy Hookah Wholesale\"}]},{\"@type\":\"WebSite\",\"@id\":\"https:\/\/global-hookah.com\/#website\",\"url\":\"https:\/\/global-hookah.com\/\",\"name\":\"Global Hookah\",\"description\":\"Global Hookah\",\"publisher\":{\"@id\":\"https:\/\/global-hookah.com\/#organization\"},\"potentialAction\":[{\"@type\":\"SearchAction\",\"target\":{\"@type\":\"EntryPoint\",\"urlTemplate\":\"https:\/\/global-hookah.com\/?s={search_term_string}\"},\"query-input\":{\"@type\":\"PropertyValueSpecification\",\"valueRequired\":true,\"valueName\":\"search_term_string\"}}],\"inLanguage\":\"es\"},{\"@type\":\"Organization\",\"@id\":\"https:\/\/global-hookah.com\/#organization\",\"name\":\"Global Hookah\",\"url\":\"https:\/\/global-hookah.com\/\",\"logo\":{\"@type\":\"ImageObject\",\"inLanguage\":\"es\",\"@id\":\"https:\/\/global-hookah.com\/#\/schema\/logo\/image\/\",\"url\":\"https:\/\/global-hookah.com\/wp-content\/uploads\/2021\/10\/cropped-fgg.png\",\"contentUrl\":\"https:\/\/global-hookah.com\/wp-content\/uploads\/2021\/10\/cropped-fgg.png\",\"width\":512,\"height\":512,\"caption\":\"Global Hookah\"},\"image\":{\"@id\":\"https:\/\/global-hookah.com\/#\/schema\/logo\/image\/\"}}]}<\/script>\n<!-- \/ Yoast SEO Premium plugin. -->","yoast_head_json":{"title":"Hookah de aleaci\u00f3n de aluminio de cuatro tubos estilo Oriente Medio al por mayor - Global Hookah","robots":{"index":"index","follow":"follow","max-snippet":"max-snippet:-1","max-image-preview":"max-image-preview:large","max-video-preview":"max-video-preview:-1"},"canonical":"https:\/\/global-hookah.com\/es\/producto\/middle-eastern-style-four-pipe-aluminum-alloy-hookah-wholesale\/","og_locale":"es_ES","og_type":"article","og_title":"Middle Eastern Style Four-Pipe Aluminum Alloy Hookah Wholesale","og_description":"This Four-hose Aluminum Alloy Hookah can be used simultaneously. Each valve has a built-in ball-bearing breather plug. The hose valve","og_url":"https:\/\/global-hookah.com\/es\/producto\/middle-eastern-style-four-pipe-aluminum-alloy-hookah-wholesale\/","og_site_name":"Global Hookah","article_modified_time":"2023-12-27T08:53:02+00:00","og_image":[{"width":1000,"height":1000,"url":"https:\/\/global-hookah.com\/wp-content\/uploads\/2023\/12\/\u4e3b\u56fe-05-3.jpg","type":"image\/jpeg"}],"twitter_card":"summary_large_image","twitter_misc":{"Tiempo de lectura":"2 minutos"},"schema":{"@context":"https:\/\/schema.org","@graph":[{"@type":"WebPage","@id":"https:\/\/global-hookah.com\/es\/producto\/middle-eastern-style-four-pipe-aluminum-alloy-hookah-wholesale\/","url":"https:\/\/global-hookah.com\/es\/producto\/middle-eastern-style-four-pipe-aluminum-alloy-hookah-wholesale\/","name":"Hookah de aleaci\u00f3n de aluminio de cuatro tubos estilo Oriente Medio al por mayor - Global Hookah","isPartOf":{"@id":"https:\/\/global-hookah.com\/#website"},"primaryImageOfPage":{"@id":"https:\/\/global-hookah.com\/es\/producto\/middle-eastern-style-four-pipe-aluminum-alloy-hookah-wholesale\/#primaryimage"},"image":{"@id":"https:\/\/global-hookah.com\/es\/producto\/middle-eastern-style-four-pipe-aluminum-alloy-hookah-wholesale\/#primaryimage"},"thumbnailUrl":"https:\/\/global-hookah.com\/wp-content\/uploads\/2023\/12\/\u4e3b\u56fe-05-3.jpg","datePublished":"2023-12-16T06:13:13+00:00","dateModified":"2023-12-27T08:53:02+00:00","breadcrumb":{"@id":"https:\/\/global-hookah.com\/es\/producto\/middle-eastern-style-four-pipe-aluminum-alloy-hookah-wholesale\/#breadcrumb"},"inLanguage":"es","potentialAction":[{"@type":"ReadAction","target":["https:\/\/global-hookah.com\/es\/producto\/middle-eastern-style-four-pipe-aluminum-alloy-hookah-wholesale\/"]}]},{"@type":"ImageObject","inLanguage":"es","@id":"https:\/\/global-hookah.com\/es\/producto\/middle-eastern-style-four-pipe-aluminum-alloy-hookah-wholesale\/#primaryimage","url":"https:\/\/global-hookah.com\/wp-content\/uploads\/2023\/12\/\u4e3b\u56fe-05-3.jpg","contentUrl":"https:\/\/global-hookah.com\/wp-content\/uploads\/2023\/12\/\u4e3b\u56fe-05-3.jpg","width":1000,"height":1000,"caption":"Four-Pipe Aluminum Alloy Hookah Wholesale"},{"@type":"BreadcrumbList","@id":"https:\/\/global-hookah.com\/es\/producto\/middle-eastern-style-four-pipe-aluminum-alloy-hookah-wholesale\/#breadcrumb","itemListElement":[{"@type":"ListItem","position":1,"name":"Home","item":"https:\/\/global-hookah.com\/"},{"@type":"ListItem","position":2,"name":"Shop","item":"https:\/\/global-hookah.com\/shop\/"},{"@type":"ListItem","position":3,"name":"Middle Eastern Style Four-Pipe Aluminum Alloy Hookah Wholesale"}]},{"@type":"WebSite","@id":"https:\/\/global-hookah.com\/#website","url":"https:\/\/global-hookah.com\/","name":"Global Hookah","description":"Global Hookah","publisher":{"@id":"https:\/\/global-hookah.com\/#organization"},"potentialAction":[{"@type":"SearchAction","target":{"@type":"EntryPoint","urlTemplate":"https:\/\/global-hookah.com\/?s={search_term_string}"},"query-input":{"@type":"PropertyValueSpecification","valueRequired":true,"valueName":"search_term_string"}}],"inLanguage":"es"},{"@type":"Organization","@id":"https:\/\/global-hookah.com\/#organization","name":"Global Hookah","url":"https:\/\/global-hookah.com\/","logo":{"@type":"ImageObject","inLanguage":"es","@id":"https:\/\/global-hookah.com\/#\/schema\/logo\/image\/","url":"https:\/\/global-hookah.com\/wp-content\/uploads\/2021\/10\/cropped-fgg.png","contentUrl":"https:\/\/global-hookah.com\/wp-content\/uploads\/2021\/10\/cropped-fgg.png","width":512,"height":512,"caption":"Global Hookah"},"image":{"@id":"https:\/\/global-hookah.com\/#\/schema\/logo\/image\/"}}]}},"_links":{"self":[{"href":"https:\/\/global-hookah.com\/es\/wp-json\/wp\/v2\/product\/17278","targetHints":{"allow":["GET"]}}],"collection":[{"href":"https:\/\/global-hookah.com\/es\/wp-json\/wp\/v2\/product"}],"about":[{"href":"https:\/\/global-hookah.com\/es\/wp-json\/wp\/v2\/types\/product"}],"replies":[{"embeddable":true,"href":"https:\/\/global-hookah.com\/es\/wp-json\/wp\/v2\/comments?post=17278"}],"version-history":[{"count":0,"href":"https:\/\/global-hookah.com\/es\/wp-json\/wp\/v2\/product\/17278\/revisions"}],"wp:featuredmedia":[{"embeddable":true,"href":"https:\/\/global-hookah.com\/es\/wp-json\/wp\/v2\/media\/17280"}],"wp:attachment":[{"href":"https:\/\/global-hookah.com\/es\/wp-json\/wp\/v2\/media?parent=17278"}],"wp:term":[{"taxonomy":"product_brand","embeddable":true,"href":"https:\/\/global-hookah.com\/es\/wp-json\/wp\/v2\/product_brand?post=17278"},{"taxonomy":"product_cat","embeddable":true,"href":"https:\/\/global-hookah.com\/es\/wp-json\/wp\/v2\/product_cat?post=17278"},{"taxonomy":"product_tag","embeddable":true,"href":"https:\/\/global-hookah.com\/es\/wp-json\/wp\/v2\/product_tag?post=17278"}],"curies":[{"name":"wp","href":"https:\/\/api.w.org\/{rel}","templated":true}]}}