{"id":17286,"date":"2023-12-16T06:20:50","date_gmt":"2023-12-16T06:20:50","guid":{"rendered":"https:\/\/global-hookah.com\/?post_type=product&#038;p=17286"},"modified":"2023-12-27T08:53:01","modified_gmt":"2023-12-27T08:53:01","slug":"hookah-with-led-lights-wholesale","status":"publish","type":"product","link":"https:\/\/global-hookah.com\/es\/producto\/hookah-with-led-lights-wholesale\/","title":{"rendered":"Hookah Con Luces Led Al Por Mayor"},"content":{"rendered":"<p>Este<strong> narguile con luces LED<\/strong> tiene un dise\u00f1o extremadamente cool. El cuerpo de la botella de agua de acr\u00edlico es muy de moda, lo que le permite atraer la atenci\u00f3n de todos en la fiesta, y el dise\u00f1o de una sola manguera no s\u00f3lo es f\u00e1cil de llevar y usar, sino que tambi\u00e9n le permite soplar a trav\u00e9s de la manija de la manguera Exhaust rico humo y ajustar el sabor.<\/p>\n<p>En <strong>Juego de narguile con luz LED<\/strong>s incluye pinzas para narguile, cuencos de silicona, mangos de manguera de aleaci\u00f3n de aluminio, etc. El tubo de silicona y el muelle evitan que se doble, y tambi\u00e9n se incluye la l\u00e1mina de narguile.<\/p>\n<p>En <strong>Narguile LED de material acr\u00edlico<\/strong> est\u00e1 equipado con luces LED ajustables en diferentes colores y modos, as\u00ed como un modo intermitente. Puede controlar luces individuales o grupos de luces en diferentes combinaciones de colores, y la botella acr\u00edlica acompa\u00f1ada por el sonido del agua que fluye y las luces intermitentes proporciona una experiencia incre\u00edble.<\/p>\n<p>El set de narguile contiene: 1 cazoleta de silicona, 1 botella de narguile, 1 orificio de aire, 1 orificio para fumar, 1 junta de silicona, 1 manguera de narguile, 1 par de pinzas para carb\u00f3n, 1 luz LED, 1 soporte para carb\u00f3n descubierto.<\/p>\n<p>Este producto puede ser utilizado por una sola persona, y se pueden a\u00f1adir sabores de narguile durante su uso. La iluminaci\u00f3n LED tambi\u00e9n se puede utilizar para crear un ambiente perfecto.<\/p>\n<p>Puedes poner este LED de colores <a href=\"https:\/\/global-hookah.com\/product\/wholesale-hookah-shisha-pipe-with-smoking-accessories\/\">accesorios para shisha<\/a> en el maletero de su coche para su uso sobre la marcha. Si el humo es demasiado poco, por favor, a\u00f1ada 5-6 trozos de carb\u00f3n o a\u00f1ada una tapa a la carbonera.<\/p>","protected":false},"excerpt":{"rendered":"<p>Este narguile con luces LED tiene un dise\u00f1o muy chulo. El cuerpo de la botella de agua de acr\u00edlico es muy de moda, lo que le permite<\/p>","protected":false},"featured_media":17290,"comment_status":"open","ping_status":"closed","template":"","meta":{"iawp_total_views":1,"_joinchat":[]},"product_brand":[],"product_cat":[119],"product_tag":[],"class_list":{"0":"post-17286","1":"product","2":"type-product","3":"status-publish","4":"has-post-thumbnail","6":"product_cat-wholesale-hookah","8":"first","9":"instock","10":"shipping-taxable","11":"product-type-external"},"yoast_head":"<!-- This site is optimized with the Yoast SEO Premium plugin v24.7 (Yoast SEO v26.8) - https:\/\/yoast.com\/product\/yoast-seo-premium-wordpress\/ -->\n<title>Hookah With Led Lights Wholesale - Global Hookah<\/title>\n<meta name=\"robots\" content=\"index, follow, max-snippet:-1, max-image-preview:large, max-video-preview:-1\" \/>\n<link rel=\"canonical\" href=\"https:\/\/global-hookah.com\/es\/producto\/hookah-with-led-lights-wholesale\/\" \/>\n<meta property=\"og:locale\" content=\"es_ES\" \/>\n<meta property=\"og:type\" content=\"article\" \/>\n<meta property=\"og:title\" content=\"Hookah With Led Lights Wholesale\" \/>\n<meta property=\"og:description\" content=\"This hookah with LED lights has an extremely cool design. The acrylic water bottle body is very fashionable, allowing you\" \/>\n<meta property=\"og:url\" content=\"https:\/\/global-hookah.com\/es\/producto\/hookah-with-led-lights-wholesale\/\" \/>\n<meta property=\"og:site_name\" content=\"Global Hookah\" \/>\n<meta property=\"article:modified_time\" content=\"2023-12-27T08:53:01+00:00\" \/>\n<meta property=\"og:image\" content=\"https:\/\/global-hookah.com\/wp-content\/uploads\/2023\/12\/\u4e3b\u56fe-05-4.jpg\" \/>\n\t<meta property=\"og:image:width\" content=\"1920\" \/>\n\t<meta property=\"og:image:height\" content=\"1920\" \/>\n\t<meta property=\"og:image:type\" content=\"image\/jpeg\" \/>\n<meta name=\"twitter:card\" content=\"summary_large_image\" \/>\n<meta name=\"twitter:label1\" content=\"Tiempo de lectura\" \/>\n\t<meta name=\"twitter:data1\" content=\"2 minutos\" \/>\n<script type=\"application\/ld+json\" class=\"yoast-schema-graph\">{\"@context\":\"https:\/\/schema.org\",\"@graph\":[{\"@type\":\"WebPage\",\"@id\":\"https:\/\/global-hookah.com\/product\/hookah-with-led-lights-wholesale\/\",\"url\":\"https:\/\/global-hookah.com\/product\/hookah-with-led-lights-wholesale\/\",\"name\":\"Hookah With Led Lights Wholesale - Global Hookah\",\"isPartOf\":{\"@id\":\"https:\/\/global-hookah.com\/#website\"},\"primaryImageOfPage\":{\"@id\":\"https:\/\/global-hookah.com\/product\/hookah-with-led-lights-wholesale\/#primaryimage\"},\"image\":{\"@id\":\"https:\/\/global-hookah.com\/product\/hookah-with-led-lights-wholesale\/#primaryimage\"},\"thumbnailUrl\":\"https:\/\/global-hookah.com\/wp-content\/uploads\/2023\/12\/\u4e3b\u56fe-05-4.jpg\",\"datePublished\":\"2023-12-16T06:20:50+00:00\",\"dateModified\":\"2023-12-27T08:53:01+00:00\",\"breadcrumb\":{\"@id\":\"https:\/\/global-hookah.com\/product\/hookah-with-led-lights-wholesale\/#breadcrumb\"},\"inLanguage\":\"es\",\"potentialAction\":[{\"@type\":\"ReadAction\",\"target\":[\"https:\/\/global-hookah.com\/product\/hookah-with-led-lights-wholesale\/\"]}]},{\"@type\":\"ImageObject\",\"inLanguage\":\"es\",\"@id\":\"https:\/\/global-hookah.com\/product\/hookah-with-led-lights-wholesale\/#primaryimage\",\"url\":\"https:\/\/global-hookah.com\/wp-content\/uploads\/2023\/12\/\u4e3b\u56fe-05-4.jpg\",\"contentUrl\":\"https:\/\/global-hookah.com\/wp-content\/uploads\/2023\/12\/\u4e3b\u56fe-05-4.jpg\",\"width\":1920,\"height\":1920,\"caption\":\"Hookah With Led Lights Wholesale\"},{\"@type\":\"BreadcrumbList\",\"@id\":\"https:\/\/global-hookah.com\/product\/hookah-with-led-lights-wholesale\/#breadcrumb\",\"itemListElement\":[{\"@type\":\"ListItem\",\"position\":1,\"name\":\"Home\",\"item\":\"https:\/\/global-hookah.com\/\"},{\"@type\":\"ListItem\",\"position\":2,\"name\":\"Shop\",\"item\":\"https:\/\/global-hookah.com\/shop\/\"},{\"@type\":\"ListItem\",\"position\":3,\"name\":\"Hookah With Led Lights Wholesale\"}]},{\"@type\":\"WebSite\",\"@id\":\"https:\/\/global-hookah.com\/#website\",\"url\":\"https:\/\/global-hookah.com\/\",\"name\":\"Global Hookah\",\"description\":\"Global Hookah\",\"publisher\":{\"@id\":\"https:\/\/global-hookah.com\/#organization\"},\"potentialAction\":[{\"@type\":\"SearchAction\",\"target\":{\"@type\":\"EntryPoint\",\"urlTemplate\":\"https:\/\/global-hookah.com\/?s={search_term_string}\"},\"query-input\":{\"@type\":\"PropertyValueSpecification\",\"valueRequired\":true,\"valueName\":\"search_term_string\"}}],\"inLanguage\":\"es\"},{\"@type\":\"Organization\",\"@id\":\"https:\/\/global-hookah.com\/#organization\",\"name\":\"Global Hookah\",\"url\":\"https:\/\/global-hookah.com\/\",\"logo\":{\"@type\":\"ImageObject\",\"inLanguage\":\"es\",\"@id\":\"https:\/\/global-hookah.com\/#\/schema\/logo\/image\/\",\"url\":\"https:\/\/global-hookah.com\/wp-content\/uploads\/2021\/10\/cropped-fgg.png\",\"contentUrl\":\"https:\/\/global-hookah.com\/wp-content\/uploads\/2021\/10\/cropped-fgg.png\",\"width\":512,\"height\":512,\"caption\":\"Global Hookah\"},\"image\":{\"@id\":\"https:\/\/global-hookah.com\/#\/schema\/logo\/image\/\"}}]}<\/script>\n<!-- \/ Yoast SEO Premium plugin. -->","yoast_head_json":{"title":"Hookah Con Luces Led Al Por Mayor - Global Hookah","robots":{"index":"index","follow":"follow","max-snippet":"max-snippet:-1","max-image-preview":"max-image-preview:large","max-video-preview":"max-video-preview:-1"},"canonical":"https:\/\/global-hookah.com\/es\/producto\/hookah-with-led-lights-wholesale\/","og_locale":"es_ES","og_type":"article","og_title":"Hookah With Led Lights Wholesale","og_description":"This hookah with LED lights has an extremely cool design. The acrylic water bottle body is very fashionable, allowing you","og_url":"https:\/\/global-hookah.com\/es\/producto\/hookah-with-led-lights-wholesale\/","og_site_name":"Global Hookah","article_modified_time":"2023-12-27T08:53:01+00:00","og_image":[{"width":1920,"height":1920,"url":"https:\/\/global-hookah.com\/wp-content\/uploads\/2023\/12\/\u4e3b\u56fe-05-4.jpg","type":"image\/jpeg"}],"twitter_card":"summary_large_image","twitter_misc":{"Tiempo de lectura":"2 minutos"},"schema":{"@context":"https:\/\/schema.org","@graph":[{"@type":"WebPage","@id":"https:\/\/global-hookah.com\/product\/hookah-with-led-lights-wholesale\/","url":"https:\/\/global-hookah.com\/product\/hookah-with-led-lights-wholesale\/","name":"Hookah Con Luces Led Al Por Mayor - Global Hookah","isPartOf":{"@id":"https:\/\/global-hookah.com\/#website"},"primaryImageOfPage":{"@id":"https:\/\/global-hookah.com\/product\/hookah-with-led-lights-wholesale\/#primaryimage"},"image":{"@id":"https:\/\/global-hookah.com\/product\/hookah-with-led-lights-wholesale\/#primaryimage"},"thumbnailUrl":"https:\/\/global-hookah.com\/wp-content\/uploads\/2023\/12\/\u4e3b\u56fe-05-4.jpg","datePublished":"2023-12-16T06:20:50+00:00","dateModified":"2023-12-27T08:53:01+00:00","breadcrumb":{"@id":"https:\/\/global-hookah.com\/product\/hookah-with-led-lights-wholesale\/#breadcrumb"},"inLanguage":"es","potentialAction":[{"@type":"ReadAction","target":["https:\/\/global-hookah.com\/product\/hookah-with-led-lights-wholesale\/"]}]},{"@type":"ImageObject","inLanguage":"es","@id":"https:\/\/global-hookah.com\/product\/hookah-with-led-lights-wholesale\/#primaryimage","url":"https:\/\/global-hookah.com\/wp-content\/uploads\/2023\/12\/\u4e3b\u56fe-05-4.jpg","contentUrl":"https:\/\/global-hookah.com\/wp-content\/uploads\/2023\/12\/\u4e3b\u56fe-05-4.jpg","width":1920,"height":1920,"caption":"Hookah With Led Lights Wholesale"},{"@type":"BreadcrumbList","@id":"https:\/\/global-hookah.com\/product\/hookah-with-led-lights-wholesale\/#breadcrumb","itemListElement":[{"@type":"ListItem","position":1,"name":"Home","item":"https:\/\/global-hookah.com\/"},{"@type":"ListItem","position":2,"name":"Shop","item":"https:\/\/global-hookah.com\/shop\/"},{"@type":"ListItem","position":3,"name":"Hookah With Led Lights Wholesale"}]},{"@type":"WebSite","@id":"https:\/\/global-hookah.com\/#website","url":"https:\/\/global-hookah.com\/","name":"Global Hookah","description":"Global Hookah","publisher":{"@id":"https:\/\/global-hookah.com\/#organization"},"potentialAction":[{"@type":"SearchAction","target":{"@type":"EntryPoint","urlTemplate":"https:\/\/global-hookah.com\/?s={search_term_string}"},"query-input":{"@type":"PropertyValueSpecification","valueRequired":true,"valueName":"search_term_string"}}],"inLanguage":"es"},{"@type":"Organization","@id":"https:\/\/global-hookah.com\/#organization","name":"Global Hookah","url":"https:\/\/global-hookah.com\/","logo":{"@type":"ImageObject","inLanguage":"es","@id":"https:\/\/global-hookah.com\/#\/schema\/logo\/image\/","url":"https:\/\/global-hookah.com\/wp-content\/uploads\/2021\/10\/cropped-fgg.png","contentUrl":"https:\/\/global-hookah.com\/wp-content\/uploads\/2021\/10\/cropped-fgg.png","width":512,"height":512,"caption":"Global Hookah"},"image":{"@id":"https:\/\/global-hookah.com\/#\/schema\/logo\/image\/"}}]}},"_links":{"self":[{"href":"https:\/\/global-hookah.com\/es\/wp-json\/wp\/v2\/product\/17286","targetHints":{"allow":["GET"]}}],"collection":[{"href":"https:\/\/global-hookah.com\/es\/wp-json\/wp\/v2\/product"}],"about":[{"href":"https:\/\/global-hookah.com\/es\/wp-json\/wp\/v2\/types\/product"}],"replies":[{"embeddable":true,"href":"https:\/\/global-hookah.com\/es\/wp-json\/wp\/v2\/comments?post=17286"}],"version-history":[{"count":0,"href":"https:\/\/global-hookah.com\/es\/wp-json\/wp\/v2\/product\/17286\/revisions"}],"wp:featuredmedia":[{"embeddable":true,"href":"https:\/\/global-hookah.com\/es\/wp-json\/wp\/v2\/media\/17290"}],"wp:attachment":[{"href":"https:\/\/global-hookah.com\/es\/wp-json\/wp\/v2\/media?parent=17286"}],"wp:term":[{"taxonomy":"product_brand","embeddable":true,"href":"https:\/\/global-hookah.com\/es\/wp-json\/wp\/v2\/product_brand?post=17286"},{"taxonomy":"product_cat","embeddable":true,"href":"https:\/\/global-hookah.com\/es\/wp-json\/wp\/v2\/product_cat?post=17286"},{"taxonomy":"product_tag","embeddable":true,"href":"https:\/\/global-hookah.com\/es\/wp-json\/wp\/v2\/product_tag?post=17286"}],"curies":[{"name":"wp","href":"https:\/\/api.w.org\/{rel}","templated":true}]}}