{"id":17295,"date":"2023-12-16T06:26:28","date_gmt":"2023-12-16T06:26:28","guid":{"rendered":"https:\/\/global-hookah.com\/?post_type=product&#038;p=17295"},"modified":"2024-01-12T07:48:31","modified_gmt":"2024-01-12T07:48:31","slug":"portable-aluminum-hookah-wholesale","status":"publish","type":"product","link":"https:\/\/global-hookah.com\/es\/producto\/portable-aluminum-hookah-wholesale\/","title":{"rendered":"Hookah port\u00e1til de aluminio al por mayor"},"content":{"rendered":"<p>Este <strong>Hookah port\u00e1til de aluminio<\/strong> viene con todo lo que necesita para la diversi\u00f3n hookah port\u00e1til. El conjunto de narguile de aluminio port\u00e1til incluye un florero narguile, tallo de aluminio, manguera de silicona, pinzas de carb\u00f3n, tapa de la cubierta del viento, y cuencos de metal peque\u00f1os y grandes - todo perfectamente embalado en un estuche de transporte discreto.<\/p>\n<p>Toma esto <strong>Narguile port\u00e1til con funda cortaviento<\/strong> a lo largo de a la playa, patio trasero, coche, o dondequiera que usted desea relajarse con hookah sabroso. S\u00f3lo se tarda unos minutos en montar r\u00e1pidamente, y el dise\u00f1o de conexi\u00f3n magn\u00e9tica hace que el montaje sea m\u00e1s f\u00e1cil y r\u00e1pido.<\/p>\n<p>Este <strong>Hookah port\u00e1til de aluminio<\/strong> Se asemeja convenientemente a una botella de agua para un transporte f\u00e1cil y discreto. El dise\u00f1o de sellado interno puede prevenir eficazmente las fugas de aire. El sabor es suave cuando se fuma, que puede traer una experiencia muy agradable,Adem\u00e1s, la construcci\u00f3n de aluminio y silicona duradera garantiza a\u00f1os de uso y es f\u00e1cil de limpiar despu\u00e9s de su uso.<\/p>\n<p>Este<strong> Kit de viaje para shisha<\/strong> es un gran regalo y una elegante pieza de decoraci\u00f3n para cualquier habitaci\u00f3n. El dise\u00f1o port\u00e1til es perfecto para viajar y le permite disfrutar de narguile en cualquier lugar.<\/p>\n<p>Este<strong> Narguile de viaje<\/strong> est\u00e1 destinado \u00fanicamente a usuarios mayores de 21 a\u00f1os. No lo utilice mientras conduce. Estamos obligados a informarle de ello,Si adem\u00e1s desea <a href=\"https:\/\/global-hookah.com\/product-category\/wholesale-hookah\/\">venta al por mayor de otros estilos de Hooka port\u00e1til<\/a>h, env\u00edenos un correo electr\u00f3nico<\/p>","protected":false},"excerpt":{"rendered":"<p>Esta pipa de agua port\u00e1til de aluminio viene con todo lo necesario para la diversi\u00f3n pipa de agua port\u00e1til. El set de narguile de aluminio port\u00e1til incluye un<\/p>","protected":false},"featured_media":17300,"comment_status":"open","ping_status":"closed","template":"","meta":{"iawp_total_views":1,"_joinchat":[]},"product_brand":[],"product_cat":[559,119],"product_tag":[],"class_list":{"0":"post-17295","1":"product","2":"type-product","3":"status-publish","4":"has-post-thumbnail","6":"product_cat-portable-hookah-wholesale","7":"product_cat-wholesale-hookah","9":"first","10":"instock","11":"shipping-taxable","12":"product-type-external"},"yoast_head":"<!-- This site is optimized with the Yoast SEO Premium plugin v24.7 (Yoast SEO v26.8) - https:\/\/yoast.com\/product\/yoast-seo-premium-wordpress\/ -->\n<title>Portable Aluminum Hookah Wholesale - Global Hookah<\/title>\n<meta name=\"robots\" content=\"index, follow, max-snippet:-1, max-image-preview:large, max-video-preview:-1\" \/>\n<link rel=\"canonical\" href=\"https:\/\/global-hookah.com\/es\/producto\/portable-aluminum-hookah-wholesale\/\" \/>\n<meta property=\"og:locale\" content=\"es_ES\" \/>\n<meta property=\"og:type\" content=\"article\" \/>\n<meta property=\"og:title\" content=\"Portable Aluminum Hookah Wholesale\" \/>\n<meta property=\"og:description\" content=\"This Portable Aluminum Hookah comes with everything you need for portable hookah fun. The Portable Aluminum Hookah set includes a\" \/>\n<meta property=\"og:url\" content=\"https:\/\/global-hookah.com\/es\/producto\/portable-aluminum-hookah-wholesale\/\" \/>\n<meta property=\"og:site_name\" content=\"Global Hookah\" \/>\n<meta property=\"article:modified_time\" content=\"2024-01-12T07:48:31+00:00\" \/>\n<meta property=\"og:image\" content=\"https:\/\/global-hookah.com\/wp-content\/uploads\/2023\/12\/\u4e3b\u56fe-03-5.jpg\" \/>\n\t<meta property=\"og:image:width\" content=\"1000\" \/>\n\t<meta property=\"og:image:height\" content=\"1000\" \/>\n\t<meta property=\"og:image:type\" content=\"image\/jpeg\" \/>\n<meta name=\"twitter:card\" content=\"summary_large_image\" \/>\n<meta name=\"twitter:label1\" content=\"Tiempo de lectura\" \/>\n\t<meta name=\"twitter:data1\" content=\"1 minuto\" \/>\n<script type=\"application\/ld+json\" class=\"yoast-schema-graph\">{\"@context\":\"https:\/\/schema.org\",\"@graph\":[{\"@type\":\"WebPage\",\"@id\":\"https:\/\/global-hookah.com\/product\/portable-aluminum-hookah-wholesale\/\",\"url\":\"https:\/\/global-hookah.com\/product\/portable-aluminum-hookah-wholesale\/\",\"name\":\"Portable Aluminum Hookah Wholesale - Global Hookah\",\"isPartOf\":{\"@id\":\"https:\/\/global-hookah.com\/#website\"},\"primaryImageOfPage\":{\"@id\":\"https:\/\/global-hookah.com\/product\/portable-aluminum-hookah-wholesale\/#primaryimage\"},\"image\":{\"@id\":\"https:\/\/global-hookah.com\/product\/portable-aluminum-hookah-wholesale\/#primaryimage\"},\"thumbnailUrl\":\"https:\/\/global-hookah.com\/wp-content\/uploads\/2023\/12\/\u4e3b\u56fe-03-5.jpg\",\"datePublished\":\"2023-12-16T06:26:28+00:00\",\"dateModified\":\"2024-01-12T07:48:31+00:00\",\"breadcrumb\":{\"@id\":\"https:\/\/global-hookah.com\/product\/portable-aluminum-hookah-wholesale\/#breadcrumb\"},\"inLanguage\":\"es\",\"potentialAction\":[{\"@type\":\"ReadAction\",\"target\":[\"https:\/\/global-hookah.com\/product\/portable-aluminum-hookah-wholesale\/\"]}]},{\"@type\":\"ImageObject\",\"inLanguage\":\"es\",\"@id\":\"https:\/\/global-hookah.com\/product\/portable-aluminum-hookah-wholesale\/#primaryimage\",\"url\":\"https:\/\/global-hookah.com\/wp-content\/uploads\/2023\/12\/\u4e3b\u56fe-03-5.jpg\",\"contentUrl\":\"https:\/\/global-hookah.com\/wp-content\/uploads\/2023\/12\/\u4e3b\u56fe-03-5.jpg\",\"width\":1000,\"height\":1000,\"caption\":\"Portable Aluminum Hookah Wholesale\"},{\"@type\":\"BreadcrumbList\",\"@id\":\"https:\/\/global-hookah.com\/product\/portable-aluminum-hookah-wholesale\/#breadcrumb\",\"itemListElement\":[{\"@type\":\"ListItem\",\"position\":1,\"name\":\"Home\",\"item\":\"https:\/\/global-hookah.com\/\"},{\"@type\":\"ListItem\",\"position\":2,\"name\":\"Shop\",\"item\":\"https:\/\/global-hookah.com\/shop\/\"},{\"@type\":\"ListItem\",\"position\":3,\"name\":\"Portable Aluminum Hookah Wholesale\"}]},{\"@type\":\"WebSite\",\"@id\":\"https:\/\/global-hookah.com\/#website\",\"url\":\"https:\/\/global-hookah.com\/\",\"name\":\"Global Hookah\",\"description\":\"Global Hookah\",\"publisher\":{\"@id\":\"https:\/\/global-hookah.com\/#organization\"},\"potentialAction\":[{\"@type\":\"SearchAction\",\"target\":{\"@type\":\"EntryPoint\",\"urlTemplate\":\"https:\/\/global-hookah.com\/?s={search_term_string}\"},\"query-input\":{\"@type\":\"PropertyValueSpecification\",\"valueRequired\":true,\"valueName\":\"search_term_string\"}}],\"inLanguage\":\"es\"},{\"@type\":\"Organization\",\"@id\":\"https:\/\/global-hookah.com\/#organization\",\"name\":\"Global Hookah\",\"url\":\"https:\/\/global-hookah.com\/\",\"logo\":{\"@type\":\"ImageObject\",\"inLanguage\":\"es\",\"@id\":\"https:\/\/global-hookah.com\/#\/schema\/logo\/image\/\",\"url\":\"https:\/\/global-hookah.com\/wp-content\/uploads\/2021\/10\/cropped-fgg.png\",\"contentUrl\":\"https:\/\/global-hookah.com\/wp-content\/uploads\/2021\/10\/cropped-fgg.png\",\"width\":512,\"height\":512,\"caption\":\"Global Hookah\"},\"image\":{\"@id\":\"https:\/\/global-hookah.com\/#\/schema\/logo\/image\/\"}}]}<\/script>\n<!-- \/ Yoast SEO Premium plugin. -->","yoast_head_json":{"title":"Hookah de aluminio port\u00e1til al por mayor - Global Hookah","robots":{"index":"index","follow":"follow","max-snippet":"max-snippet:-1","max-image-preview":"max-image-preview:large","max-video-preview":"max-video-preview:-1"},"canonical":"https:\/\/global-hookah.com\/es\/producto\/portable-aluminum-hookah-wholesale\/","og_locale":"es_ES","og_type":"article","og_title":"Portable Aluminum Hookah Wholesale","og_description":"This Portable Aluminum Hookah comes with everything you need for portable hookah fun. The Portable Aluminum Hookah set includes a","og_url":"https:\/\/global-hookah.com\/es\/producto\/portable-aluminum-hookah-wholesale\/","og_site_name":"Global Hookah","article_modified_time":"2024-01-12T07:48:31+00:00","og_image":[{"width":1000,"height":1000,"url":"https:\/\/global-hookah.com\/wp-content\/uploads\/2023\/12\/\u4e3b\u56fe-03-5.jpg","type":"image\/jpeg"}],"twitter_card":"summary_large_image","twitter_misc":{"Tiempo de lectura":"1 minuto"},"schema":{"@context":"https:\/\/schema.org","@graph":[{"@type":"WebPage","@id":"https:\/\/global-hookah.com\/product\/portable-aluminum-hookah-wholesale\/","url":"https:\/\/global-hookah.com\/product\/portable-aluminum-hookah-wholesale\/","name":"Hookah de aluminio port\u00e1til al por mayor - Global Hookah","isPartOf":{"@id":"https:\/\/global-hookah.com\/#website"},"primaryImageOfPage":{"@id":"https:\/\/global-hookah.com\/product\/portable-aluminum-hookah-wholesale\/#primaryimage"},"image":{"@id":"https:\/\/global-hookah.com\/product\/portable-aluminum-hookah-wholesale\/#primaryimage"},"thumbnailUrl":"https:\/\/global-hookah.com\/wp-content\/uploads\/2023\/12\/\u4e3b\u56fe-03-5.jpg","datePublished":"2023-12-16T06:26:28+00:00","dateModified":"2024-01-12T07:48:31+00:00","breadcrumb":{"@id":"https:\/\/global-hookah.com\/product\/portable-aluminum-hookah-wholesale\/#breadcrumb"},"inLanguage":"es","potentialAction":[{"@type":"ReadAction","target":["https:\/\/global-hookah.com\/product\/portable-aluminum-hookah-wholesale\/"]}]},{"@type":"ImageObject","inLanguage":"es","@id":"https:\/\/global-hookah.com\/product\/portable-aluminum-hookah-wholesale\/#primaryimage","url":"https:\/\/global-hookah.com\/wp-content\/uploads\/2023\/12\/\u4e3b\u56fe-03-5.jpg","contentUrl":"https:\/\/global-hookah.com\/wp-content\/uploads\/2023\/12\/\u4e3b\u56fe-03-5.jpg","width":1000,"height":1000,"caption":"Portable Aluminum Hookah Wholesale"},{"@type":"BreadcrumbList","@id":"https:\/\/global-hookah.com\/product\/portable-aluminum-hookah-wholesale\/#breadcrumb","itemListElement":[{"@type":"ListItem","position":1,"name":"Home","item":"https:\/\/global-hookah.com\/"},{"@type":"ListItem","position":2,"name":"Shop","item":"https:\/\/global-hookah.com\/shop\/"},{"@type":"ListItem","position":3,"name":"Portable Aluminum Hookah Wholesale"}]},{"@type":"WebSite","@id":"https:\/\/global-hookah.com\/#website","url":"https:\/\/global-hookah.com\/","name":"Global Hookah","description":"Global Hookah","publisher":{"@id":"https:\/\/global-hookah.com\/#organization"},"potentialAction":[{"@type":"SearchAction","target":{"@type":"EntryPoint","urlTemplate":"https:\/\/global-hookah.com\/?s={search_term_string}"},"query-input":{"@type":"PropertyValueSpecification","valueRequired":true,"valueName":"search_term_string"}}],"inLanguage":"es"},{"@type":"Organization","@id":"https:\/\/global-hookah.com\/#organization","name":"Global Hookah","url":"https:\/\/global-hookah.com\/","logo":{"@type":"ImageObject","inLanguage":"es","@id":"https:\/\/global-hookah.com\/#\/schema\/logo\/image\/","url":"https:\/\/global-hookah.com\/wp-content\/uploads\/2021\/10\/cropped-fgg.png","contentUrl":"https:\/\/global-hookah.com\/wp-content\/uploads\/2021\/10\/cropped-fgg.png","width":512,"height":512,"caption":"Global Hookah"},"image":{"@id":"https:\/\/global-hookah.com\/#\/schema\/logo\/image\/"}}]}},"_links":{"self":[{"href":"https:\/\/global-hookah.com\/es\/wp-json\/wp\/v2\/product\/17295","targetHints":{"allow":["GET"]}}],"collection":[{"href":"https:\/\/global-hookah.com\/es\/wp-json\/wp\/v2\/product"}],"about":[{"href":"https:\/\/global-hookah.com\/es\/wp-json\/wp\/v2\/types\/product"}],"replies":[{"embeddable":true,"href":"https:\/\/global-hookah.com\/es\/wp-json\/wp\/v2\/comments?post=17295"}],"version-history":[{"count":0,"href":"https:\/\/global-hookah.com\/es\/wp-json\/wp\/v2\/product\/17295\/revisions"}],"wp:featuredmedia":[{"embeddable":true,"href":"https:\/\/global-hookah.com\/es\/wp-json\/wp\/v2\/media\/17300"}],"wp:attachment":[{"href":"https:\/\/global-hookah.com\/es\/wp-json\/wp\/v2\/media?parent=17295"}],"wp:term":[{"taxonomy":"product_brand","embeddable":true,"href":"https:\/\/global-hookah.com\/es\/wp-json\/wp\/v2\/product_brand?post=17295"},{"taxonomy":"product_cat","embeddable":true,"href":"https:\/\/global-hookah.com\/es\/wp-json\/wp\/v2\/product_cat?post=17295"},{"taxonomy":"product_tag","embeddable":true,"href":"https:\/\/global-hookah.com\/es\/wp-json\/wp\/v2\/product_tag?post=17295"}],"curies":[{"name":"wp","href":"https:\/\/api.w.org\/{rel}","templated":true}]}}