{"id":17310,"date":"2023-12-16T06:35:54","date_gmt":"2023-12-16T06:35:54","guid":{"rendered":"https:\/\/global-hookah.com\/?post_type=product&#038;p=17310"},"modified":"2024-01-12T03:51:26","modified_gmt":"2024-01-12T03:51:26","slug":"wholesale-24-inch-matte-black-hookah-with-hose","status":"publish","type":"product","link":"https:\/\/global-hookah.com\/es\/producto\/wholesale-24-inch-matte-black-hookah-with-hose\/","title":{"rendered":"Mayorista 24 Pulgadas Negro Mate Hookah Con Manguera"},"content":{"rendered":"<p>Este completo <strong>Juego de narguile negro mate de 24 pulgadas<\/strong> de nosotros aporta un dise\u00f1o elegante y minimalista con un jarr\u00f3n de cristal y fondo totalmente negro. Perfecto para uso dom\u00e9stico o para viajes.<\/p>\n<p>Detalles del producto:<\/p>\n<p>El juego completo incluye: <a href=\"https:\/\/global-hookah.com\/product\/aluminum-alloy-hookah-wholesale\/\">Aleaci\u00f3n de aluminio<\/a> y base de cristal, eje, cuenco de cer\u00e1mica lavable, manguera de silicona lavable, cenicero, pinzas, difusor.<br \/>\nEje en espiral ascendente y cuerpo del cono de gran gradiente para un aspecto \u00fanico y novedoso.<br \/>\nEl dise\u00f1o de doble manguera permite su uso simult\u00e1neo.<br \/>\nLos tapones de aire interiores con cojinetes de bolas cierran autom\u00e1ticamente las v\u00e1lvulas de las mangueras cuando no se utilizan.<br \/>\nLas piezas totalmente lavables y plegables facilitan la limpieza y el almacenamiento.<br \/>\nSu construcci\u00f3n duradera proporciona un uso prolongado.<br \/>\nEs una buena idea para regalar.<\/p>\n<p>Este <strong>Narguile negro mate de 24 pulgadas<\/strong> proporciona todo lo necesario para empezar a disfrutar de la narguile en casa. S\u00f3lo tiene que a\u00f1adir tabaco de shisha y carbones para empezar. Su bonito dise\u00f1o tambi\u00e9n la hace perfecta para regalar.<\/p>\n<p>Servicio:<\/p>\n<p>Nuestro equipo profesional de narguile ofrece un servicio y una asistencia de primera. <a href=\"https:\/\/global-hookah.com\/contact-us\/\">P\u00f3ngase en contacto con nosotros<\/a> en cualquier momento con preguntas o problemas para su r\u00e1pida resoluci\u00f3n.<\/p>\n<p>\u00bfA qu\u00e9 espera? P\u00f3ngase en contacto con nosotrosAproveche esta completa, <strong>alta calidad <\/strong><a href=\"https:\/\/global-hookah.com\/product\/small-aluminum-hookah-set-wholesale\/\">hookah set al por mayor<\/a> precios<\/p>","protected":false},"excerpt":{"rendered":"<p>Este completo set de narguile negro mate de 24 pulgadas de nosotros trae un dise\u00f1o elegante y minimalista con un jarr\u00f3n de cristal y<\/p>","protected":false},"featured_media":17306,"comment_status":"open","ping_status":"closed","template":"","meta":{"iawp_total_views":4,"_joinchat":[]},"product_brand":[],"product_cat":[560,119],"product_tag":[],"class_list":{"0":"post-17310","1":"product","2":"type-product","3":"status-publish","4":"has-post-thumbnail","6":"product_cat-glass-hookah-wholesale","7":"product_cat-wholesale-hookah","9":"first","10":"instock","11":"shipping-taxable","12":"product-type-external"},"yoast_head":"<!-- This site is optimized with the Yoast SEO Premium plugin v24.7 (Yoast SEO v26.8) - https:\/\/yoast.com\/product\/yoast-seo-premium-wordpress\/ -->\n<title>Wholesale 24 Inch Matte Black Hookah With Hose - Global Hookah<\/title>\n<meta name=\"robots\" content=\"index, follow, max-snippet:-1, max-image-preview:large, max-video-preview:-1\" \/>\n<link rel=\"canonical\" href=\"https:\/\/global-hookah.com\/es\/producto\/wholesale-24-inch-matte-black-hookah-with-hose\/\" \/>\n<meta property=\"og:locale\" content=\"es_ES\" \/>\n<meta property=\"og:type\" content=\"article\" \/>\n<meta property=\"og:title\" content=\"Wholesale 24 Inch Matte Black Hookah With Hose\" \/>\n<meta property=\"og:description\" content=\"This complete 24-inch matte black hookah set from us brings a stylish and minimalist design with a glass vase and\" \/>\n<meta property=\"og:url\" content=\"https:\/\/global-hookah.com\/es\/producto\/wholesale-24-inch-matte-black-hookah-with-hose\/\" \/>\n<meta property=\"og:site_name\" content=\"Global Hookah\" \/>\n<meta property=\"article:modified_time\" content=\"2024-01-12T03:51:26+00:00\" \/>\n<meta property=\"og:image\" content=\"https:\/\/global-hookah.com\/wp-content\/uploads\/2023\/12\/\u4e3b\u56fe-01-6.jpg\" \/>\n\t<meta property=\"og:image:width\" content=\"1000\" \/>\n\t<meta property=\"og:image:height\" content=\"1000\" \/>\n\t<meta property=\"og:image:type\" content=\"image\/jpeg\" \/>\n<meta name=\"twitter:card\" content=\"summary_large_image\" \/>\n<meta name=\"twitter:label1\" content=\"Tiempo de lectura\" \/>\n\t<meta name=\"twitter:data1\" content=\"1 minuto\" \/>\n<script type=\"application\/ld+json\" class=\"yoast-schema-graph\">{\"@context\":\"https:\/\/schema.org\",\"@graph\":[{\"@type\":\"WebPage\",\"@id\":\"https:\/\/global-hookah.com\/product\/wholesale-24-inch-matte-black-hookah-with-hose\/\",\"url\":\"https:\/\/global-hookah.com\/product\/wholesale-24-inch-matte-black-hookah-with-hose\/\",\"name\":\"Wholesale 24 Inch Matte Black Hookah With Hose - Global Hookah\",\"isPartOf\":{\"@id\":\"https:\/\/global-hookah.com\/#website\"},\"primaryImageOfPage\":{\"@id\":\"https:\/\/global-hookah.com\/product\/wholesale-24-inch-matte-black-hookah-with-hose\/#primaryimage\"},\"image\":{\"@id\":\"https:\/\/global-hookah.com\/product\/wholesale-24-inch-matte-black-hookah-with-hose\/#primaryimage\"},\"thumbnailUrl\":\"https:\/\/global-hookah.com\/wp-content\/uploads\/2023\/12\/\u4e3b\u56fe-01-6.jpg\",\"datePublished\":\"2023-12-16T06:35:54+00:00\",\"dateModified\":\"2024-01-12T03:51:26+00:00\",\"breadcrumb\":{\"@id\":\"https:\/\/global-hookah.com\/product\/wholesale-24-inch-matte-black-hookah-with-hose\/#breadcrumb\"},\"inLanguage\":\"es\",\"potentialAction\":[{\"@type\":\"ReadAction\",\"target\":[\"https:\/\/global-hookah.com\/product\/wholesale-24-inch-matte-black-hookah-with-hose\/\"]}]},{\"@type\":\"ImageObject\",\"inLanguage\":\"es\",\"@id\":\"https:\/\/global-hookah.com\/product\/wholesale-24-inch-matte-black-hookah-with-hose\/#primaryimage\",\"url\":\"https:\/\/global-hookah.com\/wp-content\/uploads\/2023\/12\/\u4e3b\u56fe-01-6.jpg\",\"contentUrl\":\"https:\/\/global-hookah.com\/wp-content\/uploads\/2023\/12\/\u4e3b\u56fe-01-6.jpg\",\"width\":1000,\"height\":1000,\"caption\":\"Wholesale 24 Inch Matte Black Hookah\"},{\"@type\":\"BreadcrumbList\",\"@id\":\"https:\/\/global-hookah.com\/product\/wholesale-24-inch-matte-black-hookah-with-hose\/#breadcrumb\",\"itemListElement\":[{\"@type\":\"ListItem\",\"position\":1,\"name\":\"Home\",\"item\":\"https:\/\/global-hookah.com\/\"},{\"@type\":\"ListItem\",\"position\":2,\"name\":\"Shop\",\"item\":\"https:\/\/global-hookah.com\/shop\/\"},{\"@type\":\"ListItem\",\"position\":3,\"name\":\"Wholesale 24 Inch Matte Black Hookah With Hose\"}]},{\"@type\":\"WebSite\",\"@id\":\"https:\/\/global-hookah.com\/#website\",\"url\":\"https:\/\/global-hookah.com\/\",\"name\":\"Global Hookah\",\"description\":\"Global Hookah\",\"publisher\":{\"@id\":\"https:\/\/global-hookah.com\/#organization\"},\"potentialAction\":[{\"@type\":\"SearchAction\",\"target\":{\"@type\":\"EntryPoint\",\"urlTemplate\":\"https:\/\/global-hookah.com\/?s={search_term_string}\"},\"query-input\":{\"@type\":\"PropertyValueSpecification\",\"valueRequired\":true,\"valueName\":\"search_term_string\"}}],\"inLanguage\":\"es\"},{\"@type\":\"Organization\",\"@id\":\"https:\/\/global-hookah.com\/#organization\",\"name\":\"Global Hookah\",\"url\":\"https:\/\/global-hookah.com\/\",\"logo\":{\"@type\":\"ImageObject\",\"inLanguage\":\"es\",\"@id\":\"https:\/\/global-hookah.com\/#\/schema\/logo\/image\/\",\"url\":\"https:\/\/global-hookah.com\/wp-content\/uploads\/2021\/10\/cropped-fgg.png\",\"contentUrl\":\"https:\/\/global-hookah.com\/wp-content\/uploads\/2021\/10\/cropped-fgg.png\",\"width\":512,\"height\":512,\"caption\":\"Global Hookah\"},\"image\":{\"@id\":\"https:\/\/global-hookah.com\/#\/schema\/logo\/image\/\"}}]}<\/script>\n<!-- \/ Yoast SEO Premium plugin. -->","yoast_head_json":{"title":"Mayorista 24 Pulgadas Negro Mate Hookah Con Manguera - Global Hookah","robots":{"index":"index","follow":"follow","max-snippet":"max-snippet:-1","max-image-preview":"max-image-preview:large","max-video-preview":"max-video-preview:-1"},"canonical":"https:\/\/global-hookah.com\/es\/producto\/wholesale-24-inch-matte-black-hookah-with-hose\/","og_locale":"es_ES","og_type":"article","og_title":"Wholesale 24 Inch Matte Black Hookah With Hose","og_description":"This complete 24-inch matte black hookah set from us brings a stylish and minimalist design with a glass vase and","og_url":"https:\/\/global-hookah.com\/es\/producto\/wholesale-24-inch-matte-black-hookah-with-hose\/","og_site_name":"Global Hookah","article_modified_time":"2024-01-12T03:51:26+00:00","og_image":[{"width":1000,"height":1000,"url":"https:\/\/global-hookah.com\/wp-content\/uploads\/2023\/12\/\u4e3b\u56fe-01-6.jpg","type":"image\/jpeg"}],"twitter_card":"summary_large_image","twitter_misc":{"Tiempo de lectura":"1 minuto"},"schema":{"@context":"https:\/\/schema.org","@graph":[{"@type":"WebPage","@id":"https:\/\/global-hookah.com\/product\/wholesale-24-inch-matte-black-hookah-with-hose\/","url":"https:\/\/global-hookah.com\/product\/wholesale-24-inch-matte-black-hookah-with-hose\/","name":"Mayorista 24 Pulgadas Negro Mate Hookah Con Manguera - Global Hookah","isPartOf":{"@id":"https:\/\/global-hookah.com\/#website"},"primaryImageOfPage":{"@id":"https:\/\/global-hookah.com\/product\/wholesale-24-inch-matte-black-hookah-with-hose\/#primaryimage"},"image":{"@id":"https:\/\/global-hookah.com\/product\/wholesale-24-inch-matte-black-hookah-with-hose\/#primaryimage"},"thumbnailUrl":"https:\/\/global-hookah.com\/wp-content\/uploads\/2023\/12\/\u4e3b\u56fe-01-6.jpg","datePublished":"2023-12-16T06:35:54+00:00","dateModified":"2024-01-12T03:51:26+00:00","breadcrumb":{"@id":"https:\/\/global-hookah.com\/product\/wholesale-24-inch-matte-black-hookah-with-hose\/#breadcrumb"},"inLanguage":"es","potentialAction":[{"@type":"ReadAction","target":["https:\/\/global-hookah.com\/product\/wholesale-24-inch-matte-black-hookah-with-hose\/"]}]},{"@type":"ImageObject","inLanguage":"es","@id":"https:\/\/global-hookah.com\/product\/wholesale-24-inch-matte-black-hookah-with-hose\/#primaryimage","url":"https:\/\/global-hookah.com\/wp-content\/uploads\/2023\/12\/\u4e3b\u56fe-01-6.jpg","contentUrl":"https:\/\/global-hookah.com\/wp-content\/uploads\/2023\/12\/\u4e3b\u56fe-01-6.jpg","width":1000,"height":1000,"caption":"Wholesale 24 Inch Matte Black Hookah"},{"@type":"BreadcrumbList","@id":"https:\/\/global-hookah.com\/product\/wholesale-24-inch-matte-black-hookah-with-hose\/#breadcrumb","itemListElement":[{"@type":"ListItem","position":1,"name":"Home","item":"https:\/\/global-hookah.com\/"},{"@type":"ListItem","position":2,"name":"Shop","item":"https:\/\/global-hookah.com\/shop\/"},{"@type":"ListItem","position":3,"name":"Wholesale 24 Inch Matte Black Hookah With Hose"}]},{"@type":"WebSite","@id":"https:\/\/global-hookah.com\/#website","url":"https:\/\/global-hookah.com\/","name":"Global Hookah","description":"Global Hookah","publisher":{"@id":"https:\/\/global-hookah.com\/#organization"},"potentialAction":[{"@type":"SearchAction","target":{"@type":"EntryPoint","urlTemplate":"https:\/\/global-hookah.com\/?s={search_term_string}"},"query-input":{"@type":"PropertyValueSpecification","valueRequired":true,"valueName":"search_term_string"}}],"inLanguage":"es"},{"@type":"Organization","@id":"https:\/\/global-hookah.com\/#organization","name":"Global Hookah","url":"https:\/\/global-hookah.com\/","logo":{"@type":"ImageObject","inLanguage":"es","@id":"https:\/\/global-hookah.com\/#\/schema\/logo\/image\/","url":"https:\/\/global-hookah.com\/wp-content\/uploads\/2021\/10\/cropped-fgg.png","contentUrl":"https:\/\/global-hookah.com\/wp-content\/uploads\/2021\/10\/cropped-fgg.png","width":512,"height":512,"caption":"Global Hookah"},"image":{"@id":"https:\/\/global-hookah.com\/#\/schema\/logo\/image\/"}}]}},"_links":{"self":[{"href":"https:\/\/global-hookah.com\/es\/wp-json\/wp\/v2\/product\/17310","targetHints":{"allow":["GET"]}}],"collection":[{"href":"https:\/\/global-hookah.com\/es\/wp-json\/wp\/v2\/product"}],"about":[{"href":"https:\/\/global-hookah.com\/es\/wp-json\/wp\/v2\/types\/product"}],"replies":[{"embeddable":true,"href":"https:\/\/global-hookah.com\/es\/wp-json\/wp\/v2\/comments?post=17310"}],"version-history":[{"count":0,"href":"https:\/\/global-hookah.com\/es\/wp-json\/wp\/v2\/product\/17310\/revisions"}],"wp:featuredmedia":[{"embeddable":true,"href":"https:\/\/global-hookah.com\/es\/wp-json\/wp\/v2\/media\/17306"}],"wp:attachment":[{"href":"https:\/\/global-hookah.com\/es\/wp-json\/wp\/v2\/media?parent=17310"}],"wp:term":[{"taxonomy":"product_brand","embeddable":true,"href":"https:\/\/global-hookah.com\/es\/wp-json\/wp\/v2\/product_brand?post=17310"},{"taxonomy":"product_cat","embeddable":true,"href":"https:\/\/global-hookah.com\/es\/wp-json\/wp\/v2\/product_cat?post=17310"},{"taxonomy":"product_tag","embeddable":true,"href":"https:\/\/global-hookah.com\/es\/wp-json\/wp\/v2\/product_tag?post=17310"}],"curies":[{"name":"wp","href":"https:\/\/api.w.org\/{rel}","templated":true}]}}