{"id":17325,"date":"2023-12-16T07:15:24","date_gmt":"2023-12-16T07:15:24","guid":{"rendered":"https:\/\/global-hookah.com\/?post_type=product&#038;p=17325"},"modified":"2024-01-12T03:51:25","modified_gmt":"2024-01-12T03:51:25","slug":"wholesale-imported-turkish-hookahs-with-middle-eastern-style","status":"publish","type":"product","link":"https:\/\/global-hookah.com\/es\/producto\/wholesale-imported-turkish-hookahs-with-middle-eastern-style\/","title":{"rendered":"Mayorista de narguiles turcos importados con estilo de Oriente Medio"},"content":{"rendered":"<p>Nosotros <strong>venta al por mayor de una amplia gama de narguiles de estilo turco de alta calidad<\/strong>todos con rasgos de Oriente Medio y colores brillantes<br \/>\nEstas pipas narguile est\u00e1n fabricadas en acero inoxidable de alta calidad y dise\u00f1adas al estilo tradicional persa, lo que le permitir\u00e1 disfrutar de la mejor experiencia de fumar.<\/p>\n<p>Caracter\u00edsticas:<\/p>\n<p>Tanque de vidrio transparente, se puede ver el humo arremolin\u00e1ndose y subiendo<br \/>\nM\u00faltiples colores disponibles para satisfacer diferentes preferencias<br \/>\nForma \u00fanica con un marcado estilo de Oriente Medio<br \/>\nTodo el narguile est\u00e1 hecho a mano con cristal y lat\u00f3n.<br \/>\nCada componente se elabora cuidadosamente siguiendo t\u00e9cnicas artesanales ancestrales<br \/>\nArtesan\u00eda \u00fanica tallada a mano, llena de costumbres \u00e9tnicas<br \/>\nEl efecto del humo es excepcional y la experiencia de fumar es extremadamente suave.<\/p>\n<p>Escena aplicable:<br \/>\nBares, restaurantes, discotecas, uso dom\u00e9stico, etc. Como decoraci\u00f3n, a\u00f1ade una atm\u00f3sfera est\u00e9tica cl\u00e1sica oriental. Tambi\u00e9n es adecuado para <a href=\"https:\/\/global-hookah.com\/product-category\/wholesale-hookah\/\">proveedores mayoristas de narguile<\/a> o distribuidores.<\/p>","protected":false},"excerpt":{"rendered":"<p>Vendemos al por mayor una amplia gama de narguiles de estilo turco de alta calidad, todos con caracter\u00edsticas de Oriente Medio y colores brillantes.<\/p>","protected":false},"featured_media":17327,"comment_status":"open","ping_status":"closed","template":"","meta":{"iawp_total_views":15,"_joinchat":[]},"product_brand":[],"product_cat":[560,119],"product_tag":[],"class_list":{"0":"post-17325","1":"product","2":"type-product","3":"status-publish","4":"has-post-thumbnail","6":"product_cat-glass-hookah-wholesale","7":"product_cat-wholesale-hookah","9":"first","10":"instock","11":"shipping-taxable","12":"product-type-external"},"yoast_head":"<!-- This site is optimized with the Yoast SEO Premium plugin v24.7 (Yoast SEO v26.8) - https:\/\/yoast.com\/product\/yoast-seo-premium-wordpress\/ -->\n<title>Wholesale Imported Turkish Hookahs with Middle Eastern Style - Global Hookah<\/title>\n<meta name=\"robots\" content=\"index, follow, max-snippet:-1, max-image-preview:large, max-video-preview:-1\" \/>\n<link rel=\"canonical\" href=\"https:\/\/global-hookah.com\/es\/ru\/\u043f\u0440\u043e\u0434\u0443\u043a\u0442\/\u043e\u043f\u0442\u043e\u0432\u044b\u0435-\u0438\u043c\u043f\u043e\u0440\u0442\u043d\u044b\u0435-\u0442\u0443\u0440\u0435\u0446\u043a\u0438\u0435-\u043a\u0430\u043b\u044c\u044f\u043d\u044b-\u0432\/\" \/>\n<meta property=\"og:locale\" content=\"es_ES\" \/>\n<meta property=\"og:type\" content=\"article\" \/>\n<meta property=\"og:title\" content=\"Wholesale Imported Turkish Hookahs with Middle Eastern Style\" \/>\n<meta property=\"og:description\" content=\"We wholesale a large range of high quality Turkish style hookahs, all with Middle Eastern features and brilliant colors These\" \/>\n<meta property=\"og:url\" content=\"https:\/\/global-hookah.com\/es\/ru\/\u043f\u0440\u043e\u0434\u0443\u043a\u0442\/\u043e\u043f\u0442\u043e\u0432\u044b\u0435-\u0438\u043c\u043f\u043e\u0440\u0442\u043d\u044b\u0435-\u0442\u0443\u0440\u0435\u0446\u043a\u0438\u0435-\u043a\u0430\u043b\u044c\u044f\u043d\u044b-\u0432\/\" \/>\n<meta property=\"og:site_name\" content=\"Global Hookah\" \/>\n<meta property=\"article:modified_time\" content=\"2024-01-12T03:51:25+00:00\" \/>\n<meta property=\"og:image\" content=\"https:\/\/global-hookah.com\/wp-content\/uploads\/2023\/12\/\u4e3b\u56fe-08.jpg\" \/>\n\t<meta property=\"og:image:width\" content=\"1000\" \/>\n\t<meta property=\"og:image:height\" content=\"1000\" \/>\n\t<meta property=\"og:image:type\" content=\"image\/jpeg\" \/>\n<meta name=\"twitter:card\" content=\"summary_large_image\" \/>\n<meta name=\"twitter:label1\" content=\"Tiempo de lectura\" \/>\n\t<meta name=\"twitter:data1\" content=\"1 minuto\" \/>\n<script type=\"application\/ld+json\" class=\"yoast-schema-graph\">{\"@context\":\"https:\/\/schema.org\",\"@graph\":[{\"@type\":\"WebPage\",\"@id\":\"https:\/\/global-hookah.com\/ru\/\u043f\u0440\u043e\u0434\u0443\u043a\u0442\/%d0%be%d0%bf%d1%82%d0%be%d0%b2%d1%8b%d0%b5-%d0%b8%d0%bc%d0%bf%d0%be%d1%80%d1%82%d0%bd%d1%8b%d0%b5-%d1%82%d1%83%d1%80%d0%b5%d1%86%d0%ba%d0%b8%d0%b5-%d0%ba%d0%b0%d0%bb%d1%8c%d1%8f%d0%bd%d1%8b-%d0%b2\/\",\"url\":\"https:\/\/global-hookah.com\/ru\/\u043f\u0440\u043e\u0434\u0443\u043a\u0442\/%d0%be%d0%bf%d1%82%d0%be%d0%b2%d1%8b%d0%b5-%d0%b8%d0%bc%d0%bf%d0%be%d1%80%d1%82%d0%bd%d1%8b%d0%b5-%d1%82%d1%83%d1%80%d0%b5%d1%86%d0%ba%d0%b8%d0%b5-%d0%ba%d0%b0%d0%bb%d1%8c%d1%8f%d0%bd%d1%8b-%d0%b2\/\",\"name\":\"Wholesale Imported Turkish Hookahs with Middle Eastern Style - Global Hookah\",\"isPartOf\":{\"@id\":\"https:\/\/global-hookah.com\/#website\"},\"primaryImageOfPage\":{\"@id\":\"https:\/\/global-hookah.com\/ru\/\u043f\u0440\u043e\u0434\u0443\u043a\u0442\/%d0%be%d0%bf%d1%82%d0%be%d0%b2%d1%8b%d0%b5-%d0%b8%d0%bc%d0%bf%d0%be%d1%80%d1%82%d0%bd%d1%8b%d0%b5-%d1%82%d1%83%d1%80%d0%b5%d1%86%d0%ba%d0%b8%d0%b5-%d0%ba%d0%b0%d0%bb%d1%8c%d1%8f%d0%bd%d1%8b-%d0%b2\/#primaryimage\"},\"image\":{\"@id\":\"https:\/\/global-hookah.com\/ru\/\u043f\u0440\u043e\u0434\u0443\u043a\u0442\/%d0%be%d0%bf%d1%82%d0%be%d0%b2%d1%8b%d0%b5-%d0%b8%d0%bc%d0%bf%d0%be%d1%80%d1%82%d0%bd%d1%8b%d0%b5-%d1%82%d1%83%d1%80%d0%b5%d1%86%d0%ba%d0%b8%d0%b5-%d0%ba%d0%b0%d0%bb%d1%8c%d1%8f%d0%bd%d1%8b-%d0%b2\/#primaryimage\"},\"thumbnailUrl\":\"https:\/\/global-hookah.com\/wp-content\/uploads\/2023\/12\/\u4e3b\u56fe-08.jpg\",\"datePublished\":\"2023-12-16T07:15:24+00:00\",\"dateModified\":\"2024-01-12T03:51:25+00:00\",\"breadcrumb\":{\"@id\":\"https:\/\/global-hookah.com\/ru\/\u043f\u0440\u043e\u0434\u0443\u043a\u0442\/%d0%be%d0%bf%d1%82%d0%be%d0%b2%d1%8b%d0%b5-%d0%b8%d0%bc%d0%bf%d0%be%d1%80%d1%82%d0%bd%d1%8b%d0%b5-%d1%82%d1%83%d1%80%d0%b5%d1%86%d0%ba%d0%b8%d0%b5-%d0%ba%d0%b0%d0%bb%d1%8c%d1%8f%d0%bd%d1%8b-%d0%b2\/#breadcrumb\"},\"inLanguage\":\"es\",\"potentialAction\":[{\"@type\":\"ReadAction\",\"target\":[\"https:\/\/global-hookah.com\/ru\/\u043f\u0440\u043e\u0434\u0443\u043a\u0442\/%d0%be%d0%bf%d1%82%d0%be%d0%b2%d1%8b%d0%b5-%d0%b8%d0%bc%d0%bf%d0%be%d1%80%d1%82%d0%bd%d1%8b%d0%b5-%d1%82%d1%83%d1%80%d0%b5%d1%86%d0%ba%d0%b8%d0%b5-%d0%ba%d0%b0%d0%bb%d1%8c%d1%8f%d0%bd%d1%8b-%d0%b2\/\"]}]},{\"@type\":\"ImageObject\",\"inLanguage\":\"es\",\"@id\":\"https:\/\/global-hookah.com\/ru\/\u043f\u0440\u043e\u0434\u0443\u043a\u0442\/%d0%be%d0%bf%d1%82%d0%be%d0%b2%d1%8b%d0%b5-%d0%b8%d0%bc%d0%bf%d0%be%d1%80%d1%82%d0%bd%d1%8b%d0%b5-%d1%82%d1%83%d1%80%d0%b5%d1%86%d0%ba%d0%b8%d0%b5-%d0%ba%d0%b0%d0%bb%d1%8c%d1%8f%d0%bd%d1%8b-%d0%b2\/#primaryimage\",\"url\":\"https:\/\/global-hookah.com\/wp-content\/uploads\/2023\/12\/\u4e3b\u56fe-08.jpg\",\"contentUrl\":\"https:\/\/global-hookah.com\/wp-content\/uploads\/2023\/12\/\u4e3b\u56fe-08.jpg\",\"width\":1000,\"height\":1000,\"caption\":\"Wholesale Imported Turkish Hookahs with Middle Eastern Style\"},{\"@type\":\"BreadcrumbList\",\"@id\":\"https:\/\/global-hookah.com\/ru\/\u043f\u0440\u043e\u0434\u0443\u043a\u0442\/%d0%be%d0%bf%d1%82%d0%be%d0%b2%d1%8b%d0%b5-%d0%b8%d0%bc%d0%bf%d0%be%d1%80%d1%82%d0%bd%d1%8b%d0%b5-%d1%82%d1%83%d1%80%d0%b5%d1%86%d0%ba%d0%b8%d0%b5-%d0%ba%d0%b0%d0%bb%d1%8c%d1%8f%d0%bd%d1%8b-%d0%b2\/#breadcrumb\",\"itemListElement\":[{\"@type\":\"ListItem\",\"position\":1,\"name\":\"Home\",\"item\":\"https:\/\/global-hookah.com\/\"},{\"@type\":\"ListItem\",\"position\":2,\"name\":\"Shop\",\"item\":\"https:\/\/global-hookah.com\/shop\/\"},{\"@type\":\"ListItem\",\"position\":3,\"name\":\"Wholesale Imported Turkish Hookahs with Middle Eastern Style\"}]},{\"@type\":\"WebSite\",\"@id\":\"https:\/\/global-hookah.com\/#website\",\"url\":\"https:\/\/global-hookah.com\/\",\"name\":\"Global Hookah\",\"description\":\"Global Hookah\",\"publisher\":{\"@id\":\"https:\/\/global-hookah.com\/#organization\"},\"potentialAction\":[{\"@type\":\"SearchAction\",\"target\":{\"@type\":\"EntryPoint\",\"urlTemplate\":\"https:\/\/global-hookah.com\/?s={search_term_string}\"},\"query-input\":{\"@type\":\"PropertyValueSpecification\",\"valueRequired\":true,\"valueName\":\"search_term_string\"}}],\"inLanguage\":\"es\"},{\"@type\":\"Organization\",\"@id\":\"https:\/\/global-hookah.com\/#organization\",\"name\":\"Global Hookah\",\"url\":\"https:\/\/global-hookah.com\/\",\"logo\":{\"@type\":\"ImageObject\",\"inLanguage\":\"es\",\"@id\":\"https:\/\/global-hookah.com\/#\/schema\/logo\/image\/\",\"url\":\"https:\/\/global-hookah.com\/wp-content\/uploads\/2021\/10\/cropped-fgg.png\",\"contentUrl\":\"https:\/\/global-hookah.com\/wp-content\/uploads\/2021\/10\/cropped-fgg.png\",\"width\":512,\"height\":512,\"caption\":\"Global Hookah\"},\"image\":{\"@id\":\"https:\/\/global-hookah.com\/#\/schema\/logo\/image\/\"}}]}<\/script>\n<!-- \/ Yoast SEO Premium plugin. -->","yoast_head_json":{"title":"Mayorista Importados Hookahs turcos con estilo de Oriente Medio - Global Hookah","robots":{"index":"index","follow":"follow","max-snippet":"max-snippet:-1","max-image-preview":"max-image-preview:large","max-video-preview":"max-video-preview:-1"},"canonical":"https:\/\/global-hookah.com\/es\/ru\/\u043f\u0440\u043e\u0434\u0443\u043a\u0442\/\u043e\u043f\u0442\u043e\u0432\u044b\u0435-\u0438\u043c\u043f\u043e\u0440\u0442\u043d\u044b\u0435-\u0442\u0443\u0440\u0435\u0446\u043a\u0438\u0435-\u043a\u0430\u043b\u044c\u044f\u043d\u044b-\u0432\/","og_locale":"es_ES","og_type":"article","og_title":"Wholesale Imported Turkish Hookahs with Middle Eastern Style","og_description":"We wholesale a large range of high quality Turkish style hookahs, all with Middle Eastern features and brilliant colors These","og_url":"https:\/\/global-hookah.com\/es\/ru\/\u043f\u0440\u043e\u0434\u0443\u043a\u0442\/\u043e\u043f\u0442\u043e\u0432\u044b\u0435-\u0438\u043c\u043f\u043e\u0440\u0442\u043d\u044b\u0435-\u0442\u0443\u0440\u0435\u0446\u043a\u0438\u0435-\u043a\u0430\u043b\u044c\u044f\u043d\u044b-\u0432\/","og_site_name":"Global Hookah","article_modified_time":"2024-01-12T03:51:25+00:00","og_image":[{"width":1000,"height":1000,"url":"https:\/\/global-hookah.com\/wp-content\/uploads\/2023\/12\/\u4e3b\u56fe-08.jpg","type":"image\/jpeg"}],"twitter_card":"summary_large_image","twitter_misc":{"Tiempo de lectura":"1 minuto"},"schema":{"@context":"https:\/\/schema.org","@graph":[{"@type":"WebPage","@id":"https:\/\/global-hookah.com\/ru\/\u043f\u0440\u043e\u0434\u0443\u043a\u0442\/%d0%be%d0%bf%d1%82%d0%be%d0%b2%d1%8b%d0%b5-%d0%b8%d0%bc%d0%bf%d0%be%d1%80%d1%82%d0%bd%d1%8b%d0%b5-%d1%82%d1%83%d1%80%d0%b5%d1%86%d0%ba%d0%b8%d0%b5-%d0%ba%d0%b0%d0%bb%d1%8c%d1%8f%d0%bd%d1%8b-%d0%b2\/","url":"https:\/\/global-hookah.com\/ru\/\u043f\u0440\u043e\u0434\u0443\u043a\u0442\/%d0%be%d0%bf%d1%82%d0%be%d0%b2%d1%8b%d0%b5-%d0%b8%d0%bc%d0%bf%d0%be%d1%80%d1%82%d0%bd%d1%8b%d0%b5-%d1%82%d1%83%d1%80%d0%b5%d1%86%d0%ba%d0%b8%d0%b5-%d0%ba%d0%b0%d0%bb%d1%8c%d1%8f%d0%bd%d1%8b-%d0%b2\/","name":"Mayorista Importados Hookahs turcos con estilo de Oriente Medio - Global Hookah","isPartOf":{"@id":"https:\/\/global-hookah.com\/#website"},"primaryImageOfPage":{"@id":"https:\/\/global-hookah.com\/ru\/\u043f\u0440\u043e\u0434\u0443\u043a\u0442\/%d0%be%d0%bf%d1%82%d0%be%d0%b2%d1%8b%d0%b5-%d0%b8%d0%bc%d0%bf%d0%be%d1%80%d1%82%d0%bd%d1%8b%d0%b5-%d1%82%d1%83%d1%80%d0%b5%d1%86%d0%ba%d0%b8%d0%b5-%d0%ba%d0%b0%d0%bb%d1%8c%d1%8f%d0%bd%d1%8b-%d0%b2\/#primaryimage"},"image":{"@id":"https:\/\/global-hookah.com\/ru\/\u043f\u0440\u043e\u0434\u0443\u043a\u0442\/%d0%be%d0%bf%d1%82%d0%be%d0%b2%d1%8b%d0%b5-%d0%b8%d0%bc%d0%bf%d0%be%d1%80%d1%82%d0%bd%d1%8b%d0%b5-%d1%82%d1%83%d1%80%d0%b5%d1%86%d0%ba%d0%b8%d0%b5-%d0%ba%d0%b0%d0%bb%d1%8c%d1%8f%d0%bd%d1%8b-%d0%b2\/#primaryimage"},"thumbnailUrl":"https:\/\/global-hookah.com\/wp-content\/uploads\/2023\/12\/\u4e3b\u56fe-08.jpg","datePublished":"2023-12-16T07:15:24+00:00","dateModified":"2024-01-12T03:51:25+00:00","breadcrumb":{"@id":"https:\/\/global-hookah.com\/ru\/\u043f\u0440\u043e\u0434\u0443\u043a\u0442\/%d0%be%d0%bf%d1%82%d0%be%d0%b2%d1%8b%d0%b5-%d0%b8%d0%bc%d0%bf%d0%be%d1%80%d1%82%d0%bd%d1%8b%d0%b5-%d1%82%d1%83%d1%80%d0%b5%d1%86%d0%ba%d0%b8%d0%b5-%d0%ba%d0%b0%d0%bb%d1%8c%d1%8f%d0%bd%d1%8b-%d0%b2\/#breadcrumb"},"inLanguage":"es","potentialAction":[{"@type":"ReadAction","target":["https:\/\/global-hookah.com\/ru\/\u043f\u0440\u043e\u0434\u0443\u043a\u0442\/%d0%be%d0%bf%d1%82%d0%be%d0%b2%d1%8b%d0%b5-%d0%b8%d0%bc%d0%bf%d0%be%d1%80%d1%82%d0%bd%d1%8b%d0%b5-%d1%82%d1%83%d1%80%d0%b5%d1%86%d0%ba%d0%b8%d0%b5-%d0%ba%d0%b0%d0%bb%d1%8c%d1%8f%d0%bd%d1%8b-%d0%b2\/"]}]},{"@type":"ImageObject","inLanguage":"es","@id":"https:\/\/global-hookah.com\/ru\/\u043f\u0440\u043e\u0434\u0443\u043a\u0442\/%d0%be%d0%bf%d1%82%d0%be%d0%b2%d1%8b%d0%b5-%d0%b8%d0%bc%d0%bf%d0%be%d1%80%d1%82%d0%bd%d1%8b%d0%b5-%d1%82%d1%83%d1%80%d0%b5%d1%86%d0%ba%d0%b8%d0%b5-%d0%ba%d0%b0%d0%bb%d1%8c%d1%8f%d0%bd%d1%8b-%d0%b2\/#primaryimage","url":"https:\/\/global-hookah.com\/wp-content\/uploads\/2023\/12\/\u4e3b\u56fe-08.jpg","contentUrl":"https:\/\/global-hookah.com\/wp-content\/uploads\/2023\/12\/\u4e3b\u56fe-08.jpg","width":1000,"height":1000,"caption":"Wholesale Imported Turkish Hookahs with Middle Eastern Style"},{"@type":"BreadcrumbList","@id":"https:\/\/global-hookah.com\/ru\/\u043f\u0440\u043e\u0434\u0443\u043a\u0442\/%d0%be%d0%bf%d1%82%d0%be%d0%b2%d1%8b%d0%b5-%d0%b8%d0%bc%d0%bf%d0%be%d1%80%d1%82%d0%bd%d1%8b%d0%b5-%d1%82%d1%83%d1%80%d0%b5%d1%86%d0%ba%d0%b8%d0%b5-%d0%ba%d0%b0%d0%bb%d1%8c%d1%8f%d0%bd%d1%8b-%d0%b2\/#breadcrumb","itemListElement":[{"@type":"ListItem","position":1,"name":"Home","item":"https:\/\/global-hookah.com\/"},{"@type":"ListItem","position":2,"name":"Shop","item":"https:\/\/global-hookah.com\/shop\/"},{"@type":"ListItem","position":3,"name":"Wholesale Imported Turkish Hookahs with Middle Eastern Style"}]},{"@type":"WebSite","@id":"https:\/\/global-hookah.com\/#website","url":"https:\/\/global-hookah.com\/","name":"Global Hookah","description":"Global Hookah","publisher":{"@id":"https:\/\/global-hookah.com\/#organization"},"potentialAction":[{"@type":"SearchAction","target":{"@type":"EntryPoint","urlTemplate":"https:\/\/global-hookah.com\/?s={search_term_string}"},"query-input":{"@type":"PropertyValueSpecification","valueRequired":true,"valueName":"search_term_string"}}],"inLanguage":"es"},{"@type":"Organization","@id":"https:\/\/global-hookah.com\/#organization","name":"Global Hookah","url":"https:\/\/global-hookah.com\/","logo":{"@type":"ImageObject","inLanguage":"es","@id":"https:\/\/global-hookah.com\/#\/schema\/logo\/image\/","url":"https:\/\/global-hookah.com\/wp-content\/uploads\/2021\/10\/cropped-fgg.png","contentUrl":"https:\/\/global-hookah.com\/wp-content\/uploads\/2021\/10\/cropped-fgg.png","width":512,"height":512,"caption":"Global Hookah"},"image":{"@id":"https:\/\/global-hookah.com\/#\/schema\/logo\/image\/"}}]}},"_links":{"self":[{"href":"https:\/\/global-hookah.com\/es\/wp-json\/wp\/v2\/product\/17325","targetHints":{"allow":["GET"]}}],"collection":[{"href":"https:\/\/global-hookah.com\/es\/wp-json\/wp\/v2\/product"}],"about":[{"href":"https:\/\/global-hookah.com\/es\/wp-json\/wp\/v2\/types\/product"}],"replies":[{"embeddable":true,"href":"https:\/\/global-hookah.com\/es\/wp-json\/wp\/v2\/comments?post=17325"}],"version-history":[{"count":0,"href":"https:\/\/global-hookah.com\/es\/wp-json\/wp\/v2\/product\/17325\/revisions"}],"wp:featuredmedia":[{"embeddable":true,"href":"https:\/\/global-hookah.com\/es\/wp-json\/wp\/v2\/media\/17327"}],"wp:attachment":[{"href":"https:\/\/global-hookah.com\/es\/wp-json\/wp\/v2\/media?parent=17325"}],"wp:term":[{"taxonomy":"product_brand","embeddable":true,"href":"https:\/\/global-hookah.com\/es\/wp-json\/wp\/v2\/product_brand?post=17325"},{"taxonomy":"product_cat","embeddable":true,"href":"https:\/\/global-hookah.com\/es\/wp-json\/wp\/v2\/product_cat?post=17325"},{"taxonomy":"product_tag","embeddable":true,"href":"https:\/\/global-hookah.com\/es\/wp-json\/wp\/v2\/product_tag?post=17325"}],"curies":[{"name":"wp","href":"https:\/\/api.w.org\/{rel}","templated":true}]}}