{"id":17357,"date":"2023-12-16T07:32:19","date_gmt":"2023-12-16T07:32:19","guid":{"rendered":"https:\/\/global-hookah.com\/?post_type=product&#038;p=17357"},"modified":"2023-12-27T08:52:54","modified_gmt":"2023-12-27T08:52:54","slug":"high-end-middle-eastern-hookah-wholesale","status":"publish","type":"product","link":"https:\/\/global-hookah.com\/es\/producto\/high-end-middle-eastern-hookah-wholesale\/","title":{"rendered":"Hookah de Oriente Medio de alta gama al por mayor"},"content":{"rendered":"<p>La mayor ventaja de este <strong>narguile de lujo de Oriente Medio<\/strong> es su dise\u00f1o de apariencia \u00fanica. Tiene un elegante tallo alto con un dise\u00f1o \u00fanico en espiral que envuelve el eje central. Este toque art\u00edstico no s\u00f3lo es bonito, sino que tambi\u00e9n puede ayudar a que el humo fluya m\u00e1s suavemente. Tambi\u00e9n tiene las siguientes caracter\u00edsticas<\/p>\n<p><strong>Set de narguile de alta gama de Oriente Medio<\/strong> Contiene un dep\u00f3sito de hielo, donde se pueden colocar cubitos para enfriar el humo.<\/p>\n<p>Una alta calidad <a href=\"https:\/\/global-hookah.com\/product\/ceramic-hookah-bowl-wholesale\/\">cuenco de cer\u00e1mica para narguile<\/a>tiene un aislamiento t\u00e9rmico extremadamente alto y puede mantener el humo a su temperatura original.<\/p>\n<p><strong>Narguile art\u00edstico de Oriente Medio equipado<\/strong> Gracias a sus m\u00faltiples interfaces de manguera, puede ser utilizado por varias personas al mismo tiempo, lo que lo convierte en la opci\u00f3n ideal para fiestas y reuniones sociales.<\/p>\n<p>El tubo de humo de acero inoxidable de alta gama adopta un dise\u00f1o hueco de doble capa para filtrar las impurezas y proporcionar un humo extremadamente suave.<\/p>\n<p>La manguera adopta un proceso de encerado, que es duradero y fiable.<\/p>\n<p>La bandeja de carb\u00f3n de cer\u00e1mica de alta tecnolog\u00eda y el sistema de mapa t\u00e9rmico pueden controlar con precisi\u00f3n la temperatura del carb\u00f3n, tostar completamente el tabaco y liberar <a href=\"https:\/\/global-hookah.com\/how-to-make-hookah-smoke-thicker-help-you-improve-your-hookah-experience\/\">humo m\u00e1s denso y suave<\/a>.<\/p>\n<p>Equipada con una tapa de cer\u00e1mica de alta gama, puede sellar la pipa de agua y utilizarse como bandeja para fumar.<\/p>\n<p>Dise\u00f1o de estilo oriental, cada <strong>Lujosa pipa de shisha dorada en espiral<\/strong> est\u00e1 hecho a mano<\/p>","protected":false},"excerpt":{"rendered":"<p>La mayor ventaja de este lujoso narguile de Oriente Medio es su dise\u00f1o de apariencia \u00fanica. Tiene un elegante tallo alto<\/p>","protected":false},"featured_media":17362,"comment_status":"open","ping_status":"closed","template":"","meta":{"iawp_total_views":2,"_joinchat":[]},"product_brand":[],"product_cat":[119],"product_tag":[],"class_list":{"0":"post-17357","1":"product","2":"type-product","3":"status-publish","4":"has-post-thumbnail","6":"product_cat-wholesale-hookah","8":"first","9":"instock","10":"shipping-taxable","11":"product-type-external"},"yoast_head":"<!-- This site is optimized with the Yoast SEO Premium plugin v24.7 (Yoast SEO v26.8) - https:\/\/yoast.com\/product\/yoast-seo-premium-wordpress\/ -->\n<title>High-End Middle Eastern Hookah Wholesale - Global Hookah<\/title>\n<meta name=\"robots\" content=\"index, follow, max-snippet:-1, max-image-preview:large, max-video-preview:-1\" \/>\n<link rel=\"canonical\" href=\"https:\/\/global-hookah.com\/es\/producto\/high-end-middle-eastern-hookah-wholesale\/\" \/>\n<meta property=\"og:locale\" content=\"es_ES\" \/>\n<meta property=\"og:type\" content=\"article\" \/>\n<meta property=\"og:title\" content=\"High-End Middle Eastern Hookah Wholesale\" \/>\n<meta property=\"og:description\" content=\"The biggest advantage of this luxury Middle Eastern hookah is its unique appearance design. It has an elegant tall stem\" \/>\n<meta property=\"og:url\" content=\"https:\/\/global-hookah.com\/es\/producto\/high-end-middle-eastern-hookah-wholesale\/\" \/>\n<meta property=\"og:site_name\" content=\"Global Hookah\" \/>\n<meta property=\"article:modified_time\" content=\"2023-12-27T08:52:54+00:00\" \/>\n<meta property=\"og:image\" content=\"https:\/\/global-hookah.com\/wp-content\/uploads\/2023\/12\/\u4e3b\u56fe-05-11.jpg\" \/>\n\t<meta property=\"og:image:width\" content=\"1000\" \/>\n\t<meta property=\"og:image:height\" content=\"1000\" \/>\n\t<meta property=\"og:image:type\" content=\"image\/jpeg\" \/>\n<meta name=\"twitter:card\" content=\"summary_large_image\" \/>\n<meta name=\"twitter:label1\" content=\"Tiempo de lectura\" \/>\n\t<meta name=\"twitter:data1\" content=\"1 minuto\" \/>\n<script type=\"application\/ld+json\" class=\"yoast-schema-graph\">{\"@context\":\"https:\/\/schema.org\",\"@graph\":[{\"@type\":\"WebPage\",\"@id\":\"https:\/\/global-hookah.com\/product\/high-end-middle-eastern-hookah-wholesale\/\",\"url\":\"https:\/\/global-hookah.com\/product\/high-end-middle-eastern-hookah-wholesale\/\",\"name\":\"High-End Middle Eastern Hookah Wholesale - Global Hookah\",\"isPartOf\":{\"@id\":\"https:\/\/global-hookah.com\/#website\"},\"primaryImageOfPage\":{\"@id\":\"https:\/\/global-hookah.com\/product\/high-end-middle-eastern-hookah-wholesale\/#primaryimage\"},\"image\":{\"@id\":\"https:\/\/global-hookah.com\/product\/high-end-middle-eastern-hookah-wholesale\/#primaryimage\"},\"thumbnailUrl\":\"https:\/\/global-hookah.com\/wp-content\/uploads\/2023\/12\/\u4e3b\u56fe-05-11.jpg\",\"datePublished\":\"2023-12-16T07:32:19+00:00\",\"dateModified\":\"2023-12-27T08:52:54+00:00\",\"breadcrumb\":{\"@id\":\"https:\/\/global-hookah.com\/product\/high-end-middle-eastern-hookah-wholesale\/#breadcrumb\"},\"inLanguage\":\"es\",\"potentialAction\":[{\"@type\":\"ReadAction\",\"target\":[\"https:\/\/global-hookah.com\/product\/high-end-middle-eastern-hookah-wholesale\/\"]}]},{\"@type\":\"ImageObject\",\"inLanguage\":\"es\",\"@id\":\"https:\/\/global-hookah.com\/product\/high-end-middle-eastern-hookah-wholesale\/#primaryimage\",\"url\":\"https:\/\/global-hookah.com\/wp-content\/uploads\/2023\/12\/\u4e3b\u56fe-05-11.jpg\",\"contentUrl\":\"https:\/\/global-hookah.com\/wp-content\/uploads\/2023\/12\/\u4e3b\u56fe-05-11.jpg\",\"width\":1000,\"height\":1000,\"caption\":\"High-End Middle Eastern Hookah Wholesale\"},{\"@type\":\"BreadcrumbList\",\"@id\":\"https:\/\/global-hookah.com\/product\/high-end-middle-eastern-hookah-wholesale\/#breadcrumb\",\"itemListElement\":[{\"@type\":\"ListItem\",\"position\":1,\"name\":\"Home\",\"item\":\"https:\/\/global-hookah.com\/\"},{\"@type\":\"ListItem\",\"position\":2,\"name\":\"Shop\",\"item\":\"https:\/\/global-hookah.com\/shop\/\"},{\"@type\":\"ListItem\",\"position\":3,\"name\":\"High-End Middle Eastern Hookah Wholesale\"}]},{\"@type\":\"WebSite\",\"@id\":\"https:\/\/global-hookah.com\/#website\",\"url\":\"https:\/\/global-hookah.com\/\",\"name\":\"Global Hookah\",\"description\":\"Global Hookah\",\"publisher\":{\"@id\":\"https:\/\/global-hookah.com\/#organization\"},\"potentialAction\":[{\"@type\":\"SearchAction\",\"target\":{\"@type\":\"EntryPoint\",\"urlTemplate\":\"https:\/\/global-hookah.com\/?s={search_term_string}\"},\"query-input\":{\"@type\":\"PropertyValueSpecification\",\"valueRequired\":true,\"valueName\":\"search_term_string\"}}],\"inLanguage\":\"es\"},{\"@type\":\"Organization\",\"@id\":\"https:\/\/global-hookah.com\/#organization\",\"name\":\"Global Hookah\",\"url\":\"https:\/\/global-hookah.com\/\",\"logo\":{\"@type\":\"ImageObject\",\"inLanguage\":\"es\",\"@id\":\"https:\/\/global-hookah.com\/#\/schema\/logo\/image\/\",\"url\":\"https:\/\/global-hookah.com\/wp-content\/uploads\/2021\/10\/cropped-fgg.png\",\"contentUrl\":\"https:\/\/global-hookah.com\/wp-content\/uploads\/2021\/10\/cropped-fgg.png\",\"width\":512,\"height\":512,\"caption\":\"Global Hookah\"},\"image\":{\"@id\":\"https:\/\/global-hookah.com\/#\/schema\/logo\/image\/\"}}]}<\/script>\n<!-- \/ Yoast SEO Premium plugin. -->","yoast_head_json":{"title":"Hookah de alta gama de Oriente Medio al por mayor - Global Hookah","robots":{"index":"index","follow":"follow","max-snippet":"max-snippet:-1","max-image-preview":"max-image-preview:large","max-video-preview":"max-video-preview:-1"},"canonical":"https:\/\/global-hookah.com\/es\/producto\/high-end-middle-eastern-hookah-wholesale\/","og_locale":"es_ES","og_type":"article","og_title":"High-End Middle Eastern Hookah Wholesale","og_description":"The biggest advantage of this luxury Middle Eastern hookah is its unique appearance design. It has an elegant tall stem","og_url":"https:\/\/global-hookah.com\/es\/producto\/high-end-middle-eastern-hookah-wholesale\/","og_site_name":"Global Hookah","article_modified_time":"2023-12-27T08:52:54+00:00","og_image":[{"width":1000,"height":1000,"url":"https:\/\/global-hookah.com\/wp-content\/uploads\/2023\/12\/\u4e3b\u56fe-05-11.jpg","type":"image\/jpeg"}],"twitter_card":"summary_large_image","twitter_misc":{"Tiempo de lectura":"1 minuto"},"schema":{"@context":"https:\/\/schema.org","@graph":[{"@type":"WebPage","@id":"https:\/\/global-hookah.com\/product\/high-end-middle-eastern-hookah-wholesale\/","url":"https:\/\/global-hookah.com\/product\/high-end-middle-eastern-hookah-wholesale\/","name":"Hookah de alta gama de Oriente Medio al por mayor - Global Hookah","isPartOf":{"@id":"https:\/\/global-hookah.com\/#website"},"primaryImageOfPage":{"@id":"https:\/\/global-hookah.com\/product\/high-end-middle-eastern-hookah-wholesale\/#primaryimage"},"image":{"@id":"https:\/\/global-hookah.com\/product\/high-end-middle-eastern-hookah-wholesale\/#primaryimage"},"thumbnailUrl":"https:\/\/global-hookah.com\/wp-content\/uploads\/2023\/12\/\u4e3b\u56fe-05-11.jpg","datePublished":"2023-12-16T07:32:19+00:00","dateModified":"2023-12-27T08:52:54+00:00","breadcrumb":{"@id":"https:\/\/global-hookah.com\/product\/high-end-middle-eastern-hookah-wholesale\/#breadcrumb"},"inLanguage":"es","potentialAction":[{"@type":"ReadAction","target":["https:\/\/global-hookah.com\/product\/high-end-middle-eastern-hookah-wholesale\/"]}]},{"@type":"ImageObject","inLanguage":"es","@id":"https:\/\/global-hookah.com\/product\/high-end-middle-eastern-hookah-wholesale\/#primaryimage","url":"https:\/\/global-hookah.com\/wp-content\/uploads\/2023\/12\/\u4e3b\u56fe-05-11.jpg","contentUrl":"https:\/\/global-hookah.com\/wp-content\/uploads\/2023\/12\/\u4e3b\u56fe-05-11.jpg","width":1000,"height":1000,"caption":"High-End Middle Eastern Hookah Wholesale"},{"@type":"BreadcrumbList","@id":"https:\/\/global-hookah.com\/product\/high-end-middle-eastern-hookah-wholesale\/#breadcrumb","itemListElement":[{"@type":"ListItem","position":1,"name":"Home","item":"https:\/\/global-hookah.com\/"},{"@type":"ListItem","position":2,"name":"Shop","item":"https:\/\/global-hookah.com\/shop\/"},{"@type":"ListItem","position":3,"name":"High-End Middle Eastern Hookah Wholesale"}]},{"@type":"WebSite","@id":"https:\/\/global-hookah.com\/#website","url":"https:\/\/global-hookah.com\/","name":"Global Hookah","description":"Global Hookah","publisher":{"@id":"https:\/\/global-hookah.com\/#organization"},"potentialAction":[{"@type":"SearchAction","target":{"@type":"EntryPoint","urlTemplate":"https:\/\/global-hookah.com\/?s={search_term_string}"},"query-input":{"@type":"PropertyValueSpecification","valueRequired":true,"valueName":"search_term_string"}}],"inLanguage":"es"},{"@type":"Organization","@id":"https:\/\/global-hookah.com\/#organization","name":"Global Hookah","url":"https:\/\/global-hookah.com\/","logo":{"@type":"ImageObject","inLanguage":"es","@id":"https:\/\/global-hookah.com\/#\/schema\/logo\/image\/","url":"https:\/\/global-hookah.com\/wp-content\/uploads\/2021\/10\/cropped-fgg.png","contentUrl":"https:\/\/global-hookah.com\/wp-content\/uploads\/2021\/10\/cropped-fgg.png","width":512,"height":512,"caption":"Global Hookah"},"image":{"@id":"https:\/\/global-hookah.com\/#\/schema\/logo\/image\/"}}]}},"_links":{"self":[{"href":"https:\/\/global-hookah.com\/es\/wp-json\/wp\/v2\/product\/17357","targetHints":{"allow":["GET"]}}],"collection":[{"href":"https:\/\/global-hookah.com\/es\/wp-json\/wp\/v2\/product"}],"about":[{"href":"https:\/\/global-hookah.com\/es\/wp-json\/wp\/v2\/types\/product"}],"replies":[{"embeddable":true,"href":"https:\/\/global-hookah.com\/es\/wp-json\/wp\/v2\/comments?post=17357"}],"version-history":[{"count":0,"href":"https:\/\/global-hookah.com\/es\/wp-json\/wp\/v2\/product\/17357\/revisions"}],"wp:featuredmedia":[{"embeddable":true,"href":"https:\/\/global-hookah.com\/es\/wp-json\/wp\/v2\/media\/17362"}],"wp:attachment":[{"href":"https:\/\/global-hookah.com\/es\/wp-json\/wp\/v2\/media?parent=17357"}],"wp:term":[{"taxonomy":"product_brand","embeddable":true,"href":"https:\/\/global-hookah.com\/es\/wp-json\/wp\/v2\/product_brand?post=17357"},{"taxonomy":"product_cat","embeddable":true,"href":"https:\/\/global-hookah.com\/es\/wp-json\/wp\/v2\/product_cat?post=17357"},{"taxonomy":"product_tag","embeddable":true,"href":"https:\/\/global-hookah.com\/es\/wp-json\/wp\/v2\/product_tag?post=17357"}],"curies":[{"name":"wp","href":"https:\/\/api.w.org\/{rel}","templated":true}]}}