{"id":17365,"date":"2023-12-16T07:35:48","date_gmt":"2023-12-16T07:35:48","guid":{"rendered":"https:\/\/global-hookah.com\/?post_type=product&#038;p=17365"},"modified":"2024-01-12T07:48:29","modified_gmt":"2024-01-12T07:48:29","slug":"fashion-car-hookah-wholesale","status":"publish","type":"product","link":"https:\/\/global-hookah.com\/es\/producto\/fashion-car-hookah-wholesale\/","title":{"rendered":"Fashion Car Hookah al por mayor"},"content":{"rendered":"<p>Cuando quieras relajarte y disfrutar de la shisha en la carretera, un <strong>narguile port\u00e1til para coche<\/strong> es su mejor compa\u00f1ero. Hoy, perm\u00edtanme presentarles este impresionante producto hookah port\u00e1til - <strong>Fashion Car Hookah<\/strong>y explica c\u00f3mo utilizarlo en detalle.<\/p>\n<p><strong>Caracter\u00edsticas del producto:<\/strong><\/p>\n<p>Dise\u00f1o ultracompacto: El <strong>Moda <\/strong><strong>narguile en coche<\/strong> s\u00f3lo mide 24 cm de alto y 6,5 cm de di\u00e1metro, con un volumen reducido que ocupa muy poco espacio en el coche.<\/p>\n<p>Extra\u00edble para su limpieza<\/p>\n<p>MATERIAL DE ALTA CALIDAD: <strong>Narguile m\u00f3vil<\/strong> est\u00e1 fabricado con material de acero inoxidable de alta calidad, resistente y duradero. El interior es de cristal, seguro e higi\u00e9nico.<\/p>\n<p>Especial para coche: La interfaz de carga para coche est\u00e1 dise\u00f1ada para proporcionar energ\u00eda ininterrumpida al narguile mientras est\u00e9 conectado al cenicero del coche.<\/p>\n<p>Control multifunci\u00f3n: equipado con indicadores LED e interruptores t\u00e1ctiles, f\u00e1cil de usar.<\/p>\n<p>Modo de empleo:<\/p>\n<p>En primer lugar, abra el <strong>narguile de viaje<\/strong> y llene el dep\u00f3sito de agua hasta el nivel justo por debajo del logotipo. Ver\u00e1s tres componentes: uno para el tabaco, otro para el carb\u00f3n y una tapa superior decorativa. Hoy voy a usar tabaco de menta con ar\u00e1ndanos, mi sabor favorito.<\/p>\n<p>En segundo lugar, coloque el recipiente de tabaco encima del tabaco, luego encienda el carb\u00f3n r\u00e1pido. Despu\u00e9s de cerrar la tapa superior, podemos conectar la manguera al narguile. Ahora este pr\u00e1ctico <strong>Kit de viaje para narguile<\/strong> est\u00e1 listo para usar en cualquier momento.<\/p>\n<p>Si adem\u00e1s quieres vender al por mayor de forma pr\u00e1ctica y cool <strong>narguiles portatiles para coche<\/strong>puede hacer su pedido en mi sitio web <a href=\"https:\/\/global-hookah.com\/\">Global Hookah<\/a>. El sitio tambi\u00e9n tiene muchas m\u00e1s variedades hookah, no dude en venir y explorar.<\/p>","protected":false},"excerpt":{"rendered":"<p>Cuando quieras relajarte y disfrutar de la shisha en la carretera, un narguile port\u00e1til para el coche es tu mejor compa\u00f1ero. Hoy en d\u00eda,<\/p>","protected":false},"featured_media":17367,"comment_status":"open","ping_status":"closed","template":"","meta":{"iawp_total_views":19,"_joinchat":[]},"product_brand":[],"product_cat":[559,119],"product_tag":[],"class_list":{"0":"post-17365","1":"product","2":"type-product","3":"status-publish","4":"has-post-thumbnail","6":"product_cat-portable-hookah-wholesale","7":"product_cat-wholesale-hookah","9":"first","10":"instock","11":"shipping-taxable","12":"product-type-external"},"yoast_head":"<!-- This site is optimized with the Yoast SEO Premium plugin v24.7 (Yoast SEO v26.8) - https:\/\/yoast.com\/product\/yoast-seo-premium-wordpress\/ -->\n<title>Fashion Car Hookah Wholesale - Global Hookah<\/title>\n<meta name=\"robots\" content=\"index, follow, max-snippet:-1, max-image-preview:large, max-video-preview:-1\" \/>\n<link rel=\"canonical\" href=\"https:\/\/global-hookah.com\/es\/producto\/fashion-car-hookah-wholesale\/\" \/>\n<meta property=\"og:locale\" content=\"es_ES\" \/>\n<meta property=\"og:type\" content=\"article\" \/>\n<meta property=\"og:title\" content=\"Fashion Car Hookah Wholesale\" \/>\n<meta property=\"og:description\" content=\"When you want to relax and enjoy shisha on the road, a portable car hookah is your best companion. Today,\" \/>\n<meta property=\"og:url\" content=\"https:\/\/global-hookah.com\/es\/producto\/fashion-car-hookah-wholesale\/\" \/>\n<meta property=\"og:site_name\" content=\"Global Hookah\" \/>\n<meta property=\"article:modified_time\" content=\"2024-01-12T07:48:29+00:00\" \/>\n<meta property=\"og:image\" content=\"https:\/\/global-hookah.com\/wp-content\/uploads\/2023\/12\/\u4e3b\u56fe-02-11.jpg\" \/>\n\t<meta property=\"og:image:width\" content=\"1000\" \/>\n\t<meta property=\"og:image:height\" content=\"1000\" \/>\n\t<meta property=\"og:image:type\" content=\"image\/jpeg\" \/>\n<meta name=\"twitter:card\" content=\"summary_large_image\" \/>\n<meta name=\"twitter:label1\" content=\"Tiempo de lectura\" \/>\n\t<meta name=\"twitter:data1\" content=\"2 minutos\" \/>\n<script type=\"application\/ld+json\" class=\"yoast-schema-graph\">{\"@context\":\"https:\/\/schema.org\",\"@graph\":[{\"@type\":\"WebPage\",\"@id\":\"https:\/\/global-hookah.com\/product\/fashion-car-hookah-wholesale\/\",\"url\":\"https:\/\/global-hookah.com\/product\/fashion-car-hookah-wholesale\/\",\"name\":\"Fashion Car Hookah Wholesale - Global Hookah\",\"isPartOf\":{\"@id\":\"https:\/\/global-hookah.com\/#website\"},\"primaryImageOfPage\":{\"@id\":\"https:\/\/global-hookah.com\/product\/fashion-car-hookah-wholesale\/#primaryimage\"},\"image\":{\"@id\":\"https:\/\/global-hookah.com\/product\/fashion-car-hookah-wholesale\/#primaryimage\"},\"thumbnailUrl\":\"https:\/\/global-hookah.com\/wp-content\/uploads\/2023\/12\/\u4e3b\u56fe-02-11.jpg\",\"datePublished\":\"2023-12-16T07:35:48+00:00\",\"dateModified\":\"2024-01-12T07:48:29+00:00\",\"breadcrumb\":{\"@id\":\"https:\/\/global-hookah.com\/product\/fashion-car-hookah-wholesale\/#breadcrumb\"},\"inLanguage\":\"es\",\"potentialAction\":[{\"@type\":\"ReadAction\",\"target\":[\"https:\/\/global-hookah.com\/product\/fashion-car-hookah-wholesale\/\"]}]},{\"@type\":\"ImageObject\",\"inLanguage\":\"es\",\"@id\":\"https:\/\/global-hookah.com\/product\/fashion-car-hookah-wholesale\/#primaryimage\",\"url\":\"https:\/\/global-hookah.com\/wp-content\/uploads\/2023\/12\/\u4e3b\u56fe-02-11.jpg\",\"contentUrl\":\"https:\/\/global-hookah.com\/wp-content\/uploads\/2023\/12\/\u4e3b\u56fe-02-11.jpg\",\"width\":1000,\"height\":1000,\"caption\":\"Fashion Car Hookah Wholesale\"},{\"@type\":\"BreadcrumbList\",\"@id\":\"https:\/\/global-hookah.com\/product\/fashion-car-hookah-wholesale\/#breadcrumb\",\"itemListElement\":[{\"@type\":\"ListItem\",\"position\":1,\"name\":\"Home\",\"item\":\"https:\/\/global-hookah.com\/\"},{\"@type\":\"ListItem\",\"position\":2,\"name\":\"Shop\",\"item\":\"https:\/\/global-hookah.com\/shop\/\"},{\"@type\":\"ListItem\",\"position\":3,\"name\":\"Fashion Car Hookah Wholesale\"}]},{\"@type\":\"WebSite\",\"@id\":\"https:\/\/global-hookah.com\/#website\",\"url\":\"https:\/\/global-hookah.com\/\",\"name\":\"Global Hookah\",\"description\":\"Global Hookah\",\"publisher\":{\"@id\":\"https:\/\/global-hookah.com\/#organization\"},\"potentialAction\":[{\"@type\":\"SearchAction\",\"target\":{\"@type\":\"EntryPoint\",\"urlTemplate\":\"https:\/\/global-hookah.com\/?s={search_term_string}\"},\"query-input\":{\"@type\":\"PropertyValueSpecification\",\"valueRequired\":true,\"valueName\":\"search_term_string\"}}],\"inLanguage\":\"es\"},{\"@type\":\"Organization\",\"@id\":\"https:\/\/global-hookah.com\/#organization\",\"name\":\"Global Hookah\",\"url\":\"https:\/\/global-hookah.com\/\",\"logo\":{\"@type\":\"ImageObject\",\"inLanguage\":\"es\",\"@id\":\"https:\/\/global-hookah.com\/#\/schema\/logo\/image\/\",\"url\":\"https:\/\/global-hookah.com\/wp-content\/uploads\/2021\/10\/cropped-fgg.png\",\"contentUrl\":\"https:\/\/global-hookah.com\/wp-content\/uploads\/2021\/10\/cropped-fgg.png\",\"width\":512,\"height\":512,\"caption\":\"Global Hookah\"},\"image\":{\"@id\":\"https:\/\/global-hookah.com\/#\/schema\/logo\/image\/\"}}]}<\/script>\n<!-- \/ Yoast SEO Premium plugin. -->","yoast_head_json":{"title":"Fashion Car Hookah al por mayor - Global Hookah","robots":{"index":"index","follow":"follow","max-snippet":"max-snippet:-1","max-image-preview":"max-image-preview:large","max-video-preview":"max-video-preview:-1"},"canonical":"https:\/\/global-hookah.com\/es\/producto\/fashion-car-hookah-wholesale\/","og_locale":"es_ES","og_type":"article","og_title":"Fashion Car Hookah Wholesale","og_description":"When you want to relax and enjoy shisha on the road, a portable car hookah is your best companion. Today,","og_url":"https:\/\/global-hookah.com\/es\/producto\/fashion-car-hookah-wholesale\/","og_site_name":"Global Hookah","article_modified_time":"2024-01-12T07:48:29+00:00","og_image":[{"width":1000,"height":1000,"url":"https:\/\/global-hookah.com\/wp-content\/uploads\/2023\/12\/\u4e3b\u56fe-02-11.jpg","type":"image\/jpeg"}],"twitter_card":"summary_large_image","twitter_misc":{"Tiempo de lectura":"2 minutos"},"schema":{"@context":"https:\/\/schema.org","@graph":[{"@type":"WebPage","@id":"https:\/\/global-hookah.com\/product\/fashion-car-hookah-wholesale\/","url":"https:\/\/global-hookah.com\/product\/fashion-car-hookah-wholesale\/","name":"Fashion Car Hookah al por mayor - Global Hookah","isPartOf":{"@id":"https:\/\/global-hookah.com\/#website"},"primaryImageOfPage":{"@id":"https:\/\/global-hookah.com\/product\/fashion-car-hookah-wholesale\/#primaryimage"},"image":{"@id":"https:\/\/global-hookah.com\/product\/fashion-car-hookah-wholesale\/#primaryimage"},"thumbnailUrl":"https:\/\/global-hookah.com\/wp-content\/uploads\/2023\/12\/\u4e3b\u56fe-02-11.jpg","datePublished":"2023-12-16T07:35:48+00:00","dateModified":"2024-01-12T07:48:29+00:00","breadcrumb":{"@id":"https:\/\/global-hookah.com\/product\/fashion-car-hookah-wholesale\/#breadcrumb"},"inLanguage":"es","potentialAction":[{"@type":"ReadAction","target":["https:\/\/global-hookah.com\/product\/fashion-car-hookah-wholesale\/"]}]},{"@type":"ImageObject","inLanguage":"es","@id":"https:\/\/global-hookah.com\/product\/fashion-car-hookah-wholesale\/#primaryimage","url":"https:\/\/global-hookah.com\/wp-content\/uploads\/2023\/12\/\u4e3b\u56fe-02-11.jpg","contentUrl":"https:\/\/global-hookah.com\/wp-content\/uploads\/2023\/12\/\u4e3b\u56fe-02-11.jpg","width":1000,"height":1000,"caption":"Fashion Car Hookah Wholesale"},{"@type":"BreadcrumbList","@id":"https:\/\/global-hookah.com\/product\/fashion-car-hookah-wholesale\/#breadcrumb","itemListElement":[{"@type":"ListItem","position":1,"name":"Home","item":"https:\/\/global-hookah.com\/"},{"@type":"ListItem","position":2,"name":"Shop","item":"https:\/\/global-hookah.com\/shop\/"},{"@type":"ListItem","position":3,"name":"Fashion Car Hookah Wholesale"}]},{"@type":"WebSite","@id":"https:\/\/global-hookah.com\/#website","url":"https:\/\/global-hookah.com\/","name":"Global Hookah","description":"Global Hookah","publisher":{"@id":"https:\/\/global-hookah.com\/#organization"},"potentialAction":[{"@type":"SearchAction","target":{"@type":"EntryPoint","urlTemplate":"https:\/\/global-hookah.com\/?s={search_term_string}"},"query-input":{"@type":"PropertyValueSpecification","valueRequired":true,"valueName":"search_term_string"}}],"inLanguage":"es"},{"@type":"Organization","@id":"https:\/\/global-hookah.com\/#organization","name":"Global Hookah","url":"https:\/\/global-hookah.com\/","logo":{"@type":"ImageObject","inLanguage":"es","@id":"https:\/\/global-hookah.com\/#\/schema\/logo\/image\/","url":"https:\/\/global-hookah.com\/wp-content\/uploads\/2021\/10\/cropped-fgg.png","contentUrl":"https:\/\/global-hookah.com\/wp-content\/uploads\/2021\/10\/cropped-fgg.png","width":512,"height":512,"caption":"Global Hookah"},"image":{"@id":"https:\/\/global-hookah.com\/#\/schema\/logo\/image\/"}}]}},"_links":{"self":[{"href":"https:\/\/global-hookah.com\/es\/wp-json\/wp\/v2\/product\/17365","targetHints":{"allow":["GET"]}}],"collection":[{"href":"https:\/\/global-hookah.com\/es\/wp-json\/wp\/v2\/product"}],"about":[{"href":"https:\/\/global-hookah.com\/es\/wp-json\/wp\/v2\/types\/product"}],"replies":[{"embeddable":true,"href":"https:\/\/global-hookah.com\/es\/wp-json\/wp\/v2\/comments?post=17365"}],"version-history":[{"count":0,"href":"https:\/\/global-hookah.com\/es\/wp-json\/wp\/v2\/product\/17365\/revisions"}],"wp:featuredmedia":[{"embeddable":true,"href":"https:\/\/global-hookah.com\/es\/wp-json\/wp\/v2\/media\/17367"}],"wp:attachment":[{"href":"https:\/\/global-hookah.com\/es\/wp-json\/wp\/v2\/media?parent=17365"}],"wp:term":[{"taxonomy":"product_brand","embeddable":true,"href":"https:\/\/global-hookah.com\/es\/wp-json\/wp\/v2\/product_brand?post=17365"},{"taxonomy":"product_cat","embeddable":true,"href":"https:\/\/global-hookah.com\/es\/wp-json\/wp\/v2\/product_cat?post=17365"},{"taxonomy":"product_tag","embeddable":true,"href":"https:\/\/global-hookah.com\/es\/wp-json\/wp\/v2\/product_tag?post=17365"}],"curies":[{"name":"wp","href":"https:\/\/api.w.org\/{rel}","templated":true}]}}