{"id":17961,"date":"2023-12-31T01:46:54","date_gmt":"2023-12-31T01:46:54","guid":{"rendered":"https:\/\/global-hookah.com\/?post_type=product&#038;p=17961"},"modified":"2024-01-03T00:49:10","modified_gmt":"2024-01-03T00:49:10","slug":"10-inch-crystal-glass-bong-wholesale","status":"publish","type":"product","link":"https:\/\/global-hookah.com\/es\/producto\/10-inch-crystal-glass-bong-wholesale\/","title":{"rendered":"Bong de cristal de 10 pulgadas al por mayor"},"content":{"rendered":"<p>Este<strong> Bong de cristal de 10 pulgadas<\/strong> est\u00e1 fabricado con vidrio de borosilicato de alta calidad, lo que le confiere una durabilidad m\u00e1xima.<\/p>\n<p>Con una altura de 10 pulgadas, proporciona la cantidad ideal de difusi\u00f3n y filtraci\u00f3n de agua sin ser dif\u00edcil de manejar.<\/p>\n<p>En <strong>Bong de cristal de 10 pulgadas<\/strong> tiene una base cl\u00e1sica en forma de vaso que contiene aproximadamente 800 ml de agua, filtrada a trav\u00e9s del dep\u00f3sito de hielo para obtener caladas suaves y fr\u00edas.<\/p>\n<p>La boquilla acampanada es c\u00f3moda en los labios, y la cazoleta de 14 mm tiene el tama\u00f1o perfecto para cargar material molido.<\/p>\n<p>Su dise\u00f1o ergon\u00f3mico y acabado suave crean un c\u00f3modo sellado en los labios para facilitar la inhalaci\u00f3n<\/p>\n<p>Este <strong>Bong de vaso de cristal de 10 pulgadas<\/strong> tiene una base plana estable para que puedas exhibirlo con orgullo en cualquier mesa o estanter\u00eda.<\/p>\n<p>La amplia base en forma de vaso de este <strong>Bong de cristal de 10 pulgadas<\/strong> maximiza la refrigeraci\u00f3n del humo en comparaci\u00f3n con<a href=\"https:\/\/global-hookah.com\/product-category\/bong-wholesale\/\"> bongs de tubo recto<\/a> y proporciona una estabilidad superior.<\/p>","protected":false},"excerpt":{"rendered":"<p>Este Bong de cristal de 10 pulgadas est\u00e1 fabricado con vidrio de borosilicato de alta calidad, lo que le confiere la m\u00e1xima durabilidad. Con una altura de 10 pulgadas<\/p>","protected":false},"featured_media":17967,"comment_status":"open","ping_status":"closed","template":"","meta":{"iawp_total_views":3,"_joinchat":[]},"product_brand":[],"product_cat":[535],"product_tag":[],"class_list":{"0":"post-17961","1":"product","2":"type-product","3":"status-publish","4":"has-post-thumbnail","6":"product_cat-wholesale-glass-bong","8":"first","9":"instock","10":"shipping-taxable","11":"product-type-external"},"yoast_head":"<!-- This site is optimized with the Yoast SEO Premium plugin v24.7 (Yoast SEO v26.8) - https:\/\/yoast.com\/product\/yoast-seo-premium-wordpress\/ -->\n<title>10 Inch Crystal Glass Bong Wholesale - Global Hookah<\/title>\n<meta name=\"robots\" content=\"index, follow, max-snippet:-1, max-image-preview:large, max-video-preview:-1\" \/>\n<link rel=\"canonical\" href=\"https:\/\/global-hookah.com\/es\/producto\/pipa-de-cristal-de-10-pulgadas-al-por-mayor\/\" \/>\n<meta property=\"og:locale\" content=\"es_ES\" \/>\n<meta property=\"og:type\" content=\"article\" \/>\n<meta property=\"og:title\" content=\"10 Inch Crystal Glass Bong Wholesale\" \/>\n<meta property=\"og:description\" content=\"This 10-inch crystal Glass Bong is crafted from high-quality borosilicate glass, giving it maximum durability. At 10 inches tall, it\" \/>\n<meta property=\"og:url\" content=\"https:\/\/global-hookah.com\/es\/producto\/pipa-de-cristal-de-10-pulgadas-al-por-mayor\/\" \/>\n<meta property=\"og:site_name\" content=\"Global Hookah\" \/>\n<meta property=\"article:modified_time\" content=\"2024-01-03T00:49:10+00:00\" \/>\n<meta property=\"og:image\" content=\"https:\/\/global-hookah.com\/wp-content\/uploads\/2023\/12\/\u4e3b\u56fe-05-7.png\" \/>\n\t<meta property=\"og:image:width\" content=\"1000\" \/>\n\t<meta property=\"og:image:height\" content=\"1000\" \/>\n\t<meta property=\"og:image:type\" content=\"image\/png\" \/>\n<meta name=\"twitter:card\" content=\"summary_large_image\" \/>\n<meta name=\"twitter:label1\" content=\"Tiempo de lectura\" \/>\n\t<meta name=\"twitter:data1\" content=\"1 minuto\" \/>\n<script type=\"application\/ld+json\" class=\"yoast-schema-graph\">{\"@context\":\"https:\/\/schema.org\",\"@graph\":[{\"@type\":\"WebPage\",\"@id\":\"https:\/\/global-hookah.com\/es\/producto\/pipa-de-cristal-de-10-pulgadas-al-por-mayor\/\",\"url\":\"https:\/\/global-hookah.com\/es\/producto\/pipa-de-cristal-de-10-pulgadas-al-por-mayor\/\",\"name\":\"10 Inch Crystal Glass Bong Wholesale - Global Hookah\",\"isPartOf\":{\"@id\":\"https:\/\/global-hookah.com\/#website\"},\"primaryImageOfPage\":{\"@id\":\"https:\/\/global-hookah.com\/es\/producto\/pipa-de-cristal-de-10-pulgadas-al-por-mayor\/#primaryimage\"},\"image\":{\"@id\":\"https:\/\/global-hookah.com\/es\/producto\/pipa-de-cristal-de-10-pulgadas-al-por-mayor\/#primaryimage\"},\"thumbnailUrl\":\"https:\/\/global-hookah.com\/wp-content\/uploads\/2023\/12\/\u4e3b\u56fe-05-7.png\",\"datePublished\":\"2023-12-31T01:46:54+00:00\",\"dateModified\":\"2024-01-03T00:49:10+00:00\",\"breadcrumb\":{\"@id\":\"https:\/\/global-hookah.com\/es\/producto\/pipa-de-cristal-de-10-pulgadas-al-por-mayor\/#breadcrumb\"},\"inLanguage\":\"es\",\"potentialAction\":[{\"@type\":\"ReadAction\",\"target\":[\"https:\/\/global-hookah.com\/es\/producto\/pipa-de-cristal-de-10-pulgadas-al-por-mayor\/\"]}]},{\"@type\":\"ImageObject\",\"inLanguage\":\"es\",\"@id\":\"https:\/\/global-hookah.com\/es\/producto\/pipa-de-cristal-de-10-pulgadas-al-por-mayor\/#primaryimage\",\"url\":\"https:\/\/global-hookah.com\/wp-content\/uploads\/2023\/12\/\u4e3b\u56fe-05-7.png\",\"contentUrl\":\"https:\/\/global-hookah.com\/wp-content\/uploads\/2023\/12\/\u4e3b\u56fe-05-7.png\",\"width\":1000,\"height\":1000,\"caption\":\"10 Inch Crystal Glass Bong Wholesale\"},{\"@type\":\"BreadcrumbList\",\"@id\":\"https:\/\/global-hookah.com\/es\/producto\/pipa-de-cristal-de-10-pulgadas-al-por-mayor\/#breadcrumb\",\"itemListElement\":[{\"@type\":\"ListItem\",\"position\":1,\"name\":\"Home\",\"item\":\"https:\/\/global-hookah.com\/\"},{\"@type\":\"ListItem\",\"position\":2,\"name\":\"Shop\",\"item\":\"https:\/\/global-hookah.com\/shop\/\"},{\"@type\":\"ListItem\",\"position\":3,\"name\":\"10 Inch Crystal Glass Bong Wholesale\"}]},{\"@type\":\"WebSite\",\"@id\":\"https:\/\/global-hookah.com\/#website\",\"url\":\"https:\/\/global-hookah.com\/\",\"name\":\"Global Hookah\",\"description\":\"Global Hookah\",\"publisher\":{\"@id\":\"https:\/\/global-hookah.com\/#organization\"},\"potentialAction\":[{\"@type\":\"SearchAction\",\"target\":{\"@type\":\"EntryPoint\",\"urlTemplate\":\"https:\/\/global-hookah.com\/?s={search_term_string}\"},\"query-input\":{\"@type\":\"PropertyValueSpecification\",\"valueRequired\":true,\"valueName\":\"search_term_string\"}}],\"inLanguage\":\"es\"},{\"@type\":\"Organization\",\"@id\":\"https:\/\/global-hookah.com\/#organization\",\"name\":\"Global Hookah\",\"url\":\"https:\/\/global-hookah.com\/\",\"logo\":{\"@type\":\"ImageObject\",\"inLanguage\":\"es\",\"@id\":\"https:\/\/global-hookah.com\/#\/schema\/logo\/image\/\",\"url\":\"https:\/\/global-hookah.com\/wp-content\/uploads\/2021\/10\/cropped-fgg.png\",\"contentUrl\":\"https:\/\/global-hookah.com\/wp-content\/uploads\/2021\/10\/cropped-fgg.png\",\"width\":512,\"height\":512,\"caption\":\"Global Hookah\"},\"image\":{\"@id\":\"https:\/\/global-hookah.com\/#\/schema\/logo\/image\/\"}}]}<\/script>\n<!-- \/ Yoast SEO Premium plugin. -->","yoast_head_json":{"title":"Bong de cristal de 10 pulgadas al por mayor - Global Hookah","robots":{"index":"index","follow":"follow","max-snippet":"max-snippet:-1","max-image-preview":"max-image-preview:large","max-video-preview":"max-video-preview:-1"},"canonical":"https:\/\/global-hookah.com\/es\/producto\/pipa-de-cristal-de-10-pulgadas-al-por-mayor\/","og_locale":"es_ES","og_type":"article","og_title":"10 Inch Crystal Glass Bong Wholesale","og_description":"This 10-inch crystal Glass Bong is crafted from high-quality borosilicate glass, giving it maximum durability. At 10 inches tall, it","og_url":"https:\/\/global-hookah.com\/es\/producto\/pipa-de-cristal-de-10-pulgadas-al-por-mayor\/","og_site_name":"Global Hookah","article_modified_time":"2024-01-03T00:49:10+00:00","og_image":[{"width":1000,"height":1000,"url":"https:\/\/global-hookah.com\/wp-content\/uploads\/2023\/12\/\u4e3b\u56fe-05-7.png","type":"image\/png"}],"twitter_card":"summary_large_image","twitter_misc":{"Tiempo de lectura":"1 minuto"},"schema":{"@context":"https:\/\/schema.org","@graph":[{"@type":"WebPage","@id":"https:\/\/global-hookah.com\/es\/producto\/pipa-de-cristal-de-10-pulgadas-al-por-mayor\/","url":"https:\/\/global-hookah.com\/es\/producto\/pipa-de-cristal-de-10-pulgadas-al-por-mayor\/","name":"Bong de cristal de 10 pulgadas al por mayor - Global Hookah","isPartOf":{"@id":"https:\/\/global-hookah.com\/#website"},"primaryImageOfPage":{"@id":"https:\/\/global-hookah.com\/es\/producto\/pipa-de-cristal-de-10-pulgadas-al-por-mayor\/#primaryimage"},"image":{"@id":"https:\/\/global-hookah.com\/es\/producto\/pipa-de-cristal-de-10-pulgadas-al-por-mayor\/#primaryimage"},"thumbnailUrl":"https:\/\/global-hookah.com\/wp-content\/uploads\/2023\/12\/\u4e3b\u56fe-05-7.png","datePublished":"2023-12-31T01:46:54+00:00","dateModified":"2024-01-03T00:49:10+00:00","breadcrumb":{"@id":"https:\/\/global-hookah.com\/es\/producto\/pipa-de-cristal-de-10-pulgadas-al-por-mayor\/#breadcrumb"},"inLanguage":"es","potentialAction":[{"@type":"ReadAction","target":["https:\/\/global-hookah.com\/es\/producto\/pipa-de-cristal-de-10-pulgadas-al-por-mayor\/"]}]},{"@type":"ImageObject","inLanguage":"es","@id":"https:\/\/global-hookah.com\/es\/producto\/pipa-de-cristal-de-10-pulgadas-al-por-mayor\/#primaryimage","url":"https:\/\/global-hookah.com\/wp-content\/uploads\/2023\/12\/\u4e3b\u56fe-05-7.png","contentUrl":"https:\/\/global-hookah.com\/wp-content\/uploads\/2023\/12\/\u4e3b\u56fe-05-7.png","width":1000,"height":1000,"caption":"10 Inch Crystal Glass Bong Wholesale"},{"@type":"BreadcrumbList","@id":"https:\/\/global-hookah.com\/es\/producto\/pipa-de-cristal-de-10-pulgadas-al-por-mayor\/#breadcrumb","itemListElement":[{"@type":"ListItem","position":1,"name":"Home","item":"https:\/\/global-hookah.com\/"},{"@type":"ListItem","position":2,"name":"Shop","item":"https:\/\/global-hookah.com\/shop\/"},{"@type":"ListItem","position":3,"name":"10 Inch Crystal Glass Bong Wholesale"}]},{"@type":"WebSite","@id":"https:\/\/global-hookah.com\/#website","url":"https:\/\/global-hookah.com\/","name":"Global Hookah","description":"Global Hookah","publisher":{"@id":"https:\/\/global-hookah.com\/#organization"},"potentialAction":[{"@type":"SearchAction","target":{"@type":"EntryPoint","urlTemplate":"https:\/\/global-hookah.com\/?s={search_term_string}"},"query-input":{"@type":"PropertyValueSpecification","valueRequired":true,"valueName":"search_term_string"}}],"inLanguage":"es"},{"@type":"Organization","@id":"https:\/\/global-hookah.com\/#organization","name":"Global Hookah","url":"https:\/\/global-hookah.com\/","logo":{"@type":"ImageObject","inLanguage":"es","@id":"https:\/\/global-hookah.com\/#\/schema\/logo\/image\/","url":"https:\/\/global-hookah.com\/wp-content\/uploads\/2021\/10\/cropped-fgg.png","contentUrl":"https:\/\/global-hookah.com\/wp-content\/uploads\/2021\/10\/cropped-fgg.png","width":512,"height":512,"caption":"Global Hookah"},"image":{"@id":"https:\/\/global-hookah.com\/#\/schema\/logo\/image\/"}}]}},"_links":{"self":[{"href":"https:\/\/global-hookah.com\/es\/wp-json\/wp\/v2\/product\/17961","targetHints":{"allow":["GET"]}}],"collection":[{"href":"https:\/\/global-hookah.com\/es\/wp-json\/wp\/v2\/product"}],"about":[{"href":"https:\/\/global-hookah.com\/es\/wp-json\/wp\/v2\/types\/product"}],"replies":[{"embeddable":true,"href":"https:\/\/global-hookah.com\/es\/wp-json\/wp\/v2\/comments?post=17961"}],"version-history":[{"count":0,"href":"https:\/\/global-hookah.com\/es\/wp-json\/wp\/v2\/product\/17961\/revisions"}],"wp:featuredmedia":[{"embeddable":true,"href":"https:\/\/global-hookah.com\/es\/wp-json\/wp\/v2\/media\/17967"}],"wp:attachment":[{"href":"https:\/\/global-hookah.com\/es\/wp-json\/wp\/v2\/media?parent=17961"}],"wp:term":[{"taxonomy":"product_brand","embeddable":true,"href":"https:\/\/global-hookah.com\/es\/wp-json\/wp\/v2\/product_brand?post=17961"},{"taxonomy":"product_cat","embeddable":true,"href":"https:\/\/global-hookah.com\/es\/wp-json\/wp\/v2\/product_cat?post=17961"},{"taxonomy":"product_tag","embeddable":true,"href":"https:\/\/global-hookah.com\/es\/wp-json\/wp\/v2\/product_tag?post=17961"}],"curies":[{"name":"wp","href":"https:\/\/api.w.org\/{rel}","templated":true}]}}