{"id":18297,"date":"2023-12-31T06:24:44","date_gmt":"2023-12-31T06:24:44","guid":{"rendered":"https:\/\/global-hookah.com\/?post_type=product&#038;p=18297"},"modified":"2024-01-03T08:56:08","modified_gmt":"2024-01-03T08:56:08","slug":"crystal-water-bong-bubbler-wholesale","status":"publish","type":"product","link":"https:\/\/global-hookah.com\/es\/producto\/crystal-water-bong-bubbler-wholesale\/","title":{"rendered":"Bong de agua de cristal Bubbler al por mayor"},"content":{"rendered":"<p>Fabricado en cristal de alta calidad, este <strong>bong burbujeador de agua cristal<\/strong> presenta una llamativa forma de trompeta<\/p>\n<p>Su dise\u00f1o es muy moderno, con una curva \u00fanica en forma de S y tres c\u00e1maras de agua esf\u00e9ricas.<\/p>\n<p>Cada c\u00e1mara tiene un difusor de vidrio que burbujea suavemente el humo a trav\u00e9s del agua, enfri\u00e1ndolo y filtr\u00e1ndolo...<\/p>\n<p>Su pajita curvada de color verde esmeralda y su tabaquera a juego presentan un estilo de dise\u00f1o suave, que refleja una est\u00e9tica armoniosa.<\/p>\n<p>La c\u00e1mara de agua y el tubo est\u00e1n dise\u00f1ados para un flujo de aire y una difusi\u00f3n \u00f3ptimos. El humo pasa suavemente a trav\u00e9s del agua a los pulmones con una resistencia m\u00ednima.<\/p>\n<p><strong>bong burbujeador de agua de cristal<\/strong> su dise\u00f1o \u00fanico produce un humo fresco para ti sin que sientas ning\u00fan tipo de ardor o irritaci\u00f3n<\/p>\n<p>Este <strong>burbujeador de cristal<\/strong> est\u00e1 hecho de cristal duradero, resistente a las grietas si se cae, a diferencia de los bongs de cristal tradicionales que se rompen con facilidad.<\/p>\n<p>Al mismo tiempo, tambi\u00e9n proporcionamos <strong><a href=\"https:\/\/global-hookah.com\/product-category\/bong-wholesale\/\">venta al por mayor de Crystal Water Bong<\/a><\/strong>. Con nosotros, puede obtener precios al por mayor justos y razonables y alcanzar el objetivo de obtener grandes beneficios.<\/p>\n<p>Y al unirse a nuestro canal mayorista, podr\u00e1 disfrutar de:<\/p>\n<p>\ud83d\udc49 Varios productos de hookah de vidrio al por mayor con buena reputaci\u00f3n<\/p>\n<p>\ud83d\udc49 Precio directo de f\u00e1brica al por mayor, altos m\u00e1rgenes de beneficio.<\/p>\n<p>\ud83d\udc49 Perfecto servicio postventa y garant\u00eda de calidad del producto.<\/p>","protected":false},"excerpt":{"rendered":"<p>Fabricada en cristal de alta calidad, esta cachimba de agua de cristal tiene una llamativa forma de trompeta. Su dise\u00f1o es muy moderno,<\/p>","protected":false},"featured_media":18299,"comment_status":"open","ping_status":"closed","template":"","meta":{"iawp_total_views":2,"_joinchat":[]},"product_brand":[],"product_cat":[535],"product_tag":[],"class_list":{"0":"post-18297","1":"product","2":"type-product","3":"status-publish","4":"has-post-thumbnail","6":"product_cat-wholesale-glass-bong","8":"first","9":"instock","10":"shipping-taxable","11":"product-type-external"},"yoast_head":"<!-- This site is optimized with the Yoast SEO Premium plugin v24.7 (Yoast SEO v26.8) - https:\/\/yoast.com\/product\/yoast-seo-premium-wordpress\/ -->\n<title>Crystal Water Bong Bubbler Wholesale - Global Hookah<\/title>\n<meta name=\"robots\" content=\"index, follow, max-snippet:-1, max-image-preview:large, max-video-preview:-1\" \/>\n<link rel=\"canonical\" href=\"https:\/\/global-hookah.com\/es\/producto\/crystal-water-bong-bubbler-wholesale\/\" \/>\n<meta property=\"og:locale\" content=\"es_ES\" \/>\n<meta property=\"og:type\" content=\"article\" \/>\n<meta property=\"og:title\" content=\"Crystal Water Bong Bubbler Wholesale\" \/>\n<meta property=\"og:description\" content=\"Constructed from high-quality crystal glass, this crystal water bong bubbler features an eye-catching trumpet-like shape Its design is very modern,\" \/>\n<meta property=\"og:url\" content=\"https:\/\/global-hookah.com\/es\/producto\/crystal-water-bong-bubbler-wholesale\/\" \/>\n<meta property=\"og:site_name\" content=\"Global Hookah\" \/>\n<meta property=\"article:modified_time\" content=\"2024-01-03T08:56:08+00:00\" \/>\n<meta property=\"og:image\" content=\"https:\/\/global-hookah.com\/wp-content\/uploads\/2023\/12\/\u4e3b\u56fe-01-28.jpg\" \/>\n\t<meta property=\"og:image:width\" content=\"600\" \/>\n\t<meta property=\"og:image:height\" content=\"600\" \/>\n\t<meta property=\"og:image:type\" content=\"image\/jpeg\" \/>\n<meta name=\"twitter:card\" content=\"summary_large_image\" \/>\n<meta name=\"twitter:label1\" content=\"Tiempo de lectura\" \/>\n\t<meta name=\"twitter:data1\" content=\"1 minuto\" \/>\n<script type=\"application\/ld+json\" class=\"yoast-schema-graph\">{\"@context\":\"https:\/\/schema.org\",\"@graph\":[{\"@type\":\"WebPage\",\"@id\":\"https:\/\/global-hookah.com\/product\/crystal-water-bong-bubbler-wholesale\/\",\"url\":\"https:\/\/global-hookah.com\/product\/crystal-water-bong-bubbler-wholesale\/\",\"name\":\"Crystal Water Bong Bubbler Wholesale - Global Hookah\",\"isPartOf\":{\"@id\":\"https:\/\/global-hookah.com\/#website\"},\"primaryImageOfPage\":{\"@id\":\"https:\/\/global-hookah.com\/product\/crystal-water-bong-bubbler-wholesale\/#primaryimage\"},\"image\":{\"@id\":\"https:\/\/global-hookah.com\/product\/crystal-water-bong-bubbler-wholesale\/#primaryimage\"},\"thumbnailUrl\":\"https:\/\/global-hookah.com\/wp-content\/uploads\/2023\/12\/\u4e3b\u56fe-01-28.jpg\",\"datePublished\":\"2023-12-31T06:24:44+00:00\",\"dateModified\":\"2024-01-03T08:56:08+00:00\",\"breadcrumb\":{\"@id\":\"https:\/\/global-hookah.com\/product\/crystal-water-bong-bubbler-wholesale\/#breadcrumb\"},\"inLanguage\":\"es\",\"potentialAction\":[{\"@type\":\"ReadAction\",\"target\":[\"https:\/\/global-hookah.com\/product\/crystal-water-bong-bubbler-wholesale\/\"]}]},{\"@type\":\"ImageObject\",\"inLanguage\":\"es\",\"@id\":\"https:\/\/global-hookah.com\/product\/crystal-water-bong-bubbler-wholesale\/#primaryimage\",\"url\":\"https:\/\/global-hookah.com\/wp-content\/uploads\/2023\/12\/\u4e3b\u56fe-01-28.jpg\",\"contentUrl\":\"https:\/\/global-hookah.com\/wp-content\/uploads\/2023\/12\/\u4e3b\u56fe-01-28.jpg\",\"width\":600,\"height\":600,\"caption\":\"Crystal Water Bong Bubbler Wholesale\"},{\"@type\":\"BreadcrumbList\",\"@id\":\"https:\/\/global-hookah.com\/product\/crystal-water-bong-bubbler-wholesale\/#breadcrumb\",\"itemListElement\":[{\"@type\":\"ListItem\",\"position\":1,\"name\":\"Home\",\"item\":\"https:\/\/global-hookah.com\/\"},{\"@type\":\"ListItem\",\"position\":2,\"name\":\"Shop\",\"item\":\"https:\/\/global-hookah.com\/shop\/\"},{\"@type\":\"ListItem\",\"position\":3,\"name\":\"Crystal Water Bong Bubbler Wholesale\"}]},{\"@type\":\"WebSite\",\"@id\":\"https:\/\/global-hookah.com\/#website\",\"url\":\"https:\/\/global-hookah.com\/\",\"name\":\"Global Hookah\",\"description\":\"Global Hookah\",\"publisher\":{\"@id\":\"https:\/\/global-hookah.com\/#organization\"},\"potentialAction\":[{\"@type\":\"SearchAction\",\"target\":{\"@type\":\"EntryPoint\",\"urlTemplate\":\"https:\/\/global-hookah.com\/?s={search_term_string}\"},\"query-input\":{\"@type\":\"PropertyValueSpecification\",\"valueRequired\":true,\"valueName\":\"search_term_string\"}}],\"inLanguage\":\"es\"},{\"@type\":\"Organization\",\"@id\":\"https:\/\/global-hookah.com\/#organization\",\"name\":\"Global Hookah\",\"url\":\"https:\/\/global-hookah.com\/\",\"logo\":{\"@type\":\"ImageObject\",\"inLanguage\":\"es\",\"@id\":\"https:\/\/global-hookah.com\/#\/schema\/logo\/image\/\",\"url\":\"https:\/\/global-hookah.com\/wp-content\/uploads\/2021\/10\/cropped-fgg.png\",\"contentUrl\":\"https:\/\/global-hookah.com\/wp-content\/uploads\/2021\/10\/cropped-fgg.png\",\"width\":512,\"height\":512,\"caption\":\"Global Hookah\"},\"image\":{\"@id\":\"https:\/\/global-hookah.com\/#\/schema\/logo\/image\/\"}}]}<\/script>\n<!-- \/ Yoast SEO Premium plugin. -->","yoast_head_json":{"title":"Bong Bubbler de agua de cristal al por mayor - Global Hookah","robots":{"index":"index","follow":"follow","max-snippet":"max-snippet:-1","max-image-preview":"max-image-preview:large","max-video-preview":"max-video-preview:-1"},"canonical":"https:\/\/global-hookah.com\/es\/producto\/crystal-water-bong-bubbler-wholesale\/","og_locale":"es_ES","og_type":"article","og_title":"Crystal Water Bong Bubbler Wholesale","og_description":"Constructed from high-quality crystal glass, this crystal water bong bubbler features an eye-catching trumpet-like shape Its design is very modern,","og_url":"https:\/\/global-hookah.com\/es\/producto\/crystal-water-bong-bubbler-wholesale\/","og_site_name":"Global Hookah","article_modified_time":"2024-01-03T08:56:08+00:00","og_image":[{"width":600,"height":600,"url":"https:\/\/global-hookah.com\/wp-content\/uploads\/2023\/12\/\u4e3b\u56fe-01-28.jpg","type":"image\/jpeg"}],"twitter_card":"summary_large_image","twitter_misc":{"Tiempo de lectura":"1 minuto"},"schema":{"@context":"https:\/\/schema.org","@graph":[{"@type":"WebPage","@id":"https:\/\/global-hookah.com\/product\/crystal-water-bong-bubbler-wholesale\/","url":"https:\/\/global-hookah.com\/product\/crystal-water-bong-bubbler-wholesale\/","name":"Bong Bubbler de agua de cristal al por mayor - Global Hookah","isPartOf":{"@id":"https:\/\/global-hookah.com\/#website"},"primaryImageOfPage":{"@id":"https:\/\/global-hookah.com\/product\/crystal-water-bong-bubbler-wholesale\/#primaryimage"},"image":{"@id":"https:\/\/global-hookah.com\/product\/crystal-water-bong-bubbler-wholesale\/#primaryimage"},"thumbnailUrl":"https:\/\/global-hookah.com\/wp-content\/uploads\/2023\/12\/\u4e3b\u56fe-01-28.jpg","datePublished":"2023-12-31T06:24:44+00:00","dateModified":"2024-01-03T08:56:08+00:00","breadcrumb":{"@id":"https:\/\/global-hookah.com\/product\/crystal-water-bong-bubbler-wholesale\/#breadcrumb"},"inLanguage":"es","potentialAction":[{"@type":"ReadAction","target":["https:\/\/global-hookah.com\/product\/crystal-water-bong-bubbler-wholesale\/"]}]},{"@type":"ImageObject","inLanguage":"es","@id":"https:\/\/global-hookah.com\/product\/crystal-water-bong-bubbler-wholesale\/#primaryimage","url":"https:\/\/global-hookah.com\/wp-content\/uploads\/2023\/12\/\u4e3b\u56fe-01-28.jpg","contentUrl":"https:\/\/global-hookah.com\/wp-content\/uploads\/2023\/12\/\u4e3b\u56fe-01-28.jpg","width":600,"height":600,"caption":"Crystal Water Bong Bubbler Wholesale"},{"@type":"BreadcrumbList","@id":"https:\/\/global-hookah.com\/product\/crystal-water-bong-bubbler-wholesale\/#breadcrumb","itemListElement":[{"@type":"ListItem","position":1,"name":"Home","item":"https:\/\/global-hookah.com\/"},{"@type":"ListItem","position":2,"name":"Shop","item":"https:\/\/global-hookah.com\/shop\/"},{"@type":"ListItem","position":3,"name":"Crystal Water Bong Bubbler Wholesale"}]},{"@type":"WebSite","@id":"https:\/\/global-hookah.com\/#website","url":"https:\/\/global-hookah.com\/","name":"Global Hookah","description":"Global Hookah","publisher":{"@id":"https:\/\/global-hookah.com\/#organization"},"potentialAction":[{"@type":"SearchAction","target":{"@type":"EntryPoint","urlTemplate":"https:\/\/global-hookah.com\/?s={search_term_string}"},"query-input":{"@type":"PropertyValueSpecification","valueRequired":true,"valueName":"search_term_string"}}],"inLanguage":"es"},{"@type":"Organization","@id":"https:\/\/global-hookah.com\/#organization","name":"Global Hookah","url":"https:\/\/global-hookah.com\/","logo":{"@type":"ImageObject","inLanguage":"es","@id":"https:\/\/global-hookah.com\/#\/schema\/logo\/image\/","url":"https:\/\/global-hookah.com\/wp-content\/uploads\/2021\/10\/cropped-fgg.png","contentUrl":"https:\/\/global-hookah.com\/wp-content\/uploads\/2021\/10\/cropped-fgg.png","width":512,"height":512,"caption":"Global Hookah"},"image":{"@id":"https:\/\/global-hookah.com\/#\/schema\/logo\/image\/"}}]}},"_links":{"self":[{"href":"https:\/\/global-hookah.com\/es\/wp-json\/wp\/v2\/product\/18297","targetHints":{"allow":["GET"]}}],"collection":[{"href":"https:\/\/global-hookah.com\/es\/wp-json\/wp\/v2\/product"}],"about":[{"href":"https:\/\/global-hookah.com\/es\/wp-json\/wp\/v2\/types\/product"}],"replies":[{"embeddable":true,"href":"https:\/\/global-hookah.com\/es\/wp-json\/wp\/v2\/comments?post=18297"}],"version-history":[{"count":0,"href":"https:\/\/global-hookah.com\/es\/wp-json\/wp\/v2\/product\/18297\/revisions"}],"wp:featuredmedia":[{"embeddable":true,"href":"https:\/\/global-hookah.com\/es\/wp-json\/wp\/v2\/media\/18299"}],"wp:attachment":[{"href":"https:\/\/global-hookah.com\/es\/wp-json\/wp\/v2\/media?parent=18297"}],"wp:term":[{"taxonomy":"product_brand","embeddable":true,"href":"https:\/\/global-hookah.com\/es\/wp-json\/wp\/v2\/product_brand?post=18297"},{"taxonomy":"product_cat","embeddable":true,"href":"https:\/\/global-hookah.com\/es\/wp-json\/wp\/v2\/product_cat?post=18297"},{"taxonomy":"product_tag","embeddable":true,"href":"https:\/\/global-hookah.com\/es\/wp-json\/wp\/v2\/product_tag?post=18297"}],"curies":[{"name":"wp","href":"https:\/\/api.w.org\/{rel}","templated":true}]}}