{"id":18323,"date":"2023-12-31T06:37:27","date_gmt":"2023-12-31T06:37:27","guid":{"rendered":"https:\/\/global-hookah.com\/?post_type=product&#038;p=18323"},"modified":"2024-01-08T07:50:35","modified_gmt":"2024-01-08T07:50:35","slug":"19-6-inch-glass-straight-tube-bong-wholesale","status":"publish","type":"product","link":"https:\/\/global-hookah.com\/es\/producto\/19-6-inch-glass-straight-tube-bong-wholesale\/","title":{"rendered":"Bong de tubo recto de vidrio de 19,6 pulgadas al por mayor"},"content":{"rendered":"<p>\u00bfAlguna vez te has encontrado tosiendo y tartamudeando al intentar darle una calada a tu cachimba? \u00bfSientes que se te queman los pulmones tras unas pocas caladas? No es el \u00fanico.<\/p>\n<p>Muchos fumadores de cachimba est\u00e1n da\u00f1ando sus pulmones sin saberlo al utilizar productos mal dise\u00f1ados. Los tubos cortos y estrechos de los bongs baratos restringen el flujo de aire y obligan a dar caladas cortas y concentradas. Esto provoca irritaci\u00f3n, tos y posibles da\u00f1os pulmonares a largo plazo.<\/p>\n<p>Pero no tiene por qu\u00e9 ser as\u00ed.<\/p>\n<p>Presentamos la nueva pipa de vidrio de tubo recto de 19,6 pulgadas de Brand. Esta pipa de agua cuidadosamente dise\u00f1ada resuelve los problemas causados por los dise\u00f1os restrictivos.<\/p>\n<p>El tubo principal extendido de 19.6 pulgadas permite que el humo se enfr\u00ede y expanda antes de la inhalaci\u00f3n. Esto minimiza la irritaci\u00f3n y maximiza el flujo de aire y la producci\u00f3n de vapor. Los percoladores estrat\u00e9gicamente colocados filtran y difunden a\u00fan m\u00e1s el humo para obtener caladas suaves y f\u00e1ciles en todo momento.<\/p>\n<p>Atr\u00e1s quedaron los d\u00edas en los que se luchaba por dar una calada completa sin colapsar en un ataque de tos. El innovador dise\u00f1o de tubo recto de este bong hace que fumar sea m\u00e1s f\u00e1cil y agradable.<\/p>\n<p>Dale un respiro a tus pulmones. Deshazte de los anticuados bongs de vaso y actual\u00edzate al Bong de Tubo Recto de Vidrio de 19,6 pulgadas hoy mismo. Tu respiraci\u00f3n te lo agradecer\u00e1.<\/p>","protected":false},"excerpt":{"rendered":"<p>\u00bfAlguna vez te has encontrado tosiendo y tartamudeando al intentar darle una calada a tu cachimba? \u00bfTe<\/p>","protected":false},"featured_media":18325,"comment_status":"open","ping_status":"closed","template":"","meta":{"iawp_total_views":1,"_joinchat":[]},"product_brand":[],"product_cat":[535],"product_tag":[],"class_list":{"0":"post-18323","1":"product","2":"type-product","3":"status-publish","4":"has-post-thumbnail","6":"product_cat-wholesale-glass-bong","8":"first","9":"instock","10":"shipping-taxable","11":"product-type-external"},"yoast_head":"<!-- This site is optimized with the Yoast SEO Premium plugin v24.7 (Yoast SEO v26.8) - https:\/\/yoast.com\/product\/yoast-seo-premium-wordpress\/ -->\n<title>19.6 Inch Glass Straight Tube Bong Wholesale - Global Hookah<\/title>\n<meta name=\"robots\" content=\"index, follow, max-snippet:-1, max-image-preview:large, max-video-preview:-1\" \/>\n<link rel=\"canonical\" href=\"https:\/\/global-hookah.com\/es\/producto\/19-6-inch-glass-straight-tube-bong-wholesale\/\" \/>\n<meta property=\"og:locale\" content=\"es_ES\" \/>\n<meta property=\"og:type\" content=\"article\" \/>\n<meta property=\"og:title\" content=\"19.6 Inch Glass Straight Tube Bong Wholesale\" \/>\n<meta property=\"og:description\" content=\"Have you ever found yourself coughing and sputtering as you try to take a hit from your bong? Do your\" \/>\n<meta property=\"og:url\" content=\"https:\/\/global-hookah.com\/es\/producto\/19-6-inch-glass-straight-tube-bong-wholesale\/\" \/>\n<meta property=\"og:site_name\" content=\"Global Hookah\" \/>\n<meta property=\"article:modified_time\" content=\"2024-01-08T07:50:35+00:00\" \/>\n<meta property=\"og:image\" content=\"https:\/\/global-hookah.com\/wp-content\/uploads\/2023\/12\/\u4e3b\u56fe-01-31.jpg\" \/>\n\t<meta property=\"og:image:width\" content=\"1024\" \/>\n\t<meta property=\"og:image:height\" content=\"1024\" \/>\n\t<meta property=\"og:image:type\" content=\"image\/jpeg\" \/>\n<meta name=\"twitter:card\" content=\"summary_large_image\" \/>\n<meta name=\"twitter:label1\" content=\"Tiempo de lectura\" \/>\n\t<meta name=\"twitter:data1\" content=\"1 minuto\" \/>\n<script type=\"application\/ld+json\" class=\"yoast-schema-graph\">{\"@context\":\"https:\/\/schema.org\",\"@graph\":[{\"@type\":\"WebPage\",\"@id\":\"https:\/\/global-hookah.com\/product\/19-6-inch-glass-straight-tube-bong-wholesale\/\",\"url\":\"https:\/\/global-hookah.com\/product\/19-6-inch-glass-straight-tube-bong-wholesale\/\",\"name\":\"19.6 Inch Glass Straight Tube Bong Wholesale - Global Hookah\",\"isPartOf\":{\"@id\":\"https:\/\/global-hookah.com\/#website\"},\"primaryImageOfPage\":{\"@id\":\"https:\/\/global-hookah.com\/product\/19-6-inch-glass-straight-tube-bong-wholesale\/#primaryimage\"},\"image\":{\"@id\":\"https:\/\/global-hookah.com\/product\/19-6-inch-glass-straight-tube-bong-wholesale\/#primaryimage\"},\"thumbnailUrl\":\"https:\/\/global-hookah.com\/wp-content\/uploads\/2023\/12\/\u4e3b\u56fe-01-31.jpg\",\"datePublished\":\"2023-12-31T06:37:27+00:00\",\"dateModified\":\"2024-01-08T07:50:35+00:00\",\"breadcrumb\":{\"@id\":\"https:\/\/global-hookah.com\/product\/19-6-inch-glass-straight-tube-bong-wholesale\/#breadcrumb\"},\"inLanguage\":\"es\",\"potentialAction\":[{\"@type\":\"ReadAction\",\"target\":[\"https:\/\/global-hookah.com\/product\/19-6-inch-glass-straight-tube-bong-wholesale\/\"]}]},{\"@type\":\"ImageObject\",\"inLanguage\":\"es\",\"@id\":\"https:\/\/global-hookah.com\/product\/19-6-inch-glass-straight-tube-bong-wholesale\/#primaryimage\",\"url\":\"https:\/\/global-hookah.com\/wp-content\/uploads\/2023\/12\/\u4e3b\u56fe-01-31.jpg\",\"contentUrl\":\"https:\/\/global-hookah.com\/wp-content\/uploads\/2023\/12\/\u4e3b\u56fe-01-31.jpg\",\"width\":1024,\"height\":1024},{\"@type\":\"BreadcrumbList\",\"@id\":\"https:\/\/global-hookah.com\/product\/19-6-inch-glass-straight-tube-bong-wholesale\/#breadcrumb\",\"itemListElement\":[{\"@type\":\"ListItem\",\"position\":1,\"name\":\"Home\",\"item\":\"https:\/\/global-hookah.com\/\"},{\"@type\":\"ListItem\",\"position\":2,\"name\":\"Shop\",\"item\":\"https:\/\/global-hookah.com\/shop\/\"},{\"@type\":\"ListItem\",\"position\":3,\"name\":\"19.6 Inch Glass Straight Tube Bong Wholesale\"}]},{\"@type\":\"WebSite\",\"@id\":\"https:\/\/global-hookah.com\/#website\",\"url\":\"https:\/\/global-hookah.com\/\",\"name\":\"Global Hookah\",\"description\":\"Global Hookah\",\"publisher\":{\"@id\":\"https:\/\/global-hookah.com\/#organization\"},\"potentialAction\":[{\"@type\":\"SearchAction\",\"target\":{\"@type\":\"EntryPoint\",\"urlTemplate\":\"https:\/\/global-hookah.com\/?s={search_term_string}\"},\"query-input\":{\"@type\":\"PropertyValueSpecification\",\"valueRequired\":true,\"valueName\":\"search_term_string\"}}],\"inLanguage\":\"es\"},{\"@type\":\"Organization\",\"@id\":\"https:\/\/global-hookah.com\/#organization\",\"name\":\"Global Hookah\",\"url\":\"https:\/\/global-hookah.com\/\",\"logo\":{\"@type\":\"ImageObject\",\"inLanguage\":\"es\",\"@id\":\"https:\/\/global-hookah.com\/#\/schema\/logo\/image\/\",\"url\":\"https:\/\/global-hookah.com\/wp-content\/uploads\/2021\/10\/cropped-fgg.png\",\"contentUrl\":\"https:\/\/global-hookah.com\/wp-content\/uploads\/2021\/10\/cropped-fgg.png\",\"width\":512,\"height\":512,\"caption\":\"Global Hookah\"},\"image\":{\"@id\":\"https:\/\/global-hookah.com\/#\/schema\/logo\/image\/\"}}]}<\/script>\n<!-- \/ Yoast SEO Premium plugin. -->","yoast_head_json":{"title":"19.6 Inch Glass Straight Tube Bong al por mayor - Global Hookah","robots":{"index":"index","follow":"follow","max-snippet":"max-snippet:-1","max-image-preview":"max-image-preview:large","max-video-preview":"max-video-preview:-1"},"canonical":"https:\/\/global-hookah.com\/es\/producto\/19-6-inch-glass-straight-tube-bong-wholesale\/","og_locale":"es_ES","og_type":"article","og_title":"19.6 Inch Glass Straight Tube Bong Wholesale","og_description":"Have you ever found yourself coughing and sputtering as you try to take a hit from your bong? Do your","og_url":"https:\/\/global-hookah.com\/es\/producto\/19-6-inch-glass-straight-tube-bong-wholesale\/","og_site_name":"Global Hookah","article_modified_time":"2024-01-08T07:50:35+00:00","og_image":[{"width":1024,"height":1024,"url":"https:\/\/global-hookah.com\/wp-content\/uploads\/2023\/12\/\u4e3b\u56fe-01-31.jpg","type":"image\/jpeg"}],"twitter_card":"summary_large_image","twitter_misc":{"Tiempo de lectura":"1 minuto"},"schema":{"@context":"https:\/\/schema.org","@graph":[{"@type":"WebPage","@id":"https:\/\/global-hookah.com\/product\/19-6-inch-glass-straight-tube-bong-wholesale\/","url":"https:\/\/global-hookah.com\/product\/19-6-inch-glass-straight-tube-bong-wholesale\/","name":"19.6 Inch Glass Straight Tube Bong al por mayor - Global Hookah","isPartOf":{"@id":"https:\/\/global-hookah.com\/#website"},"primaryImageOfPage":{"@id":"https:\/\/global-hookah.com\/product\/19-6-inch-glass-straight-tube-bong-wholesale\/#primaryimage"},"image":{"@id":"https:\/\/global-hookah.com\/product\/19-6-inch-glass-straight-tube-bong-wholesale\/#primaryimage"},"thumbnailUrl":"https:\/\/global-hookah.com\/wp-content\/uploads\/2023\/12\/\u4e3b\u56fe-01-31.jpg","datePublished":"2023-12-31T06:37:27+00:00","dateModified":"2024-01-08T07:50:35+00:00","breadcrumb":{"@id":"https:\/\/global-hookah.com\/product\/19-6-inch-glass-straight-tube-bong-wholesale\/#breadcrumb"},"inLanguage":"es","potentialAction":[{"@type":"ReadAction","target":["https:\/\/global-hookah.com\/product\/19-6-inch-glass-straight-tube-bong-wholesale\/"]}]},{"@type":"ImageObject","inLanguage":"es","@id":"https:\/\/global-hookah.com\/product\/19-6-inch-glass-straight-tube-bong-wholesale\/#primaryimage","url":"https:\/\/global-hookah.com\/wp-content\/uploads\/2023\/12\/\u4e3b\u56fe-01-31.jpg","contentUrl":"https:\/\/global-hookah.com\/wp-content\/uploads\/2023\/12\/\u4e3b\u56fe-01-31.jpg","width":1024,"height":1024},{"@type":"BreadcrumbList","@id":"https:\/\/global-hookah.com\/product\/19-6-inch-glass-straight-tube-bong-wholesale\/#breadcrumb","itemListElement":[{"@type":"ListItem","position":1,"name":"Home","item":"https:\/\/global-hookah.com\/"},{"@type":"ListItem","position":2,"name":"Shop","item":"https:\/\/global-hookah.com\/shop\/"},{"@type":"ListItem","position":3,"name":"19.6 Inch Glass Straight Tube Bong Wholesale"}]},{"@type":"WebSite","@id":"https:\/\/global-hookah.com\/#website","url":"https:\/\/global-hookah.com\/","name":"Global Hookah","description":"Global Hookah","publisher":{"@id":"https:\/\/global-hookah.com\/#organization"},"potentialAction":[{"@type":"SearchAction","target":{"@type":"EntryPoint","urlTemplate":"https:\/\/global-hookah.com\/?s={search_term_string}"},"query-input":{"@type":"PropertyValueSpecification","valueRequired":true,"valueName":"search_term_string"}}],"inLanguage":"es"},{"@type":"Organization","@id":"https:\/\/global-hookah.com\/#organization","name":"Global Hookah","url":"https:\/\/global-hookah.com\/","logo":{"@type":"ImageObject","inLanguage":"es","@id":"https:\/\/global-hookah.com\/#\/schema\/logo\/image\/","url":"https:\/\/global-hookah.com\/wp-content\/uploads\/2021\/10\/cropped-fgg.png","contentUrl":"https:\/\/global-hookah.com\/wp-content\/uploads\/2021\/10\/cropped-fgg.png","width":512,"height":512,"caption":"Global Hookah"},"image":{"@id":"https:\/\/global-hookah.com\/#\/schema\/logo\/image\/"}}]}},"_links":{"self":[{"href":"https:\/\/global-hookah.com\/es\/wp-json\/wp\/v2\/product\/18323","targetHints":{"allow":["GET"]}}],"collection":[{"href":"https:\/\/global-hookah.com\/es\/wp-json\/wp\/v2\/product"}],"about":[{"href":"https:\/\/global-hookah.com\/es\/wp-json\/wp\/v2\/types\/product"}],"replies":[{"embeddable":true,"href":"https:\/\/global-hookah.com\/es\/wp-json\/wp\/v2\/comments?post=18323"}],"version-history":[{"count":0,"href":"https:\/\/global-hookah.com\/es\/wp-json\/wp\/v2\/product\/18323\/revisions"}],"wp:featuredmedia":[{"embeddable":true,"href":"https:\/\/global-hookah.com\/es\/wp-json\/wp\/v2\/media\/18325"}],"wp:attachment":[{"href":"https:\/\/global-hookah.com\/es\/wp-json\/wp\/v2\/media?parent=18323"}],"wp:term":[{"taxonomy":"product_brand","embeddable":true,"href":"https:\/\/global-hookah.com\/es\/wp-json\/wp\/v2\/product_brand?post=18323"},{"taxonomy":"product_cat","embeddable":true,"href":"https:\/\/global-hookah.com\/es\/wp-json\/wp\/v2\/product_cat?post=18323"},{"taxonomy":"product_tag","embeddable":true,"href":"https:\/\/global-hookah.com\/es\/wp-json\/wp\/v2\/product_tag?post=18323"}],"curies":[{"name":"wp","href":"https:\/\/api.w.org\/{rel}","templated":true}]}}