{"id":18335,"date":"2023-12-31T06:41:15","date_gmt":"2023-12-31T06:41:15","guid":{"rendered":"https:\/\/global-hookah.com\/?post_type=product&#038;p=18335"},"modified":"2024-01-02T14:10:21","modified_gmt":"2024-01-02T14:10:21","slug":"18-inch-single-stage-straight-tube-bong-wholesale","status":"publish","type":"product","link":"https:\/\/global-hookah.com\/es\/producto\/18-inch-single-stage-straight-tube-bong-wholesale\/","title":{"rendered":"Bong de tubo recto de una etapa de 18 pulgadas al por mayor"},"content":{"rendered":"<p>Equipado con una espaciosa c\u00e1mara principal, el <strong>Bong de tubo recto de una etapa de 18 pulgadas<\/strong> facilita una amplia expansi\u00f3n del humo, mientras que el disco percolador de la base a\u00f1ade una capa adicional de difusi\u00f3n del humo.<\/p>\n<p>Con 18 pulgadas de alto, <strong>Bong de tubo recto de una etapa<\/strong> proporciona un amplio tama\u00f1o de c\u00e1mara para rips masivos y golpes turbios.<\/p>\n<p>Y proporciona un largo camino de enfriamiento para el humo para asegurar que usted obtenga una experiencia suave cada vez que fuma<\/p>\n<p>El difusor en l\u00ednea de una sola etapa crea una excelente filtraci\u00f3n del agua sin complejidad.<\/p>\n<p>Disponibles con conexiones de vidrio sobre vidrio o con ojales de goma para un rendimiento herm\u00e9tico duradero.<\/p>\n<p>El elemento visual m\u00e1s destacado es el elegante percolador en espiral negro que enfr\u00eda y filtra el humo de forma eficiente para obtener un golpe limpio y sabroso.<\/p>\n<p>En <strong>Bong's de tubo recto de una etapa<\/strong> El dise\u00f1o recto del tubo culmina en una c\u00f3moda boquilla acampanada, dise\u00f1ada para adaptarse perfectamente a los contornos de la boca del usuario.<\/p>\n<p>Para facilitar el mantenimiento, el <strong>bong de tubo recto en l\u00ednea<\/strong> incluye una cubeta extra\u00edble que permite guardarla y limpiarla f\u00e1cilmente.<\/p>","protected":false},"excerpt":{"rendered":"<p>Equipado con una espaciosa c\u00e1mara principal, el Single Stage Straight Tube Bong de 18 pulgadas facilita una amplia expansi\u00f3n del humo, mientras que el disco<\/p>","protected":false},"featured_media":18337,"comment_status":"open","ping_status":"closed","template":"","meta":{"iawp_total_views":0,"_joinchat":[]},"product_brand":[],"product_cat":[535],"product_tag":[],"class_list":{"0":"post-18335","1":"product","2":"type-product","3":"status-publish","4":"has-post-thumbnail","6":"product_cat-wholesale-glass-bong","8":"first","9":"instock","10":"shipping-taxable","11":"product-type-external"},"yoast_head":"<!-- This site is optimized with the Yoast SEO Premium plugin v24.7 (Yoast SEO v26.8) - https:\/\/yoast.com\/product\/yoast-seo-premium-wordpress\/ -->\n<title>18 Inch Single Stage Straight Tube Bong Wholesale - Global Hookah<\/title>\n<meta name=\"robots\" content=\"index, follow, max-snippet:-1, max-image-preview:large, max-video-preview:-1\" \/>\n<link rel=\"canonical\" href=\"https:\/\/global-hookah.com\/es\/produkt\/18-inch-single-stage-straight-tube-bong-wholesale\/\" \/>\n<meta property=\"og:locale\" content=\"es_ES\" \/>\n<meta property=\"og:type\" content=\"article\" \/>\n<meta property=\"og:title\" content=\"18 Inch Single Stage Straight Tube Bong Wholesale\" \/>\n<meta property=\"og:description\" content=\"Equipped with a spacious main chamber, the 18-inch Single Stage Straight Tube Bong facilitates ample smoke expansion, while the disc\" \/>\n<meta property=\"og:url\" content=\"https:\/\/global-hookah.com\/es\/produkt\/18-inch-single-stage-straight-tube-bong-wholesale\/\" \/>\n<meta property=\"og:site_name\" content=\"Global Hookah\" \/>\n<meta property=\"article:modified_time\" content=\"2024-01-02T14:10:21+00:00\" \/>\n<meta property=\"og:image\" content=\"https:\/\/global-hookah.com\/wp-content\/uploads\/2023\/12\/\u4e3b\u56fe-01-32.jpg\" \/>\n\t<meta property=\"og:image:width\" content=\"800\" \/>\n\t<meta property=\"og:image:height\" content=\"800\" \/>\n\t<meta property=\"og:image:type\" content=\"image\/jpeg\" \/>\n<meta name=\"twitter:card\" content=\"summary_large_image\" \/>\n<meta name=\"twitter:label1\" content=\"Tiempo de lectura\" \/>\n\t<meta name=\"twitter:data1\" content=\"1 minuto\" \/>\n<script type=\"application\/ld+json\" class=\"yoast-schema-graph\">{\"@context\":\"https:\/\/schema.org\",\"@graph\":[{\"@type\":\"WebPage\",\"@id\":\"https:\/\/global-hookah.com\/de\/produkt\/18-inch-single-stage-straight-tube-bong-wholesale\/\",\"url\":\"https:\/\/global-hookah.com\/de\/produkt\/18-inch-single-stage-straight-tube-bong-wholesale\/\",\"name\":\"18 Inch Single Stage Straight Tube Bong Wholesale - Global Hookah\",\"isPartOf\":{\"@id\":\"https:\/\/global-hookah.com\/#website\"},\"primaryImageOfPage\":{\"@id\":\"https:\/\/global-hookah.com\/de\/produkt\/18-inch-single-stage-straight-tube-bong-wholesale\/#primaryimage\"},\"image\":{\"@id\":\"https:\/\/global-hookah.com\/de\/produkt\/18-inch-single-stage-straight-tube-bong-wholesale\/#primaryimage\"},\"thumbnailUrl\":\"https:\/\/global-hookah.com\/wp-content\/uploads\/2023\/12\/\u4e3b\u56fe-01-32.jpg\",\"datePublished\":\"2023-12-31T06:41:15+00:00\",\"dateModified\":\"2024-01-02T14:10:21+00:00\",\"breadcrumb\":{\"@id\":\"https:\/\/global-hookah.com\/de\/produkt\/18-inch-single-stage-straight-tube-bong-wholesale\/#breadcrumb\"},\"inLanguage\":\"es\",\"potentialAction\":[{\"@type\":\"ReadAction\",\"target\":[\"https:\/\/global-hookah.com\/de\/produkt\/18-inch-single-stage-straight-tube-bong-wholesale\/\"]}]},{\"@type\":\"ImageObject\",\"inLanguage\":\"es\",\"@id\":\"https:\/\/global-hookah.com\/de\/produkt\/18-inch-single-stage-straight-tube-bong-wholesale\/#primaryimage\",\"url\":\"https:\/\/global-hookah.com\/wp-content\/uploads\/2023\/12\/\u4e3b\u56fe-01-32.jpg\",\"contentUrl\":\"https:\/\/global-hookah.com\/wp-content\/uploads\/2023\/12\/\u4e3b\u56fe-01-32.jpg\",\"width\":800,\"height\":800,\"caption\":\"18 Inch Single Stage Straight Tube Bong Wholesale\"},{\"@type\":\"BreadcrumbList\",\"@id\":\"https:\/\/global-hookah.com\/de\/produkt\/18-inch-single-stage-straight-tube-bong-wholesale\/#breadcrumb\",\"itemListElement\":[{\"@type\":\"ListItem\",\"position\":1,\"name\":\"Home\",\"item\":\"https:\/\/global-hookah.com\/\"},{\"@type\":\"ListItem\",\"position\":2,\"name\":\"Shop\",\"item\":\"https:\/\/global-hookah.com\/shop\/\"},{\"@type\":\"ListItem\",\"position\":3,\"name\":\"18 Inch Single Stage Straight Tube Bong Wholesale\"}]},{\"@type\":\"WebSite\",\"@id\":\"https:\/\/global-hookah.com\/#website\",\"url\":\"https:\/\/global-hookah.com\/\",\"name\":\"Global Hookah\",\"description\":\"Global Hookah\",\"publisher\":{\"@id\":\"https:\/\/global-hookah.com\/#organization\"},\"potentialAction\":[{\"@type\":\"SearchAction\",\"target\":{\"@type\":\"EntryPoint\",\"urlTemplate\":\"https:\/\/global-hookah.com\/?s={search_term_string}\"},\"query-input\":{\"@type\":\"PropertyValueSpecification\",\"valueRequired\":true,\"valueName\":\"search_term_string\"}}],\"inLanguage\":\"es\"},{\"@type\":\"Organization\",\"@id\":\"https:\/\/global-hookah.com\/#organization\",\"name\":\"Global Hookah\",\"url\":\"https:\/\/global-hookah.com\/\",\"logo\":{\"@type\":\"ImageObject\",\"inLanguage\":\"es\",\"@id\":\"https:\/\/global-hookah.com\/#\/schema\/logo\/image\/\",\"url\":\"https:\/\/global-hookah.com\/wp-content\/uploads\/2021\/10\/cropped-fgg.png\",\"contentUrl\":\"https:\/\/global-hookah.com\/wp-content\/uploads\/2021\/10\/cropped-fgg.png\",\"width\":512,\"height\":512,\"caption\":\"Global Hookah\"},\"image\":{\"@id\":\"https:\/\/global-hookah.com\/#\/schema\/logo\/image\/\"}}]}<\/script>\n<!-- \/ Yoast SEO Premium plugin. -->","yoast_head_json":{"title":"18 Inch Single Stage Straight Tube Bong al por mayor - Global Hookah","robots":{"index":"index","follow":"follow","max-snippet":"max-snippet:-1","max-image-preview":"max-image-preview:large","max-video-preview":"max-video-preview:-1"},"canonical":"https:\/\/global-hookah.com\/es\/produkt\/18-inch-single-stage-straight-tube-bong-wholesale\/","og_locale":"es_ES","og_type":"article","og_title":"18 Inch Single Stage Straight Tube Bong Wholesale","og_description":"Equipped with a spacious main chamber, the 18-inch Single Stage Straight Tube Bong facilitates ample smoke expansion, while the disc","og_url":"https:\/\/global-hookah.com\/es\/produkt\/18-inch-single-stage-straight-tube-bong-wholesale\/","og_site_name":"Global Hookah","article_modified_time":"2024-01-02T14:10:21+00:00","og_image":[{"width":800,"height":800,"url":"https:\/\/global-hookah.com\/wp-content\/uploads\/2023\/12\/\u4e3b\u56fe-01-32.jpg","type":"image\/jpeg"}],"twitter_card":"summary_large_image","twitter_misc":{"Tiempo de lectura":"1 minuto"},"schema":{"@context":"https:\/\/schema.org","@graph":[{"@type":"WebPage","@id":"https:\/\/global-hookah.com\/de\/produkt\/18-inch-single-stage-straight-tube-bong-wholesale\/","url":"https:\/\/global-hookah.com\/de\/produkt\/18-inch-single-stage-straight-tube-bong-wholesale\/","name":"18 Inch Single Stage Straight Tube Bong al por mayor - Global Hookah","isPartOf":{"@id":"https:\/\/global-hookah.com\/#website"},"primaryImageOfPage":{"@id":"https:\/\/global-hookah.com\/de\/produkt\/18-inch-single-stage-straight-tube-bong-wholesale\/#primaryimage"},"image":{"@id":"https:\/\/global-hookah.com\/de\/produkt\/18-inch-single-stage-straight-tube-bong-wholesale\/#primaryimage"},"thumbnailUrl":"https:\/\/global-hookah.com\/wp-content\/uploads\/2023\/12\/\u4e3b\u56fe-01-32.jpg","datePublished":"2023-12-31T06:41:15+00:00","dateModified":"2024-01-02T14:10:21+00:00","breadcrumb":{"@id":"https:\/\/global-hookah.com\/de\/produkt\/18-inch-single-stage-straight-tube-bong-wholesale\/#breadcrumb"},"inLanguage":"es","potentialAction":[{"@type":"ReadAction","target":["https:\/\/global-hookah.com\/de\/produkt\/18-inch-single-stage-straight-tube-bong-wholesale\/"]}]},{"@type":"ImageObject","inLanguage":"es","@id":"https:\/\/global-hookah.com\/de\/produkt\/18-inch-single-stage-straight-tube-bong-wholesale\/#primaryimage","url":"https:\/\/global-hookah.com\/wp-content\/uploads\/2023\/12\/\u4e3b\u56fe-01-32.jpg","contentUrl":"https:\/\/global-hookah.com\/wp-content\/uploads\/2023\/12\/\u4e3b\u56fe-01-32.jpg","width":800,"height":800,"caption":"18 Inch Single Stage Straight Tube Bong Wholesale"},{"@type":"BreadcrumbList","@id":"https:\/\/global-hookah.com\/de\/produkt\/18-inch-single-stage-straight-tube-bong-wholesale\/#breadcrumb","itemListElement":[{"@type":"ListItem","position":1,"name":"Home","item":"https:\/\/global-hookah.com\/"},{"@type":"ListItem","position":2,"name":"Shop","item":"https:\/\/global-hookah.com\/shop\/"},{"@type":"ListItem","position":3,"name":"18 Inch Single Stage Straight Tube Bong Wholesale"}]},{"@type":"WebSite","@id":"https:\/\/global-hookah.com\/#website","url":"https:\/\/global-hookah.com\/","name":"Global Hookah","description":"Global Hookah","publisher":{"@id":"https:\/\/global-hookah.com\/#organization"},"potentialAction":[{"@type":"SearchAction","target":{"@type":"EntryPoint","urlTemplate":"https:\/\/global-hookah.com\/?s={search_term_string}"},"query-input":{"@type":"PropertyValueSpecification","valueRequired":true,"valueName":"search_term_string"}}],"inLanguage":"es"},{"@type":"Organization","@id":"https:\/\/global-hookah.com\/#organization","name":"Global Hookah","url":"https:\/\/global-hookah.com\/","logo":{"@type":"ImageObject","inLanguage":"es","@id":"https:\/\/global-hookah.com\/#\/schema\/logo\/image\/","url":"https:\/\/global-hookah.com\/wp-content\/uploads\/2021\/10\/cropped-fgg.png","contentUrl":"https:\/\/global-hookah.com\/wp-content\/uploads\/2021\/10\/cropped-fgg.png","width":512,"height":512,"caption":"Global Hookah"},"image":{"@id":"https:\/\/global-hookah.com\/#\/schema\/logo\/image\/"}}]}},"_links":{"self":[{"href":"https:\/\/global-hookah.com\/es\/wp-json\/wp\/v2\/product\/18335","targetHints":{"allow":["GET"]}}],"collection":[{"href":"https:\/\/global-hookah.com\/es\/wp-json\/wp\/v2\/product"}],"about":[{"href":"https:\/\/global-hookah.com\/es\/wp-json\/wp\/v2\/types\/product"}],"replies":[{"embeddable":true,"href":"https:\/\/global-hookah.com\/es\/wp-json\/wp\/v2\/comments?post=18335"}],"version-history":[{"count":0,"href":"https:\/\/global-hookah.com\/es\/wp-json\/wp\/v2\/product\/18335\/revisions"}],"wp:featuredmedia":[{"embeddable":true,"href":"https:\/\/global-hookah.com\/es\/wp-json\/wp\/v2\/media\/18337"}],"wp:attachment":[{"href":"https:\/\/global-hookah.com\/es\/wp-json\/wp\/v2\/media?parent=18335"}],"wp:term":[{"taxonomy":"product_brand","embeddable":true,"href":"https:\/\/global-hookah.com\/es\/wp-json\/wp\/v2\/product_brand?post=18335"},{"taxonomy":"product_cat","embeddable":true,"href":"https:\/\/global-hookah.com\/es\/wp-json\/wp\/v2\/product_cat?post=18335"},{"taxonomy":"product_tag","embeddable":true,"href":"https:\/\/global-hookah.com\/es\/wp-json\/wp\/v2\/product_tag?post=18335"}],"curies":[{"name":"wp","href":"https:\/\/api.w.org\/{rel}","templated":true}]}}