{"id":18344,"date":"2023-12-31T06:45:39","date_gmt":"2023-12-31T06:45:39","guid":{"rendered":"https:\/\/global-hookah.com\/?post_type=product&#038;p=18344"},"modified":"2024-06-23T05:53:00","modified_gmt":"2024-06-23T05:53:00","slug":"wholesale-clear-glass-bong-with-multi-chamber-filtration-and-ice-catcher","status":"publish","type":"product","link":"https:\/\/global-hookah.com\/es\/producto\/wholesale-clear-glass-bong-with-multi-chamber-filtration-and-ice-catcher\/","title":{"rendered":"Mayorista Bong De Vidrio Transparente Con Filtracion Multi-Camara Y Recogedor De Hielo"},"content":{"rendered":"<p>Se trata de un <strong>Bong artesanal de cristal transparente<\/strong> Nuestro sistema de filtrado multic\u00e1mara cuenta con una c\u00e1mara primaria, un percolador en l\u00ednea y una c\u00e1mara de recogida de hielo adicional para disfrutar de unas caladas ultrafr\u00edas y suaves como la seda.<\/p>\n<p>El humo pasa a trav\u00e9s de dos c\u00e1maras con percoladores que hacen que el humo pase a trav\u00e9s del agua, lo que lo hace m\u00e1s suave y elimina las impurezas. Pero la cosa no acaba ah\u00ed. La segunda c\u00e1mara del <strong>Bong De Vidrio Con Multi-Bombilla<\/strong> cuenta con un dep\u00f3sito de hielo en un lugar estrat\u00e9gico donde se pueden poner cubitos de hielo y obtener un humo fr\u00edo m\u00e1s refrescante. A medida que el vapor contin\u00faa ascendiendo, se encuentra con una superficie helada que enfr\u00eda a\u00fan m\u00e1s su temperatura, suavizando as\u00ed la calada, dej\u00e1ndole con una experiencia de fumada refrescante.<\/p>\n<p>Si usted est\u00e1 buscando m\u00faltiples capas de filtraci\u00f3n junto con caladas heladas entonces este ser\u00e1 su art\u00edculo principal para complementarlos en su colecci\u00f3n de accesorios para fumadores. Tenemos varios <a href=\"https:\/\/global-hookah.com\/product-category\/bong-wholesale\/\"><strong>tipos de bongs de cristal<\/strong><\/a> en nuestro sitio web para que pueda <a href=\"https:\/\/global-hookah.com\/product-category\/bong-wholesale\/wholesale-glass-bong\/\">bongs de cristal al por mayor<\/a> para su tienda<\/p>","protected":false},"excerpt":{"rendered":"<p>Se trata de un hecho a mano de vidrio transparente Bong de vidrio de borosilicato que es la mejor encarnaci\u00f3n de nuestra artesan\u00eda, Nuestra<\/p>","protected":false},"featured_media":18347,"comment_status":"open","ping_status":"closed","template":"","meta":{"iawp_total_views":3,"_joinchat":[]},"product_brand":[],"product_cat":[535],"product_tag":[],"class_list":{"0":"post-18344","1":"product","2":"type-product","3":"status-publish","4":"has-post-thumbnail","6":"product_cat-wholesale-glass-bong","8":"first","9":"instock","10":"shipping-taxable","11":"product-type-external"},"yoast_head":"<!-- This site is optimized with the Yoast SEO Premium plugin v24.7 (Yoast SEO v26.8) - https:\/\/yoast.com\/product\/yoast-seo-premium-wordpress\/ -->\n<title>Wholesale Clear Glass Bong With Multi-Chamber Filtration And Ice Catcher - Global Hookah<\/title>\n<meta name=\"robots\" content=\"index, follow, max-snippet:-1, max-image-preview:large, max-video-preview:-1\" \/>\n<link rel=\"canonical\" href=\"https:\/\/global-hookah.com\/es\/producto\/wholesale-clear-glass-bong-with-multi-chamber-filtration-and-ice-catcher\/\" \/>\n<meta property=\"og:locale\" content=\"es_ES\" \/>\n<meta property=\"og:type\" content=\"article\" \/>\n<meta property=\"og:title\" content=\"Wholesale Clear Glass Bong With Multi-Chamber Filtration And Ice Catcher\" \/>\n<meta property=\"og:description\" content=\"It is a hand-crafted Clear Glass Bong made from borosilicate glass which is the best embodiment of our craftsmanship, Our\" \/>\n<meta property=\"og:url\" content=\"https:\/\/global-hookah.com\/es\/producto\/wholesale-clear-glass-bong-with-multi-chamber-filtration-and-ice-catcher\/\" \/>\n<meta property=\"og:site_name\" content=\"Global Hookah\" \/>\n<meta property=\"article:modified_time\" content=\"2024-06-23T05:53:00+00:00\" \/>\n<meta property=\"og:image\" content=\"https:\/\/global-hookah.com\/wp-content\/uploads\/2023\/12\/\u4e3b\u56fe-02-1-1.jpg\" \/>\n\t<meta property=\"og:image:width\" content=\"1024\" \/>\n\t<meta property=\"og:image:height\" content=\"1024\" \/>\n\t<meta property=\"og:image:type\" content=\"image\/jpeg\" \/>\n<meta name=\"twitter:card\" content=\"summary_large_image\" \/>\n<meta name=\"twitter:label1\" content=\"Tiempo de lectura\" \/>\n\t<meta name=\"twitter:data1\" content=\"1 minuto\" \/>\n<script type=\"application\/ld+json\" class=\"yoast-schema-graph\">{\"@context\":\"https:\/\/schema.org\",\"@graph\":[{\"@type\":\"WebPage\",\"@id\":\"https:\/\/global-hookah.com\/product\/wholesale-clear-glass-bong-with-multi-chamber-filtration-and-ice-catcher\/\",\"url\":\"https:\/\/global-hookah.com\/product\/wholesale-clear-glass-bong-with-multi-chamber-filtration-and-ice-catcher\/\",\"name\":\"Wholesale Clear Glass Bong With Multi-Chamber Filtration And Ice Catcher - Global Hookah\",\"isPartOf\":{\"@id\":\"https:\/\/global-hookah.com\/#website\"},\"primaryImageOfPage\":{\"@id\":\"https:\/\/global-hookah.com\/product\/wholesale-clear-glass-bong-with-multi-chamber-filtration-and-ice-catcher\/#primaryimage\"},\"image\":{\"@id\":\"https:\/\/global-hookah.com\/product\/wholesale-clear-glass-bong-with-multi-chamber-filtration-and-ice-catcher\/#primaryimage\"},\"thumbnailUrl\":\"https:\/\/global-hookah.com\/wp-content\/uploads\/2023\/12\/\u4e3b\u56fe-02-1-1.jpg\",\"datePublished\":\"2023-12-31T06:45:39+00:00\",\"dateModified\":\"2024-06-23T05:53:00+00:00\",\"breadcrumb\":{\"@id\":\"https:\/\/global-hookah.com\/product\/wholesale-clear-glass-bong-with-multi-chamber-filtration-and-ice-catcher\/#breadcrumb\"},\"inLanguage\":\"es\",\"potentialAction\":[{\"@type\":\"ReadAction\",\"target\":[\"https:\/\/global-hookah.com\/product\/wholesale-clear-glass-bong-with-multi-chamber-filtration-and-ice-catcher\/\"]}]},{\"@type\":\"ImageObject\",\"inLanguage\":\"es\",\"@id\":\"https:\/\/global-hookah.com\/product\/wholesale-clear-glass-bong-with-multi-chamber-filtration-and-ice-catcher\/#primaryimage\",\"url\":\"https:\/\/global-hookah.com\/wp-content\/uploads\/2023\/12\/\u4e3b\u56fe-02-1-1.jpg\",\"contentUrl\":\"https:\/\/global-hookah.com\/wp-content\/uploads\/2023\/12\/\u4e3b\u56fe-02-1-1.jpg\",\"width\":1024,\"height\":1024,\"caption\":\"Clear Glass Bong With Multi-Chamber Filtration\"},{\"@type\":\"BreadcrumbList\",\"@id\":\"https:\/\/global-hookah.com\/product\/wholesale-clear-glass-bong-with-multi-chamber-filtration-and-ice-catcher\/#breadcrumb\",\"itemListElement\":[{\"@type\":\"ListItem\",\"position\":1,\"name\":\"Home\",\"item\":\"https:\/\/global-hookah.com\/\"},{\"@type\":\"ListItem\",\"position\":2,\"name\":\"Shop\",\"item\":\"https:\/\/global-hookah.com\/shop\/\"},{\"@type\":\"ListItem\",\"position\":3,\"name\":\"Wholesale Clear Glass Bong With Multi-Chamber Filtration And Ice Catcher\"}]},{\"@type\":\"WebSite\",\"@id\":\"https:\/\/global-hookah.com\/#website\",\"url\":\"https:\/\/global-hookah.com\/\",\"name\":\"Global Hookah\",\"description\":\"Global Hookah\",\"publisher\":{\"@id\":\"https:\/\/global-hookah.com\/#organization\"},\"potentialAction\":[{\"@type\":\"SearchAction\",\"target\":{\"@type\":\"EntryPoint\",\"urlTemplate\":\"https:\/\/global-hookah.com\/?s={search_term_string}\"},\"query-input\":{\"@type\":\"PropertyValueSpecification\",\"valueRequired\":true,\"valueName\":\"search_term_string\"}}],\"inLanguage\":\"es\"},{\"@type\":\"Organization\",\"@id\":\"https:\/\/global-hookah.com\/#organization\",\"name\":\"Global Hookah\",\"url\":\"https:\/\/global-hookah.com\/\",\"logo\":{\"@type\":\"ImageObject\",\"inLanguage\":\"es\",\"@id\":\"https:\/\/global-hookah.com\/#\/schema\/logo\/image\/\",\"url\":\"https:\/\/global-hookah.com\/wp-content\/uploads\/2021\/10\/cropped-fgg.png\",\"contentUrl\":\"https:\/\/global-hookah.com\/wp-content\/uploads\/2021\/10\/cropped-fgg.png\",\"width\":512,\"height\":512,\"caption\":\"Global Hookah\"},\"image\":{\"@id\":\"https:\/\/global-hookah.com\/#\/schema\/logo\/image\/\"}}]}<\/script>\n<!-- \/ Yoast SEO Premium plugin. -->","yoast_head_json":{"title":"Mayorista Bong De Vidrio Transparente Con Filtraci\u00f3n Multi-C\u00e1mara Y Recogedor De Hielo - Global Hookah","robots":{"index":"index","follow":"follow","max-snippet":"max-snippet:-1","max-image-preview":"max-image-preview:large","max-video-preview":"max-video-preview:-1"},"canonical":"https:\/\/global-hookah.com\/es\/producto\/wholesale-clear-glass-bong-with-multi-chamber-filtration-and-ice-catcher\/","og_locale":"es_ES","og_type":"article","og_title":"Wholesale Clear Glass Bong With Multi-Chamber Filtration And Ice Catcher","og_description":"It is a hand-crafted Clear Glass Bong made from borosilicate glass which is the best embodiment of our craftsmanship, Our","og_url":"https:\/\/global-hookah.com\/es\/producto\/wholesale-clear-glass-bong-with-multi-chamber-filtration-and-ice-catcher\/","og_site_name":"Global Hookah","article_modified_time":"2024-06-23T05:53:00+00:00","og_image":[{"width":1024,"height":1024,"url":"https:\/\/global-hookah.com\/wp-content\/uploads\/2023\/12\/\u4e3b\u56fe-02-1-1.jpg","type":"image\/jpeg"}],"twitter_card":"summary_large_image","twitter_misc":{"Tiempo de lectura":"1 minuto"},"schema":{"@context":"https:\/\/schema.org","@graph":[{"@type":"WebPage","@id":"https:\/\/global-hookah.com\/product\/wholesale-clear-glass-bong-with-multi-chamber-filtration-and-ice-catcher\/","url":"https:\/\/global-hookah.com\/product\/wholesale-clear-glass-bong-with-multi-chamber-filtration-and-ice-catcher\/","name":"Mayorista Bong De Vidrio Transparente Con Filtraci\u00f3n Multi-C\u00e1mara Y Recogedor De Hielo - Global Hookah","isPartOf":{"@id":"https:\/\/global-hookah.com\/#website"},"primaryImageOfPage":{"@id":"https:\/\/global-hookah.com\/product\/wholesale-clear-glass-bong-with-multi-chamber-filtration-and-ice-catcher\/#primaryimage"},"image":{"@id":"https:\/\/global-hookah.com\/product\/wholesale-clear-glass-bong-with-multi-chamber-filtration-and-ice-catcher\/#primaryimage"},"thumbnailUrl":"https:\/\/global-hookah.com\/wp-content\/uploads\/2023\/12\/\u4e3b\u56fe-02-1-1.jpg","datePublished":"2023-12-31T06:45:39+00:00","dateModified":"2024-06-23T05:53:00+00:00","breadcrumb":{"@id":"https:\/\/global-hookah.com\/product\/wholesale-clear-glass-bong-with-multi-chamber-filtration-and-ice-catcher\/#breadcrumb"},"inLanguage":"es","potentialAction":[{"@type":"ReadAction","target":["https:\/\/global-hookah.com\/product\/wholesale-clear-glass-bong-with-multi-chamber-filtration-and-ice-catcher\/"]}]},{"@type":"ImageObject","inLanguage":"es","@id":"https:\/\/global-hookah.com\/product\/wholesale-clear-glass-bong-with-multi-chamber-filtration-and-ice-catcher\/#primaryimage","url":"https:\/\/global-hookah.com\/wp-content\/uploads\/2023\/12\/\u4e3b\u56fe-02-1-1.jpg","contentUrl":"https:\/\/global-hookah.com\/wp-content\/uploads\/2023\/12\/\u4e3b\u56fe-02-1-1.jpg","width":1024,"height":1024,"caption":"Clear Glass Bong With Multi-Chamber Filtration"},{"@type":"BreadcrumbList","@id":"https:\/\/global-hookah.com\/product\/wholesale-clear-glass-bong-with-multi-chamber-filtration-and-ice-catcher\/#breadcrumb","itemListElement":[{"@type":"ListItem","position":1,"name":"Home","item":"https:\/\/global-hookah.com\/"},{"@type":"ListItem","position":2,"name":"Shop","item":"https:\/\/global-hookah.com\/shop\/"},{"@type":"ListItem","position":3,"name":"Wholesale Clear Glass Bong With Multi-Chamber Filtration And Ice Catcher"}]},{"@type":"WebSite","@id":"https:\/\/global-hookah.com\/#website","url":"https:\/\/global-hookah.com\/","name":"Global Hookah","description":"Global Hookah","publisher":{"@id":"https:\/\/global-hookah.com\/#organization"},"potentialAction":[{"@type":"SearchAction","target":{"@type":"EntryPoint","urlTemplate":"https:\/\/global-hookah.com\/?s={search_term_string}"},"query-input":{"@type":"PropertyValueSpecification","valueRequired":true,"valueName":"search_term_string"}}],"inLanguage":"es"},{"@type":"Organization","@id":"https:\/\/global-hookah.com\/#organization","name":"Global Hookah","url":"https:\/\/global-hookah.com\/","logo":{"@type":"ImageObject","inLanguage":"es","@id":"https:\/\/global-hookah.com\/#\/schema\/logo\/image\/","url":"https:\/\/global-hookah.com\/wp-content\/uploads\/2021\/10\/cropped-fgg.png","contentUrl":"https:\/\/global-hookah.com\/wp-content\/uploads\/2021\/10\/cropped-fgg.png","width":512,"height":512,"caption":"Global Hookah"},"image":{"@id":"https:\/\/global-hookah.com\/#\/schema\/logo\/image\/"}}]}},"_links":{"self":[{"href":"https:\/\/global-hookah.com\/es\/wp-json\/wp\/v2\/product\/18344","targetHints":{"allow":["GET"]}}],"collection":[{"href":"https:\/\/global-hookah.com\/es\/wp-json\/wp\/v2\/product"}],"about":[{"href":"https:\/\/global-hookah.com\/es\/wp-json\/wp\/v2\/types\/product"}],"replies":[{"embeddable":true,"href":"https:\/\/global-hookah.com\/es\/wp-json\/wp\/v2\/comments?post=18344"}],"version-history":[{"count":0,"href":"https:\/\/global-hookah.com\/es\/wp-json\/wp\/v2\/product\/18344\/revisions"}],"wp:featuredmedia":[{"embeddable":true,"href":"https:\/\/global-hookah.com\/es\/wp-json\/wp\/v2\/media\/18347"}],"wp:attachment":[{"href":"https:\/\/global-hookah.com\/es\/wp-json\/wp\/v2\/media?parent=18344"}],"wp:term":[{"taxonomy":"product_brand","embeddable":true,"href":"https:\/\/global-hookah.com\/es\/wp-json\/wp\/v2\/product_brand?post=18344"},{"taxonomy":"product_cat","embeddable":true,"href":"https:\/\/global-hookah.com\/es\/wp-json\/wp\/v2\/product_cat?post=18344"},{"taxonomy":"product_tag","embeddable":true,"href":"https:\/\/global-hookah.com\/es\/wp-json\/wp\/v2\/product_tag?post=18344"}],"curies":[{"name":"wp","href":"https:\/\/api.w.org\/{rel}","templated":true}]}}