{"id":18394,"date":"2023-12-31T07:16:50","date_gmt":"2023-12-31T07:16:50","guid":{"rendered":"https:\/\/global-hookah.com\/?post_type=product&#038;p=18394"},"modified":"2024-04-12T08:39:10","modified_gmt":"2024-04-12T08:39:10","slug":"galaxy-sparkle-glass-bong-with-beaker-base-wholesale","status":"publish","type":"product","link":"https:\/\/global-hookah.com\/es\/producto\/galaxy-sparkle-glass-bong-with-beaker-base-wholesale\/","title":{"rendered":"Bong de cristal Galaxy Sparkle con base de vaso al por mayor"},"content":{"rendered":"<p>\u00bfQuieres hacer en casa una pipa de agua de ensue\u00f1o con tem\u00e1tica gal\u00e1ctica? Te recomiendo que pruebes nuestra nueva <strong>Bong de vidrio con base de vaso<\/strong>que es a la vez est\u00e9tico y pr\u00e1ctico.<\/p>\n<p>En primer lugar, le encantar\u00e1 su aspecto \u00fanico: vidrio p\u00farpura y azul tirado a mano entretejido en una encantadora galaxia. Este color de fantas\u00eda combinado con el dise\u00f1o cl\u00e1sico de la base del vaso har\u00e1 que su<strong> bongs de vaso con dise\u00f1os<\/strong> destacar entre los invitados, convirti\u00e9ndose en el centro de nuevas conversaciones.<\/p>\n<p>Adem\u00e1s, el<strong> bong de vaso con percolador<\/strong> tiene una base de vaso ancha que puede contener m\u00e1s agua, prolongando el tiempo de uso. La base grande tambi\u00e9n ayuda a filtrar el humo, proporcion\u00e1ndole una experiencia m\u00e1s suave y agradable. No olvide a\u00f1adir cubitos de hielo con regularidad para obtener un humo m\u00e1s fresco.<\/p>\n<p>Por \u00faltimo, la boquilla de pellizco de hielo de 2 pulgadas de ancho es otro aspecto destacado de este producto. No s\u00f3lo ayuda a filtrar el humo, sino que su gran di\u00e1metro tambi\u00e9n le permite obtener un volumen de humo m\u00e1s intenso. S\u00ed, esta <strong>Bong de vidrio con base de vaso<\/strong> \u00a1puede convertirse en tu pr\u00f3ximo acompa\u00f1ante perfecto para cualquier fiesta!<\/p>\n<p>Proporcionar dimensiones<br \/>\nEn <strong>Bong de vidrio con base de vaso<\/strong> mide 14 pulgadas de alto con un di\u00e1metro de base de 4 pulgadas. La base del vaso contiene aproximadamente 18 onzas l\u00edquidas de agua. Las dimensiones completas son:<\/p>\n<p>Altura: 14 pulgadas<br \/>\nDi\u00e1metro de la base: 4 pulgadas<br \/>\nCapacidad del vaso: 18 onzas l\u00edquidas<br \/>\nDi\u00e1metro de la boquilla: 0,75 pulgadas<br \/>\nLongitud del v\u00e1stago: 3,5 pulgadas<br \/>\nDi\u00e1metro del v\u00e1stago: 0,5 pulgadas<br \/>\nPeso: 1,1 libras<\/p>\n<p><strong>Para utilizar el vaso de cristal bong:<\/strong><\/p>\n<p>1. Extraiga todas las piezas del embalaje y enju\u00e1guelas con agua.<\/p>\n<p>2. Llene la base del vaso de precipitados con agua fr\u00eda y limpia hasta que llegue a unos 1-2 cent\u00edmetros por encima del v\u00e1stago descendente. No llene en exceso.<\/p>\n<p>3. Muele o rompe tu hierba seca en trozos peque\u00f1os y c\u00e1rgala en el bol.<\/p>\n<p>4. Mantenga una llama sobre la cazoleta e inhale lentamente a trav\u00e9s de la boquilla. El humo bajar\u00e1 por el agua y subir\u00e1 por el tubo hasta la boca.<\/p>\n<p>Cuando te decidas a vender esto al por mayor <strong>bong de vaso con percolador<\/strong>puede ponerse en contacto con nuestro equipo de atenci\u00f3n al cliente por tel\u00e9fono o correo electr\u00f3nico. Nuestro personal puede responder a cualquier pregunta que tenga sobre <strong><a href=\"https:\/\/global-hookah.com\/product-category\/bong-wholesale\/wholesale-glass-bong\/\">venta al por mayor<\/a>\u00a0cachimbas<\/strong>.<\/p>","protected":false},"excerpt":{"rendered":"<p>\u00bfQuieres hacer en casa una pipa de agua de ensue\u00f1o con tem\u00e1tica de galaxias? Te recomiendo encarecidamente que pruebes nuestro nuevo Bong de cristal con<\/p>","protected":false},"featured_media":18396,"comment_status":"open","ping_status":"closed","template":"","meta":{"iawp_total_views":0,"_joinchat":[]},"product_brand":[],"product_cat":[535],"product_tag":[],"class_list":{"0":"post-18394","1":"product","2":"type-product","3":"status-publish","4":"has-post-thumbnail","6":"product_cat-wholesale-glass-bong","8":"first","9":"instock","10":"shipping-taxable","11":"product-type-external"},"yoast_head":"<!-- This site is optimized with the Yoast SEO Premium plugin v24.7 (Yoast SEO v26.8) - https:\/\/yoast.com\/product\/yoast-seo-premium-wordpress\/ -->\n<title>Galaxy Sparkle Glass Bong with Beaker Base Wholesale - Global Hookah<\/title>\n<meta name=\"robots\" content=\"index, follow, max-snippet:-1, max-image-preview:large, max-video-preview:-1\" \/>\n<link rel=\"canonical\" href=\"https:\/\/global-hookah.com\/es\/ru\/\u043f\u0440\u043e\u0434\u0443\u043a\u0442\/\u0441\u0442\u0435\u043a\u043b\u044f\u043d\u043d\u044b\u0439-\u0431\u043e\u043d\u0433-galaxy-sparkle-\u0441-\u043e\u0441\u043d\u043e\u0432\u0430\u043d\u0438\u0435\u043c-\u0434\u043b\u044f-\u0441\u0442\/\" \/>\n<meta property=\"og:locale\" content=\"es_ES\" \/>\n<meta property=\"og:type\" content=\"article\" \/>\n<meta property=\"og:title\" content=\"Galaxy Sparkle Glass Bong with Beaker Base Wholesale\" \/>\n<meta property=\"og:description\" content=\"Looking to DIY a dreamy galaxy-themed water bong at home? I highly recommend you try our new Glass Bong with\" \/>\n<meta property=\"og:url\" content=\"https:\/\/global-hookah.com\/es\/ru\/\u043f\u0440\u043e\u0434\u0443\u043a\u0442\/\u0441\u0442\u0435\u043a\u043b\u044f\u043d\u043d\u044b\u0439-\u0431\u043e\u043d\u0433-galaxy-sparkle-\u0441-\u043e\u0441\u043d\u043e\u0432\u0430\u043d\u0438\u0435\u043c-\u0434\u043b\u044f-\u0441\u0442\/\" \/>\n<meta property=\"og:site_name\" content=\"Global Hookah\" \/>\n<meta property=\"article:modified_time\" content=\"2024-04-12T08:39:10+00:00\" \/>\n<meta property=\"og:image\" content=\"https:\/\/global-hookah.com\/wp-content\/uploads\/2023\/12\/\u4e3b\u56fe-01-37.jpg\" \/>\n\t<meta property=\"og:image:width\" content=\"1024\" \/>\n\t<meta property=\"og:image:height\" content=\"1024\" \/>\n\t<meta property=\"og:image:type\" content=\"image\/jpeg\" \/>\n<meta name=\"twitter:card\" content=\"summary_large_image\" \/>\n<meta name=\"twitter:label1\" content=\"Tiempo de lectura\" \/>\n\t<meta name=\"twitter:data1\" content=\"2 minutos\" \/>\n<script type=\"application\/ld+json\" class=\"yoast-schema-graph\">{\"@context\":\"https:\/\/schema.org\",\"@graph\":[{\"@type\":\"WebPage\",\"@id\":\"https:\/\/global-hookah.com\/ru\/\u043f\u0440\u043e\u0434\u0443\u043a\u0442\/\u0441\u0442\u0435\u043a\u043b\u044f\u043d\u043d\u044b\u0439-\u0431\u043e\u043d\u0433-galaxy-sparkle-\u0441-\u043e\u0441\u043d\u043e\u0432\u0430\u043d\u0438\u0435\u043c-\u0434\u043b\u044f-\u0441\u0442\/\",\"url\":\"https:\/\/global-hookah.com\/ru\/\u043f\u0440\u043e\u0434\u0443\u043a\u0442\/\u0441\u0442\u0435\u043a\u043b\u044f\u043d\u043d\u044b\u0439-\u0431\u043e\u043d\u0433-galaxy-sparkle-\u0441-\u043e\u0441\u043d\u043e\u0432\u0430\u043d\u0438\u0435\u043c-\u0434\u043b\u044f-\u0441\u0442\/\",\"name\":\"Galaxy Sparkle Glass Bong with Beaker Base Wholesale - Global Hookah\",\"isPartOf\":{\"@id\":\"https:\/\/global-hookah.com\/#website\"},\"primaryImageOfPage\":{\"@id\":\"https:\/\/global-hookah.com\/ru\/\u043f\u0440\u043e\u0434\u0443\u043a\u0442\/\u0441\u0442\u0435\u043a\u043b\u044f\u043d\u043d\u044b\u0439-\u0431\u043e\u043d\u0433-galaxy-sparkle-\u0441-\u043e\u0441\u043d\u043e\u0432\u0430\u043d\u0438\u0435\u043c-\u0434\u043b\u044f-\u0441\u0442\/#primaryimage\"},\"image\":{\"@id\":\"https:\/\/global-hookah.com\/ru\/\u043f\u0440\u043e\u0434\u0443\u043a\u0442\/\u0441\u0442\u0435\u043a\u043b\u044f\u043d\u043d\u044b\u0439-\u0431\u043e\u043d\u0433-galaxy-sparkle-\u0441-\u043e\u0441\u043d\u043e\u0432\u0430\u043d\u0438\u0435\u043c-\u0434\u043b\u044f-\u0441\u0442\/#primaryimage\"},\"thumbnailUrl\":\"https:\/\/global-hookah.com\/wp-content\/uploads\/2023\/12\/\u4e3b\u56fe-01-37.jpg\",\"datePublished\":\"2023-12-31T07:16:50+00:00\",\"dateModified\":\"2024-04-12T08:39:10+00:00\",\"breadcrumb\":{\"@id\":\"https:\/\/global-hookah.com\/ru\/\u043f\u0440\u043e\u0434\u0443\u043a\u0442\/\u0441\u0442\u0435\u043a\u043b\u044f\u043d\u043d\u044b\u0439-\u0431\u043e\u043d\u0433-galaxy-sparkle-\u0441-\u043e\u0441\u043d\u043e\u0432\u0430\u043d\u0438\u0435\u043c-\u0434\u043b\u044f-\u0441\u0442\/#breadcrumb\"},\"inLanguage\":\"es\",\"potentialAction\":[{\"@type\":\"ReadAction\",\"target\":[\"https:\/\/global-hookah.com\/ru\/\u043f\u0440\u043e\u0434\u0443\u043a\u0442\/\u0441\u0442\u0435\u043a\u043b\u044f\u043d\u043d\u044b\u0439-\u0431\u043e\u043d\u0433-galaxy-sparkle-\u0441-\u043e\u0441\u043d\u043e\u0432\u0430\u043d\u0438\u0435\u043c-\u0434\u043b\u044f-\u0441\u0442\/\"]}]},{\"@type\":\"ImageObject\",\"inLanguage\":\"es\",\"@id\":\"https:\/\/global-hookah.com\/ru\/\u043f\u0440\u043e\u0434\u0443\u043a\u0442\/\u0441\u0442\u0435\u043a\u043b\u044f\u043d\u043d\u044b\u0439-\u0431\u043e\u043d\u0433-galaxy-sparkle-\u0441-\u043e\u0441\u043d\u043e\u0432\u0430\u043d\u0438\u0435\u043c-\u0434\u043b\u044f-\u0441\u0442\/#primaryimage\",\"url\":\"https:\/\/global-hookah.com\/wp-content\/uploads\/2023\/12\/\u4e3b\u56fe-01-37.jpg\",\"contentUrl\":\"https:\/\/global-hookah.com\/wp-content\/uploads\/2023\/12\/\u4e3b\u56fe-01-37.jpg\",\"width\":1024,\"height\":1024,\"caption\":\"Glass Bong with Beaker Base Wholesale\"},{\"@type\":\"BreadcrumbList\",\"@id\":\"https:\/\/global-hookah.com\/ru\/\u043f\u0440\u043e\u0434\u0443\u043a\u0442\/\u0441\u0442\u0435\u043a\u043b\u044f\u043d\u043d\u044b\u0439-\u0431\u043e\u043d\u0433-galaxy-sparkle-\u0441-\u043e\u0441\u043d\u043e\u0432\u0430\u043d\u0438\u0435\u043c-\u0434\u043b\u044f-\u0441\u0442\/#breadcrumb\",\"itemListElement\":[{\"@type\":\"ListItem\",\"position\":1,\"name\":\"Home\",\"item\":\"https:\/\/global-hookah.com\/\"},{\"@type\":\"ListItem\",\"position\":2,\"name\":\"Shop\",\"item\":\"https:\/\/global-hookah.com\/shop\/\"},{\"@type\":\"ListItem\",\"position\":3,\"name\":\"Galaxy Sparkle Glass Bong with Beaker Base Wholesale\"}]},{\"@type\":\"WebSite\",\"@id\":\"https:\/\/global-hookah.com\/#website\",\"url\":\"https:\/\/global-hookah.com\/\",\"name\":\"Global Hookah\",\"description\":\"Global Hookah\",\"publisher\":{\"@id\":\"https:\/\/global-hookah.com\/#organization\"},\"potentialAction\":[{\"@type\":\"SearchAction\",\"target\":{\"@type\":\"EntryPoint\",\"urlTemplate\":\"https:\/\/global-hookah.com\/?s={search_term_string}\"},\"query-input\":{\"@type\":\"PropertyValueSpecification\",\"valueRequired\":true,\"valueName\":\"search_term_string\"}}],\"inLanguage\":\"es\"},{\"@type\":\"Organization\",\"@id\":\"https:\/\/global-hookah.com\/#organization\",\"name\":\"Global Hookah\",\"url\":\"https:\/\/global-hookah.com\/\",\"logo\":{\"@type\":\"ImageObject\",\"inLanguage\":\"es\",\"@id\":\"https:\/\/global-hookah.com\/#\/schema\/logo\/image\/\",\"url\":\"https:\/\/global-hookah.com\/wp-content\/uploads\/2021\/10\/cropped-fgg.png\",\"contentUrl\":\"https:\/\/global-hookah.com\/wp-content\/uploads\/2021\/10\/cropped-fgg.png\",\"width\":512,\"height\":512,\"caption\":\"Global Hookah\"},\"image\":{\"@id\":\"https:\/\/global-hookah.com\/#\/schema\/logo\/image\/\"}}]}<\/script>\n<!-- \/ Yoast SEO Premium plugin. -->","yoast_head_json":{"title":"Galaxy Sparkle Bong de vidrio con base de vaso al por mayor - Global Hookah","robots":{"index":"index","follow":"follow","max-snippet":"max-snippet:-1","max-image-preview":"max-image-preview:large","max-video-preview":"max-video-preview:-1"},"canonical":"https:\/\/global-hookah.com\/es\/ru\/\u043f\u0440\u043e\u0434\u0443\u043a\u0442\/\u0441\u0442\u0435\u043a\u043b\u044f\u043d\u043d\u044b\u0439-\u0431\u043e\u043d\u0433-galaxy-sparkle-\u0441-\u043e\u0441\u043d\u043e\u0432\u0430\u043d\u0438\u0435\u043c-\u0434\u043b\u044f-\u0441\u0442\/","og_locale":"es_ES","og_type":"article","og_title":"Galaxy Sparkle Glass Bong with Beaker Base Wholesale","og_description":"Looking to DIY a dreamy galaxy-themed water bong at home? I highly recommend you try our new Glass Bong with","og_url":"https:\/\/global-hookah.com\/es\/ru\/\u043f\u0440\u043e\u0434\u0443\u043a\u0442\/\u0441\u0442\u0435\u043a\u043b\u044f\u043d\u043d\u044b\u0439-\u0431\u043e\u043d\u0433-galaxy-sparkle-\u0441-\u043e\u0441\u043d\u043e\u0432\u0430\u043d\u0438\u0435\u043c-\u0434\u043b\u044f-\u0441\u0442\/","og_site_name":"Global Hookah","article_modified_time":"2024-04-12T08:39:10+00:00","og_image":[{"width":1024,"height":1024,"url":"https:\/\/global-hookah.com\/wp-content\/uploads\/2023\/12\/\u4e3b\u56fe-01-37.jpg","type":"image\/jpeg"}],"twitter_card":"summary_large_image","twitter_misc":{"Tiempo de lectura":"2 minutos"},"schema":{"@context":"https:\/\/schema.org","@graph":[{"@type":"WebPage","@id":"https:\/\/global-hookah.com\/ru\/\u043f\u0440\u043e\u0434\u0443\u043a\u0442\/\u0441\u0442\u0435\u043a\u043b\u044f\u043d\u043d\u044b\u0439-\u0431\u043e\u043d\u0433-galaxy-sparkle-\u0441-\u043e\u0441\u043d\u043e\u0432\u0430\u043d\u0438\u0435\u043c-\u0434\u043b\u044f-\u0441\u0442\/","url":"https:\/\/global-hookah.com\/ru\/\u043f\u0440\u043e\u0434\u0443\u043a\u0442\/\u0441\u0442\u0435\u043a\u043b\u044f\u043d\u043d\u044b\u0439-\u0431\u043e\u043d\u0433-galaxy-sparkle-\u0441-\u043e\u0441\u043d\u043e\u0432\u0430\u043d\u0438\u0435\u043c-\u0434\u043b\u044f-\u0441\u0442\/","name":"Galaxy Sparkle Bong de vidrio con base de vaso al por mayor - Global Hookah","isPartOf":{"@id":"https:\/\/global-hookah.com\/#website"},"primaryImageOfPage":{"@id":"https:\/\/global-hookah.com\/ru\/\u043f\u0440\u043e\u0434\u0443\u043a\u0442\/\u0441\u0442\u0435\u043a\u043b\u044f\u043d\u043d\u044b\u0439-\u0431\u043e\u043d\u0433-galaxy-sparkle-\u0441-\u043e\u0441\u043d\u043e\u0432\u0430\u043d\u0438\u0435\u043c-\u0434\u043b\u044f-\u0441\u0442\/#primaryimage"},"image":{"@id":"https:\/\/global-hookah.com\/ru\/\u043f\u0440\u043e\u0434\u0443\u043a\u0442\/\u0441\u0442\u0435\u043a\u043b\u044f\u043d\u043d\u044b\u0439-\u0431\u043e\u043d\u0433-galaxy-sparkle-\u0441-\u043e\u0441\u043d\u043e\u0432\u0430\u043d\u0438\u0435\u043c-\u0434\u043b\u044f-\u0441\u0442\/#primaryimage"},"thumbnailUrl":"https:\/\/global-hookah.com\/wp-content\/uploads\/2023\/12\/\u4e3b\u56fe-01-37.jpg","datePublished":"2023-12-31T07:16:50+00:00","dateModified":"2024-04-12T08:39:10+00:00","breadcrumb":{"@id":"https:\/\/global-hookah.com\/ru\/\u043f\u0440\u043e\u0434\u0443\u043a\u0442\/\u0441\u0442\u0435\u043a\u043b\u044f\u043d\u043d\u044b\u0439-\u0431\u043e\u043d\u0433-galaxy-sparkle-\u0441-\u043e\u0441\u043d\u043e\u0432\u0430\u043d\u0438\u0435\u043c-\u0434\u043b\u044f-\u0441\u0442\/#breadcrumb"},"inLanguage":"es","potentialAction":[{"@type":"ReadAction","target":["https:\/\/global-hookah.com\/ru\/\u043f\u0440\u043e\u0434\u0443\u043a\u0442\/\u0441\u0442\u0435\u043a\u043b\u044f\u043d\u043d\u044b\u0439-\u0431\u043e\u043d\u0433-galaxy-sparkle-\u0441-\u043e\u0441\u043d\u043e\u0432\u0430\u043d\u0438\u0435\u043c-\u0434\u043b\u044f-\u0441\u0442\/"]}]},{"@type":"ImageObject","inLanguage":"es","@id":"https:\/\/global-hookah.com\/ru\/\u043f\u0440\u043e\u0434\u0443\u043a\u0442\/\u0441\u0442\u0435\u043a\u043b\u044f\u043d\u043d\u044b\u0439-\u0431\u043e\u043d\u0433-galaxy-sparkle-\u0441-\u043e\u0441\u043d\u043e\u0432\u0430\u043d\u0438\u0435\u043c-\u0434\u043b\u044f-\u0441\u0442\/#primaryimage","url":"https:\/\/global-hookah.com\/wp-content\/uploads\/2023\/12\/\u4e3b\u56fe-01-37.jpg","contentUrl":"https:\/\/global-hookah.com\/wp-content\/uploads\/2023\/12\/\u4e3b\u56fe-01-37.jpg","width":1024,"height":1024,"caption":"Glass Bong with Beaker Base Wholesale"},{"@type":"BreadcrumbList","@id":"https:\/\/global-hookah.com\/ru\/\u043f\u0440\u043e\u0434\u0443\u043a\u0442\/\u0441\u0442\u0435\u043a\u043b\u044f\u043d\u043d\u044b\u0439-\u0431\u043e\u043d\u0433-galaxy-sparkle-\u0441-\u043e\u0441\u043d\u043e\u0432\u0430\u043d\u0438\u0435\u043c-\u0434\u043b\u044f-\u0441\u0442\/#breadcrumb","itemListElement":[{"@type":"ListItem","position":1,"name":"Home","item":"https:\/\/global-hookah.com\/"},{"@type":"ListItem","position":2,"name":"Shop","item":"https:\/\/global-hookah.com\/shop\/"},{"@type":"ListItem","position":3,"name":"Galaxy Sparkle Glass Bong with Beaker Base Wholesale"}]},{"@type":"WebSite","@id":"https:\/\/global-hookah.com\/#website","url":"https:\/\/global-hookah.com\/","name":"Global Hookah","description":"Global Hookah","publisher":{"@id":"https:\/\/global-hookah.com\/#organization"},"potentialAction":[{"@type":"SearchAction","target":{"@type":"EntryPoint","urlTemplate":"https:\/\/global-hookah.com\/?s={search_term_string}"},"query-input":{"@type":"PropertyValueSpecification","valueRequired":true,"valueName":"search_term_string"}}],"inLanguage":"es"},{"@type":"Organization","@id":"https:\/\/global-hookah.com\/#organization","name":"Global Hookah","url":"https:\/\/global-hookah.com\/","logo":{"@type":"ImageObject","inLanguage":"es","@id":"https:\/\/global-hookah.com\/#\/schema\/logo\/image\/","url":"https:\/\/global-hookah.com\/wp-content\/uploads\/2021\/10\/cropped-fgg.png","contentUrl":"https:\/\/global-hookah.com\/wp-content\/uploads\/2021\/10\/cropped-fgg.png","width":512,"height":512,"caption":"Global Hookah"},"image":{"@id":"https:\/\/global-hookah.com\/#\/schema\/logo\/image\/"}}]}},"_links":{"self":[{"href":"https:\/\/global-hookah.com\/es\/wp-json\/wp\/v2\/product\/18394","targetHints":{"allow":["GET"]}}],"collection":[{"href":"https:\/\/global-hookah.com\/es\/wp-json\/wp\/v2\/product"}],"about":[{"href":"https:\/\/global-hookah.com\/es\/wp-json\/wp\/v2\/types\/product"}],"replies":[{"embeddable":true,"href":"https:\/\/global-hookah.com\/es\/wp-json\/wp\/v2\/comments?post=18394"}],"version-history":[{"count":0,"href":"https:\/\/global-hookah.com\/es\/wp-json\/wp\/v2\/product\/18394\/revisions"}],"wp:featuredmedia":[{"embeddable":true,"href":"https:\/\/global-hookah.com\/es\/wp-json\/wp\/v2\/media\/18396"}],"wp:attachment":[{"href":"https:\/\/global-hookah.com\/es\/wp-json\/wp\/v2\/media?parent=18394"}],"wp:term":[{"taxonomy":"product_brand","embeddable":true,"href":"https:\/\/global-hookah.com\/es\/wp-json\/wp\/v2\/product_brand?post=18394"},{"taxonomy":"product_cat","embeddable":true,"href":"https:\/\/global-hookah.com\/es\/wp-json\/wp\/v2\/product_cat?post=18394"},{"taxonomy":"product_tag","embeddable":true,"href":"https:\/\/global-hookah.com\/es\/wp-json\/wp\/v2\/product_tag?post=18394"}],"curies":[{"name":"wp","href":"https:\/\/api.w.org\/{rel}","templated":true}]}}