{"id":18410,"date":"2023-12-31T07:34:28","date_gmt":"2023-12-31T07:34:28","guid":{"rendered":"https:\/\/global-hookah.com\/?post_type=product&#038;p=18410"},"modified":"2024-01-03T05:22:00","modified_gmt":"2024-01-03T05:22:00","slug":"lavender-stripe-glass-water-bong-percolator-wholesale","status":"publish","type":"product","link":"https:\/\/global-hookah.com\/es\/producto\/lavender-stripe-glass-water-bong-percolator-wholesale\/","title":{"rendered":"Percolador de agua de vidrio con rayas de lavanda al por mayor"},"content":{"rendered":"<p>estos <strong>Bong de agua de cristal con rayas lavanda<\/strong> son de cristal y presentan rayas o remolinos de color lavanda trabajados en el cristal.<\/p>\n<p><strong>Bongs de lavanda<\/strong> incorporan percoladores: c\u00e1maras y difusores adicionales que fuerzan el humo a trav\u00e9s de peque\u00f1as aberturas para crear burbujas y filtrar y enfriar a\u00fan m\u00e1s el humo.<\/p>\n<p>Los patrones de rayas lavanda arremolinadas hacen de cada cachimba una pieza \u00fanica hecha a mano.<\/p>\n<p><strong>Bongs de lavanda<\/strong> a menudo vienen con pr\u00e1cticos accesorios como colectores de cenizas para una filtraci\u00f3n adicional y piezas de cuenco de diferentes tama\u00f1os.<\/p>\n<p>la boquilla de cristal transparente est\u00e1 instalada en la parte superior para mayor comodidad del usuario<\/p>\n<p>La limpieza es superf\u00e1cil: s\u00f3lo tienes que llenar la cachimba con una mezcla 50\/50 de agua tibia y alcohol isoprop\u00edlico (al menos 90% puro). Bloquea la junta con los dedos y agita en\u00e9rgicamente durante 30 segundos. Nos ayuda a limpiar r\u00e1pidamente la acumulaci\u00f3n persistente<\/p>\n<p>Si usted es <a href=\"http:\/\/these Lavender Stripe Glass Water Bong are made from glass and feature stripes or swirls of lavender color worked into the glass.  Lavender bongs incorporate percolators - additional chambers and diffusers that force the smoke through small openings to create bubbles and further filter and cool the smoke.  The swirled lavender stripe patterns make each bong a unique handmade piece.  Lavender bongs often come with handy accessories like ash catchers for additional filtration and bowl pieces in different sizes.  transparent glass nozzle is installed on the top for user convenience  Cleaning is super easy: you just fill the bong with a 50\/50 mixture of warm water and isopropyl alcohol (at least 90% pure). Block the joint with your fingers and shake vigorously for 30 seconds. Helps us quickly clean stubborn buildup  If you are wholesale unique bongs for your own smoking shop, then these Lavender bongs are definitely suitable for you and have a great chance to become the highlight of your shop.\" rel=\"nofollow\" target=\"_blank\">bongs \u00fanicos al por mayor<\/a> para su propio fumadero, entonces estos L<strong>bongs avender<\/strong> son sin duda adecuados para usted y tienen grandes posibilidades de convertirse en el punto culminante de su tienda.<\/p>","protected":false},"excerpt":{"rendered":"<p>Estas pipas de agua de vidrio con rayas de lavanda est\u00e1n hechas de vidrio y tienen rayas o remolinos de color lavanda trabajados en el interior.<\/p>","protected":false},"featured_media":18413,"comment_status":"open","ping_status":"closed","template":"","meta":{"iawp_total_views":1,"_joinchat":[]},"product_brand":[],"product_cat":[535],"product_tag":[],"class_list":{"0":"post-18410","1":"product","2":"type-product","3":"status-publish","4":"has-post-thumbnail","6":"product_cat-wholesale-glass-bong","8":"first","9":"instock","10":"shipping-taxable","11":"product-type-external"},"yoast_head":"<!-- This site is optimized with the Yoast SEO Premium plugin v24.7 (Yoast SEO v26.8) - https:\/\/yoast.com\/product\/yoast-seo-premium-wordpress\/ -->\n<title>Lavender Stripe Glass Water Bong Percolator Wholesale - Global Hookah<\/title>\n<meta name=\"robots\" content=\"index, follow, max-snippet:-1, max-image-preview:large, max-video-preview:-1\" \/>\n<link rel=\"canonical\" href=\"https:\/\/global-hookah.com\/es\/pt\/produto\/bong-de-agua-de-vidro-com-listras-de-lavanda-e-coador-no-atacado\/\" \/>\n<meta property=\"og:locale\" content=\"es_ES\" \/>\n<meta property=\"og:type\" content=\"article\" \/>\n<meta property=\"og:title\" content=\"Lavender Stripe Glass Water Bong Percolator Wholesale\" \/>\n<meta property=\"og:description\" content=\"these Lavender Stripe Glass Water Bong are made from glass and feature stripes or swirls of lavender color worked into\" \/>\n<meta property=\"og:url\" content=\"https:\/\/global-hookah.com\/es\/pt\/produto\/bong-de-agua-de-vidro-com-listras-de-lavanda-e-coador-no-atacado\/\" \/>\n<meta property=\"og:site_name\" content=\"Global Hookah\" \/>\n<meta property=\"article:modified_time\" content=\"2024-01-03T05:22:00+00:00\" \/>\n<meta property=\"og:image\" content=\"https:\/\/global-hookah.com\/wp-content\/uploads\/2023\/12\/\u4e3b\u56fe-02-42.jpg\" \/>\n\t<meta property=\"og:image:width\" content=\"1024\" \/>\n\t<meta property=\"og:image:height\" content=\"1024\" \/>\n\t<meta property=\"og:image:type\" content=\"image\/jpeg\" \/>\n<meta name=\"twitter:card\" content=\"summary_large_image\" \/>\n<meta name=\"twitter:label1\" content=\"Tiempo de lectura\" \/>\n\t<meta name=\"twitter:data1\" content=\"1 minuto\" \/>\n<script type=\"application\/ld+json\" class=\"yoast-schema-graph\">{\"@context\":\"https:\/\/schema.org\",\"@graph\":[{\"@type\":\"WebPage\",\"@id\":\"https:\/\/global-hookah.com\/pt\/produto\/bong-de-agua-de-vidro-com-listras-de-lavanda-e-coador-no-atacado\/\",\"url\":\"https:\/\/global-hookah.com\/pt\/produto\/bong-de-agua-de-vidro-com-listras-de-lavanda-e-coador-no-atacado\/\",\"name\":\"Lavender Stripe Glass Water Bong Percolator Wholesale - Global Hookah\",\"isPartOf\":{\"@id\":\"https:\/\/global-hookah.com\/#website\"},\"primaryImageOfPage\":{\"@id\":\"https:\/\/global-hookah.com\/pt\/produto\/bong-de-agua-de-vidro-com-listras-de-lavanda-e-coador-no-atacado\/#primaryimage\"},\"image\":{\"@id\":\"https:\/\/global-hookah.com\/pt\/produto\/bong-de-agua-de-vidro-com-listras-de-lavanda-e-coador-no-atacado\/#primaryimage\"},\"thumbnailUrl\":\"https:\/\/global-hookah.com\/wp-content\/uploads\/2023\/12\/\u4e3b\u56fe-02-42.jpg\",\"datePublished\":\"2023-12-31T07:34:28+00:00\",\"dateModified\":\"2024-01-03T05:22:00+00:00\",\"breadcrumb\":{\"@id\":\"https:\/\/global-hookah.com\/pt\/produto\/bong-de-agua-de-vidro-com-listras-de-lavanda-e-coador-no-atacado\/#breadcrumb\"},\"inLanguage\":\"es\",\"potentialAction\":[{\"@type\":\"ReadAction\",\"target\":[\"https:\/\/global-hookah.com\/pt\/produto\/bong-de-agua-de-vidro-com-listras-de-lavanda-e-coador-no-atacado\/\"]}]},{\"@type\":\"ImageObject\",\"inLanguage\":\"es\",\"@id\":\"https:\/\/global-hookah.com\/pt\/produto\/bong-de-agua-de-vidro-com-listras-de-lavanda-e-coador-no-atacado\/#primaryimage\",\"url\":\"https:\/\/global-hookah.com\/wp-content\/uploads\/2023\/12\/\u4e3b\u56fe-02-42.jpg\",\"contentUrl\":\"https:\/\/global-hookah.com\/wp-content\/uploads\/2023\/12\/\u4e3b\u56fe-02-42.jpg\",\"width\":1024,\"height\":1024,\"caption\":\"Lavender Stripe Glass Water Bong Percolator Wholesale\"},{\"@type\":\"BreadcrumbList\",\"@id\":\"https:\/\/global-hookah.com\/pt\/produto\/bong-de-agua-de-vidro-com-listras-de-lavanda-e-coador-no-atacado\/#breadcrumb\",\"itemListElement\":[{\"@type\":\"ListItem\",\"position\":1,\"name\":\"Home\",\"item\":\"https:\/\/global-hookah.com\/\"},{\"@type\":\"ListItem\",\"position\":2,\"name\":\"Shop\",\"item\":\"https:\/\/global-hookah.com\/shop\/\"},{\"@type\":\"ListItem\",\"position\":3,\"name\":\"Lavender Stripe Glass Water Bong Percolator Wholesale\"}]},{\"@type\":\"WebSite\",\"@id\":\"https:\/\/global-hookah.com\/#website\",\"url\":\"https:\/\/global-hookah.com\/\",\"name\":\"Global Hookah\",\"description\":\"Global Hookah\",\"publisher\":{\"@id\":\"https:\/\/global-hookah.com\/#organization\"},\"potentialAction\":[{\"@type\":\"SearchAction\",\"target\":{\"@type\":\"EntryPoint\",\"urlTemplate\":\"https:\/\/global-hookah.com\/?s={search_term_string}\"},\"query-input\":{\"@type\":\"PropertyValueSpecification\",\"valueRequired\":true,\"valueName\":\"search_term_string\"}}],\"inLanguage\":\"es\"},{\"@type\":\"Organization\",\"@id\":\"https:\/\/global-hookah.com\/#organization\",\"name\":\"Global Hookah\",\"url\":\"https:\/\/global-hookah.com\/\",\"logo\":{\"@type\":\"ImageObject\",\"inLanguage\":\"es\",\"@id\":\"https:\/\/global-hookah.com\/#\/schema\/logo\/image\/\",\"url\":\"https:\/\/global-hookah.com\/wp-content\/uploads\/2021\/10\/cropped-fgg.png\",\"contentUrl\":\"https:\/\/global-hookah.com\/wp-content\/uploads\/2021\/10\/cropped-fgg.png\",\"width\":512,\"height\":512,\"caption\":\"Global Hookah\"},\"image\":{\"@id\":\"https:\/\/global-hookah.com\/#\/schema\/logo\/image\/\"}}]}<\/script>\n<!-- \/ Yoast SEO Premium plugin. -->","yoast_head_json":{"title":"Percolador de agua de vidrio con rayas de lavanda al por mayor - Global Hookah","robots":{"index":"index","follow":"follow","max-snippet":"max-snippet:-1","max-image-preview":"max-image-preview:large","max-video-preview":"max-video-preview:-1"},"canonical":"https:\/\/global-hookah.com\/es\/pt\/produto\/bong-de-agua-de-vidro-com-listras-de-lavanda-e-coador-no-atacado\/","og_locale":"es_ES","og_type":"article","og_title":"Lavender Stripe Glass Water Bong Percolator Wholesale","og_description":"these Lavender Stripe Glass Water Bong are made from glass and feature stripes or swirls of lavender color worked into","og_url":"https:\/\/global-hookah.com\/es\/pt\/produto\/bong-de-agua-de-vidro-com-listras-de-lavanda-e-coador-no-atacado\/","og_site_name":"Global Hookah","article_modified_time":"2024-01-03T05:22:00+00:00","og_image":[{"width":1024,"height":1024,"url":"https:\/\/global-hookah.com\/wp-content\/uploads\/2023\/12\/\u4e3b\u56fe-02-42.jpg","type":"image\/jpeg"}],"twitter_card":"summary_large_image","twitter_misc":{"Tiempo de lectura":"1 minuto"},"schema":{"@context":"https:\/\/schema.org","@graph":[{"@type":"WebPage","@id":"https:\/\/global-hookah.com\/pt\/produto\/bong-de-agua-de-vidro-com-listras-de-lavanda-e-coador-no-atacado\/","url":"https:\/\/global-hookah.com\/pt\/produto\/bong-de-agua-de-vidro-com-listras-de-lavanda-e-coador-no-atacado\/","name":"Percolador de agua de vidrio con rayas de lavanda al por mayor - Global Hookah","isPartOf":{"@id":"https:\/\/global-hookah.com\/#website"},"primaryImageOfPage":{"@id":"https:\/\/global-hookah.com\/pt\/produto\/bong-de-agua-de-vidro-com-listras-de-lavanda-e-coador-no-atacado\/#primaryimage"},"image":{"@id":"https:\/\/global-hookah.com\/pt\/produto\/bong-de-agua-de-vidro-com-listras-de-lavanda-e-coador-no-atacado\/#primaryimage"},"thumbnailUrl":"https:\/\/global-hookah.com\/wp-content\/uploads\/2023\/12\/\u4e3b\u56fe-02-42.jpg","datePublished":"2023-12-31T07:34:28+00:00","dateModified":"2024-01-03T05:22:00+00:00","breadcrumb":{"@id":"https:\/\/global-hookah.com\/pt\/produto\/bong-de-agua-de-vidro-com-listras-de-lavanda-e-coador-no-atacado\/#breadcrumb"},"inLanguage":"es","potentialAction":[{"@type":"ReadAction","target":["https:\/\/global-hookah.com\/pt\/produto\/bong-de-agua-de-vidro-com-listras-de-lavanda-e-coador-no-atacado\/"]}]},{"@type":"ImageObject","inLanguage":"es","@id":"https:\/\/global-hookah.com\/pt\/produto\/bong-de-agua-de-vidro-com-listras-de-lavanda-e-coador-no-atacado\/#primaryimage","url":"https:\/\/global-hookah.com\/wp-content\/uploads\/2023\/12\/\u4e3b\u56fe-02-42.jpg","contentUrl":"https:\/\/global-hookah.com\/wp-content\/uploads\/2023\/12\/\u4e3b\u56fe-02-42.jpg","width":1024,"height":1024,"caption":"Lavender Stripe Glass Water Bong Percolator Wholesale"},{"@type":"BreadcrumbList","@id":"https:\/\/global-hookah.com\/pt\/produto\/bong-de-agua-de-vidro-com-listras-de-lavanda-e-coador-no-atacado\/#breadcrumb","itemListElement":[{"@type":"ListItem","position":1,"name":"Home","item":"https:\/\/global-hookah.com\/"},{"@type":"ListItem","position":2,"name":"Shop","item":"https:\/\/global-hookah.com\/shop\/"},{"@type":"ListItem","position":3,"name":"Lavender Stripe Glass Water Bong Percolator Wholesale"}]},{"@type":"WebSite","@id":"https:\/\/global-hookah.com\/#website","url":"https:\/\/global-hookah.com\/","name":"Global Hookah","description":"Global Hookah","publisher":{"@id":"https:\/\/global-hookah.com\/#organization"},"potentialAction":[{"@type":"SearchAction","target":{"@type":"EntryPoint","urlTemplate":"https:\/\/global-hookah.com\/?s={search_term_string}"},"query-input":{"@type":"PropertyValueSpecification","valueRequired":true,"valueName":"search_term_string"}}],"inLanguage":"es"},{"@type":"Organization","@id":"https:\/\/global-hookah.com\/#organization","name":"Global Hookah","url":"https:\/\/global-hookah.com\/","logo":{"@type":"ImageObject","inLanguage":"es","@id":"https:\/\/global-hookah.com\/#\/schema\/logo\/image\/","url":"https:\/\/global-hookah.com\/wp-content\/uploads\/2021\/10\/cropped-fgg.png","contentUrl":"https:\/\/global-hookah.com\/wp-content\/uploads\/2021\/10\/cropped-fgg.png","width":512,"height":512,"caption":"Global Hookah"},"image":{"@id":"https:\/\/global-hookah.com\/#\/schema\/logo\/image\/"}}]}},"_links":{"self":[{"href":"https:\/\/global-hookah.com\/es\/wp-json\/wp\/v2\/product\/18410","targetHints":{"allow":["GET"]}}],"collection":[{"href":"https:\/\/global-hookah.com\/es\/wp-json\/wp\/v2\/product"}],"about":[{"href":"https:\/\/global-hookah.com\/es\/wp-json\/wp\/v2\/types\/product"}],"replies":[{"embeddable":true,"href":"https:\/\/global-hookah.com\/es\/wp-json\/wp\/v2\/comments?post=18410"}],"version-history":[{"count":0,"href":"https:\/\/global-hookah.com\/es\/wp-json\/wp\/v2\/product\/18410\/revisions"}],"wp:featuredmedia":[{"embeddable":true,"href":"https:\/\/global-hookah.com\/es\/wp-json\/wp\/v2\/media\/18413"}],"wp:attachment":[{"href":"https:\/\/global-hookah.com\/es\/wp-json\/wp\/v2\/media?parent=18410"}],"wp:term":[{"taxonomy":"product_brand","embeddable":true,"href":"https:\/\/global-hookah.com\/es\/wp-json\/wp\/v2\/product_brand?post=18410"},{"taxonomy":"product_cat","embeddable":true,"href":"https:\/\/global-hookah.com\/es\/wp-json\/wp\/v2\/product_cat?post=18410"},{"taxonomy":"product_tag","embeddable":true,"href":"https:\/\/global-hookah.com\/es\/wp-json\/wp\/v2\/product_tag?post=18410"}],"curies":[{"name":"wp","href":"https:\/\/api.w.org\/{rel}","templated":true}]}}