{"id":18417,"date":"2023-12-31T07:42:40","date_gmt":"2023-12-31T07:42:40","guid":{"rendered":"https:\/\/global-hookah.com\/?post_type=product&#038;p=18417"},"modified":"2024-02-19T07:50:42","modified_gmt":"2024-02-19T07:50:42","slug":"wholesale-14-9-inch-straight-tube-bong-with-intricate-skull-percolator-design","status":"publish","type":"product","link":"https:\/\/global-hookah.com\/es\/producto\/wholesale-14-9-inch-straight-tube-bong-with-intricate-skull-percolator-design\/","title":{"rendered":"Mayorista Bong de Tubo Recto de 14.9 pulgadas con intrincado dise\u00f1o de calavera percoladora"},"content":{"rendered":"<div data-elementor-type=\"wp-post\" data-elementor-id=\"18417\" class=\"elementor elementor-18417\">\n\t\t\t\t\t\t<section class=\"elementor-section elementor-top-section elementor-element elementor-element-e410b66 elementor-section-boxed elementor-section-height-default elementor-section-height-default\" data-id=\"e410b66\" data-element_type=\"section\" data-e-type=\"section\">\n\t\t\t\t\t\t<div class=\"elementor-container elementor-column-gap-default\">\n\t\t\t\t\t<div class=\"elementor-column elementor-col-100 elementor-top-column elementor-element elementor-element-fb46405\" data-id=\"fb46405\" data-element_type=\"column\" data-e-type=\"column\">\n\t\t\t<div class=\"elementor-widget-wrap elementor-element-populated\">\n\t\t\t\t\t\t<div class=\"elementor-element elementor-element-af77cc8 color-scheme-inherit text-left elementor-widget elementor-widget-text-editor\" data-id=\"af77cc8\" data-element_type=\"widget\" data-e-type=\"widget\" data-widget_type=\"text-editor.default\">\n\t\t\t\t<div class=\"elementor-widget-container\">\n\t\t\t\t\t\t\t\t\t<p>Este<strong> Bong de tubo recto de 14,9 pulgadas con percolador de calavera intrincado<\/strong> est\u00e1 hecho de vidrio transparente para que pueda ver el movimiento del humo en el interior mientras fuma hierba. Adem\u00e1s, la base y la boquilla son de vidrio oscuro, y el dise\u00f1o es muy moderno y sencillo.<\/p><p>El percolador de calavera de intrincado dise\u00f1o no s\u00f3lo tiene un aspecto atractivo, sino que proporciona una excelente difusi\u00f3n y filtraci\u00f3n.<\/p><p>El tama\u00f1o permite grandes arrancadas y el percolador difunde bien el humo.<\/p><p>Este <strong>Bong 's de tubo recto de 14,9 pulgadas<\/strong> El dise\u00f1o de tubo recto crea un excelente flujo de aire<\/p><p>Las \"cuencas oculares\" de la calavera est\u00e1n dise\u00f1adas como percoladores de tornado, creando un flujo de agua giratorio que purifica el humo.<\/p><p>Dimensiones: 14,9 pulgadas de alto x 4 pulgadas de di\u00e1metro<br \/>Materiales: Vidrio de borosilicato (vidrio de alta calidad resistente al calor)<br \/>Percolador: Intrincada calavera percoladora<br \/>Tama\u00f1o de la junta: junta hembra de 18 mm<\/p><p>Este <strong>Bong de tubo recto<\/strong> es un producto de alta gama especialmente elaborado por nosotros para tiendas de fumadores y mayoristas. Si le interesa y quiere<a href=\"https:\/\/global-hookah.com\/product-category\/bong-wholesale\/\"> venta al por mayor de otros estilos de bongs de vidrio<\/a>P\u00f3ngase en contacto con nosotros<\/p><p>\u00a0<\/p>\t\t\t\t\t\t\t\t<\/div>\n\t\t\t\t<\/div>\n\t\t\t\t\t<\/div>\n\t\t<\/div>\n\t\t\t\t\t<\/div>\n\t\t<\/section>\n\t\t\t\t<section class=\"elementor-section elementor-top-section elementor-element elementor-element-d25ebac elementor-section-boxed elementor-section-height-default elementor-section-height-default\" data-id=\"d25ebac\" data-element_type=\"section\" data-e-type=\"section\">\n\t\t\t\t\t\t<div class=\"elementor-container elementor-column-gap-default\">\n\t\t\t\t\t<div class=\"elementor-column elementor-col-100 elementor-top-column elementor-element elementor-element-44b2110\" data-id=\"44b2110\" data-element_type=\"column\" data-e-type=\"column\">\n\t\t\t<div class=\"elementor-widget-wrap elementor-element-populated\">\n\t\t\t\t\t\t<div class=\"elementor-element elementor-element-2333f14 elementor-widget elementor-widget-heading\" data-id=\"2333f14\" data-element_type=\"widget\" data-e-type=\"widget\" data-widget_type=\"heading.default\">\n\t\t\t\t<div class=\"elementor-widget-container\">\n\t\t\t\t\t<h2 class=\"elementor-heading-title elementor-size-default\">PREGUNTAS FRECUENTES<\/h2>\t\t\t\t<\/div>\n\t\t\t\t<\/div>\n\t\t\t\t\t<\/div>\n\t\t<\/div>\n\t\t\t\t\t<\/div>\n\t\t<\/section>\n\t\t\t\t<section class=\"elementor-section elementor-top-section elementor-element elementor-element-2560eff elementor-section-boxed elementor-section-height-default elementor-section-height-default\" data-id=\"2560eff\" data-element_type=\"section\" data-e-type=\"section\">\n\t\t\t\t\t\t<div class=\"elementor-container elementor-column-gap-default\">\n\t\t\t\t\t<div class=\"elementor-column elementor-col-100 elementor-top-column elementor-element elementor-element-bc84a4e\" data-id=\"bc84a4e\" data-element_type=\"column\" data-e-type=\"column\">\n\t\t\t<div class=\"elementor-widget-wrap elementor-element-populated\">\n\t\t\t\t\t\t<div class=\"elementor-element elementor-element-22a8269 elementor-widget elementor-widget-toggle\" data-id=\"22a8269\" data-element_type=\"widget\" data-e-type=\"widget\" data-widget_type=\"toggle.default\">\n\t\t\t\t<div class=\"elementor-widget-container\">\n\t\t\t\t\t\t\t<div class=\"elementor-toggle\">\n\t\t\t\t\t\t\t<div class=\"elementor-toggle-item\">\n\t\t\t\t\t<div id=\"elementor-tab-title-3631\" class=\"elementor-tab-title\" data-tab=\"1\" role=\"button\" aria-controls=\"elementor-tab-content-3631\" aria-expanded=\"false\">\n\t\t\t\t\t\t\t\t\t\t\t\t<span class=\"elementor-toggle-icon elementor-toggle-icon-left\" aria-hidden=\"true\">\n\t\t\t\t\t\t\t\t\t\t\t\t\t\t\t<span class=\"elementor-toggle-icon-closed\"><i class=\"fas fa-caret-right\"><\/i><\/span>\n\t\t\t\t\t\t\t\t<span class=\"elementor-toggle-icon-opened\"><i class=\"elementor-toggle-icon-opened fas fa-caret-up\"><\/i><\/span>\n\t\t\t\t\t\t\t\t\t\t\t\t\t<\/span>\n\t\t\t\t\t\t\t\t\t\t\t\t<a class=\"elementor-toggle-title\" tabindex=\"0\">\u00bfQu\u00e9 es una cachimba?<\/a>\n\t\t\t\t\t<\/div>\n\n\t\t\t\t\t<div id=\"elementor-tab-content-3631\" class=\"elementor-tab-content elementor-clearfix\" data-tab=\"1\" role=\"region\" aria-labelledby=\"elementor-tab-title-3631\"><p>La cachimba es una pipa de agua que se utiliza para fumar hierbas, cannabis o tabaco. Filtra y enfr\u00eda el humo con agua antes de inhalarlo.<\/p><\/div>\n\t\t\t\t<\/div>\n\t\t\t\t\t\t\t<div class=\"elementor-toggle-item\">\n\t\t\t\t\t<div id=\"elementor-tab-title-3632\" class=\"elementor-tab-title\" data-tab=\"2\" role=\"button\" aria-controls=\"elementor-tab-content-3632\" aria-expanded=\"false\">\n\t\t\t\t\t\t\t\t\t\t\t\t<span class=\"elementor-toggle-icon elementor-toggle-icon-left\" aria-hidden=\"true\">\n\t\t\t\t\t\t\t\t\t\t\t\t\t\t\t<span class=\"elementor-toggle-icon-closed\"><i class=\"fas fa-caret-right\"><\/i><\/span>\n\t\t\t\t\t\t\t\t<span class=\"elementor-toggle-icon-opened\"><i class=\"elementor-toggle-icon-opened fas fa-caret-up\"><\/i><\/span>\n\t\t\t\t\t\t\t\t\t\t\t\t\t<\/span>\n\t\t\t\t\t\t\t\t\t\t\t\t<a class=\"elementor-toggle-title\" tabindex=\"0\">\u00bfC\u00f3mo funciona el percolador de una cachimba y qu\u00e9 es?<\/a>\n\t\t\t\t\t<\/div>\n\n\t\t\t\t\t<div id=\"elementor-tab-content-3632\" class=\"elementor-tab-content elementor-clearfix\" data-tab=\"2\" role=\"region\" aria-labelledby=\"elementor-tab-title-3632\"><p>Antes de inhalarlo, el humo se filtra y se enfr\u00eda mediante un percolador, que es un accesorio de cristal situado en el cuello de la cachimba. Los orificios del percolador dividen el humo en burbujas microsc\u00f3picas.<\/p><\/div>\n\t\t\t\t<\/div>\n\t\t\t\t\t\t\t<div class=\"elementor-toggle-item\">\n\t\t\t\t\t<div id=\"elementor-tab-title-3633\" class=\"elementor-tab-title\" data-tab=\"3\" role=\"button\" aria-controls=\"elementor-tab-content-3633\" aria-expanded=\"false\">\n\t\t\t\t\t\t\t\t\t\t\t\t<span class=\"elementor-toggle-icon elementor-toggle-icon-left\" aria-hidden=\"true\">\n\t\t\t\t\t\t\t\t\t\t\t\t\t\t\t<span class=\"elementor-toggle-icon-closed\"><i class=\"fas fa-caret-right\"><\/i><\/span>\n\t\t\t\t\t\t\t\t<span class=\"elementor-toggle-icon-opened\"><i class=\"elementor-toggle-icon-opened fas fa-caret-up\"><\/i><\/span>\n\t\t\t\t\t\t\t\t\t\t\t\t\t<\/span>\n\t\t\t\t\t\t\t\t\t\t\t\t<a class=\"elementor-toggle-title\" tabindex=\"0\">\u00bfPor qu\u00e9 este bong mide 14,9 pulgadas? Cu\u00e1l es la ventaja de una cachimba m\u00e1s alta?<\/a>\n\t\t\t\t\t<\/div>\n\n\t\t\t\t\t<div id=\"elementor-tab-content-3633\" class=\"elementor-tab-content elementor-clearfix\" data-tab=\"3\" role=\"region\" aria-labelledby=\"elementor-tab-title-3633\"><p>Este bong mide 14,9 pulgadas de altura, lo que permite que el humo circule y baje su temperatura antes de ser inhalado. El humo de los bongs m\u00e1s altos se percibe como m\u00e1s suave debido al mayor tiempo que tiene para dispersarse por el agua y bajar su temperatura.<\/p><\/div>\n\t\t\t\t<\/div>\n\t\t\t\t\t\t\t<div class=\"elementor-toggle-item\">\n\t\t\t\t\t<div id=\"elementor-tab-title-3634\" class=\"elementor-tab-title\" data-tab=\"4\" role=\"button\" aria-controls=\"elementor-tab-content-3634\" aria-expanded=\"false\">\n\t\t\t\t\t\t\t\t\t\t\t\t<span class=\"elementor-toggle-icon elementor-toggle-icon-left\" aria-hidden=\"true\">\n\t\t\t\t\t\t\t\t\t\t\t\t\t\t\t<span class=\"elementor-toggle-icon-closed\"><i class=\"fas fa-caret-right\"><\/i><\/span>\n\t\t\t\t\t\t\t\t<span class=\"elementor-toggle-icon-opened\"><i class=\"elementor-toggle-icon-opened fas fa-caret-up\"><\/i><\/span>\n\t\t\t\t\t\t\t\t\t\t\t\t\t<\/span>\n\t\t\t\t\t\t\t\t\t\t\t\t<a class=\"elementor-toggle-title\" tabindex=\"0\">\u00bfQu\u00e9 significa \"tubo recto\" para describir esta cachimba? \u00bfEn qu\u00e9 se diferencia de otras formas de cachimba?<\/a>\n\t\t\t\t\t<\/div>\n\n\t\t\t\t\t<div id=\"elementor-tab-content-3634\" class=\"elementor-tab-content elementor-clearfix\" data-tab=\"4\" role=\"region\" aria-labelledby=\"elementor-tab-title-3634\"><p>Un bong de \"tubo recto\" tiene una c\u00e1mara principal que es un cilindro recto que se extiende de arriba a abajo. Esto difiere de los bongs curvados o multic\u00e1mara. Los bongs de tubo recto son m\u00e1s f\u00e1ciles de limpiar que los de formas intrincadas y ofrecen una difusi\u00f3n directa.<\/p><\/div>\n\t\t\t\t<\/div>\n\t\t\t\t\t\t\t<div class=\"elementor-toggle-item\">\n\t\t\t\t\t<div id=\"elementor-tab-title-3635\" class=\"elementor-tab-title\" data-tab=\"5\" role=\"button\" aria-controls=\"elementor-tab-content-3635\" aria-expanded=\"false\">\n\t\t\t\t\t\t\t\t\t\t\t\t<span class=\"elementor-toggle-icon elementor-toggle-icon-left\" aria-hidden=\"true\">\n\t\t\t\t\t\t\t\t\t\t\t\t\t\t\t<span class=\"elementor-toggle-icon-closed\"><i class=\"fas fa-caret-right\"><\/i><\/span>\n\t\t\t\t\t\t\t\t<span class=\"elementor-toggle-icon-opened\"><i class=\"elementor-toggle-icon-opened fas fa-caret-up\"><\/i><\/span>\n\t\t\t\t\t\t\t\t\t\t\t\t\t<\/span>\n\t\t\t\t\t\t\t\t\t\t\t\t<a class=\"elementor-toggle-title\" tabindex=\"0\">\u00bfCu\u00e1l es el precio al por mayor de esta cachimba?<\/a>\n\t\t\t\t\t<\/div>\n\n\t\t\t\t\t<div id=\"elementor-tab-content-3635\" class=\"elementor-tab-content elementor-clearfix\" data-tab=\"5\" role=\"region\" aria-labelledby=\"elementor-tab-title-3635\"><p>Esta cachimba tiene un precio aproximado de $26.7 cuando se compra en grandes cantidades<\/p><\/div>\n\t\t\t\t<\/div>\n\t\t\t\t\t\t\t\t<\/div>\n\t\t\t\t\t\t<\/div>\n\t\t\t\t<\/div>\n\t\t\t\t\t<\/div>\n\t\t<\/div>\n\t\t\t\t\t<\/div>\n\t\t<\/section>\n\t\t\t\t<\/div>","protected":false},"excerpt":{"rendered":"<p>Este Bong de Tubo Recto de 14.9 Pulgadas con Percolador de Calavera Intrincado est\u00e1 hecho de vidrio transparente para que puedas ver el<\/p>","protected":false},"featured_media":18422,"comment_status":"open","ping_status":"closed","template":"","meta":{"iawp_total_views":5,"_joinchat":[]},"product_brand":[],"product_cat":[535],"product_tag":[],"class_list":{"0":"post-18417","1":"product","2":"type-product","3":"status-publish","4":"has-post-thumbnail","6":"product_cat-wholesale-glass-bong","8":"first","9":"instock","10":"shipping-taxable","11":"product-type-external"},"yoast_head":"<!-- This site is optimized with the Yoast SEO Premium plugin v24.7 (Yoast SEO v26.8) - https:\/\/yoast.com\/product\/yoast-seo-premium-wordpress\/ -->\n<title>Wholesale 14.9 Inch Straight Tube Bong With Intricate Skull Percolator Design - Global Hookah<\/title>\n<meta name=\"robots\" content=\"index, follow, max-snippet:-1, max-image-preview:large, max-video-preview:-1\" \/>\n<link rel=\"canonical\" href=\"https:\/\/global-hookah.com\/es\/ru\/\u043f\u0440\u043e\u0434\u0443\u043a\u0442\/wholesale-14-9-inch-straight-tube-bong-with-intricate-skull-percolator-design-2\/\" \/>\n<meta property=\"og:locale\" content=\"es_ES\" \/>\n<meta property=\"og:type\" content=\"article\" \/>\n<meta property=\"og:title\" content=\"Wholesale 14.9 Inch Straight Tube Bong With Intricate Skull Percolator Design\" \/>\n<meta property=\"og:description\" content=\"This 14.9 Inch Straight Tube Bong With Intricate Skull Percolator is made of clear glass so you can see the\" \/>\n<meta property=\"og:url\" content=\"https:\/\/global-hookah.com\/es\/ru\/\u043f\u0440\u043e\u0434\u0443\u043a\u0442\/wholesale-14-9-inch-straight-tube-bong-with-intricate-skull-percolator-design-2\/\" \/>\n<meta property=\"og:site_name\" content=\"Global Hookah\" \/>\n<meta property=\"article:modified_time\" content=\"2024-02-19T07:50:42+00:00\" \/>\n<meta property=\"og:image\" content=\"https:\/\/global-hookah.com\/wp-content\/uploads\/2023\/12\/\u4e3b\u56fe-04-41.jpg\" \/>\n\t<meta property=\"og:image:width\" content=\"800\" \/>\n\t<meta property=\"og:image:height\" content=\"800\" \/>\n\t<meta property=\"og:image:type\" content=\"image\/jpeg\" \/>\n<meta name=\"twitter:card\" content=\"summary_large_image\" \/>\n<script type=\"application\/ld+json\" class=\"yoast-schema-graph\">{\"@context\":\"https:\/\/schema.org\",\"@graph\":[{\"@type\":\"WebPage\",\"@id\":\"https:\/\/global-hookah.com\/ru\/\u043f\u0440\u043e\u0434\u0443\u043a\u0442\/wholesale-14-9-inch-straight-tube-bong-with-intricate-skull-percolator-design-2\/\",\"url\":\"https:\/\/global-hookah.com\/ru\/\u043f\u0440\u043e\u0434\u0443\u043a\u0442\/wholesale-14-9-inch-straight-tube-bong-with-intricate-skull-percolator-design-2\/\",\"name\":\"Wholesale 14.9 Inch Straight Tube Bong With Intricate Skull Percolator Design - Global Hookah\",\"isPartOf\":{\"@id\":\"https:\/\/global-hookah.com\/#website\"},\"primaryImageOfPage\":{\"@id\":\"https:\/\/global-hookah.com\/ru\/\u043f\u0440\u043e\u0434\u0443\u043a\u0442\/wholesale-14-9-inch-straight-tube-bong-with-intricate-skull-percolator-design-2\/#primaryimage\"},\"image\":{\"@id\":\"https:\/\/global-hookah.com\/ru\/\u043f\u0440\u043e\u0434\u0443\u043a\u0442\/wholesale-14-9-inch-straight-tube-bong-with-intricate-skull-percolator-design-2\/#primaryimage\"},\"thumbnailUrl\":\"https:\/\/global-hookah.com\/wp-content\/uploads\/2023\/12\/\u4e3b\u56fe-04-41.jpg\",\"datePublished\":\"2023-12-31T07:42:40+00:00\",\"dateModified\":\"2024-02-19T07:50:42+00:00\",\"breadcrumb\":{\"@id\":\"https:\/\/global-hookah.com\/ru\/\u043f\u0440\u043e\u0434\u0443\u043a\u0442\/wholesale-14-9-inch-straight-tube-bong-with-intricate-skull-percolator-design-2\/#breadcrumb\"},\"inLanguage\":\"es\",\"potentialAction\":[{\"@type\":\"ReadAction\",\"target\":[\"https:\/\/global-hookah.com\/ru\/\u043f\u0440\u043e\u0434\u0443\u043a\u0442\/wholesale-14-9-inch-straight-tube-bong-with-intricate-skull-percolator-design-2\/\"]}]},{\"@type\":\"ImageObject\",\"inLanguage\":\"es\",\"@id\":\"https:\/\/global-hookah.com\/ru\/\u043f\u0440\u043e\u0434\u0443\u043a\u0442\/wholesale-14-9-inch-straight-tube-bong-with-intricate-skull-percolator-design-2\/#primaryimage\",\"url\":\"https:\/\/global-hookah.com\/wp-content\/uploads\/2023\/12\/\u4e3b\u56fe-04-41.jpg\",\"contentUrl\":\"https:\/\/global-hookah.com\/wp-content\/uploads\/2023\/12\/\u4e3b\u56fe-04-41.jpg\",\"width\":800,\"height\":800,\"caption\":\"Wholesale 14.9 Inch Straight Tube Bong\"},{\"@type\":\"BreadcrumbList\",\"@id\":\"https:\/\/global-hookah.com\/ru\/\u043f\u0440\u043e\u0434\u0443\u043a\u0442\/wholesale-14-9-inch-straight-tube-bong-with-intricate-skull-percolator-design-2\/#breadcrumb\",\"itemListElement\":[{\"@type\":\"ListItem\",\"position\":1,\"name\":\"Home\",\"item\":\"https:\/\/global-hookah.com\/\"},{\"@type\":\"ListItem\",\"position\":2,\"name\":\"Shop\",\"item\":\"https:\/\/global-hookah.com\/shop\/\"},{\"@type\":\"ListItem\",\"position\":3,\"name\":\"Wholesale 14.9 Inch Straight Tube Bong With Intricate Skull Percolator Design\"}]},{\"@type\":\"WebSite\",\"@id\":\"https:\/\/global-hookah.com\/#website\",\"url\":\"https:\/\/global-hookah.com\/\",\"name\":\"Global Hookah\",\"description\":\"Global Hookah\",\"publisher\":{\"@id\":\"https:\/\/global-hookah.com\/#organization\"},\"potentialAction\":[{\"@type\":\"SearchAction\",\"target\":{\"@type\":\"EntryPoint\",\"urlTemplate\":\"https:\/\/global-hookah.com\/?s={search_term_string}\"},\"query-input\":{\"@type\":\"PropertyValueSpecification\",\"valueRequired\":true,\"valueName\":\"search_term_string\"}}],\"inLanguage\":\"es\"},{\"@type\":\"Organization\",\"@id\":\"https:\/\/global-hookah.com\/#organization\",\"name\":\"Global Hookah\",\"url\":\"https:\/\/global-hookah.com\/\",\"logo\":{\"@type\":\"ImageObject\",\"inLanguage\":\"es\",\"@id\":\"https:\/\/global-hookah.com\/#\/schema\/logo\/image\/\",\"url\":\"https:\/\/global-hookah.com\/wp-content\/uploads\/2021\/10\/cropped-fgg.png\",\"contentUrl\":\"https:\/\/global-hookah.com\/wp-content\/uploads\/2021\/10\/cropped-fgg.png\",\"width\":512,\"height\":512,\"caption\":\"Global Hookah\"},\"image\":{\"@id\":\"https:\/\/global-hookah.com\/#\/schema\/logo\/image\/\"}}]}<\/script>\n<!-- \/ Yoast SEO Premium plugin. -->","yoast_head_json":{"title":"Venta al por mayor 14.9 pulgadas tubo recto Bong con dise\u00f1o intrincado cr\u00e1neo Percolador - Global Hookah","robots":{"index":"index","follow":"follow","max-snippet":"max-snippet:-1","max-image-preview":"max-image-preview:large","max-video-preview":"max-video-preview:-1"},"canonical":"https:\/\/global-hookah.com\/es\/ru\/\u043f\u0440\u043e\u0434\u0443\u043a\u0442\/wholesale-14-9-inch-straight-tube-bong-with-intricate-skull-percolator-design-2\/","og_locale":"es_ES","og_type":"article","og_title":"Wholesale 14.9 Inch Straight Tube Bong With Intricate Skull Percolator Design","og_description":"This 14.9 Inch Straight Tube Bong With Intricate Skull Percolator is made of clear glass so you can see the","og_url":"https:\/\/global-hookah.com\/es\/ru\/\u043f\u0440\u043e\u0434\u0443\u043a\u0442\/wholesale-14-9-inch-straight-tube-bong-with-intricate-skull-percolator-design-2\/","og_site_name":"Global Hookah","article_modified_time":"2024-02-19T07:50:42+00:00","og_image":[{"width":800,"height":800,"url":"https:\/\/global-hookah.com\/wp-content\/uploads\/2023\/12\/\u4e3b\u56fe-04-41.jpg","type":"image\/jpeg"}],"twitter_card":"summary_large_image","schema":{"@context":"https:\/\/schema.org","@graph":[{"@type":"WebPage","@id":"https:\/\/global-hookah.com\/ru\/\u043f\u0440\u043e\u0434\u0443\u043a\u0442\/wholesale-14-9-inch-straight-tube-bong-with-intricate-skull-percolator-design-2\/","url":"https:\/\/global-hookah.com\/ru\/\u043f\u0440\u043e\u0434\u0443\u043a\u0442\/wholesale-14-9-inch-straight-tube-bong-with-intricate-skull-percolator-design-2\/","name":"Venta al por mayor 14.9 pulgadas tubo recto Bong con dise\u00f1o intrincado cr\u00e1neo Percolador - Global Hookah","isPartOf":{"@id":"https:\/\/global-hookah.com\/#website"},"primaryImageOfPage":{"@id":"https:\/\/global-hookah.com\/ru\/\u043f\u0440\u043e\u0434\u0443\u043a\u0442\/wholesale-14-9-inch-straight-tube-bong-with-intricate-skull-percolator-design-2\/#primaryimage"},"image":{"@id":"https:\/\/global-hookah.com\/ru\/\u043f\u0440\u043e\u0434\u0443\u043a\u0442\/wholesale-14-9-inch-straight-tube-bong-with-intricate-skull-percolator-design-2\/#primaryimage"},"thumbnailUrl":"https:\/\/global-hookah.com\/wp-content\/uploads\/2023\/12\/\u4e3b\u56fe-04-41.jpg","datePublished":"2023-12-31T07:42:40+00:00","dateModified":"2024-02-19T07:50:42+00:00","breadcrumb":{"@id":"https:\/\/global-hookah.com\/ru\/\u043f\u0440\u043e\u0434\u0443\u043a\u0442\/wholesale-14-9-inch-straight-tube-bong-with-intricate-skull-percolator-design-2\/#breadcrumb"},"inLanguage":"es","potentialAction":[{"@type":"ReadAction","target":["https:\/\/global-hookah.com\/ru\/\u043f\u0440\u043e\u0434\u0443\u043a\u0442\/wholesale-14-9-inch-straight-tube-bong-with-intricate-skull-percolator-design-2\/"]}]},{"@type":"ImageObject","inLanguage":"es","@id":"https:\/\/global-hookah.com\/ru\/\u043f\u0440\u043e\u0434\u0443\u043a\u0442\/wholesale-14-9-inch-straight-tube-bong-with-intricate-skull-percolator-design-2\/#primaryimage","url":"https:\/\/global-hookah.com\/wp-content\/uploads\/2023\/12\/\u4e3b\u56fe-04-41.jpg","contentUrl":"https:\/\/global-hookah.com\/wp-content\/uploads\/2023\/12\/\u4e3b\u56fe-04-41.jpg","width":800,"height":800,"caption":"Wholesale 14.9 Inch Straight Tube Bong"},{"@type":"BreadcrumbList","@id":"https:\/\/global-hookah.com\/ru\/\u043f\u0440\u043e\u0434\u0443\u043a\u0442\/wholesale-14-9-inch-straight-tube-bong-with-intricate-skull-percolator-design-2\/#breadcrumb","itemListElement":[{"@type":"ListItem","position":1,"name":"Home","item":"https:\/\/global-hookah.com\/"},{"@type":"ListItem","position":2,"name":"Shop","item":"https:\/\/global-hookah.com\/shop\/"},{"@type":"ListItem","position":3,"name":"Wholesale 14.9 Inch Straight Tube Bong With Intricate Skull Percolator Design"}]},{"@type":"WebSite","@id":"https:\/\/global-hookah.com\/#website","url":"https:\/\/global-hookah.com\/","name":"Global Hookah","description":"Global Hookah","publisher":{"@id":"https:\/\/global-hookah.com\/#organization"},"potentialAction":[{"@type":"SearchAction","target":{"@type":"EntryPoint","urlTemplate":"https:\/\/global-hookah.com\/?s={search_term_string}"},"query-input":{"@type":"PropertyValueSpecification","valueRequired":true,"valueName":"search_term_string"}}],"inLanguage":"es"},{"@type":"Organization","@id":"https:\/\/global-hookah.com\/#organization","name":"Global Hookah","url":"https:\/\/global-hookah.com\/","logo":{"@type":"ImageObject","inLanguage":"es","@id":"https:\/\/global-hookah.com\/#\/schema\/logo\/image\/","url":"https:\/\/global-hookah.com\/wp-content\/uploads\/2021\/10\/cropped-fgg.png","contentUrl":"https:\/\/global-hookah.com\/wp-content\/uploads\/2021\/10\/cropped-fgg.png","width":512,"height":512,"caption":"Global Hookah"},"image":{"@id":"https:\/\/global-hookah.com\/#\/schema\/logo\/image\/"}}]}},"_links":{"self":[{"href":"https:\/\/global-hookah.com\/es\/wp-json\/wp\/v2\/product\/18417","targetHints":{"allow":["GET"]}}],"collection":[{"href":"https:\/\/global-hookah.com\/es\/wp-json\/wp\/v2\/product"}],"about":[{"href":"https:\/\/global-hookah.com\/es\/wp-json\/wp\/v2\/types\/product"}],"replies":[{"embeddable":true,"href":"https:\/\/global-hookah.com\/es\/wp-json\/wp\/v2\/comments?post=18417"}],"version-history":[{"count":0,"href":"https:\/\/global-hookah.com\/es\/wp-json\/wp\/v2\/product\/18417\/revisions"}],"wp:featuredmedia":[{"embeddable":true,"href":"https:\/\/global-hookah.com\/es\/wp-json\/wp\/v2\/media\/18422"}],"wp:attachment":[{"href":"https:\/\/global-hookah.com\/es\/wp-json\/wp\/v2\/media?parent=18417"}],"wp:term":[{"taxonomy":"product_brand","embeddable":true,"href":"https:\/\/global-hookah.com\/es\/wp-json\/wp\/v2\/product_brand?post=18417"},{"taxonomy":"product_cat","embeddable":true,"href":"https:\/\/global-hookah.com\/es\/wp-json\/wp\/v2\/product_cat?post=18417"},{"taxonomy":"product_tag","embeddable":true,"href":"https:\/\/global-hookah.com\/es\/wp-json\/wp\/v2\/product_tag?post=18417"}],"curies":[{"name":"wp","href":"https:\/\/api.w.org\/{rel}","templated":true}]}}