{"id":18432,"date":"2023-12-31T07:51:15","date_gmt":"2023-12-31T07:51:15","guid":{"rendered":"https:\/\/global-hookah.com\/?post_type=product&#038;p=18432"},"modified":"2024-04-12T08:09:19","modified_gmt":"2024-04-12T08:09:19","slug":"premium-portable-bong-water-bottle-wholesale","status":"publish","type":"product","link":"https:\/\/global-hookah.com\/es\/producto\/premium-portable-bong-water-bottle-wholesale\/","title":{"rendered":"Botella de Agua Bong Port\u00e1til Premium al por mayor"},"content":{"rendered":"<p>Thi<strong>s Premium Portable Bong Water Bottle<\/strong> est\u00e1 hecho de acero inoxidable de alta calidad y materiales de vidrio, con un dise\u00f1o de superficie fina y un agarre c\u00f3modo. La parte superior es un sistema de filtraci\u00f3n hookah cuidadosamente dise\u00f1ado con tubos en espiral incorporados y filtros de m\u00faltiples capas, que pueden filtrar eficazmente las impurezas en el humo.<\/p>\n<p>El percutor vortex suave proporciona una filtraci\u00f3n suave a medida que rasga las nubes, y la generosa altura ofrece vapor enfriado y un tir\u00f3n m\u00e1s f\u00e1cil. Y con un peso de s\u00f3lo 1,1 libras, este <strong>bong de botella premium<\/strong> se desliza f\u00e1cilmente en una mochila para disfrutar de la mejor experiencia de fumar port\u00e1til.<\/p>\n<p>Esta botella hookah port\u00e1til es a la vez conveniente y elegante, por lo que es uno de mis gadgets favoritos de fumar en estos d\u00edas. Si usted tambi\u00e9n vende al por mayor esta pipa de vidrio, \u00a1no dude en consultarme! Lo he verificado completamente en uso, la calidad es excelente, y como proveedor, puedo proporcionarle preferencial <a href=\"https:\/\/global-hookah.com\/product-category\/bong-wholesale\/\">precios al por mayor de cachimbas<\/a>Vale la pena el dinero si lo compras, date prisa \u00a1Ven y pru\u00e9balo!<\/p>","protected":false},"excerpt":{"rendered":"<p>Esta botella de agua port\u00e1til Premium Bong est\u00e1 hecha de acero inoxidable de alta calidad y materiales de vidrio, con un dise\u00f1o de superficie fina<\/p>","protected":false},"featured_media":18434,"comment_status":"open","ping_status":"closed","template":"","meta":{"iawp_total_views":8,"_joinchat":[]},"product_brand":[],"product_cat":[559,535],"product_tag":[],"class_list":{"0":"post-18432","1":"product","2":"type-product","3":"status-publish","4":"has-post-thumbnail","6":"product_cat-portable-hookah-wholesale","7":"product_cat-wholesale-glass-bong","9":"first","10":"instock","11":"shipping-taxable","12":"product-type-external"},"yoast_head":"<!-- This site is optimized with the Yoast SEO Premium plugin v24.7 (Yoast SEO v26.8) - https:\/\/yoast.com\/product\/yoast-seo-premium-wordpress\/ -->\n<title>Premium Portable Bong Water Bottle Wholesale - Global Hookah<\/title>\n<meta name=\"robots\" content=\"index, follow, max-snippet:-1, max-image-preview:large, max-video-preview:-1\" \/>\n<link rel=\"canonical\" href=\"https:\/\/global-hookah.com\/es\/producto\/premium-portable-bong-water-bottle-wholesale\/\" \/>\n<meta property=\"og:locale\" content=\"es_ES\" \/>\n<meta property=\"og:type\" content=\"article\" \/>\n<meta property=\"og:title\" content=\"Premium Portable Bong Water Bottle Wholesale\" \/>\n<meta property=\"og:description\" content=\"This Premium Portable Bong Water Bottle is made of high-quality stainless steel and glass materials, with a fine surface design\" \/>\n<meta property=\"og:url\" content=\"https:\/\/global-hookah.com\/es\/producto\/premium-portable-bong-water-bottle-wholesale\/\" \/>\n<meta property=\"og:site_name\" content=\"Global Hookah\" \/>\n<meta property=\"article:modified_time\" content=\"2024-04-12T08:09:19+00:00\" \/>\n<meta property=\"og:image\" content=\"https:\/\/global-hookah.com\/wp-content\/uploads\/2023\/12\/\u4e3b\u56fe-01-42.jpg\" \/>\n\t<meta property=\"og:image:width\" content=\"750\" \/>\n\t<meta property=\"og:image:height\" content=\"750\" \/>\n\t<meta property=\"og:image:type\" content=\"image\/jpeg\" \/>\n<meta name=\"twitter:card\" content=\"summary_large_image\" \/>\n<meta name=\"twitter:label1\" content=\"Tiempo de lectura\" \/>\n\t<meta name=\"twitter:data1\" content=\"1 minuto\" \/>\n<script type=\"application\/ld+json\" class=\"yoast-schema-graph\">{\"@context\":\"https:\/\/schema.org\",\"@graph\":[{\"@type\":\"WebPage\",\"@id\":\"https:\/\/global-hookah.com\/product\/premium-portable-bong-water-bottle-wholesale\/\",\"url\":\"https:\/\/global-hookah.com\/product\/premium-portable-bong-water-bottle-wholesale\/\",\"name\":\"Premium Portable Bong Water Bottle Wholesale - Global Hookah\",\"isPartOf\":{\"@id\":\"https:\/\/global-hookah.com\/#website\"},\"primaryImageOfPage\":{\"@id\":\"https:\/\/global-hookah.com\/product\/premium-portable-bong-water-bottle-wholesale\/#primaryimage\"},\"image\":{\"@id\":\"https:\/\/global-hookah.com\/product\/premium-portable-bong-water-bottle-wholesale\/#primaryimage\"},\"thumbnailUrl\":\"https:\/\/global-hookah.com\/wp-content\/uploads\/2023\/12\/\u4e3b\u56fe-01-42.jpg\",\"datePublished\":\"2023-12-31T07:51:15+00:00\",\"dateModified\":\"2024-04-12T08:09:19+00:00\",\"breadcrumb\":{\"@id\":\"https:\/\/global-hookah.com\/product\/premium-portable-bong-water-bottle-wholesale\/#breadcrumb\"},\"inLanguage\":\"es\",\"potentialAction\":[{\"@type\":\"ReadAction\",\"target\":[\"https:\/\/global-hookah.com\/product\/premium-portable-bong-water-bottle-wholesale\/\"]}]},{\"@type\":\"ImageObject\",\"inLanguage\":\"es\",\"@id\":\"https:\/\/global-hookah.com\/product\/premium-portable-bong-water-bottle-wholesale\/#primaryimage\",\"url\":\"https:\/\/global-hookah.com\/wp-content\/uploads\/2023\/12\/\u4e3b\u56fe-01-42.jpg\",\"contentUrl\":\"https:\/\/global-hookah.com\/wp-content\/uploads\/2023\/12\/\u4e3b\u56fe-01-42.jpg\",\"width\":750,\"height\":750},{\"@type\":\"BreadcrumbList\",\"@id\":\"https:\/\/global-hookah.com\/product\/premium-portable-bong-water-bottle-wholesale\/#breadcrumb\",\"itemListElement\":[{\"@type\":\"ListItem\",\"position\":1,\"name\":\"Home\",\"item\":\"https:\/\/global-hookah.com\/\"},{\"@type\":\"ListItem\",\"position\":2,\"name\":\"Shop\",\"item\":\"https:\/\/global-hookah.com\/shop\/\"},{\"@type\":\"ListItem\",\"position\":3,\"name\":\"Premium Portable Bong Water Bottle Wholesale\"}]},{\"@type\":\"WebSite\",\"@id\":\"https:\/\/global-hookah.com\/#website\",\"url\":\"https:\/\/global-hookah.com\/\",\"name\":\"Global Hookah\",\"description\":\"Global Hookah\",\"publisher\":{\"@id\":\"https:\/\/global-hookah.com\/#organization\"},\"potentialAction\":[{\"@type\":\"SearchAction\",\"target\":{\"@type\":\"EntryPoint\",\"urlTemplate\":\"https:\/\/global-hookah.com\/?s={search_term_string}\"},\"query-input\":{\"@type\":\"PropertyValueSpecification\",\"valueRequired\":true,\"valueName\":\"search_term_string\"}}],\"inLanguage\":\"es\"},{\"@type\":\"Organization\",\"@id\":\"https:\/\/global-hookah.com\/#organization\",\"name\":\"Global Hookah\",\"url\":\"https:\/\/global-hookah.com\/\",\"logo\":{\"@type\":\"ImageObject\",\"inLanguage\":\"es\",\"@id\":\"https:\/\/global-hookah.com\/#\/schema\/logo\/image\/\",\"url\":\"https:\/\/global-hookah.com\/wp-content\/uploads\/2021\/10\/cropped-fgg.png\",\"contentUrl\":\"https:\/\/global-hookah.com\/wp-content\/uploads\/2021\/10\/cropped-fgg.png\",\"width\":512,\"height\":512,\"caption\":\"Global Hookah\"},\"image\":{\"@id\":\"https:\/\/global-hookah.com\/#\/schema\/logo\/image\/\"}}]}<\/script>\n<!-- \/ Yoast SEO Premium plugin. -->","yoast_head_json":{"title":"Botella de Agua Bong Port\u00e1til Premium al por mayor - Global Hookah","robots":{"index":"index","follow":"follow","max-snippet":"max-snippet:-1","max-image-preview":"max-image-preview:large","max-video-preview":"max-video-preview:-1"},"canonical":"https:\/\/global-hookah.com\/es\/producto\/premium-portable-bong-water-bottle-wholesale\/","og_locale":"es_ES","og_type":"article","og_title":"Premium Portable Bong Water Bottle Wholesale","og_description":"This Premium Portable Bong Water Bottle is made of high-quality stainless steel and glass materials, with a fine surface design","og_url":"https:\/\/global-hookah.com\/es\/producto\/premium-portable-bong-water-bottle-wholesale\/","og_site_name":"Global Hookah","article_modified_time":"2024-04-12T08:09:19+00:00","og_image":[{"width":750,"height":750,"url":"https:\/\/global-hookah.com\/wp-content\/uploads\/2023\/12\/\u4e3b\u56fe-01-42.jpg","type":"image\/jpeg"}],"twitter_card":"summary_large_image","twitter_misc":{"Tiempo de lectura":"1 minuto"},"schema":{"@context":"https:\/\/schema.org","@graph":[{"@type":"WebPage","@id":"https:\/\/global-hookah.com\/product\/premium-portable-bong-water-bottle-wholesale\/","url":"https:\/\/global-hookah.com\/product\/premium-portable-bong-water-bottle-wholesale\/","name":"Botella de Agua Bong Port\u00e1til Premium al por mayor - Global Hookah","isPartOf":{"@id":"https:\/\/global-hookah.com\/#website"},"primaryImageOfPage":{"@id":"https:\/\/global-hookah.com\/product\/premium-portable-bong-water-bottle-wholesale\/#primaryimage"},"image":{"@id":"https:\/\/global-hookah.com\/product\/premium-portable-bong-water-bottle-wholesale\/#primaryimage"},"thumbnailUrl":"https:\/\/global-hookah.com\/wp-content\/uploads\/2023\/12\/\u4e3b\u56fe-01-42.jpg","datePublished":"2023-12-31T07:51:15+00:00","dateModified":"2024-04-12T08:09:19+00:00","breadcrumb":{"@id":"https:\/\/global-hookah.com\/product\/premium-portable-bong-water-bottle-wholesale\/#breadcrumb"},"inLanguage":"es","potentialAction":[{"@type":"ReadAction","target":["https:\/\/global-hookah.com\/product\/premium-portable-bong-water-bottle-wholesale\/"]}]},{"@type":"ImageObject","inLanguage":"es","@id":"https:\/\/global-hookah.com\/product\/premium-portable-bong-water-bottle-wholesale\/#primaryimage","url":"https:\/\/global-hookah.com\/wp-content\/uploads\/2023\/12\/\u4e3b\u56fe-01-42.jpg","contentUrl":"https:\/\/global-hookah.com\/wp-content\/uploads\/2023\/12\/\u4e3b\u56fe-01-42.jpg","width":750,"height":750},{"@type":"BreadcrumbList","@id":"https:\/\/global-hookah.com\/product\/premium-portable-bong-water-bottle-wholesale\/#breadcrumb","itemListElement":[{"@type":"ListItem","position":1,"name":"Home","item":"https:\/\/global-hookah.com\/"},{"@type":"ListItem","position":2,"name":"Shop","item":"https:\/\/global-hookah.com\/shop\/"},{"@type":"ListItem","position":3,"name":"Premium Portable Bong Water Bottle Wholesale"}]},{"@type":"WebSite","@id":"https:\/\/global-hookah.com\/#website","url":"https:\/\/global-hookah.com\/","name":"Global Hookah","description":"Global Hookah","publisher":{"@id":"https:\/\/global-hookah.com\/#organization"},"potentialAction":[{"@type":"SearchAction","target":{"@type":"EntryPoint","urlTemplate":"https:\/\/global-hookah.com\/?s={search_term_string}"},"query-input":{"@type":"PropertyValueSpecification","valueRequired":true,"valueName":"search_term_string"}}],"inLanguage":"es"},{"@type":"Organization","@id":"https:\/\/global-hookah.com\/#organization","name":"Global Hookah","url":"https:\/\/global-hookah.com\/","logo":{"@type":"ImageObject","inLanguage":"es","@id":"https:\/\/global-hookah.com\/#\/schema\/logo\/image\/","url":"https:\/\/global-hookah.com\/wp-content\/uploads\/2021\/10\/cropped-fgg.png","contentUrl":"https:\/\/global-hookah.com\/wp-content\/uploads\/2021\/10\/cropped-fgg.png","width":512,"height":512,"caption":"Global Hookah"},"image":{"@id":"https:\/\/global-hookah.com\/#\/schema\/logo\/image\/"}}]}},"_links":{"self":[{"href":"https:\/\/global-hookah.com\/es\/wp-json\/wp\/v2\/product\/18432","targetHints":{"allow":["GET"]}}],"collection":[{"href":"https:\/\/global-hookah.com\/es\/wp-json\/wp\/v2\/product"}],"about":[{"href":"https:\/\/global-hookah.com\/es\/wp-json\/wp\/v2\/types\/product"}],"replies":[{"embeddable":true,"href":"https:\/\/global-hookah.com\/es\/wp-json\/wp\/v2\/comments?post=18432"}],"version-history":[{"count":0,"href":"https:\/\/global-hookah.com\/es\/wp-json\/wp\/v2\/product\/18432\/revisions"}],"wp:featuredmedia":[{"embeddable":true,"href":"https:\/\/global-hookah.com\/es\/wp-json\/wp\/v2\/media\/18434"}],"wp:attachment":[{"href":"https:\/\/global-hookah.com\/es\/wp-json\/wp\/v2\/media?parent=18432"}],"wp:term":[{"taxonomy":"product_brand","embeddable":true,"href":"https:\/\/global-hookah.com\/es\/wp-json\/wp\/v2\/product_brand?post=18432"},{"taxonomy":"product_cat","embeddable":true,"href":"https:\/\/global-hookah.com\/es\/wp-json\/wp\/v2\/product_cat?post=18432"},{"taxonomy":"product_tag","embeddable":true,"href":"https:\/\/global-hookah.com\/es\/wp-json\/wp\/v2\/product_tag?post=18432"}],"curies":[{"name":"wp","href":"https:\/\/api.w.org\/{rel}","templated":true}]}}