{"id":18441,"date":"2023-12-31T07:56:57","date_gmt":"2023-12-31T07:56:57","guid":{"rendered":"https:\/\/global-hookah.com\/?post_type=product&#038;p=18441"},"modified":"2024-04-12T07:58:25","modified_gmt":"2024-04-12T07:58:25","slug":"2-4-inch-mini-glass-bong-wholesale","status":"publish","type":"product","link":"https:\/\/global-hookah.com\/es\/producto\/2-4-inch-mini-glass-bong-wholesale\/","title":{"rendered":"Mini Bong de cristal de 2,4 pulgadas al por mayor"},"content":{"rendered":"<p>este <strong>Mini cachimba de cristal<\/strong> est\u00e1 cuidadosamente fabricado a mano con vidrio de borosilicato de alta calidad, y tiene un tacto estupendo. La superficie se ha reforzado y no se raya con facilidad, por lo que es muy c\u00f3modo meterlo en el bolso y sacarlo. A pesar de su peque\u00f1o tama\u00f1o, puede contener 80 ml de humo en un solo uso, por lo que es muy adecuado para las salidas.<\/p>\n<p>Adem\u00e1s, <strong>Mini Bong's de cristal<\/strong> sistema de filtraci\u00f3n est\u00e1 bien dise\u00f1ado. El <a href=\"https:\/\/global-hookah.com\/product-category\/bong-wholesale\/wholesale-glass-bong\/\">tubo en espiral<\/a> est\u00e1 lleno de filtros, que pueden filtrar la mayor\u00eda de las sustancias nocivas y garantizar que cada calada sea un humo puro y suave.<\/p>\n<p>Mi caracter\u00edstica favorita es el dep\u00f3sito de hielo incorporado. Puedes a\u00f1adir uno o dos cubitos de hielo para ajustar la temperatura del humo, lo que es especialmente \u00fatil en verano. Tanto si se disfruta en solitario como con amigos, proporciona una excelente sensaci\u00f3n refrescante. El porro est\u00e1ndar de 14mm acepta varios accesorios, dando rienda suelta a tu creatividad.<\/p>","protected":false},"excerpt":{"rendered":"<p>Este Mini Bong de cristal est\u00e1 cuidadosamente fabricado a mano con cristal de borosilicato de alta calidad, y tiene un tacto estupendo. La superficie ha sido reforzada<\/p>","protected":false},"featured_media":18446,"comment_status":"open","ping_status":"closed","template":"","meta":{"iawp_total_views":6,"_joinchat":[]},"product_brand":[],"product_cat":[535],"product_tag":[],"class_list":{"0":"post-18441","1":"product","2":"type-product","3":"status-publish","4":"has-post-thumbnail","6":"product_cat-wholesale-glass-bong","8":"first","9":"instock","10":"shipping-taxable","11":"product-type-external"},"yoast_head":"<!-- This site is optimized with the Yoast SEO Premium plugin v24.7 (Yoast SEO v26.8) - https:\/\/yoast.com\/product\/yoast-seo-premium-wordpress\/ -->\n<title>2.4 Inch Mini Glass Bong Wholesale - Global Hookah<\/title>\n<meta name=\"robots\" content=\"index, follow, max-snippet:-1, max-image-preview:large, max-video-preview:-1\" \/>\n<link rel=\"canonical\" href=\"https:\/\/global-hookah.com\/es\/ru\/\u043f\u0440\u043e\u0434\u0443\u043a\u0442\/2-4-\u0434\u044e\u0439\u043c\u0430-\u043c\u0438\u043d\u0438-\u0441\u0442\u0435\u043a\u043b\u044f\u043d\u043d\u044b\u0439-\u0431\u043e\u043d\u0433-\u043e\u043f\u0442\u043e\u043c\/\" \/>\n<meta property=\"og:locale\" content=\"es_ES\" \/>\n<meta property=\"og:type\" content=\"article\" \/>\n<meta property=\"og:title\" content=\"2.4 Inch Mini Glass Bong Wholesale\" \/>\n<meta property=\"og:description\" content=\"this Mini Glass Bong is carefully handcrafted from high-grade borosilicate glass, and it feels great. The surface has been strengthened\" \/>\n<meta property=\"og:url\" content=\"https:\/\/global-hookah.com\/es\/ru\/\u043f\u0440\u043e\u0434\u0443\u043a\u0442\/2-4-\u0434\u044e\u0439\u043c\u0430-\u043c\u0438\u043d\u0438-\u0441\u0442\u0435\u043a\u043b\u044f\u043d\u043d\u044b\u0439-\u0431\u043e\u043d\u0433-\u043e\u043f\u0442\u043e\u043c\/\" \/>\n<meta property=\"og:site_name\" content=\"Global Hookah\" \/>\n<meta property=\"article:modified_time\" content=\"2024-04-12T07:58:25+00:00\" \/>\n<meta property=\"og:image\" content=\"https:\/\/global-hookah.com\/wp-content\/uploads\/2023\/12\/\u4e3b\u56fe-05-1-1.jpg\" \/>\n\t<meta property=\"og:image:width\" content=\"750\" \/>\n\t<meta property=\"og:image:height\" content=\"750\" \/>\n\t<meta property=\"og:image:type\" content=\"image\/jpeg\" \/>\n<meta name=\"twitter:card\" content=\"summary_large_image\" \/>\n<meta name=\"twitter:label1\" content=\"Tiempo de lectura\" \/>\n\t<meta name=\"twitter:data1\" content=\"1 minuto\" \/>\n<script type=\"application\/ld+json\" class=\"yoast-schema-graph\">{\"@context\":\"https:\/\/schema.org\",\"@graph\":[{\"@type\":\"WebPage\",\"@id\":\"https:\/\/global-hookah.com\/ru\/\u043f\u0440\u043e\u0434\u0443\u043a\u0442\/2-4-\u0434\u044e\u0439\u043c\u0430-\u043c\u0438\u043d\u0438-\u0441\u0442\u0435\u043a\u043b\u044f\u043d\u043d\u044b\u0439-\u0431\u043e\u043d\u0433-\u043e\u043f\u0442\u043e\u043c\/\",\"url\":\"https:\/\/global-hookah.com\/ru\/\u043f\u0440\u043e\u0434\u0443\u043a\u0442\/2-4-\u0434\u044e\u0439\u043c\u0430-\u043c\u0438\u043d\u0438-\u0441\u0442\u0435\u043a\u043b\u044f\u043d\u043d\u044b\u0439-\u0431\u043e\u043d\u0433-\u043e\u043f\u0442\u043e\u043c\/\",\"name\":\"2.4 Inch Mini Glass Bong Wholesale - Global Hookah\",\"isPartOf\":{\"@id\":\"https:\/\/global-hookah.com\/#website\"},\"primaryImageOfPage\":{\"@id\":\"https:\/\/global-hookah.com\/ru\/\u043f\u0440\u043e\u0434\u0443\u043a\u0442\/2-4-\u0434\u044e\u0439\u043c\u0430-\u043c\u0438\u043d\u0438-\u0441\u0442\u0435\u043a\u043b\u044f\u043d\u043d\u044b\u0439-\u0431\u043e\u043d\u0433-\u043e\u043f\u0442\u043e\u043c\/#primaryimage\"},\"image\":{\"@id\":\"https:\/\/global-hookah.com\/ru\/\u043f\u0440\u043e\u0434\u0443\u043a\u0442\/2-4-\u0434\u044e\u0439\u043c\u0430-\u043c\u0438\u043d\u0438-\u0441\u0442\u0435\u043a\u043b\u044f\u043d\u043d\u044b\u0439-\u0431\u043e\u043d\u0433-\u043e\u043f\u0442\u043e\u043c\/#primaryimage\"},\"thumbnailUrl\":\"https:\/\/global-hookah.com\/wp-content\/uploads\/2023\/12\/\u4e3b\u56fe-05-1-1.jpg\",\"datePublished\":\"2023-12-31T07:56:57+00:00\",\"dateModified\":\"2024-04-12T07:58:25+00:00\",\"breadcrumb\":{\"@id\":\"https:\/\/global-hookah.com\/ru\/\u043f\u0440\u043e\u0434\u0443\u043a\u0442\/2-4-\u0434\u044e\u0439\u043c\u0430-\u043c\u0438\u043d\u0438-\u0441\u0442\u0435\u043a\u043b\u044f\u043d\u043d\u044b\u0439-\u0431\u043e\u043d\u0433-\u043e\u043f\u0442\u043e\u043c\/#breadcrumb\"},\"inLanguage\":\"es\",\"potentialAction\":[{\"@type\":\"ReadAction\",\"target\":[\"https:\/\/global-hookah.com\/ru\/\u043f\u0440\u043e\u0434\u0443\u043a\u0442\/2-4-\u0434\u044e\u0439\u043c\u0430-\u043c\u0438\u043d\u0438-\u0441\u0442\u0435\u043a\u043b\u044f\u043d\u043d\u044b\u0439-\u0431\u043e\u043d\u0433-\u043e\u043f\u0442\u043e\u043c\/\"]}]},{\"@type\":\"ImageObject\",\"inLanguage\":\"es\",\"@id\":\"https:\/\/global-hookah.com\/ru\/\u043f\u0440\u043e\u0434\u0443\u043a\u0442\/2-4-\u0434\u044e\u0439\u043c\u0430-\u043c\u0438\u043d\u0438-\u0441\u0442\u0435\u043a\u043b\u044f\u043d\u043d\u044b\u0439-\u0431\u043e\u043d\u0433-\u043e\u043f\u0442\u043e\u043c\/#primaryimage\",\"url\":\"https:\/\/global-hookah.com\/wp-content\/uploads\/2023\/12\/\u4e3b\u56fe-05-1-1.jpg\",\"contentUrl\":\"https:\/\/global-hookah.com\/wp-content\/uploads\/2023\/12\/\u4e3b\u56fe-05-1-1.jpg\",\"width\":750,\"height\":750,\"caption\":\"Mini Glass Bong Wholesale\"},{\"@type\":\"BreadcrumbList\",\"@id\":\"https:\/\/global-hookah.com\/ru\/\u043f\u0440\u043e\u0434\u0443\u043a\u0442\/2-4-\u0434\u044e\u0439\u043c\u0430-\u043c\u0438\u043d\u0438-\u0441\u0442\u0435\u043a\u043b\u044f\u043d\u043d\u044b\u0439-\u0431\u043e\u043d\u0433-\u043e\u043f\u0442\u043e\u043c\/#breadcrumb\",\"itemListElement\":[{\"@type\":\"ListItem\",\"position\":1,\"name\":\"Home\",\"item\":\"https:\/\/global-hookah.com\/\"},{\"@type\":\"ListItem\",\"position\":2,\"name\":\"Shop\",\"item\":\"https:\/\/global-hookah.com\/shop\/\"},{\"@type\":\"ListItem\",\"position\":3,\"name\":\"2.4 Inch Mini Glass Bong Wholesale\"}]},{\"@type\":\"WebSite\",\"@id\":\"https:\/\/global-hookah.com\/#website\",\"url\":\"https:\/\/global-hookah.com\/\",\"name\":\"Global Hookah\",\"description\":\"Global Hookah\",\"publisher\":{\"@id\":\"https:\/\/global-hookah.com\/#organization\"},\"potentialAction\":[{\"@type\":\"SearchAction\",\"target\":{\"@type\":\"EntryPoint\",\"urlTemplate\":\"https:\/\/global-hookah.com\/?s={search_term_string}\"},\"query-input\":{\"@type\":\"PropertyValueSpecification\",\"valueRequired\":true,\"valueName\":\"search_term_string\"}}],\"inLanguage\":\"es\"},{\"@type\":\"Organization\",\"@id\":\"https:\/\/global-hookah.com\/#organization\",\"name\":\"Global Hookah\",\"url\":\"https:\/\/global-hookah.com\/\",\"logo\":{\"@type\":\"ImageObject\",\"inLanguage\":\"es\",\"@id\":\"https:\/\/global-hookah.com\/#\/schema\/logo\/image\/\",\"url\":\"https:\/\/global-hookah.com\/wp-content\/uploads\/2021\/10\/cropped-fgg.png\",\"contentUrl\":\"https:\/\/global-hookah.com\/wp-content\/uploads\/2021\/10\/cropped-fgg.png\",\"width\":512,\"height\":512,\"caption\":\"Global Hookah\"},\"image\":{\"@id\":\"https:\/\/global-hookah.com\/#\/schema\/logo\/image\/\"}}]}<\/script>\n<!-- \/ Yoast SEO Premium plugin. -->","yoast_head_json":{"title":"2.4 Inch Mini Glass Bong al por mayor - Global Hookah","robots":{"index":"index","follow":"follow","max-snippet":"max-snippet:-1","max-image-preview":"max-image-preview:large","max-video-preview":"max-video-preview:-1"},"canonical":"https:\/\/global-hookah.com\/es\/ru\/\u043f\u0440\u043e\u0434\u0443\u043a\u0442\/2-4-\u0434\u044e\u0439\u043c\u0430-\u043c\u0438\u043d\u0438-\u0441\u0442\u0435\u043a\u043b\u044f\u043d\u043d\u044b\u0439-\u0431\u043e\u043d\u0433-\u043e\u043f\u0442\u043e\u043c\/","og_locale":"es_ES","og_type":"article","og_title":"2.4 Inch Mini Glass Bong Wholesale","og_description":"this Mini Glass Bong is carefully handcrafted from high-grade borosilicate glass, and it feels great. The surface has been strengthened","og_url":"https:\/\/global-hookah.com\/es\/ru\/\u043f\u0440\u043e\u0434\u0443\u043a\u0442\/2-4-\u0434\u044e\u0439\u043c\u0430-\u043c\u0438\u043d\u0438-\u0441\u0442\u0435\u043a\u043b\u044f\u043d\u043d\u044b\u0439-\u0431\u043e\u043d\u0433-\u043e\u043f\u0442\u043e\u043c\/","og_site_name":"Global Hookah","article_modified_time":"2024-04-12T07:58:25+00:00","og_image":[{"width":750,"height":750,"url":"https:\/\/global-hookah.com\/wp-content\/uploads\/2023\/12\/\u4e3b\u56fe-05-1-1.jpg","type":"image\/jpeg"}],"twitter_card":"summary_large_image","twitter_misc":{"Tiempo de lectura":"1 minuto"},"schema":{"@context":"https:\/\/schema.org","@graph":[{"@type":"WebPage","@id":"https:\/\/global-hookah.com\/ru\/\u043f\u0440\u043e\u0434\u0443\u043a\u0442\/2-4-\u0434\u044e\u0439\u043c\u0430-\u043c\u0438\u043d\u0438-\u0441\u0442\u0435\u043a\u043b\u044f\u043d\u043d\u044b\u0439-\u0431\u043e\u043d\u0433-\u043e\u043f\u0442\u043e\u043c\/","url":"https:\/\/global-hookah.com\/ru\/\u043f\u0440\u043e\u0434\u0443\u043a\u0442\/2-4-\u0434\u044e\u0439\u043c\u0430-\u043c\u0438\u043d\u0438-\u0441\u0442\u0435\u043a\u043b\u044f\u043d\u043d\u044b\u0439-\u0431\u043e\u043d\u0433-\u043e\u043f\u0442\u043e\u043c\/","name":"2.4 Inch Mini Glass Bong al por mayor - Global Hookah","isPartOf":{"@id":"https:\/\/global-hookah.com\/#website"},"primaryImageOfPage":{"@id":"https:\/\/global-hookah.com\/ru\/\u043f\u0440\u043e\u0434\u0443\u043a\u0442\/2-4-\u0434\u044e\u0439\u043c\u0430-\u043c\u0438\u043d\u0438-\u0441\u0442\u0435\u043a\u043b\u044f\u043d\u043d\u044b\u0439-\u0431\u043e\u043d\u0433-\u043e\u043f\u0442\u043e\u043c\/#primaryimage"},"image":{"@id":"https:\/\/global-hookah.com\/ru\/\u043f\u0440\u043e\u0434\u0443\u043a\u0442\/2-4-\u0434\u044e\u0439\u043c\u0430-\u043c\u0438\u043d\u0438-\u0441\u0442\u0435\u043a\u043b\u044f\u043d\u043d\u044b\u0439-\u0431\u043e\u043d\u0433-\u043e\u043f\u0442\u043e\u043c\/#primaryimage"},"thumbnailUrl":"https:\/\/global-hookah.com\/wp-content\/uploads\/2023\/12\/\u4e3b\u56fe-05-1-1.jpg","datePublished":"2023-12-31T07:56:57+00:00","dateModified":"2024-04-12T07:58:25+00:00","breadcrumb":{"@id":"https:\/\/global-hookah.com\/ru\/\u043f\u0440\u043e\u0434\u0443\u043a\u0442\/2-4-\u0434\u044e\u0439\u043c\u0430-\u043c\u0438\u043d\u0438-\u0441\u0442\u0435\u043a\u043b\u044f\u043d\u043d\u044b\u0439-\u0431\u043e\u043d\u0433-\u043e\u043f\u0442\u043e\u043c\/#breadcrumb"},"inLanguage":"es","potentialAction":[{"@type":"ReadAction","target":["https:\/\/global-hookah.com\/ru\/\u043f\u0440\u043e\u0434\u0443\u043a\u0442\/2-4-\u0434\u044e\u0439\u043c\u0430-\u043c\u0438\u043d\u0438-\u0441\u0442\u0435\u043a\u043b\u044f\u043d\u043d\u044b\u0439-\u0431\u043e\u043d\u0433-\u043e\u043f\u0442\u043e\u043c\/"]}]},{"@type":"ImageObject","inLanguage":"es","@id":"https:\/\/global-hookah.com\/ru\/\u043f\u0440\u043e\u0434\u0443\u043a\u0442\/2-4-\u0434\u044e\u0439\u043c\u0430-\u043c\u0438\u043d\u0438-\u0441\u0442\u0435\u043a\u043b\u044f\u043d\u043d\u044b\u0439-\u0431\u043e\u043d\u0433-\u043e\u043f\u0442\u043e\u043c\/#primaryimage","url":"https:\/\/global-hookah.com\/wp-content\/uploads\/2023\/12\/\u4e3b\u56fe-05-1-1.jpg","contentUrl":"https:\/\/global-hookah.com\/wp-content\/uploads\/2023\/12\/\u4e3b\u56fe-05-1-1.jpg","width":750,"height":750,"caption":"Mini Glass Bong Wholesale"},{"@type":"BreadcrumbList","@id":"https:\/\/global-hookah.com\/ru\/\u043f\u0440\u043e\u0434\u0443\u043a\u0442\/2-4-\u0434\u044e\u0439\u043c\u0430-\u043c\u0438\u043d\u0438-\u0441\u0442\u0435\u043a\u043b\u044f\u043d\u043d\u044b\u0439-\u0431\u043e\u043d\u0433-\u043e\u043f\u0442\u043e\u043c\/#breadcrumb","itemListElement":[{"@type":"ListItem","position":1,"name":"Home","item":"https:\/\/global-hookah.com\/"},{"@type":"ListItem","position":2,"name":"Shop","item":"https:\/\/global-hookah.com\/shop\/"},{"@type":"ListItem","position":3,"name":"2.4 Inch Mini Glass Bong Wholesale"}]},{"@type":"WebSite","@id":"https:\/\/global-hookah.com\/#website","url":"https:\/\/global-hookah.com\/","name":"Global Hookah","description":"Global Hookah","publisher":{"@id":"https:\/\/global-hookah.com\/#organization"},"potentialAction":[{"@type":"SearchAction","target":{"@type":"EntryPoint","urlTemplate":"https:\/\/global-hookah.com\/?s={search_term_string}"},"query-input":{"@type":"PropertyValueSpecification","valueRequired":true,"valueName":"search_term_string"}}],"inLanguage":"es"},{"@type":"Organization","@id":"https:\/\/global-hookah.com\/#organization","name":"Global Hookah","url":"https:\/\/global-hookah.com\/","logo":{"@type":"ImageObject","inLanguage":"es","@id":"https:\/\/global-hookah.com\/#\/schema\/logo\/image\/","url":"https:\/\/global-hookah.com\/wp-content\/uploads\/2021\/10\/cropped-fgg.png","contentUrl":"https:\/\/global-hookah.com\/wp-content\/uploads\/2021\/10\/cropped-fgg.png","width":512,"height":512,"caption":"Global Hookah"},"image":{"@id":"https:\/\/global-hookah.com\/#\/schema\/logo\/image\/"}}]}},"_links":{"self":[{"href":"https:\/\/global-hookah.com\/es\/wp-json\/wp\/v2\/product\/18441","targetHints":{"allow":["GET"]}}],"collection":[{"href":"https:\/\/global-hookah.com\/es\/wp-json\/wp\/v2\/product"}],"about":[{"href":"https:\/\/global-hookah.com\/es\/wp-json\/wp\/v2\/types\/product"}],"replies":[{"embeddable":true,"href":"https:\/\/global-hookah.com\/es\/wp-json\/wp\/v2\/comments?post=18441"}],"version-history":[{"count":0,"href":"https:\/\/global-hookah.com\/es\/wp-json\/wp\/v2\/product\/18441\/revisions"}],"wp:featuredmedia":[{"embeddable":true,"href":"https:\/\/global-hookah.com\/es\/wp-json\/wp\/v2\/media\/18446"}],"wp:attachment":[{"href":"https:\/\/global-hookah.com\/es\/wp-json\/wp\/v2\/media?parent=18441"}],"wp:term":[{"taxonomy":"product_brand","embeddable":true,"href":"https:\/\/global-hookah.com\/es\/wp-json\/wp\/v2\/product_brand?post=18441"},{"taxonomy":"product_cat","embeddable":true,"href":"https:\/\/global-hookah.com\/es\/wp-json\/wp\/v2\/product_cat?post=18441"},{"taxonomy":"product_tag","embeddable":true,"href":"https:\/\/global-hookah.com\/es\/wp-json\/wp\/v2\/product_tag?post=18441"}],"curies":[{"name":"wp","href":"https:\/\/api.w.org\/{rel}","templated":true}]}}