{"id":18458,"date":"2023-12-31T08:56:57","date_gmt":"2023-12-31T08:56:57","guid":{"rendered":"https:\/\/global-hookah.com\/?post_type=product&#038;p=18458"},"modified":"2026-02-10T07:46:22","modified_gmt":"2026-02-10T07:46:22","slug":"color-no-face-silicone-bong-wholesale","status":"publish","type":"product","link":"https:\/\/global-hookah.com\/es\/producto\/color-no-face-silicone-bong-wholesale\/","title":{"rendered":"Color No Face Silicone Bong Mayorista"},"content":{"rendered":"<p>Nuestro artesano Jack hizo esto <strong>Bong de silicona sin cara<\/strong> como homenaje al famoso personaje \u201cNo-Face\u201d de la cl\u00e1sica pel\u00edcula de animaci\u00f3n de Studio Ghibli \u201cSpirited Away\u201d. El cuerpo est\u00e1 hecho de silicona negra de alta calidad y est\u00e1 cuidadosamente moldeado para parecerse a la misteriosa figura con t\u00fanica de No-Face.<\/p>\n<p>Materiales seguros, uso sin estr\u00e9s: Fabricado en silicona de calidad alimentaria sin BPA, este <strong>bong de silicona sin cara<\/strong> est\u00e1 totalmente desprovisto de BPA y otras sustancias qu\u00edmicas peligrosas, lo que garantiza la seguridad del usuario. Con su excepcional resistencia al calor, este <strong>Ghibli <a href=\"https:\/\/global-hookah.com\/product-category\/bong-wholesale\/wholesale-glass-bong\/\">bong<\/a><\/strong> puede sobrevivir a los cambios de temperatura durante el uso regular sin liberar compuestos nocivos. Un dise\u00f1o \u00fanico de \u201ccuerpo de silicona + bol de cristal\u201d garantiza la durabilidad estructural general y la resistencia a los impactos en el bol de cristal de borosilicato desmontable de 14 mm incluido. Tambi\u00e9n evita h\u00e1bilmente los posibles problemas de olor derivados del contacto directo de la silicona con la llama, garantizando un sabor puro en cada calada.<\/p>\n<p>Funcionamiento sencillo: Llene primero la cazoleta de cristal con tabaco o hierbas y, a continuaci\u00f3n, seg\u00fan sus preferencias, seleccione el modo de ahumado en agua o en seco. El llenado de agua y la limpieza son sencillos y r\u00e1pidos gracias al dise\u00f1o desmontable de la \u201cpajita\u201d superior. Una vez lleno de agua, el <a class=\"wpil_keyword_link\" href=\"https:\/\/global-hookah.com\/product-category\/wholesale-weed-pipes\/\"   title=\"tubo de vidrio\" data-wpil-keyword-link=\"linked\">tubo de vidrio<\/a> La cazoleta y la interfaz fija crean un suave efecto de filtraci\u00f3n de agua que reduce la temperatura del humo y filtra los contaminantes para una experiencia de fumado m\u00e1s c\u00f3moda y suave.<\/p>","protected":false},"excerpt":{"rendered":"<p>Nuestro artesano Jack fabric\u00f3 este Bong de Silicona Sin Cara como homenaje al famoso personaje \u201cSin Cara\u201d del cl\u00e1sico<\/p>","protected":false},"featured_media":18461,"comment_status":"open","ping_status":"closed","template":"","meta":{"iawp_total_views":16,"_joinchat":[]},"product_brand":[],"product_cat":[534],"product_tag":[],"class_list":{"0":"post-18458","1":"product","2":"type-product","3":"status-publish","4":"has-post-thumbnail","6":"product_cat-silicone-bong-wholesale","8":"first","9":"instock","10":"shipping-taxable","11":"product-type-external"},"yoast_head":"<!-- This site is optimized with the Yoast SEO Premium plugin v24.7 (Yoast SEO v26.8) - https:\/\/yoast.com\/product\/yoast-seo-premium-wordpress\/ -->\n<title>Color No Face Silicone Bong Wholesale - Global Hookah<\/title>\n<meta name=\"robots\" content=\"index, follow, max-snippet:-1, max-image-preview:large, max-video-preview:-1\" \/>\n<link rel=\"canonical\" href=\"https:\/\/global-hookah.com\/es\/producto\/color-no-face-silicone-bong-wholesale\/\" \/>\n<meta property=\"og:locale\" content=\"es_ES\" \/>\n<meta property=\"og:type\" content=\"article\" \/>\n<meta property=\"og:title\" content=\"Color No Face Silicone Bong Wholesale\" \/>\n<meta property=\"og:description\" content=\"Our craftsman Jack made this No Face Silicone Bong as a tribute to the famous character &#8220;No-Face&#8221; from the classic\" \/>\n<meta property=\"og:url\" content=\"https:\/\/global-hookah.com\/es\/producto\/color-no-face-silicone-bong-wholesale\/\" \/>\n<meta property=\"og:site_name\" content=\"Global Hookah\" \/>\n<meta property=\"article:modified_time\" content=\"2026-02-10T07:46:22+00:00\" \/>\n<meta property=\"og:image\" content=\"https:\/\/global-hookah.com\/wp-content\/uploads\/2023\/12\/\u4e3b\u56fe-02-47.jpg\" \/>\n\t<meta property=\"og:image:width\" content=\"1024\" \/>\n\t<meta property=\"og:image:height\" content=\"1024\" \/>\n\t<meta property=\"og:image:type\" content=\"image\/jpeg\" \/>\n<meta name=\"twitter:card\" content=\"summary_large_image\" \/>\n<meta name=\"twitter:label1\" content=\"Tiempo de lectura\" \/>\n\t<meta name=\"twitter:data1\" content=\"2 minutos\" \/>\n<script type=\"application\/ld+json\" class=\"yoast-schema-graph\">{\"@context\":\"https:\/\/schema.org\",\"@graph\":[{\"@type\":\"WebPage\",\"@id\":\"https:\/\/global-hookah.com\/product\/color-no-face-silicone-bong-wholesale\/\",\"url\":\"https:\/\/global-hookah.com\/product\/color-no-face-silicone-bong-wholesale\/\",\"name\":\"Color No Face Silicone Bong Wholesale - Global Hookah\",\"isPartOf\":{\"@id\":\"https:\/\/global-hookah.com\/#website\"},\"primaryImageOfPage\":{\"@id\":\"https:\/\/global-hookah.com\/product\/color-no-face-silicone-bong-wholesale\/#primaryimage\"},\"image\":{\"@id\":\"https:\/\/global-hookah.com\/product\/color-no-face-silicone-bong-wholesale\/#primaryimage\"},\"thumbnailUrl\":\"https:\/\/global-hookah.com\/wp-content\/uploads\/2023\/12\/\u4e3b\u56fe-02-47.jpg\",\"datePublished\":\"2023-12-31T08:56:57+00:00\",\"dateModified\":\"2026-02-10T07:46:22+00:00\",\"breadcrumb\":{\"@id\":\"https:\/\/global-hookah.com\/product\/color-no-face-silicone-bong-wholesale\/#breadcrumb\"},\"inLanguage\":\"es\",\"potentialAction\":[{\"@type\":\"ReadAction\",\"target\":[\"https:\/\/global-hookah.com\/product\/color-no-face-silicone-bong-wholesale\/\"]}]},{\"@type\":\"ImageObject\",\"inLanguage\":\"es\",\"@id\":\"https:\/\/global-hookah.com\/product\/color-no-face-silicone-bong-wholesale\/#primaryimage\",\"url\":\"https:\/\/global-hookah.com\/wp-content\/uploads\/2023\/12\/\u4e3b\u56fe-02-47.jpg\",\"contentUrl\":\"https:\/\/global-hookah.com\/wp-content\/uploads\/2023\/12\/\u4e3b\u56fe-02-47.jpg\",\"width\":1024,\"height\":1024,\"caption\":\"Color No Face Silicone Bong Wholesale\"},{\"@type\":\"BreadcrumbList\",\"@id\":\"https:\/\/global-hookah.com\/product\/color-no-face-silicone-bong-wholesale\/#breadcrumb\",\"itemListElement\":[{\"@type\":\"ListItem\",\"position\":1,\"name\":\"Home\",\"item\":\"https:\/\/global-hookah.com\/\"},{\"@type\":\"ListItem\",\"position\":2,\"name\":\"Shop\",\"item\":\"https:\/\/global-hookah.com\/shop\/\"},{\"@type\":\"ListItem\",\"position\":3,\"name\":\"Color No Face Silicone Bong Wholesale\"}]},{\"@type\":\"WebSite\",\"@id\":\"https:\/\/global-hookah.com\/#website\",\"url\":\"https:\/\/global-hookah.com\/\",\"name\":\"Global Hookah\",\"description\":\"Global Hookah\",\"publisher\":{\"@id\":\"https:\/\/global-hookah.com\/#organization\"},\"potentialAction\":[{\"@type\":\"SearchAction\",\"target\":{\"@type\":\"EntryPoint\",\"urlTemplate\":\"https:\/\/global-hookah.com\/?s={search_term_string}\"},\"query-input\":{\"@type\":\"PropertyValueSpecification\",\"valueRequired\":true,\"valueName\":\"search_term_string\"}}],\"inLanguage\":\"es\"},{\"@type\":\"Organization\",\"@id\":\"https:\/\/global-hookah.com\/#organization\",\"name\":\"Global Hookah\",\"url\":\"https:\/\/global-hookah.com\/\",\"logo\":{\"@type\":\"ImageObject\",\"inLanguage\":\"es\",\"@id\":\"https:\/\/global-hookah.com\/#\/schema\/logo\/image\/\",\"url\":\"https:\/\/global-hookah.com\/wp-content\/uploads\/2021\/10\/cropped-fgg.png\",\"contentUrl\":\"https:\/\/global-hookah.com\/wp-content\/uploads\/2021\/10\/cropped-fgg.png\",\"width\":512,\"height\":512,\"caption\":\"Global Hookah\"},\"image\":{\"@id\":\"https:\/\/global-hookah.com\/#\/schema\/logo\/image\/\"}}]}<\/script>\n<!-- \/ Yoast SEO Premium plugin. -->","yoast_head_json":{"title":"Color No Face Silicone Bong Wholesale - Global Hookah","robots":{"index":"index","follow":"follow","max-snippet":"max-snippet:-1","max-image-preview":"max-image-preview:large","max-video-preview":"max-video-preview:-1"},"canonical":"https:\/\/global-hookah.com\/es\/producto\/color-no-face-silicone-bong-wholesale\/","og_locale":"es_ES","og_type":"article","og_title":"Color No Face Silicone Bong Wholesale","og_description":"Our craftsman Jack made this No Face Silicone Bong as a tribute to the famous character &#8220;No-Face&#8221; from the classic","og_url":"https:\/\/global-hookah.com\/es\/producto\/color-no-face-silicone-bong-wholesale\/","og_site_name":"Global Hookah","article_modified_time":"2026-02-10T07:46:22+00:00","og_image":[{"width":1024,"height":1024,"url":"https:\/\/global-hookah.com\/wp-content\/uploads\/2023\/12\/\u4e3b\u56fe-02-47.jpg","type":"image\/jpeg"}],"twitter_card":"summary_large_image","twitter_misc":{"Tiempo de lectura":"2 minutos"},"schema":{"@context":"https:\/\/schema.org","@graph":[{"@type":"WebPage","@id":"https:\/\/global-hookah.com\/product\/color-no-face-silicone-bong-wholesale\/","url":"https:\/\/global-hookah.com\/product\/color-no-face-silicone-bong-wholesale\/","name":"Color No Face Silicone Bong Wholesale - Global Hookah","isPartOf":{"@id":"https:\/\/global-hookah.com\/#website"},"primaryImageOfPage":{"@id":"https:\/\/global-hookah.com\/product\/color-no-face-silicone-bong-wholesale\/#primaryimage"},"image":{"@id":"https:\/\/global-hookah.com\/product\/color-no-face-silicone-bong-wholesale\/#primaryimage"},"thumbnailUrl":"https:\/\/global-hookah.com\/wp-content\/uploads\/2023\/12\/\u4e3b\u56fe-02-47.jpg","datePublished":"2023-12-31T08:56:57+00:00","dateModified":"2026-02-10T07:46:22+00:00","breadcrumb":{"@id":"https:\/\/global-hookah.com\/product\/color-no-face-silicone-bong-wholesale\/#breadcrumb"},"inLanguage":"es","potentialAction":[{"@type":"ReadAction","target":["https:\/\/global-hookah.com\/product\/color-no-face-silicone-bong-wholesale\/"]}]},{"@type":"ImageObject","inLanguage":"es","@id":"https:\/\/global-hookah.com\/product\/color-no-face-silicone-bong-wholesale\/#primaryimage","url":"https:\/\/global-hookah.com\/wp-content\/uploads\/2023\/12\/\u4e3b\u56fe-02-47.jpg","contentUrl":"https:\/\/global-hookah.com\/wp-content\/uploads\/2023\/12\/\u4e3b\u56fe-02-47.jpg","width":1024,"height":1024,"caption":"Color No Face Silicone Bong Wholesale"},{"@type":"BreadcrumbList","@id":"https:\/\/global-hookah.com\/product\/color-no-face-silicone-bong-wholesale\/#breadcrumb","itemListElement":[{"@type":"ListItem","position":1,"name":"Home","item":"https:\/\/global-hookah.com\/"},{"@type":"ListItem","position":2,"name":"Shop","item":"https:\/\/global-hookah.com\/shop\/"},{"@type":"ListItem","position":3,"name":"Color No Face Silicone Bong Wholesale"}]},{"@type":"WebSite","@id":"https:\/\/global-hookah.com\/#website","url":"https:\/\/global-hookah.com\/","name":"Global Hookah","description":"Global Hookah","publisher":{"@id":"https:\/\/global-hookah.com\/#organization"},"potentialAction":[{"@type":"SearchAction","target":{"@type":"EntryPoint","urlTemplate":"https:\/\/global-hookah.com\/?s={search_term_string}"},"query-input":{"@type":"PropertyValueSpecification","valueRequired":true,"valueName":"search_term_string"}}],"inLanguage":"es"},{"@type":"Organization","@id":"https:\/\/global-hookah.com\/#organization","name":"Global Hookah","url":"https:\/\/global-hookah.com\/","logo":{"@type":"ImageObject","inLanguage":"es","@id":"https:\/\/global-hookah.com\/#\/schema\/logo\/image\/","url":"https:\/\/global-hookah.com\/wp-content\/uploads\/2021\/10\/cropped-fgg.png","contentUrl":"https:\/\/global-hookah.com\/wp-content\/uploads\/2021\/10\/cropped-fgg.png","width":512,"height":512,"caption":"Global Hookah"},"image":{"@id":"https:\/\/global-hookah.com\/#\/schema\/logo\/image\/"}}]}},"_links":{"self":[{"href":"https:\/\/global-hookah.com\/es\/wp-json\/wp\/v2\/product\/18458","targetHints":{"allow":["GET"]}}],"collection":[{"href":"https:\/\/global-hookah.com\/es\/wp-json\/wp\/v2\/product"}],"about":[{"href":"https:\/\/global-hookah.com\/es\/wp-json\/wp\/v2\/types\/product"}],"replies":[{"embeddable":true,"href":"https:\/\/global-hookah.com\/es\/wp-json\/wp\/v2\/comments?post=18458"}],"version-history":[{"count":2,"href":"https:\/\/global-hookah.com\/es\/wp-json\/wp\/v2\/product\/18458\/revisions"}],"predecessor-version":[{"id":33125,"href":"https:\/\/global-hookah.com\/es\/wp-json\/wp\/v2\/product\/18458\/revisions\/33125"}],"wp:featuredmedia":[{"embeddable":true,"href":"https:\/\/global-hookah.com\/es\/wp-json\/wp\/v2\/media\/18461"}],"wp:attachment":[{"href":"https:\/\/global-hookah.com\/es\/wp-json\/wp\/v2\/media?parent=18458"}],"wp:term":[{"taxonomy":"product_brand","embeddable":true,"href":"https:\/\/global-hookah.com\/es\/wp-json\/wp\/v2\/product_brand?post=18458"},{"taxonomy":"product_cat","embeddable":true,"href":"https:\/\/global-hookah.com\/es\/wp-json\/wp\/v2\/product_cat?post=18458"},{"taxonomy":"product_tag","embeddable":true,"href":"https:\/\/global-hookah.com\/es\/wp-json\/wp\/v2\/product_tag?post=18458"}],"curies":[{"name":"wp","href":"https:\/\/api.w.org\/{rel}","templated":true}]}}