{"id":18725,"date":"2024-01-10T06:40:35","date_gmt":"2024-01-10T06:40:35","guid":{"rendered":"https:\/\/global-hookah.com\/product\/360-rotating-gravity-pineapple-hookah-wholesale\/"},"modified":"2024-06-25T05:42:46","modified_gmt":"2024-06-25T05:42:46","slug":"360-rotating-gravity-pineapple-hookah-wholesale","status":"publish","type":"product","link":"https:\/\/global-hookah.com\/es\/producto\/360-rotating-gravity-pineapple-hookah-wholesale\/","title":{"rendered":"Hookah de pi\u00f1a de gravedad giratoria 360 al por mayor"},"content":{"rendered":"<div class=\"product-specs-list-container\">\n<ul class=\"product-specs-list util-clearfix\">\n<li class=\"product-prop line-limit-length\"><span\n\t\t\t\t\t\t\t\t\tclass=\"property-title\">N\u00famero de modelo:&nbsp;<\/span><span\n\t\t\t\t\t\t\t\t\tclass=\"property-desc line-limit-length\">Gravity Hookah<\/span>\n\t\t\t\t\t\t<\/li>\n<li class=\"product-prop line-limit-length\"><span\n\t\t\t\t\t\t\t\t\tclass=\"property-title\">Forma:&nbsp;<\/span><span\n\t\t\t\t\t\t\t\t\tclass=\"property-desc line-limit-length\">Tipo recto<\/span>\n\t\t\t\t\t\t<\/li>\n<li class=\"product-prop line-limit-length\"><span\n\t\t\t\t\t\t\t\t\tclass=\"property-title\">T\u00e9cnica:&nbsp;<\/span><span\n\t\t\t\t\t\t\t\t\tclass=\"property-desc line-limit-length\">Escarchado<\/span>\n\t\t\t\t\t\t<\/li>\n<li class=\"product-prop line-limit-length\"><span\n\t\t\t\t\t\t\t\t\tclass=\"property-title\">Material:&nbsp;<\/span><span\n\t\t\t\t\t\t\t\t\tclass=\"property-desc line-limit-length\">vidrio<\/span>\n\t\t\t\t\t\t<\/li>\n<li class=\"product-prop line-limit-length\"><span\n\t\t\t\t\t\t\t\t\tclass=\"property-title\">Origen:&nbsp;<\/span><span\n\t\t\t\t\t\t\t\t\tclass=\"property-desc line-limit-length\">China continental<\/span>\n\t\t\t\t\t\t<\/li>\n<\/ul><\/div>\n<p><img fetchpriority=\"high\" decoding=\"async\" width=\"931\" height=\"1541\" src=\"https:\/\/ae01.alicdn.com\/kf\/S41aa36e6b0534252904e5cac7be2f109b.jpg\" slate-data-type=\"image\"\/><img decoding=\"async\" src=\"https:\/\/ae01.alicdn.com\/kf\/Sdb5d138a81a04175b183e3ba3b66c3d34.jpg\" slate-data-type=\"image\"\/><img decoding=\"async\" src=\"https:\/\/ae01.alicdn.com\/kf\/S4a39db8c0ff74ad181bb686175f2cfdeM.jpg\" slate-data-type=\"image\"\/><img decoding=\"async\" src=\"https:\/\/ae01.alicdn.com\/kf\/Scea4c830d69240c1894666d514013c8aR.jpg\" slate-data-type=\"image\"\/><img decoding=\"async\" width=\"932\" height=\"969\" src=\"https:\/\/ae01.alicdn.com\/kf\/S366a9457d51d450c92cc562a4bdc6d85B.jpg\" slate-data-type=\"image\"\/><span style=\"background-color:rgb(255, 255, 255);color:rgb(51, 51, 51);font-size:16px;font-family:OpenSans, &quot;Helvetica Neue&quot;, Helvetica, Tahoma, Arial, &quot;PingFang SC&quot;, &quot;Microsoft YaHei&quot;\"><strong>1. \u00bfqui\u00e9nes somos?<br \/>Estamos ubicados en Jiangsu, China, a partir de 2012, vendemos a Am\u00e9rica del Norte (20.00%), Am\u00e9rica del Sur (20.00%), Am\u00e9rica del Este (20.00%).<br \/>Europa(20,00%),Sudeste Asi\u00e1tico(10,00%),Europa Occidental(10,00%),\u00c1frica(5,00%),Oriente Medio(5,00%),Europa Septentrional(5,00%),Europa Meridional<br \/>Europa(5.00%). Hay un total de alrededor de 11-50 personas en nuestra office.Around 3000 personas en nuestra f\u00e1brica.<\/p>\n<p>2. \u00bfc\u00f3mo podemos garantizar la calidad?<br \/>Siempre una muestra de preproducci\u00f3n antes de la producci\u00f3n en serie;<br \/>Siempre Inspecci\u00f3n final antes del env\u00edo;<\/p>\n<p>3.\u00bfqu\u00e9 puede comprarnos?<br \/>F\u00e1brica de encargo de la gravedad-hookah perfeccionado Shisha Juego completo de 5 partes Hookah pipa de la gravedad de vidrio giratorio 360 Gravity Hookah.<\/p>\n<p>4. \u00bfpor qu\u00e9 comprarnos a nosotros y no a otros proveedores?<br \/>Poseer recursos internos y externos y caracter\u00edsticas t\u00e9cnicas. Capaz de cultivar, construir, acumular, asignar y proteger.<br \/>Gesti\u00f3n normalizada de las empresas. Influencia de la marca, tiene una amplia gama de influencia, buena reputaci\u00f3n.<\/p>\n<p>5. \u00bfqu\u00e9 servicios podemos prestar?<br \/>Condiciones de entrega aceptadas: FOB,CFR,CIF,EXW,FCA,DDP,DDU,Entrega urgente\uff1b<br \/>Divisa de pago aceptada: USD, EUR, JPY, CAD, HKD, GBP, CNY, CHF;<br \/>Tipo de pago aceptado: T\/T,L\/C,D\/P D\/A,MoneyGram,Tarjeta de cr\u00e9dito,PayPal,Western Union,Efectivo,Escrow;<br \/>Idioma que habla:Ingl\u00e9s,Chino,Espa\u00f1ol,Japon\u00e9s,Portugu\u00e9s,Alem\u00e1n,\u00c1rabe,Franc\u00e9s,Ruso,Coreano,Hindi,Italiano<\/strong><\/span><\/p>\n<p><img decoding=\"async\" width=\"919\" height=\"564\" src=\"https:\/\/ae01.alicdn.com\/kf\/S998cb8d64d50467b9fb53502ae44874fg.jpg\" slate-data-type=\"image\"\/><img loading=\"lazy\" decoding=\"async\" width=\"920\" height=\"920\" src=\"https:\/\/ae01.alicdn.com\/kf\/Sdb5edb66ba0449b596893f7f1690a133K.jpg\" slate-data-type=\"image\"\/><\/p>","protected":false},"excerpt":{"rendered":"<p>N\u00famero de modelo: Gravity Hookah Forma: Tipo recto T\u00e9cnicas: Esmerilado Material: vidrio Origen: China continental 1. \u00bfQui\u00e9nes somos? se basan en Jiangsu, China, a partir de<\/p>","protected":false},"featured_media":18726,"comment_status":"open","ping_status":"closed","template":"","meta":{"iawp_total_views":60,"_joinchat":[]},"product_brand":[],"product_cat":[920,119],"product_tag":[],"class_list":{"0":"post-18725","1":"product","2":"type-product","3":"status-publish","4":"has-post-thumbnail","6":"product_cat-gravity-hookah-wholesale","7":"product_cat-wholesale-hookah","9":"first","10":"instock","11":"shipping-taxable","12":"purchasable","13":"product-type-variable"},"yoast_head":"<!-- This site is optimized with the Yoast SEO Premium plugin v24.7 (Yoast SEO v26.8) - https:\/\/yoast.com\/product\/yoast-seo-premium-wordpress\/ -->\n<title>360 Rotating Gravity Pineapple Hookah Wholesale - Global Hookah<\/title>\n<meta name=\"robots\" content=\"index, follow, max-snippet:-1, max-image-preview:large, max-video-preview:-1\" \/>\n<link rel=\"canonical\" href=\"https:\/\/global-hookah.com\/es\/producto\/360-rotating-gravity-pineapple-hookah-wholesale\/\" \/>\n<meta property=\"og:locale\" content=\"es_ES\" \/>\n<meta property=\"og:type\" content=\"article\" \/>\n<meta property=\"og:title\" content=\"360 Rotating Gravity Pineapple Hookah Wholesale\" \/>\n<meta property=\"og:description\" content=\"Model Number:&nbsp;Gravity Hookah Shape:&nbsp;Straight Type Technics:&nbsp;Frosted Material:&nbsp;glass Origin:&nbsp;Mainland China 1. who are we?We are based in Jiangsu, China, start from\" \/>\n<meta property=\"og:url\" content=\"https:\/\/global-hookah.com\/es\/producto\/360-rotating-gravity-pineapple-hookah-wholesale\/\" \/>\n<meta property=\"og:site_name\" content=\"Global Hookah\" \/>\n<meta property=\"article:modified_time\" content=\"2024-06-25T05:42:46+00:00\" \/>\n<meta property=\"og:image\" content=\"https:\/\/global-hookah.com\/wp-content\/uploads\/2024\/01\/Custom-logo-creative-globel-glass-single-tube-pipe-360-rotating-gravity-pineapple-hookah.webp\" \/>\n\t<meta property=\"og:image:width\" content=\"1920\" \/>\n\t<meta property=\"og:image:height\" content=\"1920\" \/>\n\t<meta property=\"og:image:type\" content=\"image\/webp\" \/>\n<meta name=\"twitter:card\" content=\"summary_large_image\" \/>\n<meta name=\"twitter:label1\" content=\"Tiempo de lectura\" \/>\n\t<meta name=\"twitter:data1\" content=\"1 minuto\" \/>\n<script type=\"application\/ld+json\" class=\"yoast-schema-graph\">{\"@context\":\"https:\/\/schema.org\",\"@graph\":[{\"@type\":\"WebPage\",\"@id\":\"https:\/\/global-hookah.com\/product\/360-rotating-gravity-pineapple-hookah-wholesale\/\",\"url\":\"https:\/\/global-hookah.com\/product\/360-rotating-gravity-pineapple-hookah-wholesale\/\",\"name\":\"360 Rotating Gravity Pineapple Hookah Wholesale - Global Hookah\",\"isPartOf\":{\"@id\":\"https:\/\/global-hookah.com\/#website\"},\"primaryImageOfPage\":{\"@id\":\"https:\/\/global-hookah.com\/product\/360-rotating-gravity-pineapple-hookah-wholesale\/#primaryimage\"},\"image\":{\"@id\":\"https:\/\/global-hookah.com\/product\/360-rotating-gravity-pineapple-hookah-wholesale\/#primaryimage\"},\"thumbnailUrl\":\"https:\/\/global-hookah.com\/wp-content\/uploads\/2024\/01\/Custom-logo-creative-globel-glass-single-tube-pipe-360-rotating-gravity-pineapple-hookah.webp\",\"datePublished\":\"2024-01-10T06:40:35+00:00\",\"dateModified\":\"2024-06-25T05:42:46+00:00\",\"breadcrumb\":{\"@id\":\"https:\/\/global-hookah.com\/product\/360-rotating-gravity-pineapple-hookah-wholesale\/#breadcrumb\"},\"inLanguage\":\"es\",\"potentialAction\":[{\"@type\":\"ReadAction\",\"target\":[\"https:\/\/global-hookah.com\/product\/360-rotating-gravity-pineapple-hookah-wholesale\/\"]}]},{\"@type\":\"ImageObject\",\"inLanguage\":\"es\",\"@id\":\"https:\/\/global-hookah.com\/product\/360-rotating-gravity-pineapple-hookah-wholesale\/#primaryimage\",\"url\":\"https:\/\/global-hookah.com\/wp-content\/uploads\/2024\/01\/Custom-logo-creative-globel-glass-single-tube-pipe-360-rotating-gravity-pineapple-hookah.webp\",\"contentUrl\":\"https:\/\/global-hookah.com\/wp-content\/uploads\/2024\/01\/Custom-logo-creative-globel-glass-single-tube-pipe-360-rotating-gravity-pineapple-hookah.webp\",\"width\":1920,\"height\":1920},{\"@type\":\"BreadcrumbList\",\"@id\":\"https:\/\/global-hookah.com\/product\/360-rotating-gravity-pineapple-hookah-wholesale\/#breadcrumb\",\"itemListElement\":[{\"@type\":\"ListItem\",\"position\":1,\"name\":\"Home\",\"item\":\"https:\/\/global-hookah.com\/\"},{\"@type\":\"ListItem\",\"position\":2,\"name\":\"Shop\",\"item\":\"https:\/\/global-hookah.com\/shop\/\"},{\"@type\":\"ListItem\",\"position\":3,\"name\":\"360 Rotating Gravity Pineapple Hookah Wholesale\"}]},{\"@type\":\"WebSite\",\"@id\":\"https:\/\/global-hookah.com\/#website\",\"url\":\"https:\/\/global-hookah.com\/\",\"name\":\"Global Hookah\",\"description\":\"Global Hookah\",\"publisher\":{\"@id\":\"https:\/\/global-hookah.com\/#organization\"},\"potentialAction\":[{\"@type\":\"SearchAction\",\"target\":{\"@type\":\"EntryPoint\",\"urlTemplate\":\"https:\/\/global-hookah.com\/?s={search_term_string}\"},\"query-input\":{\"@type\":\"PropertyValueSpecification\",\"valueRequired\":true,\"valueName\":\"search_term_string\"}}],\"inLanguage\":\"es\"},{\"@type\":\"Organization\",\"@id\":\"https:\/\/global-hookah.com\/#organization\",\"name\":\"Global Hookah\",\"url\":\"https:\/\/global-hookah.com\/\",\"logo\":{\"@type\":\"ImageObject\",\"inLanguage\":\"es\",\"@id\":\"https:\/\/global-hookah.com\/#\/schema\/logo\/image\/\",\"url\":\"https:\/\/global-hookah.com\/wp-content\/uploads\/2021\/10\/cropped-fgg.png\",\"contentUrl\":\"https:\/\/global-hookah.com\/wp-content\/uploads\/2021\/10\/cropped-fgg.png\",\"width\":512,\"height\":512,\"caption\":\"Global Hookah\"},\"image\":{\"@id\":\"https:\/\/global-hookah.com\/#\/schema\/logo\/image\/\"}}]}<\/script>\n<!-- \/ Yoast SEO Premium plugin. -->","yoast_head_json":{"title":"Hookah de pi\u00f1a de gravedad giratoria 360 al por mayor - Global Hookah","robots":{"index":"index","follow":"follow","max-snippet":"max-snippet:-1","max-image-preview":"max-image-preview:large","max-video-preview":"max-video-preview:-1"},"canonical":"https:\/\/global-hookah.com\/es\/producto\/360-rotating-gravity-pineapple-hookah-wholesale\/","og_locale":"es_ES","og_type":"article","og_title":"360 Rotating Gravity Pineapple Hookah Wholesale","og_description":"Model Number:&nbsp;Gravity Hookah Shape:&nbsp;Straight Type Technics:&nbsp;Frosted Material:&nbsp;glass Origin:&nbsp;Mainland China 1. who are we?We are based in Jiangsu, China, start from","og_url":"https:\/\/global-hookah.com\/es\/producto\/360-rotating-gravity-pineapple-hookah-wholesale\/","og_site_name":"Global Hookah","article_modified_time":"2024-06-25T05:42:46+00:00","og_image":[{"width":1920,"height":1920,"url":"https:\/\/global-hookah.com\/wp-content\/uploads\/2024\/01\/Custom-logo-creative-globel-glass-single-tube-pipe-360-rotating-gravity-pineapple-hookah.webp","type":"image\/webp"}],"twitter_card":"summary_large_image","twitter_misc":{"Tiempo de lectura":"1 minuto"},"schema":{"@context":"https:\/\/schema.org","@graph":[{"@type":"WebPage","@id":"https:\/\/global-hookah.com\/product\/360-rotating-gravity-pineapple-hookah-wholesale\/","url":"https:\/\/global-hookah.com\/product\/360-rotating-gravity-pineapple-hookah-wholesale\/","name":"Hookah de pi\u00f1a de gravedad giratoria 360 al por mayor - Global Hookah","isPartOf":{"@id":"https:\/\/global-hookah.com\/#website"},"primaryImageOfPage":{"@id":"https:\/\/global-hookah.com\/product\/360-rotating-gravity-pineapple-hookah-wholesale\/#primaryimage"},"image":{"@id":"https:\/\/global-hookah.com\/product\/360-rotating-gravity-pineapple-hookah-wholesale\/#primaryimage"},"thumbnailUrl":"https:\/\/global-hookah.com\/wp-content\/uploads\/2024\/01\/Custom-logo-creative-globel-glass-single-tube-pipe-360-rotating-gravity-pineapple-hookah.webp","datePublished":"2024-01-10T06:40:35+00:00","dateModified":"2024-06-25T05:42:46+00:00","breadcrumb":{"@id":"https:\/\/global-hookah.com\/product\/360-rotating-gravity-pineapple-hookah-wholesale\/#breadcrumb"},"inLanguage":"es","potentialAction":[{"@type":"ReadAction","target":["https:\/\/global-hookah.com\/product\/360-rotating-gravity-pineapple-hookah-wholesale\/"]}]},{"@type":"ImageObject","inLanguage":"es","@id":"https:\/\/global-hookah.com\/product\/360-rotating-gravity-pineapple-hookah-wholesale\/#primaryimage","url":"https:\/\/global-hookah.com\/wp-content\/uploads\/2024\/01\/Custom-logo-creative-globel-glass-single-tube-pipe-360-rotating-gravity-pineapple-hookah.webp","contentUrl":"https:\/\/global-hookah.com\/wp-content\/uploads\/2024\/01\/Custom-logo-creative-globel-glass-single-tube-pipe-360-rotating-gravity-pineapple-hookah.webp","width":1920,"height":1920},{"@type":"BreadcrumbList","@id":"https:\/\/global-hookah.com\/product\/360-rotating-gravity-pineapple-hookah-wholesale\/#breadcrumb","itemListElement":[{"@type":"ListItem","position":1,"name":"Home","item":"https:\/\/global-hookah.com\/"},{"@type":"ListItem","position":2,"name":"Shop","item":"https:\/\/global-hookah.com\/shop\/"},{"@type":"ListItem","position":3,"name":"360 Rotating Gravity Pineapple Hookah Wholesale"}]},{"@type":"WebSite","@id":"https:\/\/global-hookah.com\/#website","url":"https:\/\/global-hookah.com\/","name":"Global Hookah","description":"Global Hookah","publisher":{"@id":"https:\/\/global-hookah.com\/#organization"},"potentialAction":[{"@type":"SearchAction","target":{"@type":"EntryPoint","urlTemplate":"https:\/\/global-hookah.com\/?s={search_term_string}"},"query-input":{"@type":"PropertyValueSpecification","valueRequired":true,"valueName":"search_term_string"}}],"inLanguage":"es"},{"@type":"Organization","@id":"https:\/\/global-hookah.com\/#organization","name":"Global Hookah","url":"https:\/\/global-hookah.com\/","logo":{"@type":"ImageObject","inLanguage":"es","@id":"https:\/\/global-hookah.com\/#\/schema\/logo\/image\/","url":"https:\/\/global-hookah.com\/wp-content\/uploads\/2021\/10\/cropped-fgg.png","contentUrl":"https:\/\/global-hookah.com\/wp-content\/uploads\/2021\/10\/cropped-fgg.png","width":512,"height":512,"caption":"Global Hookah"},"image":{"@id":"https:\/\/global-hookah.com\/#\/schema\/logo\/image\/"}}]}},"_links":{"self":[{"href":"https:\/\/global-hookah.com\/es\/wp-json\/wp\/v2\/product\/18725","targetHints":{"allow":["GET"]}}],"collection":[{"href":"https:\/\/global-hookah.com\/es\/wp-json\/wp\/v2\/product"}],"about":[{"href":"https:\/\/global-hookah.com\/es\/wp-json\/wp\/v2\/types\/product"}],"replies":[{"embeddable":true,"href":"https:\/\/global-hookah.com\/es\/wp-json\/wp\/v2\/comments?post=18725"}],"version-history":[{"count":0,"href":"https:\/\/global-hookah.com\/es\/wp-json\/wp\/v2\/product\/18725\/revisions"}],"wp:featuredmedia":[{"embeddable":true,"href":"https:\/\/global-hookah.com\/es\/wp-json\/wp\/v2\/media\/18726"}],"wp:attachment":[{"href":"https:\/\/global-hookah.com\/es\/wp-json\/wp\/v2\/media?parent=18725"}],"wp:term":[{"taxonomy":"product_brand","embeddable":true,"href":"https:\/\/global-hookah.com\/es\/wp-json\/wp\/v2\/product_brand?post=18725"},{"taxonomy":"product_cat","embeddable":true,"href":"https:\/\/global-hookah.com\/es\/wp-json\/wp\/v2\/product_cat?post=18725"},{"taxonomy":"product_tag","embeddable":true,"href":"https:\/\/global-hookah.com\/es\/wp-json\/wp\/v2\/product_tag?post=18725"}],"curies":[{"name":"wp","href":"https:\/\/api.w.org\/{rel}","templated":true}]}}