{"id":18794,"date":"2024-01-10T07:33:54","date_gmt":"2024-01-10T07:33:54","guid":{"rendered":"https:\/\/global-hookah.com\/product\/gandalf-churchwarden-pipe\/"},"modified":"2024-01-10T07:33:56","modified_gmt":"2024-01-10T07:33:56","slug":"gandalf-churchwarden-pipe","status":"publish","type":"product","link":"https:\/\/global-hookah.com\/es\/producto\/gandalf-churchwarden-pipe\/","title":{"rendered":"Gandalf Capell\u00e1n Pipa"},"content":{"rendered":"<div class=\"product-specs-list-container\">\n<ul class=\"product-specs-list util-clearfix\">\n<li class=\"product-prop line-limit-length\"><span\n\t\t\t\t\t\t\t\t\tclass=\"property-title\">Forma:&nbsp;<\/span><span\n\t\t\t\t\t\t\t\t\tclass=\"property-desc line-limit-length\">Tipo doblado<\/span>\n\t\t\t\t\t\t<\/li>\n<li class=\"product-prop line-limit-length\"><span\n\t\t\t\t\t\t\t\t\tclass=\"property-title\">N\u00famero de modelo:&nbsp;<\/span><span\n\t\t\t\t\t\t\t\t\tclass=\"property-desc line-limit-length\">\"aa00447h1t5z\/ aa00447q1t5z\/ aa00447y1t5z\"<\/span>\n\t\t\t\t\t\t<\/li>\n<li class=\"product-prop line-limit-length\"><span\n\t\t\t\t\t\t\t\t\tclass=\"property-title\">Material:&nbsp;<\/span><span\n\t\t\t\t\t\t\t\t\tclass=\"property-desc line-limit-length\">Madera<\/span>\n\t\t\t\t\t\t<\/li>\n<li class=\"product-prop line-limit-length\"><span\n\t\t\t\t\t\t\t\t\tclass=\"property-title\">Marca:&nbsp;<\/span><span\n\t\t\t\t\t\t\t\t\tclass=\"property-desc line-limit-length\">MUXIANG<\/span>\n\t\t\t\t\t\t<\/li>\n<li class=\"product-prop line-limit-length\"><span\n\t\t\t\t\t\t\t\t\tclass=\"property-title\">Origen:&nbsp;<\/span><span\n\t\t\t\t\t\t\t\t\tclass=\"property-desc line-limit-length\">China continental<\/span>\n\t\t\t\t\t\t<\/li>\n<li class=\"product-prop line-limit-length\"><span\n\t\t\t\t\t\t\t\t\tclass=\"property-title\">Es personalizado:&nbsp;<\/span><span\n\t\t\t\t\t\t\t\t\tclass=\"property-desc line-limit-length\">S\u00ed<\/span>\n\t\t\t\t\t\t<\/li>\n<li class=\"product-prop line-limit-length\"><span\n\t\t\t\t\t\t\t\t\tclass=\"property-title\">Lugar de origen:&nbsp;<\/span><span\n\t\t\t\t\t\t\t\t\tclass=\"property-desc line-limit-length\">Zhejiang, China (continental)<\/span>\n\t\t\t\t\t\t<\/li>\n<li class=\"product-prop line-limit-length\"><span\n\t\t\t\t\t\t\t\t\tclass=\"property-title\">Gastos de env\u00edo:&nbsp;<\/span><span\n\t\t\t\t\t\t\t\t\tclass=\"property-desc line-limit-length\">Env\u00edo gratuito por correo a\u00e9reo de China Post o correo a\u00e9reo de HK Post<\/span>\n\t\t\t\t\t\t<\/li>\n<li class=\"product-prop line-limit-length\"><span\n\t\t\t\t\t\t\t\t\tclass=\"property-title\">Palabras clave:&nbsp;<\/span><span\n\t\t\t\t\t\t\t\t\tclass=\"property-desc line-limit-length\">Pipa de tabaco larga<\/span>\n\t\t\t\t\t\t<\/li>\n<li class=\"product-prop line-limit-length\"><span\n\t\t\t\t\t\t\t\t\tclass=\"property-title\">Palabras clave:&nbsp;<\/span><span\n\t\t\t\t\t\t\t\t\tclass=\"property-desc line-limit-length\">Tubo de lectura<\/span>\n\t\t\t\t\t\t<\/li>\n<\/ul><\/div>\n<p>Personalizaci\u00f3n a mano, \u00fanico, p\u00f3ngase en contacto con el servicio al cliente para las fotos antes del env\u00edo<\/p>\n<\/p>\n<p>\u3010Pipa de fumar de madera de brezo de alta calidad\u3011<\/p>\n<p><\/p>\n<p>\u25cf Hecho a mano por la parte superior italiana - Grado Briarwood<\/p>\n<p>\u25cf Dise\u00f1o de tipo doblado<\/p>\n<p>\u25cf M\u00e9todo de env\u00edo r\u00e1pido<\/p>\n<\/p>\n<p>\u3010Informaci\u00f3n del producto\u3011<\/p>\n<p><\/p>\n<p>-[ Material-Tubo de madera de brezo ]<\/p>\n<p>\u25cf CUERPO DE LA TUBER\u00cdA:100% Briarwood<\/p>\n<p>\u25cf MATERIAL DE LA BOCA:Materiales acr\u00edlicos de grado alimentario de alta calidad.<\/p>\n<p><\/p>\n<p>-[ COLOR ]:Como muestra la imagen.<\/p>\n<p>\u25cf\u00a1Puede haber algunas diferencias entre el color real y la imagen debido a la diferente iluminaci\u00f3n de disparo y el proceso de producci\u00f3n!!!<\/p>\n<\/p>\n<p>\u3010Detalles del producto\u3011<\/p>\n<p><\/p>\n<p>\u3010Preset Carbon Layer\u3011<\/p>\n<p><\/p>\n<p>La capa de carbono negro en el interior del tubo es la capa de carbono preestablecido, que desempe\u00f1a el papel de retardante de llama, aislamiento t\u00e9rmico y protecci\u00f3n de tuber\u00edas.<\/p>\n<p><\/p>\n<p>\u3010 Boquilla de acr\u00edlico\u3011<\/p>\n<p><\/p>\n<p>Material de calidad alimentaria, seguro y protegido, m\u00e1s c\u00f3modo de llevar<\/p>\n<p><\/p>\n<p>Apto para filtros activos.<\/p>\n<p><\/p>\n<p>Nota: Est\u00e1 hecho a mano,<\/p>\n<p>el producto tendr\u00e1 diferencias de color seg\u00fan el color de la materia prima,<\/p>\n<p>no disparar, hay un error de 1-2 cm en la medici\u00f3n manual del tama\u00f1o del producto<\/p>\n<\/p>\n<p>La zarza es un bosque, un \u00e1rbol de paredes rocosas que crece en el Mediterr\u00e1neo, y sus n\u00f3dulos radiculares perennes son los m\u00e1s adecuados para las tuber\u00edas.<\/p>\n<p>Este tipo de material de ra\u00edz es una madera bastante dura, y la propia madera de brezo tiene la funci\u00f3n de absorber agua,<\/p>\n<p>que puede absorber completamente el agua del tabaco sin afectar a su sabor.<\/p>\n<p>Desde 1850, la madera de brezo se ha convertido en el material m\u00e1s popular para fabricar pipas,<\/p>\n<p>porque es bello y duradero, tiene hermosas vetas de madera, resistencia al calor y absorci\u00f3n de agua. Tras a\u00f1os de pr\u00e1ctica y exploraci\u00f3n,<\/p>\n<p>se ha convertido en la madera con mejores efectos para fabricar pipas. La gran mayor\u00eda del brezo que se utiliza hoy en d\u00eda para fabricar pipas procede de Italia,<\/p>\n<p>Francia, Grecia, C\u00f3rcega y Espa\u00f1a.<\/p>\n<p>En su d\u00eda se rumore\u00f3 que Albania y Argelia eran otras fuentes de brezo, pero la situaci\u00f3n internacional actual hace inviable el cultivo de brezo en estas zonas,<\/p>\n<p>ya que los peligros est\u00e1n en todas partes.<\/p>\n<p>Briar tiene un solo origen, el \u00e1rbol robusto, cient\u00edficamente hablando, un arbusto delgado, 15-25 pies de altura, por lo general se encuentran en la escarpada, rocosa,<\/p>\n<p>costas cubiertas de maleza del Mediterr\u00e1neo. No es una especie en peligro de extinci\u00f3n. Sin embargo, no es el \u00e1rbol en s\u00ed el que se utiliza para fabricar pipas,<\/p>\n<p>pero los n\u00f3dulos radiculares m\u00e1s duros del \u00e1rbol se secan y se cortan en perfiles o bloques para fabricar una pipa.<\/p>\n<p>Muchas pipas personalizadas de gama alta se tallan en brezo corso, que tiene el grano fino del brezo griego pero es menos denso. actualDe hecho,<\/p>\n<p>durante la guerra de los a\u00f1os 40, cuando era dif\u00edcil conseguir brezo,<\/p>\n<p>El nanmu corso se utilizaba para las pipas al mismo tiempo que el argelino, ya que eran muy similares en muchos aspectos del material,<\/p>\n<p>especialmente en t\u00e9rminos de densidad y grano.<img decoding=\"async\" src=\"https:\/\/ae01.alicdn.com\/kf\/Sfda4ec8eda5a4d50826f80a46b791b67T.jpg\" slate-data-type=\"image\"\/><img decoding=\"async\" src=\"https:\/\/ae01.alicdn.com\/kf\/S68daacca203941cc89eb72a73f0aed34A.jpg\" slate-data-type=\"image\"\/><img decoding=\"async\" src=\"https:\/\/ae01.alicdn.com\/kf\/S114f5737ee49449a9d5f38b99d7601baf.jpg\" slate-data-type=\"image\"\/><img decoding=\"async\" src=\"https:\/\/ae01.alicdn.com\/kf\/Sa616ab1015f04de28174a93c8f37d063r.jpg\" slate-data-type=\"image\"\/><img decoding=\"async\" src=\"https:\/\/ae01.alicdn.com\/kf\/S16bb70536ad94bfb924d1c4da8fcb7efw.jpg\" slate-data-type=\"image\"\/><img decoding=\"async\" src=\"https:\/\/ae01.alicdn.com\/kf\/S9f849375d41c484d98861d5932143014J.jpg\" slate-data-type=\"image\"\/><img decoding=\"async\" src=\"https:\/\/ae01.alicdn.com\/kf\/S27eaefe11b724ae2b39315e73df8d538g.jpg\" slate-data-type=\"image\"\/><img decoding=\"async\" src=\"https:\/\/ae01.alicdn.com\/kf\/S101f4faa8750425482f47eb59324e7abM.jpg\" slate-data-type=\"image\"\/><img decoding=\"async\" src=\"https:\/\/ae01.alicdn.com\/kf\/S49ff49bfc69544d697073ceefc6ffdffE.jpg\" slate-data-type=\"image\"\/><img decoding=\"async\" src=\"https:\/\/ae01.alicdn.com\/kf\/Sd102a6e2cb554dae9ba52497948c0eb0S.jpg\" slate-data-type=\"image\"\/><img decoding=\"async\" src=\"https:\/\/ae01.alicdn.com\/kf\/S2e9e616aa3ab4b86b0826f4ae41449a6J.jpg\" slate-data-type=\"image\"\/><img decoding=\"async\" src=\"https:\/\/ae01.alicdn.com\/kf\/Sec75f96f861d440594267683cd32622eq.jpg\" slate-data-type=\"image\"\/><img decoding=\"async\" src=\"https:\/\/ae01.alicdn.com\/kf\/S4287e86a0f434933ad858805fc64d7c0J.jpg\" slate-data-type=\"image\"\/><img decoding=\"async\" src=\"https:\/\/ae01.alicdn.com\/kf\/Sb59346855bce47d5899204a2eaad501cr.jpg\" slate-data-type=\"image\"\/><img decoding=\"async\" src=\"https:\/\/ae01.alicdn.com\/kf\/S67bece61059b4a5ebc463a2c69dd2c652.jpg\" slate-data-type=\"image\"\/><img decoding=\"async\" src=\"https:\/\/ae01.alicdn.com\/kf\/Sa80cc45b40084d25915d27245200ad8aV.jpg\" slate-data-type=\"image\"\/><img decoding=\"async\" src=\"https:\/\/ae01.alicdn.com\/kf\/Sc55cc7dace174f0ebd316ab2e9d6a825l.jpg\" slate-data-type=\"image\"\/><img decoding=\"async\" src=\"https:\/\/ae01.alicdn.com\/kf\/S03c6c9c453374983a3b802d37ca9cec3p.jpg\" slate-data-type=\"image\"\/><img decoding=\"async\" src=\"https:\/\/ae01.alicdn.com\/kf\/S407b2910ef9142e0a44eabd8d5d3f414f.jpg\" slate-data-type=\"image\"\/><img decoding=\"async\" src=\"https:\/\/ae01.alicdn.com\/kf\/S3f9071ef5d7d40c7b6538aa6c9b052d6v.jpg\" slate-data-type=\"image\"\/><img decoding=\"async\" src=\"https:\/\/ae01.alicdn.com\/kf\/S9660a324b4324ed1951e4a5be2379d68D.jpg\" slate-data-type=\"image\"\/><img decoding=\"async\" src=\"https:\/\/ae01.alicdn.com\/kf\/S26b4177365394c0c81db4a8049eee9cdW.jpg\" slate-data-type=\"image\"\/><img decoding=\"async\" src=\"https:\/\/ae01.alicdn.com\/kf\/Sb5745cf928be43ddb646f457c348080e7.jpg\" slate-data-type=\"image\"\/><img decoding=\"async\" src=\"https:\/\/ae01.alicdn.com\/kf\/S0333a90915884073a7e8beaa1baba352J.jpg\" slate-data-type=\"image\"\/><img decoding=\"async\" src=\"https:\/\/ae01.alicdn.com\/kf\/S3b40eb4290744cb8aa21acd1364f55e45.jpg\" slate-data-type=\"image\"\/><img decoding=\"async\" src=\"https:\/\/ae01.alicdn.com\/kf\/S3928f458fe9c43ccbe3d6faa7e015578u.jpg\" slate-data-type=\"image\"\/><\/p>","protected":false},"excerpt":{"rendered":"<p>Forma: Tipo curvado N\u00famero de modelo: \"aa00447h1t5z\/ aa00447q1t5z\/ aa00447y1t5z\" Material: Madera Marca: MUXIANG Origen: China continental Se personaliza: S\u00ed Lugar de origen: Zhejiang, China (continental) Gastos de env\u00edo: Gratis<\/p>","protected":false},"featured_media":18795,"comment_status":"open","ping_status":"closed","template":"","meta":{"iawp_total_views":4,"_joinchat":[]},"product_brand":[],"product_cat":[479],"product_tag":[],"class_list":{"0":"post-18794","1":"product","2":"type-product","3":"status-publish","4":"has-post-thumbnail","6":"product_cat-churchwarden-pipe","8":"first","9":"instock","10":"sale","11":"shipping-taxable","12":"purchasable","13":"product-type-variable"},"yoast_head":"<!-- This site is optimized with the Yoast SEO Premium plugin v24.7 (Yoast SEO v26.8) - https:\/\/yoast.com\/product\/yoast-seo-premium-wordpress\/ -->\n<title>Gandalf Churchwarden Pipe - Global Hookah<\/title>\n<meta name=\"robots\" content=\"index, follow, max-snippet:-1, max-image-preview:large, max-video-preview:-1\" \/>\n<link rel=\"canonical\" href=\"https:\/\/global-hookah.com\/es\/it\/prodotto\/tubo-di-gandalf-churchwarden\/\" \/>\n<meta property=\"og:locale\" content=\"es_ES\" \/>\n<meta property=\"og:type\" content=\"article\" \/>\n<meta property=\"og:title\" content=\"Gandalf Churchwarden Pipe\" \/>\n<meta property=\"og:description\" content=\"Shape:&nbsp;Bent Type Model Number:&nbsp;&quot;aa00447h1t5z\/ aa00447q1t5z\/ aa00447y1t5z&quot; Material:&nbsp;Wood Brand Name:&nbsp;MUXIANG Origin:&nbsp;Mainland China Is customized:&nbsp;Yes Place of origin:&nbsp;Zhejiang, China (Mainland) Shipping cost:&nbsp;Free\" \/>\n<meta property=\"og:url\" content=\"https:\/\/global-hookah.com\/es\/it\/prodotto\/tubo-di-gandalf-churchwarden\/\" \/>\n<meta property=\"og:site_name\" content=\"Global Hookah\" \/>\n<meta property=\"article:modified_time\" content=\"2024-01-10T07:33:56+00:00\" \/>\n<meta property=\"og:image\" content=\"https:\/\/global-hookah.com\/wp-content\/uploads\/2024\/01\/Handmade-Custom-Long-Reading-Pipe-Multi-Colour-To-Choose-Cigarette-holder-Smoking-Pipe-With-Accessory.webp\" \/>\n\t<meta property=\"og:image:width\" content=\"1000\" \/>\n\t<meta property=\"og:image:height\" content=\"1000\" \/>\n\t<meta property=\"og:image:type\" content=\"image\/webp\" \/>\n<meta name=\"twitter:card\" content=\"summary_large_image\" \/>\n<meta name=\"twitter:label1\" content=\"Tiempo de lectura\" \/>\n\t<meta name=\"twitter:data1\" content=\"3 minutos\" \/>\n<script type=\"application\/ld+json\" class=\"yoast-schema-graph\">{\"@context\":\"https:\/\/schema.org\",\"@graph\":[{\"@type\":\"WebPage\",\"@id\":\"https:\/\/global-hookah.com\/it\/prodotto\/tubo-di-gandalf-churchwarden\/\",\"url\":\"https:\/\/global-hookah.com\/it\/prodotto\/tubo-di-gandalf-churchwarden\/\",\"name\":\"Gandalf Churchwarden Pipe - Global Hookah\",\"isPartOf\":{\"@id\":\"https:\/\/global-hookah.com\/#website\"},\"primaryImageOfPage\":{\"@id\":\"https:\/\/global-hookah.com\/it\/prodotto\/tubo-di-gandalf-churchwarden\/#primaryimage\"},\"image\":{\"@id\":\"https:\/\/global-hookah.com\/it\/prodotto\/tubo-di-gandalf-churchwarden\/#primaryimage\"},\"thumbnailUrl\":\"https:\/\/global-hookah.com\/wp-content\/uploads\/2024\/01\/Handmade-Custom-Long-Reading-Pipe-Multi-Colour-To-Choose-Cigarette-holder-Smoking-Pipe-With-Accessory.webp\",\"datePublished\":\"2024-01-10T07:33:54+00:00\",\"dateModified\":\"2024-01-10T07:33:56+00:00\",\"breadcrumb\":{\"@id\":\"https:\/\/global-hookah.com\/it\/prodotto\/tubo-di-gandalf-churchwarden\/#breadcrumb\"},\"inLanguage\":\"es\",\"potentialAction\":[{\"@type\":\"ReadAction\",\"target\":[\"https:\/\/global-hookah.com\/it\/prodotto\/tubo-di-gandalf-churchwarden\/\"]}]},{\"@type\":\"ImageObject\",\"inLanguage\":\"es\",\"@id\":\"https:\/\/global-hookah.com\/it\/prodotto\/tubo-di-gandalf-churchwarden\/#primaryimage\",\"url\":\"https:\/\/global-hookah.com\/wp-content\/uploads\/2024\/01\/Handmade-Custom-Long-Reading-Pipe-Multi-Colour-To-Choose-Cigarette-holder-Smoking-Pipe-With-Accessory.webp\",\"contentUrl\":\"https:\/\/global-hookah.com\/wp-content\/uploads\/2024\/01\/Handmade-Custom-Long-Reading-Pipe-Multi-Colour-To-Choose-Cigarette-holder-Smoking-Pipe-With-Accessory.webp\",\"width\":1000,\"height\":1000},{\"@type\":\"BreadcrumbList\",\"@id\":\"https:\/\/global-hookah.com\/it\/prodotto\/tubo-di-gandalf-churchwarden\/#breadcrumb\",\"itemListElement\":[{\"@type\":\"ListItem\",\"position\":1,\"name\":\"Home\",\"item\":\"https:\/\/global-hookah.com\/\"},{\"@type\":\"ListItem\",\"position\":2,\"name\":\"Shop\",\"item\":\"https:\/\/global-hookah.com\/shop\/\"},{\"@type\":\"ListItem\",\"position\":3,\"name\":\"Gandalf Churchwarden Pipe\"}]},{\"@type\":\"WebSite\",\"@id\":\"https:\/\/global-hookah.com\/#website\",\"url\":\"https:\/\/global-hookah.com\/\",\"name\":\"Global Hookah\",\"description\":\"Global Hookah\",\"publisher\":{\"@id\":\"https:\/\/global-hookah.com\/#organization\"},\"potentialAction\":[{\"@type\":\"SearchAction\",\"target\":{\"@type\":\"EntryPoint\",\"urlTemplate\":\"https:\/\/global-hookah.com\/?s={search_term_string}\"},\"query-input\":{\"@type\":\"PropertyValueSpecification\",\"valueRequired\":true,\"valueName\":\"search_term_string\"}}],\"inLanguage\":\"es\"},{\"@type\":\"Organization\",\"@id\":\"https:\/\/global-hookah.com\/#organization\",\"name\":\"Global Hookah\",\"url\":\"https:\/\/global-hookah.com\/\",\"logo\":{\"@type\":\"ImageObject\",\"inLanguage\":\"es\",\"@id\":\"https:\/\/global-hookah.com\/#\/schema\/logo\/image\/\",\"url\":\"https:\/\/global-hookah.com\/wp-content\/uploads\/2021\/10\/cropped-fgg.png\",\"contentUrl\":\"https:\/\/global-hookah.com\/wp-content\/uploads\/2021\/10\/cropped-fgg.png\",\"width\":512,\"height\":512,\"caption\":\"Global Hookah\"},\"image\":{\"@id\":\"https:\/\/global-hookah.com\/#\/schema\/logo\/image\/\"}}]}<\/script>\n<!-- \/ Yoast SEO Premium plugin. -->","yoast_head_json":{"title":"Pipa Gandalf Churchwarden - Global Hookah","robots":{"index":"index","follow":"follow","max-snippet":"max-snippet:-1","max-image-preview":"max-image-preview:large","max-video-preview":"max-video-preview:-1"},"canonical":"https:\/\/global-hookah.com\/es\/it\/prodotto\/tubo-di-gandalf-churchwarden\/","og_locale":"es_ES","og_type":"article","og_title":"Gandalf Churchwarden Pipe","og_description":"Shape:&nbsp;Bent Type Model Number:&nbsp;&quot;aa00447h1t5z\/ aa00447q1t5z\/ aa00447y1t5z&quot; Material:&nbsp;Wood Brand Name:&nbsp;MUXIANG Origin:&nbsp;Mainland China Is customized:&nbsp;Yes Place of origin:&nbsp;Zhejiang, China (Mainland) Shipping cost:&nbsp;Free","og_url":"https:\/\/global-hookah.com\/es\/it\/prodotto\/tubo-di-gandalf-churchwarden\/","og_site_name":"Global Hookah","article_modified_time":"2024-01-10T07:33:56+00:00","og_image":[{"width":1000,"height":1000,"url":"https:\/\/global-hookah.com\/wp-content\/uploads\/2024\/01\/Handmade-Custom-Long-Reading-Pipe-Multi-Colour-To-Choose-Cigarette-holder-Smoking-Pipe-With-Accessory.webp","type":"image\/webp"}],"twitter_card":"summary_large_image","twitter_misc":{"Tiempo de lectura":"3 minutos"},"schema":{"@context":"https:\/\/schema.org","@graph":[{"@type":"WebPage","@id":"https:\/\/global-hookah.com\/it\/prodotto\/tubo-di-gandalf-churchwarden\/","url":"https:\/\/global-hookah.com\/it\/prodotto\/tubo-di-gandalf-churchwarden\/","name":"Pipa Gandalf Churchwarden - Global Hookah","isPartOf":{"@id":"https:\/\/global-hookah.com\/#website"},"primaryImageOfPage":{"@id":"https:\/\/global-hookah.com\/it\/prodotto\/tubo-di-gandalf-churchwarden\/#primaryimage"},"image":{"@id":"https:\/\/global-hookah.com\/it\/prodotto\/tubo-di-gandalf-churchwarden\/#primaryimage"},"thumbnailUrl":"https:\/\/global-hookah.com\/wp-content\/uploads\/2024\/01\/Handmade-Custom-Long-Reading-Pipe-Multi-Colour-To-Choose-Cigarette-holder-Smoking-Pipe-With-Accessory.webp","datePublished":"2024-01-10T07:33:54+00:00","dateModified":"2024-01-10T07:33:56+00:00","breadcrumb":{"@id":"https:\/\/global-hookah.com\/it\/prodotto\/tubo-di-gandalf-churchwarden\/#breadcrumb"},"inLanguage":"es","potentialAction":[{"@type":"ReadAction","target":["https:\/\/global-hookah.com\/it\/prodotto\/tubo-di-gandalf-churchwarden\/"]}]},{"@type":"ImageObject","inLanguage":"es","@id":"https:\/\/global-hookah.com\/it\/prodotto\/tubo-di-gandalf-churchwarden\/#primaryimage","url":"https:\/\/global-hookah.com\/wp-content\/uploads\/2024\/01\/Handmade-Custom-Long-Reading-Pipe-Multi-Colour-To-Choose-Cigarette-holder-Smoking-Pipe-With-Accessory.webp","contentUrl":"https:\/\/global-hookah.com\/wp-content\/uploads\/2024\/01\/Handmade-Custom-Long-Reading-Pipe-Multi-Colour-To-Choose-Cigarette-holder-Smoking-Pipe-With-Accessory.webp","width":1000,"height":1000},{"@type":"BreadcrumbList","@id":"https:\/\/global-hookah.com\/it\/prodotto\/tubo-di-gandalf-churchwarden\/#breadcrumb","itemListElement":[{"@type":"ListItem","position":1,"name":"Home","item":"https:\/\/global-hookah.com\/"},{"@type":"ListItem","position":2,"name":"Shop","item":"https:\/\/global-hookah.com\/shop\/"},{"@type":"ListItem","position":3,"name":"Gandalf Churchwarden Pipe"}]},{"@type":"WebSite","@id":"https:\/\/global-hookah.com\/#website","url":"https:\/\/global-hookah.com\/","name":"Global Hookah","description":"Global Hookah","publisher":{"@id":"https:\/\/global-hookah.com\/#organization"},"potentialAction":[{"@type":"SearchAction","target":{"@type":"EntryPoint","urlTemplate":"https:\/\/global-hookah.com\/?s={search_term_string}"},"query-input":{"@type":"PropertyValueSpecification","valueRequired":true,"valueName":"search_term_string"}}],"inLanguage":"es"},{"@type":"Organization","@id":"https:\/\/global-hookah.com\/#organization","name":"Global Hookah","url":"https:\/\/global-hookah.com\/","logo":{"@type":"ImageObject","inLanguage":"es","@id":"https:\/\/global-hookah.com\/#\/schema\/logo\/image\/","url":"https:\/\/global-hookah.com\/wp-content\/uploads\/2021\/10\/cropped-fgg.png","contentUrl":"https:\/\/global-hookah.com\/wp-content\/uploads\/2021\/10\/cropped-fgg.png","width":512,"height":512,"caption":"Global Hookah"},"image":{"@id":"https:\/\/global-hookah.com\/#\/schema\/logo\/image\/"}}]}},"_links":{"self":[{"href":"https:\/\/global-hookah.com\/es\/wp-json\/wp\/v2\/product\/18794","targetHints":{"allow":["GET"]}}],"collection":[{"href":"https:\/\/global-hookah.com\/es\/wp-json\/wp\/v2\/product"}],"about":[{"href":"https:\/\/global-hookah.com\/es\/wp-json\/wp\/v2\/types\/product"}],"replies":[{"embeddable":true,"href":"https:\/\/global-hookah.com\/es\/wp-json\/wp\/v2\/comments?post=18794"}],"version-history":[{"count":0,"href":"https:\/\/global-hookah.com\/es\/wp-json\/wp\/v2\/product\/18794\/revisions"}],"wp:featuredmedia":[{"embeddable":true,"href":"https:\/\/global-hookah.com\/es\/wp-json\/wp\/v2\/media\/18795"}],"wp:attachment":[{"href":"https:\/\/global-hookah.com\/es\/wp-json\/wp\/v2\/media?parent=18794"}],"wp:term":[{"taxonomy":"product_brand","embeddable":true,"href":"https:\/\/global-hookah.com\/es\/wp-json\/wp\/v2\/product_brand?post=18794"},{"taxonomy":"product_cat","embeddable":true,"href":"https:\/\/global-hookah.com\/es\/wp-json\/wp\/v2\/product_cat?post=18794"},{"taxonomy":"product_tag","embeddable":true,"href":"https:\/\/global-hookah.com\/es\/wp-json\/wp\/v2\/product_tag?post=18794"}],"curies":[{"name":"wp","href":"https:\/\/api.w.org\/{rel}","templated":true}]}}