{"id":18799,"date":"2024-01-10T07:35:31","date_gmt":"2024-01-10T07:35:31","guid":{"rendered":"https:\/\/global-hookah.com\/product\/hand-carved-9-8-inch-briar-churchwarden-pipe\/"},"modified":"2024-01-10T07:35:33","modified_gmt":"2024-01-10T07:35:33","slug":"hand-carved-9-8-inch-briar-churchwarden-pipe","status":"publish","type":"product","link":"https:\/\/global-hookah.com\/es\/producto\/hand-carved-9-8-inch-briar-churchwarden-pipe\/","title":{"rendered":"Pipa de Alabardero de Briar de 9,8 pulgadas tallada a mano"},"content":{"rendered":"<p>\u00a0<\/p>\n<div class=\"product-specs-list-container\">\n<ul class=\"product-specs-list util-clearfix\">\n<li class=\"product-prop line-limit-length\"><span class=\"property-title\">Forma:\u00a0<\/span><span class=\"property-desc line-limit-length\">Tipo libre<\/span><\/li>\n<li class=\"product-prop line-limit-length\"><span class=\"property-title\">N\u00famero de modelo:\u00a0<\/span><span class=\"property-desc line-limit-length\">aa0055k011\/aa0007k011<\/span><\/li>\n<li class=\"product-prop line-limit-length\"><span class=\"property-title\">Material:\u00a0<\/span><span class=\"property-desc line-limit-length\">Madera<\/span><\/li>\n<li class=\"product-prop line-limit-length\"><span class=\"property-title\">Marca:\u00a0<\/span><span class=\"property-desc line-limit-length\">MUXIANG<\/span><\/li>\n<li class=\"product-prop line-limit-length\"><span class=\"property-title\">Origen:\u00a0<\/span><span class=\"property-desc line-limit-length\">China continental<\/span><\/li>\n<li class=\"product-prop line-limit-length\"><span class=\"property-title\">Material:\u00a0<\/span><span class=\"property-desc line-limit-length\">Madera de brezo<\/span><\/li>\n<li class=\"product-prop line-limit-length\"><span class=\"property-title\">palabra clave:\u00a0<\/span><span class=\"property-desc line-limit-length\">Pipa de fumar<\/span><\/li>\n<li class=\"product-prop line-limit-length\"><span class=\"property-title\">palabras clave:\u00a0<\/span><span class=\"property-desc line-limit-length\">Accesorio para fumadores<\/span><\/li>\n<\/ul>\n<\/div>\n<p>\u00a0<\/p>\n<p>\u3010Pipa de fumar de madera de brezo de alta calidad\u3011<\/p>\n<p>\u00a0<\/p>\n<p>\u25cf Hecho a mano por la parte superior italiana - Grado Briarwood<\/p>\n<p>\u25cf Dise\u00f1o de tipo doblado<\/p>\n<p>\u25cf M\u00e9todo de env\u00edo r\u00e1pido<\/p>\n<\/p>\n<p>\u3010Informaci\u00f3n del producto\u3011<\/p>\n<p>\u00a0<\/p>\n<p>-[ Material-Tubo de madera de brezo ]<\/p>\n<p>\u25cf CUERPO DE LA TUBER\u00cdA:100% Briarwood<\/p>\n<p>\u25cf MATERIAL DE LA BOCA:Materiales acr\u00edlicos de grado alimentario de alta calidad.<\/p>\n<p>\u00a0<\/p>\n<p>-[ COLOR ]:Como muestra la imagen.<\/p>\n<p>\u25cf\u00a1Puede haber algunas diferencias entre el color real y la imagen debido a la diferente iluminaci\u00f3n de disparo y el proceso de producci\u00f3n!!!<\/p>\n<\/p>\n<p>\u3010Detalles del producto\u3011<\/p>\n<p>\u00a0<\/p>\n<p>\u3010Preset Carbon Layer\u3011<\/p>\n<p>\u00a0<\/p>\n<p>La capa de carbono negro en el interior del tubo es la capa de carbono preestablecido, que desempe\u00f1a el papel de retardante de llama, aislamiento t\u00e9rmico y protecci\u00f3n de tuber\u00edas.<\/p>\n<p>\u00a0<\/p>\n<p>\u3010 Boquilla de acr\u00edlico\u3011<\/p>\n<p>\u00a0<\/p>\n<p>Material de calidad alimentaria, seguro y protegido, m\u00e1s c\u00f3modo de llevar<\/p>\n<p>\u00a0<\/p>\n<p>Apto para filtros activos.<\/p>\n<p>\u00a0<\/p>\n<p>Nota: Est\u00e1 hecho a mano,<\/p>\n<p>el producto tendr\u00e1 diferencias de color seg\u00fan el color de la materia prima,<\/p>\n<p>no disparar, hay un error de 1-2 cm en la medici\u00f3n manual del tama\u00f1o del producto<\/p>\n<\/p>\n<p>La zarza es un bosque, un \u00e1rbol de paredes rocosas que crece en el Mediterr\u00e1neo, y sus n\u00f3dulos radiculares perennes son los m\u00e1s adecuados para las tuber\u00edas.<\/p>\n<p>Este tipo de material de ra\u00edz es una madera bastante dura, y la propia madera de brezo tiene la funci\u00f3n de absorber agua,<\/p>\n<p>que puede absorber completamente el agua del tabaco sin afectar a su sabor.<\/p>\n<p>Desde 1850, la madera de brezo se ha convertido en el material m\u00e1s popular para fabricar pipas,<\/p>\n<p>porque es bello y duradero, tiene hermosas vetas de madera, resistencia al calor y absorci\u00f3n de agua. Tras a\u00f1os de pr\u00e1ctica y exploraci\u00f3n,<\/p>\n<p>se ha convertido en la madera con mejores efectos para fabricar pipas. La gran mayor\u00eda del brezo que se utiliza hoy en d\u00eda para fabricar pipas procede de Italia,<\/p>\n<p>Francia, Grecia, C\u00f3rcega y Espa\u00f1a.<\/p>\n<p>En su d\u00eda se rumore\u00f3 que Albania y Argelia eran otras fuentes de brezo, pero la situaci\u00f3n internacional actual hace inviable el cultivo de brezo en estas zonas,<\/p>\n<p>ya que los peligros est\u00e1n en todas partes.<\/p>\n<p>Briar tiene un solo origen, el \u00e1rbol robusto, cient\u00edficamente hablando, un arbusto delgado, 15-25 pies de altura, por lo general se encuentran en la escarpada, rocosa,<\/p>\n<p>costas cubiertas de maleza del Mediterr\u00e1neo. No es una especie en peligro de extinci\u00f3n. Sin embargo, no es el \u00e1rbol en s\u00ed el que se utiliza para fabricar pipas,<\/p>\n<p>pero los n\u00f3dulos radiculares m\u00e1s duros del \u00e1rbol se secan y se cortan en perfiles o bloques para fabricar una pipa.<\/p>\n<p>Muchas pipas personalizadas de gama alta se tallan en brezo corso, que tiene el grano fino del brezo griego pero es menos denso. actualDe hecho,<\/p>\n<p>durante la guerra de los a\u00f1os 40, cuando era dif\u00edcil conseguir brezo,<\/p>\n<p>El nanmu corso se utilizaba para las pipas al mismo tiempo que el argelino, ya que eran muy similares en muchos aspectos del material,<\/p>\n<p>especialmente en t\u00e9rminos de densidad y grano.<img decoding=\"async\" src=\"https:\/\/ae01.alicdn.com\/kf\/S958c0de9fcbb4e349bfadd19025ffe7dw.jpg\" \/><img decoding=\"async\" src=\"https:\/\/ae01.alicdn.com\/kf\/S7a6574752d0c48fe8d762fb10c6eccd8d.jpg\" \/><img decoding=\"async\" src=\"https:\/\/ae01.alicdn.com\/kf\/S9649773c6c5e491ba45e580bb6e5c8114.jpg\" \/><img decoding=\"async\" src=\"https:\/\/ae01.alicdn.com\/kf\/S89090adddc1a4dbc9119e7f092737d409.jpg\" \/><img decoding=\"async\" src=\"https:\/\/ae01.alicdn.com\/kf\/Sbe5a861ce59f4e849dfca4e410278982V.jpg\" \/><img decoding=\"async\" src=\"https:\/\/ae01.alicdn.com\/kf\/S51e1b9ac77ee4cdf8ff71d35f216475aD.jpg\" \/><img decoding=\"async\" src=\"https:\/\/ae01.alicdn.com\/kf\/S806d397660e444748cf73e6c6256a26am.jpg\" \/><img decoding=\"async\" src=\"https:\/\/ae01.alicdn.com\/kf\/Sfca3df99813243c290db4d8e16360e49W.jpg\" \/><img decoding=\"async\" src=\"https:\/\/ae01.alicdn.com\/kf\/S7b739815fe4444a09c3bd4b3b09b23667.jpg\" \/><img decoding=\"async\" src=\"https:\/\/ae01.alicdn.com\/kf\/S4eb346fed04a44b6882d74f31ece1f4eQ.jpg\" \/><img decoding=\"async\" src=\"https:\/\/ae01.alicdn.com\/kf\/S2e10bdff49ac487eb94c80f927501cfe3.jpg\" \/><img decoding=\"async\" src=\"https:\/\/ae01.alicdn.com\/kf\/S974191ed4d68414a95a5db26a67f56fe1.jpg\" \/><img decoding=\"async\" src=\"https:\/\/ae01.alicdn.com\/kf\/Sab45a40b207c4df9b05ce6faf21a533ed.jpg\" \/><img decoding=\"async\" src=\"https:\/\/ae01.alicdn.com\/kf\/S283414d702f643698a31adf7231a30e3D.jpg\" \/><\/p>","protected":false},"excerpt":{"rendered":"<p>\u00a0 Forma: Tipo libre N\u00famero de modelo: aa0055k011\/aa0007k011 Material: Madera Marca: MUXIANG Origen: China continental Material: Madera de brezo palabra clave: Pipa de fumar palabras clave: Accesorio de fumar \u3010High Quality Briar<\/p>","protected":false},"featured_media":18800,"comment_status":"open","ping_status":"closed","template":"","meta":{"iawp_total_views":0,"_joinchat":[]},"product_brand":[],"product_cat":[479],"product_tag":[],"class_list":{"0":"post-18799","1":"product","2":"type-product","3":"status-publish","4":"has-post-thumbnail","6":"product_cat-churchwarden-pipe","8":"first","9":"instock","10":"sale","11":"shipping-taxable","12":"purchasable","13":"product-type-variable"},"yoast_head":"<!-- This site is optimized with the Yoast SEO Premium plugin v24.7 (Yoast SEO v26.8) - https:\/\/yoast.com\/product\/yoast-seo-premium-wordpress\/ -->\n<title>Hand-Carved 9.8-Inch Briar Churchwarden Pipe - Global Hookah<\/title>\n<meta name=\"robots\" content=\"index, follow, max-snippet:-1, max-image-preview:large, max-video-preview:-1\" \/>\n<link rel=\"canonical\" href=\"https:\/\/global-hookah.com\/es\/ru\/\u043f\u0440\u043e\u0434\u0443\u043a\u0442\/hand-carved-9-8-inch-briar-churchwarden-pipe\/\" \/>\n<meta property=\"og:locale\" content=\"es_ES\" \/>\n<meta property=\"og:type\" content=\"article\" \/>\n<meta property=\"og:title\" content=\"Hand-Carved 9.8-Inch Briar Churchwarden Pipe\" \/>\n<meta property=\"og:description\" content=\"\u00a0 Shape:\u00a0Free Type Model Number:\u00a0aa0055k011\/aa0007k011 Material:\u00a0Wood Brand Name:\u00a0MUXIANG Origin:\u00a0Mainland China Material:\u00a0Briar wood keyword:\u00a0Smoking pipe keywords:\u00a0Smoking accessory \u00a0 \u3010High Quality Briar\" \/>\n<meta property=\"og:url\" content=\"https:\/\/global-hookah.com\/es\/ru\/\u043f\u0440\u043e\u0434\u0443\u043a\u0442\/hand-carved-9-8-inch-briar-churchwarden-pipe\/\" \/>\n<meta property=\"og:site_name\" content=\"Global Hookah\" \/>\n<meta property=\"article:modified_time\" content=\"2024-01-10T07:35:33+00:00\" \/>\n<meta property=\"og:image\" content=\"https:\/\/global-hookah.com\/wp-content\/uploads\/2024\/01\/Newest-Hand-carved-Wooden-Tobacco-Pipe-Good-Quality-Briar-Wood-Smoking-Pipe-Smoker-s-Gift.webp\" \/>\n\t<meta property=\"og:image:width\" content=\"1000\" \/>\n\t<meta property=\"og:image:height\" content=\"1000\" \/>\n\t<meta property=\"og:image:type\" content=\"image\/webp\" \/>\n<meta name=\"twitter:card\" content=\"summary_large_image\" \/>\n<meta name=\"twitter:label1\" content=\"Tiempo de lectura\" \/>\n\t<meta name=\"twitter:data1\" content=\"2 minutos\" \/>\n<script type=\"application\/ld+json\" class=\"yoast-schema-graph\">{\"@context\":\"https:\/\/schema.org\",\"@graph\":[{\"@type\":\"WebPage\",\"@id\":\"https:\/\/global-hookah.com\/ru\/\u043f\u0440\u043e\u0434\u0443\u043a\u0442\/hand-carved-9-8-inch-briar-churchwarden-pipe\/\",\"url\":\"https:\/\/global-hookah.com\/ru\/\u043f\u0440\u043e\u0434\u0443\u043a\u0442\/hand-carved-9-8-inch-briar-churchwarden-pipe\/\",\"name\":\"Hand-Carved 9.8-Inch Briar Churchwarden Pipe - Global Hookah\",\"isPartOf\":{\"@id\":\"https:\/\/global-hookah.com\/#website\"},\"primaryImageOfPage\":{\"@id\":\"https:\/\/global-hookah.com\/ru\/\u043f\u0440\u043e\u0434\u0443\u043a\u0442\/hand-carved-9-8-inch-briar-churchwarden-pipe\/#primaryimage\"},\"image\":{\"@id\":\"https:\/\/global-hookah.com\/ru\/\u043f\u0440\u043e\u0434\u0443\u043a\u0442\/hand-carved-9-8-inch-briar-churchwarden-pipe\/#primaryimage\"},\"thumbnailUrl\":\"https:\/\/global-hookah.com\/wp-content\/uploads\/2024\/01\/Newest-Hand-carved-Wooden-Tobacco-Pipe-Good-Quality-Briar-Wood-Smoking-Pipe-Smoker-s-Gift.webp\",\"datePublished\":\"2024-01-10T07:35:31+00:00\",\"dateModified\":\"2024-01-10T07:35:33+00:00\",\"breadcrumb\":{\"@id\":\"https:\/\/global-hookah.com\/ru\/\u043f\u0440\u043e\u0434\u0443\u043a\u0442\/hand-carved-9-8-inch-briar-churchwarden-pipe\/#breadcrumb\"},\"inLanguage\":\"es\",\"potentialAction\":[{\"@type\":\"ReadAction\",\"target\":[\"https:\/\/global-hookah.com\/ru\/\u043f\u0440\u043e\u0434\u0443\u043a\u0442\/hand-carved-9-8-inch-briar-churchwarden-pipe\/\"]}]},{\"@type\":\"ImageObject\",\"inLanguage\":\"es\",\"@id\":\"https:\/\/global-hookah.com\/ru\/\u043f\u0440\u043e\u0434\u0443\u043a\u0442\/hand-carved-9-8-inch-briar-churchwarden-pipe\/#primaryimage\",\"url\":\"https:\/\/global-hookah.com\/wp-content\/uploads\/2024\/01\/Newest-Hand-carved-Wooden-Tobacco-Pipe-Good-Quality-Briar-Wood-Smoking-Pipe-Smoker-s-Gift.webp\",\"contentUrl\":\"https:\/\/global-hookah.com\/wp-content\/uploads\/2024\/01\/Newest-Hand-carved-Wooden-Tobacco-Pipe-Good-Quality-Briar-Wood-Smoking-Pipe-Smoker-s-Gift.webp\",\"width\":1000,\"height\":1000},{\"@type\":\"BreadcrumbList\",\"@id\":\"https:\/\/global-hookah.com\/ru\/\u043f\u0440\u043e\u0434\u0443\u043a\u0442\/hand-carved-9-8-inch-briar-churchwarden-pipe\/#breadcrumb\",\"itemListElement\":[{\"@type\":\"ListItem\",\"position\":1,\"name\":\"Home\",\"item\":\"https:\/\/global-hookah.com\/\"},{\"@type\":\"ListItem\",\"position\":2,\"name\":\"Shop\",\"item\":\"https:\/\/global-hookah.com\/shop\/\"},{\"@type\":\"ListItem\",\"position\":3,\"name\":\"Hand-Carved 9.8-Inch Briar Churchwarden Pipe\"}]},{\"@type\":\"WebSite\",\"@id\":\"https:\/\/global-hookah.com\/#website\",\"url\":\"https:\/\/global-hookah.com\/\",\"name\":\"Global Hookah\",\"description\":\"Global Hookah\",\"publisher\":{\"@id\":\"https:\/\/global-hookah.com\/#organization\"},\"potentialAction\":[{\"@type\":\"SearchAction\",\"target\":{\"@type\":\"EntryPoint\",\"urlTemplate\":\"https:\/\/global-hookah.com\/?s={search_term_string}\"},\"query-input\":{\"@type\":\"PropertyValueSpecification\",\"valueRequired\":true,\"valueName\":\"search_term_string\"}}],\"inLanguage\":\"es\"},{\"@type\":\"Organization\",\"@id\":\"https:\/\/global-hookah.com\/#organization\",\"name\":\"Global Hookah\",\"url\":\"https:\/\/global-hookah.com\/\",\"logo\":{\"@type\":\"ImageObject\",\"inLanguage\":\"es\",\"@id\":\"https:\/\/global-hookah.com\/#\/schema\/logo\/image\/\",\"url\":\"https:\/\/global-hookah.com\/wp-content\/uploads\/2021\/10\/cropped-fgg.png\",\"contentUrl\":\"https:\/\/global-hookah.com\/wp-content\/uploads\/2021\/10\/cropped-fgg.png\",\"width\":512,\"height\":512,\"caption\":\"Global Hookah\"},\"image\":{\"@id\":\"https:\/\/global-hookah.com\/#\/schema\/logo\/image\/\"}}]}<\/script>\n<!-- \/ Yoast SEO Premium plugin. -->","yoast_head_json":{"title":"Pipa de Briar Churchwarden de 9,8 pulgadas tallada a mano - Global Hookah","robots":{"index":"index","follow":"follow","max-snippet":"max-snippet:-1","max-image-preview":"max-image-preview:large","max-video-preview":"max-video-preview:-1"},"canonical":"https:\/\/global-hookah.com\/es\/ru\/\u043f\u0440\u043e\u0434\u0443\u043a\u0442\/hand-carved-9-8-inch-briar-churchwarden-pipe\/","og_locale":"es_ES","og_type":"article","og_title":"Hand-Carved 9.8-Inch Briar Churchwarden Pipe","og_description":"\u00a0 Shape:\u00a0Free Type Model Number:\u00a0aa0055k011\/aa0007k011 Material:\u00a0Wood Brand Name:\u00a0MUXIANG Origin:\u00a0Mainland China Material:\u00a0Briar wood keyword:\u00a0Smoking pipe keywords:\u00a0Smoking accessory \u00a0 \u3010High Quality Briar","og_url":"https:\/\/global-hookah.com\/es\/ru\/\u043f\u0440\u043e\u0434\u0443\u043a\u0442\/hand-carved-9-8-inch-briar-churchwarden-pipe\/","og_site_name":"Global Hookah","article_modified_time":"2024-01-10T07:35:33+00:00","og_image":[{"width":1000,"height":1000,"url":"https:\/\/global-hookah.com\/wp-content\/uploads\/2024\/01\/Newest-Hand-carved-Wooden-Tobacco-Pipe-Good-Quality-Briar-Wood-Smoking-Pipe-Smoker-s-Gift.webp","type":"image\/webp"}],"twitter_card":"summary_large_image","twitter_misc":{"Tiempo de lectura":"2 minutos"},"schema":{"@context":"https:\/\/schema.org","@graph":[{"@type":"WebPage","@id":"https:\/\/global-hookah.com\/ru\/\u043f\u0440\u043e\u0434\u0443\u043a\u0442\/hand-carved-9-8-inch-briar-churchwarden-pipe\/","url":"https:\/\/global-hookah.com\/ru\/\u043f\u0440\u043e\u0434\u0443\u043a\u0442\/hand-carved-9-8-inch-briar-churchwarden-pipe\/","name":"Pipa de Briar Churchwarden de 9,8 pulgadas tallada a mano - Global Hookah","isPartOf":{"@id":"https:\/\/global-hookah.com\/#website"},"primaryImageOfPage":{"@id":"https:\/\/global-hookah.com\/ru\/\u043f\u0440\u043e\u0434\u0443\u043a\u0442\/hand-carved-9-8-inch-briar-churchwarden-pipe\/#primaryimage"},"image":{"@id":"https:\/\/global-hookah.com\/ru\/\u043f\u0440\u043e\u0434\u0443\u043a\u0442\/hand-carved-9-8-inch-briar-churchwarden-pipe\/#primaryimage"},"thumbnailUrl":"https:\/\/global-hookah.com\/wp-content\/uploads\/2024\/01\/Newest-Hand-carved-Wooden-Tobacco-Pipe-Good-Quality-Briar-Wood-Smoking-Pipe-Smoker-s-Gift.webp","datePublished":"2024-01-10T07:35:31+00:00","dateModified":"2024-01-10T07:35:33+00:00","breadcrumb":{"@id":"https:\/\/global-hookah.com\/ru\/\u043f\u0440\u043e\u0434\u0443\u043a\u0442\/hand-carved-9-8-inch-briar-churchwarden-pipe\/#breadcrumb"},"inLanguage":"es","potentialAction":[{"@type":"ReadAction","target":["https:\/\/global-hookah.com\/ru\/\u043f\u0440\u043e\u0434\u0443\u043a\u0442\/hand-carved-9-8-inch-briar-churchwarden-pipe\/"]}]},{"@type":"ImageObject","inLanguage":"es","@id":"https:\/\/global-hookah.com\/ru\/\u043f\u0440\u043e\u0434\u0443\u043a\u0442\/hand-carved-9-8-inch-briar-churchwarden-pipe\/#primaryimage","url":"https:\/\/global-hookah.com\/wp-content\/uploads\/2024\/01\/Newest-Hand-carved-Wooden-Tobacco-Pipe-Good-Quality-Briar-Wood-Smoking-Pipe-Smoker-s-Gift.webp","contentUrl":"https:\/\/global-hookah.com\/wp-content\/uploads\/2024\/01\/Newest-Hand-carved-Wooden-Tobacco-Pipe-Good-Quality-Briar-Wood-Smoking-Pipe-Smoker-s-Gift.webp","width":1000,"height":1000},{"@type":"BreadcrumbList","@id":"https:\/\/global-hookah.com\/ru\/\u043f\u0440\u043e\u0434\u0443\u043a\u0442\/hand-carved-9-8-inch-briar-churchwarden-pipe\/#breadcrumb","itemListElement":[{"@type":"ListItem","position":1,"name":"Home","item":"https:\/\/global-hookah.com\/"},{"@type":"ListItem","position":2,"name":"Shop","item":"https:\/\/global-hookah.com\/shop\/"},{"@type":"ListItem","position":3,"name":"Hand-Carved 9.8-Inch Briar Churchwarden Pipe"}]},{"@type":"WebSite","@id":"https:\/\/global-hookah.com\/#website","url":"https:\/\/global-hookah.com\/","name":"Global Hookah","description":"Global Hookah","publisher":{"@id":"https:\/\/global-hookah.com\/#organization"},"potentialAction":[{"@type":"SearchAction","target":{"@type":"EntryPoint","urlTemplate":"https:\/\/global-hookah.com\/?s={search_term_string}"},"query-input":{"@type":"PropertyValueSpecification","valueRequired":true,"valueName":"search_term_string"}}],"inLanguage":"es"},{"@type":"Organization","@id":"https:\/\/global-hookah.com\/#organization","name":"Global Hookah","url":"https:\/\/global-hookah.com\/","logo":{"@type":"ImageObject","inLanguage":"es","@id":"https:\/\/global-hookah.com\/#\/schema\/logo\/image\/","url":"https:\/\/global-hookah.com\/wp-content\/uploads\/2021\/10\/cropped-fgg.png","contentUrl":"https:\/\/global-hookah.com\/wp-content\/uploads\/2021\/10\/cropped-fgg.png","width":512,"height":512,"caption":"Global Hookah"},"image":{"@id":"https:\/\/global-hookah.com\/#\/schema\/logo\/image\/"}}]}},"_links":{"self":[{"href":"https:\/\/global-hookah.com\/es\/wp-json\/wp\/v2\/product\/18799","targetHints":{"allow":["GET"]}}],"collection":[{"href":"https:\/\/global-hookah.com\/es\/wp-json\/wp\/v2\/product"}],"about":[{"href":"https:\/\/global-hookah.com\/es\/wp-json\/wp\/v2\/types\/product"}],"replies":[{"embeddable":true,"href":"https:\/\/global-hookah.com\/es\/wp-json\/wp\/v2\/comments?post=18799"}],"version-history":[{"count":0,"href":"https:\/\/global-hookah.com\/es\/wp-json\/wp\/v2\/product\/18799\/revisions"}],"wp:featuredmedia":[{"embeddable":true,"href":"https:\/\/global-hookah.com\/es\/wp-json\/wp\/v2\/media\/18800"}],"wp:attachment":[{"href":"https:\/\/global-hookah.com\/es\/wp-json\/wp\/v2\/media?parent=18799"}],"wp:term":[{"taxonomy":"product_brand","embeddable":true,"href":"https:\/\/global-hookah.com\/es\/wp-json\/wp\/v2\/product_brand?post=18799"},{"taxonomy":"product_cat","embeddable":true,"href":"https:\/\/global-hookah.com\/es\/wp-json\/wp\/v2\/product_cat?post=18799"},{"taxonomy":"product_tag","embeddable":true,"href":"https:\/\/global-hookah.com\/es\/wp-json\/wp\/v2\/product_tag?post=18799"}],"curies":[{"name":"wp","href":"https:\/\/api.w.org\/{rel}","templated":true}]}}