{"id":18804,"date":"2024-01-10T07:39:11","date_gmt":"2024-01-10T07:39:11","guid":{"rendered":"https:\/\/global-hookah.com\/product\/10-inch-briar-churchwarden-pipe\/"},"modified":"2024-01-10T07:39:14","modified_gmt":"2024-01-10T07:39:14","slug":"10-inch-briar-churchwarden-pipe","status":"publish","type":"product","link":"https:\/\/global-hookah.com\/es\/producto\/10-inch-briar-churchwarden-pipe\/","title":{"rendered":"Tuber\u00eda de 10 pulgadas Briar Churchwarden"},"content":{"rendered":"<p>\u00a0<\/p>\n<div class=\"product-specs-list-container\">\n<ul class=\"product-specs-list util-clearfix\">\n<li class=\"product-prop line-limit-length\"><span class=\"property-title\">Material:\u00a0<\/span><span class=\"property-desc line-limit-length\">madera<\/span><\/li>\n<li class=\"product-prop line-limit-length\"><span class=\"property-title\">N\u00famero de modelo:\u00a0<\/span><span class=\"property-desc line-limit-length\">aa0055K01<\/span><\/li>\n<li class=\"product-prop line-limit-length\"><span class=\"property-title\">Marca:\u00a0<\/span><span class=\"property-desc line-limit-length\">MUXIANG<\/span><\/li>\n<li class=\"product-prop line-limit-length\"><span class=\"property-title\">Origen:\u00a0<\/span><span class=\"property-desc line-limit-length\">China continental<\/span><\/li>\n<\/ul>\n<\/div>\n<p>\u00a0<\/p>\n<p>Una pipa churchwarden es una pipa de tabaco con un tallo largo. La historia de este estilo de pipa se remonta a finales del siglo XVIII o principios del XIX. Algunas pipas churchwarden pueden llegar a medir hasta 16 pulgadas (40 cm). En alem\u00e1n, el estilo se conoce como \"Lesepfeife\" o \"pipa de lectura\", presumiblemente porque el tallo m\u00e1s largo permite una visi\u00f3n sin obst\u00e1culos del libro, y el humo no se forma cerca de los ojos del lector, lo que permite mirar hacia abajo.<\/p>\n<p>\u00a0<\/p>\n<p>Informaci\u00f3n sobre el producto:<\/p>\n<p>Una pipa de tabaco de brezo + un juego de accesorios de limpieza<\/p>\n<p>\u00a0<\/p>\n<p>aa0055K01\uff1a<\/p>\n<p><img decoding=\"async\" src=\"https:\/\/ae01.alicdn.com\/kf\/S69ae9334746f4eed8ec8c45dbd826bc1j.jpg\" \/><\/p>\n<p><img decoding=\"async\" src=\"https:\/\/ae01.alicdn.com\/kf\/S837bb00a78e64293a8f40f9e519449a0h.jpg\" \/><img decoding=\"async\" src=\"https:\/\/ae01.alicdn.com\/kf\/S26300fc6ed3e4c3ca3bd7c6041d2bb34z.jpg\" \/><img decoding=\"async\" src=\"https:\/\/ae01.alicdn.com\/kf\/S035c79d5dd814cfa96e043b7a99272a1C.jpg\" \/><img decoding=\"async\" src=\"https:\/\/ae01.alicdn.com\/kf\/S5d2dff6e1b5746788952505645cc9357W.jpg\" \/><img decoding=\"async\" src=\"https:\/\/ae01.alicdn.com\/kf\/Se30707c9178341c5beecd0e53731f33fm.jpg\" \/><img decoding=\"async\" src=\"https:\/\/ae01.alicdn.com\/kf\/S6c4d6d5c96094ffa80e2c9864b2fe4b28.jpg\" \/><img decoding=\"async\" src=\"https:\/\/ae01.alicdn.com\/kf\/S22f8152bdd024aac99be9e70aa200ed8B.jpg\" \/><img decoding=\"async\" src=\"https:\/\/ae01.alicdn.com\/kf\/S6f34348aebca4122bf1fd6509e7e0850I.jpg\" \/><\/p>","protected":false},"excerpt":{"rendered":"<p>\u00a0 Material: madera N\u00famero de modelo: aa0055K01 Marca: MUXIANG Origen: China continental Una pipa churchwarden es una pipa de tabaco con un tallo largo.<\/p>","protected":false},"featured_media":18805,"comment_status":"open","ping_status":"closed","template":"","meta":{"iawp_total_views":0,"_joinchat":[]},"product_brand":[],"product_cat":[479],"product_tag":[],"class_list":{"0":"post-18804","1":"product","2":"type-product","3":"status-publish","4":"has-post-thumbnail","6":"product_cat-churchwarden-pipe","8":"first","9":"instock","10":"sale","11":"shipping-taxable","12":"purchasable","13":"product-type-variable"},"yoast_head":"<!-- This site is optimized with the Yoast SEO Premium plugin v24.7 (Yoast SEO v26.8) - https:\/\/yoast.com\/product\/yoast-seo-premium-wordpress\/ -->\n<title>10 Inch Briar Churchwarden Pipe - Global Hookah<\/title>\n<meta name=\"robots\" content=\"index, follow, max-snippet:-1, max-image-preview:large, max-video-preview:-1\" \/>\n<link rel=\"canonical\" href=\"https:\/\/global-hookah.com\/es\/it\/prodotto\/tubo-da-10-pollici-in-radica-churchwarden\/\" \/>\n<meta property=\"og:locale\" content=\"es_ES\" \/>\n<meta property=\"og:type\" content=\"article\" \/>\n<meta property=\"og:title\" content=\"10 Inch Briar Churchwarden Pipe\" \/>\n<meta property=\"og:description\" content=\"\u00a0 Material:\u00a0wood Model Number:\u00a0aa0055K01 Brand Name:\u00a0MUXIANG Origin:\u00a0Mainland China \u00a0 A churchwarden pipe is a tobacco pipe with a long stem.\" \/>\n<meta property=\"og:url\" content=\"https:\/\/global-hookah.com\/es\/it\/prodotto\/tubo-da-10-pollici-in-radica-churchwarden\/\" \/>\n<meta property=\"og:site_name\" content=\"Global Hookah\" \/>\n<meta property=\"article:modified_time\" content=\"2024-01-10T07:39:14+00:00\" \/>\n<meta property=\"og:image\" content=\"https:\/\/global-hookah.com\/wp-content\/uploads\/2024\/01\/Carved-briar-tobacco-pipe-handwork-Heath-wood-pipe-churchwarden-pipe-Lesepfeife-reading-pipe-With-gift-box.webp\" \/>\n\t<meta property=\"og:image:width\" content=\"1000\" \/>\n\t<meta property=\"og:image:height\" content=\"1000\" \/>\n\t<meta property=\"og:image:type\" content=\"image\/webp\" \/>\n<meta name=\"twitter:card\" content=\"summary_large_image\" \/>\n<script type=\"application\/ld+json\" class=\"yoast-schema-graph\">{\"@context\":\"https:\/\/schema.org\",\"@graph\":[{\"@type\":\"WebPage\",\"@id\":\"https:\/\/global-hookah.com\/it\/prodotto\/tubo-da-10-pollici-in-radica-churchwarden\/\",\"url\":\"https:\/\/global-hookah.com\/it\/prodotto\/tubo-da-10-pollici-in-radica-churchwarden\/\",\"name\":\"10 Inch Briar Churchwarden Pipe - Global Hookah\",\"isPartOf\":{\"@id\":\"https:\/\/global-hookah.com\/#website\"},\"primaryImageOfPage\":{\"@id\":\"https:\/\/global-hookah.com\/it\/prodotto\/tubo-da-10-pollici-in-radica-churchwarden\/#primaryimage\"},\"image\":{\"@id\":\"https:\/\/global-hookah.com\/it\/prodotto\/tubo-da-10-pollici-in-radica-churchwarden\/#primaryimage\"},\"thumbnailUrl\":\"https:\/\/global-hookah.com\/wp-content\/uploads\/2024\/01\/Carved-briar-tobacco-pipe-handwork-Heath-wood-pipe-churchwarden-pipe-Lesepfeife-reading-pipe-With-gift-box.webp\",\"datePublished\":\"2024-01-10T07:39:11+00:00\",\"dateModified\":\"2024-01-10T07:39:14+00:00\",\"breadcrumb\":{\"@id\":\"https:\/\/global-hookah.com\/it\/prodotto\/tubo-da-10-pollici-in-radica-churchwarden\/#breadcrumb\"},\"inLanguage\":\"es\",\"potentialAction\":[{\"@type\":\"ReadAction\",\"target\":[\"https:\/\/global-hookah.com\/it\/prodotto\/tubo-da-10-pollici-in-radica-churchwarden\/\"]}]},{\"@type\":\"ImageObject\",\"inLanguage\":\"es\",\"@id\":\"https:\/\/global-hookah.com\/it\/prodotto\/tubo-da-10-pollici-in-radica-churchwarden\/#primaryimage\",\"url\":\"https:\/\/global-hookah.com\/wp-content\/uploads\/2024\/01\/Carved-briar-tobacco-pipe-handwork-Heath-wood-pipe-churchwarden-pipe-Lesepfeife-reading-pipe-With-gift-box.webp\",\"contentUrl\":\"https:\/\/global-hookah.com\/wp-content\/uploads\/2024\/01\/Carved-briar-tobacco-pipe-handwork-Heath-wood-pipe-churchwarden-pipe-Lesepfeife-reading-pipe-With-gift-box.webp\",\"width\":1000,\"height\":1000},{\"@type\":\"BreadcrumbList\",\"@id\":\"https:\/\/global-hookah.com\/it\/prodotto\/tubo-da-10-pollici-in-radica-churchwarden\/#breadcrumb\",\"itemListElement\":[{\"@type\":\"ListItem\",\"position\":1,\"name\":\"Home\",\"item\":\"https:\/\/global-hookah.com\/\"},{\"@type\":\"ListItem\",\"position\":2,\"name\":\"Shop\",\"item\":\"https:\/\/global-hookah.com\/shop\/\"},{\"@type\":\"ListItem\",\"position\":3,\"name\":\"10 Inch Briar Churchwarden Pipe\"}]},{\"@type\":\"WebSite\",\"@id\":\"https:\/\/global-hookah.com\/#website\",\"url\":\"https:\/\/global-hookah.com\/\",\"name\":\"Global Hookah\",\"description\":\"Global Hookah\",\"publisher\":{\"@id\":\"https:\/\/global-hookah.com\/#organization\"},\"potentialAction\":[{\"@type\":\"SearchAction\",\"target\":{\"@type\":\"EntryPoint\",\"urlTemplate\":\"https:\/\/global-hookah.com\/?s={search_term_string}\"},\"query-input\":{\"@type\":\"PropertyValueSpecification\",\"valueRequired\":true,\"valueName\":\"search_term_string\"}}],\"inLanguage\":\"es\"},{\"@type\":\"Organization\",\"@id\":\"https:\/\/global-hookah.com\/#organization\",\"name\":\"Global Hookah\",\"url\":\"https:\/\/global-hookah.com\/\",\"logo\":{\"@type\":\"ImageObject\",\"inLanguage\":\"es\",\"@id\":\"https:\/\/global-hookah.com\/#\/schema\/logo\/image\/\",\"url\":\"https:\/\/global-hookah.com\/wp-content\/uploads\/2021\/10\/cropped-fgg.png\",\"contentUrl\":\"https:\/\/global-hookah.com\/wp-content\/uploads\/2021\/10\/cropped-fgg.png\",\"width\":512,\"height\":512,\"caption\":\"Global Hookah\"},\"image\":{\"@id\":\"https:\/\/global-hookah.com\/#\/schema\/logo\/image\/\"}}]}<\/script>\n<!-- \/ Yoast SEO Premium plugin. -->","yoast_head_json":{"title":"Pipa de Briar Churchwarden de 10 pulgadas - Global Hookah","robots":{"index":"index","follow":"follow","max-snippet":"max-snippet:-1","max-image-preview":"max-image-preview:large","max-video-preview":"max-video-preview:-1"},"canonical":"https:\/\/global-hookah.com\/es\/it\/prodotto\/tubo-da-10-pollici-in-radica-churchwarden\/","og_locale":"es_ES","og_type":"article","og_title":"10 Inch Briar Churchwarden Pipe","og_description":"\u00a0 Material:\u00a0wood Model Number:\u00a0aa0055K01 Brand Name:\u00a0MUXIANG Origin:\u00a0Mainland China \u00a0 A churchwarden pipe is a tobacco pipe with a long stem.","og_url":"https:\/\/global-hookah.com\/es\/it\/prodotto\/tubo-da-10-pollici-in-radica-churchwarden\/","og_site_name":"Global Hookah","article_modified_time":"2024-01-10T07:39:14+00:00","og_image":[{"width":1000,"height":1000,"url":"https:\/\/global-hookah.com\/wp-content\/uploads\/2024\/01\/Carved-briar-tobacco-pipe-handwork-Heath-wood-pipe-churchwarden-pipe-Lesepfeife-reading-pipe-With-gift-box.webp","type":"image\/webp"}],"twitter_card":"summary_large_image","schema":{"@context":"https:\/\/schema.org","@graph":[{"@type":"WebPage","@id":"https:\/\/global-hookah.com\/it\/prodotto\/tubo-da-10-pollici-in-radica-churchwarden\/","url":"https:\/\/global-hookah.com\/it\/prodotto\/tubo-da-10-pollici-in-radica-churchwarden\/","name":"Pipa de Briar Churchwarden de 10 pulgadas - Global Hookah","isPartOf":{"@id":"https:\/\/global-hookah.com\/#website"},"primaryImageOfPage":{"@id":"https:\/\/global-hookah.com\/it\/prodotto\/tubo-da-10-pollici-in-radica-churchwarden\/#primaryimage"},"image":{"@id":"https:\/\/global-hookah.com\/it\/prodotto\/tubo-da-10-pollici-in-radica-churchwarden\/#primaryimage"},"thumbnailUrl":"https:\/\/global-hookah.com\/wp-content\/uploads\/2024\/01\/Carved-briar-tobacco-pipe-handwork-Heath-wood-pipe-churchwarden-pipe-Lesepfeife-reading-pipe-With-gift-box.webp","datePublished":"2024-01-10T07:39:11+00:00","dateModified":"2024-01-10T07:39:14+00:00","breadcrumb":{"@id":"https:\/\/global-hookah.com\/it\/prodotto\/tubo-da-10-pollici-in-radica-churchwarden\/#breadcrumb"},"inLanguage":"es","potentialAction":[{"@type":"ReadAction","target":["https:\/\/global-hookah.com\/it\/prodotto\/tubo-da-10-pollici-in-radica-churchwarden\/"]}]},{"@type":"ImageObject","inLanguage":"es","@id":"https:\/\/global-hookah.com\/it\/prodotto\/tubo-da-10-pollici-in-radica-churchwarden\/#primaryimage","url":"https:\/\/global-hookah.com\/wp-content\/uploads\/2024\/01\/Carved-briar-tobacco-pipe-handwork-Heath-wood-pipe-churchwarden-pipe-Lesepfeife-reading-pipe-With-gift-box.webp","contentUrl":"https:\/\/global-hookah.com\/wp-content\/uploads\/2024\/01\/Carved-briar-tobacco-pipe-handwork-Heath-wood-pipe-churchwarden-pipe-Lesepfeife-reading-pipe-With-gift-box.webp","width":1000,"height":1000},{"@type":"BreadcrumbList","@id":"https:\/\/global-hookah.com\/it\/prodotto\/tubo-da-10-pollici-in-radica-churchwarden\/#breadcrumb","itemListElement":[{"@type":"ListItem","position":1,"name":"Home","item":"https:\/\/global-hookah.com\/"},{"@type":"ListItem","position":2,"name":"Shop","item":"https:\/\/global-hookah.com\/shop\/"},{"@type":"ListItem","position":3,"name":"10 Inch Briar Churchwarden Pipe"}]},{"@type":"WebSite","@id":"https:\/\/global-hookah.com\/#website","url":"https:\/\/global-hookah.com\/","name":"Global Hookah","description":"Global Hookah","publisher":{"@id":"https:\/\/global-hookah.com\/#organization"},"potentialAction":[{"@type":"SearchAction","target":{"@type":"EntryPoint","urlTemplate":"https:\/\/global-hookah.com\/?s={search_term_string}"},"query-input":{"@type":"PropertyValueSpecification","valueRequired":true,"valueName":"search_term_string"}}],"inLanguage":"es"},{"@type":"Organization","@id":"https:\/\/global-hookah.com\/#organization","name":"Global Hookah","url":"https:\/\/global-hookah.com\/","logo":{"@type":"ImageObject","inLanguage":"es","@id":"https:\/\/global-hookah.com\/#\/schema\/logo\/image\/","url":"https:\/\/global-hookah.com\/wp-content\/uploads\/2021\/10\/cropped-fgg.png","contentUrl":"https:\/\/global-hookah.com\/wp-content\/uploads\/2021\/10\/cropped-fgg.png","width":512,"height":512,"caption":"Global Hookah"},"image":{"@id":"https:\/\/global-hookah.com\/#\/schema\/logo\/image\/"}}]}},"_links":{"self":[{"href":"https:\/\/global-hookah.com\/es\/wp-json\/wp\/v2\/product\/18804","targetHints":{"allow":["GET"]}}],"collection":[{"href":"https:\/\/global-hookah.com\/es\/wp-json\/wp\/v2\/product"}],"about":[{"href":"https:\/\/global-hookah.com\/es\/wp-json\/wp\/v2\/types\/product"}],"replies":[{"embeddable":true,"href":"https:\/\/global-hookah.com\/es\/wp-json\/wp\/v2\/comments?post=18804"}],"version-history":[{"count":0,"href":"https:\/\/global-hookah.com\/es\/wp-json\/wp\/v2\/product\/18804\/revisions"}],"wp:featuredmedia":[{"embeddable":true,"href":"https:\/\/global-hookah.com\/es\/wp-json\/wp\/v2\/media\/18805"}],"wp:attachment":[{"href":"https:\/\/global-hookah.com\/es\/wp-json\/wp\/v2\/media?parent=18804"}],"wp:term":[{"taxonomy":"product_brand","embeddable":true,"href":"https:\/\/global-hookah.com\/es\/wp-json\/wp\/v2\/product_brand?post=18804"},{"taxonomy":"product_cat","embeddable":true,"href":"https:\/\/global-hookah.com\/es\/wp-json\/wp\/v2\/product_cat?post=18804"},{"taxonomy":"product_tag","embeddable":true,"href":"https:\/\/global-hookah.com\/es\/wp-json\/wp\/v2\/product_tag?post=18804"}],"curies":[{"name":"wp","href":"https:\/\/api.w.org\/{rel}","templated":true}]}}