{"id":19122,"date":"2024-01-12T05:43:24","date_gmt":"2024-01-12T05:43:24","guid":{"rendered":"https:\/\/global-hookah.com\/?post_type=product&#038;p=19122"},"modified":"2024-04-17T07:37:38","modified_gmt":"2024-04-17T07:37:38","slug":"cheap-electronic-hookah-kit-wholesale","status":"publish","type":"product","link":"https:\/\/global-hookah.com\/es\/producto\/cheap-electronic-hookah-kit-wholesale\/","title":{"rendered":"Kit de narguile electr\u00f3nico barato al por mayor"},"content":{"rendered":"<p>Desea utilizar <strong>narguile electr\u00f3nico<\/strong> para a\u00f1adir diversi\u00f3n a tu vida? Echa un vistazo a esta novela <strong>Narguile electr\u00f3nico<\/strong> hoy. A diferencia de<a href=\"https:\/\/global-hookah.com\/\"> narguile tradicional<\/a>Este <strong>Kit de narguile electr\u00f3nico<\/strong> funciona con una bater\u00eda recargable y no requiere ninguna conexi\u00f3n por cable, lo que le proporciona una gran libertad de uso. Puede cambiar la colocaci\u00f3n del <strong>pipa hookah electr\u00f3nica<\/strong> como quieras, ya no estar\u00e1s limitado por la toma de corriente.<\/p>\n<p>Pero eso no es todo. Este <strong>narguile electr\u00f3nico port\u00e1til<\/strong> tambi\u00e9n cuenta con un genial LED que te permite ambientar la escena con colores vibrantes. \u00bfPlaneas una fiesta con tem\u00e1tica de ne\u00f3n o simplemente relajarte con Netflix? Puedes personalizar el ambiente perfecto con s\u00f3lo pulsar un bot\u00f3n. Con estas opciones, seguro que enciendes la chispa de tu fiesta.<\/p>\n<p>Con los controles de temperatura ajustables, puede marcar el calor perfecto para generar vapor sabroso, y con una bater\u00eda de alta capacidad, que es justo lo que necesita para sesiones prolongadas de indulgencia sin preocupaciones. Sigue dando caladas hasta saciarte sin preocuparte por apagones repentinos. La protecci\u00f3n integrada contra el sobrecalentamiento y el apagado autom\u00e1tico le proporcionan una total tranquilidad. Sum\u00e9rjase en una relajaci\u00f3n absoluta y disfrute al m\u00e1ximo.<\/p>","protected":false},"excerpt":{"rendered":"<p>\u00bfQuieres usar el narguile electr\u00f3nico para a\u00f1adir diversi\u00f3n a tu vida? Echa un vistazo a esta novedosa cachimba electr\u00f3nica hoy mismo.<\/p>","protected":false},"featured_media":19124,"comment_status":"open","ping_status":"closed","template":"","meta":{"iawp_total_views":41,"_joinchat":[]},"product_brand":[],"product_cat":[561],"product_tag":[],"class_list":{"0":"post-19122","1":"product","2":"type-product","3":"status-publish","4":"has-post-thumbnail","6":"product_cat-electric-hookah-wholesale","8":"first","9":"instock","10":"shipping-taxable","11":"product-type-external"},"yoast_head":"<!-- This site is optimized with the Yoast SEO Premium plugin v24.7 (Yoast SEO v26.8) - https:\/\/yoast.com\/product\/yoast-seo-premium-wordpress\/ -->\n<title>Cheap Electronic Hookah Kit Wholesale - Global Hookah<\/title>\n<meta name=\"robots\" content=\"index, follow, max-snippet:-1, max-image-preview:large, max-video-preview:-1\" \/>\n<link rel=\"canonical\" href=\"https:\/\/global-hookah.com\/es\/producto\/cheap-electronic-hookah-kit-wholesale\/\" \/>\n<meta property=\"og:locale\" content=\"es_ES\" \/>\n<meta property=\"og:type\" content=\"article\" \/>\n<meta property=\"og:title\" content=\"Cheap Electronic Hookah Kit Wholesale\" \/>\n<meta property=\"og:description\" content=\"Want to use electronic hookah to add fun to your life? Take a look at this novel Electronic Hookah today.\" \/>\n<meta property=\"og:url\" content=\"https:\/\/global-hookah.com\/es\/producto\/cheap-electronic-hookah-kit-wholesale\/\" \/>\n<meta property=\"og:site_name\" content=\"Global Hookah\" \/>\n<meta property=\"article:modified_time\" content=\"2024-04-17T07:37:38+00:00\" \/>\n<meta property=\"og:image\" content=\"https:\/\/global-hookah.com\/wp-content\/uploads\/2024\/01\/6210b87e6a6418ea45b70476872f325.jpg\" \/>\n\t<meta property=\"og:image:width\" content=\"800\" \/>\n\t<meta property=\"og:image:height\" content=\"800\" \/>\n\t<meta property=\"og:image:type\" content=\"image\/jpeg\" \/>\n<meta name=\"twitter:card\" content=\"summary_large_image\" \/>\n<meta name=\"twitter:label1\" content=\"Tiempo de lectura\" \/>\n\t<meta name=\"twitter:data1\" content=\"2 minutos\" \/>\n<script type=\"application\/ld+json\" class=\"yoast-schema-graph\">{\"@context\":\"https:\/\/schema.org\",\"@graph\":[{\"@type\":\"WebPage\",\"@id\":\"https:\/\/global-hookah.com\/product\/cheap-electronic-hookah-kit-wholesale\/\",\"url\":\"https:\/\/global-hookah.com\/product\/cheap-electronic-hookah-kit-wholesale\/\",\"name\":\"Cheap Electronic Hookah Kit Wholesale - Global Hookah\",\"isPartOf\":{\"@id\":\"https:\/\/global-hookah.com\/#website\"},\"primaryImageOfPage\":{\"@id\":\"https:\/\/global-hookah.com\/product\/cheap-electronic-hookah-kit-wholesale\/#primaryimage\"},\"image\":{\"@id\":\"https:\/\/global-hookah.com\/product\/cheap-electronic-hookah-kit-wholesale\/#primaryimage\"},\"thumbnailUrl\":\"https:\/\/global-hookah.com\/wp-content\/uploads\/2024\/01\/6210b87e6a6418ea45b70476872f325.jpg\",\"datePublished\":\"2024-01-12T05:43:24+00:00\",\"dateModified\":\"2024-04-17T07:37:38+00:00\",\"breadcrumb\":{\"@id\":\"https:\/\/global-hookah.com\/product\/cheap-electronic-hookah-kit-wholesale\/#breadcrumb\"},\"inLanguage\":\"es\",\"potentialAction\":[{\"@type\":\"ReadAction\",\"target\":[\"https:\/\/global-hookah.com\/product\/cheap-electronic-hookah-kit-wholesale\/\"]}]},{\"@type\":\"ImageObject\",\"inLanguage\":\"es\",\"@id\":\"https:\/\/global-hookah.com\/product\/cheap-electronic-hookah-kit-wholesale\/#primaryimage\",\"url\":\"https:\/\/global-hookah.com\/wp-content\/uploads\/2024\/01\/6210b87e6a6418ea45b70476872f325.jpg\",\"contentUrl\":\"https:\/\/global-hookah.com\/wp-content\/uploads\/2024\/01\/6210b87e6a6418ea45b70476872f325.jpg\",\"width\":800,\"height\":800,\"caption\":\"Cheap Electronic Hookah Kit Wholesale\"},{\"@type\":\"BreadcrumbList\",\"@id\":\"https:\/\/global-hookah.com\/product\/cheap-electronic-hookah-kit-wholesale\/#breadcrumb\",\"itemListElement\":[{\"@type\":\"ListItem\",\"position\":1,\"name\":\"Home\",\"item\":\"https:\/\/global-hookah.com\/\"},{\"@type\":\"ListItem\",\"position\":2,\"name\":\"Shop\",\"item\":\"https:\/\/global-hookah.com\/shop\/\"},{\"@type\":\"ListItem\",\"position\":3,\"name\":\"Cheap Electronic Hookah Kit Wholesale\"}]},{\"@type\":\"WebSite\",\"@id\":\"https:\/\/global-hookah.com\/#website\",\"url\":\"https:\/\/global-hookah.com\/\",\"name\":\"Global Hookah\",\"description\":\"Global Hookah\",\"publisher\":{\"@id\":\"https:\/\/global-hookah.com\/#organization\"},\"potentialAction\":[{\"@type\":\"SearchAction\",\"target\":{\"@type\":\"EntryPoint\",\"urlTemplate\":\"https:\/\/global-hookah.com\/?s={search_term_string}\"},\"query-input\":{\"@type\":\"PropertyValueSpecification\",\"valueRequired\":true,\"valueName\":\"search_term_string\"}}],\"inLanguage\":\"es\"},{\"@type\":\"Organization\",\"@id\":\"https:\/\/global-hookah.com\/#organization\",\"name\":\"Global Hookah\",\"url\":\"https:\/\/global-hookah.com\/\",\"logo\":{\"@type\":\"ImageObject\",\"inLanguage\":\"es\",\"@id\":\"https:\/\/global-hookah.com\/#\/schema\/logo\/image\/\",\"url\":\"https:\/\/global-hookah.com\/wp-content\/uploads\/2021\/10\/cropped-fgg.png\",\"contentUrl\":\"https:\/\/global-hookah.com\/wp-content\/uploads\/2021\/10\/cropped-fgg.png\",\"width\":512,\"height\":512,\"caption\":\"Global Hookah\"},\"image\":{\"@id\":\"https:\/\/global-hookah.com\/#\/schema\/logo\/image\/\"}}]}<\/script>\n<!-- \/ Yoast SEO Premium plugin. -->","yoast_head_json":{"title":"Cheap Electronic Hookah Kit Wholesale - Global Hookah","robots":{"index":"index","follow":"follow","max-snippet":"max-snippet:-1","max-image-preview":"max-image-preview:large","max-video-preview":"max-video-preview:-1"},"canonical":"https:\/\/global-hookah.com\/es\/producto\/cheap-electronic-hookah-kit-wholesale\/","og_locale":"es_ES","og_type":"article","og_title":"Cheap Electronic Hookah Kit Wholesale","og_description":"Want to use electronic hookah to add fun to your life? Take a look at this novel Electronic Hookah today.","og_url":"https:\/\/global-hookah.com\/es\/producto\/cheap-electronic-hookah-kit-wholesale\/","og_site_name":"Global Hookah","article_modified_time":"2024-04-17T07:37:38+00:00","og_image":[{"width":800,"height":800,"url":"https:\/\/global-hookah.com\/wp-content\/uploads\/2024\/01\/6210b87e6a6418ea45b70476872f325.jpg","type":"image\/jpeg"}],"twitter_card":"summary_large_image","twitter_misc":{"Tiempo de lectura":"2 minutos"},"schema":{"@context":"https:\/\/schema.org","@graph":[{"@type":"WebPage","@id":"https:\/\/global-hookah.com\/product\/cheap-electronic-hookah-kit-wholesale\/","url":"https:\/\/global-hookah.com\/product\/cheap-electronic-hookah-kit-wholesale\/","name":"Cheap Electronic Hookah Kit Wholesale - Global Hookah","isPartOf":{"@id":"https:\/\/global-hookah.com\/#website"},"primaryImageOfPage":{"@id":"https:\/\/global-hookah.com\/product\/cheap-electronic-hookah-kit-wholesale\/#primaryimage"},"image":{"@id":"https:\/\/global-hookah.com\/product\/cheap-electronic-hookah-kit-wholesale\/#primaryimage"},"thumbnailUrl":"https:\/\/global-hookah.com\/wp-content\/uploads\/2024\/01\/6210b87e6a6418ea45b70476872f325.jpg","datePublished":"2024-01-12T05:43:24+00:00","dateModified":"2024-04-17T07:37:38+00:00","breadcrumb":{"@id":"https:\/\/global-hookah.com\/product\/cheap-electronic-hookah-kit-wholesale\/#breadcrumb"},"inLanguage":"es","potentialAction":[{"@type":"ReadAction","target":["https:\/\/global-hookah.com\/product\/cheap-electronic-hookah-kit-wholesale\/"]}]},{"@type":"ImageObject","inLanguage":"es","@id":"https:\/\/global-hookah.com\/product\/cheap-electronic-hookah-kit-wholesale\/#primaryimage","url":"https:\/\/global-hookah.com\/wp-content\/uploads\/2024\/01\/6210b87e6a6418ea45b70476872f325.jpg","contentUrl":"https:\/\/global-hookah.com\/wp-content\/uploads\/2024\/01\/6210b87e6a6418ea45b70476872f325.jpg","width":800,"height":800,"caption":"Cheap Electronic Hookah Kit Wholesale"},{"@type":"BreadcrumbList","@id":"https:\/\/global-hookah.com\/product\/cheap-electronic-hookah-kit-wholesale\/#breadcrumb","itemListElement":[{"@type":"ListItem","position":1,"name":"Home","item":"https:\/\/global-hookah.com\/"},{"@type":"ListItem","position":2,"name":"Shop","item":"https:\/\/global-hookah.com\/shop\/"},{"@type":"ListItem","position":3,"name":"Cheap Electronic Hookah Kit Wholesale"}]},{"@type":"WebSite","@id":"https:\/\/global-hookah.com\/#website","url":"https:\/\/global-hookah.com\/","name":"Global Hookah","description":"Global Hookah","publisher":{"@id":"https:\/\/global-hookah.com\/#organization"},"potentialAction":[{"@type":"SearchAction","target":{"@type":"EntryPoint","urlTemplate":"https:\/\/global-hookah.com\/?s={search_term_string}"},"query-input":{"@type":"PropertyValueSpecification","valueRequired":true,"valueName":"search_term_string"}}],"inLanguage":"es"},{"@type":"Organization","@id":"https:\/\/global-hookah.com\/#organization","name":"Global Hookah","url":"https:\/\/global-hookah.com\/","logo":{"@type":"ImageObject","inLanguage":"es","@id":"https:\/\/global-hookah.com\/#\/schema\/logo\/image\/","url":"https:\/\/global-hookah.com\/wp-content\/uploads\/2021\/10\/cropped-fgg.png","contentUrl":"https:\/\/global-hookah.com\/wp-content\/uploads\/2021\/10\/cropped-fgg.png","width":512,"height":512,"caption":"Global Hookah"},"image":{"@id":"https:\/\/global-hookah.com\/#\/schema\/logo\/image\/"}}]}},"_links":{"self":[{"href":"https:\/\/global-hookah.com\/es\/wp-json\/wp\/v2\/product\/19122","targetHints":{"allow":["GET"]}}],"collection":[{"href":"https:\/\/global-hookah.com\/es\/wp-json\/wp\/v2\/product"}],"about":[{"href":"https:\/\/global-hookah.com\/es\/wp-json\/wp\/v2\/types\/product"}],"replies":[{"embeddable":true,"href":"https:\/\/global-hookah.com\/es\/wp-json\/wp\/v2\/comments?post=19122"}],"version-history":[{"count":0,"href":"https:\/\/global-hookah.com\/es\/wp-json\/wp\/v2\/product\/19122\/revisions"}],"wp:featuredmedia":[{"embeddable":true,"href":"https:\/\/global-hookah.com\/es\/wp-json\/wp\/v2\/media\/19124"}],"wp:attachment":[{"href":"https:\/\/global-hookah.com\/es\/wp-json\/wp\/v2\/media?parent=19122"}],"wp:term":[{"taxonomy":"product_brand","embeddable":true,"href":"https:\/\/global-hookah.com\/es\/wp-json\/wp\/v2\/product_brand?post=19122"},{"taxonomy":"product_cat","embeddable":true,"href":"https:\/\/global-hookah.com\/es\/wp-json\/wp\/v2\/product_cat?post=19122"},{"taxonomy":"product_tag","embeddable":true,"href":"https:\/\/global-hookah.com\/es\/wp-json\/wp\/v2\/product_tag?post=19122"}],"curies":[{"name":"wp","href":"https:\/\/api.w.org\/{rel}","templated":true}]}}