{"id":19193,"date":"2024-01-12T06:21:22","date_gmt":"2024-01-12T06:21:22","guid":{"rendered":"https:\/\/global-hookah.com\/?post_type=product&#038;p=19193"},"modified":"2024-01-16T05:40:56","modified_gmt":"2024-01-16T05:40:56","slug":"bee-shaped-spoon-glass-pipe","status":"publish","type":"product","link":"https:\/\/global-hookah.com\/es\/producto\/bee-shaped-spoon-glass-pipe\/","title":{"rendered":"Pipa de vidrio en forma de cuchara"},"content":{"rendered":"<p>\u00bfSe ha decidido a invertir en un <a href=\"https:\/\/global-hookah.com\/product-category\/glass-pipe\/\">pipa de vidrio de calidad<\/a> para que tu experiencia con el cannabis sea a\u00fan m\u00e1s emocionante? Si es as\u00ed, entonces este <strong>Cuchara con forma de abeja Pipas de vidrio<\/strong>e es perfecto para usted<\/p>\n<p>Cuando viste esto por primera vez <strong>Cuchara con forma de abeja Pipas de vidrio<\/strong>\u00bfle atrajo su exquisita forma de abeja? Est\u00e1 especialmente dise\u00f1ado por nuestro maestro de la pipa<\/p>\n<p>Al utilizar esta forma de abeja <a class=\"wpil_keyword_link\" href=\"https:\/\/global-hookah.com\/product-category\/wholesale-weed-pipes\/\"   title=\"tubo de vidrio\" data-wpil-keyword-link=\"linked\">tubo de vidrio<\/a>, puede fumar cogollos de flores secas, cogollos de flores secas, etc. Y el vidrio de borosilicato de alta calidad tambi\u00e9n le puede dar un sabor suave<\/p>\n<p>S\u00f3lo mide 10 cm de largo, por lo que es f\u00e1cil de guardar en el bolsillo o en la mochila cuando se viaja.<\/p>","protected":false},"excerpt":{"rendered":"<p>\u00bfTe has decidido a invertir en una pipa de cristal de calidad para que tu experiencia cann\u00e1bica sea a\u00fan mayor?<\/p>","protected":false},"featured_media":19199,"comment_status":"open","ping_status":"closed","template":"","meta":{"iawp_total_views":5,"_joinchat":[]},"product_brand":[],"product_cat":[128],"product_tag":[],"class_list":{"0":"post-19193","1":"product","2":"type-product","3":"status-publish","4":"has-post-thumbnail","6":"product_cat-spoon-pipe","8":"first","9":"instock","10":"shipping-taxable","11":"purchasable","12":"product-type-simple"},"yoast_head":"<!-- This site is optimized with the Yoast SEO Premium plugin v24.7 (Yoast SEO v26.8) - https:\/\/yoast.com\/product\/yoast-seo-premium-wordpress\/ -->\n<title>Bee-Shaped Spoon Glass Pipe - Global Hookah<\/title>\n<meta name=\"robots\" content=\"index, follow, max-snippet:-1, max-image-preview:large, max-video-preview:-1\" \/>\n<link rel=\"canonical\" href=\"https:\/\/global-hookah.com\/es\/producto\/bee-shaped-spoon-glass-pipe\/\" \/>\n<meta property=\"og:locale\" content=\"es_ES\" \/>\n<meta property=\"og:type\" content=\"article\" \/>\n<meta property=\"og:title\" content=\"Bee-Shaped Spoon Glass Pipe\" \/>\n<meta property=\"og:description\" content=\"Have you made up your mind to invest in a quality glass pipe to make your cannabis experience even more\" \/>\n<meta property=\"og:url\" content=\"https:\/\/global-hookah.com\/es\/producto\/bee-shaped-spoon-glass-pipe\/\" \/>\n<meta property=\"og:site_name\" content=\"Global Hookah\" \/>\n<meta property=\"article:modified_time\" content=\"2024-01-16T05:40:56+00:00\" \/>\n<meta property=\"og:image\" content=\"https:\/\/global-hookah.com\/wp-content\/uploads\/2024\/01\/cf610096f14073b4e6112bd0d600e15.jpg\" \/>\n\t<meta property=\"og:image:width\" content=\"1500\" \/>\n\t<meta property=\"og:image:height\" content=\"1500\" \/>\n\t<meta property=\"og:image:type\" content=\"image\/jpeg\" \/>\n<meta name=\"twitter:card\" content=\"summary_large_image\" \/>\n<meta name=\"twitter:label1\" content=\"Tiempo de lectura\" \/>\n\t<meta name=\"twitter:data1\" content=\"1 minuto\" \/>\n<script type=\"application\/ld+json\" class=\"yoast-schema-graph\">{\"@context\":\"https:\/\/schema.org\",\"@graph\":[{\"@type\":\"WebPage\",\"@id\":\"https:\/\/global-hookah.com\/product\/bee-shaped-spoon-glass-pipe\/\",\"url\":\"https:\/\/global-hookah.com\/product\/bee-shaped-spoon-glass-pipe\/\",\"name\":\"Bee-Shaped Spoon Glass Pipe - Global Hookah\",\"isPartOf\":{\"@id\":\"https:\/\/global-hookah.com\/#website\"},\"primaryImageOfPage\":{\"@id\":\"https:\/\/global-hookah.com\/product\/bee-shaped-spoon-glass-pipe\/#primaryimage\"},\"image\":{\"@id\":\"https:\/\/global-hookah.com\/product\/bee-shaped-spoon-glass-pipe\/#primaryimage\"},\"thumbnailUrl\":\"https:\/\/global-hookah.com\/wp-content\/uploads\/2024\/01\/cf610096f14073b4e6112bd0d600e15.jpg\",\"datePublished\":\"2024-01-12T06:21:22+00:00\",\"dateModified\":\"2024-01-16T05:40:56+00:00\",\"breadcrumb\":{\"@id\":\"https:\/\/global-hookah.com\/product\/bee-shaped-spoon-glass-pipe\/#breadcrumb\"},\"inLanguage\":\"es\",\"potentialAction\":[{\"@type\":\"ReadAction\",\"target\":[\"https:\/\/global-hookah.com\/product\/bee-shaped-spoon-glass-pipe\/\"]}]},{\"@type\":\"ImageObject\",\"inLanguage\":\"es\",\"@id\":\"https:\/\/global-hookah.com\/product\/bee-shaped-spoon-glass-pipe\/#primaryimage\",\"url\":\"https:\/\/global-hookah.com\/wp-content\/uploads\/2024\/01\/cf610096f14073b4e6112bd0d600e15.jpg\",\"contentUrl\":\"https:\/\/global-hookah.com\/wp-content\/uploads\/2024\/01\/cf610096f14073b4e6112bd0d600e15.jpg\",\"width\":1500,\"height\":1500,\"caption\":\"Bee-Shaped Spoon Glass Pip\"},{\"@type\":\"BreadcrumbList\",\"@id\":\"https:\/\/global-hookah.com\/product\/bee-shaped-spoon-glass-pipe\/#breadcrumb\",\"itemListElement\":[{\"@type\":\"ListItem\",\"position\":1,\"name\":\"Home\",\"item\":\"https:\/\/global-hookah.com\/\"},{\"@type\":\"ListItem\",\"position\":2,\"name\":\"Shop\",\"item\":\"https:\/\/global-hookah.com\/shop\/\"},{\"@type\":\"ListItem\",\"position\":3,\"name\":\"Bee-Shaped Spoon Glass Pipe\"}]},{\"@type\":\"WebSite\",\"@id\":\"https:\/\/global-hookah.com\/#website\",\"url\":\"https:\/\/global-hookah.com\/\",\"name\":\"Global Hookah\",\"description\":\"Global Hookah\",\"publisher\":{\"@id\":\"https:\/\/global-hookah.com\/#organization\"},\"potentialAction\":[{\"@type\":\"SearchAction\",\"target\":{\"@type\":\"EntryPoint\",\"urlTemplate\":\"https:\/\/global-hookah.com\/?s={search_term_string}\"},\"query-input\":{\"@type\":\"PropertyValueSpecification\",\"valueRequired\":true,\"valueName\":\"search_term_string\"}}],\"inLanguage\":\"es\"},{\"@type\":\"Organization\",\"@id\":\"https:\/\/global-hookah.com\/#organization\",\"name\":\"Global Hookah\",\"url\":\"https:\/\/global-hookah.com\/\",\"logo\":{\"@type\":\"ImageObject\",\"inLanguage\":\"es\",\"@id\":\"https:\/\/global-hookah.com\/#\/schema\/logo\/image\/\",\"url\":\"https:\/\/global-hookah.com\/wp-content\/uploads\/2021\/10\/cropped-fgg.png\",\"contentUrl\":\"https:\/\/global-hookah.com\/wp-content\/uploads\/2021\/10\/cropped-fgg.png\",\"width\":512,\"height\":512,\"caption\":\"Global Hookah\"},\"image\":{\"@id\":\"https:\/\/global-hookah.com\/#\/schema\/logo\/image\/\"}}]}<\/script>\n<!-- \/ Yoast SEO Premium plugin. -->","yoast_head_json":{"title":"Pipa de vidrio en forma de cuchara - Global Hookah","robots":{"index":"index","follow":"follow","max-snippet":"max-snippet:-1","max-image-preview":"max-image-preview:large","max-video-preview":"max-video-preview:-1"},"canonical":"https:\/\/global-hookah.com\/es\/producto\/bee-shaped-spoon-glass-pipe\/","og_locale":"es_ES","og_type":"article","og_title":"Bee-Shaped Spoon Glass Pipe","og_description":"Have you made up your mind to invest in a quality glass pipe to make your cannabis experience even more","og_url":"https:\/\/global-hookah.com\/es\/producto\/bee-shaped-spoon-glass-pipe\/","og_site_name":"Global Hookah","article_modified_time":"2024-01-16T05:40:56+00:00","og_image":[{"width":1500,"height":1500,"url":"https:\/\/global-hookah.com\/wp-content\/uploads\/2024\/01\/cf610096f14073b4e6112bd0d600e15.jpg","type":"image\/jpeg"}],"twitter_card":"summary_large_image","twitter_misc":{"Tiempo de lectura":"1 minuto"},"schema":{"@context":"https:\/\/schema.org","@graph":[{"@type":"WebPage","@id":"https:\/\/global-hookah.com\/product\/bee-shaped-spoon-glass-pipe\/","url":"https:\/\/global-hookah.com\/product\/bee-shaped-spoon-glass-pipe\/","name":"Pipa de vidrio en forma de cuchara - Global Hookah","isPartOf":{"@id":"https:\/\/global-hookah.com\/#website"},"primaryImageOfPage":{"@id":"https:\/\/global-hookah.com\/product\/bee-shaped-spoon-glass-pipe\/#primaryimage"},"image":{"@id":"https:\/\/global-hookah.com\/product\/bee-shaped-spoon-glass-pipe\/#primaryimage"},"thumbnailUrl":"https:\/\/global-hookah.com\/wp-content\/uploads\/2024\/01\/cf610096f14073b4e6112bd0d600e15.jpg","datePublished":"2024-01-12T06:21:22+00:00","dateModified":"2024-01-16T05:40:56+00:00","breadcrumb":{"@id":"https:\/\/global-hookah.com\/product\/bee-shaped-spoon-glass-pipe\/#breadcrumb"},"inLanguage":"es","potentialAction":[{"@type":"ReadAction","target":["https:\/\/global-hookah.com\/product\/bee-shaped-spoon-glass-pipe\/"]}]},{"@type":"ImageObject","inLanguage":"es","@id":"https:\/\/global-hookah.com\/product\/bee-shaped-spoon-glass-pipe\/#primaryimage","url":"https:\/\/global-hookah.com\/wp-content\/uploads\/2024\/01\/cf610096f14073b4e6112bd0d600e15.jpg","contentUrl":"https:\/\/global-hookah.com\/wp-content\/uploads\/2024\/01\/cf610096f14073b4e6112bd0d600e15.jpg","width":1500,"height":1500,"caption":"Bee-Shaped Spoon Glass Pip"},{"@type":"BreadcrumbList","@id":"https:\/\/global-hookah.com\/product\/bee-shaped-spoon-glass-pipe\/#breadcrumb","itemListElement":[{"@type":"ListItem","position":1,"name":"Home","item":"https:\/\/global-hookah.com\/"},{"@type":"ListItem","position":2,"name":"Shop","item":"https:\/\/global-hookah.com\/shop\/"},{"@type":"ListItem","position":3,"name":"Bee-Shaped Spoon Glass Pipe"}]},{"@type":"WebSite","@id":"https:\/\/global-hookah.com\/#website","url":"https:\/\/global-hookah.com\/","name":"Global Hookah","description":"Global Hookah","publisher":{"@id":"https:\/\/global-hookah.com\/#organization"},"potentialAction":[{"@type":"SearchAction","target":{"@type":"EntryPoint","urlTemplate":"https:\/\/global-hookah.com\/?s={search_term_string}"},"query-input":{"@type":"PropertyValueSpecification","valueRequired":true,"valueName":"search_term_string"}}],"inLanguage":"es"},{"@type":"Organization","@id":"https:\/\/global-hookah.com\/#organization","name":"Global Hookah","url":"https:\/\/global-hookah.com\/","logo":{"@type":"ImageObject","inLanguage":"es","@id":"https:\/\/global-hookah.com\/#\/schema\/logo\/image\/","url":"https:\/\/global-hookah.com\/wp-content\/uploads\/2021\/10\/cropped-fgg.png","contentUrl":"https:\/\/global-hookah.com\/wp-content\/uploads\/2021\/10\/cropped-fgg.png","width":512,"height":512,"caption":"Global Hookah"},"image":{"@id":"https:\/\/global-hookah.com\/#\/schema\/logo\/image\/"}}]}},"_links":{"self":[{"href":"https:\/\/global-hookah.com\/es\/wp-json\/wp\/v2\/product\/19193","targetHints":{"allow":["GET"]}}],"collection":[{"href":"https:\/\/global-hookah.com\/es\/wp-json\/wp\/v2\/product"}],"about":[{"href":"https:\/\/global-hookah.com\/es\/wp-json\/wp\/v2\/types\/product"}],"replies":[{"embeddable":true,"href":"https:\/\/global-hookah.com\/es\/wp-json\/wp\/v2\/comments?post=19193"}],"version-history":[{"count":0,"href":"https:\/\/global-hookah.com\/es\/wp-json\/wp\/v2\/product\/19193\/revisions"}],"wp:featuredmedia":[{"embeddable":true,"href":"https:\/\/global-hookah.com\/es\/wp-json\/wp\/v2\/media\/19199"}],"wp:attachment":[{"href":"https:\/\/global-hookah.com\/es\/wp-json\/wp\/v2\/media?parent=19193"}],"wp:term":[{"taxonomy":"product_brand","embeddable":true,"href":"https:\/\/global-hookah.com\/es\/wp-json\/wp\/v2\/product_brand?post=19193"},{"taxonomy":"product_cat","embeddable":true,"href":"https:\/\/global-hookah.com\/es\/wp-json\/wp\/v2\/product_cat?post=19193"},{"taxonomy":"product_tag","embeddable":true,"href":"https:\/\/global-hookah.com\/es\/wp-json\/wp\/v2\/product_tag?post=19193"}],"curies":[{"name":"wp","href":"https:\/\/api.w.org\/{rel}","templated":true}]}}