{"id":19217,"date":"2024-01-12T06:30:35","date_gmt":"2024-01-12T06:30:35","guid":{"rendered":"https:\/\/global-hookah.com\/?post_type=product&#038;p=19217"},"modified":"2024-01-12T10:49:06","modified_gmt":"2024-01-12T10:49:06","slug":"straight-glass-smoking-pipe","status":"publish","type":"product","link":"https:\/\/global-hookah.com\/es\/producto\/straight-glass-smoking-pipe\/","title":{"rendered":"Pipa recta de vidrio"},"content":{"rendered":"<p>Nuestra <strong>Pipa recta de vidrio<\/strong> se fabrican cuidadosamente con vidrio de borosilicato de alta calidad.<\/p>\n<p>La superficie est\u00e1 finamente pulida y la textura es suave, por lo que cuando fume tabaco, se sentir\u00e1 m\u00e1s c\u00f3modo al sostenerlo.<\/p>\n<p>El dise\u00f1o de tubo recto puede lograr la transmisi\u00f3n de humo m\u00e1s puro, conservando el aroma del tabaco para usted a la m\u00e1xima sonoridad.<\/p>\n<p><strong>Recto <a class=\"wpil_keyword_link\" href=\"https:\/\/global-hookah.com\/product-category\/wholesale-weed-pipes\/\"   title=\"Pipa de cristal\" data-wpil-keyword-link=\"linked\">Pipa de cristal<\/a><\/strong> es principalmente de color azul oscuro con rayas azul claro degradadas<\/p>\n<p>Este <strong>tubo recto de vidrio<\/strong> tiene una peque\u00f1a anilla en el lateral con un dise\u00f1o muy ingenioso. Puedes pasarle un cord\u00f3n para transportarla f\u00e1cilmente.<\/p>","protected":false},"excerpt":{"rendered":"<p>Nuestras pipas de vidrio rectas se fabrican cuidadosamente con vidrio de borosilicato de alta calidad. La superficie est\u00e1 finamente pulida y<\/p>","protected":false},"featured_media":19219,"comment_status":"open","ping_status":"closed","template":"","meta":{"iawp_total_views":0,"_joinchat":[]},"product_brand":[],"product_cat":[562],"product_tag":[],"class_list":{"0":"post-19217","1":"product","2":"type-product","3":"status-publish","4":"has-post-thumbnail","6":"product_cat-glass-pipe-wholesale","8":"first","9":"instock","10":"shipping-taxable","11":"purchasable","12":"product-type-simple"},"yoast_head":"<!-- This site is optimized with the Yoast SEO Premium plugin v24.7 (Yoast SEO v26.8) - https:\/\/yoast.com\/product\/yoast-seo-premium-wordpress\/ -->\n<title>Straight Glass Smoking Pipe - Global Hookah<\/title>\n<meta name=\"robots\" content=\"index, follow, max-snippet:-1, max-image-preview:large, max-video-preview:-1\" \/>\n<link rel=\"canonical\" href=\"https:\/\/global-hookah.com\/es\/producto\/straight-glass-smoking-pipe\/\" \/>\n<meta property=\"og:locale\" content=\"es_ES\" \/>\n<meta property=\"og:type\" content=\"article\" \/>\n<meta property=\"og:title\" content=\"Straight Glass Smoking Pipe\" \/>\n<meta property=\"og:description\" content=\"Our Straight Glass Smoking Pipe are carefully crafted using high quality borosilicate glass. The surface is finely polished and the\" \/>\n<meta property=\"og:url\" content=\"https:\/\/global-hookah.com\/es\/producto\/straight-glass-smoking-pipe\/\" \/>\n<meta property=\"og:site_name\" content=\"Global Hookah\" \/>\n<meta property=\"article:modified_time\" content=\"2024-01-12T10:49:06+00:00\" \/>\n<meta property=\"og:image\" content=\"https:\/\/global-hookah.com\/wp-content\/uploads\/2024\/01\/dc9eb2bbd1c9f6c49208e756f4800ec.jpg\" \/>\n\t<meta property=\"og:image:width\" content=\"1500\" \/>\n\t<meta property=\"og:image:height\" content=\"1500\" \/>\n\t<meta property=\"og:image:type\" content=\"image\/jpeg\" \/>\n<meta name=\"twitter:card\" content=\"summary_large_image\" \/>\n<meta name=\"twitter:label1\" content=\"Tiempo de lectura\" \/>\n\t<meta name=\"twitter:data1\" content=\"1 minuto\" \/>\n<script type=\"application\/ld+json\" class=\"yoast-schema-graph\">{\"@context\":\"https:\/\/schema.org\",\"@graph\":[{\"@type\":\"WebPage\",\"@id\":\"https:\/\/global-hookah.com\/product\/straight-glass-smoking-pipe\/\",\"url\":\"https:\/\/global-hookah.com\/product\/straight-glass-smoking-pipe\/\",\"name\":\"Straight Glass Smoking Pipe - Global Hookah\",\"isPartOf\":{\"@id\":\"https:\/\/global-hookah.com\/#website\"},\"primaryImageOfPage\":{\"@id\":\"https:\/\/global-hookah.com\/product\/straight-glass-smoking-pipe\/#primaryimage\"},\"image\":{\"@id\":\"https:\/\/global-hookah.com\/product\/straight-glass-smoking-pipe\/#primaryimage\"},\"thumbnailUrl\":\"https:\/\/global-hookah.com\/wp-content\/uploads\/2024\/01\/dc9eb2bbd1c9f6c49208e756f4800ec.jpg\",\"datePublished\":\"2024-01-12T06:30:35+00:00\",\"dateModified\":\"2024-01-12T10:49:06+00:00\",\"breadcrumb\":{\"@id\":\"https:\/\/global-hookah.com\/product\/straight-glass-smoking-pipe\/#breadcrumb\"},\"inLanguage\":\"es\",\"potentialAction\":[{\"@type\":\"ReadAction\",\"target\":[\"https:\/\/global-hookah.com\/product\/straight-glass-smoking-pipe\/\"]}]},{\"@type\":\"ImageObject\",\"inLanguage\":\"es\",\"@id\":\"https:\/\/global-hookah.com\/product\/straight-glass-smoking-pipe\/#primaryimage\",\"url\":\"https:\/\/global-hookah.com\/wp-content\/uploads\/2024\/01\/dc9eb2bbd1c9f6c49208e756f4800ec.jpg\",\"contentUrl\":\"https:\/\/global-hookah.com\/wp-content\/uploads\/2024\/01\/dc9eb2bbd1c9f6c49208e756f4800ec.jpg\",\"width\":1500,\"height\":1500,\"caption\":\"Straight Glass Smoking Pipe\"},{\"@type\":\"BreadcrumbList\",\"@id\":\"https:\/\/global-hookah.com\/product\/straight-glass-smoking-pipe\/#breadcrumb\",\"itemListElement\":[{\"@type\":\"ListItem\",\"position\":1,\"name\":\"Home\",\"item\":\"https:\/\/global-hookah.com\/\"},{\"@type\":\"ListItem\",\"position\":2,\"name\":\"Shop\",\"item\":\"https:\/\/global-hookah.com\/shop\/\"},{\"@type\":\"ListItem\",\"position\":3,\"name\":\"Straight Glass Smoking Pipe\"}]},{\"@type\":\"WebSite\",\"@id\":\"https:\/\/global-hookah.com\/#website\",\"url\":\"https:\/\/global-hookah.com\/\",\"name\":\"Global Hookah\",\"description\":\"Global Hookah\",\"publisher\":{\"@id\":\"https:\/\/global-hookah.com\/#organization\"},\"potentialAction\":[{\"@type\":\"SearchAction\",\"target\":{\"@type\":\"EntryPoint\",\"urlTemplate\":\"https:\/\/global-hookah.com\/?s={search_term_string}\"},\"query-input\":{\"@type\":\"PropertyValueSpecification\",\"valueRequired\":true,\"valueName\":\"search_term_string\"}}],\"inLanguage\":\"es\"},{\"@type\":\"Organization\",\"@id\":\"https:\/\/global-hookah.com\/#organization\",\"name\":\"Global Hookah\",\"url\":\"https:\/\/global-hookah.com\/\",\"logo\":{\"@type\":\"ImageObject\",\"inLanguage\":\"es\",\"@id\":\"https:\/\/global-hookah.com\/#\/schema\/logo\/image\/\",\"url\":\"https:\/\/global-hookah.com\/wp-content\/uploads\/2021\/10\/cropped-fgg.png\",\"contentUrl\":\"https:\/\/global-hookah.com\/wp-content\/uploads\/2021\/10\/cropped-fgg.png\",\"width\":512,\"height\":512,\"caption\":\"Global Hookah\"},\"image\":{\"@id\":\"https:\/\/global-hookah.com\/#\/schema\/logo\/image\/\"}}]}<\/script>\n<!-- \/ Yoast SEO Premium plugin. -->","yoast_head_json":{"title":"Pipa recta de vidrio para fumar - Global Hookah","robots":{"index":"index","follow":"follow","max-snippet":"max-snippet:-1","max-image-preview":"max-image-preview:large","max-video-preview":"max-video-preview:-1"},"canonical":"https:\/\/global-hookah.com\/es\/producto\/straight-glass-smoking-pipe\/","og_locale":"es_ES","og_type":"article","og_title":"Straight Glass Smoking Pipe","og_description":"Our Straight Glass Smoking Pipe are carefully crafted using high quality borosilicate glass. The surface is finely polished and the","og_url":"https:\/\/global-hookah.com\/es\/producto\/straight-glass-smoking-pipe\/","og_site_name":"Global Hookah","article_modified_time":"2024-01-12T10:49:06+00:00","og_image":[{"width":1500,"height":1500,"url":"https:\/\/global-hookah.com\/wp-content\/uploads\/2024\/01\/dc9eb2bbd1c9f6c49208e756f4800ec.jpg","type":"image\/jpeg"}],"twitter_card":"summary_large_image","twitter_misc":{"Tiempo de lectura":"1 minuto"},"schema":{"@context":"https:\/\/schema.org","@graph":[{"@type":"WebPage","@id":"https:\/\/global-hookah.com\/product\/straight-glass-smoking-pipe\/","url":"https:\/\/global-hookah.com\/product\/straight-glass-smoking-pipe\/","name":"Pipa recta de vidrio para fumar - Global Hookah","isPartOf":{"@id":"https:\/\/global-hookah.com\/#website"},"primaryImageOfPage":{"@id":"https:\/\/global-hookah.com\/product\/straight-glass-smoking-pipe\/#primaryimage"},"image":{"@id":"https:\/\/global-hookah.com\/product\/straight-glass-smoking-pipe\/#primaryimage"},"thumbnailUrl":"https:\/\/global-hookah.com\/wp-content\/uploads\/2024\/01\/dc9eb2bbd1c9f6c49208e756f4800ec.jpg","datePublished":"2024-01-12T06:30:35+00:00","dateModified":"2024-01-12T10:49:06+00:00","breadcrumb":{"@id":"https:\/\/global-hookah.com\/product\/straight-glass-smoking-pipe\/#breadcrumb"},"inLanguage":"es","potentialAction":[{"@type":"ReadAction","target":["https:\/\/global-hookah.com\/product\/straight-glass-smoking-pipe\/"]}]},{"@type":"ImageObject","inLanguage":"es","@id":"https:\/\/global-hookah.com\/product\/straight-glass-smoking-pipe\/#primaryimage","url":"https:\/\/global-hookah.com\/wp-content\/uploads\/2024\/01\/dc9eb2bbd1c9f6c49208e756f4800ec.jpg","contentUrl":"https:\/\/global-hookah.com\/wp-content\/uploads\/2024\/01\/dc9eb2bbd1c9f6c49208e756f4800ec.jpg","width":1500,"height":1500,"caption":"Straight Glass Smoking Pipe"},{"@type":"BreadcrumbList","@id":"https:\/\/global-hookah.com\/product\/straight-glass-smoking-pipe\/#breadcrumb","itemListElement":[{"@type":"ListItem","position":1,"name":"Home","item":"https:\/\/global-hookah.com\/"},{"@type":"ListItem","position":2,"name":"Shop","item":"https:\/\/global-hookah.com\/shop\/"},{"@type":"ListItem","position":3,"name":"Straight Glass Smoking Pipe"}]},{"@type":"WebSite","@id":"https:\/\/global-hookah.com\/#website","url":"https:\/\/global-hookah.com\/","name":"Global Hookah","description":"Global Hookah","publisher":{"@id":"https:\/\/global-hookah.com\/#organization"},"potentialAction":[{"@type":"SearchAction","target":{"@type":"EntryPoint","urlTemplate":"https:\/\/global-hookah.com\/?s={search_term_string}"},"query-input":{"@type":"PropertyValueSpecification","valueRequired":true,"valueName":"search_term_string"}}],"inLanguage":"es"},{"@type":"Organization","@id":"https:\/\/global-hookah.com\/#organization","name":"Global Hookah","url":"https:\/\/global-hookah.com\/","logo":{"@type":"ImageObject","inLanguage":"es","@id":"https:\/\/global-hookah.com\/#\/schema\/logo\/image\/","url":"https:\/\/global-hookah.com\/wp-content\/uploads\/2021\/10\/cropped-fgg.png","contentUrl":"https:\/\/global-hookah.com\/wp-content\/uploads\/2021\/10\/cropped-fgg.png","width":512,"height":512,"caption":"Global Hookah"},"image":{"@id":"https:\/\/global-hookah.com\/#\/schema\/logo\/image\/"}}]}},"_links":{"self":[{"href":"https:\/\/global-hookah.com\/es\/wp-json\/wp\/v2\/product\/19217","targetHints":{"allow":["GET"]}}],"collection":[{"href":"https:\/\/global-hookah.com\/es\/wp-json\/wp\/v2\/product"}],"about":[{"href":"https:\/\/global-hookah.com\/es\/wp-json\/wp\/v2\/types\/product"}],"replies":[{"embeddable":true,"href":"https:\/\/global-hookah.com\/es\/wp-json\/wp\/v2\/comments?post=19217"}],"version-history":[{"count":0,"href":"https:\/\/global-hookah.com\/es\/wp-json\/wp\/v2\/product\/19217\/revisions"}],"wp:featuredmedia":[{"embeddable":true,"href":"https:\/\/global-hookah.com\/es\/wp-json\/wp\/v2\/media\/19219"}],"wp:attachment":[{"href":"https:\/\/global-hookah.com\/es\/wp-json\/wp\/v2\/media?parent=19217"}],"wp:term":[{"taxonomy":"product_brand","embeddable":true,"href":"https:\/\/global-hookah.com\/es\/wp-json\/wp\/v2\/product_brand?post=19217"},{"taxonomy":"product_cat","embeddable":true,"href":"https:\/\/global-hookah.com\/es\/wp-json\/wp\/v2\/product_cat?post=19217"},{"taxonomy":"product_tag","embeddable":true,"href":"https:\/\/global-hookah.com\/es\/wp-json\/wp\/v2\/product_tag?post=19217"}],"curies":[{"name":"wp","href":"https:\/\/api.w.org\/{rel}","templated":true}]}}