{"id":19225,"date":"2024-01-12T06:36:16","date_gmt":"2024-01-12T06:36:16","guid":{"rendered":"https:\/\/global-hookah.com\/?post_type=product&#038;p=19225"},"modified":"2024-04-12T05:25:33","modified_gmt":"2024-04-12T05:25:33","slug":"wholesale-plasma-water-pipes","status":"publish","type":"product","link":"https:\/\/global-hookah.com\/es\/producto\/wholesale-plasma-water-pipes\/","title":{"rendered":"Tuber\u00edas de agua de plasma al por mayor"},"content":{"rendered":"<p>\u00bfQuieres aportar frescura y sorpresa a tu fiesta? Este <strong>Tuber\u00edas de agua de plasma<\/strong> sin duda satisfar\u00e1 sus necesidades. Es asequible. A la vez que garantiza la seguridad, este <strong>bola de plasma tuber\u00eda de agua<\/strong> puede aportarle una nueva experiencia.<\/p>\n<p>No son narguiles cualquiera. Est\u00e1n fabricados con cristal de plasma de alta tecnolog\u00eda que brilla con un incre\u00edble color p\u00farpura ne\u00f3n cuando le das una calada. Parecer\u00e1 que est\u00e1s respirando un humo m\u00e1gico e hipnotizante cada vez que des una calada.<\/p>\n<p>No s\u00f3lo estos <strong>Tuber\u00edas de agua de plasma<\/strong> Adem\u00e1s de tener un aspecto espectacular, proporcionan unos golpes suaves y enloquecedores gracias a los controles de flujo de aire incorporados.<\/p>\n<p>Adem\u00e1s de tener un humo precioso, estos <strong>tubos de agua de bolas de plasma<\/strong> tambi\u00e9n proporcionan una filtraci\u00f3n de alta calidad. El agua elimina hasta 90% de toxinas nocivas y alquitr\u00e1n a la vez que conserva el sabor y los beneficios. Experimente una c\u00f3moda suavidad con cada calada. Le permite decir adi\u00f3s al regusto desagradable y dar la bienvenida a un mayor nivel de cl\u00edmax de fumar.<\/p>\n<p>Y con un dise\u00f1o de cuello curvado y un bol de cristal apto para hierba, podr\u00e1s disfrutar de esta tecnolog\u00eda futurista de forma f\u00e1cil e intuitiva. S\u00f3lo tienes que cargar un bol con las hierbas secas que elijas y estar\u00e1s listo para un coloc\u00f3n incre\u00edble.<\/p>\n<p>Si le interesa <a href=\"https:\/\/global-hookah.com\/product-category\/wholesale-hookah\/glass-hookah-wholesale\/\">Tuber\u00edas de agua<\/a>P\u00f3ngase en contacto con nosotros por correo electr\u00f3nico y haga que su fiesta alcance un nuevo nivel.<\/p>","protected":false},"excerpt":{"rendered":"<p>\u00bfQuieres llevar frescura y sorpresa a tu fiesta? \u00a1Estas Pipas de Agua de Plasma sin duda satisfar\u00e1n tus necesidades! Es asequible.<\/p>","protected":false},"featured_media":19230,"comment_status":"open","ping_status":"closed","template":"","meta":{"iawp_total_views":7,"_joinchat":[]},"product_brand":[],"product_cat":[560],"product_tag":[],"class_list":{"0":"post-19225","1":"product","2":"type-product","3":"status-publish","4":"has-post-thumbnail","6":"product_cat-glass-hookah-wholesale","8":"first","9":"instock","10":"shipping-taxable","11":"product-type-external"},"yoast_head":"<!-- This site is optimized with the Yoast SEO Premium plugin v24.7 (Yoast SEO v26.8) - https:\/\/yoast.com\/product\/yoast-seo-premium-wordpress\/ -->\n<title>Wholesale Plasma Water Pipes - Global Hookah<\/title>\n<meta name=\"robots\" content=\"index, follow, max-snippet:-1, max-image-preview:large, max-video-preview:-1\" \/>\n<link rel=\"canonical\" href=\"https:\/\/global-hookah.com\/es\/producto\/wholesale-plasma-water-pipes\/\" \/>\n<meta property=\"og:locale\" content=\"es_ES\" \/>\n<meta property=\"og:type\" content=\"article\" \/>\n<meta property=\"og:title\" content=\"Wholesale Plasma Water Pipes\" \/>\n<meta property=\"og:description\" content=\"Want to bring coolness and surprise to your party? This Plasma Water Pipes will definitely meet your needs! It&#8217;s affordable.\" \/>\n<meta property=\"og:url\" content=\"https:\/\/global-hookah.com\/es\/producto\/wholesale-plasma-water-pipes\/\" \/>\n<meta property=\"og:site_name\" content=\"Global Hookah\" \/>\n<meta property=\"article:modified_time\" content=\"2024-04-12T05:25:33+00:00\" \/>\n<meta property=\"og:image\" content=\"https:\/\/global-hookah.com\/wp-content\/uploads\/2024\/01\/f8a01e57ce925f43d240a36edebebca.jpg\" \/>\n\t<meta property=\"og:image:width\" content=\"1000\" \/>\n\t<meta property=\"og:image:height\" content=\"1000\" \/>\n\t<meta property=\"og:image:type\" content=\"image\/jpeg\" \/>\n<meta name=\"twitter:card\" content=\"summary_large_image\" \/>\n<meta name=\"twitter:label1\" content=\"Tiempo de lectura\" \/>\n\t<meta name=\"twitter:data1\" content=\"2 minutos\" \/>\n<script type=\"application\/ld+json\" class=\"yoast-schema-graph\">{\"@context\":\"https:\/\/schema.org\",\"@graph\":[{\"@type\":\"WebPage\",\"@id\":\"https:\/\/global-hookah.com\/product\/wholesale-plasma-water-pipes\/\",\"url\":\"https:\/\/global-hookah.com\/product\/wholesale-plasma-water-pipes\/\",\"name\":\"Wholesale Plasma Water Pipes - Global Hookah\",\"isPartOf\":{\"@id\":\"https:\/\/global-hookah.com\/#website\"},\"primaryImageOfPage\":{\"@id\":\"https:\/\/global-hookah.com\/product\/wholesale-plasma-water-pipes\/#primaryimage\"},\"image\":{\"@id\":\"https:\/\/global-hookah.com\/product\/wholesale-plasma-water-pipes\/#primaryimage\"},\"thumbnailUrl\":\"https:\/\/global-hookah.com\/wp-content\/uploads\/2024\/01\/f8a01e57ce925f43d240a36edebebca.jpg\",\"datePublished\":\"2024-01-12T06:36:16+00:00\",\"dateModified\":\"2024-04-12T05:25:33+00:00\",\"breadcrumb\":{\"@id\":\"https:\/\/global-hookah.com\/product\/wholesale-plasma-water-pipes\/#breadcrumb\"},\"inLanguage\":\"es\",\"potentialAction\":[{\"@type\":\"ReadAction\",\"target\":[\"https:\/\/global-hookah.com\/product\/wholesale-plasma-water-pipes\/\"]}]},{\"@type\":\"ImageObject\",\"inLanguage\":\"es\",\"@id\":\"https:\/\/global-hookah.com\/product\/wholesale-plasma-water-pipes\/#primaryimage\",\"url\":\"https:\/\/global-hookah.com\/wp-content\/uploads\/2024\/01\/f8a01e57ce925f43d240a36edebebca.jpg\",\"contentUrl\":\"https:\/\/global-hookah.com\/wp-content\/uploads\/2024\/01\/f8a01e57ce925f43d240a36edebebca.jpg\",\"width\":1000,\"height\":1000,\"caption\":\"Wholesale Plasma Water Pipes\"},{\"@type\":\"BreadcrumbList\",\"@id\":\"https:\/\/global-hookah.com\/product\/wholesale-plasma-water-pipes\/#breadcrumb\",\"itemListElement\":[{\"@type\":\"ListItem\",\"position\":1,\"name\":\"Home\",\"item\":\"https:\/\/global-hookah.com\/\"},{\"@type\":\"ListItem\",\"position\":2,\"name\":\"Shop\",\"item\":\"https:\/\/global-hookah.com\/shop\/\"},{\"@type\":\"ListItem\",\"position\":3,\"name\":\"Wholesale Plasma Water Pipes\"}]},{\"@type\":\"WebSite\",\"@id\":\"https:\/\/global-hookah.com\/#website\",\"url\":\"https:\/\/global-hookah.com\/\",\"name\":\"Global Hookah\",\"description\":\"Global Hookah\",\"publisher\":{\"@id\":\"https:\/\/global-hookah.com\/#organization\"},\"potentialAction\":[{\"@type\":\"SearchAction\",\"target\":{\"@type\":\"EntryPoint\",\"urlTemplate\":\"https:\/\/global-hookah.com\/?s={search_term_string}\"},\"query-input\":{\"@type\":\"PropertyValueSpecification\",\"valueRequired\":true,\"valueName\":\"search_term_string\"}}],\"inLanguage\":\"es\"},{\"@type\":\"Organization\",\"@id\":\"https:\/\/global-hookah.com\/#organization\",\"name\":\"Global Hookah\",\"url\":\"https:\/\/global-hookah.com\/\",\"logo\":{\"@type\":\"ImageObject\",\"inLanguage\":\"es\",\"@id\":\"https:\/\/global-hookah.com\/#\/schema\/logo\/image\/\",\"url\":\"https:\/\/global-hookah.com\/wp-content\/uploads\/2021\/10\/cropped-fgg.png\",\"contentUrl\":\"https:\/\/global-hookah.com\/wp-content\/uploads\/2021\/10\/cropped-fgg.png\",\"width\":512,\"height\":512,\"caption\":\"Global Hookah\"},\"image\":{\"@id\":\"https:\/\/global-hookah.com\/#\/schema\/logo\/image\/\"}}]}<\/script>\n<!-- \/ Yoast SEO Premium plugin. -->","yoast_head_json":{"title":"Pipas de agua de plasma al por mayor - Global Hookah","robots":{"index":"index","follow":"follow","max-snippet":"max-snippet:-1","max-image-preview":"max-image-preview:large","max-video-preview":"max-video-preview:-1"},"canonical":"https:\/\/global-hookah.com\/es\/producto\/wholesale-plasma-water-pipes\/","og_locale":"es_ES","og_type":"article","og_title":"Wholesale Plasma Water Pipes","og_description":"Want to bring coolness and surprise to your party? This Plasma Water Pipes will definitely meet your needs! It&#8217;s affordable.","og_url":"https:\/\/global-hookah.com\/es\/producto\/wholesale-plasma-water-pipes\/","og_site_name":"Global Hookah","article_modified_time":"2024-04-12T05:25:33+00:00","og_image":[{"width":1000,"height":1000,"url":"https:\/\/global-hookah.com\/wp-content\/uploads\/2024\/01\/f8a01e57ce925f43d240a36edebebca.jpg","type":"image\/jpeg"}],"twitter_card":"summary_large_image","twitter_misc":{"Tiempo de lectura":"2 minutos"},"schema":{"@context":"https:\/\/schema.org","@graph":[{"@type":"WebPage","@id":"https:\/\/global-hookah.com\/product\/wholesale-plasma-water-pipes\/","url":"https:\/\/global-hookah.com\/product\/wholesale-plasma-water-pipes\/","name":"Pipas de agua de plasma al por mayor - Global Hookah","isPartOf":{"@id":"https:\/\/global-hookah.com\/#website"},"primaryImageOfPage":{"@id":"https:\/\/global-hookah.com\/product\/wholesale-plasma-water-pipes\/#primaryimage"},"image":{"@id":"https:\/\/global-hookah.com\/product\/wholesale-plasma-water-pipes\/#primaryimage"},"thumbnailUrl":"https:\/\/global-hookah.com\/wp-content\/uploads\/2024\/01\/f8a01e57ce925f43d240a36edebebca.jpg","datePublished":"2024-01-12T06:36:16+00:00","dateModified":"2024-04-12T05:25:33+00:00","breadcrumb":{"@id":"https:\/\/global-hookah.com\/product\/wholesale-plasma-water-pipes\/#breadcrumb"},"inLanguage":"es","potentialAction":[{"@type":"ReadAction","target":["https:\/\/global-hookah.com\/product\/wholesale-plasma-water-pipes\/"]}]},{"@type":"ImageObject","inLanguage":"es","@id":"https:\/\/global-hookah.com\/product\/wholesale-plasma-water-pipes\/#primaryimage","url":"https:\/\/global-hookah.com\/wp-content\/uploads\/2024\/01\/f8a01e57ce925f43d240a36edebebca.jpg","contentUrl":"https:\/\/global-hookah.com\/wp-content\/uploads\/2024\/01\/f8a01e57ce925f43d240a36edebebca.jpg","width":1000,"height":1000,"caption":"Wholesale Plasma Water Pipes"},{"@type":"BreadcrumbList","@id":"https:\/\/global-hookah.com\/product\/wholesale-plasma-water-pipes\/#breadcrumb","itemListElement":[{"@type":"ListItem","position":1,"name":"Home","item":"https:\/\/global-hookah.com\/"},{"@type":"ListItem","position":2,"name":"Shop","item":"https:\/\/global-hookah.com\/shop\/"},{"@type":"ListItem","position":3,"name":"Wholesale Plasma Water Pipes"}]},{"@type":"WebSite","@id":"https:\/\/global-hookah.com\/#website","url":"https:\/\/global-hookah.com\/","name":"Global Hookah","description":"Global Hookah","publisher":{"@id":"https:\/\/global-hookah.com\/#organization"},"potentialAction":[{"@type":"SearchAction","target":{"@type":"EntryPoint","urlTemplate":"https:\/\/global-hookah.com\/?s={search_term_string}"},"query-input":{"@type":"PropertyValueSpecification","valueRequired":true,"valueName":"search_term_string"}}],"inLanguage":"es"},{"@type":"Organization","@id":"https:\/\/global-hookah.com\/#organization","name":"Global Hookah","url":"https:\/\/global-hookah.com\/","logo":{"@type":"ImageObject","inLanguage":"es","@id":"https:\/\/global-hookah.com\/#\/schema\/logo\/image\/","url":"https:\/\/global-hookah.com\/wp-content\/uploads\/2021\/10\/cropped-fgg.png","contentUrl":"https:\/\/global-hookah.com\/wp-content\/uploads\/2021\/10\/cropped-fgg.png","width":512,"height":512,"caption":"Global Hookah"},"image":{"@id":"https:\/\/global-hookah.com\/#\/schema\/logo\/image\/"}}]}},"_links":{"self":[{"href":"https:\/\/global-hookah.com\/es\/wp-json\/wp\/v2\/product\/19225","targetHints":{"allow":["GET"]}}],"collection":[{"href":"https:\/\/global-hookah.com\/es\/wp-json\/wp\/v2\/product"}],"about":[{"href":"https:\/\/global-hookah.com\/es\/wp-json\/wp\/v2\/types\/product"}],"replies":[{"embeddable":true,"href":"https:\/\/global-hookah.com\/es\/wp-json\/wp\/v2\/comments?post=19225"}],"version-history":[{"count":0,"href":"https:\/\/global-hookah.com\/es\/wp-json\/wp\/v2\/product\/19225\/revisions"}],"wp:featuredmedia":[{"embeddable":true,"href":"https:\/\/global-hookah.com\/es\/wp-json\/wp\/v2\/media\/19230"}],"wp:attachment":[{"href":"https:\/\/global-hookah.com\/es\/wp-json\/wp\/v2\/media?parent=19225"}],"wp:term":[{"taxonomy":"product_brand","embeddable":true,"href":"https:\/\/global-hookah.com\/es\/wp-json\/wp\/v2\/product_brand?post=19225"},{"taxonomy":"product_cat","embeddable":true,"href":"https:\/\/global-hookah.com\/es\/wp-json\/wp\/v2\/product_cat?post=19225"},{"taxonomy":"product_tag","embeddable":true,"href":"https:\/\/global-hookah.com\/es\/wp-json\/wp\/v2\/product_tag?post=19225"}],"curies":[{"name":"wp","href":"https:\/\/api.w.org\/{rel}","templated":true}]}}