{"id":20435,"date":"2024-04-06T13:05:14","date_gmt":"2024-04-06T13:05:14","guid":{"rendered":"https:\/\/global-hookah.com\/product\/russian-style-glass-shisha-wholesale\/"},"modified":"2024-04-17T03:33:26","modified_gmt":"2024-04-17T03:33:26","slug":"russian-style-glass-shisha-wholesale","status":"publish","type":"product","link":"https:\/\/global-hookah.com\/es\/producto\/russian-style-glass-shisha-wholesale\/","title":{"rendered":"Shisha de cristal estilo ruso al por mayor"},"content":{"rendered":"<p>\u00bfAnhelas ser tan noble y elegante como el zar ruso? Entonces, este <strong>Shisha de cristal estilo ruso<\/strong> \u00a1puede satisfacerle m\u00e1s all\u00e1 de lo imaginable!<\/p>\n<p>La superficie de este <strong>Narguile de cristal estilo ruso<\/strong> adopta un patr\u00f3n art\u00edstico de estilo revival, y los elementos rom\u00e1nticos rusos salen a relucir. S\u00f3lo tiene que quitar el corcho cada vez que lo utilice, y puede a\u00f1adir cubitos de hielo, fruta o sirope en su interior para enriquecer la experiencia de fumar.<\/p>\n<p>Fabricado en vidrio de borosilicato resistente al calor, es resistente a la vez que elegante, y con s\u00f3lo echarle un vistazo a su elegante estilo de alta gama, \u00a1se enamorar\u00e1!<\/p>\n<p>Pero espera, \u00a1hay m\u00e1s! Este <strong>narguile al estilo ruso<\/strong> est\u00e1 equipado con 16 modos de luz LED y un mando a distancia. Tanto si fumas solo como si lo compartes con amigos, personaliza f\u00e1cilmente la iluminaci\u00f3n ambiental para crear una experiencia \u00fanica. \u00bfQuieres darle a\u00fan m\u00e1s sabor? Tambi\u00e9n puedes a\u00f1adir tu cannabis favorito.<\/p>\n<div>\n<div>\n<div><span style=\"font-size: 18px;\"><span style=\"font-family: verdana, geneva, sans-serif;\">Especificaci\u00f3n:<\/span><\/span><\/div>\n<div>Tipo: <a href=\"https:\/\/global-hookah.com\/product-category\/wholesale-hookah\/glass-hookah-wholesale\/\">narguile de cristal<\/a><\/div>\n<div><span style=\"font-size: 18px;\"><span style=\"font-family: verdana, geneva, sans-serif;\">Altura: Alrededor de 360 mm (14,2 pulgadas)<\/span><\/span><\/div>\n<div><span style=\"font-size: 18px;\"><span style=\"font-family: verdana, geneva, sans-serif;\">Di\u00e1metro inferior: unos 140 mm<\/span><\/span><\/div>\n<div><span style=\"font-size: 18px;\"><span style=\"font-family: verdana, geneva, sans-serif;\">Blanco Longitud de la manguera: Alrededor de 120cm<\/span><\/span><\/div>\n<div><\/div>\n<\/div>\n<\/div>\n<div><img decoding=\"async\" class=\"detail-desc-decorate-image\" src=\"https:\/\/ae01.alicdn.com\/kf\/H921d22b1553b47b5bc7328145c801890f.jpg?width=800&amp;height=800&amp;hash=1600\" \/><br \/>\n<img decoding=\"async\" class=\"detail-desc-decorate-image\" src=\"https:\/\/ae01.alicdn.com\/kf\/H97060d528fb9403693e11c13a5d8d996b.jpg?width=800&amp;height=800&amp;hash=1600\" \/><br \/>\n<img decoding=\"async\" class=\"detail-desc-decorate-image\" src=\"https:\/\/ae01.alicdn.com\/kf\/H92c3a3712e8d42c5826ad9fc68bd8a8eg.jpg?width=800&amp;height=800&amp;hash=1600\" \/><br \/>\n<img decoding=\"async\" class=\"detail-desc-decorate-image\" src=\"https:\/\/ae01.alicdn.com\/kf\/H3100dcf252934a9587ed3cbaeb4f439a0.jpg?width=800&amp;height=800&amp;hash=1600\" \/><br \/>\n<img decoding=\"async\" class=\"detail-desc-decorate-image\" src=\"https:\/\/ae01.alicdn.com\/kf\/H5cc15aebbf7541bd83c021096d8ebedff.jpg?width=800&amp;height=800&amp;hash=1600\" \/><br \/>\n<img decoding=\"async\" class=\"detail-desc-decorate-image\" src=\"https:\/\/ae01.alicdn.com\/kf\/H9cde4103346046cfb8ae571ea62c04e43.jpg?width=800&amp;height=800&amp;hash=1600\" \/><\/div>\n<div><img decoding=\"async\" class=\"detail-desc-decorate-image\" src=\"https:\/\/ae01.alicdn.com\/kf\/Hb44536ae2cc04635b1bafa1207b12872Q.jpg?width=800&amp;height=800&amp;hash=1600\" \/><br \/>\n<img decoding=\"async\" class=\"detail-desc-decorate-image\" src=\"https:\/\/ae01.alicdn.com\/kf\/H821b77583a31409184a81d2d2071f03a5.jpg?width=800&amp;height=800&amp;hash=1600\" \/><br \/>\n<img decoding=\"async\" class=\"detail-desc-decorate-image\" src=\"https:\/\/ae01.alicdn.com\/kf\/H004bf2e8e48c4f6187c2f4d9df7c88b6b.jpg?width=800&amp;height=800&amp;hash=1600\" \/><br \/>\n<img decoding=\"async\" class=\"detail-desc-decorate-image\" src=\"https:\/\/ae01.alicdn.com\/kf\/H4b5c56fd1d69409fab9373cbacf641d3M.jpg?width=800&amp;height=800&amp;hash=1600\" \/><br \/>\n<img decoding=\"async\" class=\"detail-desc-decorate-image\" src=\"https:\/\/ae01.alicdn.com\/kf\/Ha5af271d28014eec84009dbd2f2ee7d7s.jpg?width=800&amp;height=800&amp;hash=1600\" \/><br \/>\n<img decoding=\"async\" class=\"detail-desc-decorate-image\" src=\"https:\/\/ae01.alicdn.com\/kf\/H1ec80356db7f4552a1f1218d47fd474ev.jpg?width=800&amp;height=800&amp;hash=1600\" \/><br \/>\n<img decoding=\"async\" class=\"detail-desc-decorate-image\" src=\"https:\/\/ae01.alicdn.com\/kf\/H3139d576f6804459a2a46785f2955274f.jpg?width=800&amp;height=800&amp;hash=1600\" \/><br \/>\n<img decoding=\"async\" class=\"detail-desc-decorate-image\" src=\"https:\/\/ae01.alicdn.com\/kf\/H32942f4904de4b339daaa2592d6c82faf.jpg?width=800&amp;height=800&amp;hash=1600\" \/><\/div>\n<div><img decoding=\"async\" class=\"detail-desc-decorate-image\" src=\"https:\/\/ae01.alicdn.com\/kf\/H01327ebf905946ba835b6f4c0a0d7c96a.jpg?width=800&amp;height=800&amp;hash=1600\" \/><br \/>\n<img decoding=\"async\" class=\"detail-desc-decorate-image\" src=\"https:\/\/ae01.alicdn.com\/kf\/H534fb36999a64f0cae05f7f5c98b8b23y.jpg?width=800&amp;height=800&amp;hash=1600\" \/><br \/>\n<img decoding=\"async\" class=\"detail-desc-decorate-image\" src=\"https:\/\/ae01.alicdn.com\/kf\/H1d68b5dfb9a048c1aed1c6889d9e0c4fC.jpg?width=800&amp;height=800&amp;hash=1600\" \/><\/div>\n<div><\/div>","protected":false},"excerpt":{"rendered":"<p>\u00bfAnhelas ser tan noble y elegante como el zar ruso? Entonces, esta Shisha de cristal estilo ruso puede<\/p>","protected":false},"featured_media":20436,"comment_status":"closed","ping_status":"closed","template":"","meta":{"iawp_total_views":8,"_joinchat":[]},"product_brand":[],"product_cat":[560],"product_tag":[],"class_list":{"0":"post-20435","1":"product","2":"type-product","3":"status-publish","4":"has-post-thumbnail","6":"product_cat-glass-hookah-wholesale","8":"first","9":"instock","10":"shipping-taxable","11":"purchasable","12":"product-type-variable"},"yoast_head":"<!-- This site is optimized with the Yoast SEO Premium plugin v24.7 (Yoast SEO v26.8) - https:\/\/yoast.com\/product\/yoast-seo-premium-wordpress\/ -->\n<title>Russian Style Glass Shisha Wholesale - Global Hookah<\/title>\n<meta name=\"robots\" content=\"index, follow, max-snippet:-1, max-image-preview:large, max-video-preview:-1\" \/>\n<link rel=\"canonical\" href=\"https:\/\/global-hookah.com\/es\/producto\/venta-al-por-mayor-de-shisha-de-cristal-estilo-ruso\/\" \/>\n<meta property=\"og:locale\" content=\"es_ES\" \/>\n<meta property=\"og:type\" content=\"article\" \/>\n<meta property=\"og:title\" content=\"Russian Style Glass Shisha Wholesale\" \/>\n<meta property=\"og:description\" content=\"Do you long to be as noble and elegant as the Russian Tsar? Then, this Russian Style Glass Shisha can\" \/>\n<meta property=\"og:url\" content=\"https:\/\/global-hookah.com\/es\/producto\/venta-al-por-mayor-de-shisha-de-cristal-estilo-ruso\/\" \/>\n<meta property=\"og:site_name\" content=\"Global Hookah\" \/>\n<meta property=\"article:modified_time\" content=\"2024-04-17T03:33:26+00:00\" \/>\n<meta property=\"og:image\" content=\"https:\/\/global-hookah.com\/wp-content\/uploads\/2024\/04\/Russian-Style-Glass-Shisha-Big-Vapor-Hookah-Box-Chicha-Narguile-Smoking-Water-Pipe-With-LED-Light.webp\" \/>\n\t<meta property=\"og:image:width\" content=\"800\" \/>\n\t<meta property=\"og:image:height\" content=\"800\" \/>\n\t<meta property=\"og:image:type\" content=\"image\/webp\" \/>\n<meta name=\"twitter:card\" content=\"summary_large_image\" \/>\n<meta name=\"twitter:label1\" content=\"Tiempo de lectura\" \/>\n\t<meta name=\"twitter:data1\" content=\"5 minutos\" \/>\n<script type=\"application\/ld+json\" class=\"yoast-schema-graph\">{\"@context\":\"https:\/\/schema.org\",\"@graph\":[{\"@type\":\"WebPage\",\"@id\":\"https:\/\/global-hookah.com\/es\/producto\/venta-al-por-mayor-de-shisha-de-cristal-estilo-ruso\/\",\"url\":\"https:\/\/global-hookah.com\/es\/producto\/venta-al-por-mayor-de-shisha-de-cristal-estilo-ruso\/\",\"name\":\"Russian Style Glass Shisha Wholesale - Global Hookah\",\"isPartOf\":{\"@id\":\"https:\/\/global-hookah.com\/#website\"},\"primaryImageOfPage\":{\"@id\":\"https:\/\/global-hookah.com\/es\/producto\/venta-al-por-mayor-de-shisha-de-cristal-estilo-ruso\/#primaryimage\"},\"image\":{\"@id\":\"https:\/\/global-hookah.com\/es\/producto\/venta-al-por-mayor-de-shisha-de-cristal-estilo-ruso\/#primaryimage\"},\"thumbnailUrl\":\"https:\/\/global-hookah.com\/wp-content\/uploads\/2024\/04\/Russian-Style-Glass-Shisha-Big-Vapor-Hookah-Box-Chicha-Narguile-Smoking-Water-Pipe-With-LED-Light.webp\",\"datePublished\":\"2024-04-06T13:05:14+00:00\",\"dateModified\":\"2024-04-17T03:33:26+00:00\",\"breadcrumb\":{\"@id\":\"https:\/\/global-hookah.com\/es\/producto\/venta-al-por-mayor-de-shisha-de-cristal-estilo-ruso\/#breadcrumb\"},\"inLanguage\":\"es\",\"potentialAction\":[{\"@type\":\"ReadAction\",\"target\":[\"https:\/\/global-hookah.com\/es\/producto\/venta-al-por-mayor-de-shisha-de-cristal-estilo-ruso\/\"]}]},{\"@type\":\"ImageObject\",\"inLanguage\":\"es\",\"@id\":\"https:\/\/global-hookah.com\/es\/producto\/venta-al-por-mayor-de-shisha-de-cristal-estilo-ruso\/#primaryimage\",\"url\":\"https:\/\/global-hookah.com\/wp-content\/uploads\/2024\/04\/Russian-Style-Glass-Shisha-Big-Vapor-Hookah-Box-Chicha-Narguile-Smoking-Water-Pipe-With-LED-Light.webp\",\"contentUrl\":\"https:\/\/global-hookah.com\/wp-content\/uploads\/2024\/04\/Russian-Style-Glass-Shisha-Big-Vapor-Hookah-Box-Chicha-Narguile-Smoking-Water-Pipe-With-LED-Light.webp\",\"width\":800,\"height\":800,\"caption\":\"Russian Style Glass Shisha Wholesale\"},{\"@type\":\"BreadcrumbList\",\"@id\":\"https:\/\/global-hookah.com\/es\/producto\/venta-al-por-mayor-de-shisha-de-cristal-estilo-ruso\/#breadcrumb\",\"itemListElement\":[{\"@type\":\"ListItem\",\"position\":1,\"name\":\"Home\",\"item\":\"https:\/\/global-hookah.com\/\"},{\"@type\":\"ListItem\",\"position\":2,\"name\":\"Shop\",\"item\":\"https:\/\/global-hookah.com\/shop\/\"},{\"@type\":\"ListItem\",\"position\":3,\"name\":\"Russian Style Glass Shisha Wholesale\"}]},{\"@type\":\"WebSite\",\"@id\":\"https:\/\/global-hookah.com\/#website\",\"url\":\"https:\/\/global-hookah.com\/\",\"name\":\"Global Hookah\",\"description\":\"Global Hookah\",\"publisher\":{\"@id\":\"https:\/\/global-hookah.com\/#organization\"},\"potentialAction\":[{\"@type\":\"SearchAction\",\"target\":{\"@type\":\"EntryPoint\",\"urlTemplate\":\"https:\/\/global-hookah.com\/?s={search_term_string}\"},\"query-input\":{\"@type\":\"PropertyValueSpecification\",\"valueRequired\":true,\"valueName\":\"search_term_string\"}}],\"inLanguage\":\"es\"},{\"@type\":\"Organization\",\"@id\":\"https:\/\/global-hookah.com\/#organization\",\"name\":\"Global Hookah\",\"url\":\"https:\/\/global-hookah.com\/\",\"logo\":{\"@type\":\"ImageObject\",\"inLanguage\":\"es\",\"@id\":\"https:\/\/global-hookah.com\/#\/schema\/logo\/image\/\",\"url\":\"https:\/\/global-hookah.com\/wp-content\/uploads\/2021\/10\/cropped-fgg.png\",\"contentUrl\":\"https:\/\/global-hookah.com\/wp-content\/uploads\/2021\/10\/cropped-fgg.png\",\"width\":512,\"height\":512,\"caption\":\"Global Hookah\"},\"image\":{\"@id\":\"https:\/\/global-hookah.com\/#\/schema\/logo\/image\/\"}}]}<\/script>\n<!-- \/ Yoast SEO Premium plugin. -->","yoast_head_json":{"title":"Shisha de cristal estilo ruso al por mayor - Global Hookah","robots":{"index":"index","follow":"follow","max-snippet":"max-snippet:-1","max-image-preview":"max-image-preview:large","max-video-preview":"max-video-preview:-1"},"canonical":"https:\/\/global-hookah.com\/es\/producto\/venta-al-por-mayor-de-shisha-de-cristal-estilo-ruso\/","og_locale":"es_ES","og_type":"article","og_title":"Russian Style Glass Shisha Wholesale","og_description":"Do you long to be as noble and elegant as the Russian Tsar? Then, this Russian Style Glass Shisha can","og_url":"https:\/\/global-hookah.com\/es\/producto\/venta-al-por-mayor-de-shisha-de-cristal-estilo-ruso\/","og_site_name":"Global Hookah","article_modified_time":"2024-04-17T03:33:26+00:00","og_image":[{"width":800,"height":800,"url":"https:\/\/global-hookah.com\/wp-content\/uploads\/2024\/04\/Russian-Style-Glass-Shisha-Big-Vapor-Hookah-Box-Chicha-Narguile-Smoking-Water-Pipe-With-LED-Light.webp","type":"image\/webp"}],"twitter_card":"summary_large_image","twitter_misc":{"Tiempo de lectura":"5 minutos"},"schema":{"@context":"https:\/\/schema.org","@graph":[{"@type":"WebPage","@id":"https:\/\/global-hookah.com\/es\/producto\/venta-al-por-mayor-de-shisha-de-cristal-estilo-ruso\/","url":"https:\/\/global-hookah.com\/es\/producto\/venta-al-por-mayor-de-shisha-de-cristal-estilo-ruso\/","name":"Shisha de cristal estilo ruso al por mayor - Global Hookah","isPartOf":{"@id":"https:\/\/global-hookah.com\/#website"},"primaryImageOfPage":{"@id":"https:\/\/global-hookah.com\/es\/producto\/venta-al-por-mayor-de-shisha-de-cristal-estilo-ruso\/#primaryimage"},"image":{"@id":"https:\/\/global-hookah.com\/es\/producto\/venta-al-por-mayor-de-shisha-de-cristal-estilo-ruso\/#primaryimage"},"thumbnailUrl":"https:\/\/global-hookah.com\/wp-content\/uploads\/2024\/04\/Russian-Style-Glass-Shisha-Big-Vapor-Hookah-Box-Chicha-Narguile-Smoking-Water-Pipe-With-LED-Light.webp","datePublished":"2024-04-06T13:05:14+00:00","dateModified":"2024-04-17T03:33:26+00:00","breadcrumb":{"@id":"https:\/\/global-hookah.com\/es\/producto\/venta-al-por-mayor-de-shisha-de-cristal-estilo-ruso\/#breadcrumb"},"inLanguage":"es","potentialAction":[{"@type":"ReadAction","target":["https:\/\/global-hookah.com\/es\/producto\/venta-al-por-mayor-de-shisha-de-cristal-estilo-ruso\/"]}]},{"@type":"ImageObject","inLanguage":"es","@id":"https:\/\/global-hookah.com\/es\/producto\/venta-al-por-mayor-de-shisha-de-cristal-estilo-ruso\/#primaryimage","url":"https:\/\/global-hookah.com\/wp-content\/uploads\/2024\/04\/Russian-Style-Glass-Shisha-Big-Vapor-Hookah-Box-Chicha-Narguile-Smoking-Water-Pipe-With-LED-Light.webp","contentUrl":"https:\/\/global-hookah.com\/wp-content\/uploads\/2024\/04\/Russian-Style-Glass-Shisha-Big-Vapor-Hookah-Box-Chicha-Narguile-Smoking-Water-Pipe-With-LED-Light.webp","width":800,"height":800,"caption":"Russian Style Glass Shisha Wholesale"},{"@type":"BreadcrumbList","@id":"https:\/\/global-hookah.com\/es\/producto\/venta-al-por-mayor-de-shisha-de-cristal-estilo-ruso\/#breadcrumb","itemListElement":[{"@type":"ListItem","position":1,"name":"Home","item":"https:\/\/global-hookah.com\/"},{"@type":"ListItem","position":2,"name":"Shop","item":"https:\/\/global-hookah.com\/shop\/"},{"@type":"ListItem","position":3,"name":"Russian Style Glass Shisha Wholesale"}]},{"@type":"WebSite","@id":"https:\/\/global-hookah.com\/#website","url":"https:\/\/global-hookah.com\/","name":"Global Hookah","description":"Global Hookah","publisher":{"@id":"https:\/\/global-hookah.com\/#organization"},"potentialAction":[{"@type":"SearchAction","target":{"@type":"EntryPoint","urlTemplate":"https:\/\/global-hookah.com\/?s={search_term_string}"},"query-input":{"@type":"PropertyValueSpecification","valueRequired":true,"valueName":"search_term_string"}}],"inLanguage":"es"},{"@type":"Organization","@id":"https:\/\/global-hookah.com\/#organization","name":"Global Hookah","url":"https:\/\/global-hookah.com\/","logo":{"@type":"ImageObject","inLanguage":"es","@id":"https:\/\/global-hookah.com\/#\/schema\/logo\/image\/","url":"https:\/\/global-hookah.com\/wp-content\/uploads\/2021\/10\/cropped-fgg.png","contentUrl":"https:\/\/global-hookah.com\/wp-content\/uploads\/2021\/10\/cropped-fgg.png","width":512,"height":512,"caption":"Global Hookah"},"image":{"@id":"https:\/\/global-hookah.com\/#\/schema\/logo\/image\/"}}]}},"_links":{"self":[{"href":"https:\/\/global-hookah.com\/es\/wp-json\/wp\/v2\/product\/20435","targetHints":{"allow":["GET"]}}],"collection":[{"href":"https:\/\/global-hookah.com\/es\/wp-json\/wp\/v2\/product"}],"about":[{"href":"https:\/\/global-hookah.com\/es\/wp-json\/wp\/v2\/types\/product"}],"replies":[{"embeddable":true,"href":"https:\/\/global-hookah.com\/es\/wp-json\/wp\/v2\/comments?post=20435"}],"version-history":[{"count":0,"href":"https:\/\/global-hookah.com\/es\/wp-json\/wp\/v2\/product\/20435\/revisions"}],"wp:featuredmedia":[{"embeddable":true,"href":"https:\/\/global-hookah.com\/es\/wp-json\/wp\/v2\/media\/20436"}],"wp:attachment":[{"href":"https:\/\/global-hookah.com\/es\/wp-json\/wp\/v2\/media?parent=20435"}],"wp:term":[{"taxonomy":"product_brand","embeddable":true,"href":"https:\/\/global-hookah.com\/es\/wp-json\/wp\/v2\/product_brand?post=20435"},{"taxonomy":"product_cat","embeddable":true,"href":"https:\/\/global-hookah.com\/es\/wp-json\/wp\/v2\/product_cat?post=20435"},{"taxonomy":"product_tag","embeddable":true,"href":"https:\/\/global-hookah.com\/es\/wp-json\/wp\/v2\/product_tag?post=20435"}],"curies":[{"name":"wp","href":"https:\/\/api.w.org\/{rel}","templated":true}]}}