{"id":20446,"date":"2024-04-06T13:06:01","date_gmt":"2024-04-06T13:06:01","guid":{"rendered":"https:\/\/global-hookah.com\/product\/zinc-alloy-material-portable-hookah-wholesale\/"},"modified":"2024-04-17T02:57:14","modified_gmt":"2024-04-17T02:57:14","slug":"zinc-alloy-material-portable-hookah-wholesale","status":"publish","type":"product","link":"https:\/\/global-hookah.com\/es\/producto\/zinc-alloy-material-portable-hookah-wholesale\/","title":{"rendered":"Narguile port\u00e1til de aleaci\u00f3n de cinc al por mayor"},"content":{"rendered":"<p>Encontrar el <strong>narguile perfecto<\/strong> para esas relajadas sesiones de fumado puede ser todo un reto. Quieres algo que se vea bien pero que tambi\u00e9n funcione como un profesional. Afortunadamente, con este <strong>totalmente de aleaci\u00f3n de zinc material port\u00e1til Hookah<\/strong> tu sue\u00f1o se hace realidad<\/p>\n<p>En <strong>Set de narguile Arabia<\/strong> viene no con uno, sino con dos adaptadores de manguera para que todos tus amigos puedan soplar en armon\u00eda. Cada adaptador tiene un pr\u00e1ctico orificio met\u00e1lico para la manguera que encaja de forma segura y herm\u00e9tica. Y hay dos opciones de mangos ergon\u00f3micos que se adaptan a tus preferencias. La primera manguera tiene un agarre m\u00e1s grueso y estriado para un manejo excelente. La segunda manguera tiene una empu\u00f1adura cl\u00e1sica y delgada con textura moleteada para un agarre seguro.<\/p>\n<p>Adem\u00e1s, este <strong>Hookah port\u00e1til<\/strong> tambi\u00e9n est\u00e1 cuidadosamente elaborado. El elegante vaso de cristal te proporciona un gran volumen de agua para conseguir las caladas m\u00e1s sedosas. La tecnolog\u00eda de v\u00e1lvula integrada te permite controlar sin esfuerzo la cantidad de humo producida, para que siempre consigas la calada perfecta. Se acabaron las nubes finas y tristes.<\/p>\n<p>Pero es el cuenco de cer\u00e1mica, hecho a mano por expertos, el que se lleva la palma. Su sellado superior retiene los sabores y proporciona siempre el sabor m\u00e1s fresco y robusto. Y combinado con la placa de cer\u00e1mica perforada y la tapa de aluminio, obtendr\u00e1 el humo m\u00e1s espeso y duradero que pueda imaginar. P\u00f3ngase en contacto con nosotros para <a href=\"https:\/\/global-hookah.com\/product-category\/wholesale-hookah\/glass-hookah-wholesale\/\">narguiles al por mayor<\/a><\/p>\n<div><img decoding=\"async\" class=\"detail-desc-decorate-image\" src=\"https:\/\/ae01.alicdn.com\/kf\/H4033e726c2714c798c22dc02daa98f57B.jpg?width=800&amp;height=800&amp;hash=1600\" \/><br \/>\n<img decoding=\"async\" class=\"detail-desc-decorate-image\" src=\"https:\/\/ae01.alicdn.com\/kf\/H2bd7d29ec52a452db2d561b5ce17d824Y.jpg?width=920&amp;height=915&amp;hash=1835\" \/><br \/>\n<img decoding=\"async\" class=\"detail-desc-decorate-image\" src=\"https:\/\/ae01.alicdn.com\/kf\/H50473c35cc384585a6a34b145c371de0V.jpg?width=920&amp;height=914&amp;hash=1834\" \/><br \/>\n<img decoding=\"async\" class=\"detail-desc-decorate-image\" src=\"https:\/\/ae01.alicdn.com\/kf\/H3ebd63874bb94c39ad1fb8741847afefS.jpg?width=920&amp;height=915&amp;hash=1835\" \/><br \/>\n<img decoding=\"async\" class=\"detail-desc-decorate-image\" src=\"https:\/\/ae01.alicdn.com\/kf\/He04d9f838de84743ad279d83dc7d41f1A.jpg?width=920&amp;height=914&amp;hash=1834\" \/><br \/>\n<img decoding=\"async\" class=\"detail-desc-decorate-image\" src=\"https:\/\/ae01.alicdn.com\/kf\/Hc8afc11dc81440eeaa0f73474b6eaa42i.jpg?width=920&amp;height=915&amp;hash=1835\" \/><br \/>\n<img decoding=\"async\" class=\"detail-desc-decorate-image\" src=\"https:\/\/ae01.alicdn.com\/kf\/H9fe28b3ff51947f08b771d3bd0209eeaF.jpg?width=920&amp;height=915&amp;hash=1835\" \/><br \/>\n<img decoding=\"async\" class=\"detail-desc-decorate-image\" src=\"https:\/\/ae01.alicdn.com\/kf\/H38ff7988339449db8b45a1ed8c1963c05.jpg?width=920&amp;height=914&amp;hash=1834\" \/><br \/>\n<img decoding=\"async\" class=\"detail-desc-decorate-image\" src=\"https:\/\/ae01.alicdn.com\/kf\/Hd5f2a0bbc8f141c28db6549775f7f17dE.jpg?width=920&amp;height=915&amp;hash=1835\" \/><br \/>\n<img decoding=\"async\" class=\"detail-desc-decorate-image\" src=\"https:\/\/ae01.alicdn.com\/kf\/H8b18e69e5f0a4c09b6d8e3b280ce1504h.jpg?width=920&amp;height=914&amp;hash=1834\" \/><br \/>\n<img decoding=\"async\" class=\"detail-desc-decorate-image\" src=\"https:\/\/ae01.alicdn.com\/kf\/H072d5b5346764b17ae5c7bcf6c786fe7v.jpg?width=920&amp;height=915&amp;hash=1835\" \/><\/div>\n<div><\/div>","protected":false},"excerpt":{"rendered":"<p>Encontrar el narguile perfecto para esas relajadas sesiones de fumada puede ser todo un reto. Quieres algo que parezca guay<\/p>","protected":false},"featured_media":20447,"comment_status":"closed","ping_status":"closed","template":"","meta":{"iawp_total_views":0,"_joinchat":[]},"product_brand":[],"product_cat":[560],"product_tag":[],"class_list":{"0":"post-20446","1":"product","2":"type-product","3":"status-publish","4":"has-post-thumbnail","6":"product_cat-glass-hookah-wholesale","8":"first","9":"instock","10":"shipping-taxable","11":"product-type-external"},"yoast_head":"<!-- This site is optimized with the Yoast SEO Premium plugin v24.7 (Yoast SEO v26.8) - https:\/\/yoast.com\/product\/yoast-seo-premium-wordpress\/ -->\n<title>Zinc Alloy Material Portable Hookah Wholesale - Global Hookah<\/title>\n<meta name=\"robots\" content=\"index, follow, max-snippet:-1, max-image-preview:large, max-video-preview:-1\" \/>\n<link rel=\"canonical\" href=\"https:\/\/global-hookah.com\/es\/producto\/venta-al-por-mayor-de-pipas-de-agua-portatiles-de-aleacion-de-zinc\/\" \/>\n<meta property=\"og:locale\" content=\"es_ES\" \/>\n<meta property=\"og:type\" content=\"article\" \/>\n<meta property=\"og:title\" content=\"Zinc Alloy Material Portable Hookah Wholesale\" \/>\n<meta property=\"og:description\" content=\"Finding the perfect hookah for those laidback smoking sessions can be a real challenge. You want something that looks cool\" \/>\n<meta property=\"og:url\" content=\"https:\/\/global-hookah.com\/es\/producto\/venta-al-por-mayor-de-pipas-de-agua-portatiles-de-aleacion-de-zinc\/\" \/>\n<meta property=\"og:site_name\" content=\"Global Hookah\" \/>\n<meta property=\"article:modified_time\" content=\"2024-04-17T02:57:14+00:00\" \/>\n<meta property=\"og:image\" content=\"https:\/\/global-hookah.com\/wp-content\/uploads\/2024\/04\/Egyptian-Hookah-Rod-Zinc-Alloy-Material-Portable-Hookah-Adapt-To-The-4-5CM-Plug-in-Hookah.webp\" \/>\n\t<meta property=\"og:image:width\" content=\"1000\" \/>\n\t<meta property=\"og:image:height\" content=\"1000\" \/>\n\t<meta property=\"og:image:type\" content=\"image\/webp\" \/>\n<meta name=\"twitter:card\" content=\"summary_large_image\" \/>\n<meta name=\"twitter:label1\" content=\"Tiempo de lectura\" \/>\n\t<meta name=\"twitter:data1\" content=\"4 minutos\" \/>\n<script type=\"application\/ld+json\" class=\"yoast-schema-graph\">{\"@context\":\"https:\/\/schema.org\",\"@graph\":[{\"@type\":\"WebPage\",\"@id\":\"https:\/\/global-hookah.com\/es\/producto\/venta-al-por-mayor-de-pipas-de-agua-portatiles-de-aleacion-de-zinc\/\",\"url\":\"https:\/\/global-hookah.com\/es\/producto\/venta-al-por-mayor-de-pipas-de-agua-portatiles-de-aleacion-de-zinc\/\",\"name\":\"Zinc Alloy Material Portable Hookah Wholesale - Global Hookah\",\"isPartOf\":{\"@id\":\"https:\/\/global-hookah.com\/#website\"},\"primaryImageOfPage\":{\"@id\":\"https:\/\/global-hookah.com\/es\/producto\/venta-al-por-mayor-de-pipas-de-agua-portatiles-de-aleacion-de-zinc\/#primaryimage\"},\"image\":{\"@id\":\"https:\/\/global-hookah.com\/es\/producto\/venta-al-por-mayor-de-pipas-de-agua-portatiles-de-aleacion-de-zinc\/#primaryimage\"},\"thumbnailUrl\":\"https:\/\/global-hookah.com\/wp-content\/uploads\/2024\/04\/Egyptian-Hookah-Rod-Zinc-Alloy-Material-Portable-Hookah-Adapt-To-The-4-5CM-Plug-in-Hookah.webp\",\"datePublished\":\"2024-04-06T13:06:01+00:00\",\"dateModified\":\"2024-04-17T02:57:14+00:00\",\"breadcrumb\":{\"@id\":\"https:\/\/global-hookah.com\/es\/producto\/venta-al-por-mayor-de-pipas-de-agua-portatiles-de-aleacion-de-zinc\/#breadcrumb\"},\"inLanguage\":\"es\",\"potentialAction\":[{\"@type\":\"ReadAction\",\"target\":[\"https:\/\/global-hookah.com\/es\/producto\/venta-al-por-mayor-de-pipas-de-agua-portatiles-de-aleacion-de-zinc\/\"]}]},{\"@type\":\"ImageObject\",\"inLanguage\":\"es\",\"@id\":\"https:\/\/global-hookah.com\/es\/producto\/venta-al-por-mayor-de-pipas-de-agua-portatiles-de-aleacion-de-zinc\/#primaryimage\",\"url\":\"https:\/\/global-hookah.com\/wp-content\/uploads\/2024\/04\/Egyptian-Hookah-Rod-Zinc-Alloy-Material-Portable-Hookah-Adapt-To-The-4-5CM-Plug-in-Hookah.webp\",\"contentUrl\":\"https:\/\/global-hookah.com\/wp-content\/uploads\/2024\/04\/Egyptian-Hookah-Rod-Zinc-Alloy-Material-Portable-Hookah-Adapt-To-The-4-5CM-Plug-in-Hookah.webp\",\"width\":1000,\"height\":1000},{\"@type\":\"BreadcrumbList\",\"@id\":\"https:\/\/global-hookah.com\/es\/producto\/venta-al-por-mayor-de-pipas-de-agua-portatiles-de-aleacion-de-zinc\/#breadcrumb\",\"itemListElement\":[{\"@type\":\"ListItem\",\"position\":1,\"name\":\"Home\",\"item\":\"https:\/\/global-hookah.com\/\"},{\"@type\":\"ListItem\",\"position\":2,\"name\":\"Shop\",\"item\":\"https:\/\/global-hookah.com\/shop\/\"},{\"@type\":\"ListItem\",\"position\":3,\"name\":\"Zinc Alloy Material Portable Hookah Wholesale\"}]},{\"@type\":\"WebSite\",\"@id\":\"https:\/\/global-hookah.com\/#website\",\"url\":\"https:\/\/global-hookah.com\/\",\"name\":\"Global Hookah\",\"description\":\"Global Hookah\",\"publisher\":{\"@id\":\"https:\/\/global-hookah.com\/#organization\"},\"potentialAction\":[{\"@type\":\"SearchAction\",\"target\":{\"@type\":\"EntryPoint\",\"urlTemplate\":\"https:\/\/global-hookah.com\/?s={search_term_string}\"},\"query-input\":{\"@type\":\"PropertyValueSpecification\",\"valueRequired\":true,\"valueName\":\"search_term_string\"}}],\"inLanguage\":\"es\"},{\"@type\":\"Organization\",\"@id\":\"https:\/\/global-hookah.com\/#organization\",\"name\":\"Global Hookah\",\"url\":\"https:\/\/global-hookah.com\/\",\"logo\":{\"@type\":\"ImageObject\",\"inLanguage\":\"es\",\"@id\":\"https:\/\/global-hookah.com\/#\/schema\/logo\/image\/\",\"url\":\"https:\/\/global-hookah.com\/wp-content\/uploads\/2021\/10\/cropped-fgg.png\",\"contentUrl\":\"https:\/\/global-hookah.com\/wp-content\/uploads\/2021\/10\/cropped-fgg.png\",\"width\":512,\"height\":512,\"caption\":\"Global Hookah\"},\"image\":{\"@id\":\"https:\/\/global-hookah.com\/#\/schema\/logo\/image\/\"}}]}<\/script>\n<!-- \/ Yoast SEO Premium plugin. -->","yoast_head_json":{"title":"Hookah port\u00e1til de material de aleaci\u00f3n de zinc al por mayor - Global Hookah","robots":{"index":"index","follow":"follow","max-snippet":"max-snippet:-1","max-image-preview":"max-image-preview:large","max-video-preview":"max-video-preview:-1"},"canonical":"https:\/\/global-hookah.com\/es\/producto\/venta-al-por-mayor-de-pipas-de-agua-portatiles-de-aleacion-de-zinc\/","og_locale":"es_ES","og_type":"article","og_title":"Zinc Alloy Material Portable Hookah Wholesale","og_description":"Finding the perfect hookah for those laidback smoking sessions can be a real challenge. You want something that looks cool","og_url":"https:\/\/global-hookah.com\/es\/producto\/venta-al-por-mayor-de-pipas-de-agua-portatiles-de-aleacion-de-zinc\/","og_site_name":"Global Hookah","article_modified_time":"2024-04-17T02:57:14+00:00","og_image":[{"width":1000,"height":1000,"url":"https:\/\/global-hookah.com\/wp-content\/uploads\/2024\/04\/Egyptian-Hookah-Rod-Zinc-Alloy-Material-Portable-Hookah-Adapt-To-The-4-5CM-Plug-in-Hookah.webp","type":"image\/webp"}],"twitter_card":"summary_large_image","twitter_misc":{"Tiempo de lectura":"4 minutos"},"schema":{"@context":"https:\/\/schema.org","@graph":[{"@type":"WebPage","@id":"https:\/\/global-hookah.com\/es\/producto\/venta-al-por-mayor-de-pipas-de-agua-portatiles-de-aleacion-de-zinc\/","url":"https:\/\/global-hookah.com\/es\/producto\/venta-al-por-mayor-de-pipas-de-agua-portatiles-de-aleacion-de-zinc\/","name":"Hookah port\u00e1til de material de aleaci\u00f3n de zinc al por mayor - Global Hookah","isPartOf":{"@id":"https:\/\/global-hookah.com\/#website"},"primaryImageOfPage":{"@id":"https:\/\/global-hookah.com\/es\/producto\/venta-al-por-mayor-de-pipas-de-agua-portatiles-de-aleacion-de-zinc\/#primaryimage"},"image":{"@id":"https:\/\/global-hookah.com\/es\/producto\/venta-al-por-mayor-de-pipas-de-agua-portatiles-de-aleacion-de-zinc\/#primaryimage"},"thumbnailUrl":"https:\/\/global-hookah.com\/wp-content\/uploads\/2024\/04\/Egyptian-Hookah-Rod-Zinc-Alloy-Material-Portable-Hookah-Adapt-To-The-4-5CM-Plug-in-Hookah.webp","datePublished":"2024-04-06T13:06:01+00:00","dateModified":"2024-04-17T02:57:14+00:00","breadcrumb":{"@id":"https:\/\/global-hookah.com\/es\/producto\/venta-al-por-mayor-de-pipas-de-agua-portatiles-de-aleacion-de-zinc\/#breadcrumb"},"inLanguage":"es","potentialAction":[{"@type":"ReadAction","target":["https:\/\/global-hookah.com\/es\/producto\/venta-al-por-mayor-de-pipas-de-agua-portatiles-de-aleacion-de-zinc\/"]}]},{"@type":"ImageObject","inLanguage":"es","@id":"https:\/\/global-hookah.com\/es\/producto\/venta-al-por-mayor-de-pipas-de-agua-portatiles-de-aleacion-de-zinc\/#primaryimage","url":"https:\/\/global-hookah.com\/wp-content\/uploads\/2024\/04\/Egyptian-Hookah-Rod-Zinc-Alloy-Material-Portable-Hookah-Adapt-To-The-4-5CM-Plug-in-Hookah.webp","contentUrl":"https:\/\/global-hookah.com\/wp-content\/uploads\/2024\/04\/Egyptian-Hookah-Rod-Zinc-Alloy-Material-Portable-Hookah-Adapt-To-The-4-5CM-Plug-in-Hookah.webp","width":1000,"height":1000},{"@type":"BreadcrumbList","@id":"https:\/\/global-hookah.com\/es\/producto\/venta-al-por-mayor-de-pipas-de-agua-portatiles-de-aleacion-de-zinc\/#breadcrumb","itemListElement":[{"@type":"ListItem","position":1,"name":"Home","item":"https:\/\/global-hookah.com\/"},{"@type":"ListItem","position":2,"name":"Shop","item":"https:\/\/global-hookah.com\/shop\/"},{"@type":"ListItem","position":3,"name":"Zinc Alloy Material Portable Hookah Wholesale"}]},{"@type":"WebSite","@id":"https:\/\/global-hookah.com\/#website","url":"https:\/\/global-hookah.com\/","name":"Global Hookah","description":"Global Hookah","publisher":{"@id":"https:\/\/global-hookah.com\/#organization"},"potentialAction":[{"@type":"SearchAction","target":{"@type":"EntryPoint","urlTemplate":"https:\/\/global-hookah.com\/?s={search_term_string}"},"query-input":{"@type":"PropertyValueSpecification","valueRequired":true,"valueName":"search_term_string"}}],"inLanguage":"es"},{"@type":"Organization","@id":"https:\/\/global-hookah.com\/#organization","name":"Global Hookah","url":"https:\/\/global-hookah.com\/","logo":{"@type":"ImageObject","inLanguage":"es","@id":"https:\/\/global-hookah.com\/#\/schema\/logo\/image\/","url":"https:\/\/global-hookah.com\/wp-content\/uploads\/2021\/10\/cropped-fgg.png","contentUrl":"https:\/\/global-hookah.com\/wp-content\/uploads\/2021\/10\/cropped-fgg.png","width":512,"height":512,"caption":"Global Hookah"},"image":{"@id":"https:\/\/global-hookah.com\/#\/schema\/logo\/image\/"}}]}},"_links":{"self":[{"href":"https:\/\/global-hookah.com\/es\/wp-json\/wp\/v2\/product\/20446","targetHints":{"allow":["GET"]}}],"collection":[{"href":"https:\/\/global-hookah.com\/es\/wp-json\/wp\/v2\/product"}],"about":[{"href":"https:\/\/global-hookah.com\/es\/wp-json\/wp\/v2\/types\/product"}],"replies":[{"embeddable":true,"href":"https:\/\/global-hookah.com\/es\/wp-json\/wp\/v2\/comments?post=20446"}],"version-history":[{"count":0,"href":"https:\/\/global-hookah.com\/es\/wp-json\/wp\/v2\/product\/20446\/revisions"}],"wp:featuredmedia":[{"embeddable":true,"href":"https:\/\/global-hookah.com\/es\/wp-json\/wp\/v2\/media\/20447"}],"wp:attachment":[{"href":"https:\/\/global-hookah.com\/es\/wp-json\/wp\/v2\/media?parent=20446"}],"wp:term":[{"taxonomy":"product_brand","embeddable":true,"href":"https:\/\/global-hookah.com\/es\/wp-json\/wp\/v2\/product_brand?post=20446"},{"taxonomy":"product_cat","embeddable":true,"href":"https:\/\/global-hookah.com\/es\/wp-json\/wp\/v2\/product_cat?post=20446"},{"taxonomy":"product_tag","embeddable":true,"href":"https:\/\/global-hookah.com\/es\/wp-json\/wp\/v2\/product_tag?post=20446"}],"curies":[{"name":"wp","href":"https:\/\/api.w.org\/{rel}","templated":true}]}}