{"id":20489,"date":"2024-04-06T13:15:04","date_gmt":"2024-04-06T13:15:04","guid":{"rendered":"https:\/\/global-hookah.com\/product\/customizable-arabic-double-barreled-shisha\/"},"modified":"2024-04-17T02:14:42","modified_gmt":"2024-04-17T02:14:42","slug":"customizable-arabic-double-barreled-shisha","status":"publish","type":"product","link":"https:\/\/global-hookah.com\/es\/producto\/customizable-arabic-double-barreled-shisha\/","title":{"rendered":"Shisha \u00e1rabe de doble ca\u00f1\u00f3n personalizable"},"content":{"rendered":"<p>este <strong>Shisha \u00e1rabe de doble ca\u00f1\u00f3n<\/strong> \u00a1es tan incre\u00edble! \u00a1Compartir largas y relajantes sesiones de fumada con tus amigos es un placer tan simple en la vida! Cada manguera puede girar 360\u00b0 libremente para facilitar el paso entre amigos. Y las boquillas c\u00f3nicas est\u00e1n dise\u00f1adas de forma tan inteligente que cada calada es suave como la seda, \u00a1un aut\u00e9ntico placer!<\/p>\n<p>Pero lo que m\u00e1s me gusta son todas las opciones de personalizaci\u00f3n de este <strong>Shisha \u00e1rabe<\/strong> \u00a1ofertas! Cristal rosa, zafiro azul profundo, oro de lujo, cuero negro: puede mezclar y combinar boquillas y latiguillos como quiera, \u00a1100% personalizado a su personalidad y gusto!<\/p>\n<p>En <strong>Shisha \u00e1rabe de doble ca\u00f1\u00f3n<\/strong> Las colillas de cer\u00e1mica de alta calidad permiten un control preciso del humo sin peligro de quemaduras en las manos. Si quieres que sea a\u00fan m\u00e1s fr\u00edo y eficaz para filtrar el humo, puedes a\u00f1adirle unos cubitos de hielo.<\/p>\n<p>Un tap\u00f3n de silicona fija cada <strong>Narguile personalizable<\/strong> lo que impide que se escape el humo. Gracias al difusor integrado, siempre puedes contar con una calada fuerte y suave y con un flujo de aire abundante. Estoy deseando organizar una sesi\u00f3n de narguile con mis amigas.<\/p>\n<div class=\"product-specs-list-container\">\n<ul class=\"product-specs-list util-clearfix\">\n<li class=\"product-prop line-limit-length\"><span class=\"property-title\">N\u00famero de modelo:\u00a0<\/span><span class=\"property-desc line-limit-length\">SH018<\/span><\/li>\n<li class=\"product-prop line-limit-length\"><span class=\"property-title\">Forma: <a href=\"https:\/\/global-hookah.com\/product-category\/wholesale-hookah\/glass-hookah-wholesale\/\">\u00c1rabe<\/a><\/span><span class=\"property-desc line-limit-length\">\u00a0Tipo<\/span><\/li>\n<li class=\"product-prop line-limit-length\"><span class=\"property-title\">Material:\u00a0<\/span><span class=\"property-desc line-limit-length\">vidrio<\/span><\/li>\n<\/ul>\n<\/div>\n<p><img decoding=\"async\" src=\"https:\/\/ae01.alicdn.com\/kf\/S7f6e920d860744ec83d3c064d10dd2f8V.jpg\" \/><img decoding=\"async\" src=\"https:\/\/ae01.alicdn.com\/kf\/S3b70bd1865f248aaa01d297ed18b7e4d4.jpg\" \/><img decoding=\"async\" src=\"https:\/\/ae01.alicdn.com\/kf\/S00459080cea744aeb2766ef0ed2f72a5k.jpg\" \/><img decoding=\"async\" src=\"https:\/\/ae01.alicdn.com\/kf\/Se1331761a0da485ab436241e97030329h.jpg\" \/><img decoding=\"async\" src=\"https:\/\/ae01.alicdn.com\/kf\/S834bc1579dd748879cbe5fa43f287d22R.jpg\" \/><img decoding=\"async\" src=\"https:\/\/ae01.alicdn.com\/kf\/Sc6ccc067544e4ded8ae0ac0da3651db9J.jpg\" \/><img decoding=\"async\" src=\"https:\/\/ae01.alicdn.com\/kf\/Se9e0c72b17d4494cb9e4db426d9ce6929.jpg\" \/><img decoding=\"async\" src=\"https:\/\/ae01.alicdn.com\/kf\/S472b0441153345328f3a774b18c1bccdM.jpg\" \/><\/p>","protected":false},"excerpt":{"rendered":"<p>\u00a1esta shisha \u00e1rabe de doble ca\u00f1\u00f3n es incre\u00edble! Compartir largas y relajantes sesiones de fumada con tus amigos es un placer tan sencillo<\/p>","protected":false},"featured_media":20490,"comment_status":"closed","ping_status":"closed","template":"","meta":{"iawp_total_views":3,"_joinchat":[]},"product_brand":[],"product_cat":[119],"product_tag":[],"class_list":{"0":"post-20489","1":"product","2":"type-product","3":"status-publish","4":"has-post-thumbnail","6":"product_cat-wholesale-hookah","8":"first","9":"instock","10":"shipping-taxable","11":"purchasable","12":"product-type-variable"},"yoast_head":"<!-- This site is optimized with the Yoast SEO Premium plugin v24.7 (Yoast SEO v26.8) - https:\/\/yoast.com\/product\/yoast-seo-premium-wordpress\/ -->\n<title>Customizable Arabic Double-Barreled Shisha - Global Hookah<\/title>\n<meta name=\"robots\" content=\"index, follow, max-snippet:-1, max-image-preview:large, max-video-preview:-1\" \/>\n<link rel=\"canonical\" href=\"https:\/\/global-hookah.com\/es\/producto\/customizable-arabic-double-barreled-shisha\/\" \/>\n<meta property=\"og:locale\" content=\"es_ES\" \/>\n<meta property=\"og:type\" content=\"article\" \/>\n<meta property=\"og:title\" content=\"Customizable Arabic Double-Barreled Shisha\" \/>\n<meta property=\"og:description\" content=\"this Arabic Double-Barreled Shisha is so awesome! Sharing long, relaxing smoke sessions with your friends is such a simple joy\" \/>\n<meta property=\"og:url\" content=\"https:\/\/global-hookah.com\/es\/producto\/customizable-arabic-double-barreled-shisha\/\" \/>\n<meta property=\"og:site_name\" content=\"Global Hookah\" \/>\n<meta property=\"article:modified_time\" content=\"2024-04-17T02:14:42+00:00\" \/>\n<meta property=\"og:image\" content=\"https:\/\/global-hookah.com\/wp-content\/uploads\/2024\/04\/Arabia-Hookah-Set-Large-Double-Tube-Shisha-Glass-Bottle-Ceramic-Bowl-Hose-Water-Pipe-Bar-KTV.webp\" \/>\n\t<meta property=\"og:image:width\" content=\"900\" \/>\n\t<meta property=\"og:image:height\" content=\"900\" \/>\n\t<meta property=\"og:image:type\" content=\"image\/webp\" \/>\n<meta name=\"twitter:card\" content=\"summary_large_image\" \/>\n<meta name=\"twitter:label1\" content=\"Tiempo de lectura\" \/>\n\t<meta name=\"twitter:data1\" content=\"3 minutos\" \/>\n<script type=\"application\/ld+json\" class=\"yoast-schema-graph\">{\"@context\":\"https:\/\/schema.org\",\"@graph\":[{\"@type\":\"WebPage\",\"@id\":\"https:\/\/global-hookah.com\/product\/customizable-arabic-double-barreled-shisha\/\",\"url\":\"https:\/\/global-hookah.com\/product\/customizable-arabic-double-barreled-shisha\/\",\"name\":\"Customizable Arabic Double-Barreled Shisha - Global Hookah\",\"isPartOf\":{\"@id\":\"https:\/\/global-hookah.com\/#website\"},\"primaryImageOfPage\":{\"@id\":\"https:\/\/global-hookah.com\/product\/customizable-arabic-double-barreled-shisha\/#primaryimage\"},\"image\":{\"@id\":\"https:\/\/global-hookah.com\/product\/customizable-arabic-double-barreled-shisha\/#primaryimage\"},\"thumbnailUrl\":\"https:\/\/global-hookah.com\/wp-content\/uploads\/2024\/04\/Arabia-Hookah-Set-Large-Double-Tube-Shisha-Glass-Bottle-Ceramic-Bowl-Hose-Water-Pipe-Bar-KTV.webp\",\"datePublished\":\"2024-04-06T13:15:04+00:00\",\"dateModified\":\"2024-04-17T02:14:42+00:00\",\"breadcrumb\":{\"@id\":\"https:\/\/global-hookah.com\/product\/customizable-arabic-double-barreled-shisha\/#breadcrumb\"},\"inLanguage\":\"es\",\"potentialAction\":[{\"@type\":\"ReadAction\",\"target\":[\"https:\/\/global-hookah.com\/product\/customizable-arabic-double-barreled-shisha\/\"]}]},{\"@type\":\"ImageObject\",\"inLanguage\":\"es\",\"@id\":\"https:\/\/global-hookah.com\/product\/customizable-arabic-double-barreled-shisha\/#primaryimage\",\"url\":\"https:\/\/global-hookah.com\/wp-content\/uploads\/2024\/04\/Arabia-Hookah-Set-Large-Double-Tube-Shisha-Glass-Bottle-Ceramic-Bowl-Hose-Water-Pipe-Bar-KTV.webp\",\"contentUrl\":\"https:\/\/global-hookah.com\/wp-content\/uploads\/2024\/04\/Arabia-Hookah-Set-Large-Double-Tube-Shisha-Glass-Bottle-Ceramic-Bowl-Hose-Water-Pipe-Bar-KTV.webp\",\"width\":900,\"height\":900,\"caption\":\"Customizable Arabic Double-Barreled Shisha\"},{\"@type\":\"BreadcrumbList\",\"@id\":\"https:\/\/global-hookah.com\/product\/customizable-arabic-double-barreled-shisha\/#breadcrumb\",\"itemListElement\":[{\"@type\":\"ListItem\",\"position\":1,\"name\":\"Home\",\"item\":\"https:\/\/global-hookah.com\/\"},{\"@type\":\"ListItem\",\"position\":2,\"name\":\"Shop\",\"item\":\"https:\/\/global-hookah.com\/shop\/\"},{\"@type\":\"ListItem\",\"position\":3,\"name\":\"Customizable Arabic Double-Barreled Shisha\"}]},{\"@type\":\"WebSite\",\"@id\":\"https:\/\/global-hookah.com\/#website\",\"url\":\"https:\/\/global-hookah.com\/\",\"name\":\"Global Hookah\",\"description\":\"Global Hookah\",\"publisher\":{\"@id\":\"https:\/\/global-hookah.com\/#organization\"},\"potentialAction\":[{\"@type\":\"SearchAction\",\"target\":{\"@type\":\"EntryPoint\",\"urlTemplate\":\"https:\/\/global-hookah.com\/?s={search_term_string}\"},\"query-input\":{\"@type\":\"PropertyValueSpecification\",\"valueRequired\":true,\"valueName\":\"search_term_string\"}}],\"inLanguage\":\"es\"},{\"@type\":\"Organization\",\"@id\":\"https:\/\/global-hookah.com\/#organization\",\"name\":\"Global Hookah\",\"url\":\"https:\/\/global-hookah.com\/\",\"logo\":{\"@type\":\"ImageObject\",\"inLanguage\":\"es\",\"@id\":\"https:\/\/global-hookah.com\/#\/schema\/logo\/image\/\",\"url\":\"https:\/\/global-hookah.com\/wp-content\/uploads\/2021\/10\/cropped-fgg.png\",\"contentUrl\":\"https:\/\/global-hookah.com\/wp-content\/uploads\/2021\/10\/cropped-fgg.png\",\"width\":512,\"height\":512,\"caption\":\"Global Hookah\"},\"image\":{\"@id\":\"https:\/\/global-hookah.com\/#\/schema\/logo\/image\/\"}}]}<\/script>\n<!-- \/ Yoast SEO Premium plugin. -->","yoast_head_json":{"title":"Shisha \u00e1rabe de doble ca\u00f1\u00f3n personalizable - Global Hookah","robots":{"index":"index","follow":"follow","max-snippet":"max-snippet:-1","max-image-preview":"max-image-preview:large","max-video-preview":"max-video-preview:-1"},"canonical":"https:\/\/global-hookah.com\/es\/producto\/customizable-arabic-double-barreled-shisha\/","og_locale":"es_ES","og_type":"article","og_title":"Customizable Arabic Double-Barreled Shisha","og_description":"this Arabic Double-Barreled Shisha is so awesome! Sharing long, relaxing smoke sessions with your friends is such a simple joy","og_url":"https:\/\/global-hookah.com\/es\/producto\/customizable-arabic-double-barreled-shisha\/","og_site_name":"Global Hookah","article_modified_time":"2024-04-17T02:14:42+00:00","og_image":[{"width":900,"height":900,"url":"https:\/\/global-hookah.com\/wp-content\/uploads\/2024\/04\/Arabia-Hookah-Set-Large-Double-Tube-Shisha-Glass-Bottle-Ceramic-Bowl-Hose-Water-Pipe-Bar-KTV.webp","type":"image\/webp"}],"twitter_card":"summary_large_image","twitter_misc":{"Tiempo de lectura":"3 minutos"},"schema":{"@context":"https:\/\/schema.org","@graph":[{"@type":"WebPage","@id":"https:\/\/global-hookah.com\/product\/customizable-arabic-double-barreled-shisha\/","url":"https:\/\/global-hookah.com\/product\/customizable-arabic-double-barreled-shisha\/","name":"Shisha \u00e1rabe de doble ca\u00f1\u00f3n personalizable - Global Hookah","isPartOf":{"@id":"https:\/\/global-hookah.com\/#website"},"primaryImageOfPage":{"@id":"https:\/\/global-hookah.com\/product\/customizable-arabic-double-barreled-shisha\/#primaryimage"},"image":{"@id":"https:\/\/global-hookah.com\/product\/customizable-arabic-double-barreled-shisha\/#primaryimage"},"thumbnailUrl":"https:\/\/global-hookah.com\/wp-content\/uploads\/2024\/04\/Arabia-Hookah-Set-Large-Double-Tube-Shisha-Glass-Bottle-Ceramic-Bowl-Hose-Water-Pipe-Bar-KTV.webp","datePublished":"2024-04-06T13:15:04+00:00","dateModified":"2024-04-17T02:14:42+00:00","breadcrumb":{"@id":"https:\/\/global-hookah.com\/product\/customizable-arabic-double-barreled-shisha\/#breadcrumb"},"inLanguage":"es","potentialAction":[{"@type":"ReadAction","target":["https:\/\/global-hookah.com\/product\/customizable-arabic-double-barreled-shisha\/"]}]},{"@type":"ImageObject","inLanguage":"es","@id":"https:\/\/global-hookah.com\/product\/customizable-arabic-double-barreled-shisha\/#primaryimage","url":"https:\/\/global-hookah.com\/wp-content\/uploads\/2024\/04\/Arabia-Hookah-Set-Large-Double-Tube-Shisha-Glass-Bottle-Ceramic-Bowl-Hose-Water-Pipe-Bar-KTV.webp","contentUrl":"https:\/\/global-hookah.com\/wp-content\/uploads\/2024\/04\/Arabia-Hookah-Set-Large-Double-Tube-Shisha-Glass-Bottle-Ceramic-Bowl-Hose-Water-Pipe-Bar-KTV.webp","width":900,"height":900,"caption":"Customizable Arabic Double-Barreled Shisha"},{"@type":"BreadcrumbList","@id":"https:\/\/global-hookah.com\/product\/customizable-arabic-double-barreled-shisha\/#breadcrumb","itemListElement":[{"@type":"ListItem","position":1,"name":"Home","item":"https:\/\/global-hookah.com\/"},{"@type":"ListItem","position":2,"name":"Shop","item":"https:\/\/global-hookah.com\/shop\/"},{"@type":"ListItem","position":3,"name":"Customizable Arabic Double-Barreled Shisha"}]},{"@type":"WebSite","@id":"https:\/\/global-hookah.com\/#website","url":"https:\/\/global-hookah.com\/","name":"Global Hookah","description":"Global Hookah","publisher":{"@id":"https:\/\/global-hookah.com\/#organization"},"potentialAction":[{"@type":"SearchAction","target":{"@type":"EntryPoint","urlTemplate":"https:\/\/global-hookah.com\/?s={search_term_string}"},"query-input":{"@type":"PropertyValueSpecification","valueRequired":true,"valueName":"search_term_string"}}],"inLanguage":"es"},{"@type":"Organization","@id":"https:\/\/global-hookah.com\/#organization","name":"Global Hookah","url":"https:\/\/global-hookah.com\/","logo":{"@type":"ImageObject","inLanguage":"es","@id":"https:\/\/global-hookah.com\/#\/schema\/logo\/image\/","url":"https:\/\/global-hookah.com\/wp-content\/uploads\/2021\/10\/cropped-fgg.png","contentUrl":"https:\/\/global-hookah.com\/wp-content\/uploads\/2021\/10\/cropped-fgg.png","width":512,"height":512,"caption":"Global Hookah"},"image":{"@id":"https:\/\/global-hookah.com\/#\/schema\/logo\/image\/"}}]}},"_links":{"self":[{"href":"https:\/\/global-hookah.com\/es\/wp-json\/wp\/v2\/product\/20489","targetHints":{"allow":["GET"]}}],"collection":[{"href":"https:\/\/global-hookah.com\/es\/wp-json\/wp\/v2\/product"}],"about":[{"href":"https:\/\/global-hookah.com\/es\/wp-json\/wp\/v2\/types\/product"}],"replies":[{"embeddable":true,"href":"https:\/\/global-hookah.com\/es\/wp-json\/wp\/v2\/comments?post=20489"}],"version-history":[{"count":0,"href":"https:\/\/global-hookah.com\/es\/wp-json\/wp\/v2\/product\/20489\/revisions"}],"wp:featuredmedia":[{"embeddable":true,"href":"https:\/\/global-hookah.com\/es\/wp-json\/wp\/v2\/media\/20490"}],"wp:attachment":[{"href":"https:\/\/global-hookah.com\/es\/wp-json\/wp\/v2\/media?parent=20489"}],"wp:term":[{"taxonomy":"product_brand","embeddable":true,"href":"https:\/\/global-hookah.com\/es\/wp-json\/wp\/v2\/product_brand?post=20489"},{"taxonomy":"product_cat","embeddable":true,"href":"https:\/\/global-hookah.com\/es\/wp-json\/wp\/v2\/product_cat?post=20489"},{"taxonomy":"product_tag","embeddable":true,"href":"https:\/\/global-hookah.com\/es\/wp-json\/wp\/v2\/product_tag?post=20489"}],"curies":[{"name":"wp","href":"https:\/\/api.w.org\/{rel}","templated":true}]}}