{"id":20498,"date":"2024-04-06T13:16:04","date_gmt":"2024-04-06T13:16:04","guid":{"rendered":"https:\/\/global-hookah.com\/product\/personalized-high-quality-304-stainless-steel-hookah-wholesale\/"},"modified":"2024-04-07T02:09:21","modified_gmt":"2024-04-07T02:09:21","slug":"personalized-high-quality-304-stainless-steel-hookah-wholesale","status":"publish","type":"product","link":"https:\/\/global-hookah.com\/es\/producto\/personalized-high-quality-304-stainless-steel-hookah-wholesale\/","title":{"rendered":"Hookah personalizado de acero inoxidable 304 de alta calidad al por mayor"},"content":{"rendered":"<p>Chicos, cr\u00e9anme, este es el m\u00e1s fresco <strong>Hookah personalizada de alta gama<\/strong> que jam\u00e1s haya visto. Est\u00e1 fabricado en acero inoxidable 100% 304 y es muy duradero. Sus piezas de conexi\u00f3n est\u00e1n dise\u00f1adas con anillos de silicona para evitar fugas de humo y proporcionar un sellado perfecto. El sistema de pajita con difusor incorporado puede proporcionar una ventilaci\u00f3n de alta calidad y garantizar un efecto silencioso.<\/p>\n<p>Adem\u00e1s, este <strong>Narguile personalizado de acero inoxidable 304 de alta calidad<\/strong> consigue el mejor efecto de ventilaci\u00f3n gracias a un filtro silenciador incorporado cuidadosamente dise\u00f1ado, que le permite disfrutar del aroma puro del tabaco sin impurezas.<\/p>\n<p>Desde las juntas de silicona hasta la bandeja de carb\u00f3n, el filtro y la boquilla, se nota que han pensado seriamente en cada detalle. Esto no es s\u00f3lo un producto, es un homenaje a la cultura narguile, \u00bfme entiendes?<\/p>\n<p>Tenemos los conocimientos y la experiencia para hacer que todos sus <a href=\"https:\/\/global-hookah.com\/\">narguile<\/a> sue\u00f1os hechos realidad. \u00bfQuieres personalizar y comprar al por mayor? Le ofreceremos un servicio y unas ofertas incre\u00edbles.<\/p>\n<p><img decoding=\"async\" src=\"https:\/\/ae01.alicdn.com\/kf\/S40b8b2f3b2794923a6df24da8d14f96bu.jpg?width=800&amp;height=800&amp;hash=1600\" \/><\/p>\n<div class=\"detailmodule_html\">\n<div class=\"detail-desc-decorate-richtext\">\n<p><br class=\"img-brk\" \/><img decoding=\"async\" src=\"https:\/\/ae01.alicdn.com\/kf\/Se307aecc4e4d400e9040482cb05055219.jpg?width=1920&amp;height=1920&amp;hash=3840\" alt=\"undefined\" \/><br class=\"img-brk\" \/><br class=\"img-brk\" \/><img decoding=\"async\" src=\"https:\/\/ae01.alicdn.com\/kf\/S668264c580344c09b5a0f1aba45a36bcd.jpg?width=800&amp;height=800&amp;hash=1600\" alt=\"undefined\" \/><br class=\"img-brk\" \/><br class=\"img-brk\" \/><img decoding=\"async\" src=\"https:\/\/ae01.alicdn.com\/kf\/S5e40b23ec17f41598a1cdf9c05ed1256J.jpg?width=800&amp;height=800&amp;hash=1600\" alt=\"undefined\" \/><br class=\"img-brk\" \/><br class=\"img-brk\" \/><img decoding=\"async\" src=\"https:\/\/ae01.alicdn.com\/kf\/Sc90b2aad4b944f46a6cdaeeb1f69e18di.jpg?width=1920&amp;height=1920&amp;hash=3840\" alt=\"undefined\" \/><\/p>\n<\/div>\n<\/div>","protected":false},"excerpt":{"rendered":"<p>Chicos, cr\u00e9anme, este es el m\u00e1s fresco de gama alta personalizada Hookah que jam\u00e1s hayas visto. Est\u00e1 hecho de 100% 304<\/p>","protected":false},"featured_media":20499,"comment_status":"closed","ping_status":"closed","template":"","meta":{"iawp_total_views":0,"_joinchat":[]},"product_brand":[],"product_cat":[119],"product_tag":[],"class_list":{"0":"post-20498","1":"product","2":"type-product","3":"status-publish","4":"has-post-thumbnail","6":"product_cat-wholesale-hookah","8":"first","9":"instock","10":"shipping-taxable","11":"purchasable","12":"product-type-variable"},"yoast_head":"<!-- This site is optimized with the Yoast SEO Premium plugin v24.7 (Yoast SEO v26.8) - https:\/\/yoast.com\/product\/yoast-seo-premium-wordpress\/ -->\n<title>Personalized High Quality 304 Stainless Steel Hookah Wholesale - Global Hookah<\/title>\n<meta name=\"robots\" content=\"index, follow, max-snippet:-1, max-image-preview:large, max-video-preview:-1\" \/>\n<link rel=\"canonical\" href=\"https:\/\/global-hookah.com\/es\/producto\/venta-al-por-mayor-de-narguiles-personalizados-de-acero-inoxidable-de-alta-calidad-304\/\" \/>\n<meta property=\"og:locale\" content=\"es_ES\" \/>\n<meta property=\"og:type\" content=\"article\" \/>\n<meta property=\"og:title\" content=\"Personalized High Quality 304 Stainless Steel Hookah Wholesale\" \/>\n<meta property=\"og:description\" content=\"Guys, believe me, this is the coolest high-end customized Hookah you have ever seen. It is made of 100% 304\" \/>\n<meta property=\"og:url\" content=\"https:\/\/global-hookah.com\/es\/producto\/venta-al-por-mayor-de-narguiles-personalizados-de-acero-inoxidable-de-alta-calidad-304\/\" \/>\n<meta property=\"og:site_name\" content=\"Global Hookah\" \/>\n<meta property=\"article:modified_time\" content=\"2024-04-07T02:09:21+00:00\" \/>\n<meta property=\"og:image\" content=\"https:\/\/global-hookah.com\/wp-content\/uploads\/2024\/04\/KTV-Set-High-Quality-304-Stainless-Steel-Hookah-Glass-Bottle-Shisha-Accessories-Smoking-Pipes-Smoking-Grass.webp\" \/>\n\t<meta property=\"og:image:width\" content=\"800\" \/>\n\t<meta property=\"og:image:height\" content=\"800\" \/>\n\t<meta property=\"og:image:type\" content=\"image\/webp\" \/>\n<meta name=\"twitter:card\" content=\"summary_large_image\" \/>\n<meta name=\"twitter:label1\" content=\"Tiempo de lectura\" \/>\n\t<meta name=\"twitter:data1\" content=\"2 minutos\" \/>\n<script type=\"application\/ld+json\" class=\"yoast-schema-graph\">{\"@context\":\"https:\/\/schema.org\",\"@graph\":[{\"@type\":\"WebPage\",\"@id\":\"https:\/\/global-hookah.com\/es\/producto\/venta-al-por-mayor-de-narguiles-personalizados-de-acero-inoxidable-de-alta-calidad-304\/\",\"url\":\"https:\/\/global-hookah.com\/es\/producto\/venta-al-por-mayor-de-narguiles-personalizados-de-acero-inoxidable-de-alta-calidad-304\/\",\"name\":\"Personalized High Quality 304 Stainless Steel Hookah Wholesale - Global Hookah\",\"isPartOf\":{\"@id\":\"https:\/\/global-hookah.com\/#website\"},\"primaryImageOfPage\":{\"@id\":\"https:\/\/global-hookah.com\/es\/producto\/venta-al-por-mayor-de-narguiles-personalizados-de-acero-inoxidable-de-alta-calidad-304\/#primaryimage\"},\"image\":{\"@id\":\"https:\/\/global-hookah.com\/es\/producto\/venta-al-por-mayor-de-narguiles-personalizados-de-acero-inoxidable-de-alta-calidad-304\/#primaryimage\"},\"thumbnailUrl\":\"https:\/\/global-hookah.com\/wp-content\/uploads\/2024\/04\/KTV-Set-High-Quality-304-Stainless-Steel-Hookah-Glass-Bottle-Shisha-Accessories-Smoking-Pipes-Smoking-Grass.webp\",\"datePublished\":\"2024-04-06T13:16:04+00:00\",\"dateModified\":\"2024-04-07T02:09:21+00:00\",\"breadcrumb\":{\"@id\":\"https:\/\/global-hookah.com\/es\/producto\/venta-al-por-mayor-de-narguiles-personalizados-de-acero-inoxidable-de-alta-calidad-304\/#breadcrumb\"},\"inLanguage\":\"es\",\"potentialAction\":[{\"@type\":\"ReadAction\",\"target\":[\"https:\/\/global-hookah.com\/es\/producto\/venta-al-por-mayor-de-narguiles-personalizados-de-acero-inoxidable-de-alta-calidad-304\/\"]}]},{\"@type\":\"ImageObject\",\"inLanguage\":\"es\",\"@id\":\"https:\/\/global-hookah.com\/es\/producto\/venta-al-por-mayor-de-narguiles-personalizados-de-acero-inoxidable-de-alta-calidad-304\/#primaryimage\",\"url\":\"https:\/\/global-hookah.com\/wp-content\/uploads\/2024\/04\/KTV-Set-High-Quality-304-Stainless-Steel-Hookah-Glass-Bottle-Shisha-Accessories-Smoking-Pipes-Smoking-Grass.webp\",\"contentUrl\":\"https:\/\/global-hookah.com\/wp-content\/uploads\/2024\/04\/KTV-Set-High-Quality-304-Stainless-Steel-Hookah-Glass-Bottle-Shisha-Accessories-Smoking-Pipes-Smoking-Grass.webp\",\"width\":800,\"height\":800,\"caption\":\"Personalized High Quality 304 Stainless Steel Hookah Wholesale\"},{\"@type\":\"BreadcrumbList\",\"@id\":\"https:\/\/global-hookah.com\/es\/producto\/venta-al-por-mayor-de-narguiles-personalizados-de-acero-inoxidable-de-alta-calidad-304\/#breadcrumb\",\"itemListElement\":[{\"@type\":\"ListItem\",\"position\":1,\"name\":\"Home\",\"item\":\"https:\/\/global-hookah.com\/\"},{\"@type\":\"ListItem\",\"position\":2,\"name\":\"Shop\",\"item\":\"https:\/\/global-hookah.com\/shop\/\"},{\"@type\":\"ListItem\",\"position\":3,\"name\":\"Personalized High Quality 304 Stainless Steel Hookah Wholesale\"}]},{\"@type\":\"WebSite\",\"@id\":\"https:\/\/global-hookah.com\/#website\",\"url\":\"https:\/\/global-hookah.com\/\",\"name\":\"Global Hookah\",\"description\":\"Global Hookah\",\"publisher\":{\"@id\":\"https:\/\/global-hookah.com\/#organization\"},\"potentialAction\":[{\"@type\":\"SearchAction\",\"target\":{\"@type\":\"EntryPoint\",\"urlTemplate\":\"https:\/\/global-hookah.com\/?s={search_term_string}\"},\"query-input\":{\"@type\":\"PropertyValueSpecification\",\"valueRequired\":true,\"valueName\":\"search_term_string\"}}],\"inLanguage\":\"es\"},{\"@type\":\"Organization\",\"@id\":\"https:\/\/global-hookah.com\/#organization\",\"name\":\"Global Hookah\",\"url\":\"https:\/\/global-hookah.com\/\",\"logo\":{\"@type\":\"ImageObject\",\"inLanguage\":\"es\",\"@id\":\"https:\/\/global-hookah.com\/#\/schema\/logo\/image\/\",\"url\":\"https:\/\/global-hookah.com\/wp-content\/uploads\/2021\/10\/cropped-fgg.png\",\"contentUrl\":\"https:\/\/global-hookah.com\/wp-content\/uploads\/2021\/10\/cropped-fgg.png\",\"width\":512,\"height\":512,\"caption\":\"Global Hookah\"},\"image\":{\"@id\":\"https:\/\/global-hookah.com\/#\/schema\/logo\/image\/\"}}]}<\/script>\n<!-- \/ Yoast SEO Premium plugin. -->","yoast_head_json":{"title":"Personalizada de alta calidad 304 de acero inoxidable Hookah Venta al por mayor - Global Hookah","robots":{"index":"index","follow":"follow","max-snippet":"max-snippet:-1","max-image-preview":"max-image-preview:large","max-video-preview":"max-video-preview:-1"},"canonical":"https:\/\/global-hookah.com\/es\/producto\/venta-al-por-mayor-de-narguiles-personalizados-de-acero-inoxidable-de-alta-calidad-304\/","og_locale":"es_ES","og_type":"article","og_title":"Personalized High Quality 304 Stainless Steel Hookah Wholesale","og_description":"Guys, believe me, this is the coolest high-end customized Hookah you have ever seen. It is made of 100% 304","og_url":"https:\/\/global-hookah.com\/es\/producto\/venta-al-por-mayor-de-narguiles-personalizados-de-acero-inoxidable-de-alta-calidad-304\/","og_site_name":"Global Hookah","article_modified_time":"2024-04-07T02:09:21+00:00","og_image":[{"width":800,"height":800,"url":"https:\/\/global-hookah.com\/wp-content\/uploads\/2024\/04\/KTV-Set-High-Quality-304-Stainless-Steel-Hookah-Glass-Bottle-Shisha-Accessories-Smoking-Pipes-Smoking-Grass.webp","type":"image\/webp"}],"twitter_card":"summary_large_image","twitter_misc":{"Tiempo de lectura":"2 minutos"},"schema":{"@context":"https:\/\/schema.org","@graph":[{"@type":"WebPage","@id":"https:\/\/global-hookah.com\/es\/producto\/venta-al-por-mayor-de-narguiles-personalizados-de-acero-inoxidable-de-alta-calidad-304\/","url":"https:\/\/global-hookah.com\/es\/producto\/venta-al-por-mayor-de-narguiles-personalizados-de-acero-inoxidable-de-alta-calidad-304\/","name":"Personalizada de alta calidad 304 de acero inoxidable Hookah Venta al por mayor - Global Hookah","isPartOf":{"@id":"https:\/\/global-hookah.com\/#website"},"primaryImageOfPage":{"@id":"https:\/\/global-hookah.com\/es\/producto\/venta-al-por-mayor-de-narguiles-personalizados-de-acero-inoxidable-de-alta-calidad-304\/#primaryimage"},"image":{"@id":"https:\/\/global-hookah.com\/es\/producto\/venta-al-por-mayor-de-narguiles-personalizados-de-acero-inoxidable-de-alta-calidad-304\/#primaryimage"},"thumbnailUrl":"https:\/\/global-hookah.com\/wp-content\/uploads\/2024\/04\/KTV-Set-High-Quality-304-Stainless-Steel-Hookah-Glass-Bottle-Shisha-Accessories-Smoking-Pipes-Smoking-Grass.webp","datePublished":"2024-04-06T13:16:04+00:00","dateModified":"2024-04-07T02:09:21+00:00","breadcrumb":{"@id":"https:\/\/global-hookah.com\/es\/producto\/venta-al-por-mayor-de-narguiles-personalizados-de-acero-inoxidable-de-alta-calidad-304\/#breadcrumb"},"inLanguage":"es","potentialAction":[{"@type":"ReadAction","target":["https:\/\/global-hookah.com\/es\/producto\/venta-al-por-mayor-de-narguiles-personalizados-de-acero-inoxidable-de-alta-calidad-304\/"]}]},{"@type":"ImageObject","inLanguage":"es","@id":"https:\/\/global-hookah.com\/es\/producto\/venta-al-por-mayor-de-narguiles-personalizados-de-acero-inoxidable-de-alta-calidad-304\/#primaryimage","url":"https:\/\/global-hookah.com\/wp-content\/uploads\/2024\/04\/KTV-Set-High-Quality-304-Stainless-Steel-Hookah-Glass-Bottle-Shisha-Accessories-Smoking-Pipes-Smoking-Grass.webp","contentUrl":"https:\/\/global-hookah.com\/wp-content\/uploads\/2024\/04\/KTV-Set-High-Quality-304-Stainless-Steel-Hookah-Glass-Bottle-Shisha-Accessories-Smoking-Pipes-Smoking-Grass.webp","width":800,"height":800,"caption":"Personalized High Quality 304 Stainless Steel Hookah Wholesale"},{"@type":"BreadcrumbList","@id":"https:\/\/global-hookah.com\/es\/producto\/venta-al-por-mayor-de-narguiles-personalizados-de-acero-inoxidable-de-alta-calidad-304\/#breadcrumb","itemListElement":[{"@type":"ListItem","position":1,"name":"Home","item":"https:\/\/global-hookah.com\/"},{"@type":"ListItem","position":2,"name":"Shop","item":"https:\/\/global-hookah.com\/shop\/"},{"@type":"ListItem","position":3,"name":"Personalized High Quality 304 Stainless Steel Hookah Wholesale"}]},{"@type":"WebSite","@id":"https:\/\/global-hookah.com\/#website","url":"https:\/\/global-hookah.com\/","name":"Global Hookah","description":"Global Hookah","publisher":{"@id":"https:\/\/global-hookah.com\/#organization"},"potentialAction":[{"@type":"SearchAction","target":{"@type":"EntryPoint","urlTemplate":"https:\/\/global-hookah.com\/?s={search_term_string}"},"query-input":{"@type":"PropertyValueSpecification","valueRequired":true,"valueName":"search_term_string"}}],"inLanguage":"es"},{"@type":"Organization","@id":"https:\/\/global-hookah.com\/#organization","name":"Global Hookah","url":"https:\/\/global-hookah.com\/","logo":{"@type":"ImageObject","inLanguage":"es","@id":"https:\/\/global-hookah.com\/#\/schema\/logo\/image\/","url":"https:\/\/global-hookah.com\/wp-content\/uploads\/2021\/10\/cropped-fgg.png","contentUrl":"https:\/\/global-hookah.com\/wp-content\/uploads\/2021\/10\/cropped-fgg.png","width":512,"height":512,"caption":"Global Hookah"},"image":{"@id":"https:\/\/global-hookah.com\/#\/schema\/logo\/image\/"}}]}},"_links":{"self":[{"href":"https:\/\/global-hookah.com\/es\/wp-json\/wp\/v2\/product\/20498","targetHints":{"allow":["GET"]}}],"collection":[{"href":"https:\/\/global-hookah.com\/es\/wp-json\/wp\/v2\/product"}],"about":[{"href":"https:\/\/global-hookah.com\/es\/wp-json\/wp\/v2\/types\/product"}],"replies":[{"embeddable":true,"href":"https:\/\/global-hookah.com\/es\/wp-json\/wp\/v2\/comments?post=20498"}],"version-history":[{"count":0,"href":"https:\/\/global-hookah.com\/es\/wp-json\/wp\/v2\/product\/20498\/revisions"}],"wp:featuredmedia":[{"embeddable":true,"href":"https:\/\/global-hookah.com\/es\/wp-json\/wp\/v2\/media\/20499"}],"wp:attachment":[{"href":"https:\/\/global-hookah.com\/es\/wp-json\/wp\/v2\/media?parent=20498"}],"wp:term":[{"taxonomy":"product_brand","embeddable":true,"href":"https:\/\/global-hookah.com\/es\/wp-json\/wp\/v2\/product_brand?post=20498"},{"taxonomy":"product_cat","embeddable":true,"href":"https:\/\/global-hookah.com\/es\/wp-json\/wp\/v2\/product_cat?post=20498"},{"taxonomy":"product_tag","embeddable":true,"href":"https:\/\/global-hookah.com\/es\/wp-json\/wp\/v2\/product_tag?post=20498"}],"curies":[{"name":"wp","href":"https:\/\/api.w.org\/{rel}","templated":true}]}}