{"id":20506,"date":"2024-04-06T13:17:04","date_gmt":"2024-04-06T13:17:04","guid":{"rendered":"https:\/\/global-hookah.com\/product\/66cm-65cm-64cm-60cm-53cm-44cm-plastic-shisha-set-wholesale\/"},"modified":"2024-04-07T01:49:28","modified_gmt":"2024-04-07T01:49:28","slug":"66cm-65cm-64cm-60cm-53cm-44cm-plastic-shisha-set-wholesale","status":"publish","type":"product","link":"https:\/\/global-hookah.com\/es\/producto\/66cm-65cm-64cm-60cm-53cm-44cm-plastic-shisha-set-wholesale\/","title":{"rendered":"66cm 65cm 64cm 60cm 53cm 44cm Juego de Shisha de Pl\u00e1stico al por mayor"},"content":{"rendered":"<p>Este<strong> Juego de shisha de pl\u00e1stico<\/strong> est\u00e1 disponible en varios tama\u00f1os, como 66 cm, 65 cm, 64 cm, 60 cm, 53 cm y 44 cm. Puede elegir la longitud de tubo adecuada seg\u00fan sus preferencias, \u00bfno es muy considerado?<\/p>\n<p>Distintas alturas aportan distintos sabores al fumar. Estoy deseando probarlas todas para encontrar la que mejor se adapte a m\u00ed. Si a ti tambi\u00e9n te fascinan los narguiles de distintos sabores, no te pierdas estos <strong>juegos de narguile de pl\u00e1stico regulables en altura<\/strong>\u00a1! Elige uno y empieza a probarlo, \u00a1te volver\u00e1s adicto!<\/p>\n<p>Tiene un filtro incorporado impresionante que purifica el humo y da los golpes m\u00e1s suaves y sedosos nunca. Adem\u00e1s, viene con una manguera lavable extra\u00edble y una manguera de silicona flexible que se adapta perfectamente a tu boca.<\/p>\n<p>Este <strong>Juego de narguile de pl\u00e1stico<\/strong> est\u00e1 listo para usar nada m\u00e1s sacarlo de la caja, con todo lo que necesitas como la potencia, la manguera, la boquilla, etc. para que puedas empezar a dar caladas en un abrir y cerrar de ojos. Nuestro equipo de atenci\u00f3n al cliente es muy amable y servicial. Si alguna vez tiene alg\u00fan problema, \u00a1s\u00f3lo tiene que ponerse en contacto con nosotros y nos encargaremos de ello!<\/p>\n<div class=\"product-specs-list-container\">\n<ul class=\"product-specs-list util-clearfix\">\n<li class=\"product-prop line-limit-length\"><span class=\"property-title\">Origen:\u00a0<\/span><span class=\"property-desc line-limit-length\">China continental<\/span><\/li>\n<li class=\"product-prop line-limit-length\"><span class=\"property-title\">Di\u00e1metro:\u00a0<\/span><span class=\"property-desc line-limit-length\">14,5cm\/18cm\/21,5cm<\/span><\/li>\n<li class=\"product-prop line-limit-length\"><span class=\"property-title\">Altura:\u00a0<\/span><span class=\"property-desc line-limit-length\">66cm\/53cm\/44cm<\/span><\/li>\n<li class=\"product-prop line-limit-length\"><span class=\"property-title\">Color:\u00a0<\/span><span class=\"property-desc line-limit-length\">Rojo,Negro,Colofrul<\/span><\/li>\n<\/ul>\n<\/div>\n<div class=\"detailmodule_image\"><img decoding=\"async\" class=\"detail-desc-decorate-image\" src=\"https:\/\/ae01.alicdn.com\/kf\/S595edf8f4dc0415cb647d0197d56a505t.jpg\" \/><img decoding=\"async\" class=\"detail-desc-decorate-image\" style=\"margin-bottom: 10px;\" src=\"https:\/\/ae01.alicdn.com\/kf\/S80493cdf03ff4a29b2be9e5561532791P.jpg\" \/><img decoding=\"async\" class=\"detail-desc-decorate-image\" style=\"margin-bottom: 10px;\" src=\"https:\/\/ae01.alicdn.com\/kf\/Sab034e9b5d8a47a295d35e8b7cdde0ddx.jpg\" \/><img decoding=\"async\" class=\"detail-desc-decorate-image\" src=\"https:\/\/ae01.alicdn.com\/kf\/S9050f1323cbf4ee7b253002020fe92b9z.jpg\" \/><img decoding=\"async\" class=\"detail-desc-decorate-image\" src=\"https:\/\/ae01.alicdn.com\/kf\/S5363290d1c8844c0b07694564df94d67L.jpg\" \/><img decoding=\"async\" class=\"detail-desc-decorate-image\" src=\"https:\/\/ae01.alicdn.com\/kf\/S835e8f4e24b04a7f9680959b543eeef4T.jpg\" \/><img decoding=\"async\" class=\"detail-desc-decorate-image\" src=\"https:\/\/ae01.alicdn.com\/kf\/S4bb3584d94c94b43ad444a006a01d7a4b.jpg\" \/><\/div>\n<p>&nbsp;<\/p>","protected":false},"excerpt":{"rendered":"<p>Este juego de shisha de pl\u00e1stico est\u00e1 disponible en varios tama\u00f1os, como 66 cm, 65 cm, 64 cm, 60 cm, 53 cm y 44 cm. Usted<\/p>","protected":false},"featured_media":20507,"comment_status":"closed","ping_status":"closed","template":"","meta":{"iawp_total_views":1,"_joinchat":[]},"product_brand":[],"product_cat":[119],"product_tag":[],"class_list":{"0":"post-20506","1":"product","2":"type-product","3":"status-publish","4":"has-post-thumbnail","6":"product_cat-wholesale-hookah","8":"first","9":"instock","10":"shipping-taxable","11":"purchasable","12":"product-type-variable"},"yoast_head":"<!-- This site is optimized with the Yoast SEO Premium plugin v24.7 (Yoast SEO v26.8) - https:\/\/yoast.com\/product\/yoast-seo-premium-wordpress\/ -->\n<title>66cm 65cm 64cm 60cm 53cm 44cm Plastic Shisha Set Wholesale - Global Hookah<\/title>\n<meta name=\"robots\" content=\"index, follow, max-snippet:-1, max-image-preview:large, max-video-preview:-1\" \/>\n<link rel=\"canonical\" href=\"https:\/\/global-hookah.com\/es\/producto\/66cm-65cm-64cm-60cm-53cm-44cm-plastic-shisha-set-wholesale\/\" \/>\n<meta property=\"og:locale\" content=\"es_ES\" \/>\n<meta property=\"og:type\" content=\"article\" \/>\n<meta property=\"og:title\" content=\"66cm 65cm 64cm 60cm 53cm 44cm Plastic Shisha Set Wholesale\" \/>\n<meta property=\"og:description\" content=\"This Plastic Shisha Set is available in a variety of sizes, including 66cm, 65cm, 64cm, 60cm, 53cm, and 44cm. You\" \/>\n<meta property=\"og:url\" content=\"https:\/\/global-hookah.com\/es\/producto\/66cm-65cm-64cm-60cm-53cm-44cm-plastic-shisha-set-wholesale\/\" \/>\n<meta property=\"og:site_name\" content=\"Global Hookah\" \/>\n<meta property=\"article:modified_time\" content=\"2024-04-07T01:49:28+00:00\" \/>\n<meta property=\"og:image\" content=\"https:\/\/global-hookah.com\/wp-content\/uploads\/2024\/04\/LOMINT-Small-Medium-Large-Hookah-Plastic-Shisha-Full-Complete-Set-Height-66cm-65cm-64cm-60cm-53cm.webp\" \/>\n\t<meta property=\"og:image:width\" content=\"1000\" \/>\n\t<meta property=\"og:image:height\" content=\"1000\" \/>\n\t<meta property=\"og:image:type\" content=\"image\/webp\" \/>\n<meta name=\"twitter:card\" content=\"summary_large_image\" \/>\n<meta name=\"twitter:label1\" content=\"Tiempo de lectura\" \/>\n\t<meta name=\"twitter:data1\" content=\"3 minutos\" \/>\n<script type=\"application\/ld+json\" class=\"yoast-schema-graph\">{\"@context\":\"https:\/\/schema.org\",\"@graph\":[{\"@type\":\"WebPage\",\"@id\":\"https:\/\/global-hookah.com\/product\/66cm-65cm-64cm-60cm-53cm-44cm-plastic-shisha-set-wholesale\/\",\"url\":\"https:\/\/global-hookah.com\/product\/66cm-65cm-64cm-60cm-53cm-44cm-plastic-shisha-set-wholesale\/\",\"name\":\"66cm 65cm 64cm 60cm 53cm 44cm Plastic Shisha Set Wholesale - Global Hookah\",\"isPartOf\":{\"@id\":\"https:\/\/global-hookah.com\/#website\"},\"primaryImageOfPage\":{\"@id\":\"https:\/\/global-hookah.com\/product\/66cm-65cm-64cm-60cm-53cm-44cm-plastic-shisha-set-wholesale\/#primaryimage\"},\"image\":{\"@id\":\"https:\/\/global-hookah.com\/product\/66cm-65cm-64cm-60cm-53cm-44cm-plastic-shisha-set-wholesale\/#primaryimage\"},\"thumbnailUrl\":\"https:\/\/global-hookah.com\/wp-content\/uploads\/2024\/04\/LOMINT-Small-Medium-Large-Hookah-Plastic-Shisha-Full-Complete-Set-Height-66cm-65cm-64cm-60cm-53cm.webp\",\"datePublished\":\"2024-04-06T13:17:04+00:00\",\"dateModified\":\"2024-04-07T01:49:28+00:00\",\"breadcrumb\":{\"@id\":\"https:\/\/global-hookah.com\/product\/66cm-65cm-64cm-60cm-53cm-44cm-plastic-shisha-set-wholesale\/#breadcrumb\"},\"inLanguage\":\"es\",\"potentialAction\":[{\"@type\":\"ReadAction\",\"target\":[\"https:\/\/global-hookah.com\/product\/66cm-65cm-64cm-60cm-53cm-44cm-plastic-shisha-set-wholesale\/\"]}]},{\"@type\":\"ImageObject\",\"inLanguage\":\"es\",\"@id\":\"https:\/\/global-hookah.com\/product\/66cm-65cm-64cm-60cm-53cm-44cm-plastic-shisha-set-wholesale\/#primaryimage\",\"url\":\"https:\/\/global-hookah.com\/wp-content\/uploads\/2024\/04\/LOMINT-Small-Medium-Large-Hookah-Plastic-Shisha-Full-Complete-Set-Height-66cm-65cm-64cm-60cm-53cm.webp\",\"contentUrl\":\"https:\/\/global-hookah.com\/wp-content\/uploads\/2024\/04\/LOMINT-Small-Medium-Large-Hookah-Plastic-Shisha-Full-Complete-Set-Height-66cm-65cm-64cm-60cm-53cm.webp\",\"width\":1000,\"height\":1000,\"caption\":\"Plastic Shisha Set Wholesale\"},{\"@type\":\"BreadcrumbList\",\"@id\":\"https:\/\/global-hookah.com\/product\/66cm-65cm-64cm-60cm-53cm-44cm-plastic-shisha-set-wholesale\/#breadcrumb\",\"itemListElement\":[{\"@type\":\"ListItem\",\"position\":1,\"name\":\"Home\",\"item\":\"https:\/\/global-hookah.com\/\"},{\"@type\":\"ListItem\",\"position\":2,\"name\":\"Shop\",\"item\":\"https:\/\/global-hookah.com\/shop\/\"},{\"@type\":\"ListItem\",\"position\":3,\"name\":\"66cm 65cm 64cm 60cm 53cm 44cm Plastic Shisha Set Wholesale\"}]},{\"@type\":\"WebSite\",\"@id\":\"https:\/\/global-hookah.com\/#website\",\"url\":\"https:\/\/global-hookah.com\/\",\"name\":\"Global Hookah\",\"description\":\"Global Hookah\",\"publisher\":{\"@id\":\"https:\/\/global-hookah.com\/#organization\"},\"potentialAction\":[{\"@type\":\"SearchAction\",\"target\":{\"@type\":\"EntryPoint\",\"urlTemplate\":\"https:\/\/global-hookah.com\/?s={search_term_string}\"},\"query-input\":{\"@type\":\"PropertyValueSpecification\",\"valueRequired\":true,\"valueName\":\"search_term_string\"}}],\"inLanguage\":\"es\"},{\"@type\":\"Organization\",\"@id\":\"https:\/\/global-hookah.com\/#organization\",\"name\":\"Global Hookah\",\"url\":\"https:\/\/global-hookah.com\/\",\"logo\":{\"@type\":\"ImageObject\",\"inLanguage\":\"es\",\"@id\":\"https:\/\/global-hookah.com\/#\/schema\/logo\/image\/\",\"url\":\"https:\/\/global-hookah.com\/wp-content\/uploads\/2021\/10\/cropped-fgg.png\",\"contentUrl\":\"https:\/\/global-hookah.com\/wp-content\/uploads\/2021\/10\/cropped-fgg.png\",\"width\":512,\"height\":512,\"caption\":\"Global Hookah\"},\"image\":{\"@id\":\"https:\/\/global-hookah.com\/#\/schema\/logo\/image\/\"}}]}<\/script>\n<!-- \/ Yoast SEO Premium plugin. -->","yoast_head_json":{"title":"66cm 65cm 64cm 60cm 53cm 44cm Pl\u00e1stico Shisha Set Venta al por mayor - Global Hookah","robots":{"index":"index","follow":"follow","max-snippet":"max-snippet:-1","max-image-preview":"max-image-preview:large","max-video-preview":"max-video-preview:-1"},"canonical":"https:\/\/global-hookah.com\/es\/producto\/66cm-65cm-64cm-60cm-53cm-44cm-plastic-shisha-set-wholesale\/","og_locale":"es_ES","og_type":"article","og_title":"66cm 65cm 64cm 60cm 53cm 44cm Plastic Shisha Set Wholesale","og_description":"This Plastic Shisha Set is available in a variety of sizes, including 66cm, 65cm, 64cm, 60cm, 53cm, and 44cm. You","og_url":"https:\/\/global-hookah.com\/es\/producto\/66cm-65cm-64cm-60cm-53cm-44cm-plastic-shisha-set-wholesale\/","og_site_name":"Global Hookah","article_modified_time":"2024-04-07T01:49:28+00:00","og_image":[{"width":1000,"height":1000,"url":"https:\/\/global-hookah.com\/wp-content\/uploads\/2024\/04\/LOMINT-Small-Medium-Large-Hookah-Plastic-Shisha-Full-Complete-Set-Height-66cm-65cm-64cm-60cm-53cm.webp","type":"image\/webp"}],"twitter_card":"summary_large_image","twitter_misc":{"Tiempo de lectura":"3 minutos"},"schema":{"@context":"https:\/\/schema.org","@graph":[{"@type":"WebPage","@id":"https:\/\/global-hookah.com\/product\/66cm-65cm-64cm-60cm-53cm-44cm-plastic-shisha-set-wholesale\/","url":"https:\/\/global-hookah.com\/product\/66cm-65cm-64cm-60cm-53cm-44cm-plastic-shisha-set-wholesale\/","name":"66cm 65cm 64cm 60cm 53cm 44cm Pl\u00e1stico Shisha Set Venta al por mayor - Global Hookah","isPartOf":{"@id":"https:\/\/global-hookah.com\/#website"},"primaryImageOfPage":{"@id":"https:\/\/global-hookah.com\/product\/66cm-65cm-64cm-60cm-53cm-44cm-plastic-shisha-set-wholesale\/#primaryimage"},"image":{"@id":"https:\/\/global-hookah.com\/product\/66cm-65cm-64cm-60cm-53cm-44cm-plastic-shisha-set-wholesale\/#primaryimage"},"thumbnailUrl":"https:\/\/global-hookah.com\/wp-content\/uploads\/2024\/04\/LOMINT-Small-Medium-Large-Hookah-Plastic-Shisha-Full-Complete-Set-Height-66cm-65cm-64cm-60cm-53cm.webp","datePublished":"2024-04-06T13:17:04+00:00","dateModified":"2024-04-07T01:49:28+00:00","breadcrumb":{"@id":"https:\/\/global-hookah.com\/product\/66cm-65cm-64cm-60cm-53cm-44cm-plastic-shisha-set-wholesale\/#breadcrumb"},"inLanguage":"es","potentialAction":[{"@type":"ReadAction","target":["https:\/\/global-hookah.com\/product\/66cm-65cm-64cm-60cm-53cm-44cm-plastic-shisha-set-wholesale\/"]}]},{"@type":"ImageObject","inLanguage":"es","@id":"https:\/\/global-hookah.com\/product\/66cm-65cm-64cm-60cm-53cm-44cm-plastic-shisha-set-wholesale\/#primaryimage","url":"https:\/\/global-hookah.com\/wp-content\/uploads\/2024\/04\/LOMINT-Small-Medium-Large-Hookah-Plastic-Shisha-Full-Complete-Set-Height-66cm-65cm-64cm-60cm-53cm.webp","contentUrl":"https:\/\/global-hookah.com\/wp-content\/uploads\/2024\/04\/LOMINT-Small-Medium-Large-Hookah-Plastic-Shisha-Full-Complete-Set-Height-66cm-65cm-64cm-60cm-53cm.webp","width":1000,"height":1000,"caption":"Plastic Shisha Set Wholesale"},{"@type":"BreadcrumbList","@id":"https:\/\/global-hookah.com\/product\/66cm-65cm-64cm-60cm-53cm-44cm-plastic-shisha-set-wholesale\/#breadcrumb","itemListElement":[{"@type":"ListItem","position":1,"name":"Home","item":"https:\/\/global-hookah.com\/"},{"@type":"ListItem","position":2,"name":"Shop","item":"https:\/\/global-hookah.com\/shop\/"},{"@type":"ListItem","position":3,"name":"66cm 65cm 64cm 60cm 53cm 44cm Plastic Shisha Set Wholesale"}]},{"@type":"WebSite","@id":"https:\/\/global-hookah.com\/#website","url":"https:\/\/global-hookah.com\/","name":"Global Hookah","description":"Global Hookah","publisher":{"@id":"https:\/\/global-hookah.com\/#organization"},"potentialAction":[{"@type":"SearchAction","target":{"@type":"EntryPoint","urlTemplate":"https:\/\/global-hookah.com\/?s={search_term_string}"},"query-input":{"@type":"PropertyValueSpecification","valueRequired":true,"valueName":"search_term_string"}}],"inLanguage":"es"},{"@type":"Organization","@id":"https:\/\/global-hookah.com\/#organization","name":"Global Hookah","url":"https:\/\/global-hookah.com\/","logo":{"@type":"ImageObject","inLanguage":"es","@id":"https:\/\/global-hookah.com\/#\/schema\/logo\/image\/","url":"https:\/\/global-hookah.com\/wp-content\/uploads\/2021\/10\/cropped-fgg.png","contentUrl":"https:\/\/global-hookah.com\/wp-content\/uploads\/2021\/10\/cropped-fgg.png","width":512,"height":512,"caption":"Global Hookah"},"image":{"@id":"https:\/\/global-hookah.com\/#\/schema\/logo\/image\/"}}]}},"_links":{"self":[{"href":"https:\/\/global-hookah.com\/es\/wp-json\/wp\/v2\/product\/20506","targetHints":{"allow":["GET"]}}],"collection":[{"href":"https:\/\/global-hookah.com\/es\/wp-json\/wp\/v2\/product"}],"about":[{"href":"https:\/\/global-hookah.com\/es\/wp-json\/wp\/v2\/types\/product"}],"replies":[{"embeddable":true,"href":"https:\/\/global-hookah.com\/es\/wp-json\/wp\/v2\/comments?post=20506"}],"version-history":[{"count":0,"href":"https:\/\/global-hookah.com\/es\/wp-json\/wp\/v2\/product\/20506\/revisions"}],"wp:featuredmedia":[{"embeddable":true,"href":"https:\/\/global-hookah.com\/es\/wp-json\/wp\/v2\/media\/20507"}],"wp:attachment":[{"href":"https:\/\/global-hookah.com\/es\/wp-json\/wp\/v2\/media?parent=20506"}],"wp:term":[{"taxonomy":"product_brand","embeddable":true,"href":"https:\/\/global-hookah.com\/es\/wp-json\/wp\/v2\/product_brand?post=20506"},{"taxonomy":"product_cat","embeddable":true,"href":"https:\/\/global-hookah.com\/es\/wp-json\/wp\/v2\/product_cat?post=20506"},{"taxonomy":"product_tag","embeddable":true,"href":"https:\/\/global-hookah.com\/es\/wp-json\/wp\/v2\/product_tag?post=20506"}],"curies":[{"name":"wp","href":"https:\/\/api.w.org\/{rel}","templated":true}]}}