{"id":20515,"date":"2024-04-06T13:17:52","date_gmt":"2024-04-06T13:17:52","guid":{"rendered":"https:\/\/global-hookah.com\/product\/stainless-steel-hookah-single-pipe-complete-set-wholesale\/"},"modified":"2024-04-07T01:32:59","modified_gmt":"2024-04-07T01:32:59","slug":"stainless-steel-hookah-single-pipe-complete-set-wholesale","status":"publish","type":"product","link":"https:\/\/global-hookah.com\/es\/producto\/stainless-steel-hookah-single-pipe-complete-set-wholesale\/","title":{"rendered":"Juego completo de pipa individual de acero inoxidable para narguile al por mayor"},"content":{"rendered":"<p>En <strong>Hookah de acero inoxidable de un solo tubo<\/strong> no s\u00f3lo tiene un aspecto elegante, sino que proporciona una excelente experiencia de fumado. Tiene un filtro para un humo ultrasuave. Tanto si eres nuevo en el mundo de los narguiles como un veterano, \u00a1te encantar\u00e1 la sensaci\u00f3n de fumar de este!<\/p>\n<p>En <strong>Hookah de acero inoxidable de un solo tubo<\/strong> no s\u00f3lo tiene un aspecto elegante, sino que proporciona una excelente experiencia de fumado. Tiene un filtro para un humo suave.<\/p>\n<p>Lo que m\u00e1s me entusiasma es que est\u00e1 listo para usar de inmediato sin tener que comprar nada m\u00e1s. <a href=\"https:\/\/global-hookah.com\/product-category\/hookah-accessories-wholesale\/\">accesorios<\/a> - Muy pr\u00e1ctico. S\u00f3lo tengo que montar la boquilla, el cabezal y la manguera y ya est\u00e1. Con s\u00f3lo 38 cm de altura, este <strong>Hookah de acero inoxidable de un solo tubo<\/strong> tiene el tama\u00f1o perfecto para ofrecerle una experiencia de fumado \u00fanica y sabores maravillosos.<\/p>\n<div class=\"detailmodule_html\">\n<div class=\"detail-desc-decorate-richtext\">\n<div style=\"overflow: hidden; width: 750px; height: 4600px;\">\n<div style=\"overflow: hidden; width: 750px; height: 4600px;\">\n<p><img decoding=\"async\" style=\"display: block; width: 100%;\" src=\"https:\/\/ae01.alicdn.com\/kf\/Sb7699e0dbd114f78b82c2afe120b1b4fN.jpg?width=1000&amp;height=1000&amp;hash=2000\" width=\"100%\" \/> <img decoding=\"async\" style=\"display: block; width: 100%;\" src=\"https:\/\/ae01.alicdn.com\/kf\/Sd21faae958024dcc877efd986ce27bf83.jpg?width=1000&amp;height=1000&amp;hash=2000\" width=\"100%\" \/> <img decoding=\"async\" style=\"display: block; width: 100%;\" src=\"https:\/\/ae01.alicdn.com\/kf\/S6efed7796f454c1389377693d30e66cac.jpg?width=1000&amp;height=1000&amp;hash=2000\" width=\"100%\" \/> <img decoding=\"async\" style=\"display: block; width: 100%;\" src=\"https:\/\/ae01.alicdn.com\/kf\/S1a50d87304bc4d508f402e722f9e3bf9m.jpg?width=1000&amp;height=1000&amp;hash=2000\" width=\"100%\" \/> <img decoding=\"async\" style=\"display: block; width: 100%;\" src=\"https:\/\/ae01.alicdn.com\/kf\/S1f2c5c434b704f69a1d6617c6277094a4.jpg?width=1000&amp;height=1000&amp;hash=2000\" width=\"100%\" \/> <img decoding=\"async\" style=\"display: block; width: 100%;\" src=\"https:\/\/ae01.alicdn.com\/kf\/Sd64314ba55154e86bc5066a29a69bb2aw.jpg?width=1000&amp;height=1000&amp;hash=2000\" width=\"100%\" \/><\/p>\n<\/div>\n<\/div>\n<\/div>\n<\/div>","protected":false},"excerpt":{"rendered":"<p>La pipa individual Hookah de acero inoxidable no s\u00f3lo tiene un aspecto elegante, sino que proporciona una excelente experiencia de fumado. Tiene un filtro<\/p>","protected":false},"featured_media":20516,"comment_status":"closed","ping_status":"closed","template":"","meta":{"iawp_total_views":0,"_joinchat":[]},"product_brand":[],"product_cat":[119],"product_tag":[],"class_list":{"0":"post-20515","1":"product","2":"type-product","3":"status-publish","4":"has-post-thumbnail","6":"product_cat-wholesale-hookah","8":"first","9":"instock","10":"shipping-taxable","11":"purchasable","12":"product-type-variable"},"yoast_head":"<!-- This site is optimized with the Yoast SEO Premium plugin v24.7 (Yoast SEO v26.8) - https:\/\/yoast.com\/product\/yoast-seo-premium-wordpress\/ -->\n<title>Stainless Steel Hookah Single Pipe Complete Set Wholesale - Global Hookah<\/title>\n<meta name=\"robots\" content=\"index, follow, max-snippet:-1, max-image-preview:large, max-video-preview:-1\" \/>\n<link rel=\"canonical\" href=\"https:\/\/global-hookah.com\/es\/ru\/\u043f\u0440\u043e\u0434\u0443\u043a\u0442\/stainless-steel-hookah-single-pipe-complete-set-wholesale\/\" \/>\n<meta property=\"og:locale\" content=\"es_ES\" \/>\n<meta property=\"og:type\" content=\"article\" \/>\n<meta property=\"og:title\" content=\"Stainless Steel Hookah Single Pipe Complete Set Wholesale\" \/>\n<meta property=\"og:description\" content=\"The Stainless Steel Hookah Single Pipe not only looks stylish but provides an excellent smoking experience. It has a filter\" \/>\n<meta property=\"og:url\" content=\"https:\/\/global-hookah.com\/es\/ru\/\u043f\u0440\u043e\u0434\u0443\u043a\u0442\/stainless-steel-hookah-single-pipe-complete-set-wholesale\/\" \/>\n<meta property=\"og:site_name\" content=\"Global Hookah\" \/>\n<meta property=\"article:modified_time\" content=\"2024-04-07T01:32:59+00:00\" \/>\n<meta property=\"og:image\" content=\"https:\/\/global-hookah.com\/wp-content\/uploads\/2024\/04\/FUTR-hookah-stainless-steel-hookah-single-pipe-complete-set.webp\" \/>\n\t<meta property=\"og:image:width\" content=\"800\" \/>\n\t<meta property=\"og:image:height\" content=\"800\" \/>\n\t<meta property=\"og:image:type\" content=\"image\/webp\" \/>\n<meta name=\"twitter:card\" content=\"summary_large_image\" \/>\n<meta name=\"twitter:label1\" content=\"Tiempo de lectura\" \/>\n\t<meta name=\"twitter:data1\" content=\"2 minutos\" \/>\n<script type=\"application\/ld+json\" class=\"yoast-schema-graph\">{\"@context\":\"https:\/\/schema.org\",\"@graph\":[{\"@type\":\"WebPage\",\"@id\":\"https:\/\/global-hookah.com\/ru\/\u043f\u0440\u043e\u0434\u0443\u043a\u0442\/stainless-steel-hookah-single-pipe-complete-set-wholesale\/\",\"url\":\"https:\/\/global-hookah.com\/ru\/\u043f\u0440\u043e\u0434\u0443\u043a\u0442\/stainless-steel-hookah-single-pipe-complete-set-wholesale\/\",\"name\":\"Stainless Steel Hookah Single Pipe Complete Set Wholesale - Global Hookah\",\"isPartOf\":{\"@id\":\"https:\/\/global-hookah.com\/#website\"},\"primaryImageOfPage\":{\"@id\":\"https:\/\/global-hookah.com\/ru\/\u043f\u0440\u043e\u0434\u0443\u043a\u0442\/stainless-steel-hookah-single-pipe-complete-set-wholesale\/#primaryimage\"},\"image\":{\"@id\":\"https:\/\/global-hookah.com\/ru\/\u043f\u0440\u043e\u0434\u0443\u043a\u0442\/stainless-steel-hookah-single-pipe-complete-set-wholesale\/#primaryimage\"},\"thumbnailUrl\":\"https:\/\/global-hookah.com\/wp-content\/uploads\/2024\/04\/FUTR-hookah-stainless-steel-hookah-single-pipe-complete-set.webp\",\"datePublished\":\"2024-04-06T13:17:52+00:00\",\"dateModified\":\"2024-04-07T01:32:59+00:00\",\"breadcrumb\":{\"@id\":\"https:\/\/global-hookah.com\/ru\/\u043f\u0440\u043e\u0434\u0443\u043a\u0442\/stainless-steel-hookah-single-pipe-complete-set-wholesale\/#breadcrumb\"},\"inLanguage\":\"es\",\"potentialAction\":[{\"@type\":\"ReadAction\",\"target\":[\"https:\/\/global-hookah.com\/ru\/\u043f\u0440\u043e\u0434\u0443\u043a\u0442\/stainless-steel-hookah-single-pipe-complete-set-wholesale\/\"]}]},{\"@type\":\"ImageObject\",\"inLanguage\":\"es\",\"@id\":\"https:\/\/global-hookah.com\/ru\/\u043f\u0440\u043e\u0434\u0443\u043a\u0442\/stainless-steel-hookah-single-pipe-complete-set-wholesale\/#primaryimage\",\"url\":\"https:\/\/global-hookah.com\/wp-content\/uploads\/2024\/04\/FUTR-hookah-stainless-steel-hookah-single-pipe-complete-set.webp\",\"contentUrl\":\"https:\/\/global-hookah.com\/wp-content\/uploads\/2024\/04\/FUTR-hookah-stainless-steel-hookah-single-pipe-complete-set.webp\",\"width\":800,\"height\":800,\"caption\":\"Stainless Steel Hookah Single Pipe Complete Set Wholesale\"},{\"@type\":\"BreadcrumbList\",\"@id\":\"https:\/\/global-hookah.com\/ru\/\u043f\u0440\u043e\u0434\u0443\u043a\u0442\/stainless-steel-hookah-single-pipe-complete-set-wholesale\/#breadcrumb\",\"itemListElement\":[{\"@type\":\"ListItem\",\"position\":1,\"name\":\"Home\",\"item\":\"https:\/\/global-hookah.com\/\"},{\"@type\":\"ListItem\",\"position\":2,\"name\":\"Shop\",\"item\":\"https:\/\/global-hookah.com\/shop\/\"},{\"@type\":\"ListItem\",\"position\":3,\"name\":\"Stainless Steel Hookah Single Pipe Complete Set Wholesale\"}]},{\"@type\":\"WebSite\",\"@id\":\"https:\/\/global-hookah.com\/#website\",\"url\":\"https:\/\/global-hookah.com\/\",\"name\":\"Global Hookah\",\"description\":\"Global Hookah\",\"publisher\":{\"@id\":\"https:\/\/global-hookah.com\/#organization\"},\"potentialAction\":[{\"@type\":\"SearchAction\",\"target\":{\"@type\":\"EntryPoint\",\"urlTemplate\":\"https:\/\/global-hookah.com\/?s={search_term_string}\"},\"query-input\":{\"@type\":\"PropertyValueSpecification\",\"valueRequired\":true,\"valueName\":\"search_term_string\"}}],\"inLanguage\":\"es\"},{\"@type\":\"Organization\",\"@id\":\"https:\/\/global-hookah.com\/#organization\",\"name\":\"Global Hookah\",\"url\":\"https:\/\/global-hookah.com\/\",\"logo\":{\"@type\":\"ImageObject\",\"inLanguage\":\"es\",\"@id\":\"https:\/\/global-hookah.com\/#\/schema\/logo\/image\/\",\"url\":\"https:\/\/global-hookah.com\/wp-content\/uploads\/2021\/10\/cropped-fgg.png\",\"contentUrl\":\"https:\/\/global-hookah.com\/wp-content\/uploads\/2021\/10\/cropped-fgg.png\",\"width\":512,\"height\":512,\"caption\":\"Global Hookah\"},\"image\":{\"@id\":\"https:\/\/global-hookah.com\/#\/schema\/logo\/image\/\"}}]}<\/script>\n<!-- \/ Yoast SEO Premium plugin. -->","yoast_head_json":{"title":"Hookah de acero inoxidable de un solo tubo Juego completo al por mayor - Global Hookah","robots":{"index":"index","follow":"follow","max-snippet":"max-snippet:-1","max-image-preview":"max-image-preview:large","max-video-preview":"max-video-preview:-1"},"canonical":"https:\/\/global-hookah.com\/es\/ru\/\u043f\u0440\u043e\u0434\u0443\u043a\u0442\/stainless-steel-hookah-single-pipe-complete-set-wholesale\/","og_locale":"es_ES","og_type":"article","og_title":"Stainless Steel Hookah Single Pipe Complete Set Wholesale","og_description":"The Stainless Steel Hookah Single Pipe not only looks stylish but provides an excellent smoking experience. It has a filter","og_url":"https:\/\/global-hookah.com\/es\/ru\/\u043f\u0440\u043e\u0434\u0443\u043a\u0442\/stainless-steel-hookah-single-pipe-complete-set-wholesale\/","og_site_name":"Global Hookah","article_modified_time":"2024-04-07T01:32:59+00:00","og_image":[{"width":800,"height":800,"url":"https:\/\/global-hookah.com\/wp-content\/uploads\/2024\/04\/FUTR-hookah-stainless-steel-hookah-single-pipe-complete-set.webp","type":"image\/webp"}],"twitter_card":"summary_large_image","twitter_misc":{"Tiempo de lectura":"2 minutos"},"schema":{"@context":"https:\/\/schema.org","@graph":[{"@type":"WebPage","@id":"https:\/\/global-hookah.com\/ru\/\u043f\u0440\u043e\u0434\u0443\u043a\u0442\/stainless-steel-hookah-single-pipe-complete-set-wholesale\/","url":"https:\/\/global-hookah.com\/ru\/\u043f\u0440\u043e\u0434\u0443\u043a\u0442\/stainless-steel-hookah-single-pipe-complete-set-wholesale\/","name":"Hookah de acero inoxidable de un solo tubo Juego completo al por mayor - Global Hookah","isPartOf":{"@id":"https:\/\/global-hookah.com\/#website"},"primaryImageOfPage":{"@id":"https:\/\/global-hookah.com\/ru\/\u043f\u0440\u043e\u0434\u0443\u043a\u0442\/stainless-steel-hookah-single-pipe-complete-set-wholesale\/#primaryimage"},"image":{"@id":"https:\/\/global-hookah.com\/ru\/\u043f\u0440\u043e\u0434\u0443\u043a\u0442\/stainless-steel-hookah-single-pipe-complete-set-wholesale\/#primaryimage"},"thumbnailUrl":"https:\/\/global-hookah.com\/wp-content\/uploads\/2024\/04\/FUTR-hookah-stainless-steel-hookah-single-pipe-complete-set.webp","datePublished":"2024-04-06T13:17:52+00:00","dateModified":"2024-04-07T01:32:59+00:00","breadcrumb":{"@id":"https:\/\/global-hookah.com\/ru\/\u043f\u0440\u043e\u0434\u0443\u043a\u0442\/stainless-steel-hookah-single-pipe-complete-set-wholesale\/#breadcrumb"},"inLanguage":"es","potentialAction":[{"@type":"ReadAction","target":["https:\/\/global-hookah.com\/ru\/\u043f\u0440\u043e\u0434\u0443\u043a\u0442\/stainless-steel-hookah-single-pipe-complete-set-wholesale\/"]}]},{"@type":"ImageObject","inLanguage":"es","@id":"https:\/\/global-hookah.com\/ru\/\u043f\u0440\u043e\u0434\u0443\u043a\u0442\/stainless-steel-hookah-single-pipe-complete-set-wholesale\/#primaryimage","url":"https:\/\/global-hookah.com\/wp-content\/uploads\/2024\/04\/FUTR-hookah-stainless-steel-hookah-single-pipe-complete-set.webp","contentUrl":"https:\/\/global-hookah.com\/wp-content\/uploads\/2024\/04\/FUTR-hookah-stainless-steel-hookah-single-pipe-complete-set.webp","width":800,"height":800,"caption":"Stainless Steel Hookah Single Pipe Complete Set Wholesale"},{"@type":"BreadcrumbList","@id":"https:\/\/global-hookah.com\/ru\/\u043f\u0440\u043e\u0434\u0443\u043a\u0442\/stainless-steel-hookah-single-pipe-complete-set-wholesale\/#breadcrumb","itemListElement":[{"@type":"ListItem","position":1,"name":"Home","item":"https:\/\/global-hookah.com\/"},{"@type":"ListItem","position":2,"name":"Shop","item":"https:\/\/global-hookah.com\/shop\/"},{"@type":"ListItem","position":3,"name":"Stainless Steel Hookah Single Pipe Complete Set Wholesale"}]},{"@type":"WebSite","@id":"https:\/\/global-hookah.com\/#website","url":"https:\/\/global-hookah.com\/","name":"Global Hookah","description":"Global Hookah","publisher":{"@id":"https:\/\/global-hookah.com\/#organization"},"potentialAction":[{"@type":"SearchAction","target":{"@type":"EntryPoint","urlTemplate":"https:\/\/global-hookah.com\/?s={search_term_string}"},"query-input":{"@type":"PropertyValueSpecification","valueRequired":true,"valueName":"search_term_string"}}],"inLanguage":"es"},{"@type":"Organization","@id":"https:\/\/global-hookah.com\/#organization","name":"Global Hookah","url":"https:\/\/global-hookah.com\/","logo":{"@type":"ImageObject","inLanguage":"es","@id":"https:\/\/global-hookah.com\/#\/schema\/logo\/image\/","url":"https:\/\/global-hookah.com\/wp-content\/uploads\/2021\/10\/cropped-fgg.png","contentUrl":"https:\/\/global-hookah.com\/wp-content\/uploads\/2021\/10\/cropped-fgg.png","width":512,"height":512,"caption":"Global Hookah"},"image":{"@id":"https:\/\/global-hookah.com\/#\/schema\/logo\/image\/"}}]}},"_links":{"self":[{"href":"https:\/\/global-hookah.com\/es\/wp-json\/wp\/v2\/product\/20515","targetHints":{"allow":["GET"]}}],"collection":[{"href":"https:\/\/global-hookah.com\/es\/wp-json\/wp\/v2\/product"}],"about":[{"href":"https:\/\/global-hookah.com\/es\/wp-json\/wp\/v2\/types\/product"}],"replies":[{"embeddable":true,"href":"https:\/\/global-hookah.com\/es\/wp-json\/wp\/v2\/comments?post=20515"}],"version-history":[{"count":0,"href":"https:\/\/global-hookah.com\/es\/wp-json\/wp\/v2\/product\/20515\/revisions"}],"wp:featuredmedia":[{"embeddable":true,"href":"https:\/\/global-hookah.com\/es\/wp-json\/wp\/v2\/media\/20516"}],"wp:attachment":[{"href":"https:\/\/global-hookah.com\/es\/wp-json\/wp\/v2\/media?parent=20515"}],"wp:term":[{"taxonomy":"product_brand","embeddable":true,"href":"https:\/\/global-hookah.com\/es\/wp-json\/wp\/v2\/product_brand?post=20515"},{"taxonomy":"product_cat","embeddable":true,"href":"https:\/\/global-hookah.com\/es\/wp-json\/wp\/v2\/product_cat?post=20515"},{"taxonomy":"product_tag","embeddable":true,"href":"https:\/\/global-hookah.com\/es\/wp-json\/wp\/v2\/product_tag?post=20515"}],"curies":[{"name":"wp","href":"https:\/\/api.w.org\/{rel}","templated":true}]}}