{"id":20523,"date":"2024-04-06T13:18:41","date_gmt":"2024-04-06T13:18:41","guid":{"rendered":"https:\/\/global-hookah.com\/product\/customizable-large-size-luxury-hookah\/"},"modified":"2024-04-11T08:09:15","modified_gmt":"2024-04-11T08:09:15","slug":"customizable-large-size-luxury-hookah","status":"publish","type":"product","link":"https:\/\/global-hookah.com\/es\/producto\/customizable-large-size-luxury-hookah\/","title":{"rendered":"Narguile de lujo personalizable de gran tama\u00f1o"},"content":{"rendered":"<p>Hey amigo, \u00bfhas visto esto <strong>Narguile de lujo de gran tama\u00f1o<\/strong>? Est\u00e1 totalmente fabricada en acero inoxidable 304, con un aspecto elegante y aerodin\u00e1mico y una elaboraci\u00f3n intrincada: \u00a1es literalmente una obra de arte con un dise\u00f1o fabuloso! Estoy seguro de que cualquier coleccionista de narguiles que lo vea se enamorar\u00e1 inmediatamente.<\/p>\n<p>\u00a1La mejor parte es, que ofrece abundantes opciones de personalizaci\u00f3n, puede personalizar su pipa de agua para satisfacer todas sus fantas\u00edas pipa de agua! Puede elegir diferentes colores <strong>mangueras hookah de lujo<\/strong>con divertidos efectos de luz LED y cuencos de todas las formas y colores. Incluso ofrecemos servicios de grabado para hacer su<br \/>\n<strong>juego de narguile grande<\/strong> \u00fanico en su clase<\/p>\n<p>Los dos tubos <a href=\"https:\/\/global-hookah.com\/product\/bent-handmade-apple-design-smoking-pipes\/\">dise\u00f1o puede ayudarnos a controlar la cantidad de humo<\/a> durante el uso, y el material aislante incorporado mantiene la temperatura ideal. Un sistema de filtraci\u00f3n de alta calidad purifica los gases de combusti\u00f3n. Con este <strong>Hookah de lujo<\/strong>...podr\u00e1 disfrutar explorando diversas combinaciones de sabores.<\/p>\n<p>Su chul\u00edsimo dise\u00f1o en forma de jarr\u00f3n te convertir\u00e1 en el centro de atenci\u00f3n de la fiesta. Incorpora <a href=\"https:\/\/global-hookah.com\/product\/acrylic-hookah-with-led-light-shisha-wholesale\/\">Luz LED<\/a> strip crear\u00e1 una atm\u00f3sfera de ensue\u00f1o para la escena, \u00a1que es s\u00faper feeling! <strong>Lo mejor de todo el lujo <\/strong><a href=\"https:\/\/global-hookah.com\/product\/wholesale-hookah-shisha-pipe-with-smoking-accessories\/\">los narguiles contienen todos los accesorios de la shisha<\/a>\u00a1! Tambi\u00e9n hay herramientas de limpieza de calidad profesional que le ayudar\u00e1n a gastar menos.<\/p>\n<div class=\"detailmodule_html\">\n<div class=\"detail-desc-decorate-richtext\">\n<div id=\"detail_decorate_root\" data-magic-global=\"%7B%22bizId%22%3A2211188712252%2C%22pageId%22%3A21260386545%2C%22siteId%22%3A10002339483%7D\">\n<div id=\"34391105148\"><\/div>\n<div>\n<div>\n<table class=\"all magic-0\">\n<tbody>\n<tr>\n<td colspan=\"1\" rowspan=\"1\">\n<div><i><b>Color<\/b><\/i><\/div>\n<\/td>\n<td colspan=\"1\" rowspan=\"1\">\n<div><i><b>Madera<\/b><\/i><\/div>\n<\/td>\n<\/tr>\n<tr>\n<td colspan=\"1\" rowspan=\"1\">\n<div><i><b>Material<\/b><\/i><\/div>\n<\/td>\n<td colspan=\"1\" rowspan=\"1\">\n<div><i><b>Acero inoxidable &amp; Madera &amp;Vidrio<\/b><\/i><\/div>\n<\/td>\n<\/tr>\n<tr>\n<td colspan=\"1\" rowspan=\"1\">\n<div><i><b>Logotipo<\/b><\/i><\/div>\n<\/td>\n<td colspan=\"1\" rowspan=\"1\">\n<div><i><b>Aceptar personalizaci\u00f3n<\/b><\/i><\/div>\n<\/td>\n<\/tr>\n<tr>\n<td colspan=\"1\" rowspan=\"1\">\n<div><i><b>OEM\/ODM<\/b><\/i><\/div>\n<\/td>\n<td colspan=\"1\" rowspan=\"1\">\n<div><i><b>Aceptar personalizaci\u00f3n<\/b><\/i><\/div>\n<\/td>\n<\/tr>\n<tr>\n<td colspan=\"1\" rowspan=\"1\">\n<div><i><b>Muestra<\/b><\/i><\/div>\n<\/td>\n<td colspan=\"1\" rowspan=\"1\">\n<div><i><b>Gratis, pero hay que pagar portes<\/b><\/i><\/div>\n<\/td>\n<\/tr>\n<tr>\n<td colspan=\"1\" rowspan=\"1\">\n<div><i><b>Hora expr\u00e9s<\/b><\/i><\/div>\n<\/td>\n<td colspan=\"1\" rowspan=\"1\">\n<div><i><b>En 15 d\u00edas<\/b><\/i><\/div>\n<\/td>\n<\/tr>\n<\/tbody>\n<\/table>\n<\/div>\n<\/div>\n<div>\n<div data-magic=\"{&quot;mds&quot;:{&quot;assetsVersion&quot;:&quot;0.0.14&quot;,&quot;assetsPackageName&quot;:&quot;icbumod&quot;,&quot;moduleNameAlias&quot;:&quot;icbu-pc-detailSellerRecommend&quot;,&quot;moduleData&quot;:{&quot;config&quot;:{&quot;columnCount&quot;:3,&quot;titleKey&quot;:6,&quot;products&quot;:[1600846316370,1600845177974,1600498124153,1600555906100,1600498040594,1600498058501,1600709817553,1600664782140,1600664629890,1600664792183,1600661250682,1600555739103]}}},&quot;version&quot;:1}\"><\/div>\n<\/div>\n<div>\n<div><img decoding=\"async\" src=\"https:\/\/ae03.alicdn.com\/kf\/Safbc06bb86864d2383afb6b82efa24a0X.jpg\" \/><img decoding=\"async\" src=\"https:\/\/ae03.alicdn.com\/kf\/S6d40b156843845e3842fd3bdbe1b94337.jpg\" \/><img decoding=\"async\" src=\"https:\/\/ae03.alicdn.com\/kf\/Sac44ce9c6f8c405e8d040c8f828ccc1cK.jpg\" \/><img decoding=\"async\" src=\"https:\/\/ae03.alicdn.com\/kf\/Sce06ba8e4bc6431eac71a9e42d96e80fC.jpg\" \/><img decoding=\"async\" src=\"https:\/\/ae03.alicdn.com\/kf\/S8fac58d67e294a4da9c1f22e7e17c190J.jpg\" \/><img decoding=\"async\" src=\"https:\/\/ae03.alicdn.com\/kf\/Sa4ae3e234cd44cab9126c088e583496ac.jpg\" \/><\/div>\n<div><\/div>\n<div><\/div>\n<div><img decoding=\"async\" src=\"https:\/\/ae01.alicdn.com\/kf\/S9ee7cb65a42840ebac32bb21d0672a8bB.jpg?width=1416&amp;height=1794&amp;hash=3210\" \/><\/div>\n<\/div>\n<\/div>\n<\/div>\n<\/div>","protected":false},"excerpt":{"rendered":"<p>Hola amigo, \u00bfhas visto este Hookah de lujo de gran tama\u00f1o? Es totalmente de acero inoxidable 304, con un elegante,<\/p>","protected":false},"featured_media":20524,"comment_status":"closed","ping_status":"closed","template":"","meta":{"iawp_total_views":13,"_joinchat":[]},"product_brand":[],"product_cat":[560],"product_tag":[],"class_list":{"0":"post-20523","1":"product","2":"type-product","3":"status-publish","4":"has-post-thumbnail","6":"product_cat-glass-hookah-wholesale","8":"first","9":"instock","10":"shipping-taxable","11":"purchasable","12":"product-type-variable"},"yoast_head":"<!-- This site is optimized with the Yoast SEO Premium plugin v24.7 (Yoast SEO v26.8) - https:\/\/yoast.com\/product\/yoast-seo-premium-wordpress\/ -->\n<title>Customizable Large Size Luxury Hookah - Global Hookah<\/title>\n<meta name=\"robots\" content=\"index, follow, max-snippet:-1, max-image-preview:large, max-video-preview:-1\" \/>\n<link rel=\"canonical\" href=\"https:\/\/global-hookah.com\/es\/producto\/customizable-large-size-luxury-hookah\/\" \/>\n<meta property=\"og:locale\" content=\"es_ES\" \/>\n<meta property=\"og:type\" content=\"article\" \/>\n<meta property=\"og:title\" content=\"Customizable Large Size Luxury Hookah\" \/>\n<meta property=\"og:description\" content=\"Hey friend, have you seen this Large Size Luxury Hookah? It&#8217;s entirely crafted from 304 stainless steel, with a sleek,\" \/>\n<meta property=\"og:url\" content=\"https:\/\/global-hookah.com\/es\/producto\/customizable-large-size-luxury-hookah\/\" \/>\n<meta property=\"og:site_name\" content=\"Global Hookah\" \/>\n<meta property=\"article:modified_time\" content=\"2024-04-11T08:09:15+00:00\" \/>\n<meta property=\"og:image\" content=\"https:\/\/global-hookah.com\/wp-content\/uploads\/2024\/04\/customizable-Large-Size-Hookah-Lavish-leather-Gift-Box-Packaging-Stainless-steel-Glass-Single-Hose.webp\" \/>\n\t<meta property=\"og:image:width\" content=\"800\" \/>\n\t<meta property=\"og:image:height\" content=\"800\" \/>\n\t<meta property=\"og:image:type\" content=\"image\/webp\" \/>\n<meta name=\"twitter:card\" content=\"summary_large_image\" \/>\n<meta name=\"twitter:label1\" content=\"Tiempo de lectura\" \/>\n\t<meta name=\"twitter:data1\" content=\"3 minutos\" \/>\n<script type=\"application\/ld+json\" class=\"yoast-schema-graph\">{\"@context\":\"https:\/\/schema.org\",\"@graph\":[{\"@type\":\"WebPage\",\"@id\":\"https:\/\/global-hookah.com\/product\/customizable-large-size-luxury-hookah\/\",\"url\":\"https:\/\/global-hookah.com\/product\/customizable-large-size-luxury-hookah\/\",\"name\":\"Customizable Large Size Luxury Hookah - Global Hookah\",\"isPartOf\":{\"@id\":\"https:\/\/global-hookah.com\/#website\"},\"primaryImageOfPage\":{\"@id\":\"https:\/\/global-hookah.com\/product\/customizable-large-size-luxury-hookah\/#primaryimage\"},\"image\":{\"@id\":\"https:\/\/global-hookah.com\/product\/customizable-large-size-luxury-hookah\/#primaryimage\"},\"thumbnailUrl\":\"https:\/\/global-hookah.com\/wp-content\/uploads\/2024\/04\/customizable-Large-Size-Hookah-Lavish-leather-Gift-Box-Packaging-Stainless-steel-Glass-Single-Hose.webp\",\"datePublished\":\"2024-04-06T13:18:41+00:00\",\"dateModified\":\"2024-04-11T08:09:15+00:00\",\"breadcrumb\":{\"@id\":\"https:\/\/global-hookah.com\/product\/customizable-large-size-luxury-hookah\/#breadcrumb\"},\"inLanguage\":\"es\",\"potentialAction\":[{\"@type\":\"ReadAction\",\"target\":[\"https:\/\/global-hookah.com\/product\/customizable-large-size-luxury-hookah\/\"]}]},{\"@type\":\"ImageObject\",\"inLanguage\":\"es\",\"@id\":\"https:\/\/global-hookah.com\/product\/customizable-large-size-luxury-hookah\/#primaryimage\",\"url\":\"https:\/\/global-hookah.com\/wp-content\/uploads\/2024\/04\/customizable-Large-Size-Hookah-Lavish-leather-Gift-Box-Packaging-Stainless-steel-Glass-Single-Hose.webp\",\"contentUrl\":\"https:\/\/global-hookah.com\/wp-content\/uploads\/2024\/04\/customizable-Large-Size-Hookah-Lavish-leather-Gift-Box-Packaging-Stainless-steel-Glass-Single-Hose.webp\",\"width\":800,\"height\":800,\"caption\":\"Customizable Large Size Luxury Hookah\"},{\"@type\":\"BreadcrumbList\",\"@id\":\"https:\/\/global-hookah.com\/product\/customizable-large-size-luxury-hookah\/#breadcrumb\",\"itemListElement\":[{\"@type\":\"ListItem\",\"position\":1,\"name\":\"Home\",\"item\":\"https:\/\/global-hookah.com\/\"},{\"@type\":\"ListItem\",\"position\":2,\"name\":\"Shop\",\"item\":\"https:\/\/global-hookah.com\/shop\/\"},{\"@type\":\"ListItem\",\"position\":3,\"name\":\"Customizable Large Size Luxury Hookah\"}]},{\"@type\":\"WebSite\",\"@id\":\"https:\/\/global-hookah.com\/#website\",\"url\":\"https:\/\/global-hookah.com\/\",\"name\":\"Global Hookah\",\"description\":\"Global Hookah\",\"publisher\":{\"@id\":\"https:\/\/global-hookah.com\/#organization\"},\"potentialAction\":[{\"@type\":\"SearchAction\",\"target\":{\"@type\":\"EntryPoint\",\"urlTemplate\":\"https:\/\/global-hookah.com\/?s={search_term_string}\"},\"query-input\":{\"@type\":\"PropertyValueSpecification\",\"valueRequired\":true,\"valueName\":\"search_term_string\"}}],\"inLanguage\":\"es\"},{\"@type\":\"Organization\",\"@id\":\"https:\/\/global-hookah.com\/#organization\",\"name\":\"Global Hookah\",\"url\":\"https:\/\/global-hookah.com\/\",\"logo\":{\"@type\":\"ImageObject\",\"inLanguage\":\"es\",\"@id\":\"https:\/\/global-hookah.com\/#\/schema\/logo\/image\/\",\"url\":\"https:\/\/global-hookah.com\/wp-content\/uploads\/2021\/10\/cropped-fgg.png\",\"contentUrl\":\"https:\/\/global-hookah.com\/wp-content\/uploads\/2021\/10\/cropped-fgg.png\",\"width\":512,\"height\":512,\"caption\":\"Global Hookah\"},\"image\":{\"@id\":\"https:\/\/global-hookah.com\/#\/schema\/logo\/image\/\"}}]}<\/script>\n<!-- \/ Yoast SEO Premium plugin. -->","yoast_head_json":{"title":"Narguile de lujo personalizable de gran tama\u00f1o - Global Hookah","robots":{"index":"index","follow":"follow","max-snippet":"max-snippet:-1","max-image-preview":"max-image-preview:large","max-video-preview":"max-video-preview:-1"},"canonical":"https:\/\/global-hookah.com\/es\/producto\/customizable-large-size-luxury-hookah\/","og_locale":"es_ES","og_type":"article","og_title":"Customizable Large Size Luxury Hookah","og_description":"Hey friend, have you seen this Large Size Luxury Hookah? It&#8217;s entirely crafted from 304 stainless steel, with a sleek,","og_url":"https:\/\/global-hookah.com\/es\/producto\/customizable-large-size-luxury-hookah\/","og_site_name":"Global Hookah","article_modified_time":"2024-04-11T08:09:15+00:00","og_image":[{"width":800,"height":800,"url":"https:\/\/global-hookah.com\/wp-content\/uploads\/2024\/04\/customizable-Large-Size-Hookah-Lavish-leather-Gift-Box-Packaging-Stainless-steel-Glass-Single-Hose.webp","type":"image\/webp"}],"twitter_card":"summary_large_image","twitter_misc":{"Tiempo de lectura":"3 minutos"},"schema":{"@context":"https:\/\/schema.org","@graph":[{"@type":"WebPage","@id":"https:\/\/global-hookah.com\/product\/customizable-large-size-luxury-hookah\/","url":"https:\/\/global-hookah.com\/product\/customizable-large-size-luxury-hookah\/","name":"Narguile de lujo personalizable de gran tama\u00f1o - Global Hookah","isPartOf":{"@id":"https:\/\/global-hookah.com\/#website"},"primaryImageOfPage":{"@id":"https:\/\/global-hookah.com\/product\/customizable-large-size-luxury-hookah\/#primaryimage"},"image":{"@id":"https:\/\/global-hookah.com\/product\/customizable-large-size-luxury-hookah\/#primaryimage"},"thumbnailUrl":"https:\/\/global-hookah.com\/wp-content\/uploads\/2024\/04\/customizable-Large-Size-Hookah-Lavish-leather-Gift-Box-Packaging-Stainless-steel-Glass-Single-Hose.webp","datePublished":"2024-04-06T13:18:41+00:00","dateModified":"2024-04-11T08:09:15+00:00","breadcrumb":{"@id":"https:\/\/global-hookah.com\/product\/customizable-large-size-luxury-hookah\/#breadcrumb"},"inLanguage":"es","potentialAction":[{"@type":"ReadAction","target":["https:\/\/global-hookah.com\/product\/customizable-large-size-luxury-hookah\/"]}]},{"@type":"ImageObject","inLanguage":"es","@id":"https:\/\/global-hookah.com\/product\/customizable-large-size-luxury-hookah\/#primaryimage","url":"https:\/\/global-hookah.com\/wp-content\/uploads\/2024\/04\/customizable-Large-Size-Hookah-Lavish-leather-Gift-Box-Packaging-Stainless-steel-Glass-Single-Hose.webp","contentUrl":"https:\/\/global-hookah.com\/wp-content\/uploads\/2024\/04\/customizable-Large-Size-Hookah-Lavish-leather-Gift-Box-Packaging-Stainless-steel-Glass-Single-Hose.webp","width":800,"height":800,"caption":"Customizable Large Size Luxury Hookah"},{"@type":"BreadcrumbList","@id":"https:\/\/global-hookah.com\/product\/customizable-large-size-luxury-hookah\/#breadcrumb","itemListElement":[{"@type":"ListItem","position":1,"name":"Home","item":"https:\/\/global-hookah.com\/"},{"@type":"ListItem","position":2,"name":"Shop","item":"https:\/\/global-hookah.com\/shop\/"},{"@type":"ListItem","position":3,"name":"Customizable Large Size Luxury Hookah"}]},{"@type":"WebSite","@id":"https:\/\/global-hookah.com\/#website","url":"https:\/\/global-hookah.com\/","name":"Global Hookah","description":"Global Hookah","publisher":{"@id":"https:\/\/global-hookah.com\/#organization"},"potentialAction":[{"@type":"SearchAction","target":{"@type":"EntryPoint","urlTemplate":"https:\/\/global-hookah.com\/?s={search_term_string}"},"query-input":{"@type":"PropertyValueSpecification","valueRequired":true,"valueName":"search_term_string"}}],"inLanguage":"es"},{"@type":"Organization","@id":"https:\/\/global-hookah.com\/#organization","name":"Global Hookah","url":"https:\/\/global-hookah.com\/","logo":{"@type":"ImageObject","inLanguage":"es","@id":"https:\/\/global-hookah.com\/#\/schema\/logo\/image\/","url":"https:\/\/global-hookah.com\/wp-content\/uploads\/2021\/10\/cropped-fgg.png","contentUrl":"https:\/\/global-hookah.com\/wp-content\/uploads\/2021\/10\/cropped-fgg.png","width":512,"height":512,"caption":"Global Hookah"},"image":{"@id":"https:\/\/global-hookah.com\/#\/schema\/logo\/image\/"}}]}},"_links":{"self":[{"href":"https:\/\/global-hookah.com\/es\/wp-json\/wp\/v2\/product\/20523","targetHints":{"allow":["GET"]}}],"collection":[{"href":"https:\/\/global-hookah.com\/es\/wp-json\/wp\/v2\/product"}],"about":[{"href":"https:\/\/global-hookah.com\/es\/wp-json\/wp\/v2\/types\/product"}],"replies":[{"embeddable":true,"href":"https:\/\/global-hookah.com\/es\/wp-json\/wp\/v2\/comments?post=20523"}],"version-history":[{"count":0,"href":"https:\/\/global-hookah.com\/es\/wp-json\/wp\/v2\/product\/20523\/revisions"}],"wp:featuredmedia":[{"embeddable":true,"href":"https:\/\/global-hookah.com\/es\/wp-json\/wp\/v2\/media\/20524"}],"wp:attachment":[{"href":"https:\/\/global-hookah.com\/es\/wp-json\/wp\/v2\/media?parent=20523"}],"wp:term":[{"taxonomy":"product_brand","embeddable":true,"href":"https:\/\/global-hookah.com\/es\/wp-json\/wp\/v2\/product_brand?post=20523"},{"taxonomy":"product_cat","embeddable":true,"href":"https:\/\/global-hookah.com\/es\/wp-json\/wp\/v2\/product_cat?post=20523"},{"taxonomy":"product_tag","embeddable":true,"href":"https:\/\/global-hookah.com\/es\/wp-json\/wp\/v2\/product_tag?post=20523"}],"curies":[{"name":"wp","href":"https:\/\/api.w.org\/{rel}","templated":true}]}}