{"id":20531,"date":"2024-04-06T13:19:36","date_gmt":"2024-04-06T13:19:36","guid":{"rendered":"https:\/\/global-hookah.com\/product\/stainless-steel-hookah-flash-bang-hookahs-wholesale\/"},"modified":"2024-04-07T01:29:07","modified_gmt":"2024-04-07T01:29:07","slug":"portable-stainless-steel-hookahs-wholesale","status":"publish","type":"product","link":"https:\/\/global-hookah.com\/es\/producto\/portable-stainless-steel-hookahs-wholesale\/","title":{"rendered":"Hookahs port\u00e1tiles de acero inoxidable al por mayor"},"content":{"rendered":"<p>Fumar narguile al aire libre es una pasada, \u00bfverdad? Pero tratar de cargar con un gigante <a href=\"https:\/\/global-hookah.com\/\">narguile tradicional<\/a>...no tanto. Este <strong>hookah port\u00e1til de acero inoxidable<\/strong> se ha fabricado para ofrecer la m\u00e1xima portabilidad y que puedas soplar con estilo en cualquier lugar.<\/p>\n<p>A<strong> narguile port\u00e1til de alta calidad<\/strong> debe tener una excelente mano de obra y materiales de alta calidad. Por lo tanto, elegimos la m\u00e1s alta calidad de acero inoxidable 304 para hacer la pipa de agua para asegurarse de que es duradero y seguro. La manguera met\u00e1lica de alta calidad proporciona una experiencia de fumado suave. El tama\u00f1o compacto hace que sea f\u00e1cil de poner en el bolsillo de su bolso y fumar siempre que lo desee.<\/p>\n<p>La superficie de este<strong> narguile de acero inoxidable para viajes<\/strong> est\u00e1 tratada con pintura en spray negra personalizada y tiene un difusor incorporado, lo que le permite obtener una experiencia de fumado m\u00e1s suave y redonda. <strong>hookah port\u00e1til de acero inoxidable<\/strong> tambi\u00e9n est\u00e1 equipado con un tubo de silicona lavable de alta calidad, flexible y flexible, que le permite ajustar su postura como desee.<\/p>\n<div class=\"detailmodule_html\">\n<div class=\"detail-desc-decorate-richtext\">\n<div id=\"detail_decorate_root\" data-magic-global=\"%7B%22bizId%22%3A2207308648147%2C%22pageId%22%3A21296573839%2C%22siteId%22%3A5006624300%7D\">\n<div class=\"J_module\">\n<div class=\"icbu-pc-detailManyImage magic-1\">\n<div class=\"magic-2\"><img decoding=\"async\" class=\"magic-3\" src=\"https:\/\/ae01.alicdn.com\/kf\/Sdb420e2f4cb54985a49f9fa209b5bcb5P.jpg?width=750&amp;height=750&amp;hash=1500\" \/><\/div>\n<div class=\"magic-2\"><img decoding=\"async\" class=\"magic-3\" src=\"https:\/\/ae01.alicdn.com\/kf\/Sf90a058923b1429fa5f7940e342bd82d0.jpg?width=1080&amp;height=1080&amp;hash=2160\" \/><\/div>\n<div class=\"magic-2\"><img decoding=\"async\" class=\"magic-3\" src=\"https:\/\/ae01.alicdn.com\/kf\/S53b23e7e04fe48f5ac541f918b6b2801o.jpg?width=1080&amp;height=1080&amp;hash=2160\" \/><\/div>\n<div class=\"magic-4\"><img decoding=\"async\" class=\"magic-5\" src=\"https:\/\/ae01.alicdn.com\/kf\/S87c7454514ea4cf8bf7d9413e650f0bdA.jpg?width=1080&amp;height=1920&amp;hash=3000\" \/><\/div>\n<div class=\"magic-2\"><img decoding=\"async\" class=\"magic-3\" src=\"https:\/\/ae01.alicdn.com\/kf\/S510956b5a75c4772851aaa9fb0b001e1X.jpg?width=800&amp;height=800&amp;hash=1600\" \/><\/div>\n<div class=\"magic-4\"><img decoding=\"async\" class=\"magic-5\" src=\"https:\/\/ae01.alicdn.com\/kf\/S832eb2156af84fada87f6be1c8d8e300P.jpg?width=1080&amp;height=1920&amp;hash=3000\" \/><\/div>\n<\/div>\n<\/div>\n<div class=\"J_module\">\n<div id=\"ali-anchor-AliMagic-4b928q\" class=\"magic-0\" data-section=\"AliMagic-4b928q\" data-section-title=\"Specification\"><\/div>\n<\/div>\n<div class=\"J_module\">\n<div class=\"icbu-pc-images magic-13\">\n<div class=\"flex-layout-v\">\n<div class=\"flex-layout-h magic-13\">\n<div class=\"magic-16\"><img decoding=\"async\" class=\"magic-17\" src=\"https:\/\/ae01.alicdn.com\/kf\/S2083001d213c4dfc84dde4055ea37419m.jpg?width=1282&amp;height=1000&amp;hash=2282\" \/><\/div>\n<div class=\"magic-16\"><img decoding=\"async\" class=\"magic-18\" src=\"https:\/\/ae01.alicdn.com\/kf\/S78783e7e6c8a4c0cbb6794c9bd6fe9f8z.jpg?width=1440&amp;height=1080&amp;hash=2520\" \/><\/div>\n<\/div>\n<\/div>\n<\/div>\n<\/div>\n<\/div>\n<div><\/div>\n<\/div>\n<\/div>","protected":false},"excerpt":{"rendered":"<p>Fumar narguile al aire libre es una pasada, \u00bfverdad? Pero tratar de cargar con un narguile tradicional gigante, no<\/p>","protected":false},"featured_media":20532,"comment_status":"closed","ping_status":"closed","template":"","meta":{"iawp_total_views":1,"_joinchat":[]},"product_brand":[],"product_cat":[119],"product_tag":[],"class_list":{"0":"post-20531","1":"product","2":"type-product","3":"status-publish","4":"has-post-thumbnail","6":"product_cat-wholesale-hookah","8":"first","9":"instock","10":"shipping-taxable","11":"purchasable","12":"product-type-variable"},"yoast_head":"<!-- This site is optimized with the Yoast SEO Premium plugin v24.7 (Yoast SEO v26.8) - https:\/\/yoast.com\/product\/yoast-seo-premium-wordpress\/ -->\n<title>Portable Stainless Steel Hookahs Wholesale - Global Hookah<\/title>\n<meta name=\"robots\" content=\"index, follow, max-snippet:-1, max-image-preview:large, max-video-preview:-1\" \/>\n<link rel=\"canonical\" href=\"https:\/\/global-hookah.com\/es\/it\/prodotto\/narghile-in-acciaio-inox-flash-bang-uncinetto-allingrosso\/\" \/>\n<meta property=\"og:locale\" content=\"es_ES\" \/>\n<meta property=\"og:type\" content=\"article\" \/>\n<meta property=\"og:title\" content=\"Portable Stainless Steel Hookahs Wholesale\" \/>\n<meta property=\"og:description\" content=\"Smoking hookah outdoors is a total vibe, am I right? But trying to lug around a giant traditional hookah, not\" \/>\n<meta property=\"og:url\" content=\"https:\/\/global-hookah.com\/es\/it\/prodotto\/narghile-in-acciaio-inox-flash-bang-uncinetto-allingrosso\/\" \/>\n<meta property=\"og:site_name\" content=\"Global Hookah\" \/>\n<meta property=\"article:modified_time\" content=\"2024-04-07T01:29:07+00:00\" \/>\n<meta property=\"og:image\" content=\"https:\/\/global-hookah.com\/wp-content\/uploads\/2024\/04\/Factory-directly-selling-Stainless-Steel-Hookah-flash-bang-hookahs-amotion-nargile-modern-hookah-shisha.webp\" \/>\n\t<meta property=\"og:image:width\" content=\"750\" \/>\n\t<meta property=\"og:image:height\" content=\"750\" \/>\n\t<meta property=\"og:image:type\" content=\"image\/webp\" \/>\n<meta name=\"twitter:card\" content=\"summary_large_image\" \/>\n<meta name=\"twitter:label1\" content=\"Tiempo de lectura\" \/>\n\t<meta name=\"twitter:data1\" content=\"3 minutos\" \/>\n<script type=\"application\/ld+json\" class=\"yoast-schema-graph\">{\"@context\":\"https:\/\/schema.org\",\"@graph\":[{\"@type\":\"WebPage\",\"@id\":\"https:\/\/global-hookah.com\/it\/prodotto\/narghile-in-acciaio-inox-flash-bang-uncinetto-allingrosso\/\",\"url\":\"https:\/\/global-hookah.com\/it\/prodotto\/narghile-in-acciaio-inox-flash-bang-uncinetto-allingrosso\/\",\"name\":\"Portable Stainless Steel Hookahs Wholesale - Global Hookah\",\"isPartOf\":{\"@id\":\"https:\/\/global-hookah.com\/#website\"},\"primaryImageOfPage\":{\"@id\":\"https:\/\/global-hookah.com\/it\/prodotto\/narghile-in-acciaio-inox-flash-bang-uncinetto-allingrosso\/#primaryimage\"},\"image\":{\"@id\":\"https:\/\/global-hookah.com\/it\/prodotto\/narghile-in-acciaio-inox-flash-bang-uncinetto-allingrosso\/#primaryimage\"},\"thumbnailUrl\":\"https:\/\/global-hookah.com\/wp-content\/uploads\/2024\/04\/Factory-directly-selling-Stainless-Steel-Hookah-flash-bang-hookahs-amotion-nargile-modern-hookah-shisha.webp\",\"datePublished\":\"2024-04-06T13:19:36+00:00\",\"dateModified\":\"2024-04-07T01:29:07+00:00\",\"breadcrumb\":{\"@id\":\"https:\/\/global-hookah.com\/it\/prodotto\/narghile-in-acciaio-inox-flash-bang-uncinetto-allingrosso\/#breadcrumb\"},\"inLanguage\":\"es\",\"potentialAction\":[{\"@type\":\"ReadAction\",\"target\":[\"https:\/\/global-hookah.com\/it\/prodotto\/narghile-in-acciaio-inox-flash-bang-uncinetto-allingrosso\/\"]}]},{\"@type\":\"ImageObject\",\"inLanguage\":\"es\",\"@id\":\"https:\/\/global-hookah.com\/it\/prodotto\/narghile-in-acciaio-inox-flash-bang-uncinetto-allingrosso\/#primaryimage\",\"url\":\"https:\/\/global-hookah.com\/wp-content\/uploads\/2024\/04\/Factory-directly-selling-Stainless-Steel-Hookah-flash-bang-hookahs-amotion-nargile-modern-hookah-shisha.webp\",\"contentUrl\":\"https:\/\/global-hookah.com\/wp-content\/uploads\/2024\/04\/Factory-directly-selling-Stainless-Steel-Hookah-flash-bang-hookahs-amotion-nargile-modern-hookah-shisha.webp\",\"width\":750,\"height\":750,\"caption\":\"portable stainless steel hookahs\"},{\"@type\":\"BreadcrumbList\",\"@id\":\"https:\/\/global-hookah.com\/it\/prodotto\/narghile-in-acciaio-inox-flash-bang-uncinetto-allingrosso\/#breadcrumb\",\"itemListElement\":[{\"@type\":\"ListItem\",\"position\":1,\"name\":\"Home\",\"item\":\"https:\/\/global-hookah.com\/\"},{\"@type\":\"ListItem\",\"position\":2,\"name\":\"Shop\",\"item\":\"https:\/\/global-hookah.com\/shop\/\"},{\"@type\":\"ListItem\",\"position\":3,\"name\":\"Portable Stainless Steel Hookahs Wholesale\"}]},{\"@type\":\"WebSite\",\"@id\":\"https:\/\/global-hookah.com\/#website\",\"url\":\"https:\/\/global-hookah.com\/\",\"name\":\"Global Hookah\",\"description\":\"Global Hookah\",\"publisher\":{\"@id\":\"https:\/\/global-hookah.com\/#organization\"},\"potentialAction\":[{\"@type\":\"SearchAction\",\"target\":{\"@type\":\"EntryPoint\",\"urlTemplate\":\"https:\/\/global-hookah.com\/?s={search_term_string}\"},\"query-input\":{\"@type\":\"PropertyValueSpecification\",\"valueRequired\":true,\"valueName\":\"search_term_string\"}}],\"inLanguage\":\"es\"},{\"@type\":\"Organization\",\"@id\":\"https:\/\/global-hookah.com\/#organization\",\"name\":\"Global Hookah\",\"url\":\"https:\/\/global-hookah.com\/\",\"logo\":{\"@type\":\"ImageObject\",\"inLanguage\":\"es\",\"@id\":\"https:\/\/global-hookah.com\/#\/schema\/logo\/image\/\",\"url\":\"https:\/\/global-hookah.com\/wp-content\/uploads\/2021\/10\/cropped-fgg.png\",\"contentUrl\":\"https:\/\/global-hookah.com\/wp-content\/uploads\/2021\/10\/cropped-fgg.png\",\"width\":512,\"height\":512,\"caption\":\"Global Hookah\"},\"image\":{\"@id\":\"https:\/\/global-hookah.com\/#\/schema\/logo\/image\/\"}}]}<\/script>\n<!-- \/ Yoast SEO Premium plugin. -->","yoast_head_json":{"title":"Hookahs port\u00e1tiles de acero inoxidable al por mayor - Global Hookah","robots":{"index":"index","follow":"follow","max-snippet":"max-snippet:-1","max-image-preview":"max-image-preview:large","max-video-preview":"max-video-preview:-1"},"canonical":"https:\/\/global-hookah.com\/es\/it\/prodotto\/narghile-in-acciaio-inox-flash-bang-uncinetto-allingrosso\/","og_locale":"es_ES","og_type":"article","og_title":"Portable Stainless Steel Hookahs Wholesale","og_description":"Smoking hookah outdoors is a total vibe, am I right? But trying to lug around a giant traditional hookah, not","og_url":"https:\/\/global-hookah.com\/es\/it\/prodotto\/narghile-in-acciaio-inox-flash-bang-uncinetto-allingrosso\/","og_site_name":"Global Hookah","article_modified_time":"2024-04-07T01:29:07+00:00","og_image":[{"width":750,"height":750,"url":"https:\/\/global-hookah.com\/wp-content\/uploads\/2024\/04\/Factory-directly-selling-Stainless-Steel-Hookah-flash-bang-hookahs-amotion-nargile-modern-hookah-shisha.webp","type":"image\/webp"}],"twitter_card":"summary_large_image","twitter_misc":{"Tiempo de lectura":"3 minutos"},"schema":{"@context":"https:\/\/schema.org","@graph":[{"@type":"WebPage","@id":"https:\/\/global-hookah.com\/it\/prodotto\/narghile-in-acciaio-inox-flash-bang-uncinetto-allingrosso\/","url":"https:\/\/global-hookah.com\/it\/prodotto\/narghile-in-acciaio-inox-flash-bang-uncinetto-allingrosso\/","name":"Hookahs port\u00e1tiles de acero inoxidable al por mayor - Global Hookah","isPartOf":{"@id":"https:\/\/global-hookah.com\/#website"},"primaryImageOfPage":{"@id":"https:\/\/global-hookah.com\/it\/prodotto\/narghile-in-acciaio-inox-flash-bang-uncinetto-allingrosso\/#primaryimage"},"image":{"@id":"https:\/\/global-hookah.com\/it\/prodotto\/narghile-in-acciaio-inox-flash-bang-uncinetto-allingrosso\/#primaryimage"},"thumbnailUrl":"https:\/\/global-hookah.com\/wp-content\/uploads\/2024\/04\/Factory-directly-selling-Stainless-Steel-Hookah-flash-bang-hookahs-amotion-nargile-modern-hookah-shisha.webp","datePublished":"2024-04-06T13:19:36+00:00","dateModified":"2024-04-07T01:29:07+00:00","breadcrumb":{"@id":"https:\/\/global-hookah.com\/it\/prodotto\/narghile-in-acciaio-inox-flash-bang-uncinetto-allingrosso\/#breadcrumb"},"inLanguage":"es","potentialAction":[{"@type":"ReadAction","target":["https:\/\/global-hookah.com\/it\/prodotto\/narghile-in-acciaio-inox-flash-bang-uncinetto-allingrosso\/"]}]},{"@type":"ImageObject","inLanguage":"es","@id":"https:\/\/global-hookah.com\/it\/prodotto\/narghile-in-acciaio-inox-flash-bang-uncinetto-allingrosso\/#primaryimage","url":"https:\/\/global-hookah.com\/wp-content\/uploads\/2024\/04\/Factory-directly-selling-Stainless-Steel-Hookah-flash-bang-hookahs-amotion-nargile-modern-hookah-shisha.webp","contentUrl":"https:\/\/global-hookah.com\/wp-content\/uploads\/2024\/04\/Factory-directly-selling-Stainless-Steel-Hookah-flash-bang-hookahs-amotion-nargile-modern-hookah-shisha.webp","width":750,"height":750,"caption":"portable stainless steel hookahs"},{"@type":"BreadcrumbList","@id":"https:\/\/global-hookah.com\/it\/prodotto\/narghile-in-acciaio-inox-flash-bang-uncinetto-allingrosso\/#breadcrumb","itemListElement":[{"@type":"ListItem","position":1,"name":"Home","item":"https:\/\/global-hookah.com\/"},{"@type":"ListItem","position":2,"name":"Shop","item":"https:\/\/global-hookah.com\/shop\/"},{"@type":"ListItem","position":3,"name":"Portable Stainless Steel Hookahs Wholesale"}]},{"@type":"WebSite","@id":"https:\/\/global-hookah.com\/#website","url":"https:\/\/global-hookah.com\/","name":"Global Hookah","description":"Global Hookah","publisher":{"@id":"https:\/\/global-hookah.com\/#organization"},"potentialAction":[{"@type":"SearchAction","target":{"@type":"EntryPoint","urlTemplate":"https:\/\/global-hookah.com\/?s={search_term_string}"},"query-input":{"@type":"PropertyValueSpecification","valueRequired":true,"valueName":"search_term_string"}}],"inLanguage":"es"},{"@type":"Organization","@id":"https:\/\/global-hookah.com\/#organization","name":"Global Hookah","url":"https:\/\/global-hookah.com\/","logo":{"@type":"ImageObject","inLanguage":"es","@id":"https:\/\/global-hookah.com\/#\/schema\/logo\/image\/","url":"https:\/\/global-hookah.com\/wp-content\/uploads\/2021\/10\/cropped-fgg.png","contentUrl":"https:\/\/global-hookah.com\/wp-content\/uploads\/2021\/10\/cropped-fgg.png","width":512,"height":512,"caption":"Global Hookah"},"image":{"@id":"https:\/\/global-hookah.com\/#\/schema\/logo\/image\/"}}]}},"_links":{"self":[{"href":"https:\/\/global-hookah.com\/es\/wp-json\/wp\/v2\/product\/20531","targetHints":{"allow":["GET"]}}],"collection":[{"href":"https:\/\/global-hookah.com\/es\/wp-json\/wp\/v2\/product"}],"about":[{"href":"https:\/\/global-hookah.com\/es\/wp-json\/wp\/v2\/types\/product"}],"replies":[{"embeddable":true,"href":"https:\/\/global-hookah.com\/es\/wp-json\/wp\/v2\/comments?post=20531"}],"version-history":[{"count":0,"href":"https:\/\/global-hookah.com\/es\/wp-json\/wp\/v2\/product\/20531\/revisions"}],"wp:featuredmedia":[{"embeddable":true,"href":"https:\/\/global-hookah.com\/es\/wp-json\/wp\/v2\/media\/20532"}],"wp:attachment":[{"href":"https:\/\/global-hookah.com\/es\/wp-json\/wp\/v2\/media?parent=20531"}],"wp:term":[{"taxonomy":"product_brand","embeddable":true,"href":"https:\/\/global-hookah.com\/es\/wp-json\/wp\/v2\/product_brand?post=20531"},{"taxonomy":"product_cat","embeddable":true,"href":"https:\/\/global-hookah.com\/es\/wp-json\/wp\/v2\/product_cat?post=20531"},{"taxonomy":"product_tag","embeddable":true,"href":"https:\/\/global-hookah.com\/es\/wp-json\/wp\/v2\/product_tag?post=20531"}],"curies":[{"name":"wp","href":"https:\/\/api.w.org\/{rel}","templated":true}]}}