{"id":20539,"date":"2024-04-06T13:20:39","date_gmt":"2024-04-06T13:20:39","guid":{"rendered":"https:\/\/global-hookah.com\/product\/brand-customization-luxury-high-end-stainless-steel-hookah\/"},"modified":"2024-04-07T01:09:33","modified_gmt":"2024-04-07T01:09:33","slug":"brand-customization-luxury-high-end-stainless-steel-hookah","status":"publish","type":"product","link":"https:\/\/global-hookah.com\/es\/producto\/brand-customization-luxury-high-end-stainless-steel-hookah\/","title":{"rendered":"Personalizaci\u00f3n de marca Hookah de lujo de acero inoxidable de gama alta"},"content":{"rendered":"<p>Ahora s\u00e9 que est\u00e1is buscando un capricho, <a href=\"https:\/\/global-hookah.com\/product-category\/wholesale-hookah\/\"><strong>narguile de lujo a medida<\/strong> <\/a>para impresionar a todos tus amigos, y d\u00e9jame decirte, esto <strong>narguile de acero inoxidable de alta gama<\/strong> es justo lo que necesita.<\/p>\n<p>En el momento en que desveles este<strong> narguiles de gama alta<\/strong> en su pr\u00f3xima sesi\u00f3n de shisha ex\u00f3tica, sus invitados se quedar\u00e1n boquiabiertos. Mira c\u00f3mo se quedan boquiabiertos mientras descubres cada componente, desde el robusto jarr\u00f3n de acero inoxidable hasta los intrincados difusores de hielo y bolas que llevan el enfriamiento del humo a nuevas cotas.<\/p>\n<p>Este <strong>juego de pipas hookah de alta gama<\/strong> est\u00e1 fabricado con materiales de la m\u00e1s alta calidad y est\u00e1 equipado con un soporte de carb\u00f3n de acero inoxidable, colillas de silicona, anillos de silicona, boquilla con mango de acero inoxidable, base de botella de vidrio y cepillo de limpieza. Se ha cuidado hasta el \u00faltimo detalle, desde la manguera de cuero de primera calidad hasta el v\u00e1stago y la cazoleta de aleaci\u00f3n de aluminio de alta calidad.<\/p>\n<p>En<strong> narguile inoxidable<\/strong> tiene un buen sistema de sellado, que puede asegurarse de que usted puede disfrutar plenamente de la enorme hookah humo y traer 100% hookah diversi\u00f3n. Ven a comprar esta pipa de agua ahora, recoger el <a href=\"https:\/\/global-hookah.com\/\">pipa narguile<\/a>Respire hondo y deje que todo su cuerpo se sumerja en este maravilloso para\u00edso de humo.<\/p>\n<div class=\"detailmodule_html\">\n<div class=\"detail-desc-decorate-richtext\">\n<div style=\"width: 750.0px; height: 3750.0px; overflow: hidden;\">\n<div style=\"width: 750.0px; height: 3750.0px; overflow: hidden;\">\n<p><img decoding=\"async\" style=\"display: block; width: 100.0%;\" src=\"https:\/\/ae01.alicdn.com\/kf\/S663c0d732a354a1ba6425d0d6e7763f2s.jpg?width=1000&amp;height=1000&amp;hash=2000\" \/> <img decoding=\"async\" style=\"display: block; width: 100.0%;\" src=\"https:\/\/ae01.alicdn.com\/kf\/S4f50ce411b1d486da4340f2221e0ed11E.jpg?width=1000&amp;height=1000&amp;hash=2000\" \/> <img decoding=\"async\" style=\"display: block; width: 100.0%;\" src=\"https:\/\/ae01.alicdn.com\/kf\/S4338237028eb4031a49d7d725db4d71bO.jpg?width=1000&amp;height=1000&amp;hash=2000\" \/> <img decoding=\"async\" style=\"display: block; width: 100.0%;\" src=\"https:\/\/ae01.alicdn.com\/kf\/S8b2f3d20c7c54c23b6046944902b3482e.jpg?width=1000&amp;height=1000&amp;hash=2000\" \/> <img decoding=\"async\" style=\"display: block; width: 100.0%;\" src=\"https:\/\/ae01.alicdn.com\/kf\/Sf3630774f7c3493789d1a250cbc02122f.jpg?width=1000&amp;height=1000&amp;hash=2000\" \/><\/p>\n<p>Qui\u00e9nes somos<br \/>\n1,Nuestra empresa est\u00e1 situada en el mayor mayorista de China<br \/>\nmercado. Cualquier producto que necesite me lo puede enviar con<br \/>\nfotos de productos o modelos. Le dar\u00e9 el m\u00e1s bajo<br \/>\ncotizaci\u00f3n lo antes posible y, a continuaci\u00f3n, ponga el<br \/>\nproducto en la tienda para que lo compre.<br \/>\n2,Todos los productos vendidos en la tienda son genuinos, por favor descanse<br \/>\n\u00a1compra asegurada! Si tiene alguna pregunta sobre el<br \/>\nproducto, p\u00f3ngase en contacto con nosotros en AliExpress y le<br \/>\nle responder\u00e1 en un plazo de 12 horas.<br \/>\n3,Mantenemos altos niveles de excelencia y nos esforzamos por<br \/>\n\u00a1para la satisfacci\u00f3n del cliente 100%! Si est\u00e1 satisfecho<br \/>\ncon nuestros productos y servicios, por favor d\u00e9jenos pos<br \/>\nitivo y tambi\u00e9n obtendr\u00e1 5 puntos de<br \/>\nretroalimentaci\u00f3n.<br \/>\n4,La informaci\u00f3n del paquete se puede rastrear. Si usted<br \/>\nno ha recibido el paquete despu\u00e9s de 90 d\u00edas, puede<br \/>\np\u00f3ngase en contacto con nosotros y le reembolsaremos el importe \u00edntegro<br \/>\nn\u00famero : +86 15773188021<br \/>\nCorreo electr\u00f3nico: pengchi2023712@126.com<br \/>\nWhatsAPP: +86 15773188021<\/p>\n<\/div>\n<\/div>\n<\/div>\n<\/div>","protected":false},"excerpt":{"rendered":"<p>S\u00e9 que est\u00e1is buscando una pipa de agua de lujo, hecha a medida para impresionar a todos vuestros amigos, y dejadme que os diga algo.<\/p>","protected":false},"featured_media":20540,"comment_status":"closed","ping_status":"closed","template":"","meta":{"iawp_total_views":19,"_joinchat":[]},"product_brand":[],"product_cat":[119],"product_tag":[],"class_list":{"0":"post-20539","1":"product","2":"type-product","3":"status-publish","4":"has-post-thumbnail","6":"product_cat-wholesale-hookah","8":"first","9":"instock","10":"shipping-taxable","11":"purchasable","12":"product-type-variable"},"yoast_head":"<!-- This site is optimized with the Yoast SEO Premium plugin v24.7 (Yoast SEO v26.8) - https:\/\/yoast.com\/product\/yoast-seo-premium-wordpress\/ -->\n<title>Brand Customization Luxury High-End Stainless Steel Hookah - Global Hookah<\/title>\n<meta name=\"robots\" content=\"index, follow, max-snippet:-1, max-image-preview:large, max-video-preview:-1\" \/>\n<link rel=\"canonical\" href=\"https:\/\/global-hookah.com\/es\/produkt\/markenanpassung-luxus-high-end-edelstahl-wasserpfeife\/\" \/>\n<meta property=\"og:locale\" content=\"es_ES\" \/>\n<meta property=\"og:type\" content=\"article\" \/>\n<meta property=\"og:title\" content=\"Brand Customization Luxury High-End Stainless Steel Hookah\" \/>\n<meta property=\"og:description\" content=\"Now I know y&#8217;all are looking for a fancy, custom-made luxury hookah to impress all your friends, and let me\" \/>\n<meta property=\"og:url\" content=\"https:\/\/global-hookah.com\/es\/produkt\/markenanpassung-luxus-high-end-edelstahl-wasserpfeife\/\" \/>\n<meta property=\"og:site_name\" content=\"Global Hookah\" \/>\n<meta property=\"article:modified_time\" content=\"2024-04-07T01:09:33+00:00\" \/>\n<meta property=\"og:image\" content=\"https:\/\/global-hookah.com\/wp-content\/uploads\/2024\/04\/Luxury-high-end-stainless-steel-hookah-complete-set-with-Russian-gift-box-El-Bomber-version.webp\" \/>\n\t<meta property=\"og:image:width\" content=\"800\" \/>\n\t<meta property=\"og:image:height\" content=\"800\" \/>\n\t<meta property=\"og:image:type\" content=\"image\/webp\" \/>\n<meta name=\"twitter:card\" content=\"summary_large_image\" \/>\n<meta name=\"twitter:label1\" content=\"Tiempo de lectura\" \/>\n\t<meta name=\"twitter:data1\" content=\"3 minutos\" \/>\n<script type=\"application\/ld+json\" class=\"yoast-schema-graph\">{\"@context\":\"https:\/\/schema.org\",\"@graph\":[{\"@type\":\"WebPage\",\"@id\":\"https:\/\/global-hookah.com\/de\/produkt\/markenanpassung-luxus-high-end-edelstahl-wasserpfeife\/\",\"url\":\"https:\/\/global-hookah.com\/de\/produkt\/markenanpassung-luxus-high-end-edelstahl-wasserpfeife\/\",\"name\":\"Brand Customization Luxury High-End Stainless Steel Hookah - Global Hookah\",\"isPartOf\":{\"@id\":\"https:\/\/global-hookah.com\/#website\"},\"primaryImageOfPage\":{\"@id\":\"https:\/\/global-hookah.com\/de\/produkt\/markenanpassung-luxus-high-end-edelstahl-wasserpfeife\/#primaryimage\"},\"image\":{\"@id\":\"https:\/\/global-hookah.com\/de\/produkt\/markenanpassung-luxus-high-end-edelstahl-wasserpfeife\/#primaryimage\"},\"thumbnailUrl\":\"https:\/\/global-hookah.com\/wp-content\/uploads\/2024\/04\/Luxury-high-end-stainless-steel-hookah-complete-set-with-Russian-gift-box-El-Bomber-version.webp\",\"datePublished\":\"2024-04-06T13:20:39+00:00\",\"dateModified\":\"2024-04-07T01:09:33+00:00\",\"breadcrumb\":{\"@id\":\"https:\/\/global-hookah.com\/de\/produkt\/markenanpassung-luxus-high-end-edelstahl-wasserpfeife\/#breadcrumb\"},\"inLanguage\":\"es\",\"potentialAction\":[{\"@type\":\"ReadAction\",\"target\":[\"https:\/\/global-hookah.com\/de\/produkt\/markenanpassung-luxus-high-end-edelstahl-wasserpfeife\/\"]}]},{\"@type\":\"ImageObject\",\"inLanguage\":\"es\",\"@id\":\"https:\/\/global-hookah.com\/de\/produkt\/markenanpassung-luxus-high-end-edelstahl-wasserpfeife\/#primaryimage\",\"url\":\"https:\/\/global-hookah.com\/wp-content\/uploads\/2024\/04\/Luxury-high-end-stainless-steel-hookah-complete-set-with-Russian-gift-box-El-Bomber-version.webp\",\"contentUrl\":\"https:\/\/global-hookah.com\/wp-content\/uploads\/2024\/04\/Luxury-high-end-stainless-steel-hookah-complete-set-with-Russian-gift-box-El-Bomber-version.webp\",\"width\":800,\"height\":800,\"caption\":\"Brand Customization Luxury High-End Stainless Steel Hookah\"},{\"@type\":\"BreadcrumbList\",\"@id\":\"https:\/\/global-hookah.com\/de\/produkt\/markenanpassung-luxus-high-end-edelstahl-wasserpfeife\/#breadcrumb\",\"itemListElement\":[{\"@type\":\"ListItem\",\"position\":1,\"name\":\"Home\",\"item\":\"https:\/\/global-hookah.com\/\"},{\"@type\":\"ListItem\",\"position\":2,\"name\":\"Shop\",\"item\":\"https:\/\/global-hookah.com\/shop\/\"},{\"@type\":\"ListItem\",\"position\":3,\"name\":\"Brand Customization Luxury High-End Stainless Steel Hookah\"}]},{\"@type\":\"WebSite\",\"@id\":\"https:\/\/global-hookah.com\/#website\",\"url\":\"https:\/\/global-hookah.com\/\",\"name\":\"Global Hookah\",\"description\":\"Global Hookah\",\"publisher\":{\"@id\":\"https:\/\/global-hookah.com\/#organization\"},\"potentialAction\":[{\"@type\":\"SearchAction\",\"target\":{\"@type\":\"EntryPoint\",\"urlTemplate\":\"https:\/\/global-hookah.com\/?s={search_term_string}\"},\"query-input\":{\"@type\":\"PropertyValueSpecification\",\"valueRequired\":true,\"valueName\":\"search_term_string\"}}],\"inLanguage\":\"es\"},{\"@type\":\"Organization\",\"@id\":\"https:\/\/global-hookah.com\/#organization\",\"name\":\"Global Hookah\",\"url\":\"https:\/\/global-hookah.com\/\",\"logo\":{\"@type\":\"ImageObject\",\"inLanguage\":\"es\",\"@id\":\"https:\/\/global-hookah.com\/#\/schema\/logo\/image\/\",\"url\":\"https:\/\/global-hookah.com\/wp-content\/uploads\/2021\/10\/cropped-fgg.png\",\"contentUrl\":\"https:\/\/global-hookah.com\/wp-content\/uploads\/2021\/10\/cropped-fgg.png\",\"width\":512,\"height\":512,\"caption\":\"Global Hookah\"},\"image\":{\"@id\":\"https:\/\/global-hookah.com\/#\/schema\/logo\/image\/\"}}]}<\/script>\n<!-- \/ Yoast SEO Premium plugin. -->","yoast_head_json":{"title":"Personalizaci\u00f3n de la marca de lujo de alta gama de acero inoxidable Hookah - Global Hookah","robots":{"index":"index","follow":"follow","max-snippet":"max-snippet:-1","max-image-preview":"max-image-preview:large","max-video-preview":"max-video-preview:-1"},"canonical":"https:\/\/global-hookah.com\/es\/produkt\/markenanpassung-luxus-high-end-edelstahl-wasserpfeife\/","og_locale":"es_ES","og_type":"article","og_title":"Brand Customization Luxury High-End Stainless Steel Hookah","og_description":"Now I know y&#8217;all are looking for a fancy, custom-made luxury hookah to impress all your friends, and let me","og_url":"https:\/\/global-hookah.com\/es\/produkt\/markenanpassung-luxus-high-end-edelstahl-wasserpfeife\/","og_site_name":"Global Hookah","article_modified_time":"2024-04-07T01:09:33+00:00","og_image":[{"width":800,"height":800,"url":"https:\/\/global-hookah.com\/wp-content\/uploads\/2024\/04\/Luxury-high-end-stainless-steel-hookah-complete-set-with-Russian-gift-box-El-Bomber-version.webp","type":"image\/webp"}],"twitter_card":"summary_large_image","twitter_misc":{"Tiempo de lectura":"3 minutos"},"schema":{"@context":"https:\/\/schema.org","@graph":[{"@type":"WebPage","@id":"https:\/\/global-hookah.com\/de\/produkt\/markenanpassung-luxus-high-end-edelstahl-wasserpfeife\/","url":"https:\/\/global-hookah.com\/de\/produkt\/markenanpassung-luxus-high-end-edelstahl-wasserpfeife\/","name":"Personalizaci\u00f3n de la marca de lujo de alta gama de acero inoxidable Hookah - Global Hookah","isPartOf":{"@id":"https:\/\/global-hookah.com\/#website"},"primaryImageOfPage":{"@id":"https:\/\/global-hookah.com\/de\/produkt\/markenanpassung-luxus-high-end-edelstahl-wasserpfeife\/#primaryimage"},"image":{"@id":"https:\/\/global-hookah.com\/de\/produkt\/markenanpassung-luxus-high-end-edelstahl-wasserpfeife\/#primaryimage"},"thumbnailUrl":"https:\/\/global-hookah.com\/wp-content\/uploads\/2024\/04\/Luxury-high-end-stainless-steel-hookah-complete-set-with-Russian-gift-box-El-Bomber-version.webp","datePublished":"2024-04-06T13:20:39+00:00","dateModified":"2024-04-07T01:09:33+00:00","breadcrumb":{"@id":"https:\/\/global-hookah.com\/de\/produkt\/markenanpassung-luxus-high-end-edelstahl-wasserpfeife\/#breadcrumb"},"inLanguage":"es","potentialAction":[{"@type":"ReadAction","target":["https:\/\/global-hookah.com\/de\/produkt\/markenanpassung-luxus-high-end-edelstahl-wasserpfeife\/"]}]},{"@type":"ImageObject","inLanguage":"es","@id":"https:\/\/global-hookah.com\/de\/produkt\/markenanpassung-luxus-high-end-edelstahl-wasserpfeife\/#primaryimage","url":"https:\/\/global-hookah.com\/wp-content\/uploads\/2024\/04\/Luxury-high-end-stainless-steel-hookah-complete-set-with-Russian-gift-box-El-Bomber-version.webp","contentUrl":"https:\/\/global-hookah.com\/wp-content\/uploads\/2024\/04\/Luxury-high-end-stainless-steel-hookah-complete-set-with-Russian-gift-box-El-Bomber-version.webp","width":800,"height":800,"caption":"Brand Customization Luxury High-End Stainless Steel Hookah"},{"@type":"BreadcrumbList","@id":"https:\/\/global-hookah.com\/de\/produkt\/markenanpassung-luxus-high-end-edelstahl-wasserpfeife\/#breadcrumb","itemListElement":[{"@type":"ListItem","position":1,"name":"Home","item":"https:\/\/global-hookah.com\/"},{"@type":"ListItem","position":2,"name":"Shop","item":"https:\/\/global-hookah.com\/shop\/"},{"@type":"ListItem","position":3,"name":"Brand Customization Luxury High-End Stainless Steel Hookah"}]},{"@type":"WebSite","@id":"https:\/\/global-hookah.com\/#website","url":"https:\/\/global-hookah.com\/","name":"Global Hookah","description":"Global Hookah","publisher":{"@id":"https:\/\/global-hookah.com\/#organization"},"potentialAction":[{"@type":"SearchAction","target":{"@type":"EntryPoint","urlTemplate":"https:\/\/global-hookah.com\/?s={search_term_string}"},"query-input":{"@type":"PropertyValueSpecification","valueRequired":true,"valueName":"search_term_string"}}],"inLanguage":"es"},{"@type":"Organization","@id":"https:\/\/global-hookah.com\/#organization","name":"Global Hookah","url":"https:\/\/global-hookah.com\/","logo":{"@type":"ImageObject","inLanguage":"es","@id":"https:\/\/global-hookah.com\/#\/schema\/logo\/image\/","url":"https:\/\/global-hookah.com\/wp-content\/uploads\/2021\/10\/cropped-fgg.png","contentUrl":"https:\/\/global-hookah.com\/wp-content\/uploads\/2021\/10\/cropped-fgg.png","width":512,"height":512,"caption":"Global Hookah"},"image":{"@id":"https:\/\/global-hookah.com\/#\/schema\/logo\/image\/"}}]}},"_links":{"self":[{"href":"https:\/\/global-hookah.com\/es\/wp-json\/wp\/v2\/product\/20539","targetHints":{"allow":["GET"]}}],"collection":[{"href":"https:\/\/global-hookah.com\/es\/wp-json\/wp\/v2\/product"}],"about":[{"href":"https:\/\/global-hookah.com\/es\/wp-json\/wp\/v2\/types\/product"}],"replies":[{"embeddable":true,"href":"https:\/\/global-hookah.com\/es\/wp-json\/wp\/v2\/comments?post=20539"}],"version-history":[{"count":0,"href":"https:\/\/global-hookah.com\/es\/wp-json\/wp\/v2\/product\/20539\/revisions"}],"wp:featuredmedia":[{"embeddable":true,"href":"https:\/\/global-hookah.com\/es\/wp-json\/wp\/v2\/media\/20540"}],"wp:attachment":[{"href":"https:\/\/global-hookah.com\/es\/wp-json\/wp\/v2\/media?parent=20539"}],"wp:term":[{"taxonomy":"product_brand","embeddable":true,"href":"https:\/\/global-hookah.com\/es\/wp-json\/wp\/v2\/product_brand?post=20539"},{"taxonomy":"product_cat","embeddable":true,"href":"https:\/\/global-hookah.com\/es\/wp-json\/wp\/v2\/product_cat?post=20539"},{"taxonomy":"product_tag","embeddable":true,"href":"https:\/\/global-hookah.com\/es\/wp-json\/wp\/v2\/product_tag?post=20539"}],"curies":[{"name":"wp","href":"https:\/\/api.w.org\/{rel}","templated":true}]}}