{"id":20644,"date":"2024-04-13T00:48:14","date_gmt":"2024-04-13T00:48:14","guid":{"rendered":"https:\/\/global-hookah.com\/?post_type=product&#038;p=20644"},"modified":"2024-04-13T02:53:08","modified_gmt":"2024-04-13T02:53:08","slug":"dry-flower-long-vape-pipe-wholesale","status":"publish","type":"product","link":"https:\/\/global-hookah.com\/es\/producto\/dry-flower-long-vape-pipe-wholesale\/","title":{"rendered":"Pipa Vape Larga Flor Seca al por mayor"},"content":{"rendered":"<p>Como novato en el mundo de los cigarrillos electr\u00f3nicos, siempre estoy buscando la experiencia m\u00e1s moderna y genial. Cuando descubr\u00ed el <strong>Pipa Vape Larga Flor Seca<\/strong>Su aspecto atractivo y su innovador sistema de calefacci\u00f3n regulable me atrajeron al instante.<\/p>\n<p>La bobina de calentamiento ajustable adapta perfectamente la temperatura para convertir el e-zumo en vapor suave y sedoso. Se acabaron los vapores quemados. El gran tanque de 3.5ml y la bater\u00eda de larga duraci\u00f3n de 900mAh significa toneladas de placer vaping entre cargas.<\/p>\n<p>El dep\u00f3sito transparente es genial: puedes ver c\u00f3mo se forman nubes enormes y espesas con cada calada. Y la bobina que est\u00e1 en la parte inferior expone completamente el zumo al calor para una producci\u00f3n de vapor impresionante. El <strong>Pipa Vape Larga Flor Seca<\/strong> Funciona tambi\u00e9n con tus atomizadores 510 favoritos.<\/p>\n<p>Tengo que decir que cuando abres la caja por primera vez, la elegante<a href=\"https:\/\/global-hookah.com\/product-category\/tobacco-pipe\/\"> tubo<\/a> dise\u00f1o y fant\u00e1stica artesan\u00eda seguro que le impresionar\u00e1n.<\/p>","protected":false},"excerpt":{"rendered":"<ul class=\"a-unordered-list a-vertical a-spacing-mini\">\n<li>Para cualquier venta al por mayor o las necesidades de personalizaci\u00f3n, por favor no dude en preguntar a jesse@xiaoxiongcrafts.com. Nuestro equipo estar\u00e1 dedicado a servirle y la elaboraci\u00f3n de pipas de vapor a medida para su marca.<\/li>\n<li>Con el avanzado chipset DNA 60, esta e-pipe puede producir hasta 60 vatios de potencia. Admite control de temperatura con bobinas de acero inoxidable, n\u00edquel y titanio para un vapeo personalizado.<\/li>\n<li>La mini pantalla OLED muestra claramente la configuraci\u00f3n y el modo actuales. Controla y ajusta f\u00e1cilmente el vataje, la temperatura, la resistencia, el voltaje y mucho m\u00e1s.<\/li>\n<li>El kit completo incluye la rosewood e-pipe, drip tip stem, sub-ohm clearomizer tank, two high-drain 18650 batteries, and a battery charger<\/li>\n<li>El chip DNA 60 proporciona protecciones esenciales como prevenci\u00f3n de sobrecalentamiento, protecci\u00f3n contra baja resistencia, protecci\u00f3n contra sobredescarga y mucho m\u00e1s para un funcionamiento seguro.<\/li>\n<\/ul>","protected":false},"featured_media":20667,"comment_status":"open","ping_status":"closed","template":"","meta":{"iawp_total_views":4,"_joinchat":[]},"product_brand":[],"product_cat":[415,482],"product_tag":[],"class_list":{"0":"post-20644","1":"product","2":"type-product","3":"status-publish","4":"has-post-thumbnail","6":"product_cat-accessories","7":"product_cat-custom-vape-pipe","9":"first","10":"instock","11":"shipping-taxable","12":"product-type-external"},"yoast_head":"<!-- This site is optimized with the Yoast SEO Premium plugin v24.7 (Yoast SEO v26.8) - https:\/\/yoast.com\/product\/yoast-seo-premium-wordpress\/ -->\n<title>Dry Flower Long Vape Pipe Wholesale - Global Hookah<\/title>\n<meta name=\"robots\" content=\"index, follow, max-snippet:-1, max-image-preview:large, max-video-preview:-1\" \/>\n<link rel=\"canonical\" href=\"https:\/\/global-hookah.com\/es\/producto\/dry-flower-long-vape-pipe-wholesale\/\" \/>\n<meta property=\"og:locale\" content=\"es_ES\" \/>\n<meta property=\"og:type\" content=\"article\" \/>\n<meta property=\"og:title\" content=\"Dry Flower Long Vape Pipe Wholesale\" \/>\n<meta property=\"og:description\" content=\"For any wholesale or customization needs, please feel free to inquire at\u00a0jesse@xiaoxiongcrafts.com. Our team will be dedicated to serving you and crafting tailored vape pipes for your brand.  With the advanced DNA 60 chipset, this e-pipe can output up to 60 watts of power. It supports temperature control with stainless steel, nickel, and titanium coils for customized vaping.  The mini OLED screen clearly displays your current settings and mode. Easily monitor and adjust wattage, temperature, resistance, voltage, and more.  The complete kit includes the rosewood e-pipe, drip tip stem, sub-ohm clearomizer tank, two high-drain 18650 batteries, and a battery charger  The DNA 60 chip provides essential protections like over-heating prevention, low resistance protection, over-discharge protection, and more for safe operation.\" \/>\n<meta property=\"og:url\" content=\"https:\/\/global-hookah.com\/es\/producto\/dry-flower-long-vape-pipe-wholesale\/\" \/>\n<meta property=\"og:site_name\" content=\"Global Hookah\" \/>\n<meta property=\"article:modified_time\" content=\"2024-04-13T02:53:08+00:00\" \/>\n<meta property=\"og:image\" content=\"https:\/\/global-hookah.com\/wp-content\/uploads\/2024\/04\/6658.jpg\" \/>\n\t<meta property=\"og:image:width\" content=\"2000\" \/>\n\t<meta property=\"og:image:height\" content=\"2000\" \/>\n\t<meta property=\"og:image:type\" content=\"image\/jpeg\" \/>\n<meta name=\"twitter:card\" content=\"summary_large_image\" \/>\n<meta name=\"twitter:label1\" content=\"Tiempo de lectura\" \/>\n\t<meta name=\"twitter:data1\" content=\"1 minuto\" \/>\n<script type=\"application\/ld+json\" class=\"yoast-schema-graph\">{\"@context\":\"https:\/\/schema.org\",\"@graph\":[{\"@type\":\"WebPage\",\"@id\":\"https:\/\/global-hookah.com\/product\/dry-flower-long-vape-pipe-wholesale\/\",\"url\":\"https:\/\/global-hookah.com\/product\/dry-flower-long-vape-pipe-wholesale\/\",\"name\":\"Dry Flower Long Vape Pipe Wholesale - Global Hookah\",\"isPartOf\":{\"@id\":\"https:\/\/global-hookah.com\/#website\"},\"primaryImageOfPage\":{\"@id\":\"https:\/\/global-hookah.com\/product\/dry-flower-long-vape-pipe-wholesale\/#primaryimage\"},\"image\":{\"@id\":\"https:\/\/global-hookah.com\/product\/dry-flower-long-vape-pipe-wholesale\/#primaryimage\"},\"thumbnailUrl\":\"https:\/\/global-hookah.com\/wp-content\/uploads\/2024\/04\/6658.jpg\",\"datePublished\":\"2024-04-13T00:48:14+00:00\",\"dateModified\":\"2024-04-13T02:53:08+00:00\",\"breadcrumb\":{\"@id\":\"https:\/\/global-hookah.com\/product\/dry-flower-long-vape-pipe-wholesale\/#breadcrumb\"},\"inLanguage\":\"es\",\"potentialAction\":[{\"@type\":\"ReadAction\",\"target\":[\"https:\/\/global-hookah.com\/product\/dry-flower-long-vape-pipe-wholesale\/\"]}]},{\"@type\":\"ImageObject\",\"inLanguage\":\"es\",\"@id\":\"https:\/\/global-hookah.com\/product\/dry-flower-long-vape-pipe-wholesale\/#primaryimage\",\"url\":\"https:\/\/global-hookah.com\/wp-content\/uploads\/2024\/04\/6658.jpg\",\"contentUrl\":\"https:\/\/global-hookah.com\/wp-content\/uploads\/2024\/04\/6658.jpg\",\"width\":2000,\"height\":2000,\"caption\":\"Dry Flower Long Vape Pipe Wholesale\"},{\"@type\":\"BreadcrumbList\",\"@id\":\"https:\/\/global-hookah.com\/product\/dry-flower-long-vape-pipe-wholesale\/#breadcrumb\",\"itemListElement\":[{\"@type\":\"ListItem\",\"position\":1,\"name\":\"Home\",\"item\":\"https:\/\/global-hookah.com\/\"},{\"@type\":\"ListItem\",\"position\":2,\"name\":\"Shop\",\"item\":\"https:\/\/global-hookah.com\/shop\/\"},{\"@type\":\"ListItem\",\"position\":3,\"name\":\"Dry Flower Long Vape Pipe Wholesale\"}]},{\"@type\":\"WebSite\",\"@id\":\"https:\/\/global-hookah.com\/#website\",\"url\":\"https:\/\/global-hookah.com\/\",\"name\":\"Global Hookah\",\"description\":\"Global Hookah\",\"publisher\":{\"@id\":\"https:\/\/global-hookah.com\/#organization\"},\"potentialAction\":[{\"@type\":\"SearchAction\",\"target\":{\"@type\":\"EntryPoint\",\"urlTemplate\":\"https:\/\/global-hookah.com\/?s={search_term_string}\"},\"query-input\":{\"@type\":\"PropertyValueSpecification\",\"valueRequired\":true,\"valueName\":\"search_term_string\"}}],\"inLanguage\":\"es\"},{\"@type\":\"Organization\",\"@id\":\"https:\/\/global-hookah.com\/#organization\",\"name\":\"Global Hookah\",\"url\":\"https:\/\/global-hookah.com\/\",\"logo\":{\"@type\":\"ImageObject\",\"inLanguage\":\"es\",\"@id\":\"https:\/\/global-hookah.com\/#\/schema\/logo\/image\/\",\"url\":\"https:\/\/global-hookah.com\/wp-content\/uploads\/2021\/10\/cropped-fgg.png\",\"contentUrl\":\"https:\/\/global-hookah.com\/wp-content\/uploads\/2021\/10\/cropped-fgg.png\",\"width\":512,\"height\":512,\"caption\":\"Global Hookah\"},\"image\":{\"@id\":\"https:\/\/global-hookah.com\/#\/schema\/logo\/image\/\"}}]}<\/script>\n<!-- \/ Yoast SEO Premium plugin. -->","yoast_head_json":{"title":"Pipa Vape Larga de Flor Seca al por mayor - Global Hookah","robots":{"index":"index","follow":"follow","max-snippet":"max-snippet:-1","max-image-preview":"max-image-preview:large","max-video-preview":"max-video-preview:-1"},"canonical":"https:\/\/global-hookah.com\/es\/producto\/dry-flower-long-vape-pipe-wholesale\/","og_locale":"es_ES","og_type":"article","og_title":"Dry Flower Long Vape Pipe Wholesale","og_description":"For any wholesale or customization needs, please feel free to inquire at\u00a0jesse@xiaoxiongcrafts.com. Our team will be dedicated to serving you and crafting tailored vape pipes for your brand.  With the advanced DNA 60 chipset, this e-pipe can output up to 60 watts of power. It supports temperature control with stainless steel, nickel, and titanium coils for customized vaping.  The mini OLED screen clearly displays your current settings and mode. Easily monitor and adjust wattage, temperature, resistance, voltage, and more.  The complete kit includes the rosewood e-pipe, drip tip stem, sub-ohm clearomizer tank, two high-drain 18650 batteries, and a battery charger  The DNA 60 chip provides essential protections like over-heating prevention, low resistance protection, over-discharge protection, and more for safe operation.","og_url":"https:\/\/global-hookah.com\/es\/producto\/dry-flower-long-vape-pipe-wholesale\/","og_site_name":"Global Hookah","article_modified_time":"2024-04-13T02:53:08+00:00","og_image":[{"width":2000,"height":2000,"url":"https:\/\/global-hookah.com\/wp-content\/uploads\/2024\/04\/6658.jpg","type":"image\/jpeg"}],"twitter_card":"summary_large_image","twitter_misc":{"Tiempo de lectura":"1 minuto"},"schema":{"@context":"https:\/\/schema.org","@graph":[{"@type":"WebPage","@id":"https:\/\/global-hookah.com\/product\/dry-flower-long-vape-pipe-wholesale\/","url":"https:\/\/global-hookah.com\/product\/dry-flower-long-vape-pipe-wholesale\/","name":"Pipa Vape Larga de Flor Seca al por mayor - Global Hookah","isPartOf":{"@id":"https:\/\/global-hookah.com\/#website"},"primaryImageOfPage":{"@id":"https:\/\/global-hookah.com\/product\/dry-flower-long-vape-pipe-wholesale\/#primaryimage"},"image":{"@id":"https:\/\/global-hookah.com\/product\/dry-flower-long-vape-pipe-wholesale\/#primaryimage"},"thumbnailUrl":"https:\/\/global-hookah.com\/wp-content\/uploads\/2024\/04\/6658.jpg","datePublished":"2024-04-13T00:48:14+00:00","dateModified":"2024-04-13T02:53:08+00:00","breadcrumb":{"@id":"https:\/\/global-hookah.com\/product\/dry-flower-long-vape-pipe-wholesale\/#breadcrumb"},"inLanguage":"es","potentialAction":[{"@type":"ReadAction","target":["https:\/\/global-hookah.com\/product\/dry-flower-long-vape-pipe-wholesale\/"]}]},{"@type":"ImageObject","inLanguage":"es","@id":"https:\/\/global-hookah.com\/product\/dry-flower-long-vape-pipe-wholesale\/#primaryimage","url":"https:\/\/global-hookah.com\/wp-content\/uploads\/2024\/04\/6658.jpg","contentUrl":"https:\/\/global-hookah.com\/wp-content\/uploads\/2024\/04\/6658.jpg","width":2000,"height":2000,"caption":"Dry Flower Long Vape Pipe Wholesale"},{"@type":"BreadcrumbList","@id":"https:\/\/global-hookah.com\/product\/dry-flower-long-vape-pipe-wholesale\/#breadcrumb","itemListElement":[{"@type":"ListItem","position":1,"name":"Home","item":"https:\/\/global-hookah.com\/"},{"@type":"ListItem","position":2,"name":"Shop","item":"https:\/\/global-hookah.com\/shop\/"},{"@type":"ListItem","position":3,"name":"Dry Flower Long Vape Pipe Wholesale"}]},{"@type":"WebSite","@id":"https:\/\/global-hookah.com\/#website","url":"https:\/\/global-hookah.com\/","name":"Global Hookah","description":"Global Hookah","publisher":{"@id":"https:\/\/global-hookah.com\/#organization"},"potentialAction":[{"@type":"SearchAction","target":{"@type":"EntryPoint","urlTemplate":"https:\/\/global-hookah.com\/?s={search_term_string}"},"query-input":{"@type":"PropertyValueSpecification","valueRequired":true,"valueName":"search_term_string"}}],"inLanguage":"es"},{"@type":"Organization","@id":"https:\/\/global-hookah.com\/#organization","name":"Global Hookah","url":"https:\/\/global-hookah.com\/","logo":{"@type":"ImageObject","inLanguage":"es","@id":"https:\/\/global-hookah.com\/#\/schema\/logo\/image\/","url":"https:\/\/global-hookah.com\/wp-content\/uploads\/2021\/10\/cropped-fgg.png","contentUrl":"https:\/\/global-hookah.com\/wp-content\/uploads\/2021\/10\/cropped-fgg.png","width":512,"height":512,"caption":"Global Hookah"},"image":{"@id":"https:\/\/global-hookah.com\/#\/schema\/logo\/image\/"}}]}},"_links":{"self":[{"href":"https:\/\/global-hookah.com\/es\/wp-json\/wp\/v2\/product\/20644","targetHints":{"allow":["GET"]}}],"collection":[{"href":"https:\/\/global-hookah.com\/es\/wp-json\/wp\/v2\/product"}],"about":[{"href":"https:\/\/global-hookah.com\/es\/wp-json\/wp\/v2\/types\/product"}],"replies":[{"embeddable":true,"href":"https:\/\/global-hookah.com\/es\/wp-json\/wp\/v2\/comments?post=20644"}],"version-history":[{"count":0,"href":"https:\/\/global-hookah.com\/es\/wp-json\/wp\/v2\/product\/20644\/revisions"}],"wp:featuredmedia":[{"embeddable":true,"href":"https:\/\/global-hookah.com\/es\/wp-json\/wp\/v2\/media\/20667"}],"wp:attachment":[{"href":"https:\/\/global-hookah.com\/es\/wp-json\/wp\/v2\/media?parent=20644"}],"wp:term":[{"taxonomy":"product_brand","embeddable":true,"href":"https:\/\/global-hookah.com\/es\/wp-json\/wp\/v2\/product_brand?post=20644"},{"taxonomy":"product_cat","embeddable":true,"href":"https:\/\/global-hookah.com\/es\/wp-json\/wp\/v2\/product_cat?post=20644"},{"taxonomy":"product_tag","embeddable":true,"href":"https:\/\/global-hookah.com\/es\/wp-json\/wp\/v2\/product_tag?post=20644"}],"curies":[{"name":"wp","href":"https:\/\/api.w.org\/{rel}","templated":true}]}}