{"id":20647,"date":"2024-04-13T00:48:15","date_gmt":"2024-04-13T00:48:15","guid":{"rendered":"https:\/\/global-hookah.com\/?post_type=product&#038;p=20647"},"modified":"2024-04-13T02:08:06","modified_gmt":"2024-04-13T02:08:06","slug":"e-pipe-vaporizer-wholesale","status":"publish","type":"product","link":"https:\/\/global-hookah.com\/es\/producto\/e-pipe-vaporizer-wholesale\/","title":{"rendered":"Vaporizador E-Pipe al por mayor"},"content":{"rendered":"<p>Si el encanto externo de este <strong>Vaporizador E-Pipe<\/strong> ya ha atra\u00eddo su coraz\u00f3n, entonces su configuraci\u00f3n interna le har\u00e1 profundamente fascinado por ella. Utilizamos e-l\u00edquido de alta calidad para proporcionar una experiencia vaping de larga duraci\u00f3n. Los tres sabores de e-l\u00edquido pueden ser mezclados y combinados por usted. Usted puede elegir si desea agrio o dulce. La bater\u00eda de larga duraci\u00f3n de hasta un d\u00eda puede satisfacer sus necesidades de vapeo a largo plazo. Podr\u00e1 fumar todo lo que quiera.<\/p>\n<p>Este <strong>Tubo electr\u00f3nico<\/strong> est\u00e1 hecho de madera de Blair de primera calidad y acero inoxidable, y se puede sentir su textura de alta gama. Nuestros dise\u00f1adores lo han mejorado y optimizado, y ahora es m\u00e1s peque\u00f1o, m\u00e1s ligero y muy f\u00e1cil de transportar.<\/p>\n<p>Nuestra <strong>pipas de vapor<\/strong> utilizan la rosca para cigarrillos electr\u00f3nicos Ego 510 aceptada internacionalmente, que es segura y fiable y admite un ajuste perfecto de la potencia de salida. La capa de almacenamiento de e-l\u00edquido de 2ml incorporada est\u00e1 hecha de algod\u00f3n org\u00e1nico altamente el\u00e1stico importado de Jap\u00f3n, y combinada con el reci\u00e9n nacido hilo calefactor Kanthal A1, producir\u00e1 ricos y espesos...<\/p>\n<p>Lo que m\u00e1s me excita es su volumen de humo y su sensaci\u00f3n en boca, \u00a1es tan satisfactorio! Las enormes nubes de vapor, la suave calada y cada calada me hacen sentir extremadamente satisfecho. Te garantizo que en cuanto pruebes el<a href=\"https:\/\/global-hookah.com\/product-category\/tobacco-pipe\/custom-vape-pipe\/\"> <strong>E-Pipe<\/strong><\/a> por primera vez, se enamorar\u00e1 de ella,<\/p>\n<p>&nbsp;<\/p>","protected":false},"excerpt":{"rendered":"<ul>\n<li>Para cualquier venta al por mayor o las necesidades de personalizaci\u00f3n, por favor no dude en preguntar a jesse@xiaoxiongcrafts.com. Nuestro equipo estar\u00e1 dedicado a servirle y la elaboraci\u00f3n de pipas de vapor a medida para su marca.<\/li>\n<li>Elegante dise\u00f1o en madera de brezo y acero inoxidable<\/li>\n<li>Bater\u00eda integrada de 1000 mAh<\/li>\n<li>Capacidad de la bater\u00eda: 1000 mAh<\/li>\n<li>Capacidad del atomizador: 2ml<\/li>\n<li>Tiempo de carga: 2-3 horas<\/li>\n<li>Modo de trabajo: Potencia total de 35 W<\/li>\n<li>Capacidad del e-jugo: 2.0ml<\/li>\n<li>Tensi\u00f3n de trabajo: DC3.3V-DC4.2V<\/li>\n<li>Material del hilo de la bobina: Kanthal A1<\/li>\n<li>Ultraligero y port\u00e1til<\/li>\n<li>Un bot\u00f3n para un manejo sencillo<\/li>\n<li>Protecciones: Protecci\u00f3n contra baja tensi\u00f3n, protecci\u00f3n contra sobretensi\u00f3n, protecci\u00f3n contra sobredescarga, protecci\u00f3n contra sobrecorriente, protecci\u00f3n contra cortocircuito.<\/li>\n<\/ul>","protected":false},"featured_media":20671,"comment_status":"open","ping_status":"closed","template":"","meta":{"iawp_total_views":0,"_joinchat":[]},"product_brand":[],"product_cat":[415,482],"product_tag":[],"class_list":{"0":"post-20647","1":"product","2":"type-product","3":"status-publish","4":"has-post-thumbnail","6":"product_cat-accessories","7":"product_cat-custom-vape-pipe","9":"first","10":"instock","11":"shipping-taxable","12":"product-type-external"},"yoast_head":"<!-- This site is optimized with the Yoast SEO Premium plugin v24.7 (Yoast SEO v26.8) - https:\/\/yoast.com\/product\/yoast-seo-premium-wordpress\/ -->\n<title>E-Pipe Vaporizer Wholesale - Global Hookah<\/title>\n<meta name=\"robots\" content=\"index, follow, max-snippet:-1, max-image-preview:large, max-video-preview:-1\" \/>\n<link rel=\"canonical\" href=\"https:\/\/global-hookah.com\/es\/producto\/e-pipe-vaporizer-wholesale\/\" \/>\n<meta property=\"og:locale\" content=\"es_ES\" \/>\n<meta property=\"og:type\" content=\"article\" \/>\n<meta property=\"og:title\" content=\"E-Pipe Vaporizer Wholesale\" \/>\n<meta property=\"og:description\" content=\"For any wholesale or customization needs, please feel free to inquire at\u00a0jesse@xiaoxiongcrafts.com. Our team will be dedicated to serving you and crafting tailored vape pipes for your brand.  Elegant briarwood and stainless steel design  1000mAh built-in battery  Battery Capacity: 1000mAh  Atomizer Capacity: 2ml  Charging Time: 2-3 hours  Working Mode: Full 35W wattage output  E-juice Capacity: 2.0ml  Working Voltage: DC3.3V-DC4.2V  Coil Wire Material: Kanthal A1  Ultra lightweight and portable  One button for easy operation  Protections: Low voltage protection, Over voltage protection, Over-discharge protection, Over current protection, Short circuit protection\" \/>\n<meta property=\"og:url\" content=\"https:\/\/global-hookah.com\/es\/producto\/e-pipe-vaporizer-wholesale\/\" \/>\n<meta property=\"og:site_name\" content=\"Global Hookah\" \/>\n<meta property=\"article:modified_time\" content=\"2024-04-13T02:08:06+00:00\" \/>\n<meta property=\"og:image\" content=\"https:\/\/global-hookah.com\/wp-content\/uploads\/2024\/04\/8856.jpg\" \/>\n\t<meta property=\"og:image:width\" content=\"2000\" \/>\n\t<meta property=\"og:image:height\" content=\"2000\" \/>\n\t<meta property=\"og:image:type\" content=\"image\/jpeg\" \/>\n<meta name=\"twitter:card\" content=\"summary_large_image\" \/>\n<meta name=\"twitter:label1\" content=\"Tiempo de lectura\" \/>\n\t<meta name=\"twitter:data1\" content=\"2 minutos\" \/>\n<script type=\"application\/ld+json\" class=\"yoast-schema-graph\">{\"@context\":\"https:\/\/schema.org\",\"@graph\":[{\"@type\":\"WebPage\",\"@id\":\"https:\/\/global-hookah.com\/product\/e-pipe-vaporizer-wholesale\/\",\"url\":\"https:\/\/global-hookah.com\/product\/e-pipe-vaporizer-wholesale\/\",\"name\":\"E-Pipe Vaporizer Wholesale - Global Hookah\",\"isPartOf\":{\"@id\":\"https:\/\/global-hookah.com\/#website\"},\"primaryImageOfPage\":{\"@id\":\"https:\/\/global-hookah.com\/product\/e-pipe-vaporizer-wholesale\/#primaryimage\"},\"image\":{\"@id\":\"https:\/\/global-hookah.com\/product\/e-pipe-vaporizer-wholesale\/#primaryimage\"},\"thumbnailUrl\":\"https:\/\/global-hookah.com\/wp-content\/uploads\/2024\/04\/8856.jpg\",\"datePublished\":\"2024-04-13T00:48:15+00:00\",\"dateModified\":\"2024-04-13T02:08:06+00:00\",\"breadcrumb\":{\"@id\":\"https:\/\/global-hookah.com\/product\/e-pipe-vaporizer-wholesale\/#breadcrumb\"},\"inLanguage\":\"es\",\"potentialAction\":[{\"@type\":\"ReadAction\",\"target\":[\"https:\/\/global-hookah.com\/product\/e-pipe-vaporizer-wholesale\/\"]}]},{\"@type\":\"ImageObject\",\"inLanguage\":\"es\",\"@id\":\"https:\/\/global-hookah.com\/product\/e-pipe-vaporizer-wholesale\/#primaryimage\",\"url\":\"https:\/\/global-hookah.com\/wp-content\/uploads\/2024\/04\/8856.jpg\",\"contentUrl\":\"https:\/\/global-hookah.com\/wp-content\/uploads\/2024\/04\/8856.jpg\",\"width\":2000,\"height\":2000},{\"@type\":\"BreadcrumbList\",\"@id\":\"https:\/\/global-hookah.com\/product\/e-pipe-vaporizer-wholesale\/#breadcrumb\",\"itemListElement\":[{\"@type\":\"ListItem\",\"position\":1,\"name\":\"Home\",\"item\":\"https:\/\/global-hookah.com\/\"},{\"@type\":\"ListItem\",\"position\":2,\"name\":\"Shop\",\"item\":\"https:\/\/global-hookah.com\/shop\/\"},{\"@type\":\"ListItem\",\"position\":3,\"name\":\"E-Pipe Vaporizer Wholesale\"}]},{\"@type\":\"WebSite\",\"@id\":\"https:\/\/global-hookah.com\/#website\",\"url\":\"https:\/\/global-hookah.com\/\",\"name\":\"Global Hookah\",\"description\":\"Global Hookah\",\"publisher\":{\"@id\":\"https:\/\/global-hookah.com\/#organization\"},\"potentialAction\":[{\"@type\":\"SearchAction\",\"target\":{\"@type\":\"EntryPoint\",\"urlTemplate\":\"https:\/\/global-hookah.com\/?s={search_term_string}\"},\"query-input\":{\"@type\":\"PropertyValueSpecification\",\"valueRequired\":true,\"valueName\":\"search_term_string\"}}],\"inLanguage\":\"es\"},{\"@type\":\"Organization\",\"@id\":\"https:\/\/global-hookah.com\/#organization\",\"name\":\"Global Hookah\",\"url\":\"https:\/\/global-hookah.com\/\",\"logo\":{\"@type\":\"ImageObject\",\"inLanguage\":\"es\",\"@id\":\"https:\/\/global-hookah.com\/#\/schema\/logo\/image\/\",\"url\":\"https:\/\/global-hookah.com\/wp-content\/uploads\/2021\/10\/cropped-fgg.png\",\"contentUrl\":\"https:\/\/global-hookah.com\/wp-content\/uploads\/2021\/10\/cropped-fgg.png\",\"width\":512,\"height\":512,\"caption\":\"Global Hookah\"},\"image\":{\"@id\":\"https:\/\/global-hookah.com\/#\/schema\/logo\/image\/\"}}]}<\/script>\n<!-- \/ Yoast SEO Premium plugin. -->","yoast_head_json":{"title":"E-Pipe Vaporizador al por mayor - Global Hookah","robots":{"index":"index","follow":"follow","max-snippet":"max-snippet:-1","max-image-preview":"max-image-preview:large","max-video-preview":"max-video-preview:-1"},"canonical":"https:\/\/global-hookah.com\/es\/producto\/e-pipe-vaporizer-wholesale\/","og_locale":"es_ES","og_type":"article","og_title":"E-Pipe Vaporizer Wholesale","og_description":"For any wholesale or customization needs, please feel free to inquire at\u00a0jesse@xiaoxiongcrafts.com. Our team will be dedicated to serving you and crafting tailored vape pipes for your brand.  Elegant briarwood and stainless steel design  1000mAh built-in battery  Battery Capacity: 1000mAh  Atomizer Capacity: 2ml  Charging Time: 2-3 hours  Working Mode: Full 35W wattage output  E-juice Capacity: 2.0ml  Working Voltage: DC3.3V-DC4.2V  Coil Wire Material: Kanthal A1  Ultra lightweight and portable  One button for easy operation  Protections: Low voltage protection, Over voltage protection, Over-discharge protection, Over current protection, Short circuit protection","og_url":"https:\/\/global-hookah.com\/es\/producto\/e-pipe-vaporizer-wholesale\/","og_site_name":"Global Hookah","article_modified_time":"2024-04-13T02:08:06+00:00","og_image":[{"width":2000,"height":2000,"url":"https:\/\/global-hookah.com\/wp-content\/uploads\/2024\/04\/8856.jpg","type":"image\/jpeg"}],"twitter_card":"summary_large_image","twitter_misc":{"Tiempo de lectura":"2 minutos"},"schema":{"@context":"https:\/\/schema.org","@graph":[{"@type":"WebPage","@id":"https:\/\/global-hookah.com\/product\/e-pipe-vaporizer-wholesale\/","url":"https:\/\/global-hookah.com\/product\/e-pipe-vaporizer-wholesale\/","name":"E-Pipe Vaporizador al por mayor - Global Hookah","isPartOf":{"@id":"https:\/\/global-hookah.com\/#website"},"primaryImageOfPage":{"@id":"https:\/\/global-hookah.com\/product\/e-pipe-vaporizer-wholesale\/#primaryimage"},"image":{"@id":"https:\/\/global-hookah.com\/product\/e-pipe-vaporizer-wholesale\/#primaryimage"},"thumbnailUrl":"https:\/\/global-hookah.com\/wp-content\/uploads\/2024\/04\/8856.jpg","datePublished":"2024-04-13T00:48:15+00:00","dateModified":"2024-04-13T02:08:06+00:00","breadcrumb":{"@id":"https:\/\/global-hookah.com\/product\/e-pipe-vaporizer-wholesale\/#breadcrumb"},"inLanguage":"es","potentialAction":[{"@type":"ReadAction","target":["https:\/\/global-hookah.com\/product\/e-pipe-vaporizer-wholesale\/"]}]},{"@type":"ImageObject","inLanguage":"es","@id":"https:\/\/global-hookah.com\/product\/e-pipe-vaporizer-wholesale\/#primaryimage","url":"https:\/\/global-hookah.com\/wp-content\/uploads\/2024\/04\/8856.jpg","contentUrl":"https:\/\/global-hookah.com\/wp-content\/uploads\/2024\/04\/8856.jpg","width":2000,"height":2000},{"@type":"BreadcrumbList","@id":"https:\/\/global-hookah.com\/product\/e-pipe-vaporizer-wholesale\/#breadcrumb","itemListElement":[{"@type":"ListItem","position":1,"name":"Home","item":"https:\/\/global-hookah.com\/"},{"@type":"ListItem","position":2,"name":"Shop","item":"https:\/\/global-hookah.com\/shop\/"},{"@type":"ListItem","position":3,"name":"E-Pipe Vaporizer Wholesale"}]},{"@type":"WebSite","@id":"https:\/\/global-hookah.com\/#website","url":"https:\/\/global-hookah.com\/","name":"Global Hookah","description":"Global Hookah","publisher":{"@id":"https:\/\/global-hookah.com\/#organization"},"potentialAction":[{"@type":"SearchAction","target":{"@type":"EntryPoint","urlTemplate":"https:\/\/global-hookah.com\/?s={search_term_string}"},"query-input":{"@type":"PropertyValueSpecification","valueRequired":true,"valueName":"search_term_string"}}],"inLanguage":"es"},{"@type":"Organization","@id":"https:\/\/global-hookah.com\/#organization","name":"Global Hookah","url":"https:\/\/global-hookah.com\/","logo":{"@type":"ImageObject","inLanguage":"es","@id":"https:\/\/global-hookah.com\/#\/schema\/logo\/image\/","url":"https:\/\/global-hookah.com\/wp-content\/uploads\/2021\/10\/cropped-fgg.png","contentUrl":"https:\/\/global-hookah.com\/wp-content\/uploads\/2021\/10\/cropped-fgg.png","width":512,"height":512,"caption":"Global Hookah"},"image":{"@id":"https:\/\/global-hookah.com\/#\/schema\/logo\/image\/"}}]}},"_links":{"self":[{"href":"https:\/\/global-hookah.com\/es\/wp-json\/wp\/v2\/product\/20647","targetHints":{"allow":["GET"]}}],"collection":[{"href":"https:\/\/global-hookah.com\/es\/wp-json\/wp\/v2\/product"}],"about":[{"href":"https:\/\/global-hookah.com\/es\/wp-json\/wp\/v2\/types\/product"}],"replies":[{"embeddable":true,"href":"https:\/\/global-hookah.com\/es\/wp-json\/wp\/v2\/comments?post=20647"}],"version-history":[{"count":0,"href":"https:\/\/global-hookah.com\/es\/wp-json\/wp\/v2\/product\/20647\/revisions"}],"wp:featuredmedia":[{"embeddable":true,"href":"https:\/\/global-hookah.com\/es\/wp-json\/wp\/v2\/media\/20671"}],"wp:attachment":[{"href":"https:\/\/global-hookah.com\/es\/wp-json\/wp\/v2\/media?parent=20647"}],"wp:term":[{"taxonomy":"product_brand","embeddable":true,"href":"https:\/\/global-hookah.com\/es\/wp-json\/wp\/v2\/product_brand?post=20647"},{"taxonomy":"product_cat","embeddable":true,"href":"https:\/\/global-hookah.com\/es\/wp-json\/wp\/v2\/product_cat?post=20647"},{"taxonomy":"product_tag","embeddable":true,"href":"https:\/\/global-hookah.com\/es\/wp-json\/wp\/v2\/product_tag?post=20647"}],"curies":[{"name":"wp","href":"https:\/\/api.w.org\/{rel}","templated":true}]}}