{"id":20654,"date":"2024-04-13T00:48:15","date_gmt":"2024-04-13T00:48:15","guid":{"rendered":"https:\/\/global-hookah.com\/?post_type=product&#038;p=20654"},"modified":"2024-04-13T01:12:14","modified_gmt":"2024-04-13T01:12:14","slug":"customized-wooden-herbal-vaporizer-wholesale","status":"publish","type":"product","link":"https:\/\/global-hookah.com\/es\/producto\/customized-wooden-herbal-vaporizer-wholesale\/","title":{"rendered":"Vaporizador de hierbas de madera personalizado al por mayor"},"content":{"rendered":"<p>\u00bfEst\u00e1 buscando un <a href=\"https:\/\/global-hookah.com\/product-category\/tobacco-pipe\/custom-vape-pipe\/\"><strong>vaporizador<\/strong><\/a> que sea a la vez potente y capaz de mostrar su personalidad? Entonces le recomiendo encarecidamente que eche un vistazo a nuestro exclusivo <strong>pipa vaporizadora de madera<\/strong>!<\/p>\n<p>Utiliza la tecnolog\u00eda de bater\u00eda y calentamiento l\u00edder del sector para proporcionarte experiencias de vapor fuertes, duraderas y con una textura exquisita. Lo mejor es que tambi\u00e9n puedes elegir diferentes tipos de madera y estilos para personalizar un exclusivo <strong>Vaporizador de hierbas de madera<\/strong> \u00a1de los tuyos!<\/p>\n<p>Imagine lo gratificante que ser\u00eda manejar un vaporizador dise\u00f1ado por usted mismo. Nuestros maestros artesanos pueden dar vida a su creatividad de forma impecable. \u00a1Venga a echar un vistazo!<\/p>","protected":false},"excerpt":{"rendered":"<ul class=\"a-unordered-list a-vertical a-spacing-mini\">\n<li>Para cualquier venta al por mayor o las necesidades de personalizaci\u00f3n, por favor no dude en preguntar a jesse@xiaoxiongcrafts.com. Nuestro equipo estar\u00e1 dedicado a servirle y la elaboraci\u00f3n de pipas de vapor a medida para su marca.<\/li>\n<li><\/li>\n<\/ul>","protected":false},"featured_media":20683,"comment_status":"open","ping_status":"closed","template":"","meta":{"iawp_total_views":3,"_joinchat":[]},"product_brand":[],"product_cat":[415,482],"product_tag":[],"class_list":{"0":"post-20654","1":"product","2":"type-product","3":"status-publish","4":"has-post-thumbnail","6":"product_cat-accessories","7":"product_cat-custom-vape-pipe","9":"first","10":"instock","11":"shipping-taxable","12":"product-type-simple"},"yoast_head":"<!-- This site is optimized with the Yoast SEO Premium plugin v24.7 (Yoast SEO v26.8) - https:\/\/yoast.com\/product\/yoast-seo-premium-wordpress\/ -->\n<title>Customized Wooden Herbal Vaporizer Wholesale - Global Hookah<\/title>\n<meta name=\"robots\" content=\"index, follow, max-snippet:-1, max-image-preview:large, max-video-preview:-1\" \/>\n<link rel=\"canonical\" href=\"https:\/\/global-hookah.com\/es\/producto\/customized-wooden-herbal-vaporizer-wholesale\/\" \/>\n<meta property=\"og:locale\" content=\"es_ES\" \/>\n<meta property=\"og:type\" content=\"article\" \/>\n<meta property=\"og:title\" content=\"Customized Wooden Herbal Vaporizer Wholesale\" \/>\n<meta property=\"og:description\" content=\"For any wholesale or customization needs, please feel free to inquire at\u00a0jesse@xiaoxiongcrafts.com. Our team will be dedicated to serving you and crafting tailored vape pipes for your brand.\" \/>\n<meta property=\"og:url\" content=\"https:\/\/global-hookah.com\/es\/producto\/customized-wooden-herbal-vaporizer-wholesale\/\" \/>\n<meta property=\"og:site_name\" content=\"Global Hookah\" \/>\n<meta property=\"article:modified_time\" content=\"2024-04-13T01:12:14+00:00\" \/>\n<meta property=\"og:image\" content=\"https:\/\/global-hookah.com\/wp-content\/uploads\/2024\/04\/O1CN01Dj0k9P1jktczZ1Jlw_2212897934587-0-cib.jpg\" \/>\n\t<meta property=\"og:image:width\" content=\"1000\" \/>\n\t<meta property=\"og:image:height\" content=\"1000\" \/>\n\t<meta property=\"og:image:type\" content=\"image\/jpeg\" \/>\n<meta name=\"twitter:card\" content=\"summary_large_image\" \/>\n<meta name=\"twitter:label1\" content=\"Tiempo de lectura\" \/>\n\t<meta name=\"twitter:data1\" content=\"1 minuto\" \/>\n<script type=\"application\/ld+json\" class=\"yoast-schema-graph\">{\"@context\":\"https:\/\/schema.org\",\"@graph\":[{\"@type\":\"WebPage\",\"@id\":\"https:\/\/global-hookah.com\/product\/customized-wooden-herbal-vaporizer-wholesale\/\",\"url\":\"https:\/\/global-hookah.com\/product\/customized-wooden-herbal-vaporizer-wholesale\/\",\"name\":\"Customized Wooden Herbal Vaporizer Wholesale - Global Hookah\",\"isPartOf\":{\"@id\":\"https:\/\/global-hookah.com\/#website\"},\"primaryImageOfPage\":{\"@id\":\"https:\/\/global-hookah.com\/product\/customized-wooden-herbal-vaporizer-wholesale\/#primaryimage\"},\"image\":{\"@id\":\"https:\/\/global-hookah.com\/product\/customized-wooden-herbal-vaporizer-wholesale\/#primaryimage\"},\"thumbnailUrl\":\"https:\/\/global-hookah.com\/wp-content\/uploads\/2024\/04\/O1CN01Dj0k9P1jktczZ1Jlw_2212897934587-0-cib.jpg\",\"datePublished\":\"2024-04-13T00:48:15+00:00\",\"dateModified\":\"2024-04-13T01:12:14+00:00\",\"breadcrumb\":{\"@id\":\"https:\/\/global-hookah.com\/product\/customized-wooden-herbal-vaporizer-wholesale\/#breadcrumb\"},\"inLanguage\":\"es\",\"potentialAction\":[{\"@type\":\"ReadAction\",\"target\":[\"https:\/\/global-hookah.com\/product\/customized-wooden-herbal-vaporizer-wholesale\/\"]}]},{\"@type\":\"ImageObject\",\"inLanguage\":\"es\",\"@id\":\"https:\/\/global-hookah.com\/product\/customized-wooden-herbal-vaporizer-wholesale\/#primaryimage\",\"url\":\"https:\/\/global-hookah.com\/wp-content\/uploads\/2024\/04\/O1CN01Dj0k9P1jktczZ1Jlw_2212897934587-0-cib.jpg\",\"contentUrl\":\"https:\/\/global-hookah.com\/wp-content\/uploads\/2024\/04\/O1CN01Dj0k9P1jktczZ1Jlw_2212897934587-0-cib.jpg\",\"width\":1000,\"height\":1000,\"caption\":\"Customized Wooden Herbal Vaporizer Wholesale\"},{\"@type\":\"BreadcrumbList\",\"@id\":\"https:\/\/global-hookah.com\/product\/customized-wooden-herbal-vaporizer-wholesale\/#breadcrumb\",\"itemListElement\":[{\"@type\":\"ListItem\",\"position\":1,\"name\":\"Home\",\"item\":\"https:\/\/global-hookah.com\/\"},{\"@type\":\"ListItem\",\"position\":2,\"name\":\"Shop\",\"item\":\"https:\/\/global-hookah.com\/shop\/\"},{\"@type\":\"ListItem\",\"position\":3,\"name\":\"Customized Wooden Herbal Vaporizer Wholesale\"}]},{\"@type\":\"WebSite\",\"@id\":\"https:\/\/global-hookah.com\/#website\",\"url\":\"https:\/\/global-hookah.com\/\",\"name\":\"Global Hookah\",\"description\":\"Global Hookah\",\"publisher\":{\"@id\":\"https:\/\/global-hookah.com\/#organization\"},\"potentialAction\":[{\"@type\":\"SearchAction\",\"target\":{\"@type\":\"EntryPoint\",\"urlTemplate\":\"https:\/\/global-hookah.com\/?s={search_term_string}\"},\"query-input\":{\"@type\":\"PropertyValueSpecification\",\"valueRequired\":true,\"valueName\":\"search_term_string\"}}],\"inLanguage\":\"es\"},{\"@type\":\"Organization\",\"@id\":\"https:\/\/global-hookah.com\/#organization\",\"name\":\"Global Hookah\",\"url\":\"https:\/\/global-hookah.com\/\",\"logo\":{\"@type\":\"ImageObject\",\"inLanguage\":\"es\",\"@id\":\"https:\/\/global-hookah.com\/#\/schema\/logo\/image\/\",\"url\":\"https:\/\/global-hookah.com\/wp-content\/uploads\/2021\/10\/cropped-fgg.png\",\"contentUrl\":\"https:\/\/global-hookah.com\/wp-content\/uploads\/2021\/10\/cropped-fgg.png\",\"width\":512,\"height\":512,\"caption\":\"Global Hookah\"},\"image\":{\"@id\":\"https:\/\/global-hookah.com\/#\/schema\/logo\/image\/\"}}]}<\/script>\n<!-- \/ Yoast SEO Premium plugin. -->","yoast_head_json":{"title":"Vaporizador de hierbas de madera personalizado al por mayor - Global Hookah","robots":{"index":"index","follow":"follow","max-snippet":"max-snippet:-1","max-image-preview":"max-image-preview:large","max-video-preview":"max-video-preview:-1"},"canonical":"https:\/\/global-hookah.com\/es\/producto\/customized-wooden-herbal-vaporizer-wholesale\/","og_locale":"es_ES","og_type":"article","og_title":"Customized Wooden Herbal Vaporizer Wholesale","og_description":"For any wholesale or customization needs, please feel free to inquire at\u00a0jesse@xiaoxiongcrafts.com. Our team will be dedicated to serving you and crafting tailored vape pipes for your brand.","og_url":"https:\/\/global-hookah.com\/es\/producto\/customized-wooden-herbal-vaporizer-wholesale\/","og_site_name":"Global Hookah","article_modified_time":"2024-04-13T01:12:14+00:00","og_image":[{"width":1000,"height":1000,"url":"https:\/\/global-hookah.com\/wp-content\/uploads\/2024\/04\/O1CN01Dj0k9P1jktczZ1Jlw_2212897934587-0-cib.jpg","type":"image\/jpeg"}],"twitter_card":"summary_large_image","twitter_misc":{"Tiempo de lectura":"1 minuto"},"schema":{"@context":"https:\/\/schema.org","@graph":[{"@type":"WebPage","@id":"https:\/\/global-hookah.com\/product\/customized-wooden-herbal-vaporizer-wholesale\/","url":"https:\/\/global-hookah.com\/product\/customized-wooden-herbal-vaporizer-wholesale\/","name":"Vaporizador de hierbas de madera personalizado al por mayor - Global Hookah","isPartOf":{"@id":"https:\/\/global-hookah.com\/#website"},"primaryImageOfPage":{"@id":"https:\/\/global-hookah.com\/product\/customized-wooden-herbal-vaporizer-wholesale\/#primaryimage"},"image":{"@id":"https:\/\/global-hookah.com\/product\/customized-wooden-herbal-vaporizer-wholesale\/#primaryimage"},"thumbnailUrl":"https:\/\/global-hookah.com\/wp-content\/uploads\/2024\/04\/O1CN01Dj0k9P1jktczZ1Jlw_2212897934587-0-cib.jpg","datePublished":"2024-04-13T00:48:15+00:00","dateModified":"2024-04-13T01:12:14+00:00","breadcrumb":{"@id":"https:\/\/global-hookah.com\/product\/customized-wooden-herbal-vaporizer-wholesale\/#breadcrumb"},"inLanguage":"es","potentialAction":[{"@type":"ReadAction","target":["https:\/\/global-hookah.com\/product\/customized-wooden-herbal-vaporizer-wholesale\/"]}]},{"@type":"ImageObject","inLanguage":"es","@id":"https:\/\/global-hookah.com\/product\/customized-wooden-herbal-vaporizer-wholesale\/#primaryimage","url":"https:\/\/global-hookah.com\/wp-content\/uploads\/2024\/04\/O1CN01Dj0k9P1jktczZ1Jlw_2212897934587-0-cib.jpg","contentUrl":"https:\/\/global-hookah.com\/wp-content\/uploads\/2024\/04\/O1CN01Dj0k9P1jktczZ1Jlw_2212897934587-0-cib.jpg","width":1000,"height":1000,"caption":"Customized Wooden Herbal Vaporizer Wholesale"},{"@type":"BreadcrumbList","@id":"https:\/\/global-hookah.com\/product\/customized-wooden-herbal-vaporizer-wholesale\/#breadcrumb","itemListElement":[{"@type":"ListItem","position":1,"name":"Home","item":"https:\/\/global-hookah.com\/"},{"@type":"ListItem","position":2,"name":"Shop","item":"https:\/\/global-hookah.com\/shop\/"},{"@type":"ListItem","position":3,"name":"Customized Wooden Herbal Vaporizer Wholesale"}]},{"@type":"WebSite","@id":"https:\/\/global-hookah.com\/#website","url":"https:\/\/global-hookah.com\/","name":"Global Hookah","description":"Global Hookah","publisher":{"@id":"https:\/\/global-hookah.com\/#organization"},"potentialAction":[{"@type":"SearchAction","target":{"@type":"EntryPoint","urlTemplate":"https:\/\/global-hookah.com\/?s={search_term_string}"},"query-input":{"@type":"PropertyValueSpecification","valueRequired":true,"valueName":"search_term_string"}}],"inLanguage":"es"},{"@type":"Organization","@id":"https:\/\/global-hookah.com\/#organization","name":"Global Hookah","url":"https:\/\/global-hookah.com\/","logo":{"@type":"ImageObject","inLanguage":"es","@id":"https:\/\/global-hookah.com\/#\/schema\/logo\/image\/","url":"https:\/\/global-hookah.com\/wp-content\/uploads\/2021\/10\/cropped-fgg.png","contentUrl":"https:\/\/global-hookah.com\/wp-content\/uploads\/2021\/10\/cropped-fgg.png","width":512,"height":512,"caption":"Global Hookah"},"image":{"@id":"https:\/\/global-hookah.com\/#\/schema\/logo\/image\/"}}]}},"_links":{"self":[{"href":"https:\/\/global-hookah.com\/es\/wp-json\/wp\/v2\/product\/20654","targetHints":{"allow":["GET"]}}],"collection":[{"href":"https:\/\/global-hookah.com\/es\/wp-json\/wp\/v2\/product"}],"about":[{"href":"https:\/\/global-hookah.com\/es\/wp-json\/wp\/v2\/types\/product"}],"replies":[{"embeddable":true,"href":"https:\/\/global-hookah.com\/es\/wp-json\/wp\/v2\/comments?post=20654"}],"version-history":[{"count":0,"href":"https:\/\/global-hookah.com\/es\/wp-json\/wp\/v2\/product\/20654\/revisions"}],"wp:featuredmedia":[{"embeddable":true,"href":"https:\/\/global-hookah.com\/es\/wp-json\/wp\/v2\/media\/20683"}],"wp:attachment":[{"href":"https:\/\/global-hookah.com\/es\/wp-json\/wp\/v2\/media?parent=20654"}],"wp:term":[{"taxonomy":"product_brand","embeddable":true,"href":"https:\/\/global-hookah.com\/es\/wp-json\/wp\/v2\/product_brand?post=20654"},{"taxonomy":"product_cat","embeddable":true,"href":"https:\/\/global-hookah.com\/es\/wp-json\/wp\/v2\/product_cat?post=20654"},{"taxonomy":"product_tag","embeddable":true,"href":"https:\/\/global-hookah.com\/es\/wp-json\/wp\/v2\/product_tag?post=20654"}],"curies":[{"name":"wp","href":"https:\/\/api.w.org\/{rel}","templated":true}]}}