{"id":20956,"date":"2024-04-17T11:46:49","date_gmt":"2024-04-17T11:46:49","guid":{"rendered":"https:\/\/global-hookah.com\/product\/custom-pineapple-hookah-pipe\/"},"modified":"2024-04-23T13:15:12","modified_gmt":"2024-04-23T13:15:12","slug":"custom-pineapple-hookah-pipe","status":"publish","type":"product","link":"https:\/\/global-hookah.com\/es\/producto\/custom-pineapple-hookah-pipe\/","title":{"rendered":"Pipa Hookah de pi\u00f1a personalizada"},"content":{"rendered":"<p>&nbsp;<\/p>\n<div class=\"product-specs-list-container\">\n<ul class=\"product-specs-list util-clearfix\">\n<li class=\"product-prop line-limit-length\"><span class=\"property-title\">N\u00famero de modelo:\u00a0<\/span><span class=\"property-desc line-limit-length\">narguile<\/span><\/li>\n<li class=\"product-prop line-limit-length\"><span class=\"property-title\">Forma:\u00a0<\/span><span class=\"property-desc line-limit-length\">Tipo libre<\/span><\/li>\n<li class=\"product-prop line-limit-length\"><span class=\"property-title\">T\u00e9cnica:\u00a0<\/span><span class=\"property-desc line-limit-length\">Laca<\/span><\/li>\n<li class=\"product-prop line-limit-length\"><span class=\"property-title\">Material:\u00a0<\/span><span class=\"property-desc line-limit-length\">RESINA<\/span><\/li>\n<li class=\"product-prop line-limit-length\"><span class=\"property-title\">Origen:\u00a0<\/span><span class=\"property-desc line-limit-length\">China continental<\/span><\/li>\n<li class=\"product-prop line-limit-length\"><span class=\"property-title\">Tipo:\u00a0<\/span><span class=\"property-desc line-limit-length\">Shisha<\/span><\/li>\n<li class=\"product-prop line-limit-length\"><span class=\"property-title\">Altura:\u00a0<\/span><span class=\"property-desc line-limit-length\">35 cm<\/span><\/li>\n<li class=\"product-prop line-limit-length\"><span class=\"property-title\">Embalaje:\u00a0<\/span><span class=\"property-desc line-limit-length\">Caja de algod\u00f3n color perla<\/span><\/li>\n<li class=\"product-prop line-limit-length\"><span class=\"property-title\">Tama\u00f1o de la caja de color:\u00a0<\/span><span class=\"property-desc line-limit-length\">34,5*27*18,6 cm<\/span><\/li>\n<\/ul>\n<\/div>\n<div class=\"detailmodule_text-image\">\n<p style=\"font-size: 16px; font-weight: normal; text-align: left; display: block; width: 100%;\" align=\"left\">Descripci\u00f3n del producto<br \/>\nTipo: Shisha<br \/>\nMaterial: resina artesanal<br \/>\nAltura: 35 cm<br \/>\nEmbalaje: Caja de algod\u00f3n color perla<br \/>\nTama\u00f1o de la caja de color: 34,5*27*18,6 cm<br \/>\nEmbalaje: cuerpo del narguile, bowal de humo, cenicero de carbono, tubo de silicona, mango de aluminio, pinza de carbono, <a href=\"https:\/\/global-hookah.com\/product\/stainless-steel-led-remote-control-lamp-water-cigarette-pot-super-large-smoke-plate-wholesale\/\">Mando a distancia LED<\/a> luz<\/p>\n<div><img decoding=\"async\" class=\"detail-desc-decorate-image\" src=\"https:\/\/ae01.alicdn.com\/kf\/Sa94c87b8904046b9896ad45a89ab2d0d7.jpeg\" \/><img decoding=\"async\" class=\"detail-desc-decorate-image\" src=\"https:\/\/ae01.alicdn.com\/kf\/S8c8de98412f849869c55800a4980c4032.jpeg\" \/><img decoding=\"async\" class=\"detail-desc-decorate-image\" src=\"https:\/\/ae01.alicdn.com\/kf\/S7d4fb326736741ebb2362b4e9690d014U.jpeg\" \/><img decoding=\"async\" class=\"detail-desc-decorate-image\" src=\"https:\/\/ae01.alicdn.com\/kf\/Sd56b39fc896a4c4f9793a083ef7fc8047.jpg\" \/><img decoding=\"async\" class=\"detail-desc-decorate-image\" src=\"https:\/\/ae01.alicdn.com\/kf\/Sa060d910cb3b45c480642bb0051e8e96z.jpg\" \/><img decoding=\"async\" class=\"detail-desc-decorate-image\" src=\"https:\/\/ae01.alicdn.com\/kf\/Sb476ec4e61e7452498ea965037e6e015J.jpg\" \/><img decoding=\"async\" class=\"detail-desc-decorate-image\" src=\"https:\/\/ae01.alicdn.com\/kf\/Sa36c53d989a74b0f9b3a02efb1555c41J.jpg\" \/><img decoding=\"async\" class=\"detail-desc-decorate-image\" src=\"https:\/\/ae01.alicdn.com\/kf\/S1f8ed4abc0c84523b1685f4667a69357T.jpg\" \/><\/div>\n<\/div>\n<div class=\"detailmodule_text-image\">\n<p style=\"color: #ffffff;\">Para narguile<br \/>\nNarghile<br \/>\nCazoleta de narguile<br \/>\n<a href=\"https:\/\/global-hookah.com\/product\/wholesale-hookah-shisha-pipe-with-smoking-accessories\/\">fumar narguile<\/a> boquillas<br \/>\naccesorios para fumadores<br \/>\n<a href=\"https:\/\/global-hookah.com\/product\/2-hoses-glass-hookah-pipe-wholesale\/\">tubo de vidrio<\/a> fumar<br \/>\nhumo electr\u00f3nico<br \/>\nnarguile narguile<br \/>\n<a class=\"wpil_keyword_link\" href=\"https:\/\/global-hookah.com\/product-category\/wholesale-weed-pipes\/\"   title=\"pipa de hierba\" data-wpil-keyword-link=\"linked\">pipa de hierba<\/a><\/p>\n<\/div>\n<p>&nbsp;<\/p>","protected":false},"excerpt":{"rendered":"<p>&nbsp; N\u00famero de modelo: hookah Forma: Tipo Libre Technics: Lacado Material: RESINA Origen: China continental Tipo: Shisha Altura: 35cm Embalaje: Caja de color perla de algod\u00f3n Tama\u00f1o de la caja de color: 34.5*27*18.6cm Descripci\u00f3n del producto<\/p>","protected":false},"featured_media":20957,"comment_status":"closed","ping_status":"closed","template":"","meta":{"iawp_total_views":5,"_joinchat":[]},"product_brand":[],"product_cat":[560,119],"product_tag":[],"class_list":{"0":"post-20956","1":"product","2":"type-product","3":"status-publish","4":"has-post-thumbnail","6":"product_cat-glass-hookah-wholesale","7":"product_cat-wholesale-hookah","9":"first","10":"instock","11":"shipping-taxable","12":"purchasable","13":"product-type-variable"},"yoast_head":"<!-- This site is optimized with the Yoast SEO Premium plugin v24.7 (Yoast SEO v26.8) - https:\/\/yoast.com\/product\/yoast-seo-premium-wordpress\/ -->\n<title>Custom Pineapple Hookah Pipe - Global Hookah<\/title>\n<meta name=\"robots\" content=\"index, follow, max-snippet:-1, max-image-preview:large, max-video-preview:-1\" \/>\n<link rel=\"canonical\" href=\"https:\/\/global-hookah.com\/es\/producto\/custom-pineapple-hookah-pipe\/\" \/>\n<meta property=\"og:locale\" content=\"es_ES\" \/>\n<meta property=\"og:type\" content=\"article\" \/>\n<meta property=\"og:title\" content=\"Custom Pineapple Hookah Pipe\" \/>\n<meta property=\"og:description\" content=\"&nbsp; Model Number:\u00a0hookah Shape:\u00a0Free Type Technics:\u00a0Lacquer Material:\u00a0RESIN Origin:\u00a0Mainland China Type:\u00a0Shisha Height:\u00a035cm Packaging:\u00a0Pearl cotton color box Color box size:\u00a034.5*27*18.6cm Product description\" \/>\n<meta property=\"og:url\" content=\"https:\/\/global-hookah.com\/es\/producto\/custom-pineapple-hookah-pipe\/\" \/>\n<meta property=\"og:site_name\" content=\"Global Hookah\" \/>\n<meta property=\"article:modified_time\" content=\"2024-04-23T13:15:12+00:00\" \/>\n<meta property=\"og:image\" content=\"https:\/\/global-hookah.com\/wp-content\/uploads\/2024\/04\/kf-S271fe84d7b8d47268139b46f72d2326db-Resin-Arabian-Hookah-Smoking-Hooka-Pipe-Complete-Chicha-Narguile-Smoke-Accessories-KTV-Bar-Light-Pineapple-Modeling.webp\" \/>\n\t<meta property=\"og:image:width\" content=\"800\" \/>\n\t<meta property=\"og:image:height\" content=\"800\" \/>\n\t<meta property=\"og:image:type\" content=\"image\/webp\" \/>\n<meta name=\"twitter:card\" content=\"summary_large_image\" \/>\n<meta name=\"twitter:label1\" content=\"Tiempo de lectura\" \/>\n\t<meta name=\"twitter:data1\" content=\"3 minutos\" \/>\n<script type=\"application\/ld+json\" class=\"yoast-schema-graph\">{\"@context\":\"https:\/\/schema.org\",\"@graph\":[{\"@type\":\"WebPage\",\"@id\":\"https:\/\/global-hookah.com\/product\/custom-pineapple-hookah-pipe\/\",\"url\":\"https:\/\/global-hookah.com\/product\/custom-pineapple-hookah-pipe\/\",\"name\":\"Custom Pineapple Hookah Pipe - Global Hookah\",\"isPartOf\":{\"@id\":\"https:\/\/global-hookah.com\/#website\"},\"primaryImageOfPage\":{\"@id\":\"https:\/\/global-hookah.com\/product\/custom-pineapple-hookah-pipe\/#primaryimage\"},\"image\":{\"@id\":\"https:\/\/global-hookah.com\/product\/custom-pineapple-hookah-pipe\/#primaryimage\"},\"thumbnailUrl\":\"https:\/\/global-hookah.com\/wp-content\/uploads\/2024\/04\/kf-S271fe84d7b8d47268139b46f72d2326db-Resin-Arabian-Hookah-Smoking-Hooka-Pipe-Complete-Chicha-Narguile-Smoke-Accessories-KTV-Bar-Light-Pineapple-Modeling.webp\",\"datePublished\":\"2024-04-17T11:46:49+00:00\",\"dateModified\":\"2024-04-23T13:15:12+00:00\",\"breadcrumb\":{\"@id\":\"https:\/\/global-hookah.com\/product\/custom-pineapple-hookah-pipe\/#breadcrumb\"},\"inLanguage\":\"es\",\"potentialAction\":[{\"@type\":\"ReadAction\",\"target\":[\"https:\/\/global-hookah.com\/product\/custom-pineapple-hookah-pipe\/\"]}]},{\"@type\":\"ImageObject\",\"inLanguage\":\"es\",\"@id\":\"https:\/\/global-hookah.com\/product\/custom-pineapple-hookah-pipe\/#primaryimage\",\"url\":\"https:\/\/global-hookah.com\/wp-content\/uploads\/2024\/04\/kf-S271fe84d7b8d47268139b46f72d2326db-Resin-Arabian-Hookah-Smoking-Hooka-Pipe-Complete-Chicha-Narguile-Smoke-Accessories-KTV-Bar-Light-Pineapple-Modeling.webp\",\"contentUrl\":\"https:\/\/global-hookah.com\/wp-content\/uploads\/2024\/04\/kf-S271fe84d7b8d47268139b46f72d2326db-Resin-Arabian-Hookah-Smoking-Hooka-Pipe-Complete-Chicha-Narguile-Smoke-Accessories-KTV-Bar-Light-Pineapple-Modeling.webp\",\"width\":800,\"height\":800,\"caption\":\"Custom Pineapple Hookah Pipe\"},{\"@type\":\"BreadcrumbList\",\"@id\":\"https:\/\/global-hookah.com\/product\/custom-pineapple-hookah-pipe\/#breadcrumb\",\"itemListElement\":[{\"@type\":\"ListItem\",\"position\":1,\"name\":\"Home\",\"item\":\"https:\/\/global-hookah.com\/\"},{\"@type\":\"ListItem\",\"position\":2,\"name\":\"Shop\",\"item\":\"https:\/\/global-hookah.com\/shop\/\"},{\"@type\":\"ListItem\",\"position\":3,\"name\":\"Custom Pineapple Hookah Pipe\"}]},{\"@type\":\"WebSite\",\"@id\":\"https:\/\/global-hookah.com\/#website\",\"url\":\"https:\/\/global-hookah.com\/\",\"name\":\"Global Hookah\",\"description\":\"Global Hookah\",\"publisher\":{\"@id\":\"https:\/\/global-hookah.com\/#organization\"},\"potentialAction\":[{\"@type\":\"SearchAction\",\"target\":{\"@type\":\"EntryPoint\",\"urlTemplate\":\"https:\/\/global-hookah.com\/?s={search_term_string}\"},\"query-input\":{\"@type\":\"PropertyValueSpecification\",\"valueRequired\":true,\"valueName\":\"search_term_string\"}}],\"inLanguage\":\"es\"},{\"@type\":\"Organization\",\"@id\":\"https:\/\/global-hookah.com\/#organization\",\"name\":\"Global Hookah\",\"url\":\"https:\/\/global-hookah.com\/\",\"logo\":{\"@type\":\"ImageObject\",\"inLanguage\":\"es\",\"@id\":\"https:\/\/global-hookah.com\/#\/schema\/logo\/image\/\",\"url\":\"https:\/\/global-hookah.com\/wp-content\/uploads\/2021\/10\/cropped-fgg.png\",\"contentUrl\":\"https:\/\/global-hookah.com\/wp-content\/uploads\/2021\/10\/cropped-fgg.png\",\"width\":512,\"height\":512,\"caption\":\"Global Hookah\"},\"image\":{\"@id\":\"https:\/\/global-hookah.com\/#\/schema\/logo\/image\/\"}}]}<\/script>\n<!-- \/ Yoast SEO Premium plugin. -->","yoast_head_json":{"title":"Pipa Hookah de pi\u00f1a personalizada - Global Hookah","robots":{"index":"index","follow":"follow","max-snippet":"max-snippet:-1","max-image-preview":"max-image-preview:large","max-video-preview":"max-video-preview:-1"},"canonical":"https:\/\/global-hookah.com\/es\/producto\/custom-pineapple-hookah-pipe\/","og_locale":"es_ES","og_type":"article","og_title":"Custom Pineapple Hookah Pipe","og_description":"&nbsp; Model Number:\u00a0hookah Shape:\u00a0Free Type Technics:\u00a0Lacquer Material:\u00a0RESIN Origin:\u00a0Mainland China Type:\u00a0Shisha Height:\u00a035cm Packaging:\u00a0Pearl cotton color box Color box size:\u00a034.5*27*18.6cm Product description","og_url":"https:\/\/global-hookah.com\/es\/producto\/custom-pineapple-hookah-pipe\/","og_site_name":"Global Hookah","article_modified_time":"2024-04-23T13:15:12+00:00","og_image":[{"width":800,"height":800,"url":"https:\/\/global-hookah.com\/wp-content\/uploads\/2024\/04\/kf-S271fe84d7b8d47268139b46f72d2326db-Resin-Arabian-Hookah-Smoking-Hooka-Pipe-Complete-Chicha-Narguile-Smoke-Accessories-KTV-Bar-Light-Pineapple-Modeling.webp","type":"image\/webp"}],"twitter_card":"summary_large_image","twitter_misc":{"Tiempo de lectura":"3 minutos"},"schema":{"@context":"https:\/\/schema.org","@graph":[{"@type":"WebPage","@id":"https:\/\/global-hookah.com\/product\/custom-pineapple-hookah-pipe\/","url":"https:\/\/global-hookah.com\/product\/custom-pineapple-hookah-pipe\/","name":"Pipa Hookah de pi\u00f1a personalizada - Global Hookah","isPartOf":{"@id":"https:\/\/global-hookah.com\/#website"},"primaryImageOfPage":{"@id":"https:\/\/global-hookah.com\/product\/custom-pineapple-hookah-pipe\/#primaryimage"},"image":{"@id":"https:\/\/global-hookah.com\/product\/custom-pineapple-hookah-pipe\/#primaryimage"},"thumbnailUrl":"https:\/\/global-hookah.com\/wp-content\/uploads\/2024\/04\/kf-S271fe84d7b8d47268139b46f72d2326db-Resin-Arabian-Hookah-Smoking-Hooka-Pipe-Complete-Chicha-Narguile-Smoke-Accessories-KTV-Bar-Light-Pineapple-Modeling.webp","datePublished":"2024-04-17T11:46:49+00:00","dateModified":"2024-04-23T13:15:12+00:00","breadcrumb":{"@id":"https:\/\/global-hookah.com\/product\/custom-pineapple-hookah-pipe\/#breadcrumb"},"inLanguage":"es","potentialAction":[{"@type":"ReadAction","target":["https:\/\/global-hookah.com\/product\/custom-pineapple-hookah-pipe\/"]}]},{"@type":"ImageObject","inLanguage":"es","@id":"https:\/\/global-hookah.com\/product\/custom-pineapple-hookah-pipe\/#primaryimage","url":"https:\/\/global-hookah.com\/wp-content\/uploads\/2024\/04\/kf-S271fe84d7b8d47268139b46f72d2326db-Resin-Arabian-Hookah-Smoking-Hooka-Pipe-Complete-Chicha-Narguile-Smoke-Accessories-KTV-Bar-Light-Pineapple-Modeling.webp","contentUrl":"https:\/\/global-hookah.com\/wp-content\/uploads\/2024\/04\/kf-S271fe84d7b8d47268139b46f72d2326db-Resin-Arabian-Hookah-Smoking-Hooka-Pipe-Complete-Chicha-Narguile-Smoke-Accessories-KTV-Bar-Light-Pineapple-Modeling.webp","width":800,"height":800,"caption":"Custom Pineapple Hookah Pipe"},{"@type":"BreadcrumbList","@id":"https:\/\/global-hookah.com\/product\/custom-pineapple-hookah-pipe\/#breadcrumb","itemListElement":[{"@type":"ListItem","position":1,"name":"Home","item":"https:\/\/global-hookah.com\/"},{"@type":"ListItem","position":2,"name":"Shop","item":"https:\/\/global-hookah.com\/shop\/"},{"@type":"ListItem","position":3,"name":"Custom Pineapple Hookah Pipe"}]},{"@type":"WebSite","@id":"https:\/\/global-hookah.com\/#website","url":"https:\/\/global-hookah.com\/","name":"Global Hookah","description":"Global Hookah","publisher":{"@id":"https:\/\/global-hookah.com\/#organization"},"potentialAction":[{"@type":"SearchAction","target":{"@type":"EntryPoint","urlTemplate":"https:\/\/global-hookah.com\/?s={search_term_string}"},"query-input":{"@type":"PropertyValueSpecification","valueRequired":true,"valueName":"search_term_string"}}],"inLanguage":"es"},{"@type":"Organization","@id":"https:\/\/global-hookah.com\/#organization","name":"Global Hookah","url":"https:\/\/global-hookah.com\/","logo":{"@type":"ImageObject","inLanguage":"es","@id":"https:\/\/global-hookah.com\/#\/schema\/logo\/image\/","url":"https:\/\/global-hookah.com\/wp-content\/uploads\/2021\/10\/cropped-fgg.png","contentUrl":"https:\/\/global-hookah.com\/wp-content\/uploads\/2021\/10\/cropped-fgg.png","width":512,"height":512,"caption":"Global Hookah"},"image":{"@id":"https:\/\/global-hookah.com\/#\/schema\/logo\/image\/"}}]}},"_links":{"self":[{"href":"https:\/\/global-hookah.com\/es\/wp-json\/wp\/v2\/product\/20956","targetHints":{"allow":["GET"]}}],"collection":[{"href":"https:\/\/global-hookah.com\/es\/wp-json\/wp\/v2\/product"}],"about":[{"href":"https:\/\/global-hookah.com\/es\/wp-json\/wp\/v2\/types\/product"}],"replies":[{"embeddable":true,"href":"https:\/\/global-hookah.com\/es\/wp-json\/wp\/v2\/comments?post=20956"}],"version-history":[{"count":0,"href":"https:\/\/global-hookah.com\/es\/wp-json\/wp\/v2\/product\/20956\/revisions"}],"wp:featuredmedia":[{"embeddable":true,"href":"https:\/\/global-hookah.com\/es\/wp-json\/wp\/v2\/media\/20957"}],"wp:attachment":[{"href":"https:\/\/global-hookah.com\/es\/wp-json\/wp\/v2\/media?parent=20956"}],"wp:term":[{"taxonomy":"product_brand","embeddable":true,"href":"https:\/\/global-hookah.com\/es\/wp-json\/wp\/v2\/product_brand?post=20956"},{"taxonomy":"product_cat","embeddable":true,"href":"https:\/\/global-hookah.com\/es\/wp-json\/wp\/v2\/product_cat?post=20956"},{"taxonomy":"product_tag","embeddable":true,"href":"https:\/\/global-hookah.com\/es\/wp-json\/wp\/v2\/product_tag?post=20956"}],"curies":[{"name":"wp","href":"https:\/\/api.w.org\/{rel}","templated":true}]}}