{"id":20974,"date":"2024-04-17T11:50:34","date_gmt":"2024-04-17T11:50:34","guid":{"rendered":"https:\/\/global-hookah.com\/product\/bulk-portable-x-style-hookah-shisha-set-with-led-lights\/"},"modified":"2024-04-18T12:28:54","modified_gmt":"2024-04-18T12:28:54","slug":"bulk-portable-x-style-hookah-shisha-set-with-led-lights","status":"publish","type":"product","link":"https:\/\/global-hookah.com\/es\/producto\/bulk-portable-x-style-hookah-shisha-set-with-led-lights\/","title":{"rendered":"Shisha port\u00e1til estilo X con luces LED"},"content":{"rendered":"<div class=\"detailmodule_html\">\n<div class=\"detail-desc-decorate-richtext\">\n<p><strong>Color<\/strong>: 8 colores<br \/>\n<strong>Material<\/strong>: Acr\u00edlico<br \/>\n<strong>Talla<\/strong>: 26cm*24cm*10cm<br \/>\n<strong>Caracter\u00edsticas<\/strong>:<br \/>\nLuz LED <a href=\"https:\/\/global-hookah.com\/\">narguile<\/a><br \/>\nLetra X<br \/>\nDise\u00f1o de superficie reflectante SMD<br \/>\nMulticolor opcional<\/p>\n<p><strong><span style=\"color: #c0392b;\">Nota<\/span><\/strong>: Enviamos sin pilas<\/p>\n<p style=\"text-align: left; margin: 0px;\" align=\"left\"><img decoding=\"async\" src=\"https:\/\/ae01.alicdn.com\/kf\/S17a5c145d3ed4f42bfc56abadf06d666o.jpg?width=1000&amp;height=1000&amp;hash=2000\" \/><img decoding=\"async\" src=\"https:\/\/ae01.alicdn.com\/kf\/S4558d2f4795c4db28c40c56cb563bc3a9.jpg?width=1000&amp;height=1000&amp;hash=2000\" \/><img decoding=\"async\" src=\"https:\/\/ae01.alicdn.com\/kf\/S0d618ddfd63f4ec184974acd100989e6o.jpg?width=1000&amp;height=1000&amp;hash=2000\" \/><img decoding=\"async\" src=\"https:\/\/ae01.alicdn.com\/kf\/S9eb5f3b6da07423db6be2fc23298ce701.jpg?width=1000&amp;height=1000&amp;hash=2000\" \/><img decoding=\"async\" src=\"https:\/\/ae01.alicdn.com\/kf\/S8dafef8f97bb4132a75bb6fae59ee26cx.jpg?width=1000&amp;height=1000&amp;hash=2000\" \/><img decoding=\"async\" src=\"https:\/\/ae01.alicdn.com\/kf\/Sa38da243b31a4ebcb8cdbf08229f9090W.jpg?width=1000&amp;height=1000&amp;hash=2000\" \/><img decoding=\"async\" src=\"https:\/\/ae01.alicdn.com\/kf\/S9ccd7f2b5d22448a8e16e5007248567eS.jpg?width=1000&amp;height=1000&amp;hash=2000\" \/><img decoding=\"async\" src=\"https:\/\/ae01.alicdn.com\/kf\/S0374065f32f94f4489b774669fc1f1ffx.jpg?width=1000&amp;height=1000&amp;hash=2000\" \/><img decoding=\"async\" src=\"https:\/\/ae01.alicdn.com\/kf\/Scc6ab950b24944dc93eb7a862defd978h.jpg?width=1000&amp;height=1000&amp;hash=2000\" \/><img decoding=\"async\" src=\"https:\/\/ae01.alicdn.com\/kf\/S0411be69bba449339b2ec03bfa266887X.jpg?width=1000&amp;height=1000&amp;hash=2000\" \/><img decoding=\"async\" src=\"https:\/\/ae01.alicdn.com\/kf\/Se9d69fbfa28e4052aa21618bde028129c.jpg?width=1000&amp;height=1000&amp;hash=2000\" \/><img decoding=\"async\" src=\"https:\/\/ae01.alicdn.com\/kf\/S389f9162e32c40d4a2c208407720edcar.jpg?width=1000&amp;height=1000&amp;hash=2000\" \/><img decoding=\"async\" src=\"https:\/\/ae01.alicdn.com\/kf\/Sbb9d26fc0a204000b0117df91e77a66dU.jpg?width=1000&amp;height=1000&amp;hash=2000\" \/><img decoding=\"async\" src=\"https:\/\/ae01.alicdn.com\/kf\/Sb54d0cf509dd4619ad8fadcdce09573cz.jpg?width=1000&amp;height=1000&amp;hash=2000\" \/><img decoding=\"async\" src=\"https:\/\/ae01.alicdn.com\/kf\/S1910f4669b0e4b00a9803fa87061acd2o.jpg?width=1000&amp;height=1000&amp;hash=2000\" \/><\/p>\n<p style=\"font-family: 'Open Sans', Roboto, Arial, Helvetica, sans-serif, SimSun; font-size: 14px; font-weight: 400; letter-spacing: normal; line-height: inherit; text-align: start; white-space: normal; color: #222222; background-color: #ffffff; margin: 0px; padding: 0px; box-sizing: border-box;\" align=\"start\"><img decoding=\"async\" style=\"border: 0px; margin: 0px; padding: 0px; max-width: 100%; box-sizing: border-box;\" src=\"https:\/\/ae01.alicdn.com\/kf\/Sab5eed286e0d4e269e53af24cee4ff53n.jpg?width=800&amp;height=683&amp;hash=1483\" \/><\/p>\n<p>&nbsp;<\/p>\n<\/div>\n<\/div>","protected":false},"excerpt":{"rendered":"<p>Color: 8 colores Material: Acr\u00edlico Tama\u00f1o: 26cm*24cm*10cm Caracter\u00edsticas: Luz LED hookah X forma de letra SMD dise\u00f1o de la superficie reflectante Multi-color opcional<\/p>","protected":false},"featured_media":20975,"comment_status":"closed","ping_status":"closed","template":"","meta":{"iawp_total_views":18,"_joinchat":[]},"product_brand":[],"product_cat":[559],"product_tag":[],"class_list":{"0":"post-20974","1":"product","2":"type-product","3":"status-publish","4":"has-post-thumbnail","6":"product_cat-portable-hookah-wholesale","8":"first","9":"instock","10":"shipping-taxable","11":"product-type-external"},"yoast_head":"<!-- This site is optimized with the Yoast SEO Premium plugin v24.7 (Yoast SEO v26.8) - https:\/\/yoast.com\/product\/yoast-seo-premium-wordpress\/ -->\n<title>Bulk Portable X Style Hookah Shisha Set with LED Lights - Global Hookah<\/title>\n<meta name=\"robots\" content=\"index, follow, max-snippet:-1, max-image-preview:large, max-video-preview:-1\" \/>\n<link rel=\"canonical\" href=\"https:\/\/global-hookah.com\/es\/producto\/bulk-portable-x-style-hookah-shisha-set-with-led-lights\/\" \/>\n<meta property=\"og:locale\" content=\"es_ES\" \/>\n<meta property=\"og:type\" content=\"article\" \/>\n<meta property=\"og:title\" content=\"Bulk Portable X Style Hookah Shisha Set with LED Lights\" \/>\n<meta property=\"og:description\" content=\"Color: 8 colors Material: Acrylic Size: 26cm*24cm*10cm Features: LED light hookah X letter shape SMD reflective surface design Multi-color optional\" \/>\n<meta property=\"og:url\" content=\"https:\/\/global-hookah.com\/es\/producto\/bulk-portable-x-style-hookah-shisha-set-with-led-lights\/\" \/>\n<meta property=\"og:site_name\" content=\"Global Hookah\" \/>\n<meta property=\"article:modified_time\" content=\"2024-04-18T12:28:54+00:00\" \/>\n<meta property=\"og:image\" content=\"https:\/\/global-hookah.com\/wp-content\/uploads\/2024\/04\/kf-S5b58aa3ae90d47d09ebb1a9ea8e006ddc-Portable-X-Style-Hookah-Shisha-Set-with-LED-Lights-Charcoal-Holder-Smoking-Pipe-Narguile-Complete-Kit.webp\" \/>\n\t<meta property=\"og:image:width\" content=\"800\" \/>\n\t<meta property=\"og:image:height\" content=\"800\" \/>\n\t<meta property=\"og:image:type\" content=\"image\/webp\" \/>\n<meta name=\"twitter:card\" content=\"summary_large_image\" \/>\n<meta name=\"twitter:label1\" content=\"Tiempo de lectura\" \/>\n\t<meta name=\"twitter:data1\" content=\"4 minutos\" \/>\n<script type=\"application\/ld+json\" class=\"yoast-schema-graph\">{\"@context\":\"https:\/\/schema.org\",\"@graph\":[{\"@type\":\"WebPage\",\"@id\":\"https:\/\/global-hookah.com\/product\/bulk-portable-x-style-hookah-shisha-set-with-led-lights\/\",\"url\":\"https:\/\/global-hookah.com\/product\/bulk-portable-x-style-hookah-shisha-set-with-led-lights\/\",\"name\":\"Bulk Portable X Style Hookah Shisha Set with LED Lights - Global Hookah\",\"isPartOf\":{\"@id\":\"https:\/\/global-hookah.com\/#website\"},\"primaryImageOfPage\":{\"@id\":\"https:\/\/global-hookah.com\/product\/bulk-portable-x-style-hookah-shisha-set-with-led-lights\/#primaryimage\"},\"image\":{\"@id\":\"https:\/\/global-hookah.com\/product\/bulk-portable-x-style-hookah-shisha-set-with-led-lights\/#primaryimage\"},\"thumbnailUrl\":\"https:\/\/global-hookah.com\/wp-content\/uploads\/2024\/04\/kf-S5b58aa3ae90d47d09ebb1a9ea8e006ddc-Portable-X-Style-Hookah-Shisha-Set-with-LED-Lights-Charcoal-Holder-Smoking-Pipe-Narguile-Complete-Kit.webp\",\"datePublished\":\"2024-04-17T11:50:34+00:00\",\"dateModified\":\"2024-04-18T12:28:54+00:00\",\"breadcrumb\":{\"@id\":\"https:\/\/global-hookah.com\/product\/bulk-portable-x-style-hookah-shisha-set-with-led-lights\/#breadcrumb\"},\"inLanguage\":\"es\",\"potentialAction\":[{\"@type\":\"ReadAction\",\"target\":[\"https:\/\/global-hookah.com\/product\/bulk-portable-x-style-hookah-shisha-set-with-led-lights\/\"]}]},{\"@type\":\"ImageObject\",\"inLanguage\":\"es\",\"@id\":\"https:\/\/global-hookah.com\/product\/bulk-portable-x-style-hookah-shisha-set-with-led-lights\/#primaryimage\",\"url\":\"https:\/\/global-hookah.com\/wp-content\/uploads\/2024\/04\/kf-S5b58aa3ae90d47d09ebb1a9ea8e006ddc-Portable-X-Style-Hookah-Shisha-Set-with-LED-Lights-Charcoal-Holder-Smoking-Pipe-Narguile-Complete-Kit.webp\",\"contentUrl\":\"https:\/\/global-hookah.com\/wp-content\/uploads\/2024\/04\/kf-S5b58aa3ae90d47d09ebb1a9ea8e006ddc-Portable-X-Style-Hookah-Shisha-Set-with-LED-Lights-Charcoal-Holder-Smoking-Pipe-Narguile-Complete-Kit.webp\",\"width\":800,\"height\":800,\"caption\":\"Bulk Portable X Style Hookah Shisha Set with LED Lights\"},{\"@type\":\"BreadcrumbList\",\"@id\":\"https:\/\/global-hookah.com\/product\/bulk-portable-x-style-hookah-shisha-set-with-led-lights\/#breadcrumb\",\"itemListElement\":[{\"@type\":\"ListItem\",\"position\":1,\"name\":\"Home\",\"item\":\"https:\/\/global-hookah.com\/\"},{\"@type\":\"ListItem\",\"position\":2,\"name\":\"Shop\",\"item\":\"https:\/\/global-hookah.com\/shop\/\"},{\"@type\":\"ListItem\",\"position\":3,\"name\":\"Bulk Portable X Style Hookah Shisha Set with LED Lights\"}]},{\"@type\":\"WebSite\",\"@id\":\"https:\/\/global-hookah.com\/#website\",\"url\":\"https:\/\/global-hookah.com\/\",\"name\":\"Global Hookah\",\"description\":\"Global Hookah\",\"publisher\":{\"@id\":\"https:\/\/global-hookah.com\/#organization\"},\"potentialAction\":[{\"@type\":\"SearchAction\",\"target\":{\"@type\":\"EntryPoint\",\"urlTemplate\":\"https:\/\/global-hookah.com\/?s={search_term_string}\"},\"query-input\":{\"@type\":\"PropertyValueSpecification\",\"valueRequired\":true,\"valueName\":\"search_term_string\"}}],\"inLanguage\":\"es\"},{\"@type\":\"Organization\",\"@id\":\"https:\/\/global-hookah.com\/#organization\",\"name\":\"Global Hookah\",\"url\":\"https:\/\/global-hookah.com\/\",\"logo\":{\"@type\":\"ImageObject\",\"inLanguage\":\"es\",\"@id\":\"https:\/\/global-hookah.com\/#\/schema\/logo\/image\/\",\"url\":\"https:\/\/global-hookah.com\/wp-content\/uploads\/2021\/10\/cropped-fgg.png\",\"contentUrl\":\"https:\/\/global-hookah.com\/wp-content\/uploads\/2021\/10\/cropped-fgg.png\",\"width\":512,\"height\":512,\"caption\":\"Global Hookah\"},\"image\":{\"@id\":\"https:\/\/global-hookah.com\/#\/schema\/logo\/image\/\"}}]}<\/script>\n<!-- \/ Yoast SEO Premium plugin. -->","yoast_head_json":{"title":"Shisha port\u00e1til a granel estilo X con luces LED - Global Hookah","robots":{"index":"index","follow":"follow","max-snippet":"max-snippet:-1","max-image-preview":"max-image-preview:large","max-video-preview":"max-video-preview:-1"},"canonical":"https:\/\/global-hookah.com\/es\/producto\/bulk-portable-x-style-hookah-shisha-set-with-led-lights\/","og_locale":"es_ES","og_type":"article","og_title":"Bulk Portable X Style Hookah Shisha Set with LED Lights","og_description":"Color: 8 colors Material: Acrylic Size: 26cm*24cm*10cm Features: LED light hookah X letter shape SMD reflective surface design Multi-color optional","og_url":"https:\/\/global-hookah.com\/es\/producto\/bulk-portable-x-style-hookah-shisha-set-with-led-lights\/","og_site_name":"Global Hookah","article_modified_time":"2024-04-18T12:28:54+00:00","og_image":[{"width":800,"height":800,"url":"https:\/\/global-hookah.com\/wp-content\/uploads\/2024\/04\/kf-S5b58aa3ae90d47d09ebb1a9ea8e006ddc-Portable-X-Style-Hookah-Shisha-Set-with-LED-Lights-Charcoal-Holder-Smoking-Pipe-Narguile-Complete-Kit.webp","type":"image\/webp"}],"twitter_card":"summary_large_image","twitter_misc":{"Tiempo de lectura":"4 minutos"},"schema":{"@context":"https:\/\/schema.org","@graph":[{"@type":"WebPage","@id":"https:\/\/global-hookah.com\/product\/bulk-portable-x-style-hookah-shisha-set-with-led-lights\/","url":"https:\/\/global-hookah.com\/product\/bulk-portable-x-style-hookah-shisha-set-with-led-lights\/","name":"Shisha port\u00e1til a granel estilo X con luces LED - Global Hookah","isPartOf":{"@id":"https:\/\/global-hookah.com\/#website"},"primaryImageOfPage":{"@id":"https:\/\/global-hookah.com\/product\/bulk-portable-x-style-hookah-shisha-set-with-led-lights\/#primaryimage"},"image":{"@id":"https:\/\/global-hookah.com\/product\/bulk-portable-x-style-hookah-shisha-set-with-led-lights\/#primaryimage"},"thumbnailUrl":"https:\/\/global-hookah.com\/wp-content\/uploads\/2024\/04\/kf-S5b58aa3ae90d47d09ebb1a9ea8e006ddc-Portable-X-Style-Hookah-Shisha-Set-with-LED-Lights-Charcoal-Holder-Smoking-Pipe-Narguile-Complete-Kit.webp","datePublished":"2024-04-17T11:50:34+00:00","dateModified":"2024-04-18T12:28:54+00:00","breadcrumb":{"@id":"https:\/\/global-hookah.com\/product\/bulk-portable-x-style-hookah-shisha-set-with-led-lights\/#breadcrumb"},"inLanguage":"es","potentialAction":[{"@type":"ReadAction","target":["https:\/\/global-hookah.com\/product\/bulk-portable-x-style-hookah-shisha-set-with-led-lights\/"]}]},{"@type":"ImageObject","inLanguage":"es","@id":"https:\/\/global-hookah.com\/product\/bulk-portable-x-style-hookah-shisha-set-with-led-lights\/#primaryimage","url":"https:\/\/global-hookah.com\/wp-content\/uploads\/2024\/04\/kf-S5b58aa3ae90d47d09ebb1a9ea8e006ddc-Portable-X-Style-Hookah-Shisha-Set-with-LED-Lights-Charcoal-Holder-Smoking-Pipe-Narguile-Complete-Kit.webp","contentUrl":"https:\/\/global-hookah.com\/wp-content\/uploads\/2024\/04\/kf-S5b58aa3ae90d47d09ebb1a9ea8e006ddc-Portable-X-Style-Hookah-Shisha-Set-with-LED-Lights-Charcoal-Holder-Smoking-Pipe-Narguile-Complete-Kit.webp","width":800,"height":800,"caption":"Bulk Portable X Style Hookah Shisha Set with LED Lights"},{"@type":"BreadcrumbList","@id":"https:\/\/global-hookah.com\/product\/bulk-portable-x-style-hookah-shisha-set-with-led-lights\/#breadcrumb","itemListElement":[{"@type":"ListItem","position":1,"name":"Home","item":"https:\/\/global-hookah.com\/"},{"@type":"ListItem","position":2,"name":"Shop","item":"https:\/\/global-hookah.com\/shop\/"},{"@type":"ListItem","position":3,"name":"Bulk Portable X Style Hookah Shisha Set with LED Lights"}]},{"@type":"WebSite","@id":"https:\/\/global-hookah.com\/#website","url":"https:\/\/global-hookah.com\/","name":"Global Hookah","description":"Global Hookah","publisher":{"@id":"https:\/\/global-hookah.com\/#organization"},"potentialAction":[{"@type":"SearchAction","target":{"@type":"EntryPoint","urlTemplate":"https:\/\/global-hookah.com\/?s={search_term_string}"},"query-input":{"@type":"PropertyValueSpecification","valueRequired":true,"valueName":"search_term_string"}}],"inLanguage":"es"},{"@type":"Organization","@id":"https:\/\/global-hookah.com\/#organization","name":"Global Hookah","url":"https:\/\/global-hookah.com\/","logo":{"@type":"ImageObject","inLanguage":"es","@id":"https:\/\/global-hookah.com\/#\/schema\/logo\/image\/","url":"https:\/\/global-hookah.com\/wp-content\/uploads\/2021\/10\/cropped-fgg.png","contentUrl":"https:\/\/global-hookah.com\/wp-content\/uploads\/2021\/10\/cropped-fgg.png","width":512,"height":512,"caption":"Global Hookah"},"image":{"@id":"https:\/\/global-hookah.com\/#\/schema\/logo\/image\/"}}]}},"_links":{"self":[{"href":"https:\/\/global-hookah.com\/es\/wp-json\/wp\/v2\/product\/20974","targetHints":{"allow":["GET"]}}],"collection":[{"href":"https:\/\/global-hookah.com\/es\/wp-json\/wp\/v2\/product"}],"about":[{"href":"https:\/\/global-hookah.com\/es\/wp-json\/wp\/v2\/types\/product"}],"replies":[{"embeddable":true,"href":"https:\/\/global-hookah.com\/es\/wp-json\/wp\/v2\/comments?post=20974"}],"version-history":[{"count":0,"href":"https:\/\/global-hookah.com\/es\/wp-json\/wp\/v2\/product\/20974\/revisions"}],"wp:featuredmedia":[{"embeddable":true,"href":"https:\/\/global-hookah.com\/es\/wp-json\/wp\/v2\/media\/20975"}],"wp:attachment":[{"href":"https:\/\/global-hookah.com\/es\/wp-json\/wp\/v2\/media?parent=20974"}],"wp:term":[{"taxonomy":"product_brand","embeddable":true,"href":"https:\/\/global-hookah.com\/es\/wp-json\/wp\/v2\/product_brand?post=20974"},{"taxonomy":"product_cat","embeddable":true,"href":"https:\/\/global-hookah.com\/es\/wp-json\/wp\/v2\/product_cat?post=20974"},{"taxonomy":"product_tag","embeddable":true,"href":"https:\/\/global-hookah.com\/es\/wp-json\/wp\/v2\/product_tag?post=20974"}],"curies":[{"name":"wp","href":"https:\/\/api.w.org\/{rel}","templated":true}]}}