{"id":21192,"date":"2024-04-19T08:26:45","date_gmt":"2024-04-19T08:26:45","guid":{"rendered":"https:\/\/global-hookah.com\/product\/1-6m-green-acrylic-hookah-hose-wholesale\/"},"modified":"2024-04-19T08:26:51","modified_gmt":"2024-04-19T08:26:51","slug":"1-6m-green-acrylic-hookah-hose-wholesale","status":"publish","type":"product","link":"https:\/\/global-hookah.com\/es\/producto\/1-6m-green-acrylic-hookah-hose-wholesale\/","title":{"rendered":"Manguera acr\u00edlica verde para narguile de 1,6 m al por mayor"},"content":{"rendered":"<div class=\"product-specs-list-container\">\n<ul class=\"product-specs-list util-clearfix\">\n<li class=\"product-prop line-limit-length\"><span\n\t\t\t\t\t\t\t\t\tclass=\"property-title\">Forma:&nbsp;<\/span><span\n\t\t\t\t\t\t\t\t\tclass=\"property-desc line-limit-length\">Tipo recto<\/span>\n\t\t\t\t\t\t<\/li>\n<li class=\"product-prop line-limit-length\"><span\n\t\t\t\t\t\t\t\t\tclass=\"property-title\">T\u00e9cnica:&nbsp;<\/span><span\n\t\t\t\t\t\t\t\t\tclass=\"property-desc line-limit-length\">ESPEJO<\/span>\n\t\t\t\t\t\t<\/li>\n<li class=\"product-prop line-limit-length\"><span\n\t\t\t\t\t\t\t\t\tclass=\"property-title\">Marca:&nbsp;<\/span><span\n\t\t\t\t\t\t\t\t\tclass=\"property-desc line-limit-length\">LOMINT<\/span>\n\t\t\t\t\t\t<\/li>\n<li class=\"product-prop line-limit-length\"><span\n\t\t\t\t\t\t\t\t\tclass=\"property-title\">Origen:&nbsp;<\/span><span\n\t\t\t\t\t\t\t\t\tclass=\"property-desc line-limit-length\">China continental<\/span>\n\t\t\t\t\t\t<\/li>\n<li class=\"product-prop line-limit-length\"><span\n\t\t\t\t\t\t\t\t\tclass=\"property-title\">Art\u00edculo NO:&nbsp;<\/span><span\n\t\t\t\t\t\t\t\t\tclass=\"property-desc line-limit-length\">SH502<\/span>\n\t\t\t\t\t\t<\/li>\n<li class=\"product-prop line-limit-length\"><span\n\t\t\t\t\t\t\t\t\tclass=\"property-title\">is_customized:&nbsp;<\/span><span\n\t\t\t\t\t\t\t\t\tclass=\"property-desc line-limit-length\">S\u00ed<\/span>\n\t\t\t\t\t\t<\/li>\n<li class=\"product-prop line-limit-length\"><span\n\t\t\t\t\t\t\t\t\tclass=\"property-title\">Material:&nbsp;<\/span><span\n\t\t\t\t\t\t\t\t\tclass=\"property-desc line-limit-length\">Acr\u00edlico y pl\u00e1stico<\/span>\n\t\t\t\t\t\t<\/li>\n<\/ul><\/div>\n<p><span style=\"color:rgb(0, 0, 0)\"><span style=\"font-size:18px\"><strong>1.6m Acr\u00edlico y Pl\u00e1stico Shisha Manguera Para Hookah \/Tubo de Agua\/Sheesha\/Chicha\/Narguile Accesorios SH502<\/strong><\/span><\/span><\/p>\n<p><kse:widget data-widget-type=\"customText\" id=\"31864029\" type=\"undefined\"><\/kse:widget><\/p>\n<p><img decoding=\"async\" src=\"https:\/\/ae01.alicdn.com\/kf\/HTB17QI5KVXXXXX0XpXXq6xXFXXXv\/228475821\/HTB17QI5KVXXXXX0XpXXq6xXFXXXv.jpg?size=63845&amp;height=650&amp;width=950&amp;hash=3d4ddd8a2ffa070b5a4c9e0796fd003d\" slate-data-type=\"image\"\/><img decoding=\"async\" src=\"https:\/\/ae01.alicdn.com\/kf\/HTB1E8AQKVXXXXbmXVXXq6xXFXXXb\/228475821\/HTB1E8AQKVXXXXbmXVXXq6xXFXXXb.jpg?size=39755&amp;height=650&amp;width=950&amp;hash=ec68376378fcb320202af6b97d0f0e2b\" slate-data-type=\"image\"\/><img decoding=\"async\" src=\"https:\/\/ae01.alicdn.com\/kf\/HTB1N6sUKVXXXXc0XFXXq6xXFXXX5\/228475821\/HTB1N6sUKVXXXXc0XFXXq6xXFXXX5.jpg?size=54583&amp;height=650&amp;width=950&amp;hash=843ec0db3e7d83a5b53edea3e32ab6f3\" slate-data-type=\"image\"\/><img decoding=\"async\" src=\"https:\/\/ae01.alicdn.com\/kf\/HTB1bCZWKVXXXXb3XFXXq6xXFXXXH\/228475821\/HTB1bCZWKVXXXXb3XFXXq6xXFXXXH.jpg?size=60948&amp;height=650&amp;width=950&amp;hash=c8f6b0d7b528bf927b99dfc120e6b83e\" slate-data-type=\"image\"\/><img decoding=\"async\" src=\"https:\/\/ae01.alicdn.com\/kf\/HTB1JuMRKVXXXXXRXVXXq6xXFXXXS\/228475821\/HTB1JuMRKVXXXXXRXVXXq6xXFXXXS.jpg?size=54888&amp;height=650&amp;width=950&amp;hash=82e53bc2b7878507848bd6ee5a3383b7\" slate-data-type=\"image\"\/><img decoding=\"async\" src=\"https:\/\/ae01.alicdn.com\/kf\/HTB1f638KVXXXXXBXpXXq6xXFXXXK\/228475821\/HTB1f638KVXXXXXBXpXXq6xXFXXXK.jpg?size=40186&amp;height=650&amp;width=950&amp;hash=1784f81924ef88692c02c86e90a72726\" slate-data-type=\"image\"\/><img decoding=\"async\" src=\"https:\/\/ae01.alicdn.com\/kf\/HTB1xQMHKVXXXXXMapXXq6xXFXXXx\/228475821\/HTB1xQMHKVXXXXXMapXXq6xXFXXXx.jpg?size=49854&amp;height=650&amp;width=950&amp;hash=75a52f01d16ae4622e4fa23e37cee258\" slate-data-type=\"image\"\/><img decoding=\"async\" src=\"https:\/\/ae01.alicdn.com\/kf\/HTB1IWARKVXXXXbaXVXXq6xXFXXXV\/228475821\/HTB1IWARKVXXXXbaXVXXq6xXFXXXV.jpg?size=52723&amp;height=650&amp;width=950&amp;hash=a7b8a32c30c03156dda5968e908e8ec9\" slate-data-type=\"image\"\/><img decoding=\"async\" src=\"https:\/\/ae01.alicdn.com\/kf\/HTB1G3oBKVXXXXapaFXXq6xXFXXXC\/228475821\/HTB1G3oBKVXXXXapaFXXq6xXFXXXC.jpg?size=61413&amp;height=650&amp;width=950&amp;hash=cc894ea9a8182bcf993a960f764d2f8e\" slate-data-type=\"image\"\/><\/p>\n<p><span style=\"font-size:16px\"><span style=\"background-color:rgb(255, 255, 0)\"><strong>Nota:<\/strong><\/span><\/span><span style=\"font-size:16px\"><span style=\"background-color:rgb(255, 255, 0)\"> \u00a1Debido a la diferencia entre diferentes monitores, la imagen puede no reflejar el color real del item.We garant\u00eda es el mismo producto que se muestra en el pictures.Thank usted!\u00a0<\/span><\/span><\/p>\n<div><span style=\"font-size:16px\"><span style=\"background-color:rgb(255, 255, 0)\">Saludos cordiales.<\/span><\/span><\/div>\n<div><img fetchpriority=\"high\" decoding=\"async\" width=\"1000\" height=\"393\" src=\"https:\/\/ae01.alicdn.com\/kf\/HTB1aOzpKFXXXXaDXVXXq6xXFXXXq\/228475821\/HTB1aOzpKFXXXXaDXVXXq6xXFXXXq.jpg\" slate-data-type=\"image\"\/><img decoding=\"async\" width=\"1000\" height=\"297\" src=\"https:\/\/ae01.alicdn.com\/kf\/HTB1HSbMKFXXXXXqXXXXq6xXFXXXP\/228475821\/HTB1HSbMKFXXXXXqXXXXq6xXFXXXP.jpg\" slate-data-type=\"image\"\/><img decoding=\"async\" width=\"1000\" height=\"493\" src=\"https:\/\/ae01.alicdn.com\/kf\/HTB1HSzrKFXXXXagXVXXq6xXFXXX0\/228475821\/HTB1HSzrKFXXXXagXVXXq6xXFXXX0.jpg\" slate-data-type=\"image\"\/><\/div>\n<div><img loading=\"lazy\" decoding=\"async\" width=\"1000\" height=\"151\" src=\"https:\/\/ae01.alicdn.com\/kf\/HTB1HfYAKFXXXXb9XpXXq6xXFXXXm\/228475821\/HTB1HfYAKFXXXXb9XpXXq6xXFXXXm.jpg\" slate-data-type=\"image\"\/><\/div>\n<p>  <\/p>","protected":false},"excerpt":{"rendered":"<p>Forma: Tipo recto T\u00e9cnicas: ESPEJO Marca: LOMINT Origen: China continental Art\u00edculo NO: SH502 is_customized: S\u00ed Material: Acr\u00edlico y pl\u00e1stico 1,6 m de acr\u00edlico y pl\u00e1stico Shisha manguera para<\/p>","protected":false},"featured_media":21193,"comment_status":"","ping_status":"closed","template":"","meta":{"iawp_total_views":0,"_joinchat":[]},"product_brand":[],"product_cat":[644],"product_tag":[],"class_list":{"0":"post-21192","1":"product","2":"type-product","3":"status-publish","4":"has-post-thumbnail","6":"product_cat-hookah-hose-wholesale","8":"first","9":"instock","10":"shipping-taxable","11":"purchasable","12":"product-type-variable"},"yoast_head":"<!-- This site is optimized with the Yoast SEO Premium plugin v24.7 (Yoast SEO v26.8) - https:\/\/yoast.com\/product\/yoast-seo-premium-wordpress\/ -->\n<title>1.6m Green Acrylic Hookah Hose Wholesale - Global Hookah<\/title>\n<meta name=\"robots\" content=\"index, follow, max-snippet:-1, max-image-preview:large, max-video-preview:-1\" \/>\n<link rel=\"canonical\" href=\"https:\/\/global-hookah.com\/es\/producto\/1-6m-green-acrylic-hookah-hose-wholesale\/\" \/>\n<meta property=\"og:locale\" content=\"es_ES\" \/>\n<meta property=\"og:type\" content=\"article\" \/>\n<meta property=\"og:title\" content=\"1.6m Green Acrylic Hookah Hose Wholesale\" \/>\n<meta property=\"og:description\" content=\"Shape:&nbsp;Straight Type Technics:&nbsp;MIRROR Brand Name:&nbsp;LOMINT Origin:&nbsp;Mainland China Item NO:&nbsp;SH502 is_customized:&nbsp;Yes Material:&nbsp;Acrylic &amp; Plastic 1.6m Acrylic &amp; Plastic Shisha Hose For\" \/>\n<meta property=\"og:url\" content=\"https:\/\/global-hookah.com\/es\/producto\/1-6m-green-acrylic-hookah-hose-wholesale\/\" \/>\n<meta property=\"og:site_name\" content=\"Global Hookah\" \/>\n<meta property=\"article:modified_time\" content=\"2024-04-19T08:26:51+00:00\" \/>\n<meta property=\"og:image\" content=\"https:\/\/global-hookah.com\/wp-content\/uploads\/2024\/04\/kf-HTB1rT8XLXXXXXXdXpXXq6xXFXXXq-1-6m-Acrylic-Plastic-Shisha-Hose-For-Hookah-Water-Pipe-Sheesha-Chicha-Narguile-Accessories-SH502.webp\" \/>\n\t<meta property=\"og:image:width\" content=\"800\" \/>\n\t<meta property=\"og:image:height\" content=\"800\" \/>\n\t<meta property=\"og:image:type\" content=\"image\/webp\" \/>\n<meta name=\"twitter:card\" content=\"summary_large_image\" \/>\n<script type=\"application\/ld+json\" class=\"yoast-schema-graph\">{\"@context\":\"https:\/\/schema.org\",\"@graph\":[{\"@type\":\"WebPage\",\"@id\":\"https:\/\/global-hookah.com\/product\/1-6m-green-acrylic-hookah-hose-wholesale\/\",\"url\":\"https:\/\/global-hookah.com\/product\/1-6m-green-acrylic-hookah-hose-wholesale\/\",\"name\":\"1.6m Green Acrylic Hookah Hose Wholesale - Global Hookah\",\"isPartOf\":{\"@id\":\"https:\/\/global-hookah.com\/#website\"},\"primaryImageOfPage\":{\"@id\":\"https:\/\/global-hookah.com\/product\/1-6m-green-acrylic-hookah-hose-wholesale\/#primaryimage\"},\"image\":{\"@id\":\"https:\/\/global-hookah.com\/product\/1-6m-green-acrylic-hookah-hose-wholesale\/#primaryimage\"},\"thumbnailUrl\":\"https:\/\/global-hookah.com\/wp-content\/uploads\/2024\/04\/kf-HTB1rT8XLXXXXXXdXpXXq6xXFXXXq-1-6m-Acrylic-Plastic-Shisha-Hose-For-Hookah-Water-Pipe-Sheesha-Chicha-Narguile-Accessories-SH502.webp\",\"datePublished\":\"2024-04-19T08:26:45+00:00\",\"dateModified\":\"2024-04-19T08:26:51+00:00\",\"breadcrumb\":{\"@id\":\"https:\/\/global-hookah.com\/product\/1-6m-green-acrylic-hookah-hose-wholesale\/#breadcrumb\"},\"inLanguage\":\"es\",\"potentialAction\":[{\"@type\":\"ReadAction\",\"target\":[\"https:\/\/global-hookah.com\/product\/1-6m-green-acrylic-hookah-hose-wholesale\/\"]}]},{\"@type\":\"ImageObject\",\"inLanguage\":\"es\",\"@id\":\"https:\/\/global-hookah.com\/product\/1-6m-green-acrylic-hookah-hose-wholesale\/#primaryimage\",\"url\":\"https:\/\/global-hookah.com\/wp-content\/uploads\/2024\/04\/kf-HTB1rT8XLXXXXXXdXpXXq6xXFXXXq-1-6m-Acrylic-Plastic-Shisha-Hose-For-Hookah-Water-Pipe-Sheesha-Chicha-Narguile-Accessories-SH502.webp\",\"contentUrl\":\"https:\/\/global-hookah.com\/wp-content\/uploads\/2024\/04\/kf-HTB1rT8XLXXXXXXdXpXXq6xXFXXXq-1-6m-Acrylic-Plastic-Shisha-Hose-For-Hookah-Water-Pipe-Sheesha-Chicha-Narguile-Accessories-SH502.webp\",\"width\":800,\"height\":800},{\"@type\":\"BreadcrumbList\",\"@id\":\"https:\/\/global-hookah.com\/product\/1-6m-green-acrylic-hookah-hose-wholesale\/#breadcrumb\",\"itemListElement\":[{\"@type\":\"ListItem\",\"position\":1,\"name\":\"Home\",\"item\":\"https:\/\/global-hookah.com\/\"},{\"@type\":\"ListItem\",\"position\":2,\"name\":\"Shop\",\"item\":\"https:\/\/global-hookah.com\/shop\/\"},{\"@type\":\"ListItem\",\"position\":3,\"name\":\"1.6m Green Acrylic Hookah Hose Wholesale\"}]},{\"@type\":\"WebSite\",\"@id\":\"https:\/\/global-hookah.com\/#website\",\"url\":\"https:\/\/global-hookah.com\/\",\"name\":\"Global Hookah\",\"description\":\"Global Hookah\",\"publisher\":{\"@id\":\"https:\/\/global-hookah.com\/#organization\"},\"potentialAction\":[{\"@type\":\"SearchAction\",\"target\":{\"@type\":\"EntryPoint\",\"urlTemplate\":\"https:\/\/global-hookah.com\/?s={search_term_string}\"},\"query-input\":{\"@type\":\"PropertyValueSpecification\",\"valueRequired\":true,\"valueName\":\"search_term_string\"}}],\"inLanguage\":\"es\"},{\"@type\":\"Organization\",\"@id\":\"https:\/\/global-hookah.com\/#organization\",\"name\":\"Global Hookah\",\"url\":\"https:\/\/global-hookah.com\/\",\"logo\":{\"@type\":\"ImageObject\",\"inLanguage\":\"es\",\"@id\":\"https:\/\/global-hookah.com\/#\/schema\/logo\/image\/\",\"url\":\"https:\/\/global-hookah.com\/wp-content\/uploads\/2021\/10\/cropped-fgg.png\",\"contentUrl\":\"https:\/\/global-hookah.com\/wp-content\/uploads\/2021\/10\/cropped-fgg.png\",\"width\":512,\"height\":512,\"caption\":\"Global Hookah\"},\"image\":{\"@id\":\"https:\/\/global-hookah.com\/#\/schema\/logo\/image\/\"}}]}<\/script>\n<!-- \/ Yoast SEO Premium plugin. -->","yoast_head_json":{"title":"Manguera acr\u00edlica verde para narguile de 1,6 m al por mayor - Global Hookah","robots":{"index":"index","follow":"follow","max-snippet":"max-snippet:-1","max-image-preview":"max-image-preview:large","max-video-preview":"max-video-preview:-1"},"canonical":"https:\/\/global-hookah.com\/es\/producto\/1-6m-green-acrylic-hookah-hose-wholesale\/","og_locale":"es_ES","og_type":"article","og_title":"1.6m Green Acrylic Hookah Hose Wholesale","og_description":"Shape:&nbsp;Straight Type Technics:&nbsp;MIRROR Brand Name:&nbsp;LOMINT Origin:&nbsp;Mainland China Item NO:&nbsp;SH502 is_customized:&nbsp;Yes Material:&nbsp;Acrylic &amp; Plastic 1.6m Acrylic &amp; Plastic Shisha Hose For","og_url":"https:\/\/global-hookah.com\/es\/producto\/1-6m-green-acrylic-hookah-hose-wholesale\/","og_site_name":"Global Hookah","article_modified_time":"2024-04-19T08:26:51+00:00","og_image":[{"width":800,"height":800,"url":"https:\/\/global-hookah.com\/wp-content\/uploads\/2024\/04\/kf-HTB1rT8XLXXXXXXdXpXXq6xXFXXXq-1-6m-Acrylic-Plastic-Shisha-Hose-For-Hookah-Water-Pipe-Sheesha-Chicha-Narguile-Accessories-SH502.webp","type":"image\/webp"}],"twitter_card":"summary_large_image","schema":{"@context":"https:\/\/schema.org","@graph":[{"@type":"WebPage","@id":"https:\/\/global-hookah.com\/product\/1-6m-green-acrylic-hookah-hose-wholesale\/","url":"https:\/\/global-hookah.com\/product\/1-6m-green-acrylic-hookah-hose-wholesale\/","name":"Manguera acr\u00edlica verde para narguile de 1,6 m al por mayor - Global Hookah","isPartOf":{"@id":"https:\/\/global-hookah.com\/#website"},"primaryImageOfPage":{"@id":"https:\/\/global-hookah.com\/product\/1-6m-green-acrylic-hookah-hose-wholesale\/#primaryimage"},"image":{"@id":"https:\/\/global-hookah.com\/product\/1-6m-green-acrylic-hookah-hose-wholesale\/#primaryimage"},"thumbnailUrl":"https:\/\/global-hookah.com\/wp-content\/uploads\/2024\/04\/kf-HTB1rT8XLXXXXXXdXpXXq6xXFXXXq-1-6m-Acrylic-Plastic-Shisha-Hose-For-Hookah-Water-Pipe-Sheesha-Chicha-Narguile-Accessories-SH502.webp","datePublished":"2024-04-19T08:26:45+00:00","dateModified":"2024-04-19T08:26:51+00:00","breadcrumb":{"@id":"https:\/\/global-hookah.com\/product\/1-6m-green-acrylic-hookah-hose-wholesale\/#breadcrumb"},"inLanguage":"es","potentialAction":[{"@type":"ReadAction","target":["https:\/\/global-hookah.com\/product\/1-6m-green-acrylic-hookah-hose-wholesale\/"]}]},{"@type":"ImageObject","inLanguage":"es","@id":"https:\/\/global-hookah.com\/product\/1-6m-green-acrylic-hookah-hose-wholesale\/#primaryimage","url":"https:\/\/global-hookah.com\/wp-content\/uploads\/2024\/04\/kf-HTB1rT8XLXXXXXXdXpXXq6xXFXXXq-1-6m-Acrylic-Plastic-Shisha-Hose-For-Hookah-Water-Pipe-Sheesha-Chicha-Narguile-Accessories-SH502.webp","contentUrl":"https:\/\/global-hookah.com\/wp-content\/uploads\/2024\/04\/kf-HTB1rT8XLXXXXXXdXpXXq6xXFXXXq-1-6m-Acrylic-Plastic-Shisha-Hose-For-Hookah-Water-Pipe-Sheesha-Chicha-Narguile-Accessories-SH502.webp","width":800,"height":800},{"@type":"BreadcrumbList","@id":"https:\/\/global-hookah.com\/product\/1-6m-green-acrylic-hookah-hose-wholesale\/#breadcrumb","itemListElement":[{"@type":"ListItem","position":1,"name":"Home","item":"https:\/\/global-hookah.com\/"},{"@type":"ListItem","position":2,"name":"Shop","item":"https:\/\/global-hookah.com\/shop\/"},{"@type":"ListItem","position":3,"name":"1.6m Green Acrylic Hookah Hose Wholesale"}]},{"@type":"WebSite","@id":"https:\/\/global-hookah.com\/#website","url":"https:\/\/global-hookah.com\/","name":"Global Hookah","description":"Global Hookah","publisher":{"@id":"https:\/\/global-hookah.com\/#organization"},"potentialAction":[{"@type":"SearchAction","target":{"@type":"EntryPoint","urlTemplate":"https:\/\/global-hookah.com\/?s={search_term_string}"},"query-input":{"@type":"PropertyValueSpecification","valueRequired":true,"valueName":"search_term_string"}}],"inLanguage":"es"},{"@type":"Organization","@id":"https:\/\/global-hookah.com\/#organization","name":"Global Hookah","url":"https:\/\/global-hookah.com\/","logo":{"@type":"ImageObject","inLanguage":"es","@id":"https:\/\/global-hookah.com\/#\/schema\/logo\/image\/","url":"https:\/\/global-hookah.com\/wp-content\/uploads\/2021\/10\/cropped-fgg.png","contentUrl":"https:\/\/global-hookah.com\/wp-content\/uploads\/2021\/10\/cropped-fgg.png","width":512,"height":512,"caption":"Global Hookah"},"image":{"@id":"https:\/\/global-hookah.com\/#\/schema\/logo\/image\/"}}]}},"_links":{"self":[{"href":"https:\/\/global-hookah.com\/es\/wp-json\/wp\/v2\/product\/21192","targetHints":{"allow":["GET"]}}],"collection":[{"href":"https:\/\/global-hookah.com\/es\/wp-json\/wp\/v2\/product"}],"about":[{"href":"https:\/\/global-hookah.com\/es\/wp-json\/wp\/v2\/types\/product"}],"replies":[{"embeddable":true,"href":"https:\/\/global-hookah.com\/es\/wp-json\/wp\/v2\/comments?post=21192"}],"version-history":[{"count":0,"href":"https:\/\/global-hookah.com\/es\/wp-json\/wp\/v2\/product\/21192\/revisions"}],"wp:featuredmedia":[{"embeddable":true,"href":"https:\/\/global-hookah.com\/es\/wp-json\/wp\/v2\/media\/21193"}],"wp:attachment":[{"href":"https:\/\/global-hookah.com\/es\/wp-json\/wp\/v2\/media?parent=21192"}],"wp:term":[{"taxonomy":"product_brand","embeddable":true,"href":"https:\/\/global-hookah.com\/es\/wp-json\/wp\/v2\/product_brand?post=21192"},{"taxonomy":"product_cat","embeddable":true,"href":"https:\/\/global-hookah.com\/es\/wp-json\/wp\/v2\/product_cat?post=21192"},{"taxonomy":"product_tag","embeddable":true,"href":"https:\/\/global-hookah.com\/es\/wp-json\/wp\/v2\/product_tag?post=21192"}],"curies":[{"name":"wp","href":"https:\/\/api.w.org\/{rel}","templated":true}]}}