{"id":21217,"date":"2024-04-19T08:43:56","date_gmt":"2024-04-19T08:43:56","guid":{"rendered":"https:\/\/global-hookah.com\/product\/cool-nice-blue-camouflage-style-hookah-ice-hose-wholesale\/"},"modified":"2024-04-19T08:44:01","modified_gmt":"2024-04-19T08:44:01","slug":"cool-nice-blue-camouflage-style-hookah-ice-hose-wholesale","status":"publish","type":"product","link":"https:\/\/global-hookah.com\/es\/producto\/cool-nice-blue-camouflage-style-hookah-ice-hose-wholesale\/","title":{"rendered":"Cool Nice Azul Camuflaje Estilo Hookah Hielo Manguera al por mayor"},"content":{"rendered":"<div class=\"product-specs-list-container\">\n<ul class=\"product-specs-list util-clearfix\">\n<li class=\"product-prop line-limit-length\"><span\n\t\t\t\t\t\t\t\t\tclass=\"property-title\">N\u00famero de modelo:&nbsp;<\/span><span\n\t\t\t\t\t\t\t\t\tclass=\"property-desc line-limit-length\">H062<\/span>\n\t\t\t\t\t\t<\/li>\n<li class=\"product-prop line-limit-length\"><span\n\t\t\t\t\t\t\t\t\tclass=\"property-title\">Forma:&nbsp;<\/span><span\n\t\t\t\t\t\t\t\t\tclass=\"property-desc line-limit-length\">Tipo recto<\/span>\n\t\t\t\t\t\t<\/li>\n<li class=\"product-prop line-limit-length\"><span\n\t\t\t\t\t\t\t\t\tclass=\"property-title\">T\u00e9cnica:&nbsp;<\/span><span\n\t\t\t\t\t\t\t\t\tclass=\"property-desc line-limit-length\">FRUSADO<\/span>\n\t\t\t\t\t\t<\/li>\n<li class=\"product-prop line-limit-length\"><span\n\t\t\t\t\t\t\t\t\tclass=\"property-title\">Material:&nbsp;<\/span><span\n\t\t\t\t\t\t\t\t\tclass=\"property-desc line-limit-length\">Aluminio<\/span>\n\t\t\t\t\t\t<\/li>\n<li class=\"product-prop line-limit-length\"><span\n\t\t\t\t\t\t\t\t\tclass=\"property-title\">Marca:&nbsp;<\/span><span\n\t\t\t\t\t\t\t\t\tclass=\"property-desc line-limit-length\">LOMINT<\/span>\n\t\t\t\t\t\t<\/li>\n<li class=\"product-prop line-limit-length\"><span\n\t\t\t\t\t\t\t\t\tclass=\"property-title\">Origen:&nbsp;<\/span><span\n\t\t\t\t\t\t\t\t\tclass=\"property-desc line-limit-length\">China continental<\/span>\n\t\t\t\t\t\t<\/li>\n<li class=\"product-prop line-limit-length\"><span\n\t\t\t\t\t\t\t\t\tclass=\"property-title\">Nombre:&nbsp;<\/span><span\n\t\t\t\t\t\t\t\t\tclass=\"property-desc line-limit-length\">Manguera Hookah<\/span>\n\t\t\t\t\t\t<\/li>\n<li class=\"product-prop line-limit-length\"><span\n\t\t\t\t\t\t\t\t\tclass=\"property-title\">Di\u00e1metro:&nbsp;<\/span><span\n\t\t\t\t\t\t\t\t\tclass=\"property-desc line-limit-length\">12mm-17mm<\/span>\n\t\t\t\t\t\t<\/li>\n<li class=\"product-prop line-limit-length\"><span\n\t\t\t\t\t\t\t\t\tclass=\"property-title\">Longitud:&nbsp;<\/span><span\n\t\t\t\t\t\t\t\t\tclass=\"property-desc line-limit-length\">1800 mm (1,8 m)<\/span>\n\t\t\t\t\t\t<\/li>\n<li class=\"product-prop line-limit-length\"><span\n\t\t\t\t\t\t\t\t\tclass=\"property-title\">Color:&nbsp;<\/span><span\n\t\t\t\t\t\t\t\t\tclass=\"property-desc line-limit-length\">Azul Camuflaje Colorido<\/span>\n\t\t\t\t\t\t<\/li>\n<li class=\"product-prop line-limit-length\"><span\n\t\t\t\t\t\t\t\t\tclass=\"property-title\">Is_customized:&nbsp;<\/span><span\n\t\t\t\t\t\t\t\t\tclass=\"property-desc line-limit-length\">S\u00ed<\/span>\n\t\t\t\t\t\t<\/li>\n<li class=\"product-prop line-limit-length\"><span\n\t\t\t\t\t\t\t\t\tclass=\"property-title\">OEM:&nbsp;<\/span><span\n\t\t\t\t\t\t\t\t\tclass=\"property-desc line-limit-length\">s\u00ed<\/span>\n\t\t\t\t\t\t<\/li>\n<\/ul><\/div>\n<div class=\"detailmodule_text\">\n<p style=\"font-family:OpenSans;font-size:14px;font-weight:300;line-height:20px;white-space:pre-wrap;color:rgb(0, 0, 0);margin-bottom:12px\" class=\"detail-desc-decorate-content\">LOMINT Cool Nice Azul Camuflaje Estilo Tacto Suave Hookah Mangueras Con Aluminio Mango Boquilla Resorte Altamente El\u00e1stico LM-H062<\/p>\n<\/div>\n<div class=\"detailmodule_image\"><img decoding=\"async\" class=\"detail-desc-decorate-image\" src=\"https:\/\/ae01.alicdn.com\/kf\/H0aad4822723f48879dce7736904b496dg.jpg\" slate-data-type=\"image\"\/><img decoding=\"async\" class=\"detail-desc-decorate-image\" src=\"https:\/\/ae01.alicdn.com\/kf\/H8a16c75d3b2c49849e76caa6fbb298e6H.jpg\" slate-data-type=\"image\"\/><img decoding=\"async\" class=\"detail-desc-decorate-image\" src=\"https:\/\/ae01.alicdn.com\/kf\/Hdab489664d6e4e5281541fc7e712638fP.jpg\" slate-data-type=\"image\"\/><img decoding=\"async\" class=\"detail-desc-decorate-image\" src=\"https:\/\/ae01.alicdn.com\/kf\/H410d644e95b448a982cf633b99df3f1dB.jpg\" slate-data-type=\"image\"\/><img decoding=\"async\" class=\"detail-desc-decorate-image\" src=\"https:\/\/ae01.alicdn.com\/kf\/H6c55d3e1757c443386f8919efff7e4edt.jpg\" slate-data-type=\"image\"\/><\/div>\n<p><\/p>","protected":false},"excerpt":{"rendered":"<p>N\u00famero de modelo: H062 Forma: Tipo recto Technics: FRUSADO Material: Aluminio Marca: LOMINT Origen: China continental Nombre: Hookah Manguera Di\u00e1metro: 12mm-17mm Longitud: 1800mm (1.8m) Color: Azul Camuflaje Colorido Is_customized: S\u00ed OEM: s\u00ed<\/p>","protected":false},"featured_media":21218,"comment_status":"","ping_status":"closed","template":"","meta":{"iawp_total_views":2,"_joinchat":[]},"product_brand":[],"product_cat":[644],"product_tag":[],"class_list":{"0":"post-21217","1":"product","2":"type-product","3":"status-publish","4":"has-post-thumbnail","6":"product_cat-hookah-hose-wholesale","8":"first","9":"instock","10":"shipping-taxable","11":"purchasable","12":"product-type-variable"},"yoast_head":"<!-- This site is optimized with the Yoast SEO Premium plugin v24.7 (Yoast SEO v26.8) - https:\/\/yoast.com\/product\/yoast-seo-premium-wordpress\/ -->\n<title>Cool Nice Blue Camouflage Style Hookah Ice Hose Wholesale - Global Hookah<\/title>\n<meta name=\"robots\" content=\"index, follow, max-snippet:-1, max-image-preview:large, max-video-preview:-1\" \/>\n<link rel=\"canonical\" href=\"https:\/\/global-hookah.com\/es\/pt\/produto\/mangueira-de-gelo-para-narguile-azul-estilo-camuflagem-legal-no-atacado\/\" \/>\n<meta property=\"og:locale\" content=\"es_ES\" \/>\n<meta property=\"og:type\" content=\"article\" \/>\n<meta property=\"og:title\" content=\"Cool Nice Blue Camouflage Style Hookah Ice Hose Wholesale\" \/>\n<meta property=\"og:description\" content=\"Model Number:&nbsp;H062 Shape:&nbsp;Straight Type Technics:&nbsp;FROSTED Material:&nbsp;Aluminium Brand Name:&nbsp;LOMINT Origin:&nbsp;Mainland China Name:&nbsp;Hookah Hose Diameter:&nbsp;12mm-17mm Length:&nbsp;1800mm (1.8m) Color:&nbsp;Blue Camouflage Colorful Is_customized:&nbsp;Yes OEM:&nbsp;yes\" \/>\n<meta property=\"og:url\" content=\"https:\/\/global-hookah.com\/es\/pt\/produto\/mangueira-de-gelo-para-narguile-azul-estilo-camuflagem-legal-no-atacado\/\" \/>\n<meta property=\"og:site_name\" content=\"Global Hookah\" \/>\n<meta property=\"article:modified_time\" content=\"2024-04-19T08:44:01+00:00\" \/>\n<meta property=\"og:image\" content=\"https:\/\/global-hookah.com\/wp-content\/uploads\/2024\/04\/kf-H335ba7a2fb814d7f8b70b6369953962cY-LOMINT-Cool-Nice-Blue-Camouflage-Style-Soft-Touch-Hookah-Hoses-With-Aluminum-Handle-Mouthpiece-Highly-Elastic.webp\" \/>\n\t<meta property=\"og:image:width\" content=\"800\" \/>\n\t<meta property=\"og:image:height\" content=\"800\" \/>\n\t<meta property=\"og:image:type\" content=\"image\/webp\" \/>\n<meta name=\"twitter:card\" content=\"summary_large_image\" \/>\n<script type=\"application\/ld+json\" class=\"yoast-schema-graph\">{\"@context\":\"https:\/\/schema.org\",\"@graph\":[{\"@type\":\"WebPage\",\"@id\":\"https:\/\/global-hookah.com\/pt\/produto\/mangueira-de-gelo-para-narguile-azul-estilo-camuflagem-legal-no-atacado\/\",\"url\":\"https:\/\/global-hookah.com\/pt\/produto\/mangueira-de-gelo-para-narguile-azul-estilo-camuflagem-legal-no-atacado\/\",\"name\":\"Cool Nice Blue Camouflage Style Hookah Ice Hose Wholesale - Global Hookah\",\"isPartOf\":{\"@id\":\"https:\/\/global-hookah.com\/#website\"},\"primaryImageOfPage\":{\"@id\":\"https:\/\/global-hookah.com\/pt\/produto\/mangueira-de-gelo-para-narguile-azul-estilo-camuflagem-legal-no-atacado\/#primaryimage\"},\"image\":{\"@id\":\"https:\/\/global-hookah.com\/pt\/produto\/mangueira-de-gelo-para-narguile-azul-estilo-camuflagem-legal-no-atacado\/#primaryimage\"},\"thumbnailUrl\":\"https:\/\/global-hookah.com\/wp-content\/uploads\/2024\/04\/kf-H335ba7a2fb814d7f8b70b6369953962cY-LOMINT-Cool-Nice-Blue-Camouflage-Style-Soft-Touch-Hookah-Hoses-With-Aluminum-Handle-Mouthpiece-Highly-Elastic.webp\",\"datePublished\":\"2024-04-19T08:43:56+00:00\",\"dateModified\":\"2024-04-19T08:44:01+00:00\",\"breadcrumb\":{\"@id\":\"https:\/\/global-hookah.com\/pt\/produto\/mangueira-de-gelo-para-narguile-azul-estilo-camuflagem-legal-no-atacado\/#breadcrumb\"},\"inLanguage\":\"es\",\"potentialAction\":[{\"@type\":\"ReadAction\",\"target\":[\"https:\/\/global-hookah.com\/pt\/produto\/mangueira-de-gelo-para-narguile-azul-estilo-camuflagem-legal-no-atacado\/\"]}]},{\"@type\":\"ImageObject\",\"inLanguage\":\"es\",\"@id\":\"https:\/\/global-hookah.com\/pt\/produto\/mangueira-de-gelo-para-narguile-azul-estilo-camuflagem-legal-no-atacado\/#primaryimage\",\"url\":\"https:\/\/global-hookah.com\/wp-content\/uploads\/2024\/04\/kf-H335ba7a2fb814d7f8b70b6369953962cY-LOMINT-Cool-Nice-Blue-Camouflage-Style-Soft-Touch-Hookah-Hoses-With-Aluminum-Handle-Mouthpiece-Highly-Elastic.webp\",\"contentUrl\":\"https:\/\/global-hookah.com\/wp-content\/uploads\/2024\/04\/kf-H335ba7a2fb814d7f8b70b6369953962cY-LOMINT-Cool-Nice-Blue-Camouflage-Style-Soft-Touch-Hookah-Hoses-With-Aluminum-Handle-Mouthpiece-Highly-Elastic.webp\",\"width\":800,\"height\":800},{\"@type\":\"BreadcrumbList\",\"@id\":\"https:\/\/global-hookah.com\/pt\/produto\/mangueira-de-gelo-para-narguile-azul-estilo-camuflagem-legal-no-atacado\/#breadcrumb\",\"itemListElement\":[{\"@type\":\"ListItem\",\"position\":1,\"name\":\"Home\",\"item\":\"https:\/\/global-hookah.com\/\"},{\"@type\":\"ListItem\",\"position\":2,\"name\":\"Shop\",\"item\":\"https:\/\/global-hookah.com\/shop\/\"},{\"@type\":\"ListItem\",\"position\":3,\"name\":\"Cool Nice Blue Camouflage Style Hookah Ice Hose Wholesale\"}]},{\"@type\":\"WebSite\",\"@id\":\"https:\/\/global-hookah.com\/#website\",\"url\":\"https:\/\/global-hookah.com\/\",\"name\":\"Global Hookah\",\"description\":\"Global Hookah\",\"publisher\":{\"@id\":\"https:\/\/global-hookah.com\/#organization\"},\"potentialAction\":[{\"@type\":\"SearchAction\",\"target\":{\"@type\":\"EntryPoint\",\"urlTemplate\":\"https:\/\/global-hookah.com\/?s={search_term_string}\"},\"query-input\":{\"@type\":\"PropertyValueSpecification\",\"valueRequired\":true,\"valueName\":\"search_term_string\"}}],\"inLanguage\":\"es\"},{\"@type\":\"Organization\",\"@id\":\"https:\/\/global-hookah.com\/#organization\",\"name\":\"Global Hookah\",\"url\":\"https:\/\/global-hookah.com\/\",\"logo\":{\"@type\":\"ImageObject\",\"inLanguage\":\"es\",\"@id\":\"https:\/\/global-hookah.com\/#\/schema\/logo\/image\/\",\"url\":\"https:\/\/global-hookah.com\/wp-content\/uploads\/2021\/10\/cropped-fgg.png\",\"contentUrl\":\"https:\/\/global-hookah.com\/wp-content\/uploads\/2021\/10\/cropped-fgg.png\",\"width\":512,\"height\":512,\"caption\":\"Global Hookah\"},\"image\":{\"@id\":\"https:\/\/global-hookah.com\/#\/schema\/logo\/image\/\"}}]}<\/script>\n<!-- \/ Yoast SEO Premium plugin. -->","yoast_head_json":{"title":"Cool Nice Azul Camuflaje Estilo Hookah Hielo Manguera al por mayor - Global Hookah","robots":{"index":"index","follow":"follow","max-snippet":"max-snippet:-1","max-image-preview":"max-image-preview:large","max-video-preview":"max-video-preview:-1"},"canonical":"https:\/\/global-hookah.com\/es\/pt\/produto\/mangueira-de-gelo-para-narguile-azul-estilo-camuflagem-legal-no-atacado\/","og_locale":"es_ES","og_type":"article","og_title":"Cool Nice Blue Camouflage Style Hookah Ice Hose Wholesale","og_description":"Model Number:&nbsp;H062 Shape:&nbsp;Straight Type Technics:&nbsp;FROSTED Material:&nbsp;Aluminium Brand Name:&nbsp;LOMINT Origin:&nbsp;Mainland China Name:&nbsp;Hookah Hose Diameter:&nbsp;12mm-17mm Length:&nbsp;1800mm (1.8m) Color:&nbsp;Blue Camouflage Colorful Is_customized:&nbsp;Yes OEM:&nbsp;yes","og_url":"https:\/\/global-hookah.com\/es\/pt\/produto\/mangueira-de-gelo-para-narguile-azul-estilo-camuflagem-legal-no-atacado\/","og_site_name":"Global Hookah","article_modified_time":"2024-04-19T08:44:01+00:00","og_image":[{"width":800,"height":800,"url":"https:\/\/global-hookah.com\/wp-content\/uploads\/2024\/04\/kf-H335ba7a2fb814d7f8b70b6369953962cY-LOMINT-Cool-Nice-Blue-Camouflage-Style-Soft-Touch-Hookah-Hoses-With-Aluminum-Handle-Mouthpiece-Highly-Elastic.webp","type":"image\/webp"}],"twitter_card":"summary_large_image","schema":{"@context":"https:\/\/schema.org","@graph":[{"@type":"WebPage","@id":"https:\/\/global-hookah.com\/pt\/produto\/mangueira-de-gelo-para-narguile-azul-estilo-camuflagem-legal-no-atacado\/","url":"https:\/\/global-hookah.com\/pt\/produto\/mangueira-de-gelo-para-narguile-azul-estilo-camuflagem-legal-no-atacado\/","name":"Cool Nice Azul Camuflaje Estilo Hookah Hielo Manguera al por mayor - Global Hookah","isPartOf":{"@id":"https:\/\/global-hookah.com\/#website"},"primaryImageOfPage":{"@id":"https:\/\/global-hookah.com\/pt\/produto\/mangueira-de-gelo-para-narguile-azul-estilo-camuflagem-legal-no-atacado\/#primaryimage"},"image":{"@id":"https:\/\/global-hookah.com\/pt\/produto\/mangueira-de-gelo-para-narguile-azul-estilo-camuflagem-legal-no-atacado\/#primaryimage"},"thumbnailUrl":"https:\/\/global-hookah.com\/wp-content\/uploads\/2024\/04\/kf-H335ba7a2fb814d7f8b70b6369953962cY-LOMINT-Cool-Nice-Blue-Camouflage-Style-Soft-Touch-Hookah-Hoses-With-Aluminum-Handle-Mouthpiece-Highly-Elastic.webp","datePublished":"2024-04-19T08:43:56+00:00","dateModified":"2024-04-19T08:44:01+00:00","breadcrumb":{"@id":"https:\/\/global-hookah.com\/pt\/produto\/mangueira-de-gelo-para-narguile-azul-estilo-camuflagem-legal-no-atacado\/#breadcrumb"},"inLanguage":"es","potentialAction":[{"@type":"ReadAction","target":["https:\/\/global-hookah.com\/pt\/produto\/mangueira-de-gelo-para-narguile-azul-estilo-camuflagem-legal-no-atacado\/"]}]},{"@type":"ImageObject","inLanguage":"es","@id":"https:\/\/global-hookah.com\/pt\/produto\/mangueira-de-gelo-para-narguile-azul-estilo-camuflagem-legal-no-atacado\/#primaryimage","url":"https:\/\/global-hookah.com\/wp-content\/uploads\/2024\/04\/kf-H335ba7a2fb814d7f8b70b6369953962cY-LOMINT-Cool-Nice-Blue-Camouflage-Style-Soft-Touch-Hookah-Hoses-With-Aluminum-Handle-Mouthpiece-Highly-Elastic.webp","contentUrl":"https:\/\/global-hookah.com\/wp-content\/uploads\/2024\/04\/kf-H335ba7a2fb814d7f8b70b6369953962cY-LOMINT-Cool-Nice-Blue-Camouflage-Style-Soft-Touch-Hookah-Hoses-With-Aluminum-Handle-Mouthpiece-Highly-Elastic.webp","width":800,"height":800},{"@type":"BreadcrumbList","@id":"https:\/\/global-hookah.com\/pt\/produto\/mangueira-de-gelo-para-narguile-azul-estilo-camuflagem-legal-no-atacado\/#breadcrumb","itemListElement":[{"@type":"ListItem","position":1,"name":"Home","item":"https:\/\/global-hookah.com\/"},{"@type":"ListItem","position":2,"name":"Shop","item":"https:\/\/global-hookah.com\/shop\/"},{"@type":"ListItem","position":3,"name":"Cool Nice Blue Camouflage Style Hookah Ice Hose Wholesale"}]},{"@type":"WebSite","@id":"https:\/\/global-hookah.com\/#website","url":"https:\/\/global-hookah.com\/","name":"Global Hookah","description":"Global Hookah","publisher":{"@id":"https:\/\/global-hookah.com\/#organization"},"potentialAction":[{"@type":"SearchAction","target":{"@type":"EntryPoint","urlTemplate":"https:\/\/global-hookah.com\/?s={search_term_string}"},"query-input":{"@type":"PropertyValueSpecification","valueRequired":true,"valueName":"search_term_string"}}],"inLanguage":"es"},{"@type":"Organization","@id":"https:\/\/global-hookah.com\/#organization","name":"Global Hookah","url":"https:\/\/global-hookah.com\/","logo":{"@type":"ImageObject","inLanguage":"es","@id":"https:\/\/global-hookah.com\/#\/schema\/logo\/image\/","url":"https:\/\/global-hookah.com\/wp-content\/uploads\/2021\/10\/cropped-fgg.png","contentUrl":"https:\/\/global-hookah.com\/wp-content\/uploads\/2021\/10\/cropped-fgg.png","width":512,"height":512,"caption":"Global Hookah"},"image":{"@id":"https:\/\/global-hookah.com\/#\/schema\/logo\/image\/"}}]}},"_links":{"self":[{"href":"https:\/\/global-hookah.com\/es\/wp-json\/wp\/v2\/product\/21217","targetHints":{"allow":["GET"]}}],"collection":[{"href":"https:\/\/global-hookah.com\/es\/wp-json\/wp\/v2\/product"}],"about":[{"href":"https:\/\/global-hookah.com\/es\/wp-json\/wp\/v2\/types\/product"}],"replies":[{"embeddable":true,"href":"https:\/\/global-hookah.com\/es\/wp-json\/wp\/v2\/comments?post=21217"}],"version-history":[{"count":0,"href":"https:\/\/global-hookah.com\/es\/wp-json\/wp\/v2\/product\/21217\/revisions"}],"wp:featuredmedia":[{"embeddable":true,"href":"https:\/\/global-hookah.com\/es\/wp-json\/wp\/v2\/media\/21218"}],"wp:attachment":[{"href":"https:\/\/global-hookah.com\/es\/wp-json\/wp\/v2\/media?parent=21217"}],"wp:term":[{"taxonomy":"product_brand","embeddable":true,"href":"https:\/\/global-hookah.com\/es\/wp-json\/wp\/v2\/product_brand?post=21217"},{"taxonomy":"product_cat","embeddable":true,"href":"https:\/\/global-hookah.com\/es\/wp-json\/wp\/v2\/product_cat?post=21217"},{"taxonomy":"product_tag","embeddable":true,"href":"https:\/\/global-hookah.com\/es\/wp-json\/wp\/v2\/product_tag?post=21217"}],"curies":[{"name":"wp","href":"https:\/\/api.w.org\/{rel}","templated":true}]}}