{"id":21271,"date":"2024-04-19T08:54:26","date_gmt":"2024-04-19T08:54:26","guid":{"rendered":"https:\/\/global-hookah.com\/product\/skull-style-silicone-hookah-hose-wholesale\/"},"modified":"2024-04-22T01:33:17","modified_gmt":"2024-04-22T01:33:17","slug":"skull-style-silicone-hookah-hose-wholesale","status":"publish","type":"product","link":"https:\/\/global-hookah.com\/es\/producto\/skull-style-silicone-hookah-hose-wholesale\/","title":{"rendered":"Manguera de silicona estilo calavera para narguile al por mayor"},"content":{"rendered":"<p>Queridos amigos, \u00a1venid a vivir una experiencia \u00fanica con el narguile! Esta experiencia<strong> manguera hookah de silicona estilo calavera<\/strong> le brindar\u00e1 una nueva experiencia con el narguile.<\/p>\n<p>El cuerpo de silicona alimentaria garantiza un sabor a tabaco puro y sin adulterar. La boquilla de vidrio grueso no s\u00f3lo proporciona estabilidad, sino que tambi\u00e9n proporciona un humo intenso y duradero. Hemos dise\u00f1ado cuidadosamente el <strong>manguera de silicona de longitud hookah para caladas suaves y sin restricciones en todo momento.<\/strong><\/p>\n<p>La boquilla esmerilada eleva la est\u00e9tica a niveles art\u00edsticos. Y su dise\u00f1o ergon\u00f3mico resulta muy c\u00f3modo en la mano. Adem\u00e1s, las ranuras de hielo t\u00e1ctiles proporcionan un refrescante frescor: \u00a1tu compa\u00f1ero perfecto para el verano!<\/p>\n<p>Nuestra<strong> puntas de silicona para narguile<\/strong> est\u00e1n meticulosamente dise\u00f1ados para ofrecer el sabor m\u00e1s pr\u00edstino hookah. Se conecta a una boquilla de metal extra resistente que soporta el calor mientras canaliza el humo m\u00e1s concentrado a sus papilas gustativas.<\/p>\n<p>En particular, hemos personalizado especialmente el mango met\u00e1lico para nuestros amigos europeos, y sus contornos son especialmente adecuados para su agarre.<\/p>\n<div class=\"product-specs-list-container\">\n<ul class=\"product-specs-list util-clearfix\">\n<li class=\"product-prop line-limit-length\"><\/li>\n<li class=\"product-prop line-limit-length\"><span class=\"property-title\">Color:\u00a0<\/span><span class=\"property-desc line-limit-length\">Negro\/Gris<\/span><\/li>\n<li class=\"product-prop line-limit-length\"><span class=\"property-title\">Material del tubo:\u00a0<\/span><span class=\"property-desc line-limit-length\">Envuelto en felpa<\/span><\/li>\n<li class=\"product-prop line-limit-length\"><span class=\"property-title\">Longitud:\u00a0<\/span><span class=\"property-desc line-limit-length\">Aproximadamente 1,5 m<\/span><\/li>\n<li class=\"product-prop line-limit-length\"><span class=\"property-title\">Peso:\u00a0<\/span><span class=\"property-desc line-limit-length\">Unos 127 g<\/span><\/li>\n<li class=\"product-prop line-limit-length\"><span class=\"property-title\">Caracter\u00edstica del producto:\u00a0<\/span><span class=\"property-desc line-limit-length\">Suave\/C\u00f3modo<\/span><\/li>\n<li class=\"product-prop line-limit-length\"><span class=\"property-title\">Aplicaci\u00f3n:\u00a0<\/span><span class=\"property-desc line-limit-length\">Tabaco para shisha y narguile<\/span><\/li>\n<li class=\"product-prop line-limit-length\"><span class=\"property-title\">\u00dasalo:\u00a0<\/span><span class=\"property-desc line-limit-length\">Bares Fiestas Caf\u00e9s<\/span><\/li>\n<li class=\"product-prop line-limit-length\">Adecuado para: <a href=\"https:\/\/global-hookah.com\/product-category\/wholesale-hookah\/glass-hookah-wholesale\/\">narguile de cristal<\/a><\/li>\n<\/ul>\n<\/div>","protected":false},"excerpt":{"rendered":"<p>Queridos amigos, \u00a1venid y disfrutad de una experiencia \u00fanica con el narguile! Esta manguera de silicona de estilo calavera \u00fanica le traer\u00e1 una nueva<\/p>","protected":false},"featured_media":21274,"comment_status":"closed","ping_status":"closed","template":"","meta":{"iawp_total_views":0,"_joinchat":[]},"product_brand":[],"product_cat":[644],"product_tag":[],"class_list":{"0":"post-21271","1":"product","2":"type-product","3":"status-publish","4":"has-post-thumbnail","6":"product_cat-hookah-hose-wholesale","8":"first","9":"instock","10":"shipping-taxable","11":"purchasable","12":"product-type-variable"},"yoast_head":"<!-- This site is optimized with the Yoast SEO Premium plugin v24.7 (Yoast SEO v26.8) - https:\/\/yoast.com\/product\/yoast-seo-premium-wordpress\/ -->\n<title>Skull Style Silicone Hookah Hose Wholesale - Global Hookah<\/title>\n<meta name=\"robots\" content=\"index, follow, max-snippet:-1, max-image-preview:large, max-video-preview:-1\" \/>\n<link rel=\"canonical\" href=\"https:\/\/global-hookah.com\/es\/produkt\/schadel-stil-silikon-wasserpfeife-schlauch-groshandel\/\" \/>\n<meta property=\"og:locale\" content=\"es_ES\" \/>\n<meta property=\"og:type\" content=\"article\" \/>\n<meta property=\"og:title\" content=\"Skull Style Silicone Hookah Hose Wholesale\" \/>\n<meta property=\"og:description\" content=\"Dear friends, come and have a unique hookah experience! This unique skull-style silicone hookah hose will bring you a new\" \/>\n<meta property=\"og:url\" content=\"https:\/\/global-hookah.com\/es\/produkt\/schadel-stil-silikon-wasserpfeife-schlauch-groshandel\/\" \/>\n<meta property=\"og:site_name\" content=\"Global Hookah\" \/>\n<meta property=\"article:modified_time\" content=\"2024-04-22T01:33:17+00:00\" \/>\n<meta property=\"og:image\" content=\"https:\/\/global-hookah.com\/wp-content\/uploads\/2024\/04\/kf-H2528119eeec14817ac6b7265bb20b8edE-SY-Rough-Matte-Finish-Hookah-Silica-Gel-Hose-Skull-Style-Pattern-Shisha-Silicone-Hose-Chicha-Narguile.webp\" \/>\n\t<meta property=\"og:image:width\" content=\"800\" \/>\n\t<meta property=\"og:image:height\" content=\"800\" \/>\n\t<meta property=\"og:image:type\" content=\"image\/webp\" \/>\n<meta name=\"twitter:card\" content=\"summary_large_image\" \/>\n<meta name=\"twitter:label1\" content=\"Tiempo de lectura\" \/>\n\t<meta name=\"twitter:data1\" content=\"1 minuto\" \/>\n<script type=\"application\/ld+json\" class=\"yoast-schema-graph\">{\"@context\":\"https:\/\/schema.org\",\"@graph\":[{\"@type\":\"WebPage\",\"@id\":\"https:\/\/global-hookah.com\/de\/produkt\/schadel-stil-silikon-wasserpfeife-schlauch-groshandel\/\",\"url\":\"https:\/\/global-hookah.com\/de\/produkt\/schadel-stil-silikon-wasserpfeife-schlauch-groshandel\/\",\"name\":\"Skull Style Silicone Hookah Hose Wholesale - Global Hookah\",\"isPartOf\":{\"@id\":\"https:\/\/global-hookah.com\/#website\"},\"primaryImageOfPage\":{\"@id\":\"https:\/\/global-hookah.com\/de\/produkt\/schadel-stil-silikon-wasserpfeife-schlauch-groshandel\/#primaryimage\"},\"image\":{\"@id\":\"https:\/\/global-hookah.com\/de\/produkt\/schadel-stil-silikon-wasserpfeife-schlauch-groshandel\/#primaryimage\"},\"thumbnailUrl\":\"https:\/\/global-hookah.com\/wp-content\/uploads\/2024\/04\/kf-H2528119eeec14817ac6b7265bb20b8edE-SY-Rough-Matte-Finish-Hookah-Silica-Gel-Hose-Skull-Style-Pattern-Shisha-Silicone-Hose-Chicha-Narguile.webp\",\"datePublished\":\"2024-04-19T08:54:26+00:00\",\"dateModified\":\"2024-04-22T01:33:17+00:00\",\"breadcrumb\":{\"@id\":\"https:\/\/global-hookah.com\/de\/produkt\/schadel-stil-silikon-wasserpfeife-schlauch-groshandel\/#breadcrumb\"},\"inLanguage\":\"es\",\"potentialAction\":[{\"@type\":\"ReadAction\",\"target\":[\"https:\/\/global-hookah.com\/de\/produkt\/schadel-stil-silikon-wasserpfeife-schlauch-groshandel\/\"]}]},{\"@type\":\"ImageObject\",\"inLanguage\":\"es\",\"@id\":\"https:\/\/global-hookah.com\/de\/produkt\/schadel-stil-silikon-wasserpfeife-schlauch-groshandel\/#primaryimage\",\"url\":\"https:\/\/global-hookah.com\/wp-content\/uploads\/2024\/04\/kf-H2528119eeec14817ac6b7265bb20b8edE-SY-Rough-Matte-Finish-Hookah-Silica-Gel-Hose-Skull-Style-Pattern-Shisha-Silicone-Hose-Chicha-Narguile.webp\",\"contentUrl\":\"https:\/\/global-hookah.com\/wp-content\/uploads\/2024\/04\/kf-H2528119eeec14817ac6b7265bb20b8edE-SY-Rough-Matte-Finish-Hookah-Silica-Gel-Hose-Skull-Style-Pattern-Shisha-Silicone-Hose-Chicha-Narguile.webp\",\"width\":800,\"height\":800,\"caption\":\"Skull Style Silicone Hookah Hose Wholesale\"},{\"@type\":\"BreadcrumbList\",\"@id\":\"https:\/\/global-hookah.com\/de\/produkt\/schadel-stil-silikon-wasserpfeife-schlauch-groshandel\/#breadcrumb\",\"itemListElement\":[{\"@type\":\"ListItem\",\"position\":1,\"name\":\"Home\",\"item\":\"https:\/\/global-hookah.com\/\"},{\"@type\":\"ListItem\",\"position\":2,\"name\":\"Shop\",\"item\":\"https:\/\/global-hookah.com\/shop\/\"},{\"@type\":\"ListItem\",\"position\":3,\"name\":\"Skull Style Silicone Hookah Hose Wholesale\"}]},{\"@type\":\"WebSite\",\"@id\":\"https:\/\/global-hookah.com\/#website\",\"url\":\"https:\/\/global-hookah.com\/\",\"name\":\"Global Hookah\",\"description\":\"Global Hookah\",\"publisher\":{\"@id\":\"https:\/\/global-hookah.com\/#organization\"},\"potentialAction\":[{\"@type\":\"SearchAction\",\"target\":{\"@type\":\"EntryPoint\",\"urlTemplate\":\"https:\/\/global-hookah.com\/?s={search_term_string}\"},\"query-input\":{\"@type\":\"PropertyValueSpecification\",\"valueRequired\":true,\"valueName\":\"search_term_string\"}}],\"inLanguage\":\"es\"},{\"@type\":\"Organization\",\"@id\":\"https:\/\/global-hookah.com\/#organization\",\"name\":\"Global Hookah\",\"url\":\"https:\/\/global-hookah.com\/\",\"logo\":{\"@type\":\"ImageObject\",\"inLanguage\":\"es\",\"@id\":\"https:\/\/global-hookah.com\/#\/schema\/logo\/image\/\",\"url\":\"https:\/\/global-hookah.com\/wp-content\/uploads\/2021\/10\/cropped-fgg.png\",\"contentUrl\":\"https:\/\/global-hookah.com\/wp-content\/uploads\/2021\/10\/cropped-fgg.png\",\"width\":512,\"height\":512,\"caption\":\"Global Hookah\"},\"image\":{\"@id\":\"https:\/\/global-hookah.com\/#\/schema\/logo\/image\/\"}}]}<\/script>\n<!-- \/ Yoast SEO Premium plugin. -->","yoast_head_json":{"title":"Manguera de silicona estilo calavera para narguile al por mayor - Global Hookah","robots":{"index":"index","follow":"follow","max-snippet":"max-snippet:-1","max-image-preview":"max-image-preview:large","max-video-preview":"max-video-preview:-1"},"canonical":"https:\/\/global-hookah.com\/es\/produkt\/schadel-stil-silikon-wasserpfeife-schlauch-groshandel\/","og_locale":"es_ES","og_type":"article","og_title":"Skull Style Silicone Hookah Hose Wholesale","og_description":"Dear friends, come and have a unique hookah experience! This unique skull-style silicone hookah hose will bring you a new","og_url":"https:\/\/global-hookah.com\/es\/produkt\/schadel-stil-silikon-wasserpfeife-schlauch-groshandel\/","og_site_name":"Global Hookah","article_modified_time":"2024-04-22T01:33:17+00:00","og_image":[{"width":800,"height":800,"url":"https:\/\/global-hookah.com\/wp-content\/uploads\/2024\/04\/kf-H2528119eeec14817ac6b7265bb20b8edE-SY-Rough-Matte-Finish-Hookah-Silica-Gel-Hose-Skull-Style-Pattern-Shisha-Silicone-Hose-Chicha-Narguile.webp","type":"image\/webp"}],"twitter_card":"summary_large_image","twitter_misc":{"Tiempo de lectura":"1 minuto"},"schema":{"@context":"https:\/\/schema.org","@graph":[{"@type":"WebPage","@id":"https:\/\/global-hookah.com\/de\/produkt\/schadel-stil-silikon-wasserpfeife-schlauch-groshandel\/","url":"https:\/\/global-hookah.com\/de\/produkt\/schadel-stil-silikon-wasserpfeife-schlauch-groshandel\/","name":"Manguera de silicona estilo calavera para narguile al por mayor - Global Hookah","isPartOf":{"@id":"https:\/\/global-hookah.com\/#website"},"primaryImageOfPage":{"@id":"https:\/\/global-hookah.com\/de\/produkt\/schadel-stil-silikon-wasserpfeife-schlauch-groshandel\/#primaryimage"},"image":{"@id":"https:\/\/global-hookah.com\/de\/produkt\/schadel-stil-silikon-wasserpfeife-schlauch-groshandel\/#primaryimage"},"thumbnailUrl":"https:\/\/global-hookah.com\/wp-content\/uploads\/2024\/04\/kf-H2528119eeec14817ac6b7265bb20b8edE-SY-Rough-Matte-Finish-Hookah-Silica-Gel-Hose-Skull-Style-Pattern-Shisha-Silicone-Hose-Chicha-Narguile.webp","datePublished":"2024-04-19T08:54:26+00:00","dateModified":"2024-04-22T01:33:17+00:00","breadcrumb":{"@id":"https:\/\/global-hookah.com\/de\/produkt\/schadel-stil-silikon-wasserpfeife-schlauch-groshandel\/#breadcrumb"},"inLanguage":"es","potentialAction":[{"@type":"ReadAction","target":["https:\/\/global-hookah.com\/de\/produkt\/schadel-stil-silikon-wasserpfeife-schlauch-groshandel\/"]}]},{"@type":"ImageObject","inLanguage":"es","@id":"https:\/\/global-hookah.com\/de\/produkt\/schadel-stil-silikon-wasserpfeife-schlauch-groshandel\/#primaryimage","url":"https:\/\/global-hookah.com\/wp-content\/uploads\/2024\/04\/kf-H2528119eeec14817ac6b7265bb20b8edE-SY-Rough-Matte-Finish-Hookah-Silica-Gel-Hose-Skull-Style-Pattern-Shisha-Silicone-Hose-Chicha-Narguile.webp","contentUrl":"https:\/\/global-hookah.com\/wp-content\/uploads\/2024\/04\/kf-H2528119eeec14817ac6b7265bb20b8edE-SY-Rough-Matte-Finish-Hookah-Silica-Gel-Hose-Skull-Style-Pattern-Shisha-Silicone-Hose-Chicha-Narguile.webp","width":800,"height":800,"caption":"Skull Style Silicone Hookah Hose Wholesale"},{"@type":"BreadcrumbList","@id":"https:\/\/global-hookah.com\/de\/produkt\/schadel-stil-silikon-wasserpfeife-schlauch-groshandel\/#breadcrumb","itemListElement":[{"@type":"ListItem","position":1,"name":"Home","item":"https:\/\/global-hookah.com\/"},{"@type":"ListItem","position":2,"name":"Shop","item":"https:\/\/global-hookah.com\/shop\/"},{"@type":"ListItem","position":3,"name":"Skull Style Silicone Hookah Hose Wholesale"}]},{"@type":"WebSite","@id":"https:\/\/global-hookah.com\/#website","url":"https:\/\/global-hookah.com\/","name":"Global Hookah","description":"Global Hookah","publisher":{"@id":"https:\/\/global-hookah.com\/#organization"},"potentialAction":[{"@type":"SearchAction","target":{"@type":"EntryPoint","urlTemplate":"https:\/\/global-hookah.com\/?s={search_term_string}"},"query-input":{"@type":"PropertyValueSpecification","valueRequired":true,"valueName":"search_term_string"}}],"inLanguage":"es"},{"@type":"Organization","@id":"https:\/\/global-hookah.com\/#organization","name":"Global Hookah","url":"https:\/\/global-hookah.com\/","logo":{"@type":"ImageObject","inLanguage":"es","@id":"https:\/\/global-hookah.com\/#\/schema\/logo\/image\/","url":"https:\/\/global-hookah.com\/wp-content\/uploads\/2021\/10\/cropped-fgg.png","contentUrl":"https:\/\/global-hookah.com\/wp-content\/uploads\/2021\/10\/cropped-fgg.png","width":512,"height":512,"caption":"Global Hookah"},"image":{"@id":"https:\/\/global-hookah.com\/#\/schema\/logo\/image\/"}}]}},"_links":{"self":[{"href":"https:\/\/global-hookah.com\/es\/wp-json\/wp\/v2\/product\/21271","targetHints":{"allow":["GET"]}}],"collection":[{"href":"https:\/\/global-hookah.com\/es\/wp-json\/wp\/v2\/product"}],"about":[{"href":"https:\/\/global-hookah.com\/es\/wp-json\/wp\/v2\/types\/product"}],"replies":[{"embeddable":true,"href":"https:\/\/global-hookah.com\/es\/wp-json\/wp\/v2\/comments?post=21271"}],"version-history":[{"count":0,"href":"https:\/\/global-hookah.com\/es\/wp-json\/wp\/v2\/product\/21271\/revisions"}],"wp:featuredmedia":[{"embeddable":true,"href":"https:\/\/global-hookah.com\/es\/wp-json\/wp\/v2\/media\/21274"}],"wp:attachment":[{"href":"https:\/\/global-hookah.com\/es\/wp-json\/wp\/v2\/media?parent=21271"}],"wp:term":[{"taxonomy":"product_brand","embeddable":true,"href":"https:\/\/global-hookah.com\/es\/wp-json\/wp\/v2\/product_brand?post=21271"},{"taxonomy":"product_cat","embeddable":true,"href":"https:\/\/global-hookah.com\/es\/wp-json\/wp\/v2\/product_cat?post=21271"},{"taxonomy":"product_tag","embeddable":true,"href":"https:\/\/global-hookah.com\/es\/wp-json\/wp\/v2\/product_tag?post=21271"}],"curies":[{"name":"wp","href":"https:\/\/api.w.org\/{rel}","templated":true}]}}