{"id":21324,"date":"2024-04-19T09:01:59","date_gmt":"2024-04-19T09:01:59","guid":{"rendered":"https:\/\/global-hookah.com\/product\/white-glass-hookah-hose-wholesale\/"},"modified":"2024-04-21T08:49:04","modified_gmt":"2024-04-21T08:49:04","slug":"white-glass-hookah-hose-wholesale","status":"publish","type":"product","link":"https:\/\/global-hookah.com\/es\/producto\/white-glass-hookah-hose-wholesale\/","title":{"rendered":"Manguera de vidrio blanco para narguile al por mayor"},"content":{"rendered":"<p>Sabemos que usar narguile requiere <a href=\"https:\/\/global-hookah.com\/\">mangueras de alta calidad<\/a>. Porque afectar\u00e1 en gran medida a la experiencia de fumar. Por lo tanto, hemos preparado cuidadosamente una variedad de <a href=\"https:\/\/global-hookah.com\/product-category\/hookah-accessories-wholesale\/hookah-hose-wholesale\/\"><strong>manguera de alta calidad<\/strong> <\/a>opciones para usted.<\/p>\n<p>En primer lugar, nos gustar\u00eda recomendar nuestra manguera m\u00e1s popular - <strong>Hookah Hos de cristal blanco<\/strong>e. Est\u00e1 hecho de pl\u00e1stico y vidrio, para que pueda disfrutar de la noche Hookah brillante y encantador. , 360 \u00b0 muestra la imagen perfecta de humo ondulante en el tubo, y se puede disfrutar del humo encantador.<\/p>\n<p>Adem\u00e1s, tambi\u00e9n tenemos una serie de mangueras transparentes, emparejadas con tiras de luz LED, que aportar\u00e1n una experiencia m\u00e1s fresca a tu experiencia de shisha.<\/p>\n<p>Especialmente para aquellos que utilizan hookah por primera vez, este <strong>manguera de vidrio hookah<\/strong> tambi\u00e9n es muy adecuado. Su funcionamiento es sencillo, y sus accesorios son f\u00e1ciles de desmontar, lo que no causar\u00e1 ning\u00fan problema de uso. Si quieres probar la cultura de la shisha de Oriente Medio, \u00a1\u00e9sta es la elecci\u00f3n correcta!<\/p>\n<div class=\"detailmodule_text-image\"><\/div>\n<div class=\"detailmodule_text-image\"><img decoding=\"async\" class=\"detail-desc-decorate-image\" src=\"https:\/\/ae01.alicdn.com\/kf\/S101ccab6ee924998b3146040e43a7d25s.jpg\" \/><img decoding=\"async\" class=\"detail-desc-decorate-image\" src=\"https:\/\/ae01.alicdn.com\/kf\/Sc641f10c4e63437e853fd16ad7d565407.jpg\" \/><img decoding=\"async\" class=\"detail-desc-decorate-image\" src=\"https:\/\/ae01.alicdn.com\/kf\/S4b4f5e32e5d24967a1abc6dddedce5fe4.jpg\" \/><img decoding=\"async\" class=\"detail-desc-decorate-image\" src=\"https:\/\/ae01.alicdn.com\/kf\/S3324697008c84f63b4b2281e76b41532V.jpg\" \/><img decoding=\"async\" class=\"detail-desc-decorate-image\" src=\"https:\/\/ae01.alicdn.com\/kf\/S63b5b2dc000d41058cfe469f96e73131W.jpg\" \/><img decoding=\"async\" class=\"detail-desc-decorate-image\" src=\"https:\/\/ae01.alicdn.com\/kf\/Sdd76d68b57b2437a963349159bd87d52u.jpg\" \/><img decoding=\"async\" class=\"detail-desc-decorate-image\" src=\"https:\/\/ae01.alicdn.com\/kf\/Sd50403c835bd4b459891b399cfa47d1ft.jpg\" \/><img decoding=\"async\" class=\"detail-desc-decorate-image\" src=\"https:\/\/ae01.alicdn.com\/kf\/Sd381c4e5748e4b76846273c8d2df2e36G.jpg\" \/><img decoding=\"async\" class=\"detail-desc-decorate-image\" src=\"https:\/\/ae01.alicdn.com\/kf\/Sfda0cb1a3a5a4a03b7aa883307440e1aJ.jpg\" \/><img decoding=\"async\" class=\"detail-desc-decorate-image\" src=\"https:\/\/ae01.alicdn.com\/kf\/Sa419933eddea433c81d825fc1840ee549.jpg\" \/><\/div>\n<div class=\"detailmodule_text-image\">\\<\/div>\n<p>&nbsp;<\/p>","protected":false},"excerpt":{"rendered":"<p>Sabemos que el uso de narguile requiere mangueras de alta calidad. Porque afectar\u00e1 en gran medida a la experiencia de fumar. Por lo tanto, hemos cuidado<\/p>","protected":false},"featured_media":21325,"comment_status":"closed","ping_status":"closed","template":"","meta":{"iawp_total_views":3,"_joinchat":[]},"product_brand":[],"product_cat":[644],"product_tag":[],"class_list":{"0":"post-21324","1":"product","2":"type-product","3":"status-publish","4":"has-post-thumbnail","6":"product_cat-hookah-hose-wholesale","8":"first","9":"instock","10":"shipping-taxable","11":"product-type-external"},"yoast_head":"<!-- This site is optimized with the Yoast SEO Premium plugin v24.7 (Yoast SEO v26.8) - https:\/\/yoast.com\/product\/yoast-seo-premium-wordpress\/ -->\n<title>White Glass Hookah Hose Wholesale - Global Hookah<\/title>\n<meta name=\"robots\" content=\"index, follow, max-snippet:-1, max-image-preview:large, max-video-preview:-1\" \/>\n<link rel=\"canonical\" href=\"https:\/\/global-hookah.com\/es\/producto\/white-glass-hookah-hose-wholesale\/\" \/>\n<meta property=\"og:locale\" content=\"es_ES\" \/>\n<meta property=\"og:type\" content=\"article\" \/>\n<meta property=\"og:title\" content=\"White Glass Hookah Hose Wholesale\" \/>\n<meta property=\"og:description\" content=\"We know that using hookah requires high-quality hoses. Because it will greatly affect the smoking experience. Therefore, we have carefully\" \/>\n<meta property=\"og:url\" content=\"https:\/\/global-hookah.com\/es\/producto\/white-glass-hookah-hose-wholesale\/\" \/>\n<meta property=\"og:site_name\" content=\"Global Hookah\" \/>\n<meta property=\"article:modified_time\" content=\"2024-04-21T08:49:04+00:00\" \/>\n<meta property=\"og:image\" content=\"https:\/\/global-hookah.com\/wp-content\/uploads\/2024\/04\/kf-S101ccab6ee924998b3146040e43a7d25s-SY-1pc-Plastic-Shisha-Pipe-Long-Mouth-Pipes-Hookah-Hose-Plastic-Handle-Shisha-Tube-Cachimbas-Chicha.webp\" \/>\n\t<meta property=\"og:image:width\" content=\"800\" \/>\n\t<meta property=\"og:image:height\" content=\"800\" \/>\n\t<meta property=\"og:image:type\" content=\"image\/webp\" \/>\n<meta name=\"twitter:card\" content=\"summary_large_image\" \/>\n<meta name=\"twitter:label1\" content=\"Tiempo de lectura\" \/>\n\t<meta name=\"twitter:data1\" content=\"3 minutos\" \/>\n<script type=\"application\/ld+json\" class=\"yoast-schema-graph\">{\"@context\":\"https:\/\/schema.org\",\"@graph\":[{\"@type\":\"WebPage\",\"@id\":\"https:\/\/global-hookah.com\/product\/white-glass-hookah-hose-wholesale\/\",\"url\":\"https:\/\/global-hookah.com\/product\/white-glass-hookah-hose-wholesale\/\",\"name\":\"White Glass Hookah Hose Wholesale - Global Hookah\",\"isPartOf\":{\"@id\":\"https:\/\/global-hookah.com\/#website\"},\"primaryImageOfPage\":{\"@id\":\"https:\/\/global-hookah.com\/product\/white-glass-hookah-hose-wholesale\/#primaryimage\"},\"image\":{\"@id\":\"https:\/\/global-hookah.com\/product\/white-glass-hookah-hose-wholesale\/#primaryimage\"},\"thumbnailUrl\":\"https:\/\/global-hookah.com\/wp-content\/uploads\/2024\/04\/kf-S101ccab6ee924998b3146040e43a7d25s-SY-1pc-Plastic-Shisha-Pipe-Long-Mouth-Pipes-Hookah-Hose-Plastic-Handle-Shisha-Tube-Cachimbas-Chicha.webp\",\"datePublished\":\"2024-04-19T09:01:59+00:00\",\"dateModified\":\"2024-04-21T08:49:04+00:00\",\"breadcrumb\":{\"@id\":\"https:\/\/global-hookah.com\/product\/white-glass-hookah-hose-wholesale\/#breadcrumb\"},\"inLanguage\":\"es\",\"potentialAction\":[{\"@type\":\"ReadAction\",\"target\":[\"https:\/\/global-hookah.com\/product\/white-glass-hookah-hose-wholesale\/\"]}]},{\"@type\":\"ImageObject\",\"inLanguage\":\"es\",\"@id\":\"https:\/\/global-hookah.com\/product\/white-glass-hookah-hose-wholesale\/#primaryimage\",\"url\":\"https:\/\/global-hookah.com\/wp-content\/uploads\/2024\/04\/kf-S101ccab6ee924998b3146040e43a7d25s-SY-1pc-Plastic-Shisha-Pipe-Long-Mouth-Pipes-Hookah-Hose-Plastic-Handle-Shisha-Tube-Cachimbas-Chicha.webp\",\"contentUrl\":\"https:\/\/global-hookah.com\/wp-content\/uploads\/2024\/04\/kf-S101ccab6ee924998b3146040e43a7d25s-SY-1pc-Plastic-Shisha-Pipe-Long-Mouth-Pipes-Hookah-Hose-Plastic-Handle-Shisha-Tube-Cachimbas-Chicha.webp\",\"width\":800,\"height\":800,\"caption\":\"White Glass Hookah Hose Wholesale\"},{\"@type\":\"BreadcrumbList\",\"@id\":\"https:\/\/global-hookah.com\/product\/white-glass-hookah-hose-wholesale\/#breadcrumb\",\"itemListElement\":[{\"@type\":\"ListItem\",\"position\":1,\"name\":\"Home\",\"item\":\"https:\/\/global-hookah.com\/\"},{\"@type\":\"ListItem\",\"position\":2,\"name\":\"Shop\",\"item\":\"https:\/\/global-hookah.com\/shop\/\"},{\"@type\":\"ListItem\",\"position\":3,\"name\":\"White Glass Hookah Hose Wholesale\"}]},{\"@type\":\"WebSite\",\"@id\":\"https:\/\/global-hookah.com\/#website\",\"url\":\"https:\/\/global-hookah.com\/\",\"name\":\"Global Hookah\",\"description\":\"Global Hookah\",\"publisher\":{\"@id\":\"https:\/\/global-hookah.com\/#organization\"},\"potentialAction\":[{\"@type\":\"SearchAction\",\"target\":{\"@type\":\"EntryPoint\",\"urlTemplate\":\"https:\/\/global-hookah.com\/?s={search_term_string}\"},\"query-input\":{\"@type\":\"PropertyValueSpecification\",\"valueRequired\":true,\"valueName\":\"search_term_string\"}}],\"inLanguage\":\"es\"},{\"@type\":\"Organization\",\"@id\":\"https:\/\/global-hookah.com\/#organization\",\"name\":\"Global Hookah\",\"url\":\"https:\/\/global-hookah.com\/\",\"logo\":{\"@type\":\"ImageObject\",\"inLanguage\":\"es\",\"@id\":\"https:\/\/global-hookah.com\/#\/schema\/logo\/image\/\",\"url\":\"https:\/\/global-hookah.com\/wp-content\/uploads\/2021\/10\/cropped-fgg.png\",\"contentUrl\":\"https:\/\/global-hookah.com\/wp-content\/uploads\/2021\/10\/cropped-fgg.png\",\"width\":512,\"height\":512,\"caption\":\"Global Hookah\"},\"image\":{\"@id\":\"https:\/\/global-hookah.com\/#\/schema\/logo\/image\/\"}}]}<\/script>\n<!-- \/ Yoast SEO Premium plugin. -->","yoast_head_json":{"title":"Manguera de vidrio blanco Hookah al por mayor - Global Hookah","robots":{"index":"index","follow":"follow","max-snippet":"max-snippet:-1","max-image-preview":"max-image-preview:large","max-video-preview":"max-video-preview:-1"},"canonical":"https:\/\/global-hookah.com\/es\/producto\/white-glass-hookah-hose-wholesale\/","og_locale":"es_ES","og_type":"article","og_title":"White Glass Hookah Hose Wholesale","og_description":"We know that using hookah requires high-quality hoses. Because it will greatly affect the smoking experience. Therefore, we have carefully","og_url":"https:\/\/global-hookah.com\/es\/producto\/white-glass-hookah-hose-wholesale\/","og_site_name":"Global Hookah","article_modified_time":"2024-04-21T08:49:04+00:00","og_image":[{"width":800,"height":800,"url":"https:\/\/global-hookah.com\/wp-content\/uploads\/2024\/04\/kf-S101ccab6ee924998b3146040e43a7d25s-SY-1pc-Plastic-Shisha-Pipe-Long-Mouth-Pipes-Hookah-Hose-Plastic-Handle-Shisha-Tube-Cachimbas-Chicha.webp","type":"image\/webp"}],"twitter_card":"summary_large_image","twitter_misc":{"Tiempo de lectura":"3 minutos"},"schema":{"@context":"https:\/\/schema.org","@graph":[{"@type":"WebPage","@id":"https:\/\/global-hookah.com\/product\/white-glass-hookah-hose-wholesale\/","url":"https:\/\/global-hookah.com\/product\/white-glass-hookah-hose-wholesale\/","name":"Manguera de vidrio blanco Hookah al por mayor - Global Hookah","isPartOf":{"@id":"https:\/\/global-hookah.com\/#website"},"primaryImageOfPage":{"@id":"https:\/\/global-hookah.com\/product\/white-glass-hookah-hose-wholesale\/#primaryimage"},"image":{"@id":"https:\/\/global-hookah.com\/product\/white-glass-hookah-hose-wholesale\/#primaryimage"},"thumbnailUrl":"https:\/\/global-hookah.com\/wp-content\/uploads\/2024\/04\/kf-S101ccab6ee924998b3146040e43a7d25s-SY-1pc-Plastic-Shisha-Pipe-Long-Mouth-Pipes-Hookah-Hose-Plastic-Handle-Shisha-Tube-Cachimbas-Chicha.webp","datePublished":"2024-04-19T09:01:59+00:00","dateModified":"2024-04-21T08:49:04+00:00","breadcrumb":{"@id":"https:\/\/global-hookah.com\/product\/white-glass-hookah-hose-wholesale\/#breadcrumb"},"inLanguage":"es","potentialAction":[{"@type":"ReadAction","target":["https:\/\/global-hookah.com\/product\/white-glass-hookah-hose-wholesale\/"]}]},{"@type":"ImageObject","inLanguage":"es","@id":"https:\/\/global-hookah.com\/product\/white-glass-hookah-hose-wholesale\/#primaryimage","url":"https:\/\/global-hookah.com\/wp-content\/uploads\/2024\/04\/kf-S101ccab6ee924998b3146040e43a7d25s-SY-1pc-Plastic-Shisha-Pipe-Long-Mouth-Pipes-Hookah-Hose-Plastic-Handle-Shisha-Tube-Cachimbas-Chicha.webp","contentUrl":"https:\/\/global-hookah.com\/wp-content\/uploads\/2024\/04\/kf-S101ccab6ee924998b3146040e43a7d25s-SY-1pc-Plastic-Shisha-Pipe-Long-Mouth-Pipes-Hookah-Hose-Plastic-Handle-Shisha-Tube-Cachimbas-Chicha.webp","width":800,"height":800,"caption":"White Glass Hookah Hose Wholesale"},{"@type":"BreadcrumbList","@id":"https:\/\/global-hookah.com\/product\/white-glass-hookah-hose-wholesale\/#breadcrumb","itemListElement":[{"@type":"ListItem","position":1,"name":"Home","item":"https:\/\/global-hookah.com\/"},{"@type":"ListItem","position":2,"name":"Shop","item":"https:\/\/global-hookah.com\/shop\/"},{"@type":"ListItem","position":3,"name":"White Glass Hookah Hose Wholesale"}]},{"@type":"WebSite","@id":"https:\/\/global-hookah.com\/#website","url":"https:\/\/global-hookah.com\/","name":"Global Hookah","description":"Global Hookah","publisher":{"@id":"https:\/\/global-hookah.com\/#organization"},"potentialAction":[{"@type":"SearchAction","target":{"@type":"EntryPoint","urlTemplate":"https:\/\/global-hookah.com\/?s={search_term_string}"},"query-input":{"@type":"PropertyValueSpecification","valueRequired":true,"valueName":"search_term_string"}}],"inLanguage":"es"},{"@type":"Organization","@id":"https:\/\/global-hookah.com\/#organization","name":"Global Hookah","url":"https:\/\/global-hookah.com\/","logo":{"@type":"ImageObject","inLanguage":"es","@id":"https:\/\/global-hookah.com\/#\/schema\/logo\/image\/","url":"https:\/\/global-hookah.com\/wp-content\/uploads\/2021\/10\/cropped-fgg.png","contentUrl":"https:\/\/global-hookah.com\/wp-content\/uploads\/2021\/10\/cropped-fgg.png","width":512,"height":512,"caption":"Global Hookah"},"image":{"@id":"https:\/\/global-hookah.com\/#\/schema\/logo\/image\/"}}]}},"_links":{"self":[{"href":"https:\/\/global-hookah.com\/es\/wp-json\/wp\/v2\/product\/21324","targetHints":{"allow":["GET"]}}],"collection":[{"href":"https:\/\/global-hookah.com\/es\/wp-json\/wp\/v2\/product"}],"about":[{"href":"https:\/\/global-hookah.com\/es\/wp-json\/wp\/v2\/types\/product"}],"replies":[{"embeddable":true,"href":"https:\/\/global-hookah.com\/es\/wp-json\/wp\/v2\/comments?post=21324"}],"version-history":[{"count":0,"href":"https:\/\/global-hookah.com\/es\/wp-json\/wp\/v2\/product\/21324\/revisions"}],"wp:featuredmedia":[{"embeddable":true,"href":"https:\/\/global-hookah.com\/es\/wp-json\/wp\/v2\/media\/21325"}],"wp:attachment":[{"href":"https:\/\/global-hookah.com\/es\/wp-json\/wp\/v2\/media?parent=21324"}],"wp:term":[{"taxonomy":"product_brand","embeddable":true,"href":"https:\/\/global-hookah.com\/es\/wp-json\/wp\/v2\/product_brand?post=21324"},{"taxonomy":"product_cat","embeddable":true,"href":"https:\/\/global-hookah.com\/es\/wp-json\/wp\/v2\/product_cat?post=21324"},{"taxonomy":"product_tag","embeddable":true,"href":"https:\/\/global-hookah.com\/es\/wp-json\/wp\/v2\/product_tag?post=21324"}],"curies":[{"name":"wp","href":"https:\/\/api.w.org\/{rel}","templated":true}]}}