{"id":21575,"date":"2024-04-25T03:01:18","date_gmt":"2024-04-25T03:01:18","guid":{"rendered":"https:\/\/global-hookah.com\/product\/bulk-modern-acrylic-hookah-set-wholesale\/"},"modified":"2024-04-25T05:33:51","modified_gmt":"2024-04-25T05:33:51","slug":"bulk-modern-acrylic-hookah-set-wholesale","status":"publish","type":"product","link":"https:\/\/global-hookah.com\/es\/producto\/bulk-modern-acrylic-hookah-set-wholesale\/","title":{"rendered":"Juego de narguile acr\u00edlico moderno al por mayor"},"content":{"rendered":"<div data-elementor-type=\"wp-post\" data-elementor-id=\"21575\" class=\"elementor elementor-21575\">\n\t\t\t\t\t\t<section class=\"elementor-section elementor-top-section elementor-element elementor-element-09a1b98 elementor-section-boxed elementor-section-height-default elementor-section-height-default\" data-id=\"09a1b98\" data-element_type=\"section\" data-e-type=\"section\">\n\t\t\t\t\t\t<div class=\"elementor-container elementor-column-gap-default\">\n\t\t\t\t\t<div class=\"elementor-column elementor-col-100 elementor-top-column elementor-element elementor-element-44d67c9\" data-id=\"44d67c9\" data-element_type=\"column\" data-e-type=\"column\">\n\t\t\t<div class=\"elementor-widget-wrap elementor-element-populated\">\n\t\t\t\t\t\t<div class=\"elementor-element elementor-element-dea95f7 elementor-widget elementor-widget-video\" data-id=\"dea95f7\" data-element_type=\"widget\" data-e-type=\"widget\" data-settings=\"{&quot;youtube_url&quot;:&quot;https:\\\/\\\/youtu.be\\\/L_jJaIkqsX8&quot;,&quot;video_type&quot;:&quot;youtube&quot;,&quot;controls&quot;:&quot;yes&quot;}\" data-widget_type=\"video.default\">\n\t\t\t\t<div class=\"elementor-widget-container\">\n\t\t\t\t\t\t\t<div class=\"elementor-wrapper elementor-open-inline\">\n\t\t\t<div class=\"elementor-video\"><\/div>\t\t<\/div>\n\t\t\t\t\t\t<\/div>\n\t\t\t\t<\/div>\n\t\t\t\t\t<\/div>\n\t\t<\/div>\n\t\t\t\t\t<\/div>\n\t\t<\/section>\n\t\t\t\t<section class=\"elementor-section elementor-top-section elementor-element elementor-element-37357d3d elementor-section-boxed elementor-section-height-default elementor-section-height-default\" data-id=\"37357d3d\" data-element_type=\"section\" data-e-type=\"section\">\n\t\t\t\t\t\t<div class=\"elementor-container elementor-column-gap-default\">\n\t\t\t\t\t<div class=\"elementor-column elementor-col-100 elementor-top-column elementor-element elementor-element-7c05d9c9\" data-id=\"7c05d9c9\" data-element_type=\"column\" data-e-type=\"column\">\n\t\t\t<div class=\"elementor-widget-wrap elementor-element-populated\">\n\t\t\t\t\t\t<div class=\"elementor-element elementor-element-7941c7b8 color-scheme-inherit text-left elementor-widget elementor-widget-text-editor\" data-id=\"7941c7b8\" data-element_type=\"widget\" data-e-type=\"widget\" data-widget_type=\"text-editor.default\">\n\t\t\t\t<div class=\"elementor-widget-container\">\n\t\t\t\t\t\t\t\t\t\t\t\t<div class=\"product-specs-list-container\">\n\t\t\t\t<ul class=\"product-specs-list util-clearfix\">\n\t\t\t\t\t\t\t\t\t\t\t<li class=\"product-prop line-limit-length\"><span\n\t\t\t\t\t\t\t\t\tclass=\"property-title\">N\u00famero de modelo:&nbsp;<\/span><span\n\t\t\t\t\t\t\t\t\tclass=\"property-desc line-limit-length\">QC2307003<\/span>\n\t\t\t\t\t\t<\/li>\n\t\t\t\t\t\t\t\t\t\t\t\t<li class=\"product-prop line-limit-length\"><span\n\t\t\t\t\t\t\t\t\tclass=\"property-title\">Forma:&nbsp;<\/span><span\n\t\t\t\t\t\t\t\t\tclass=\"property-desc line-limit-length\">Tipo recto<\/span>\n\t\t\t\t\t\t<\/li>\n\t\t\t\t\t\t\t\t\t\t\t\t<li class=\"product-prop line-limit-length\"><span\n\t\t\t\t\t\t\t\t\tclass=\"property-title\">Material:&nbsp;<\/span><span\n\t\t\t\t\t\t\t\t\tclass=\"property-desc line-limit-length\">Acr\u00edlico<\/span>\n\t\t\t\t\t\t<\/li>\n\t\t\t\t\t\t\t\t\t\t\t\t<li class=\"product-prop line-limit-length\"><span\n\t\t\t\t\t\t\t\t\tclass=\"property-title\">Origen:&nbsp;<\/span><span\n\t\t\t\t\t\t\t\t\tclass=\"property-desc line-limit-length\">China continental<\/span>\n\t\t\t\t\t\t<\/li>\n\t\t\t\t\t\t\t\t\t\t\t\t<li class=\"product-prop line-limit-length\"><span\n\t\t\t\t\t\t\t\t\tclass=\"property-title\">Versi\u00f3n:&nbsp;<\/span><span\n\t\t\t\t\t\t\t\t\tclass=\"property-desc line-limit-length\">HEXRE2<\/span>\n\t\t\t\t\t\t<\/li>\n\t\t\t\t\t\t\t\t\t\t\t\t<li class=\"product-prop line-limit-length\"><span\n\t\t\t\t\t\t\t\t\tclass=\"property-title\">Material:&nbsp;<\/span><span\n\t\t\t\t\t\t\t\t\tclass=\"property-desc line-limit-length\">Acr\u00edlico y aleaci\u00f3n de aluminio<\/span>\n\t\t\t\t\t\t<\/li>\n\t\t\t\t\t\t\t\t\t\t\t\t<li class=\"product-prop line-limit-length\"><span\n\t\t\t\t\t\t\t\t\tclass=\"property-title\">Solicitud de bater\u00eda:&nbsp;<\/span><span\n\t\t\t\t\t\t\t\t\tclass=\"property-desc line-limit-length\">3 AAA y 1 2025 \u00f3 1220<\/span>\n\t\t\t\t\t\t<\/li>\n\t\t\t\t\t\t\t\t\t\t\t\t<li class=\"product-prop line-limit-length\"><span\n\t\t\t\t\t\t\t\t\tclass=\"property-title\">N\u00ba de usuarios:&nbsp;<\/span><span\n\t\t\t\t\t\t\t\t\tclass=\"property-desc line-limit-length\">Soporte para 2 usuarios<\/span>\n\t\t\t\t\t\t<\/li>\n\t\t\t\t\t\t\t\t\t\t\t\t<li class=\"product-prop line-limit-length\"><span\n\t\t\t\t\t\t\t\t\tclass=\"property-title\">Advertencia:&nbsp;<\/span><span\n\t\t\t\t\t\t\t\t\tclass=\"property-desc line-limit-length\">Prohibici\u00f3n de uso por menores<\/span>\n\t\t\t\t\t\t<\/li>\n\t\t\t\t\t\t\t\t\t\t\t\t<li class=\"product-prop line-limit-length\"><span\n\t\t\t\t\t\t\t\t\tclass=\"property-title\">Fabricante:&nbsp;<\/span><span\n\t\t\t\t\t\t\t\t\tclass=\"property-desc line-limit-length\">QiQiCi<\/span>\n\t\t\t\t\t\t<\/li>\n\t\t\t\t\t\t\t\t\t\t<\/ul>\n\t\t\t<\/div>\n\t\t\t<p><img decoding=\"async\" src=\"https:\/\/ae01.alicdn.com\/kf\/S522d542562254dffad549161d5b52d09S.jpg\" slate-data-type=\"image\"\/><img decoding=\"async\" src=\"https:\/\/ae01.alicdn.com\/kf\/S6e2177037adc45fda50c67453fede49bi.jpg\" slate-data-type=\"image\"\/><img decoding=\"async\" src=\"https:\/\/ae01.alicdn.com\/kf\/Se465cc5b1d6e4f65803fabdb3d604d3co.jpg\" slate-data-type=\"image\"\/><img decoding=\"async\" src=\"https:\/\/ae01.alicdn.com\/kf\/S1e558cc8c5164a579a813a5c28342b86e.jpg\" slate-data-type=\"image\"\/><\/p>\n\n\t\t\t\t\t\t\t\t<\/div>\n\t\t\t\t<\/div>\n\t\t\t\t\t<\/div>\n\t\t<\/div>\n\t\t\t\t\t<\/div>\n\t\t<\/section>\n\t\t\t\t<\/div>","protected":false},"excerpt":{"rendered":"<p>N\u00famero de modelo: QC2307003 Forma: Tipo recto Material: Acr\u00edlico Origen: China continental Versi\u00f3n: HEXRE2 Material: Acr\u00edlico y aleaci\u00f3n de aluminio Solicitud de bater\u00eda: 3 AAA y 1 2025 o 1220 N \u00ba de<\/p>","protected":false},"featured_media":21576,"comment_status":"closed","ping_status":"closed","template":"","meta":{"iawp_total_views":0,"_joinchat":[]},"product_brand":[],"product_cat":[559],"product_tag":[],"class_list":{"0":"post-21575","1":"product","2":"type-product","3":"status-publish","4":"has-post-thumbnail","6":"product_cat-portable-hookah-wholesale","8":"first","9":"instock","10":"shipping-taxable","11":"product-type-external"},"yoast_head":"<!-- This site is optimized with the Yoast SEO Premium plugin v24.7 (Yoast SEO v26.8) - https:\/\/yoast.com\/product\/yoast-seo-premium-wordpress\/ -->\n<title>Bulk Modern Acrylic Hookah Set Wholesale - Global Hookah<\/title>\n<meta name=\"robots\" content=\"index, follow, max-snippet:-1, max-image-preview:large, max-video-preview:-1\" \/>\n<link rel=\"canonical\" href=\"https:\/\/global-hookah.com\/es\/producto\/bulk-modern-acrylic-hookah-set-wholesale\/\" \/>\n<meta property=\"og:locale\" content=\"es_ES\" \/>\n<meta property=\"og:type\" content=\"article\" \/>\n<meta property=\"og:title\" content=\"Bulk Modern Acrylic Hookah Set Wholesale\" \/>\n<meta property=\"og:description\" content=\"Model Number:\u00a0QC2307003 Shape:\u00a0Straight Type Material:\u00a0Acrylic Origin:\u00a0Mainland China Version:\u00a0HEXRE2 Material:\u00a0Acrylic&amp;Aluminium alloy Battery request:\u00a03 AAA &amp; 1 2025 or 1220 No. of\" \/>\n<meta property=\"og:url\" content=\"https:\/\/global-hookah.com\/es\/producto\/bulk-modern-acrylic-hookah-set-wholesale\/\" \/>\n<meta property=\"og:site_name\" content=\"Global Hookah\" \/>\n<meta property=\"article:modified_time\" content=\"2024-04-25T05:33:51+00:00\" \/>\n<meta property=\"og:image\" content=\"https:\/\/global-hookah.com\/wp-content\/uploads\/2024\/04\/kf-S640a4c4a96004d99ba49381fab9f1ba8d-Hookah-Set-Hookahs-1-Hose-Hookah-Shisha-with-Everything-Modern-Hexagon-QiQiCi-Acrylic-Hookah-with-Travel.webp\" \/>\n\t<meta property=\"og:image:width\" content=\"1000\" \/>\n\t<meta property=\"og:image:height\" content=\"1000\" \/>\n\t<meta property=\"og:image:type\" content=\"image\/webp\" \/>\n<meta name=\"twitter:card\" content=\"summary_large_image\" \/>\n<meta name=\"twitter:label1\" content=\"Tiempo de lectura\" \/>\n\t<meta name=\"twitter:data1\" content=\"2 minutos\" \/>\n<script type=\"application\/ld+json\" class=\"yoast-schema-graph\">{\"@context\":\"https:\/\/schema.org\",\"@graph\":[{\"@type\":\"WebPage\",\"@id\":\"https:\/\/global-hookah.com\/product\/bulk-modern-acrylic-hookah-set-wholesale\/\",\"url\":\"https:\/\/global-hookah.com\/product\/bulk-modern-acrylic-hookah-set-wholesale\/\",\"name\":\"Bulk Modern Acrylic Hookah Set Wholesale - Global Hookah\",\"isPartOf\":{\"@id\":\"https:\/\/global-hookah.com\/#website\"},\"primaryImageOfPage\":{\"@id\":\"https:\/\/global-hookah.com\/product\/bulk-modern-acrylic-hookah-set-wholesale\/#primaryimage\"},\"image\":{\"@id\":\"https:\/\/global-hookah.com\/product\/bulk-modern-acrylic-hookah-set-wholesale\/#primaryimage\"},\"thumbnailUrl\":\"https:\/\/global-hookah.com\/wp-content\/uploads\/2024\/04\/kf-S640a4c4a96004d99ba49381fab9f1ba8d-Hookah-Set-Hookahs-1-Hose-Hookah-Shisha-with-Everything-Modern-Hexagon-QiQiCi-Acrylic-Hookah-with-Travel.webp\",\"datePublished\":\"2024-04-25T03:01:18+00:00\",\"dateModified\":\"2024-04-25T05:33:51+00:00\",\"breadcrumb\":{\"@id\":\"https:\/\/global-hookah.com\/product\/bulk-modern-acrylic-hookah-set-wholesale\/#breadcrumb\"},\"inLanguage\":\"es\",\"potentialAction\":[{\"@type\":\"ReadAction\",\"target\":[\"https:\/\/global-hookah.com\/product\/bulk-modern-acrylic-hookah-set-wholesale\/\"]}]},{\"@type\":\"ImageObject\",\"inLanguage\":\"es\",\"@id\":\"https:\/\/global-hookah.com\/product\/bulk-modern-acrylic-hookah-set-wholesale\/#primaryimage\",\"url\":\"https:\/\/global-hookah.com\/wp-content\/uploads\/2024\/04\/kf-S640a4c4a96004d99ba49381fab9f1ba8d-Hookah-Set-Hookahs-1-Hose-Hookah-Shisha-with-Everything-Modern-Hexagon-QiQiCi-Acrylic-Hookah-with-Travel.webp\",\"contentUrl\":\"https:\/\/global-hookah.com\/wp-content\/uploads\/2024\/04\/kf-S640a4c4a96004d99ba49381fab9f1ba8d-Hookah-Set-Hookahs-1-Hose-Hookah-Shisha-with-Everything-Modern-Hexagon-QiQiCi-Acrylic-Hookah-with-Travel.webp\",\"width\":1000,\"height\":1000,\"caption\":\"Bulk Modern Acrylic Hookah Set Wholesale\"},{\"@type\":\"BreadcrumbList\",\"@id\":\"https:\/\/global-hookah.com\/product\/bulk-modern-acrylic-hookah-set-wholesale\/#breadcrumb\",\"itemListElement\":[{\"@type\":\"ListItem\",\"position\":1,\"name\":\"Home\",\"item\":\"https:\/\/global-hookah.com\/\"},{\"@type\":\"ListItem\",\"position\":2,\"name\":\"Shop\",\"item\":\"https:\/\/global-hookah.com\/shop\/\"},{\"@type\":\"ListItem\",\"position\":3,\"name\":\"Bulk Modern Acrylic Hookah Set Wholesale\"}]},{\"@type\":\"WebSite\",\"@id\":\"https:\/\/global-hookah.com\/#website\",\"url\":\"https:\/\/global-hookah.com\/\",\"name\":\"Global Hookah\",\"description\":\"Global Hookah\",\"publisher\":{\"@id\":\"https:\/\/global-hookah.com\/#organization\"},\"potentialAction\":[{\"@type\":\"SearchAction\",\"target\":{\"@type\":\"EntryPoint\",\"urlTemplate\":\"https:\/\/global-hookah.com\/?s={search_term_string}\"},\"query-input\":{\"@type\":\"PropertyValueSpecification\",\"valueRequired\":true,\"valueName\":\"search_term_string\"}}],\"inLanguage\":\"es\"},{\"@type\":\"Organization\",\"@id\":\"https:\/\/global-hookah.com\/#organization\",\"name\":\"Global Hookah\",\"url\":\"https:\/\/global-hookah.com\/\",\"logo\":{\"@type\":\"ImageObject\",\"inLanguage\":\"es\",\"@id\":\"https:\/\/global-hookah.com\/#\/schema\/logo\/image\/\",\"url\":\"https:\/\/global-hookah.com\/wp-content\/uploads\/2021\/10\/cropped-fgg.png\",\"contentUrl\":\"https:\/\/global-hookah.com\/wp-content\/uploads\/2021\/10\/cropped-fgg.png\",\"width\":512,\"height\":512,\"caption\":\"Global Hookah\"},\"image\":{\"@id\":\"https:\/\/global-hookah.com\/#\/schema\/logo\/image\/\"}}]}<\/script>\n<!-- \/ Yoast SEO Premium plugin. -->","yoast_head_json":{"title":"Juego de narguile acr\u00edlico moderno al por mayor - Global Hookah","robots":{"index":"index","follow":"follow","max-snippet":"max-snippet:-1","max-image-preview":"max-image-preview:large","max-video-preview":"max-video-preview:-1"},"canonical":"https:\/\/global-hookah.com\/es\/producto\/bulk-modern-acrylic-hookah-set-wholesale\/","og_locale":"es_ES","og_type":"article","og_title":"Bulk Modern Acrylic Hookah Set Wholesale","og_description":"Model Number:\u00a0QC2307003 Shape:\u00a0Straight Type Material:\u00a0Acrylic Origin:\u00a0Mainland China Version:\u00a0HEXRE2 Material:\u00a0Acrylic&amp;Aluminium alloy Battery request:\u00a03 AAA &amp; 1 2025 or 1220 No. of","og_url":"https:\/\/global-hookah.com\/es\/producto\/bulk-modern-acrylic-hookah-set-wholesale\/","og_site_name":"Global Hookah","article_modified_time":"2024-04-25T05:33:51+00:00","og_image":[{"width":1000,"height":1000,"url":"https:\/\/global-hookah.com\/wp-content\/uploads\/2024\/04\/kf-S640a4c4a96004d99ba49381fab9f1ba8d-Hookah-Set-Hookahs-1-Hose-Hookah-Shisha-with-Everything-Modern-Hexagon-QiQiCi-Acrylic-Hookah-with-Travel.webp","type":"image\/webp"}],"twitter_card":"summary_large_image","twitter_misc":{"Tiempo de lectura":"2 minutos"},"schema":{"@context":"https:\/\/schema.org","@graph":[{"@type":"WebPage","@id":"https:\/\/global-hookah.com\/product\/bulk-modern-acrylic-hookah-set-wholesale\/","url":"https:\/\/global-hookah.com\/product\/bulk-modern-acrylic-hookah-set-wholesale\/","name":"Juego de narguile acr\u00edlico moderno al por mayor - Global Hookah","isPartOf":{"@id":"https:\/\/global-hookah.com\/#website"},"primaryImageOfPage":{"@id":"https:\/\/global-hookah.com\/product\/bulk-modern-acrylic-hookah-set-wholesale\/#primaryimage"},"image":{"@id":"https:\/\/global-hookah.com\/product\/bulk-modern-acrylic-hookah-set-wholesale\/#primaryimage"},"thumbnailUrl":"https:\/\/global-hookah.com\/wp-content\/uploads\/2024\/04\/kf-S640a4c4a96004d99ba49381fab9f1ba8d-Hookah-Set-Hookahs-1-Hose-Hookah-Shisha-with-Everything-Modern-Hexagon-QiQiCi-Acrylic-Hookah-with-Travel.webp","datePublished":"2024-04-25T03:01:18+00:00","dateModified":"2024-04-25T05:33:51+00:00","breadcrumb":{"@id":"https:\/\/global-hookah.com\/product\/bulk-modern-acrylic-hookah-set-wholesale\/#breadcrumb"},"inLanguage":"es","potentialAction":[{"@type":"ReadAction","target":["https:\/\/global-hookah.com\/product\/bulk-modern-acrylic-hookah-set-wholesale\/"]}]},{"@type":"ImageObject","inLanguage":"es","@id":"https:\/\/global-hookah.com\/product\/bulk-modern-acrylic-hookah-set-wholesale\/#primaryimage","url":"https:\/\/global-hookah.com\/wp-content\/uploads\/2024\/04\/kf-S640a4c4a96004d99ba49381fab9f1ba8d-Hookah-Set-Hookahs-1-Hose-Hookah-Shisha-with-Everything-Modern-Hexagon-QiQiCi-Acrylic-Hookah-with-Travel.webp","contentUrl":"https:\/\/global-hookah.com\/wp-content\/uploads\/2024\/04\/kf-S640a4c4a96004d99ba49381fab9f1ba8d-Hookah-Set-Hookahs-1-Hose-Hookah-Shisha-with-Everything-Modern-Hexagon-QiQiCi-Acrylic-Hookah-with-Travel.webp","width":1000,"height":1000,"caption":"Bulk Modern Acrylic Hookah Set Wholesale"},{"@type":"BreadcrumbList","@id":"https:\/\/global-hookah.com\/product\/bulk-modern-acrylic-hookah-set-wholesale\/#breadcrumb","itemListElement":[{"@type":"ListItem","position":1,"name":"Home","item":"https:\/\/global-hookah.com\/"},{"@type":"ListItem","position":2,"name":"Shop","item":"https:\/\/global-hookah.com\/shop\/"},{"@type":"ListItem","position":3,"name":"Bulk Modern Acrylic Hookah Set Wholesale"}]},{"@type":"WebSite","@id":"https:\/\/global-hookah.com\/#website","url":"https:\/\/global-hookah.com\/","name":"Global Hookah","description":"Global Hookah","publisher":{"@id":"https:\/\/global-hookah.com\/#organization"},"potentialAction":[{"@type":"SearchAction","target":{"@type":"EntryPoint","urlTemplate":"https:\/\/global-hookah.com\/?s={search_term_string}"},"query-input":{"@type":"PropertyValueSpecification","valueRequired":true,"valueName":"search_term_string"}}],"inLanguage":"es"},{"@type":"Organization","@id":"https:\/\/global-hookah.com\/#organization","name":"Global Hookah","url":"https:\/\/global-hookah.com\/","logo":{"@type":"ImageObject","inLanguage":"es","@id":"https:\/\/global-hookah.com\/#\/schema\/logo\/image\/","url":"https:\/\/global-hookah.com\/wp-content\/uploads\/2021\/10\/cropped-fgg.png","contentUrl":"https:\/\/global-hookah.com\/wp-content\/uploads\/2021\/10\/cropped-fgg.png","width":512,"height":512,"caption":"Global Hookah"},"image":{"@id":"https:\/\/global-hookah.com\/#\/schema\/logo\/image\/"}}]}},"_links":{"self":[{"href":"https:\/\/global-hookah.com\/es\/wp-json\/wp\/v2\/product\/21575","targetHints":{"allow":["GET"]}}],"collection":[{"href":"https:\/\/global-hookah.com\/es\/wp-json\/wp\/v2\/product"}],"about":[{"href":"https:\/\/global-hookah.com\/es\/wp-json\/wp\/v2\/types\/product"}],"replies":[{"embeddable":true,"href":"https:\/\/global-hookah.com\/es\/wp-json\/wp\/v2\/comments?post=21575"}],"version-history":[{"count":0,"href":"https:\/\/global-hookah.com\/es\/wp-json\/wp\/v2\/product\/21575\/revisions"}],"wp:featuredmedia":[{"embeddable":true,"href":"https:\/\/global-hookah.com\/es\/wp-json\/wp\/v2\/media\/21576"}],"wp:attachment":[{"href":"https:\/\/global-hookah.com\/es\/wp-json\/wp\/v2\/media?parent=21575"}],"wp:term":[{"taxonomy":"product_brand","embeddable":true,"href":"https:\/\/global-hookah.com\/es\/wp-json\/wp\/v2\/product_brand?post=21575"},{"taxonomy":"product_cat","embeddable":true,"href":"https:\/\/global-hookah.com\/es\/wp-json\/wp\/v2\/product_cat?post=21575"},{"taxonomy":"product_tag","embeddable":true,"href":"https:\/\/global-hookah.com\/es\/wp-json\/wp\/v2\/product_tag?post=21575"}],"curies":[{"name":"wp","href":"https:\/\/api.w.org\/{rel}","templated":true}]}}