{"id":21587,"date":"2024-04-25T03:41:09","date_gmt":"2024-04-25T03:41:09","guid":{"rendered":"https:\/\/global-hookah.com\/product\/clearance-small-plastic-hookah-kit\/"},"modified":"2024-04-25T05:33:32","modified_gmt":"2024-04-25T05:33:32","slug":"clearance-small-plastic-hookah-kit","status":"publish","type":"product","link":"https:\/\/global-hookah.com\/es\/producto\/clearance-small-plastic-hookah-kit\/","title":{"rendered":"Liquidaci\u00f3n Kit de narguile peque\u00f1o de pl\u00e1stico"},"content":{"rendered":"<div class=\"product-specs-list-container\">\n<p><strong><span style=\"font-size: 16px; font-family: 'comic sans ms', cursive;\">Descripci\u00f3n del producto:<\/span><\/strong><\/p>\n<\/div>\n<p><span style=\"font-size: 16px; font-family: 'comic sans ms', cursive;\">Nombre:Kit de narguile peque\u00f1o de pl\u00e1stico<\/span><\/p>\n<p><span style=\"font-size: 16px; font-family: 'comic sans ms', cursive;\">Color :negro,morado,amarillo,verde,roseo,azul<\/span><\/p>\n<p><span style=\"font-size: 16px; font-family: 'comic sans ms', cursive;\">material\uff1aPl\u00e1stico<\/span><\/p>\n<p><span style=\"font-size: 16px; font-family: 'comic sans ms', cursive;\">Tama\u00f1o :35cm(alto)<\/span><\/p>\n<p><span style=\"font-size: 16px; font-family: 'comic sans ms', cursive;\">Lista de embalaje:<\/span><\/p>\n<p><span style=\"font-size: 16px; font-family: 'comic sans ms', cursive;\">1X PCS Base de pl\u00e1stico<\/span><\/p>\n<p><span style=\"font-size: 16px; font-family: 'comic sans ms', cursive;\">1X Pinza cl\u00e1sica<\/span><\/p>\n<p><span style=\"font-size: 16px; font-family: 'comic sans ms', cursive;\">1X Manguera de pl\u00e1stico PCS<\/span><\/p>\n<p><span style=\"font-size: 16px; font-family: 'comic sans ms', cursive;\">1X Bandeja de metal PCS<\/span><\/p>\n<p><span style=\"font-size: 16px; font-family: 'comic sans ms', cursive;\">1X Taz\u00f3n de silicona PCS<\/span><\/p>\n<p>&nbsp;<\/p>\n<p><span style=\"font-size: 16px; font-family: 'comic sans ms', cursive;\">El material es pl\u00e1stico, es ligero y de tama\u00f1o peque\u00f1o, f\u00e1cil de montar y desmontar, muy conveniente para llevar, es una excelente opci\u00f3n para su fumar al aire libre.<\/span><\/p>\n<p><span style=\"font-size: 16px; font-family: 'comic sans ms', cursive;\">Este es un gran kit hookah para bares y restaurantes hookah, que le da una gran experiencia de fumar.<\/span><img decoding=\"async\" src=\"https:\/\/ae01.alicdn.com\/kf\/S6ee060eab6cb4498a14b1c3b809c067dS.jpg\" \/><img decoding=\"async\" src=\"https:\/\/ae01.alicdn.com\/kf\/S5f60e9337d8a4eb28db3d8ad1905529fm.jpg\" \/><img decoding=\"async\" src=\"https:\/\/ae01.alicdn.com\/kf\/S6de74d3065d74be9b483da469dcc0f01h.jpg\" \/><img decoding=\"async\" src=\"https:\/\/ae01.alicdn.com\/kf\/S56781208e3f74ea99ca01330a6d5c696f.jpg\" \/><img decoding=\"async\" src=\"https:\/\/ae01.alicdn.com\/kf\/S3cc984c498944f2c9cc2a3cd80d14eb6b.jpg\" \/><img decoding=\"async\" src=\"https:\/\/ae01.alicdn.com\/kf\/Sa96b0afbfd9742648345d52f147b045bq.jpg\" \/><img decoding=\"async\" src=\"https:\/\/ae01.alicdn.com\/kf\/Sb29c4528b5554361aeb92e67db64d166O.jpg\" \/><img decoding=\"async\" src=\"https:\/\/ae01.alicdn.com\/kf\/Seb05236cafeb44f5972cf818f656a78al.jpg\" \/><img decoding=\"async\" src=\"https:\/\/ae01.alicdn.com\/kf\/S6054feac85ba488abf29be6cf015a9bbv.jpg\" \/><\/p>","protected":false},"excerpt":{"rendered":"<p>Descripci\u00f3n del producto: Nombre:Peque\u00f1o pl\u00e1stico Hookah Kit Color :negro,p\u00farpura,amarillo,verde,roseo,azul material\uff1aPlastic Tama\u00f1o :35cm(alto) Lista de embalaje: 1X PCS Base de pl\u00e1stico 1X PCS Classic<\/p>","protected":false},"featured_media":21588,"comment_status":"closed","ping_status":"closed","template":"","meta":{"iawp_total_views":0,"_joinchat":[]},"product_brand":[],"product_cat":[119],"product_tag":[],"class_list":{"0":"post-21587","1":"product","2":"type-product","3":"status-publish","4":"has-post-thumbnail","6":"product_cat-wholesale-hookah","8":"first","9":"instock","10":"shipping-taxable","11":"purchasable","12":"product-type-variable"},"yoast_head":"<!-- This site is optimized with the Yoast SEO Premium plugin v24.7 (Yoast SEO v26.8) - https:\/\/yoast.com\/product\/yoast-seo-premium-wordpress\/ -->\n<title>Clearance Small Plastic Hookah kit - Global Hookah<\/title>\n<meta name=\"robots\" content=\"index, follow, max-snippet:-1, max-image-preview:large, max-video-preview:-1\" \/>\n<link rel=\"canonical\" href=\"https:\/\/global-hookah.com\/es\/produkt\/freigabe-kleines-plastik-hookah-kit\/\" \/>\n<meta property=\"og:locale\" content=\"es_ES\" \/>\n<meta property=\"og:type\" content=\"article\" \/>\n<meta property=\"og:title\" content=\"Clearance Small Plastic Hookah kit\" \/>\n<meta property=\"og:description\" content=\"Product Description: Name:Small Plastic Hookah Kit Color :black,purple,yellow,green,roseo,blue material\uff1aPlastic Size :35cm(high) Packing list: 1X PCS Plastic Base 1X PCS Classic\" \/>\n<meta property=\"og:url\" content=\"https:\/\/global-hookah.com\/es\/produkt\/freigabe-kleines-plastik-hookah-kit\/\" \/>\n<meta property=\"og:site_name\" content=\"Global Hookah\" \/>\n<meta property=\"article:modified_time\" content=\"2024-04-25T05:33:32+00:00\" \/>\n<meta property=\"og:image\" content=\"https:\/\/global-hookah.com\/wp-content\/uploads\/2024\/04\/kf-S4069d0f95b38409a9f1df181978bc7f1G-Small-Plastic-Hookah-kit-Colorful-Transparent-Small-Cute-Hookah-Suitable-for-Men-and-Women-Gifts-in.webp\" \/>\n\t<meta property=\"og:image:width\" content=\"1000\" \/>\n\t<meta property=\"og:image:height\" content=\"1000\" \/>\n\t<meta property=\"og:image:type\" content=\"image\/webp\" \/>\n<meta name=\"twitter:card\" content=\"summary_large_image\" \/>\n<meta name=\"twitter:label1\" content=\"Tiempo de lectura\" \/>\n\t<meta name=\"twitter:data1\" content=\"3 minutos\" \/>\n<script type=\"application\/ld+json\" class=\"yoast-schema-graph\">{\"@context\":\"https:\/\/schema.org\",\"@graph\":[{\"@type\":\"WebPage\",\"@id\":\"https:\/\/global-hookah.com\/de\/produkt\/freigabe-kleines-plastik-hookah-kit\/\",\"url\":\"https:\/\/global-hookah.com\/de\/produkt\/freigabe-kleines-plastik-hookah-kit\/\",\"name\":\"Clearance Small Plastic Hookah kit - Global Hookah\",\"isPartOf\":{\"@id\":\"https:\/\/global-hookah.com\/#website\"},\"primaryImageOfPage\":{\"@id\":\"https:\/\/global-hookah.com\/de\/produkt\/freigabe-kleines-plastik-hookah-kit\/#primaryimage\"},\"image\":{\"@id\":\"https:\/\/global-hookah.com\/de\/produkt\/freigabe-kleines-plastik-hookah-kit\/#primaryimage\"},\"thumbnailUrl\":\"https:\/\/global-hookah.com\/wp-content\/uploads\/2024\/04\/kf-S4069d0f95b38409a9f1df181978bc7f1G-Small-Plastic-Hookah-kit-Colorful-Transparent-Small-Cute-Hookah-Suitable-for-Men-and-Women-Gifts-in.webp\",\"datePublished\":\"2024-04-25T03:41:09+00:00\",\"dateModified\":\"2024-04-25T05:33:32+00:00\",\"breadcrumb\":{\"@id\":\"https:\/\/global-hookah.com\/de\/produkt\/freigabe-kleines-plastik-hookah-kit\/#breadcrumb\"},\"inLanguage\":\"es\",\"potentialAction\":[{\"@type\":\"ReadAction\",\"target\":[\"https:\/\/global-hookah.com\/de\/produkt\/freigabe-kleines-plastik-hookah-kit\/\"]}]},{\"@type\":\"ImageObject\",\"inLanguage\":\"es\",\"@id\":\"https:\/\/global-hookah.com\/de\/produkt\/freigabe-kleines-plastik-hookah-kit\/#primaryimage\",\"url\":\"https:\/\/global-hookah.com\/wp-content\/uploads\/2024\/04\/kf-S4069d0f95b38409a9f1df181978bc7f1G-Small-Plastic-Hookah-kit-Colorful-Transparent-Small-Cute-Hookah-Suitable-for-Men-and-Women-Gifts-in.webp\",\"contentUrl\":\"https:\/\/global-hookah.com\/wp-content\/uploads\/2024\/04\/kf-S4069d0f95b38409a9f1df181978bc7f1G-Small-Plastic-Hookah-kit-Colorful-Transparent-Small-Cute-Hookah-Suitable-for-Men-and-Women-Gifts-in.webp\",\"width\":1000,\"height\":1000,\"caption\":\"Clearance Small Plastic Hookah kit\"},{\"@type\":\"BreadcrumbList\",\"@id\":\"https:\/\/global-hookah.com\/de\/produkt\/freigabe-kleines-plastik-hookah-kit\/#breadcrumb\",\"itemListElement\":[{\"@type\":\"ListItem\",\"position\":1,\"name\":\"Home\",\"item\":\"https:\/\/global-hookah.com\/\"},{\"@type\":\"ListItem\",\"position\":2,\"name\":\"Shop\",\"item\":\"https:\/\/global-hookah.com\/shop\/\"},{\"@type\":\"ListItem\",\"position\":3,\"name\":\"Clearance Small Plastic Hookah kit\"}]},{\"@type\":\"WebSite\",\"@id\":\"https:\/\/global-hookah.com\/#website\",\"url\":\"https:\/\/global-hookah.com\/\",\"name\":\"Global Hookah\",\"description\":\"Global Hookah\",\"publisher\":{\"@id\":\"https:\/\/global-hookah.com\/#organization\"},\"potentialAction\":[{\"@type\":\"SearchAction\",\"target\":{\"@type\":\"EntryPoint\",\"urlTemplate\":\"https:\/\/global-hookah.com\/?s={search_term_string}\"},\"query-input\":{\"@type\":\"PropertyValueSpecification\",\"valueRequired\":true,\"valueName\":\"search_term_string\"}}],\"inLanguage\":\"es\"},{\"@type\":\"Organization\",\"@id\":\"https:\/\/global-hookah.com\/#organization\",\"name\":\"Global Hookah\",\"url\":\"https:\/\/global-hookah.com\/\",\"logo\":{\"@type\":\"ImageObject\",\"inLanguage\":\"es\",\"@id\":\"https:\/\/global-hookah.com\/#\/schema\/logo\/image\/\",\"url\":\"https:\/\/global-hookah.com\/wp-content\/uploads\/2021\/10\/cropped-fgg.png\",\"contentUrl\":\"https:\/\/global-hookah.com\/wp-content\/uploads\/2021\/10\/cropped-fgg.png\",\"width\":512,\"height\":512,\"caption\":\"Global Hookah\"},\"image\":{\"@id\":\"https:\/\/global-hookah.com\/#\/schema\/logo\/image\/\"}}]}<\/script>\n<!-- \/ Yoast SEO Premium plugin. -->","yoast_head_json":{"title":"Liquidaci\u00f3n Peque\u00f1o kit de pl\u00e1stico Hookah - Global Hookah","robots":{"index":"index","follow":"follow","max-snippet":"max-snippet:-1","max-image-preview":"max-image-preview:large","max-video-preview":"max-video-preview:-1"},"canonical":"https:\/\/global-hookah.com\/es\/produkt\/freigabe-kleines-plastik-hookah-kit\/","og_locale":"es_ES","og_type":"article","og_title":"Clearance Small Plastic Hookah kit","og_description":"Product Description: Name:Small Plastic Hookah Kit Color :black,purple,yellow,green,roseo,blue material\uff1aPlastic Size :35cm(high) Packing list: 1X PCS Plastic Base 1X PCS Classic","og_url":"https:\/\/global-hookah.com\/es\/produkt\/freigabe-kleines-plastik-hookah-kit\/","og_site_name":"Global Hookah","article_modified_time":"2024-04-25T05:33:32+00:00","og_image":[{"width":1000,"height":1000,"url":"https:\/\/global-hookah.com\/wp-content\/uploads\/2024\/04\/kf-S4069d0f95b38409a9f1df181978bc7f1G-Small-Plastic-Hookah-kit-Colorful-Transparent-Small-Cute-Hookah-Suitable-for-Men-and-Women-Gifts-in.webp","type":"image\/webp"}],"twitter_card":"summary_large_image","twitter_misc":{"Tiempo de lectura":"3 minutos"},"schema":{"@context":"https:\/\/schema.org","@graph":[{"@type":"WebPage","@id":"https:\/\/global-hookah.com\/de\/produkt\/freigabe-kleines-plastik-hookah-kit\/","url":"https:\/\/global-hookah.com\/de\/produkt\/freigabe-kleines-plastik-hookah-kit\/","name":"Liquidaci\u00f3n Peque\u00f1o kit de pl\u00e1stico Hookah - Global Hookah","isPartOf":{"@id":"https:\/\/global-hookah.com\/#website"},"primaryImageOfPage":{"@id":"https:\/\/global-hookah.com\/de\/produkt\/freigabe-kleines-plastik-hookah-kit\/#primaryimage"},"image":{"@id":"https:\/\/global-hookah.com\/de\/produkt\/freigabe-kleines-plastik-hookah-kit\/#primaryimage"},"thumbnailUrl":"https:\/\/global-hookah.com\/wp-content\/uploads\/2024\/04\/kf-S4069d0f95b38409a9f1df181978bc7f1G-Small-Plastic-Hookah-kit-Colorful-Transparent-Small-Cute-Hookah-Suitable-for-Men-and-Women-Gifts-in.webp","datePublished":"2024-04-25T03:41:09+00:00","dateModified":"2024-04-25T05:33:32+00:00","breadcrumb":{"@id":"https:\/\/global-hookah.com\/de\/produkt\/freigabe-kleines-plastik-hookah-kit\/#breadcrumb"},"inLanguage":"es","potentialAction":[{"@type":"ReadAction","target":["https:\/\/global-hookah.com\/de\/produkt\/freigabe-kleines-plastik-hookah-kit\/"]}]},{"@type":"ImageObject","inLanguage":"es","@id":"https:\/\/global-hookah.com\/de\/produkt\/freigabe-kleines-plastik-hookah-kit\/#primaryimage","url":"https:\/\/global-hookah.com\/wp-content\/uploads\/2024\/04\/kf-S4069d0f95b38409a9f1df181978bc7f1G-Small-Plastic-Hookah-kit-Colorful-Transparent-Small-Cute-Hookah-Suitable-for-Men-and-Women-Gifts-in.webp","contentUrl":"https:\/\/global-hookah.com\/wp-content\/uploads\/2024\/04\/kf-S4069d0f95b38409a9f1df181978bc7f1G-Small-Plastic-Hookah-kit-Colorful-Transparent-Small-Cute-Hookah-Suitable-for-Men-and-Women-Gifts-in.webp","width":1000,"height":1000,"caption":"Clearance Small Plastic Hookah kit"},{"@type":"BreadcrumbList","@id":"https:\/\/global-hookah.com\/de\/produkt\/freigabe-kleines-plastik-hookah-kit\/#breadcrumb","itemListElement":[{"@type":"ListItem","position":1,"name":"Home","item":"https:\/\/global-hookah.com\/"},{"@type":"ListItem","position":2,"name":"Shop","item":"https:\/\/global-hookah.com\/shop\/"},{"@type":"ListItem","position":3,"name":"Clearance Small Plastic Hookah kit"}]},{"@type":"WebSite","@id":"https:\/\/global-hookah.com\/#website","url":"https:\/\/global-hookah.com\/","name":"Global Hookah","description":"Global Hookah","publisher":{"@id":"https:\/\/global-hookah.com\/#organization"},"potentialAction":[{"@type":"SearchAction","target":{"@type":"EntryPoint","urlTemplate":"https:\/\/global-hookah.com\/?s={search_term_string}"},"query-input":{"@type":"PropertyValueSpecification","valueRequired":true,"valueName":"search_term_string"}}],"inLanguage":"es"},{"@type":"Organization","@id":"https:\/\/global-hookah.com\/#organization","name":"Global Hookah","url":"https:\/\/global-hookah.com\/","logo":{"@type":"ImageObject","inLanguage":"es","@id":"https:\/\/global-hookah.com\/#\/schema\/logo\/image\/","url":"https:\/\/global-hookah.com\/wp-content\/uploads\/2021\/10\/cropped-fgg.png","contentUrl":"https:\/\/global-hookah.com\/wp-content\/uploads\/2021\/10\/cropped-fgg.png","width":512,"height":512,"caption":"Global Hookah"},"image":{"@id":"https:\/\/global-hookah.com\/#\/schema\/logo\/image\/"}}]}},"_links":{"self":[{"href":"https:\/\/global-hookah.com\/es\/wp-json\/wp\/v2\/product\/21587","targetHints":{"allow":["GET"]}}],"collection":[{"href":"https:\/\/global-hookah.com\/es\/wp-json\/wp\/v2\/product"}],"about":[{"href":"https:\/\/global-hookah.com\/es\/wp-json\/wp\/v2\/types\/product"}],"replies":[{"embeddable":true,"href":"https:\/\/global-hookah.com\/es\/wp-json\/wp\/v2\/comments?post=21587"}],"version-history":[{"count":0,"href":"https:\/\/global-hookah.com\/es\/wp-json\/wp\/v2\/product\/21587\/revisions"}],"wp:featuredmedia":[{"embeddable":true,"href":"https:\/\/global-hookah.com\/es\/wp-json\/wp\/v2\/media\/21588"}],"wp:attachment":[{"href":"https:\/\/global-hookah.com\/es\/wp-json\/wp\/v2\/media?parent=21587"}],"wp:term":[{"taxonomy":"product_brand","embeddable":true,"href":"https:\/\/global-hookah.com\/es\/wp-json\/wp\/v2\/product_brand?post=21587"},{"taxonomy":"product_cat","embeddable":true,"href":"https:\/\/global-hookah.com\/es\/wp-json\/wp\/v2\/product_cat?post=21587"},{"taxonomy":"product_tag","embeddable":true,"href":"https:\/\/global-hookah.com\/es\/wp-json\/wp\/v2\/product_tag?post=21587"}],"curies":[{"name":"wp","href":"https:\/\/api.w.org\/{rel}","templated":true}]}}