{"id":21596,"date":"2024-04-25T03:45:36","date_gmt":"2024-04-25T03:45:36","guid":{"rendered":"https:\/\/global-hookah.com\/product\/bespoke-arabian-acrylic-shisha-set\/"},"modified":"2024-04-25T05:02:19","modified_gmt":"2024-04-25T05:02:19","slug":"bespoke-arabian-acrylic-shisha-set","status":"publish","type":"product","link":"https:\/\/global-hookah.com\/es\/producto\/bespoke-arabian-acrylic-shisha-set\/","title":{"rendered":"Set de Shisha Acr\u00edlico \u00c1rabe a Medida"},"content":{"rendered":"<div class=\"product-specs-list-container\">\n<p><iframe title=\"Set de Shisha Acr\u00edlico \u00c1rabe\" width=\"500\" height=\"281\" src=\"https:\/\/www.youtube.com\/embed\/zGmECNUYs7o?feature=oembed\" frameborder=\"0\" allow=\"accelerometer; autoplay; clipboard-write; encrypted-media; gyroscope; picture-in-picture; web-share\" referrerpolicy=\"strict-origin-when-cross-origin\" allowfullscreen><\/iframe><\/p>\n<\/div>\n<div class=\"detailmodule_text\">\n<p class=\"detail-desc-decorate-content\" style=\"font-family: OpenSans; font-size: 14px; font-weight: 300; line-height: 20px; white-space: pre-wrap; color: #000000; margin-bottom: 12px;\">Art\u00edculo:Hookah Set<br \/>\nMaterial del art\u00edculo:Acr\u00edlico&amp;Cer\u00e1mica&amp;Metal<br \/>\nAltura total: 58.5cm(23.03inch)<br \/>\nAncho de la base: 17cm(6.69inch)<br \/>\nColor:Transparente<br \/>\nLugar de uso:Exterior,Hogar,Bar,Fiesta,Club<\/p>\n<p>El paquete incluye:<br \/>\n1PCS X Base acr\u00edlica Hookah<br \/>\n1PCS X Hookah cuenco de cer\u00e1mica<\/p>\n<p>1PCS X Manguera de Shisha<\/p>\n<p>1PCS X Pinzas de metal para carb\u00f3n vegetal<\/p>\n<p>1PCS X Luz LED<\/p>\n<p>Recordatorio:<br \/>\n1. Dado que los colores se muestran de forma diferente en los distintos ordenadores, el color del art\u00edculo real puede variar ligeramente con respecto a las im\u00e1genes anteriores.<br \/>\n2. Por favor, permita 1-3cm difiere debido a la medici\u00f3n manual.<br \/>\n3. Si el producto est\u00e1 da\u00f1ado durante el env\u00edo, p\u00f3ngase en contacto con nosotros antes de dejar comentarios.<br \/>\nGracias por su comprensi\u00f3n.<\/p>\n<p>Aviso:<br \/>\n\u00a1Podemos aceptar pedidos OEM! \u00a1Si necesita personalizar, por favor p\u00f3ngase en contacto con nosotros a trav\u00e9s de la carta de la estaci\u00f3n !<\/p>\n<\/div>\n<div class=\"detailmodule_image\"><img decoding=\"async\" class=\"detail-desc-decorate-image\" src=\"https:\/\/ae01.alicdn.com\/kf\/Hb97f8a2f973f4399a4d48f66155fc7b93.jpg\" \/><img decoding=\"async\" class=\"detail-desc-decorate-image\" src=\"https:\/\/ae01.alicdn.com\/kf\/Ha798cd2c33354afc8d2e4c54274da7e8E.jpg\" \/><img decoding=\"async\" class=\"detail-desc-decorate-image\" src=\"https:\/\/ae01.alicdn.com\/kf\/Ha88f8370708c4532b5e21068f9d8d40fD.jpg\" \/><img decoding=\"async\" class=\"detail-desc-decorate-image\" src=\"https:\/\/ae01.alicdn.com\/kf\/Hf9a52864cac3436a83646cb16d837422P.jpg\" \/><img decoding=\"async\" class=\"detail-desc-decorate-image\" src=\"https:\/\/ae01.alicdn.com\/kf\/H1ddf9f4f61b04e2caeed8608965b5d1cp.jpg\" \/><img decoding=\"async\" class=\"detail-desc-decorate-image\" src=\"https:\/\/ae01.alicdn.com\/kf\/H7c1ce5dc1a2c4252b283b20e4dba0869r.jpg\" \/><img decoding=\"async\" class=\"detail-desc-decorate-image\" src=\"https:\/\/ae01.alicdn.com\/kf\/H1c226a7227e947cca1d883092c60f105t.jpg\" \/><\/div>\n<div class=\"detailmodule_dynamic\"><\/div>\n<p>&nbsp;<\/p>","protected":false},"excerpt":{"rendered":"<p>Item:Hookah Set Item Material:Acrylic&amp;Ceramics&amp;Metal Hookah Total High :58.5cm(23.03inch) Hookah Base Width:17cm(6.69inch) Color:Transparent Suiteable Place:Outdoor,Home,Bar,Party,Club Pack Including: 1PCS X Acr\u00edlico Hookah<\/p>","protected":false},"featured_media":21597,"comment_status":"closed","ping_status":"closed","template":"","meta":{"iawp_total_views":0,"_joinchat":[]},"product_brand":[],"product_cat":[119],"product_tag":[],"class_list":{"0":"post-21596","1":"product","2":"type-product","3":"status-publish","4":"has-post-thumbnail","6":"product_cat-wholesale-hookah","8":"first","9":"instock","10":"shipping-taxable","11":"purchasable","12":"product-type-variable"},"yoast_head":"<!-- This site is optimized with the Yoast SEO Premium plugin v24.7 (Yoast SEO v26.8) - https:\/\/yoast.com\/product\/yoast-seo-premium-wordpress\/ -->\n<title>Bespoke Arabian Acrylic Shisha Set - Global Hookah<\/title>\n<meta name=\"robots\" content=\"index, follow, max-snippet:-1, max-image-preview:large, max-video-preview:-1\" \/>\n<link rel=\"canonical\" href=\"https:\/\/global-hookah.com\/es\/producto\/bespoke-arabian-acrylic-shisha-set\/\" \/>\n<meta property=\"og:locale\" content=\"es_ES\" \/>\n<meta property=\"og:type\" content=\"article\" \/>\n<meta property=\"og:title\" content=\"Bespoke Arabian Acrylic Shisha Set\" \/>\n<meta property=\"og:description\" content=\"Item:Hookah Set Item Material:Acrylic&amp;Ceramics&amp;Metal Hookah Total High :58.5cm(23.03inch) Hookah Base Width:17cm(6.69inch) Color:Transparent Suiteable Place:Outdoor,Home,Bar,Party,Club Pack Including: 1PCS X Acrylic Hookah\" \/>\n<meta property=\"og:url\" content=\"https:\/\/global-hookah.com\/es\/producto\/bespoke-arabian-acrylic-shisha-set\/\" \/>\n<meta property=\"og:site_name\" content=\"Global Hookah\" \/>\n<meta property=\"article:modified_time\" content=\"2024-04-25T05:02:19+00:00\" \/>\n<meta property=\"og:image\" content=\"https:\/\/global-hookah.com\/wp-content\/uploads\/2024\/04\/kf-H10e0a8df299b49fca78047af7c60916aJ-New-Arabian-Acrylic-Shisha-Set-Contain-Metal-Tongs-Silicone-Hose-Tobacco-Bowl-Smoking-Water-pipe-Narguile.webp\" \/>\n\t<meta property=\"og:image:width\" content=\"1000\" \/>\n\t<meta property=\"og:image:height\" content=\"1000\" \/>\n\t<meta property=\"og:image:type\" content=\"image\/webp\" \/>\n<meta name=\"twitter:card\" content=\"summary_large_image\" \/>\n<meta name=\"twitter:label1\" content=\"Tiempo de lectura\" \/>\n\t<meta name=\"twitter:data1\" content=\"3 minutos\" \/>\n<script type=\"application\/ld+json\" class=\"yoast-schema-graph\">{\"@context\":\"https:\/\/schema.org\",\"@graph\":[{\"@type\":\"WebPage\",\"@id\":\"https:\/\/global-hookah.com\/product\/bespoke-arabian-acrylic-shisha-set\/\",\"url\":\"https:\/\/global-hookah.com\/product\/bespoke-arabian-acrylic-shisha-set\/\",\"name\":\"Bespoke Arabian Acrylic Shisha Set - Global Hookah\",\"isPartOf\":{\"@id\":\"https:\/\/global-hookah.com\/#website\"},\"primaryImageOfPage\":{\"@id\":\"https:\/\/global-hookah.com\/product\/bespoke-arabian-acrylic-shisha-set\/#primaryimage\"},\"image\":{\"@id\":\"https:\/\/global-hookah.com\/product\/bespoke-arabian-acrylic-shisha-set\/#primaryimage\"},\"thumbnailUrl\":\"https:\/\/global-hookah.com\/wp-content\/uploads\/2024\/04\/kf-H10e0a8df299b49fca78047af7c60916aJ-New-Arabian-Acrylic-Shisha-Set-Contain-Metal-Tongs-Silicone-Hose-Tobacco-Bowl-Smoking-Water-pipe-Narguile.webp\",\"datePublished\":\"2024-04-25T03:45:36+00:00\",\"dateModified\":\"2024-04-25T05:02:19+00:00\",\"breadcrumb\":{\"@id\":\"https:\/\/global-hookah.com\/product\/bespoke-arabian-acrylic-shisha-set\/#breadcrumb\"},\"inLanguage\":\"es\",\"potentialAction\":[{\"@type\":\"ReadAction\",\"target\":[\"https:\/\/global-hookah.com\/product\/bespoke-arabian-acrylic-shisha-set\/\"]}]},{\"@type\":\"ImageObject\",\"inLanguage\":\"es\",\"@id\":\"https:\/\/global-hookah.com\/product\/bespoke-arabian-acrylic-shisha-set\/#primaryimage\",\"url\":\"https:\/\/global-hookah.com\/wp-content\/uploads\/2024\/04\/kf-H10e0a8df299b49fca78047af7c60916aJ-New-Arabian-Acrylic-Shisha-Set-Contain-Metal-Tongs-Silicone-Hose-Tobacco-Bowl-Smoking-Water-pipe-Narguile.webp\",\"contentUrl\":\"https:\/\/global-hookah.com\/wp-content\/uploads\/2024\/04\/kf-H10e0a8df299b49fca78047af7c60916aJ-New-Arabian-Acrylic-Shisha-Set-Contain-Metal-Tongs-Silicone-Hose-Tobacco-Bowl-Smoking-Water-pipe-Narguile.webp\",\"width\":1000,\"height\":1000,\"caption\":\"Bespoke Arabian Acrylic Shisha Set\"},{\"@type\":\"BreadcrumbList\",\"@id\":\"https:\/\/global-hookah.com\/product\/bespoke-arabian-acrylic-shisha-set\/#breadcrumb\",\"itemListElement\":[{\"@type\":\"ListItem\",\"position\":1,\"name\":\"Home\",\"item\":\"https:\/\/global-hookah.com\/\"},{\"@type\":\"ListItem\",\"position\":2,\"name\":\"Shop\",\"item\":\"https:\/\/global-hookah.com\/shop\/\"},{\"@type\":\"ListItem\",\"position\":3,\"name\":\"Bespoke Arabian Acrylic Shisha Set\"}]},{\"@type\":\"WebSite\",\"@id\":\"https:\/\/global-hookah.com\/#website\",\"url\":\"https:\/\/global-hookah.com\/\",\"name\":\"Global Hookah\",\"description\":\"Global Hookah\",\"publisher\":{\"@id\":\"https:\/\/global-hookah.com\/#organization\"},\"potentialAction\":[{\"@type\":\"SearchAction\",\"target\":{\"@type\":\"EntryPoint\",\"urlTemplate\":\"https:\/\/global-hookah.com\/?s={search_term_string}\"},\"query-input\":{\"@type\":\"PropertyValueSpecification\",\"valueRequired\":true,\"valueName\":\"search_term_string\"}}],\"inLanguage\":\"es\"},{\"@type\":\"Organization\",\"@id\":\"https:\/\/global-hookah.com\/#organization\",\"name\":\"Global Hookah\",\"url\":\"https:\/\/global-hookah.com\/\",\"logo\":{\"@type\":\"ImageObject\",\"inLanguage\":\"es\",\"@id\":\"https:\/\/global-hookah.com\/#\/schema\/logo\/image\/\",\"url\":\"https:\/\/global-hookah.com\/wp-content\/uploads\/2021\/10\/cropped-fgg.png\",\"contentUrl\":\"https:\/\/global-hookah.com\/wp-content\/uploads\/2021\/10\/cropped-fgg.png\",\"width\":512,\"height\":512,\"caption\":\"Global Hookah\"},\"image\":{\"@id\":\"https:\/\/global-hookah.com\/#\/schema\/logo\/image\/\"}}]}<\/script>\n<!-- \/ Yoast SEO Premium plugin. -->","yoast_head_json":{"title":"Set de Shisha Acr\u00edlica \u00c1rabe a Medida - Global Hookah","robots":{"index":"index","follow":"follow","max-snippet":"max-snippet:-1","max-image-preview":"max-image-preview:large","max-video-preview":"max-video-preview:-1"},"canonical":"https:\/\/global-hookah.com\/es\/producto\/bespoke-arabian-acrylic-shisha-set\/","og_locale":"es_ES","og_type":"article","og_title":"Bespoke Arabian Acrylic Shisha Set","og_description":"Item:Hookah Set Item Material:Acrylic&amp;Ceramics&amp;Metal Hookah Total High :58.5cm(23.03inch) Hookah Base Width:17cm(6.69inch) Color:Transparent Suiteable Place:Outdoor,Home,Bar,Party,Club Pack Including: 1PCS X Acrylic Hookah","og_url":"https:\/\/global-hookah.com\/es\/producto\/bespoke-arabian-acrylic-shisha-set\/","og_site_name":"Global Hookah","article_modified_time":"2024-04-25T05:02:19+00:00","og_image":[{"width":1000,"height":1000,"url":"https:\/\/global-hookah.com\/wp-content\/uploads\/2024\/04\/kf-H10e0a8df299b49fca78047af7c60916aJ-New-Arabian-Acrylic-Shisha-Set-Contain-Metal-Tongs-Silicone-Hose-Tobacco-Bowl-Smoking-Water-pipe-Narguile.webp","type":"image\/webp"}],"twitter_card":"summary_large_image","twitter_misc":{"Tiempo de lectura":"3 minutos"},"schema":{"@context":"https:\/\/schema.org","@graph":[{"@type":"WebPage","@id":"https:\/\/global-hookah.com\/product\/bespoke-arabian-acrylic-shisha-set\/","url":"https:\/\/global-hookah.com\/product\/bespoke-arabian-acrylic-shisha-set\/","name":"Set de Shisha Acr\u00edlica \u00c1rabe a Medida - Global Hookah","isPartOf":{"@id":"https:\/\/global-hookah.com\/#website"},"primaryImageOfPage":{"@id":"https:\/\/global-hookah.com\/product\/bespoke-arabian-acrylic-shisha-set\/#primaryimage"},"image":{"@id":"https:\/\/global-hookah.com\/product\/bespoke-arabian-acrylic-shisha-set\/#primaryimage"},"thumbnailUrl":"https:\/\/global-hookah.com\/wp-content\/uploads\/2024\/04\/kf-H10e0a8df299b49fca78047af7c60916aJ-New-Arabian-Acrylic-Shisha-Set-Contain-Metal-Tongs-Silicone-Hose-Tobacco-Bowl-Smoking-Water-pipe-Narguile.webp","datePublished":"2024-04-25T03:45:36+00:00","dateModified":"2024-04-25T05:02:19+00:00","breadcrumb":{"@id":"https:\/\/global-hookah.com\/product\/bespoke-arabian-acrylic-shisha-set\/#breadcrumb"},"inLanguage":"es","potentialAction":[{"@type":"ReadAction","target":["https:\/\/global-hookah.com\/product\/bespoke-arabian-acrylic-shisha-set\/"]}]},{"@type":"ImageObject","inLanguage":"es","@id":"https:\/\/global-hookah.com\/product\/bespoke-arabian-acrylic-shisha-set\/#primaryimage","url":"https:\/\/global-hookah.com\/wp-content\/uploads\/2024\/04\/kf-H10e0a8df299b49fca78047af7c60916aJ-New-Arabian-Acrylic-Shisha-Set-Contain-Metal-Tongs-Silicone-Hose-Tobacco-Bowl-Smoking-Water-pipe-Narguile.webp","contentUrl":"https:\/\/global-hookah.com\/wp-content\/uploads\/2024\/04\/kf-H10e0a8df299b49fca78047af7c60916aJ-New-Arabian-Acrylic-Shisha-Set-Contain-Metal-Tongs-Silicone-Hose-Tobacco-Bowl-Smoking-Water-pipe-Narguile.webp","width":1000,"height":1000,"caption":"Bespoke Arabian Acrylic Shisha Set"},{"@type":"BreadcrumbList","@id":"https:\/\/global-hookah.com\/product\/bespoke-arabian-acrylic-shisha-set\/#breadcrumb","itemListElement":[{"@type":"ListItem","position":1,"name":"Home","item":"https:\/\/global-hookah.com\/"},{"@type":"ListItem","position":2,"name":"Shop","item":"https:\/\/global-hookah.com\/shop\/"},{"@type":"ListItem","position":3,"name":"Bespoke Arabian Acrylic Shisha Set"}]},{"@type":"WebSite","@id":"https:\/\/global-hookah.com\/#website","url":"https:\/\/global-hookah.com\/","name":"Global Hookah","description":"Global Hookah","publisher":{"@id":"https:\/\/global-hookah.com\/#organization"},"potentialAction":[{"@type":"SearchAction","target":{"@type":"EntryPoint","urlTemplate":"https:\/\/global-hookah.com\/?s={search_term_string}"},"query-input":{"@type":"PropertyValueSpecification","valueRequired":true,"valueName":"search_term_string"}}],"inLanguage":"es"},{"@type":"Organization","@id":"https:\/\/global-hookah.com\/#organization","name":"Global Hookah","url":"https:\/\/global-hookah.com\/","logo":{"@type":"ImageObject","inLanguage":"es","@id":"https:\/\/global-hookah.com\/#\/schema\/logo\/image\/","url":"https:\/\/global-hookah.com\/wp-content\/uploads\/2021\/10\/cropped-fgg.png","contentUrl":"https:\/\/global-hookah.com\/wp-content\/uploads\/2021\/10\/cropped-fgg.png","width":512,"height":512,"caption":"Global Hookah"},"image":{"@id":"https:\/\/global-hookah.com\/#\/schema\/logo\/image\/"}}]}},"_links":{"self":[{"href":"https:\/\/global-hookah.com\/es\/wp-json\/wp\/v2\/product\/21596","targetHints":{"allow":["GET"]}}],"collection":[{"href":"https:\/\/global-hookah.com\/es\/wp-json\/wp\/v2\/product"}],"about":[{"href":"https:\/\/global-hookah.com\/es\/wp-json\/wp\/v2\/types\/product"}],"replies":[{"embeddable":true,"href":"https:\/\/global-hookah.com\/es\/wp-json\/wp\/v2\/comments?post=21596"}],"version-history":[{"count":0,"href":"https:\/\/global-hookah.com\/es\/wp-json\/wp\/v2\/product\/21596\/revisions"}],"wp:featuredmedia":[{"embeddable":true,"href":"https:\/\/global-hookah.com\/es\/wp-json\/wp\/v2\/media\/21597"}],"wp:attachment":[{"href":"https:\/\/global-hookah.com\/es\/wp-json\/wp\/v2\/media?parent=21596"}],"wp:term":[{"taxonomy":"product_brand","embeddable":true,"href":"https:\/\/global-hookah.com\/es\/wp-json\/wp\/v2\/product_brand?post=21596"},{"taxonomy":"product_cat","embeddable":true,"href":"https:\/\/global-hookah.com\/es\/wp-json\/wp\/v2\/product_cat?post=21596"},{"taxonomy":"product_tag","embeddable":true,"href":"https:\/\/global-hookah.com\/es\/wp-json\/wp\/v2\/product_tag?post=21596"}],"curies":[{"name":"wp","href":"https:\/\/api.w.org\/{rel}","templated":true}]}}