{"id":21604,"date":"2024-04-25T03:46:23","date_gmt":"2024-04-25T03:46:23","guid":{"rendered":"https:\/\/global-hookah.com\/product\/premium-pilot-hookah-wholesale\/"},"modified":"2024-04-25T05:00:11","modified_gmt":"2024-04-25T05:00:11","slug":"premium-pilot-hookah-wholesale","status":"publish","type":"product","link":"https:\/\/global-hookah.com\/es\/producto\/premium-pilot-hookah-wholesale\/","title":{"rendered":"Hookah Piloto Premium al por mayor"},"content":{"rendered":"<div data-elementor-type=\"wp-post\" data-elementor-id=\"21604\" class=\"elementor elementor-21604\">\n\t\t\t\t\t\t<section class=\"elementor-section elementor-top-section elementor-element elementor-element-64af00b elementor-section-boxed elementor-section-height-default elementor-section-height-default\" data-id=\"64af00b\" data-element_type=\"section\" data-e-type=\"section\">\n\t\t\t\t\t\t<div class=\"elementor-container elementor-column-gap-default\">\n\t\t\t\t\t<div class=\"elementor-column elementor-col-100 elementor-top-column elementor-element elementor-element-e3c9867\" data-id=\"e3c9867\" data-element_type=\"column\" data-e-type=\"column\">\n\t\t\t<div class=\"elementor-widget-wrap elementor-element-populated\">\n\t\t\t\t\t\t<div class=\"elementor-element elementor-element-7650475 elementor-widget elementor-widget-video\" data-id=\"7650475\" data-element_type=\"widget\" data-e-type=\"widget\" data-settings=\"{&quot;youtube_url&quot;:&quot;https:\\\/\\\/youtu.be\\\/9CWI11sCukg&quot;,&quot;video_type&quot;:&quot;youtube&quot;,&quot;controls&quot;:&quot;yes&quot;}\" data-widget_type=\"video.default\">\n\t\t\t\t<div class=\"elementor-widget-container\">\n\t\t\t\t\t\t\t<div class=\"elementor-wrapper elementor-open-inline\">\n\t\t\t<div class=\"elementor-video\"><\/div>\t\t<\/div>\n\t\t\t\t\t\t<\/div>\n\t\t\t\t<\/div>\n\t\t\t\t\t<\/div>\n\t\t<\/div>\n\t\t\t\t\t<\/div>\n\t\t<\/section>\n\t\t\t\t<section class=\"elementor-section elementor-top-section elementor-element elementor-element-5de5de3c elementor-section-boxed elementor-section-height-default elementor-section-height-default\" data-id=\"5de5de3c\" data-element_type=\"section\" data-e-type=\"section\">\n\t\t\t\t\t\t<div class=\"elementor-container elementor-column-gap-default\">\n\t\t\t\t\t<div class=\"elementor-column elementor-col-100 elementor-top-column elementor-element elementor-element-1320b5e8\" data-id=\"1320b5e8\" data-element_type=\"column\" data-e-type=\"column\">\n\t\t\t<div class=\"elementor-widget-wrap elementor-element-populated\">\n\t\t\t\t\t\t<div class=\"elementor-element elementor-element-7b72f5a2 color-scheme-inherit text-left elementor-widget elementor-widget-text-editor\" data-id=\"7b72f5a2\" data-element_type=\"widget\" data-e-type=\"widget\" data-widget_type=\"text-editor.default\">\n\t\t\t\t<div class=\"elementor-widget-container\">\n\t\t\t\t\t\t\t\t\t<div class=\"product-specs-list-container\">\r\n<ul class=\"product-specs-list util-clearfix\">\r\n \t<li class=\"product-prop line-limit-length\"><span class=\"property-title\">N\u00famero de modelo:\u00a0<\/span><span class=\"property-desc line-limit-length\">QC2307004<\/span><\/li>\r\n \t<li class=\"product-prop line-limit-length\"><span class=\"property-title\">Forma:\u00a0<\/span><span class=\"property-desc line-limit-length\">Tipo recto<\/span><\/li>\r\n \t<li class=\"product-prop line-limit-length\"><span class=\"property-title\">Material:\u00a0<\/span><span class=\"property-desc line-limit-length\">aleaci\u00f3n de aluminio<\/span><\/li>\r\n \t<li class=\"product-prop line-limit-length\"><span class=\"property-title\">Origen:\u00a0<\/span><span class=\"property-desc line-limit-length\">China continental<\/span><\/li>\r\n \t<li class=\"product-prop line-limit-length\"><span class=\"property-title\">Versi\u00f3n:\u00a0<\/span><span class=\"property-desc line-limit-length\">PolitRE4<\/span><\/li>\r\n \t<li class=\"product-prop line-limit-length\"><span class=\"property-title\">Material:\u00a0<\/span><span class=\"property-desc line-limit-length\">Acr\u00edlico y aleaci\u00f3n de aluminio<\/span><\/li>\r\n \t<li class=\"product-prop line-limit-length\"><span class=\"property-title\">Solicitud de bater\u00eda:\u00a0<\/span><span class=\"property-desc line-limit-length\">3 AAA y 1 2025 \u00f3 1220<\/span><\/li>\r\n \t<li class=\"product-prop line-limit-length\"><\/li>\r\n<\/ul>\r\n<\/div>\r\n<img decoding=\"async\" src=\"https:\/\/ae01.alicdn.com\/kf\/S59daab14ca9c420baca0c987f4475b14V.jpg\" \/><img decoding=\"async\" src=\"https:\/\/ae01.alicdn.com\/kf\/Sdc341bce26594cf89294c99e725eeadfJ.jpg\" \/><img decoding=\"async\" src=\"https:\/\/ae01.alicdn.com\/kf\/S20ce1ea8ffe64c3fb68ebc84d42fe0bbR.jpg\" \/><img decoding=\"async\" src=\"https:\/\/ae01.alicdn.com\/kf\/S7cb25c06cac347fa9c91b211fb54ef32W.jpg\" \/><img decoding=\"async\" src=\"https:\/\/ae01.alicdn.com\/kf\/Sf1c4278c307e4f2b9e2122d086d31dd3w.jpg\" \/>\t\t\t\t\t\t\t\t<\/div>\n\t\t\t\t<\/div>\n\t\t\t\t\t<\/div>\n\t\t<\/div>\n\t\t\t\t\t<\/div>\n\t\t<\/section>\n\t\t\t\t<\/div>","protected":false},"excerpt":{"rendered":"<p>N\u00famero de modelo: QC2307004 Forma: Tipo recto Material: aleaci\u00f3n de aluminio Origen: China continental Versi\u00f3n: PolitRE4 Material: Acr\u00edlico y aleaci\u00f3n de aluminio Solicitud de bater\u00eda: 3 AAA y 1 2025 o 1220<\/p>","protected":false},"featured_media":21605,"comment_status":"closed","ping_status":"closed","template":"","meta":{"iawp_total_views":1,"_joinchat":[]},"product_brand":[],"product_cat":[560,119],"product_tag":[],"class_list":{"0":"post-21604","1":"product","2":"type-product","3":"status-publish","4":"has-post-thumbnail","6":"product_cat-glass-hookah-wholesale","7":"product_cat-wholesale-hookah","9":"first","10":"instock","11":"shipping-taxable","12":"purchasable","13":"product-type-variable"},"yoast_head":"<!-- This site is optimized with the Yoast SEO Premium plugin v24.7 (Yoast SEO v26.8) - https:\/\/yoast.com\/product\/yoast-seo-premium-wordpress\/ -->\n<title>Premium Pilot Hookah Wholesale - Global Hookah<\/title>\n<meta name=\"robots\" content=\"index, follow, max-snippet:-1, max-image-preview:large, max-video-preview:-1\" \/>\n<link rel=\"canonical\" href=\"https:\/\/global-hookah.com\/es\/produkt\/premium-pilot-wasserpfeife-groshandel\/\" \/>\n<meta property=\"og:locale\" content=\"es_ES\" \/>\n<meta property=\"og:type\" content=\"article\" \/>\n<meta property=\"og:title\" content=\"Premium Pilot Hookah Wholesale\" \/>\n<meta property=\"og:description\" content=\"Model Number:\u00a0QC2307004 Shape:\u00a0Straight Type Material:\u00a0aluminium alloy Origin:\u00a0Mainland China Version:\u00a0PolitRE4 Material:\u00a0Acrylic&amp;Aluminium alloy Battery request:\u00a03 AAA &amp; 1 2025 or 1220\" \/>\n<meta property=\"og:url\" content=\"https:\/\/global-hookah.com\/es\/produkt\/premium-pilot-wasserpfeife-groshandel\/\" \/>\n<meta property=\"og:site_name\" content=\"Global Hookah\" \/>\n<meta property=\"article:modified_time\" content=\"2024-04-25T05:00:11+00:00\" \/>\n<meta property=\"og:image\" content=\"https:\/\/global-hookah.com\/wp-content\/uploads\/2024\/04\/kf-S633292024ad845a0bd326284bd51fe72Y-Hookah-Set-Hookahs-Premium-Pilot-Hookah-With-Complete-Hookah-Accessories-QiQiCi-Explore-Style-Shisha-Hooka-With.webp\" \/>\n\t<meta property=\"og:image:width\" content=\"1000\" \/>\n\t<meta property=\"og:image:height\" content=\"1000\" \/>\n\t<meta property=\"og:image:type\" content=\"image\/webp\" \/>\n<meta name=\"twitter:card\" content=\"summary_large_image\" \/>\n<meta name=\"twitter:label1\" content=\"Tiempo de lectura\" \/>\n\t<meta name=\"twitter:data1\" content=\"2 minutos\" \/>\n<script type=\"application\/ld+json\" class=\"yoast-schema-graph\">{\"@context\":\"https:\/\/schema.org\",\"@graph\":[{\"@type\":\"WebPage\",\"@id\":\"https:\/\/global-hookah.com\/de\/produkt\/premium-pilot-wasserpfeife-groshandel\/\",\"url\":\"https:\/\/global-hookah.com\/de\/produkt\/premium-pilot-wasserpfeife-groshandel\/\",\"name\":\"Premium Pilot Hookah Wholesale - Global Hookah\",\"isPartOf\":{\"@id\":\"https:\/\/global-hookah.com\/#website\"},\"primaryImageOfPage\":{\"@id\":\"https:\/\/global-hookah.com\/de\/produkt\/premium-pilot-wasserpfeife-groshandel\/#primaryimage\"},\"image\":{\"@id\":\"https:\/\/global-hookah.com\/de\/produkt\/premium-pilot-wasserpfeife-groshandel\/#primaryimage\"},\"thumbnailUrl\":\"https:\/\/global-hookah.com\/wp-content\/uploads\/2024\/04\/kf-S633292024ad845a0bd326284bd51fe72Y-Hookah-Set-Hookahs-Premium-Pilot-Hookah-With-Complete-Hookah-Accessories-QiQiCi-Explore-Style-Shisha-Hooka-With.webp\",\"datePublished\":\"2024-04-25T03:46:23+00:00\",\"dateModified\":\"2024-04-25T05:00:11+00:00\",\"breadcrumb\":{\"@id\":\"https:\/\/global-hookah.com\/de\/produkt\/premium-pilot-wasserpfeife-groshandel\/#breadcrumb\"},\"inLanguage\":\"es\",\"potentialAction\":[{\"@type\":\"ReadAction\",\"target\":[\"https:\/\/global-hookah.com\/de\/produkt\/premium-pilot-wasserpfeife-groshandel\/\"]}]},{\"@type\":\"ImageObject\",\"inLanguage\":\"es\",\"@id\":\"https:\/\/global-hookah.com\/de\/produkt\/premium-pilot-wasserpfeife-groshandel\/#primaryimage\",\"url\":\"https:\/\/global-hookah.com\/wp-content\/uploads\/2024\/04\/kf-S633292024ad845a0bd326284bd51fe72Y-Hookah-Set-Hookahs-Premium-Pilot-Hookah-With-Complete-Hookah-Accessories-QiQiCi-Explore-Style-Shisha-Hooka-With.webp\",\"contentUrl\":\"https:\/\/global-hookah.com\/wp-content\/uploads\/2024\/04\/kf-S633292024ad845a0bd326284bd51fe72Y-Hookah-Set-Hookahs-Premium-Pilot-Hookah-With-Complete-Hookah-Accessories-QiQiCi-Explore-Style-Shisha-Hooka-With.webp\",\"width\":1000,\"height\":1000,\"caption\":\"Premium Pilot Hookah Wholesale\"},{\"@type\":\"BreadcrumbList\",\"@id\":\"https:\/\/global-hookah.com\/de\/produkt\/premium-pilot-wasserpfeife-groshandel\/#breadcrumb\",\"itemListElement\":[{\"@type\":\"ListItem\",\"position\":1,\"name\":\"Home\",\"item\":\"https:\/\/global-hookah.com\/\"},{\"@type\":\"ListItem\",\"position\":2,\"name\":\"Shop\",\"item\":\"https:\/\/global-hookah.com\/shop\/\"},{\"@type\":\"ListItem\",\"position\":3,\"name\":\"Premium Pilot Hookah Wholesale\"}]},{\"@type\":\"WebSite\",\"@id\":\"https:\/\/global-hookah.com\/#website\",\"url\":\"https:\/\/global-hookah.com\/\",\"name\":\"Global Hookah\",\"description\":\"Global Hookah\",\"publisher\":{\"@id\":\"https:\/\/global-hookah.com\/#organization\"},\"potentialAction\":[{\"@type\":\"SearchAction\",\"target\":{\"@type\":\"EntryPoint\",\"urlTemplate\":\"https:\/\/global-hookah.com\/?s={search_term_string}\"},\"query-input\":{\"@type\":\"PropertyValueSpecification\",\"valueRequired\":true,\"valueName\":\"search_term_string\"}}],\"inLanguage\":\"es\"},{\"@type\":\"Organization\",\"@id\":\"https:\/\/global-hookah.com\/#organization\",\"name\":\"Global Hookah\",\"url\":\"https:\/\/global-hookah.com\/\",\"logo\":{\"@type\":\"ImageObject\",\"inLanguage\":\"es\",\"@id\":\"https:\/\/global-hookah.com\/#\/schema\/logo\/image\/\",\"url\":\"https:\/\/global-hookah.com\/wp-content\/uploads\/2021\/10\/cropped-fgg.png\",\"contentUrl\":\"https:\/\/global-hookah.com\/wp-content\/uploads\/2021\/10\/cropped-fgg.png\",\"width\":512,\"height\":512,\"caption\":\"Global Hookah\"},\"image\":{\"@id\":\"https:\/\/global-hookah.com\/#\/schema\/logo\/image\/\"}}]}<\/script>\n<!-- \/ Yoast SEO Premium plugin. -->","yoast_head_json":{"title":"Hookah Piloto Premium al por mayor - Global Hookah","robots":{"index":"index","follow":"follow","max-snippet":"max-snippet:-1","max-image-preview":"max-image-preview:large","max-video-preview":"max-video-preview:-1"},"canonical":"https:\/\/global-hookah.com\/es\/produkt\/premium-pilot-wasserpfeife-groshandel\/","og_locale":"es_ES","og_type":"article","og_title":"Premium Pilot Hookah Wholesale","og_description":"Model Number:\u00a0QC2307004 Shape:\u00a0Straight Type Material:\u00a0aluminium alloy Origin:\u00a0Mainland China Version:\u00a0PolitRE4 Material:\u00a0Acrylic&amp;Aluminium alloy Battery request:\u00a03 AAA &amp; 1 2025 or 1220","og_url":"https:\/\/global-hookah.com\/es\/produkt\/premium-pilot-wasserpfeife-groshandel\/","og_site_name":"Global Hookah","article_modified_time":"2024-04-25T05:00:11+00:00","og_image":[{"width":1000,"height":1000,"url":"https:\/\/global-hookah.com\/wp-content\/uploads\/2024\/04\/kf-S633292024ad845a0bd326284bd51fe72Y-Hookah-Set-Hookahs-Premium-Pilot-Hookah-With-Complete-Hookah-Accessories-QiQiCi-Explore-Style-Shisha-Hooka-With.webp","type":"image\/webp"}],"twitter_card":"summary_large_image","twitter_misc":{"Tiempo de lectura":"2 minutos"},"schema":{"@context":"https:\/\/schema.org","@graph":[{"@type":"WebPage","@id":"https:\/\/global-hookah.com\/de\/produkt\/premium-pilot-wasserpfeife-groshandel\/","url":"https:\/\/global-hookah.com\/de\/produkt\/premium-pilot-wasserpfeife-groshandel\/","name":"Hookah Piloto Premium al por mayor - Global Hookah","isPartOf":{"@id":"https:\/\/global-hookah.com\/#website"},"primaryImageOfPage":{"@id":"https:\/\/global-hookah.com\/de\/produkt\/premium-pilot-wasserpfeife-groshandel\/#primaryimage"},"image":{"@id":"https:\/\/global-hookah.com\/de\/produkt\/premium-pilot-wasserpfeife-groshandel\/#primaryimage"},"thumbnailUrl":"https:\/\/global-hookah.com\/wp-content\/uploads\/2024\/04\/kf-S633292024ad845a0bd326284bd51fe72Y-Hookah-Set-Hookahs-Premium-Pilot-Hookah-With-Complete-Hookah-Accessories-QiQiCi-Explore-Style-Shisha-Hooka-With.webp","datePublished":"2024-04-25T03:46:23+00:00","dateModified":"2024-04-25T05:00:11+00:00","breadcrumb":{"@id":"https:\/\/global-hookah.com\/de\/produkt\/premium-pilot-wasserpfeife-groshandel\/#breadcrumb"},"inLanguage":"es","potentialAction":[{"@type":"ReadAction","target":["https:\/\/global-hookah.com\/de\/produkt\/premium-pilot-wasserpfeife-groshandel\/"]}]},{"@type":"ImageObject","inLanguage":"es","@id":"https:\/\/global-hookah.com\/de\/produkt\/premium-pilot-wasserpfeife-groshandel\/#primaryimage","url":"https:\/\/global-hookah.com\/wp-content\/uploads\/2024\/04\/kf-S633292024ad845a0bd326284bd51fe72Y-Hookah-Set-Hookahs-Premium-Pilot-Hookah-With-Complete-Hookah-Accessories-QiQiCi-Explore-Style-Shisha-Hooka-With.webp","contentUrl":"https:\/\/global-hookah.com\/wp-content\/uploads\/2024\/04\/kf-S633292024ad845a0bd326284bd51fe72Y-Hookah-Set-Hookahs-Premium-Pilot-Hookah-With-Complete-Hookah-Accessories-QiQiCi-Explore-Style-Shisha-Hooka-With.webp","width":1000,"height":1000,"caption":"Premium Pilot Hookah Wholesale"},{"@type":"BreadcrumbList","@id":"https:\/\/global-hookah.com\/de\/produkt\/premium-pilot-wasserpfeife-groshandel\/#breadcrumb","itemListElement":[{"@type":"ListItem","position":1,"name":"Home","item":"https:\/\/global-hookah.com\/"},{"@type":"ListItem","position":2,"name":"Shop","item":"https:\/\/global-hookah.com\/shop\/"},{"@type":"ListItem","position":3,"name":"Premium Pilot Hookah Wholesale"}]},{"@type":"WebSite","@id":"https:\/\/global-hookah.com\/#website","url":"https:\/\/global-hookah.com\/","name":"Global Hookah","description":"Global Hookah","publisher":{"@id":"https:\/\/global-hookah.com\/#organization"},"potentialAction":[{"@type":"SearchAction","target":{"@type":"EntryPoint","urlTemplate":"https:\/\/global-hookah.com\/?s={search_term_string}"},"query-input":{"@type":"PropertyValueSpecification","valueRequired":true,"valueName":"search_term_string"}}],"inLanguage":"es"},{"@type":"Organization","@id":"https:\/\/global-hookah.com\/#organization","name":"Global Hookah","url":"https:\/\/global-hookah.com\/","logo":{"@type":"ImageObject","inLanguage":"es","@id":"https:\/\/global-hookah.com\/#\/schema\/logo\/image\/","url":"https:\/\/global-hookah.com\/wp-content\/uploads\/2021\/10\/cropped-fgg.png","contentUrl":"https:\/\/global-hookah.com\/wp-content\/uploads\/2021\/10\/cropped-fgg.png","width":512,"height":512,"caption":"Global Hookah"},"image":{"@id":"https:\/\/global-hookah.com\/#\/schema\/logo\/image\/"}}]}},"_links":{"self":[{"href":"https:\/\/global-hookah.com\/es\/wp-json\/wp\/v2\/product\/21604","targetHints":{"allow":["GET"]}}],"collection":[{"href":"https:\/\/global-hookah.com\/es\/wp-json\/wp\/v2\/product"}],"about":[{"href":"https:\/\/global-hookah.com\/es\/wp-json\/wp\/v2\/types\/product"}],"replies":[{"embeddable":true,"href":"https:\/\/global-hookah.com\/es\/wp-json\/wp\/v2\/comments?post=21604"}],"version-history":[{"count":0,"href":"https:\/\/global-hookah.com\/es\/wp-json\/wp\/v2\/product\/21604\/revisions"}],"wp:featuredmedia":[{"embeddable":true,"href":"https:\/\/global-hookah.com\/es\/wp-json\/wp\/v2\/media\/21605"}],"wp:attachment":[{"href":"https:\/\/global-hookah.com\/es\/wp-json\/wp\/v2\/media?parent=21604"}],"wp:term":[{"taxonomy":"product_brand","embeddable":true,"href":"https:\/\/global-hookah.com\/es\/wp-json\/wp\/v2\/product_brand?post=21604"},{"taxonomy":"product_cat","embeddable":true,"href":"https:\/\/global-hookah.com\/es\/wp-json\/wp\/v2\/product_cat?post=21604"},{"taxonomy":"product_tag","embeddable":true,"href":"https:\/\/global-hookah.com\/es\/wp-json\/wp\/v2\/product_tag?post=21604"}],"curies":[{"name":"wp","href":"https:\/\/api.w.org\/{rel}","templated":true}]}}